{"id":994,"date":"2023-08-17T11:53:19","date_gmt":"2023-08-17T08:53:19","guid":{"rendered":"https:\/\/mosaic.ee\/?page_id=994"},"modified":"2024-06-03T12:57:01","modified_gmt":"2024-06-03T09:57:01","slug":"lastpass","status":"publish","type":"page","link":"https:\/\/mosaic.ee\/et\/lastpass\/","title":{"rendered":"LastPass"},"content":{"rendered":"<div data-elementor-type=\"wp-page\" data-elementor-id=\"994\" class=\"elementor elementor-994\" data-elementor-post-type=\"page\">\n\t\t\t\t\t\t<section class=\"elementor-section elementor-top-section elementor-element elementor-element-3d154899 elementor-section-boxed elementor-section-height-default elementor-section-height-default\" data-id=\"3d154899\" data-element_type=\"section\" data-e-type=\"section\">\n\t\t\t\t\t\t<div class=\"elementor-container elementor-column-gap-default\">\n\t\t\t\t\t<div class=\"elementor-column elementor-col-100 elementor-top-column elementor-element elementor-element-197f90f7\" data-id=\"197f90f7\" data-element_type=\"column\" data-e-type=\"column\">\n\t\t\t<div class=\"elementor-widget-wrap elementor-element-populated\">\n\t\t\t\t\t\t<div class=\"elementor-element elementor-element-243de2fa elementor-widget elementor-widget-heading\" data-id=\"243de2fa\" data-element_type=\"widget\" data-e-type=\"widget\" data-widget_type=\"heading.default\">\n\t\t\t\t\t<h2 class=\"elementor-heading-title elementor-size-xl\">Lihtsustage oma paroolide haldamist LastPassiga Mosaicist <\/h2>\t\t\t\t<\/div>\n\t\t\t\t\t<\/div>\n\t\t<\/div>\n\t\t\t\t\t<\/div>\n\t\t<\/section>\n\t\t<div class=\"elementor-element elementor-element-424894bf e-flex e-con-boxed e-con e-parent\" data-id=\"424894bf\" data-element_type=\"container\" data-e-type=\"container\">\n\t\t\t\t\t<div class=\"e-con-inner\">\n\t\t\t\t<div class=\"elementor-element elementor-element-3a1d9690 elementor-widget elementor-widget-image\" data-id=\"3a1d9690\" data-element_type=\"widget\" data-e-type=\"widget\" data-widget_type=\"image.default\">\n\t\t\t\t\t\t\t\t\t\t\t\t\t\t\t<img fetchpriority=\"high\" decoding=\"async\" width=\"768\" height=\"650\" src=\"https:\/\/mosaic.ee\/wp-content\/uploads\/2023\/08\/vectorstock_45888629-768x650.png\" class=\"attachment-medium_large size-medium_large wp-image-997\" alt=\"\" srcset=\"https:\/\/mosaic.ee\/wp-content\/uploads\/2023\/08\/vectorstock_45888629-768x650.png 768w, https:\/\/mosaic.ee\/wp-content\/uploads\/2023\/08\/vectorstock_45888629-300x254.png 300w, https:\/\/mosaic.ee\/wp-content\/uploads\/2023\/08\/vectorstock_45888629-1024x866.png 1024w, https:\/\/mosaic.ee\/wp-content\/uploads\/2023\/08\/vectorstock_45888629-1536x1299.png 1536w, https:\/\/mosaic.ee\/wp-content\/uploads\/2023\/08\/vectorstock_45888629-2048x1733.png 2048w, https:\/\/mosaic.ee\/wp-content\/uploads\/2023\/08\/vectorstock_45888629-14x12.png 14w\" sizes=\"(max-width: 768px) 100vw, 768px\" \/>\t\t\t\t\t\t\t\t\t\t\t\t\t\t\t<\/div>\n\t\t\t\t\t<\/div>\n\t\t\t\t<\/div>\n\t\t<div class=\"elementor-element elementor-element-58fa95c2 e-flex e-con-boxed e-con e-parent\" data-id=\"58fa95c2\" data-element_type=\"container\" data-e-type=\"container\">\n\t\t\t\t\t<div class=\"e-con-inner\">\n\t\t\t\t<div class=\"elementor-element elementor-element-2bae9819 elementor-widget elementor-widget-heading\" data-id=\"2bae9819\" data-element_type=\"widget\" data-e-type=\"widget\" data-widget_type=\"heading.default\">\n\t\t\t\t\t<h2 class=\"elementor-heading-title elementor-size-large\">Miks LastPass tarkvara?<\/h2>\t\t\t\t<\/div>\n\t\t\t\t\t<\/div>\n\t\t\t\t<\/div>\n\t\t<div class=\"elementor-element elementor-element-7e2d92d0 e-flex e-con-boxed e-con e-parent\" data-id=\"7e2d92d0\" data-element_type=\"container\" data-e-type=\"container\">\n\t\t\t\t\t<div class=\"e-con-inner\">\n\t\t\t\t<div class=\"elementor-element elementor-element-3ad5815d elementor-widget elementor-widget-text-editor\" data-id=\"3ad5815d\" data-element_type=\"widget\" data-e-type=\"widget\" data-widget_type=\"text-editor.default\">\n\t\t\t\t\t\t\t\t\t<div><p><span lang=\"EN-GB\"><span style=\"color: #3366ff;\"><a style=\"color: #3366ff;\" href=\"https:\/\/www.lastpass.com\" target=\"_blank\" rel=\"noopener\">LastPass<\/a><\/span> on v\u00f5imas paroolihaldusvahend, mis lihtsustab igas suuruses ettev\u00f5tete sisselogimisprotsessi. LastPassiga saate paroole turvaliselt salvestada ja hallata, luua igale kontole unikaalseid paroole ja jagada juurdep\u00e4\u00e4su meeskonnaliikmetele vastavalt vajadusele. LastPassi on lihtne kasutada ning see on integreeritud teie lemmiklehitsejate ja -rakendustega, muutes selle oluliseks vahendiks tootlikkuse ja turvalisuse suurendamiseks.<\/span><\/p><\/div><div><p><span lang=\"EN-GB\">Siin on kolm peamist kasu <span style=\"color: #3366ff;\"><a style=\"color: #3366ff;\" href=\"https:\/\/www.lastpass.com\" target=\"_blank\" rel=\"noopener\">LastPass<\/a><\/span> paroolide haldamine:<\/span><\/p><\/div><div><ol><li><span lang=\"EN-GB\">Parem turvalisus: LastPass kaitseb teie paroole ja sisselogimisandmeid, tagades, et teie andmed on h\u00e4kkerite ja muude k\u00fcberohtude eest kaitstud. T\u00e4nu tugevale kr\u00fcpteerimisele ja mitmefaktorilise autentimise v\u00f5imalustele v\u00f5ite olla kindel, et teie kontod on kaitstud. <\/span><\/li><li><span lang=\"EN-GB\">Suurenenud tootlikkus: LastPass s\u00e4\u00e4stab aega, t\u00e4ites automaatselt teie eest sisselogimisandmed, k\u00f5rvaldades vajaduse j\u00e4tta meelde mitu parooli v\u00f5i sisestada need iga kord k\u00e4sitsi. See t\u00e4hendab, et saate keskenduda oma t\u00f6\u00f6le, mitte raisata aega sisselogimisandmete meelespidamisele.<\/span><\/li><li><span lang=\"EN-GB\">Lihtsustatud meeskonnat\u00f6\u00f6: LastPass v\u00f5imaldab teil h\u00f5lpsasti jagada paroole ja sisselogimisandmeid meeskonnaliikmetega, ilma et peaksite muretsema turvalisuse ohustamise p\u00e4rast. Samuti saate m\u00e4\u00e4rata rolle ja \u00f5igusi, et tagada, et meeskonnaliikmetel oleks juurdep\u00e4\u00e4s ainult neile vajalikule teabele.<\/span><\/li><\/ol><\/div>\t\t\t\t\t\t\t\t<\/div>\n\t\t\t\t\t<\/div>\n\t\t\t\t<\/div>\n\t\t\t\t<section class=\"elementor-section elementor-top-section elementor-element elementor-element-131da958 elementor-section-boxed elementor-section-height-default elementor-section-height-default\" data-id=\"131da958\" data-element_type=\"section\" data-e-type=\"section\">\n\t\t\t\t\t\t<div class=\"elementor-container elementor-column-gap-default\">\n\t\t\t\t\t<div class=\"elementor-column elementor-col-50 elementor-top-column elementor-element elementor-element-4b49d402\" data-id=\"4b49d402\" data-element_type=\"column\" data-e-type=\"column\">\n\t\t\t<div class=\"elementor-widget-wrap\">\n\t\t\t\t\t\t\t<\/div>\n\t\t<\/div>\n\t\t\t\t<div class=\"elementor-column elementor-col-50 elementor-top-column elementor-element elementor-element-5d7fef5d\" data-id=\"5d7fef5d\" data-element_type=\"column\" data-e-type=\"column\">\n\t\t\t<div class=\"elementor-widget-wrap elementor-element-populated\">\n\t\t\t\t\t\t<div class=\"elementor-element elementor-element-7dfd1e78 elementor-widget elementor-widget-image\" data-id=\"7dfd1e78\" data-element_type=\"widget\" data-e-type=\"widget\" data-widget_type=\"image.default\">\n\t\t\t\t\t\t\t\t\t\t\t\t\t\t\t\t<a href=\"https:\/\/www.lastpass.com\" target=\"_blank\" rel=\"noopener\">\n\t\t\t\t\t\t\t<img decoding=\"async\" width=\"300\" height=\"101\" src=\"https:\/\/mosaic.ee\/wp-content\/uploads\/2023\/07\/LMI_LastPass_NE_Red_HEX-9-300x101.png\" class=\"attachment-medium size-medium wp-image-374\" alt=\"\" srcset=\"https:\/\/mosaic.ee\/wp-content\/uploads\/2023\/07\/LMI_LastPass_NE_Red_HEX-9-300x101.png 300w, https:\/\/mosaic.ee\/wp-content\/uploads\/2023\/07\/LMI_LastPass_NE_Red_HEX-9-768x260.png 768w, https:\/\/mosaic.ee\/wp-content\/uploads\/2023\/07\/LMI_LastPass_NE_Red_HEX-9.png 861w\" sizes=\"(max-width: 300px) 100vw, 300px\" \/>\t\t\t\t\t\t\t\t<\/a>\n\t\t\t\t\t\t\t\t\t\t\t\t\t\t\t<\/div>\n\t\t\t\t\t<\/div>\n\t\t<\/div>\n\t\t\t\t\t<\/div>\n\t\t<\/section>\n\t\t<div class=\"elementor-element elementor-element-6317a883 e-flex e-con-boxed e-con e-parent\" data-id=\"6317a883\" data-element_type=\"container\" data-e-type=\"container\">\n\t\t\t\t\t<div class=\"e-con-inner\">\n\t\t\t\t<div class=\"elementor-element elementor-element-2657f423 elementor-widget elementor-widget-heading\" data-id=\"2657f423\" data-element_type=\"widget\" data-e-type=\"widget\" data-widget_type=\"heading.default\">\n\t\t\t\t\t<h2 class=\"elementor-heading-title elementor-size-large\">Miks osta LastPassi Mosaicilt?<\/h2>\t\t\t\t<\/div>\n\t\t\t\t\t<\/div>\n\t\t\t\t<\/div>\n\t\t<div class=\"elementor-element elementor-element-72957c4d e-flex e-con-boxed e-con e-parent\" data-id=\"72957c4d\" data-element_type=\"container\" data-e-type=\"container\">\n\t\t\t\t\t<div class=\"e-con-inner\">\n\t\t\t\t<div class=\"elementor-element elementor-element-4e07cd5f elementor-widget elementor-widget-text-editor\" data-id=\"4e07cd5f\" data-element_type=\"widget\" data-e-type=\"widget\" data-widget_type=\"text-editor.default\">\n\t\t\t\t\t\t\t\t\t<div><p><span lang=\"EN-GB\">Mosaic on LastPassi volitatud edasim\u00fc\u00fcja ja meie ekspertide meeskond aitab teil LastPassi teie ettev\u00f5ttes kasutusele v\u00f5tta. Pakume kohandatud lahendusi, mis vastavad teie konkreetsetele paroolihaldusvajadustele, olenemata sellest, kas teil on vaja hallata paroole v\u00e4ikese meeskonna v\u00f5i suure organisatsiooni jaoks.<\/span><\/p><\/div><div><p><span lang=\"EN-GB\">LastPassi edasim\u00fc\u00fcjana on meil juurdep\u00e4\u00e4s uusimatele toodetele ja teenustele, mis tagab teile k\u00f5ige uuemad lahendused. Meie teadmised tarkvaralitsentside valdkonnas v\u00f5imaldavad meil pakkuda teie unikaalsetele \u00e4rivajadustele kohandatud lahendusi. Pakume ka kiireid hinnapakkumiste koostamise ja tarnimise teenuseid, tagades, et saate vajalikud lahendused kiiresti kasutusele v\u00f5tta.<\/span><\/p><\/div><div><p><span lang=\"EN-GB\">Mosaic on p\u00fchendunud sellele, et pakkuda oma klientidele parimaid v\u00f5imalikke pakkumisi. LastPassi volitatud edasim\u00fc\u00fcjana pakume konkurentsiv\u00f5imelisi hindu k\u00f5ikidele LastPassi toodetele ja teenustele. V\u00f5tke meiega juba t\u00e4na \u00fchendust, et saada rohkem teavet LastPassi paroolihalduslahenduste kohta ja selle kohta, kuidas me saame aidata teie ettev\u00f5tte paroolihaldust t\u00e4iustada.<\/span><\/p><\/div>\t\t\t\t\t\t\t\t<\/div>\n\t\t\t\t\t<\/div>\n\t\t\t\t<\/div>\n\t\t\t\t<section class=\"elementor-section elementor-top-section elementor-element elementor-element-5b9f4c77 elementor-section-boxed elementor-section-height-default elementor-section-height-default\" data-id=\"5b9f4c77\" data-element_type=\"section\" data-e-type=\"section\">\n\t\t\t\t\t\t<div class=\"elementor-container elementor-column-gap-default\">\n\t\t\t\t\t<div class=\"elementor-column elementor-col-50 elementor-top-column elementor-element elementor-element-63f7df91\" data-id=\"63f7df91\" data-element_type=\"column\" data-e-type=\"column\">\n\t\t\t<div class=\"elementor-widget-wrap\">\n\t\t\t\t\t\t\t<\/div>\n\t\t<\/div>\n\t\t\t\t<div class=\"elementor-column elementor-col-50 elementor-top-column elementor-element elementor-element-cad4535\" data-id=\"cad4535\" data-element_type=\"column\" data-e-type=\"column\">\n\t\t\t<div class=\"elementor-widget-wrap elementor-element-populated\">\n\t\t\t\t\t\t<div class=\"elementor-element elementor-element-53e61c88 elementor-widget elementor-widget-image\" data-id=\"53e61c88\" data-element_type=\"widget\" data-e-type=\"widget\" data-widget_type=\"image.default\">\n\t\t\t\t\t\t\t\t\t\t\t\t\t\t\t\t<a href=\"https:\/\/www.lastpass.com\" target=\"_blank\" rel=\"noopener\">\n\t\t\t\t\t\t\t<img decoding=\"async\" width=\"800\" height=\"270\" src=\"https:\/\/mosaic.ee\/wp-content\/uploads\/2023\/07\/LMI_LastPass_NE_Red_HEX-9.png\" class=\"attachment-large size-large wp-image-374\" alt=\"\" srcset=\"https:\/\/mosaic.ee\/wp-content\/uploads\/2023\/07\/LMI_LastPass_NE_Red_HEX-9.png 861w, https:\/\/mosaic.ee\/wp-content\/uploads\/2023\/07\/LMI_LastPass_NE_Red_HEX-9-300x101.png 300w, https:\/\/mosaic.ee\/wp-content\/uploads\/2023\/07\/LMI_LastPass_NE_Red_HEX-9-768x260.png 768w\" sizes=\"(max-width: 800px) 100vw, 800px\" \/>\t\t\t\t\t\t\t\t<\/a>\n\t\t\t\t\t\t\t\t\t\t\t\t\t\t\t<\/div>\n\t\t\t\t\t<\/div>\n\t\t<\/div>\n\t\t\t\t\t<\/div>\n\t\t<\/section>\n\t\t\t\t<\/div>","protected":false},"excerpt":{"rendered":"<p>Streamline Your Password Management with LastPass from Mosaic Why LastPass Software? LastPass is a powerful password management tool that streamlines the login process for businesses of all sizes. With LastPass, you can securely store and manage passwords, generate unique passwords for each account, and share access with team members as needed. LastPass is easy to [&hellip;]<\/p>\n","protected":false},"author":1,"featured_media":0,"parent":0,"menu_order":0,"comment_status":"closed","ping_status":"closed","template":"","meta":{"content-type":"","footnotes":""},"class_list":["post-994","page","type-page","status-publish","hentry"],"_links":{"self":[{"href":"https:\/\/mosaic.ee\/et\/wp-json\/wp\/v2\/pages\/994","targetHints":{"allow":["GET"]}}],"collection":[{"href":"https:\/\/mosaic.ee\/et\/wp-json\/wp\/v2\/pages"}],"about":[{"href":"https:\/\/mosaic.ee\/et\/wp-json\/wp\/v2\/types\/page"}],"author":[{"embeddable":true,"href":"https:\/\/mosaic.ee\/et\/wp-json\/wp\/v2\/users\/1"}],"replies":[{"embeddable":true,"href":"https:\/\/mosaic.ee\/et\/wp-json\/wp\/v2\/comments?post=994"}],"version-history":[{"count":7,"href":"https:\/\/mosaic.ee\/et\/wp-json\/wp\/v2\/pages\/994\/revisions"}],"predecessor-version":[{"id":1606,"href":"https:\/\/mosaic.ee\/et\/wp-json\/wp\/v2\/pages\/994\/revisions\/1606"}],"wp:attachment":[{"href":"https:\/\/mosaic.ee\/et\/wp-json\/wp\/v2\/media?parent=994"}],"curies":[{"name":"wp","href":"https:\/\/api.w.org\/{rel}","templated":true}]}}