{"id":963,"date":"2023-08-16T17:00:13","date_gmt":"2023-08-16T14:00:13","guid":{"rendered":"https:\/\/mosaic.ee\/?page_id=963"},"modified":"2024-06-03T14:09:10","modified_gmt":"2024-06-03T11:09:10","slug":"navori","status":"publish","type":"page","link":"https:\/\/mosaic.ee\/et\/navori\/","title":{"rendered":"Navori"},"content":{"rendered":"<div data-elementor-type=\"wp-page\" data-elementor-id=\"963\" class=\"elementor elementor-963\" data-elementor-post-type=\"page\">\n\t\t\t\t\t\t<section class=\"elementor-section elementor-top-section elementor-element elementor-element-34cf37da elementor-section-boxed elementor-section-height-default elementor-section-height-default\" data-id=\"34cf37da\" data-element_type=\"section\" data-e-type=\"section\">\n\t\t\t\t\t\t<div class=\"elementor-container elementor-column-gap-default\">\n\t\t\t\t\t<div class=\"elementor-column elementor-col-100 elementor-top-column elementor-element elementor-element-73dadf29\" data-id=\"73dadf29\" data-element_type=\"column\" data-e-type=\"column\">\n\t\t\t<div class=\"elementor-widget-wrap elementor-element-populated\">\n\t\t\t\t\t\t<div class=\"elementor-element elementor-element-7aa4dccd elementor-widget elementor-widget-heading\" data-id=\"7aa4dccd\" data-element_type=\"widget\" data-e-type=\"widget\" data-widget_type=\"heading.default\">\n\t\t\t\t\t<h2 class=\"elementor-heading-title elementor-size-xl\">Muutke oma digitaalset reklaami Mosaic Navori abil <\/h2>\t\t\t\t<\/div>\n\t\t\t\t\t<\/div>\n\t\t<\/div>\n\t\t\t\t\t<\/div>\n\t\t<\/section>\n\t\t<div class=\"elementor-element elementor-element-7256689f e-flex e-con-boxed e-con e-parent\" data-id=\"7256689f\" data-element_type=\"container\" data-e-type=\"container\">\n\t\t\t\t\t<div class=\"e-con-inner\">\n\t\t\t\t<div class=\"elementor-element elementor-element-606e21a8 elementor-widget elementor-widget-image\" data-id=\"606e21a8\" data-element_type=\"widget\" data-e-type=\"widget\" data-widget_type=\"image.default\">\n\t\t\t\t\t\t\t\t\t\t\t\t\t\t\t<img fetchpriority=\"high\" decoding=\"async\" width=\"768\" height=\"292\" src=\"https:\/\/mosaic.ee\/wp-content\/uploads\/2023\/08\/vectorstock_38022746_transparent-768x292.png\" class=\"attachment-medium_large size-medium_large wp-image-966\" alt=\"\" srcset=\"https:\/\/mosaic.ee\/wp-content\/uploads\/2023\/08\/vectorstock_38022746_transparent-768x292.png 768w, https:\/\/mosaic.ee\/wp-content\/uploads\/2023\/08\/vectorstock_38022746_transparent-300x114.png 300w, https:\/\/mosaic.ee\/wp-content\/uploads\/2023\/08\/vectorstock_38022746_transparent-1024x390.png 1024w, https:\/\/mosaic.ee\/wp-content\/uploads\/2023\/08\/vectorstock_38022746_transparent-1536x585.png 1536w, https:\/\/mosaic.ee\/wp-content\/uploads\/2023\/08\/vectorstock_38022746_transparent-2048x780.png 2048w, https:\/\/mosaic.ee\/wp-content\/uploads\/2023\/08\/vectorstock_38022746_transparent-18x7.png 18w\" sizes=\"(max-width: 768px) 100vw, 768px\" \/>\t\t\t\t\t\t\t\t\t\t\t\t\t\t\t<\/div>\n\t\t\t\t\t<\/div>\n\t\t\t\t<\/div>\n\t\t<div class=\"elementor-element elementor-element-6a7c9db8 e-flex e-con-boxed e-con e-parent\" data-id=\"6a7c9db8\" data-element_type=\"container\" data-e-type=\"container\">\n\t\t\t\t\t<div class=\"e-con-inner\">\n\t\t\t\t<div class=\"elementor-element elementor-element-63d8a992 elementor-widget elementor-widget-heading\" data-id=\"63d8a992\" data-element_type=\"widget\" data-e-type=\"widget\" data-widget_type=\"heading.default\">\n\t\t\t\t\t<h2 class=\"elementor-heading-title elementor-size-large\">Miks Navori tarkvara?<\/h2>\t\t\t\t<\/div>\n\t\t\t\t\t<\/div>\n\t\t\t\t<\/div>\n\t\t<div class=\"elementor-element elementor-element-48876c91 e-flex e-con-boxed e-con e-parent\" data-id=\"48876c91\" data-element_type=\"container\" data-e-type=\"container\">\n\t\t\t\t\t<div class=\"e-con-inner\">\n\t\t\t\t<div class=\"elementor-element elementor-element-5c9921e elementor-widget elementor-widget-text-editor\" data-id=\"5c9921e\" data-element_type=\"widget\" data-e-type=\"widget\" data-widget_type=\"text-editor.default\">\n\t\t\t\t\t\t\t\t\t<div><p><span lang=\"EN-GB\"><span style=\"color: #3366ff;\"><a style=\"color: #3366ff;\" href=\"https:\/\/navori.com\" target=\"_blank\" rel=\"noopener\">Navori<\/a><\/span> on v\u00f5imas digitaalreklaamide tarkvaralahendus, mis v\u00f5imaldab ettev\u00f5tetel h\u00f5lpsasti luua ja hallata oma digiekraane. Kas soovite tooteid esitleda, \u00fcritusi reklaamida v\u00f5i pakkuda klientidele v\u00e4\u00e4rtuslikku teavet, Navori aitab teil oma digitaalset reklaami \u00fcmber kujundada.<\/span><\/p><\/div><div><p><span lang=\"EN-GB\">Navori abil saate h\u00f5lpsasti hallata oma sisu, planeerida oma kuvamist ja j\u00e4lgida oma tulemuslikkust. Navori pakub mitmesuguseid funktsioone ja vahendeid, sealhulgas reaalajas andmete integreerimist, mitmeformaadilise sisu tuge ja interaktiivseid puuteekraanide v\u00f5imalusi. Lisaks v\u00f5imaldab Navori pilvep\u00f5hine lahendus hallata oma kuvarid igal pool ja igal ajal.<\/span><\/p><\/div><div><p><span lang=\"EN-GB\">Siin on kolm peamist kasu <span style=\"color: #3366ff;\"><a style=\"color: #3366ff;\" href=\"https:\/\/navori.com\" target=\"_blank\" rel=\"noopener\">Navori<\/a><\/span> digitaalsed sildid:<\/span><\/p><\/div><div><ol><li><span lang=\"EN-GB\">H\u00f5lmake oma publikut: Navori abil saate luua d\u00fcnaamilist ja kaasahaaravat sisu, mis k\u00f6idab teie publiku t\u00e4helepanu. Alates videoseintest kuni interaktiivsete ekraanideni pakub Navori mitmesuguseid vahendeid, mis v\u00f5imaldavad teil kohandada oma ekraane ja avaldada m\u00f5ju. <\/span><\/li><li><span lang=\"EN-GB\">\u00dchtlustage oma t\u00f6\u00f6voogu: Navori lihtsustab teie digisignaalide haldamist intuitiivse ja kasutajas\u00f5braliku kasutajaliidese abil. T\u00e4nu drag-and-drop-funktsioonile ja tsentraliseeritud armatuurlauale saate h\u00f5lpsasti hallata oma sisu ja planeerida oma kuvarid.<\/span><\/li><li><span lang=\"EN-GB\">M\u00f5\u00f5tke oma edu: Navori pakub v\u00f5imsaid anal\u00fc\u00fcsi- ja aruandlusvahendeid, mis v\u00f5imaldavad teil j\u00e4lgida oma digitaalsete viitade tulemuslikkust. T\u00e4nu reaalajas andmete integreerimisele ja kohandatavatele armatuurlaudadele saate v\u00e4\u00e4rtuslikku teavet oma publiku kaasamise kohta ja saate teha andmep\u00f5hiseid otsuseid.<\/span><\/li><\/ol><\/div>\t\t\t\t\t\t\t\t<\/div>\n\t\t\t\t\t<\/div>\n\t\t\t\t<\/div>\n\t\t\t\t<section class=\"elementor-section elementor-top-section elementor-element elementor-element-13f6e5f elementor-section-boxed elementor-section-height-default elementor-section-height-default\" data-id=\"13f6e5f\" data-element_type=\"section\" data-e-type=\"section\">\n\t\t\t\t\t\t<div class=\"elementor-container elementor-column-gap-default\">\n\t\t\t\t\t<div class=\"elementor-column elementor-col-50 elementor-top-column elementor-element elementor-element-1da417ed\" data-id=\"1da417ed\" data-element_type=\"column\" data-e-type=\"column\">\n\t\t\t<div class=\"elementor-widget-wrap\">\n\t\t\t\t\t\t\t<\/div>\n\t\t<\/div>\n\t\t\t\t<div class=\"elementor-column elementor-col-50 elementor-top-column elementor-element elementor-element-7d66257b\" data-id=\"7d66257b\" data-element_type=\"column\" data-e-type=\"column\">\n\t\t\t<div class=\"elementor-widget-wrap elementor-element-populated\">\n\t\t\t\t\t\t<div class=\"elementor-element elementor-element-1ee14b79 elementor-widget elementor-widget-image\" data-id=\"1ee14b79\" data-element_type=\"widget\" data-e-type=\"widget\" data-widget_type=\"image.default\">\n\t\t\t\t\t\t\t\t\t\t\t\t\t\t\t\t<a href=\"https:\/\/navori.com\" target=\"_blank\" rel=\"noopener\">\n\t\t\t\t\t\t\t<img decoding=\"async\" width=\"300\" height=\"63\" src=\"https:\/\/mosaic.ee\/wp-content\/uploads\/2023\/07\/Logo-Navori-Black-002-002-300x63.png\" class=\"attachment-medium size-medium wp-image-377\" alt=\"\" srcset=\"https:\/\/mosaic.ee\/wp-content\/uploads\/2023\/07\/Logo-Navori-Black-002-002-300x63.png 300w, https:\/\/mosaic.ee\/wp-content\/uploads\/2023\/07\/Logo-Navori-Black-002-002-768x160.png 768w, https:\/\/mosaic.ee\/wp-content\/uploads\/2023\/07\/Logo-Navori-Black-002-002.png 800w\" sizes=\"(max-width: 300px) 100vw, 300px\" \/>\t\t\t\t\t\t\t\t<\/a>\n\t\t\t\t\t\t\t\t\t\t\t\t\t\t\t<\/div>\n\t\t\t\t\t<\/div>\n\t\t<\/div>\n\t\t\t\t\t<\/div>\n\t\t<\/section>\n\t\t<div class=\"elementor-element elementor-element-5dcc1227 e-flex e-con-boxed e-con e-parent\" data-id=\"5dcc1227\" data-element_type=\"container\" data-e-type=\"container\">\n\t\t\t\t\t<div class=\"e-con-inner\">\n\t\t\t\t<div class=\"elementor-element elementor-element-6b18611a elementor-widget elementor-widget-heading\" data-id=\"6b18611a\" data-element_type=\"widget\" data-e-type=\"widget\" data-widget_type=\"heading.default\">\n\t\t\t\t\t<h2 class=\"elementor-heading-title elementor-size-large\">Miks osta Navori Mosaicilt?<\/h2>\t\t\t\t<\/div>\n\t\t\t\t\t<\/div>\n\t\t\t\t<\/div>\n\t\t<div class=\"elementor-element elementor-element-3f260808 e-flex e-con-boxed e-con e-parent\" data-id=\"3f260808\" data-element_type=\"container\" data-e-type=\"container\">\n\t\t\t\t\t<div class=\"e-con-inner\">\n\t\t\t\t<div class=\"elementor-element elementor-element-7b4ab0b3 elementor-widget elementor-widget-text-editor\" data-id=\"7b4ab0b3\" data-element_type=\"widget\" data-e-type=\"widget\" data-widget_type=\"text-editor.default\">\n\t\t\t\t\t\t\t\t\t<div><p><span lang=\"EN-GB\">Mosaic on usaldusv\u00e4\u00e4rne partner ja volitatud edasim\u00fc\u00fcja Navori digitaalsetele kuvarilahendustele. Meie ekspertide meeskond aitab teil projekteerida ja rakendada teie ettev\u00f5tte jaoks t\u00e4iuslikku digilevialahendust, olenemata teie t\u00f6\u00f6stusharust v\u00f5i kasutusviisist.<\/span><\/p><\/div><div><p><span lang=\"EN-GB\">Navori volitatud edasim\u00fc\u00fcjana on meil juurdep\u00e4\u00e4s uusimatele toodetele ja teenustele, mis tagab teile k\u00f5ige ajakohasemad lahendused. Lisaks sellele v\u00f5imaldab meie tarkvaralitsentside alane asjatundlikkus pakkuda kohandatud lahendusi teie unikaalsetele \u00e4rivajadustele. Oleme uhked kiire hinnapakkumiste koostamise ja tarnimise teenuse \u00fcle, mis tagab, et saate kiiresti rakendada vajalikud lahendused.<\/span><\/p><\/div><div><p><span lang=\"EN-GB\">Mosaic on p\u00fchendunud sellele, et pakkuda oma klientidele parimaid v\u00f5imalikke pakkumisi. Navori volitatud edasim\u00fc\u00fcjana pakume konkurentsiv\u00f5imelisi hindu k\u00f5ikidele Navori toodetele ja teenustele. V\u00f5tke meiega juba t\u00e4na \u00fchendust, et saada rohkem teavet meie Navori digitaalsete kuvarite lahenduste kohta ja selle kohta, kuidas me saame aidata teil oma kuvarid \u00fcmber kujundada.<\/span><\/p><\/div>\t\t\t\t\t\t\t\t<\/div>\n\t\t\t\t\t<\/div>\n\t\t\t\t<\/div>\n\t\t\t\t<section class=\"elementor-section elementor-top-section elementor-element elementor-element-492e63fa elementor-section-boxed elementor-section-height-default elementor-section-height-default\" data-id=\"492e63fa\" data-element_type=\"section\" data-e-type=\"section\">\n\t\t\t\t\t\t<div class=\"elementor-container elementor-column-gap-default\">\n\t\t\t\t\t<div class=\"elementor-column elementor-col-50 elementor-top-column elementor-element elementor-element-142df070\" data-id=\"142df070\" data-element_type=\"column\" data-e-type=\"column\">\n\t\t\t<div class=\"elementor-widget-wrap\">\n\t\t\t\t\t\t\t<\/div>\n\t\t<\/div>\n\t\t\t\t<div class=\"elementor-column elementor-col-50 elementor-top-column elementor-element elementor-element-7142968d\" data-id=\"7142968d\" data-element_type=\"column\" data-e-type=\"column\">\n\t\t\t<div class=\"elementor-widget-wrap elementor-element-populated\">\n\t\t\t\t\t\t<div class=\"elementor-element elementor-element-16edb203 elementor-widget elementor-widget-image\" data-id=\"16edb203\" data-element_type=\"widget\" data-e-type=\"widget\" data-widget_type=\"image.default\">\n\t\t\t\t\t\t\t\t\t\t\t\t\t\t\t\t<a href=\"https:\/\/navori.com\" target=\"_blank\" rel=\"noopener\">\n\t\t\t\t\t\t\t<img decoding=\"async\" width=\"800\" height=\"167\" src=\"https:\/\/mosaic.ee\/wp-content\/uploads\/2023\/07\/Logo-Navori-Black-002-002.png\" class=\"attachment-large size-large wp-image-377\" alt=\"\" srcset=\"https:\/\/mosaic.ee\/wp-content\/uploads\/2023\/07\/Logo-Navori-Black-002-002.png 800w, https:\/\/mosaic.ee\/wp-content\/uploads\/2023\/07\/Logo-Navori-Black-002-002-300x63.png 300w, https:\/\/mosaic.ee\/wp-content\/uploads\/2023\/07\/Logo-Navori-Black-002-002-768x160.png 768w\" sizes=\"(max-width: 800px) 100vw, 800px\" \/>\t\t\t\t\t\t\t\t<\/a>\n\t\t\t\t\t\t\t\t\t\t\t\t\t\t\t<\/div>\n\t\t\t\t\t<\/div>\n\t\t<\/div>\n\t\t\t\t\t<\/div>\n\t\t<\/section>\n\t\t\t\t<\/div>","protected":false},"excerpt":{"rendered":"<p>Transform Your Digital Signage with Navori from Mosaic Why Navori Software? Navori is a powerful digital signage software solution that enables businesses to create and manage their digital displays with ease. Whether you&#8217;re looking to showcase products, promote events, or provide valuable information to your customers, Navori can help you transform your digital signage. With [&hellip;]<\/p>\n","protected":false},"author":1,"featured_media":0,"parent":0,"menu_order":0,"comment_status":"closed","ping_status":"closed","template":"","meta":{"content-type":"","footnotes":""},"class_list":["post-963","page","type-page","status-publish","hentry"],"_links":{"self":[{"href":"https:\/\/mosaic.ee\/et\/wp-json\/wp\/v2\/pages\/963","targetHints":{"allow":["GET"]}}],"collection":[{"href":"https:\/\/mosaic.ee\/et\/wp-json\/wp\/v2\/pages"}],"about":[{"href":"https:\/\/mosaic.ee\/et\/wp-json\/wp\/v2\/types\/page"}],"author":[{"embeddable":true,"href":"https:\/\/mosaic.ee\/et\/wp-json\/wp\/v2\/users\/1"}],"replies":[{"embeddable":true,"href":"https:\/\/mosaic.ee\/et\/wp-json\/wp\/v2\/comments?post=963"}],"version-history":[{"count":7,"href":"https:\/\/mosaic.ee\/et\/wp-json\/wp\/v2\/pages\/963\/revisions"}],"predecessor-version":[{"id":1615,"href":"https:\/\/mosaic.ee\/et\/wp-json\/wp\/v2\/pages\/963\/revisions\/1615"}],"wp:attachment":[{"href":"https:\/\/mosaic.ee\/et\/wp-json\/wp\/v2\/media?parent=963"}],"curies":[{"name":"wp","href":"https:\/\/api.w.org\/{rel}","templated":true}]}}