{"id":935,"date":"2023-08-16T16:33:27","date_gmt":"2023-08-16T13:33:27","guid":{"rendered":"https:\/\/mosaic.ee\/?page_id=935"},"modified":"2024-06-03T12:43:15","modified_gmt":"2024-06-03T09:43:15","slug":"uhtsus","status":"publish","type":"page","link":"https:\/\/mosaic.ee\/et\/unity\/","title":{"rendered":"Unity"},"content":{"rendered":"<div data-elementor-type=\"wp-page\" data-elementor-id=\"935\" class=\"elementor elementor-935\" data-elementor-post-type=\"page\">\n\t\t\t\t\t\t<section class=\"elementor-section elementor-top-section elementor-element elementor-element-4b77bbc8 elementor-section-boxed elementor-section-height-default elementor-section-height-default\" data-id=\"4b77bbc8\" data-element_type=\"section\" data-e-type=\"section\">\n\t\t\t\t\t\t<div class=\"elementor-container elementor-column-gap-default\">\n\t\t\t\t\t<div class=\"elementor-column elementor-col-100 elementor-top-column elementor-element elementor-element-7bdec94f\" data-id=\"7bdec94f\" data-element_type=\"column\" data-e-type=\"column\">\n\t\t\t<div class=\"elementor-widget-wrap elementor-element-populated\">\n\t\t\t\t\t\t<div class=\"elementor-element elementor-element-4ff503be elementor-widget elementor-widget-heading\" data-id=\"4ff503be\" data-element_type=\"widget\" data-e-type=\"widget\" data-widget_type=\"heading.default\">\n\t\t\t\t\t<h2 class=\"elementor-heading-title elementor-size-xl\">V\u00f5imaldage oma loovust Mosaici Unity tarkvaralahendustega <\/h2>\t\t\t\t<\/div>\n\t\t\t\t\t<\/div>\n\t\t<\/div>\n\t\t\t\t\t<\/div>\n\t\t<\/section>\n\t\t<div class=\"elementor-element elementor-element-22988068 e-flex e-con-boxed e-con e-parent\" data-id=\"22988068\" data-element_type=\"container\" data-e-type=\"container\">\n\t\t\t\t\t<div class=\"e-con-inner\">\n\t\t\t\t<div class=\"elementor-element elementor-element-3f4a997b elementor-widget elementor-widget-image\" data-id=\"3f4a997b\" data-element_type=\"widget\" data-e-type=\"widget\" data-widget_type=\"image.default\">\n\t\t\t\t\t\t\t\t\t\t\t\t\t\t\t<img fetchpriority=\"high\" decoding=\"async\" width=\"768\" height=\"423\" src=\"https:\/\/mosaic.ee\/wp-content\/uploads\/2023\/08\/vectorstock_45734800_transparent-768x423.png\" class=\"attachment-medium_large size-medium_large wp-image-939\" alt=\"\" srcset=\"https:\/\/mosaic.ee\/wp-content\/uploads\/2023\/08\/vectorstock_45734800_transparent-768x423.png 768w, https:\/\/mosaic.ee\/wp-content\/uploads\/2023\/08\/vectorstock_45734800_transparent-300x165.png 300w, https:\/\/mosaic.ee\/wp-content\/uploads\/2023\/08\/vectorstock_45734800_transparent-1024x564.png 1024w, https:\/\/mosaic.ee\/wp-content\/uploads\/2023\/08\/vectorstock_45734800_transparent-1536x846.png 1536w, https:\/\/mosaic.ee\/wp-content\/uploads\/2023\/08\/vectorstock_45734800_transparent-2048x1128.png 2048w, https:\/\/mosaic.ee\/wp-content\/uploads\/2023\/08\/vectorstock_45734800_transparent-18x10.png 18w\" sizes=\"(max-width: 768px) 100vw, 768px\" \/>\t\t\t\t\t\t\t\t\t\t\t\t\t\t\t<\/div>\n\t\t\t\t\t<\/div>\n\t\t\t\t<\/div>\n\t\t<div class=\"elementor-element elementor-element-271551f7 e-flex e-con-boxed e-con e-parent\" data-id=\"271551f7\" data-element_type=\"container\" data-e-type=\"container\">\n\t\t\t\t\t<div class=\"e-con-inner\">\n\t\t\t\t<div class=\"elementor-element elementor-element-6cccf8f2 elementor-widget elementor-widget-heading\" data-id=\"6cccf8f2\" data-element_type=\"widget\" data-e-type=\"widget\" data-widget_type=\"heading.default\">\n\t\t\t\t\t<h2 class=\"elementor-heading-title elementor-size-large\">Miks Unity tarkvara?<\/h2>\t\t\t\t<\/div>\n\t\t\t\t\t<\/div>\n\t\t\t\t<\/div>\n\t\t<div class=\"elementor-element elementor-element-5ca57080 e-flex e-con-boxed e-con e-parent\" data-id=\"5ca57080\" data-element_type=\"container\" data-e-type=\"container\">\n\t\t\t\t\t<div class=\"e-con-inner\">\n\t\t\t\t<div class=\"elementor-element elementor-element-73a338ec elementor-widget elementor-widget-text-editor\" data-id=\"73a338ec\" data-element_type=\"widget\" data-e-type=\"widget\" data-widget_type=\"text-editor.default\">\n\t\t\t\t\t\t\t\t\t<div><p><span lang=\"EN-GB\"><span style=\"color: #3366ff;\"><a style=\"color: #3366ff;\" href=\"https:\/\/unity.com\" target=\"_blank\" rel=\"noopener\">Unity<\/a><\/span> on juhtiv platvorm interaktiivse, reaalajas toimuva 3D-sisu loomiseks ja kasutamiseks. Unity tarkvaralahenduste abil saate luua oma publikule kaasahaaravaid kogemusi mitmel platvormil, sealhulgas mobiilseadmetes, lauaarvutites ja virtuaalreaalsuse peakomplektides.<\/span><\/p><\/div><div><p><span lang=\"EN-GB\">Unity tarkvarapakkumiste hulka kuuluvad Unity Pro, Unity Enterprise ja Unity Reflect, mis muudab selle oluliseks t\u00f6\u00f6riistaks ettev\u00f5tetele, kes soovivad luua oma klientidele kaasahaaravaid kogemusi. Unityga saate \u00fchtlustada oma t\u00f6\u00f6voogu, v\u00e4hendada tootmist\u00e4htaega ja l\u00f5ppkokkuv\u00f5ttes s\u00e4\u00e4sta kulusid.<\/span><\/p><\/div><div><p><span lang=\"EN-GB\">Siin on kolm peamist kasu <span style=\"color: #3366ff;\"><a style=\"color: #3366ff;\" href=\"https:\/\/unity.com\" target=\"_blank\" rel=\"noopener\">Unity<\/a><\/span> tarkvaralahendused:<\/span><\/p><\/div><div><ol><li><span lang=\"EN-GB\">V\u00f5imas j\u00f5udlus: Unity pakub v\u00f5imsaid tulemuslikkuse vahendeid, mis aitavad teil luua d\u00fcnaamilist, kvaliteetset sisu, mis kaasab teie publikut. Unity t\u00e4iustatud graafikamootori abil saate luua uimastavaid visuaalseid efekte, animatsioone ja simulatsioone, mis \u00e4ratavad teie ideed ellu. <\/span><\/li><li><span lang=\"EN-GB\">Platvormide\u00fclene \u00fchilduvus: Unity toetab mitut platvormi, sealhulgas mobiilseadmeid, lauaarvuteid ja virtuaalreaalsuse k\u00f5rvaklappe, mist\u00f5ttu on lihtne j\u00f5uda oma publikuni, kus iganes nad ka ei viibiks. Unityga saate luua \u00fcks kord ja kasutada k\u00f5ikjal.<\/span><\/li><li><span lang=\"EN-GB\">\u00dchtlustatud t\u00f6\u00f6protsess: Unity tarkvaralahendused pakuvad sujuvat t\u00f6\u00f6voogu, mis lihtsustab koost\u00f6\u00f6d teie meeskonnaga ja v\u00e4hendab tootmist\u00e4htaega. Unity reaalajas t\u00f6\u00f6tavate koost\u00f6\u00f6vahenditega saate oma meeskonnaga reaalajas koos t\u00f6\u00f6tada, tehes muudatusi ja uuendusi jooksvalt.<\/span><\/li><\/ol><\/div>\t\t\t\t\t\t\t\t<\/div>\n\t\t\t\t\t<\/div>\n\t\t\t\t<\/div>\n\t\t\t\t<section class=\"elementor-section elementor-top-section elementor-element elementor-element-1642a247 elementor-section-boxed elementor-section-height-default elementor-section-height-default\" data-id=\"1642a247\" data-element_type=\"section\" data-e-type=\"section\">\n\t\t\t\t\t\t<div class=\"elementor-container elementor-column-gap-default\">\n\t\t\t\t\t<div class=\"elementor-column elementor-col-50 elementor-top-column elementor-element elementor-element-7f9665f2\" data-id=\"7f9665f2\" data-element_type=\"column\" data-e-type=\"column\">\n\t\t\t<div class=\"elementor-widget-wrap\">\n\t\t\t\t\t\t\t<\/div>\n\t\t<\/div>\n\t\t\t\t<div class=\"elementor-column elementor-col-50 elementor-top-column elementor-element elementor-element-6909c67f\" data-id=\"6909c67f\" data-element_type=\"column\" data-e-type=\"column\">\n\t\t\t<div class=\"elementor-widget-wrap elementor-element-populated\">\n\t\t\t\t\t\t<div class=\"elementor-element elementor-element-7bc872be elementor-widget elementor-widget-image\" data-id=\"7bc872be\" data-element_type=\"widget\" data-e-type=\"widget\" data-widget_type=\"image.default\">\n\t\t\t\t\t\t\t\t\t\t\t\t\t\t\t\t<a href=\"https:\/\/unity.com\" target=\"_blank\" rel=\"noopener\">\n\t\t\t\t\t\t\t<img decoding=\"async\" width=\"299\" height=\"101\" src=\"https:\/\/mosaic.ee\/wp-content\/uploads\/2023\/08\/Unity.png\" class=\"attachment-medium size-medium wp-image-938\" alt=\"\" srcset=\"https:\/\/mosaic.ee\/wp-content\/uploads\/2023\/08\/Unity.png 299w, https:\/\/mosaic.ee\/wp-content\/uploads\/2023\/08\/Unity-18x6.png 18w\" sizes=\"(max-width: 299px) 100vw, 299px\" \/>\t\t\t\t\t\t\t\t<\/a>\n\t\t\t\t\t\t\t\t\t\t\t\t\t\t\t<\/div>\n\t\t\t\t\t<\/div>\n\t\t<\/div>\n\t\t\t\t\t<\/div>\n\t\t<\/section>\n\t\t<div class=\"elementor-element elementor-element-51ed2af5 e-flex e-con-boxed e-con e-parent\" data-id=\"51ed2af5\" data-element_type=\"container\" data-e-type=\"container\">\n\t\t\t\t\t<div class=\"e-con-inner\">\n\t\t\t\t<div class=\"elementor-element elementor-element-2d8f73bf elementor-widget elementor-widget-heading\" data-id=\"2d8f73bf\" data-element_type=\"widget\" data-e-type=\"widget\" data-widget_type=\"heading.default\">\n\t\t\t\t\t<h2 class=\"elementor-heading-title elementor-size-large\">Miks osta Unity Mosaicilt?<\/h2>\t\t\t\t<\/div>\n\t\t\t\t\t<\/div>\n\t\t\t\t<\/div>\n\t\t<div class=\"elementor-element elementor-element-79a51423 e-flex e-con-boxed e-con e-parent\" data-id=\"79a51423\" data-element_type=\"container\" data-e-type=\"container\">\n\t\t\t\t\t<div class=\"e-con-inner\">\n\t\t\t\t<div class=\"elementor-element elementor-element-4e971df7 elementor-widget elementor-widget-text-editor\" data-id=\"4e971df7\" data-element_type=\"widget\" data-e-type=\"widget\" data-widget_type=\"text-editor.default\">\n\t\t\t\t\t\t\t\t\t<div><p><span lang=\"EN-GB\">Mosaic on Unity partner ja Unity tarkvaralahenduste volitatud edasim\u00fc\u00fcja. Meie ekspertide meeskond aitab teil valida teie ettev\u00f5ttele sobivad Unity t\u00f6\u00f6riistad, olenemata sellest, kas vajate Unity Pro, Unity Enterprise v\u00f5i Unity Reflect lahendusi.<\/span><\/p><\/div><div><p><span lang=\"EN-GB\">Unity partnerina on meil juurdep\u00e4\u00e4s uusimatele toodetele ja teenustele, mis tagab teile k\u00f5ige ajakohasemad lahendused. Lisaks sellele v\u00f5imaldab meie tarkvaralitsentside alane p\u00e4devus pakkuda kohandatud lahendusi teie unikaalsete \u00e4rivajaduste jaoks. Oleme uhked kiire hinnapakkumiste koostamise ja tarnimise teenuse \u00fcle, mis tagab, et saate vajalikud lahendused kiiresti kasutusele v\u00f5tta.<\/span><\/p><\/div><div><p><span lang=\"EN-GB\">Mosaic on p\u00fchendunud sellele, et pakkuda oma klientidele parimaid v\u00f5imalikke pakkumisi. Unity volitatud edasim\u00fc\u00fcjana pakume konkurentsiv\u00f5imelisi hindu k\u00f5igile Unity toodetele ja teenustele. V\u00f5tke meiega juba t\u00e4na \u00fchendust, et saada rohkem teavet meie Unity tarkvaralahenduste kohta ja selle kohta, kuidas me saame aidata teil oma loovust v\u00f5imendada ja oma publikut kaasata.<\/span><\/p><\/div>\t\t\t\t\t\t\t\t<\/div>\n\t\t\t\t\t<\/div>\n\t\t\t\t<\/div>\n\t\t\t\t<section class=\"elementor-section elementor-top-section elementor-element elementor-element-7b7d1815 elementor-section-boxed elementor-section-height-default elementor-section-height-default\" data-id=\"7b7d1815\" data-element_type=\"section\" data-e-type=\"section\">\n\t\t\t\t\t\t<div class=\"elementor-container elementor-column-gap-default\">\n\t\t\t\t\t<div class=\"elementor-column elementor-col-50 elementor-top-column elementor-element elementor-element-223d74a8\" data-id=\"223d74a8\" data-element_type=\"column\" data-e-type=\"column\">\n\t\t\t<div class=\"elementor-widget-wrap\">\n\t\t\t\t\t\t\t<\/div>\n\t\t<\/div>\n\t\t\t\t<div class=\"elementor-column elementor-col-50 elementor-top-column elementor-element elementor-element-5f3f6831\" data-id=\"5f3f6831\" data-element_type=\"column\" data-e-type=\"column\">\n\t\t\t<div class=\"elementor-widget-wrap elementor-element-populated\">\n\t\t\t\t\t\t<div class=\"elementor-element elementor-element-5393f3e6 elementor-widget elementor-widget-image\" data-id=\"5393f3e6\" data-element_type=\"widget\" data-e-type=\"widget\" data-widget_type=\"image.default\">\n\t\t\t\t\t\t\t\t\t\t\t\t\t\t\t\t<a href=\"https:\/\/unity.com\" target=\"_blank\" rel=\"noopener\">\n\t\t\t\t\t\t\t<img decoding=\"async\" width=\"800\" height=\"218\" src=\"https:\/\/mosaic.ee\/wp-content\/uploads\/2023\/07\/unity-authorized-reseller-logo-copy-1024x279.png\" class=\"attachment-large size-large wp-image-400\" alt=\"\" srcset=\"https:\/\/mosaic.ee\/wp-content\/uploads\/2023\/07\/unity-authorized-reseller-logo-copy-1024x279.png 1024w, https:\/\/mosaic.ee\/wp-content\/uploads\/2023\/07\/unity-authorized-reseller-logo-copy-300x82.png 300w, https:\/\/mosaic.ee\/wp-content\/uploads\/2023\/07\/unity-authorized-reseller-logo-copy-768x209.png 768w, https:\/\/mosaic.ee\/wp-content\/uploads\/2023\/07\/unity-authorized-reseller-logo-copy-1536x419.png 1536w, https:\/\/mosaic.ee\/wp-content\/uploads\/2023\/07\/unity-authorized-reseller-logo-copy-2048x558.png 2048w\" sizes=\"(max-width: 800px) 100vw, 800px\" \/>\t\t\t\t\t\t\t\t<\/a>\n\t\t\t\t\t\t\t\t\t\t\t\t\t\t\t<\/div>\n\t\t\t\t\t<\/div>\n\t\t<\/div>\n\t\t\t\t\t<\/div>\n\t\t<\/section>\n\t\t\t\t<\/div>","protected":false},"excerpt":{"rendered":"<p>Power Your Creativity with Unity Software Solutions from Mosaic Why Unity Software? Unity is a leading platform for creating and operating interactive, real-time 3D content. With Unity software solutions, you can create captivating experiences for your audience across multiple platforms, including mobile devices, desktop computers, and virtual reality headsets. Unity&#8217;s software offerings include Unity Pro, [&hellip;]<\/p>\n","protected":false},"author":1,"featured_media":0,"parent":0,"menu_order":0,"comment_status":"closed","ping_status":"closed","template":"","meta":{"content-type":"","footnotes":""},"class_list":["post-935","page","type-page","status-publish","hentry"],"_links":{"self":[{"href":"https:\/\/mosaic.ee\/et\/wp-json\/wp\/v2\/pages\/935","targetHints":{"allow":["GET"]}}],"collection":[{"href":"https:\/\/mosaic.ee\/et\/wp-json\/wp\/v2\/pages"}],"about":[{"href":"https:\/\/mosaic.ee\/et\/wp-json\/wp\/v2\/types\/page"}],"author":[{"embeddable":true,"href":"https:\/\/mosaic.ee\/et\/wp-json\/wp\/v2\/users\/1"}],"replies":[{"embeddable":true,"href":"https:\/\/mosaic.ee\/et\/wp-json\/wp\/v2\/comments?post=935"}],"version-history":[{"count":7,"href":"https:\/\/mosaic.ee\/et\/wp-json\/wp\/v2\/pages\/935\/revisions"}],"predecessor-version":[{"id":1675,"href":"https:\/\/mosaic.ee\/et\/wp-json\/wp\/v2\/pages\/935\/revisions\/1675"}],"wp:attachment":[{"href":"https:\/\/mosaic.ee\/et\/wp-json\/wp\/v2\/media?parent=935"}],"curies":[{"name":"wp","href":"https:\/\/api.w.org\/{rel}","templated":true}]}}