{"id":922,"date":"2023-08-16T16:27:36","date_gmt":"2023-08-16T13:27:36","guid":{"rendered":"https:\/\/mosaic.ee\/?page_id=922"},"modified":"2024-06-03T12:52:27","modified_gmt":"2024-06-03T09:52:27","slug":"hootsuite","status":"publish","type":"page","link":"https:\/\/mosaic.ee\/et\/hootsuite\/","title":{"rendered":"Hootsuite"},"content":{"rendered":"<div data-elementor-type=\"wp-page\" data-elementor-id=\"922\" class=\"elementor elementor-922\" data-elementor-post-type=\"page\">\n\t\t\t\t\t\t<section class=\"elementor-section elementor-top-section elementor-element elementor-element-42b2da62 elementor-section-boxed elementor-section-height-default elementor-section-height-default\" data-id=\"42b2da62\" data-element_type=\"section\" data-e-type=\"section\">\n\t\t\t\t\t\t<div class=\"elementor-container elementor-column-gap-default\">\n\t\t\t\t\t<div class=\"elementor-column elementor-col-100 elementor-top-column elementor-element elementor-element-56bf8b0d\" data-id=\"56bf8b0d\" data-element_type=\"column\" data-e-type=\"column\">\n\t\t\t<div class=\"elementor-widget-wrap elementor-element-populated\">\n\t\t\t\t\t\t<div class=\"elementor-element elementor-element-4b423d69 elementor-widget elementor-widget-heading\" data-id=\"4b423d69\" data-element_type=\"widget\" data-e-type=\"widget\" data-widget_type=\"heading.default\">\n\t\t\t\t\t<h2 class=\"elementor-heading-title elementor-size-xl\">Suurendage oma sotsiaalmeedia kohalolekut Hootsuite'i tarkvaralahendustega Mosaic'ilt <\/h2>\t\t\t\t<\/div>\n\t\t\t\t\t<\/div>\n\t\t<\/div>\n\t\t\t\t\t<\/div>\n\t\t<\/section>\n\t\t<div class=\"elementor-element elementor-element-5df53821 e-flex e-con-boxed e-con e-parent\" data-id=\"5df53821\" data-element_type=\"container\" data-e-type=\"container\">\n\t\t\t\t\t<div class=\"e-con-inner\">\n\t\t\t\t<div class=\"elementor-element elementor-element-32a7ee26 elementor-widget elementor-widget-image\" data-id=\"32a7ee26\" data-element_type=\"widget\" data-e-type=\"widget\" data-widget_type=\"image.default\">\n\t\t\t\t\t\t\t\t\t\t\t\t\t\t\t<img fetchpriority=\"high\" decoding=\"async\" width=\"768\" height=\"339\" src=\"https:\/\/mosaic.ee\/wp-content\/uploads\/2023\/08\/vectorstock_32237842_transparent-768x339.png\" class=\"attachment-medium_large size-medium_large wp-image-925\" alt=\"\" srcset=\"https:\/\/mosaic.ee\/wp-content\/uploads\/2023\/08\/vectorstock_32237842_transparent-768x339.png 768w, https:\/\/mosaic.ee\/wp-content\/uploads\/2023\/08\/vectorstock_32237842_transparent-300x132.png 300w, https:\/\/mosaic.ee\/wp-content\/uploads\/2023\/08\/vectorstock_32237842_transparent-1024x452.png 1024w, https:\/\/mosaic.ee\/wp-content\/uploads\/2023\/08\/vectorstock_32237842_transparent-1536x677.png 1536w, https:\/\/mosaic.ee\/wp-content\/uploads\/2023\/08\/vectorstock_32237842_transparent-2048x903.png 2048w, https:\/\/mosaic.ee\/wp-content\/uploads\/2023\/08\/vectorstock_32237842_transparent-18x8.png 18w\" sizes=\"(max-width: 768px) 100vw, 768px\" \/>\t\t\t\t\t\t\t\t\t\t\t\t\t\t\t<\/div>\n\t\t\t\t\t<\/div>\n\t\t\t\t<\/div>\n\t\t<div class=\"elementor-element elementor-element-19d21e35 e-flex e-con-boxed e-con e-parent\" data-id=\"19d21e35\" data-element_type=\"container\" data-e-type=\"container\">\n\t\t\t\t\t<div class=\"e-con-inner\">\n\t\t\t\t<div class=\"elementor-element elementor-element-15649b5a elementor-widget elementor-widget-heading\" data-id=\"15649b5a\" data-element_type=\"widget\" data-e-type=\"widget\" data-widget_type=\"heading.default\">\n\t\t\t\t\t<h2 class=\"elementor-heading-title elementor-size-large\">Miks Hootsuite tarkvara?<\/h2>\t\t\t\t<\/div>\n\t\t\t\t\t<\/div>\n\t\t\t\t<\/div>\n\t\t<div class=\"elementor-element elementor-element-7d582707 e-flex e-con-boxed e-con e-parent\" data-id=\"7d582707\" data-element_type=\"container\" data-e-type=\"container\">\n\t\t\t\t\t<div class=\"e-con-inner\">\n\t\t\t\t<div class=\"elementor-element elementor-element-176a53af elementor-widget elementor-widget-text-editor\" data-id=\"176a53af\" data-element_type=\"widget\" data-e-type=\"widget\" data-widget_type=\"text-editor.default\">\n\t\t\t\t\t\t\t\t\t<div><p><span lang=\"EN-GB\"><span style=\"color: #3366ff;\"><a style=\"color: #3366ff;\" href=\"https:\/\/www.hootsuite.com\/en-gb\" target=\"_blank\" rel=\"noopener\">Hootsuite<\/a><\/span> on juhtiv sotsiaalmeedia haldusplatvorm, mis aitab ettev\u00f5tetel oma sotsiaalmeedia kohalolekut t\u00f5husamalt hallata. Hootsuite'i tarkvaralahenduste abil saate \u00fchtlustada oma sotsiaalmeedia t\u00f6\u00f6vooge, j\u00e4lgida oma br\u00e4ndi tulemuslikkust ja suhelda oma publikuga t\u00f5husamalt.<\/span><\/p><\/div><div><p><span lang=\"EN-GB\">Hootsuite'i tarkvarapakkumised h\u00f5lmavad sotsiaalmeedia haldamist, sotsiaalmeedia anal\u00fc\u00fcsi, t\u00f6\u00f6tajate propageerimist ja sotsiaalmeedia reklaami, mis teeb sellest olulise vahendi ettev\u00f5tetele, kes soovivad oma sotsiaalmeedia kohalolekut suurendada. Hootsuite'i abil saate s\u00e4\u00e4sta aega, suurendada kaasamist ja suurendada k\u00fclastatavust oma veebisaidil.<\/span><\/p><\/div><div><p><span lang=\"EN-GB\">Siin on kolm peamist kasu <span style=\"color: #3366ff;\"><a style=\"color: #3366ff;\" href=\"https:\/\/www.hootsuite.com\/en-gb\" target=\"_blank\" rel=\"noopener\">Hootsuite<\/a><\/span> tarkvaralahendused:<\/span><\/p><\/div><div><ol><li><span lang=\"EN-GB\">T\u00f5hus sotsiaalmeedia haldamine: Hootsuite'i tarkvaralahendused aitavad teil hallata k\u00f5iki oma sotsiaalmeediakanaleid \u00fches kohas, lihtsustades postituste planeerimist, suhtlemist oma publikuga ja br\u00e4ndi tulemuslikkuse j\u00e4lgimist. T\u00e4nu kasutajas\u00f5bralikule kasutajaliidesele ja kohandatavatele armatuurlaudadele saate kohandada oma sotsiaalmeedia haldamist vastavalt oma unikaalsetele \u00e4rivajadustele.<\/span><\/li><li><span lang=\"EN-GB\">V\u00f5imas sotsiaalmeedia anal\u00fc\u00fcs: Hootsuite'i tarkvaralahendused pakuvad teile v\u00f5imsaid anal\u00fc\u00fctilisi vahendeid, mis aitavad teil j\u00e4lgida oma br\u00e4ndi tulemuslikkust, m\u00f5\u00f5ta investeeringutasuvust ja tuvastada parandamist vajavaid valdkondi. T\u00e4nu kergesti arusaadavatele aruannetele ja reaalajas saad teha teadlikke otsuseid ja optimeerida oma sotsiaalmeedia strateegiat.<\/span><\/li><li><span lang=\"EN-GB\">T\u00f6\u00f6tajate huvikaitse: Hootsuite'i t\u00f6\u00f6tajate propageerimise tarkvara aitab teil muuta oma t\u00f6\u00f6tajad br\u00e4ndi saadikuteks, v\u00f5imaldades neil jagada teie sisu ja v\u00f5imendada teie sotsiaalmeedia kohalolekut. Sisseehitatud m\u00e4ngufunktsioonide ja kohandatavate t\u00f6\u00f6voogude abil saate motiveerida oma t\u00f6\u00f6tajaid, et nad oleksid sotsiaalmeedias aktiivsemad ja aktiivsemad.<\/span><\/li><\/ol><\/div>\t\t\t\t\t\t\t\t<\/div>\n\t\t\t\t\t<\/div>\n\t\t\t\t<\/div>\n\t\t\t\t<section class=\"elementor-section elementor-top-section elementor-element elementor-element-68717720 elementor-section-boxed elementor-section-height-default elementor-section-height-default\" data-id=\"68717720\" data-element_type=\"section\" data-e-type=\"section\">\n\t\t\t\t\t\t<div class=\"elementor-container elementor-column-gap-default\">\n\t\t\t\t\t<div class=\"elementor-column elementor-col-50 elementor-top-column elementor-element elementor-element-27db3279\" data-id=\"27db3279\" data-element_type=\"column\" data-e-type=\"column\">\n\t\t\t<div class=\"elementor-widget-wrap\">\n\t\t\t\t\t\t\t<\/div>\n\t\t<\/div>\n\t\t\t\t<div class=\"elementor-column elementor-col-50 elementor-top-column elementor-element elementor-element-352f2074\" data-id=\"352f2074\" data-element_type=\"column\" data-e-type=\"column\">\n\t\t\t<div class=\"elementor-widget-wrap elementor-element-populated\">\n\t\t\t\t\t\t<div class=\"elementor-element elementor-element-10275b9d elementor-widget elementor-widget-image\" data-id=\"10275b9d\" data-element_type=\"widget\" data-e-type=\"widget\" data-widget_type=\"image.default\">\n\t\t\t\t\t\t\t\t\t\t\t\t\t\t\t\t<a href=\"https:\/\/www.hootsuite.com\/en-gb\" target=\"_blank\" rel=\"noopener\">\n\t\t\t\t\t\t\t<img decoding=\"async\" width=\"300\" height=\"116\" src=\"https:\/\/mosaic.ee\/wp-content\/uploads\/2023\/07\/hootsuite_partner-300x116.png\" class=\"attachment-medium size-medium wp-image-392\" alt=\"\" srcset=\"https:\/\/mosaic.ee\/wp-content\/uploads\/2023\/07\/hootsuite_partner-300x116.png 300w, https:\/\/mosaic.ee\/wp-content\/uploads\/2023\/07\/hootsuite_partner-1024x397.png 1024w, https:\/\/mosaic.ee\/wp-content\/uploads\/2023\/07\/hootsuite_partner-768x297.png 768w, https:\/\/mosaic.ee\/wp-content\/uploads\/2023\/07\/hootsuite_partner-1536x595.png 1536w, https:\/\/mosaic.ee\/wp-content\/uploads\/2023\/07\/hootsuite_partner.png 2048w\" sizes=\"(max-width: 300px) 100vw, 300px\" \/>\t\t\t\t\t\t\t\t<\/a>\n\t\t\t\t\t\t\t\t\t\t\t\t\t\t\t<\/div>\n\t\t\t\t\t<\/div>\n\t\t<\/div>\n\t\t\t\t\t<\/div>\n\t\t<\/section>\n\t\t<div class=\"elementor-element elementor-element-16eadf88 e-flex e-con-boxed e-con e-parent\" data-id=\"16eadf88\" data-element_type=\"container\" data-e-type=\"container\">\n\t\t\t\t\t<div class=\"e-con-inner\">\n\t\t\t\t<div class=\"elementor-element elementor-element-632c63c6 elementor-widget elementor-widget-heading\" data-id=\"632c63c6\" data-element_type=\"widget\" data-e-type=\"widget\" data-widget_type=\"heading.default\">\n\t\t\t\t\t<h2 class=\"elementor-heading-title elementor-size-large\">Miks osta Hootsuite'i Mosaicilt?<\/h2>\t\t\t\t<\/div>\n\t\t\t\t\t<\/div>\n\t\t\t\t<\/div>\n\t\t<div class=\"elementor-element elementor-element-1d915e79 e-flex e-con-boxed e-con e-parent\" data-id=\"1d915e79\" data-element_type=\"container\" data-e-type=\"container\">\n\t\t\t\t\t<div class=\"e-con-inner\">\n\t\t\t\t<div class=\"elementor-element elementor-element-1917e837 elementor-widget elementor-widget-text-editor\" data-id=\"1917e837\" data-element_type=\"widget\" data-e-type=\"widget\" data-widget_type=\"text-editor.default\">\n\t\t\t\t\t\t\t\t\t<div><p><span lang=\"EN-GB\">Mosaic on Hootsuite'i partner ja Hootsuite'i tarkvaralahenduste volitatud edasim\u00fc\u00fcja. Meie ekspertide meeskond aitab teil valida teie ettev\u00f5ttele sobivad Hootsuite'i t\u00f6\u00f6riistad, olgu teil siis vaja sotsiaalmeedia haldamist, sotsiaalmeedia anal\u00fc\u00fcsi, t\u00f6\u00f6tajate propageerimist v\u00f5i sotsiaalmeedia reklaamilahendusi.<\/span><\/p><\/div><div><p><span lang=\"EN-GB\">Hootsuite'i partnerina on meil juurdep\u00e4\u00e4s uusimatele toodetele ja teenustele, mis tagab teile k\u00f5ige ajakohasemad lahendused. Lisaks sellele v\u00f5imaldab meie tarkvaralitsentside alane asjatundlikkus pakkuda kohandatud lahendusi teie unikaalsetele \u00e4rivajadustele. Oleme uhked kiire hinnapakkumiste koostamise ja tarnimise teenuse \u00fcle, tagades, et saate kiiresti rakendada vajalikud lahendused.<\/span><\/p><\/div><div><p><span lang=\"EN-GB\">Mosaic on p\u00fchendunud sellele, et pakkuda oma klientidele parimaid v\u00f5imalikke pakkumisi. Hootsuite'i volitatud edasim\u00fc\u00fcjana pakume konkurentsiv\u00f5imelist hinda k\u00f5igile Hootsuite'i toodetele ja teenustele. V\u00f5tke meiega juba t\u00e4na \u00fchendust, et saada rohkem teavet meie Hootsuite'i tarkvaralahenduste kohta ja selle kohta, kuidas me saame aidata teil oma sotsiaalmeedia kohalolekut v\u00f5imendada.<\/span><\/p><\/div>\t\t\t\t\t\t\t\t<\/div>\n\t\t\t\t\t<\/div>\n\t\t\t\t<\/div>\n\t\t\t\t<section class=\"elementor-section elementor-top-section elementor-element elementor-element-703fb101 elementor-section-boxed elementor-section-height-default elementor-section-height-default\" data-id=\"703fb101\" data-element_type=\"section\" data-e-type=\"section\">\n\t\t\t\t\t\t<div class=\"elementor-container elementor-column-gap-default\">\n\t\t\t\t\t<div class=\"elementor-column elementor-col-50 elementor-top-column elementor-element elementor-element-10fed1d0\" data-id=\"10fed1d0\" data-element_type=\"column\" data-e-type=\"column\">\n\t\t\t<div class=\"elementor-widget-wrap\">\n\t\t\t\t\t\t\t<\/div>\n\t\t<\/div>\n\t\t\t\t<div class=\"elementor-column elementor-col-50 elementor-top-column elementor-element elementor-element-37dc5c57\" data-id=\"37dc5c57\" data-element_type=\"column\" data-e-type=\"column\">\n\t\t\t<div class=\"elementor-widget-wrap elementor-element-populated\">\n\t\t\t\t\t\t<div class=\"elementor-element elementor-element-e48461c elementor-widget elementor-widget-image\" data-id=\"e48461c\" data-element_type=\"widget\" data-e-type=\"widget\" data-widget_type=\"image.default\">\n\t\t\t\t\t\t\t\t\t\t\t\t\t\t\t\t<a href=\"https:\/\/www.hootsuite.com\/en-gb\" target=\"_blank\" rel=\"noopener\">\n\t\t\t\t\t\t\t<img decoding=\"async\" width=\"800\" height=\"310\" src=\"https:\/\/mosaic.ee\/wp-content\/uploads\/2023\/07\/hootsuite_partner-1024x397.png\" class=\"attachment-large size-large wp-image-392\" alt=\"\" srcset=\"https:\/\/mosaic.ee\/wp-content\/uploads\/2023\/07\/hootsuite_partner-1024x397.png 1024w, https:\/\/mosaic.ee\/wp-content\/uploads\/2023\/07\/hootsuite_partner-300x116.png 300w, https:\/\/mosaic.ee\/wp-content\/uploads\/2023\/07\/hootsuite_partner-768x297.png 768w, https:\/\/mosaic.ee\/wp-content\/uploads\/2023\/07\/hootsuite_partner-1536x595.png 1536w, https:\/\/mosaic.ee\/wp-content\/uploads\/2023\/07\/hootsuite_partner.png 2048w\" sizes=\"(max-width: 800px) 100vw, 800px\" \/>\t\t\t\t\t\t\t\t<\/a>\n\t\t\t\t\t\t\t\t\t\t\t\t\t\t\t<\/div>\n\t\t\t\t\t<\/div>\n\t\t<\/div>\n\t\t\t\t\t<\/div>\n\t\t<\/section>\n\t\t\t\t<\/div>","protected":false},"excerpt":{"rendered":"<p>Amplify Your Social Media Presence with Hootsuite Software Solutions from Mosaic Why Hootsuite Software? Hootsuite is a leading social media management platform that helps businesses manage their social media presence more efficiently. With Hootsuite&#8217;s software solutions, you can streamline your social media workflows, monitor your brand&#8217;s performance, and engage with your audience more effectively. Hootsuite&#8217;s [&hellip;]<\/p>\n","protected":false},"author":1,"featured_media":0,"parent":0,"menu_order":0,"comment_status":"closed","ping_status":"closed","template":"","meta":{"content-type":"","footnotes":""},"class_list":["post-922","page","type-page","status-publish","hentry"],"_links":{"self":[{"href":"https:\/\/mosaic.ee\/et\/wp-json\/wp\/v2\/pages\/922","targetHints":{"allow":["GET"]}}],"collection":[{"href":"https:\/\/mosaic.ee\/et\/wp-json\/wp\/v2\/pages"}],"about":[{"href":"https:\/\/mosaic.ee\/et\/wp-json\/wp\/v2\/types\/page"}],"author":[{"embeddable":true,"href":"https:\/\/mosaic.ee\/et\/wp-json\/wp\/v2\/users\/1"}],"replies":[{"embeddable":true,"href":"https:\/\/mosaic.ee\/et\/wp-json\/wp\/v2\/comments?post=922"}],"version-history":[{"count":7,"href":"https:\/\/mosaic.ee\/et\/wp-json\/wp\/v2\/pages\/922\/revisions"}],"predecessor-version":[{"id":1591,"href":"https:\/\/mosaic.ee\/et\/wp-json\/wp\/v2\/pages\/922\/revisions\/1591"}],"wp:attachment":[{"href":"https:\/\/mosaic.ee\/et\/wp-json\/wp\/v2\/media?parent=922"}],"curies":[{"name":"wp","href":"https:\/\/api.w.org\/{rel}","templated":true}]}}