{"id":909,"date":"2023-08-16T15:58:39","date_gmt":"2023-08-16T12:58:39","guid":{"rendered":"https:\/\/mosaic.ee\/?page_id=909"},"modified":"2024-03-27T14:49:32","modified_gmt":"2024-03-27T12:49:32","slug":"docusign","status":"publish","type":"page","link":"https:\/\/mosaic.ee\/et\/docusign\/","title":{"rendered":"DocuSign"},"content":{"rendered":"<div data-elementor-type=\"wp-page\" data-elementor-id=\"909\" class=\"elementor elementor-909\" data-elementor-post-type=\"page\">\n\t\t\t\t\t\t<section class=\"elementor-section elementor-top-section elementor-element elementor-element-74df2ecc elementor-section-boxed elementor-section-height-default elementor-section-height-default\" data-id=\"74df2ecc\" data-element_type=\"section\" data-e-type=\"section\">\n\t\t\t\t\t\t<div class=\"elementor-container elementor-column-gap-default\">\n\t\t\t\t\t<div class=\"elementor-column elementor-col-100 elementor-top-column elementor-element elementor-element-515c289c\" data-id=\"515c289c\" data-element_type=\"column\" data-e-type=\"column\">\n\t\t\t<div class=\"elementor-widget-wrap elementor-element-populated\">\n\t\t\t\t\t\t<div class=\"elementor-element elementor-element-40f7406a elementor-widget elementor-widget-heading\" data-id=\"40f7406a\" data-element_type=\"widget\" data-e-type=\"widget\" data-widget_type=\"heading.default\">\n\t\t\t\t\t<h2 class=\"elementor-heading-title elementor-size-xl\">\u00dchtlustage oma t\u00f6\u00f6vooge DocuSigniga Mosaicist <\/h2>\t\t\t\t<\/div>\n\t\t\t\t\t<\/div>\n\t\t<\/div>\n\t\t\t\t\t<\/div>\n\t\t<\/section>\n\t\t<div class=\"elementor-element elementor-element-1366c83 e-flex e-con-boxed e-con e-parent\" data-id=\"1366c83\" data-element_type=\"container\" data-e-type=\"container\">\n\t\t\t\t\t<div class=\"e-con-inner\">\n\t\t\t\t<div class=\"elementor-element elementor-element-1806f4c elementor-widget elementor-widget-image\" data-id=\"1806f4c\" data-element_type=\"widget\" data-e-type=\"widget\" data-widget_type=\"image.default\">\n\t\t\t\t\t\t\t\t\t\t\t\t\t\t\t<img fetchpriority=\"high\" decoding=\"async\" width=\"768\" height=\"356\" src=\"https:\/\/mosaic.ee\/wp-content\/uploads\/2023\/08\/vectorstock_31110160-768x356.png\" class=\"attachment-medium_large size-medium_large wp-image-912\" alt=\"Naised loevad DocuSign tarkvara poolt allkirjastatud dokumenti\" srcset=\"https:\/\/mosaic.ee\/wp-content\/uploads\/2023\/08\/vectorstock_31110160-768x356.png 768w, https:\/\/mosaic.ee\/wp-content\/uploads\/2023\/08\/vectorstock_31110160-300x139.png 300w, https:\/\/mosaic.ee\/wp-content\/uploads\/2023\/08\/vectorstock_31110160-1024x475.png 1024w, https:\/\/mosaic.ee\/wp-content\/uploads\/2023\/08\/vectorstock_31110160-1536x712.png 1536w, https:\/\/mosaic.ee\/wp-content\/uploads\/2023\/08\/vectorstock_31110160-2048x949.png 2048w, https:\/\/mosaic.ee\/wp-content\/uploads\/2023\/08\/vectorstock_31110160-18x8.png 18w\" sizes=\"(max-width: 768px) 100vw, 768px\" \/>\t\t\t\t\t\t\t\t\t\t\t\t\t\t\t<\/div>\n\t\t\t\t\t<\/div>\n\t\t\t\t<\/div>\n\t\t<div class=\"elementor-element elementor-element-237f2b6f e-flex e-con-boxed e-con e-parent\" data-id=\"237f2b6f\" data-element_type=\"container\" data-e-type=\"container\">\n\t\t\t\t\t<div class=\"e-con-inner\">\n\t\t\t\t<div class=\"elementor-element elementor-element-2b1f9872 elementor-widget elementor-widget-heading\" data-id=\"2b1f9872\" data-element_type=\"widget\" data-e-type=\"widget\" data-widget_type=\"heading.default\">\n\t\t\t\t\t<h2 class=\"elementor-heading-title elementor-size-large\">Miks DocuSign tarkvara?<\/h2>\t\t\t\t<\/div>\n\t\t\t\t\t<\/div>\n\t\t\t\t<\/div>\n\t\t<div class=\"elementor-element elementor-element-33fb2e5b e-flex e-con-boxed e-con e-parent\" data-id=\"33fb2e5b\" data-element_type=\"container\" data-e-type=\"container\">\n\t\t\t\t\t<div class=\"e-con-inner\">\n\t\t\t\t<div class=\"elementor-element elementor-element-5eb4d694 elementor-widget elementor-widget-text-editor\" data-id=\"5eb4d694\" data-element_type=\"widget\" data-e-type=\"widget\" data-widget_type=\"text-editor.default\">\n\t\t\t\t\t\t\t\t\t<p><span style=\"color: #3366ff;\"><a style=\"color: #3366ff;\" href=\"https:\/\/www.docusign.com\/start\" target=\"_blank\" rel=\"noopener\">DocuSign<\/a><\/span> on digitaalne tehingute haldamise vahend, mis aitab ettev\u00f5tetel oma t\u00f6\u00f6vooge \u00fchtlustada ja \u00e4ritegevust kiirendada. DocuSigni abil saate dokumente h\u00f5lpsasti ja turvaliselt allkirjastada ja hallata igal pool ja igal ajal.<\/p><div><p><span lang=\"EN-GB\">DocuSigni pakkumised h\u00f5lmavad e-allkirja, lepingute eluts\u00fckli haldamist ja dokumentide genereerimist, mis teeb sellest olulise vahendi ettev\u00f5tetele, kes soovivad oma dokumendihaldusprotsesse t\u00f5hustada. DocuSigni abil saate automatiseerida oma t\u00f6\u00f6vooge, v\u00e4hendada vigu ja viivitusi ning parandada kliendikogemust.<\/span><\/p><\/div><div><p><span lang=\"EN-GB\">Siin on kolm peamist kasu <span style=\"color: #3366ff;\"><a style=\"color: #3366ff;\" href=\"https:\/\/www.docusign.com\/start\" target=\"_blank\" rel=\"noopener\">DocuSign<\/a><\/span>:<\/span><\/p><\/div><div><ol><li><span lang=\"EN-GB\">Kiirendatud \u00e4ritegevus: DocuSign v\u00f5imaldab ettev\u00f5tetel kiirendada \u00e4ritegevust, \u00fchtlustades dokumentide t\u00f6\u00f6vooge. Elektrooniliste allkirjade ja dokumendihaldusvahendite abil saate v\u00e4hendada lepingute ja muude oluliste dokumentide t\u00e4itmiseks kuluvat aega, mis v\u00f5imaldab teil kiiremini tehinguid s\u00f5lmida ja oma \u00e4ri edasi viia.<\/span><\/li><li><span lang=\"EN-GB\">Parem vastavus: DocuSign pakub turvalist ja n\u00f5uetele vastavat digitaalset dokumendihaldust, mis v\u00f5imaldab ettev\u00f5tetel j\u00e4rgida eeskirju ja seadusi. T\u00e4nu sellistele funktsioonidele nagu kontrollj\u00e4ljed ja kr\u00fcpteerimine saate tagada, et teie dokumendid on turvalised ja v\u00f5ltsimiskindlad.<\/span><\/li><li><span lang=\"EN-GB\">Parem kliendikogemus: DocuSign parandab kliendikogemust, pakkudes kiiret ja mugavat viisi dokumentide allkirjastamiseks ja haldamiseks. T\u00e4nu v\u00f5imalusele allkirjastada ja hallata dokumente mis tahes seadmest ja kus iganes, saate pakkuda oma klientidele sujuvat ja probleemivaba kogemust.<\/span><\/li><\/ol><\/div>\t\t\t\t\t\t\t\t<\/div>\n\t\t\t\t\t<\/div>\n\t\t\t\t<\/div>\n\t\t\t\t<section class=\"elementor-section elementor-top-section elementor-element elementor-element-a32c849 elementor-section-boxed elementor-section-height-default elementor-section-height-default\" data-id=\"a32c849\" data-element_type=\"section\" data-e-type=\"section\">\n\t\t\t\t\t\t<div class=\"elementor-container elementor-column-gap-default\">\n\t\t\t\t\t<div class=\"elementor-column elementor-col-50 elementor-top-column elementor-element elementor-element-3cc52094\" data-id=\"3cc52094\" data-element_type=\"column\" data-e-type=\"column\">\n\t\t\t<div class=\"elementor-widget-wrap\">\n\t\t\t\t\t\t\t<\/div>\n\t\t<\/div>\n\t\t\t\t<div class=\"elementor-column elementor-col-50 elementor-top-column elementor-element elementor-element-6c673985\" data-id=\"6c673985\" data-element_type=\"column\" data-e-type=\"column\">\n\t\t\t<div class=\"elementor-widget-wrap elementor-element-populated\">\n\t\t\t\t\t\t<div class=\"elementor-element elementor-element-602c72ed elementor-widget elementor-widget-image\" data-id=\"602c72ed\" data-element_type=\"widget\" data-e-type=\"widget\" data-widget_type=\"image.default\">\n\t\t\t\t\t\t\t\t\t\t\t\t\t\t\t\t<a href=\"https:\/\/www.docusign.com\/start\" target=\"_blank\" rel=\"noopener\">\n\t\t\t\t\t\t\t<img decoding=\"async\" width=\"300\" height=\"110\" src=\"https:\/\/mosaic.ee\/wp-content\/uploads\/2023\/07\/docusign-logo-bw-300x110.png\" class=\"attachment-medium size-medium wp-image-391\" alt=\"Docusigni logo\" srcset=\"https:\/\/mosaic.ee\/wp-content\/uploads\/2023\/07\/docusign-logo-bw-300x110.png 300w, https:\/\/mosaic.ee\/wp-content\/uploads\/2023\/07\/docusign-logo-bw.png 358w\" sizes=\"(max-width: 300px) 100vw, 300px\" \/>\t\t\t\t\t\t\t\t<\/a>\n\t\t\t\t\t\t\t\t\t\t\t\t\t\t\t<\/div>\n\t\t\t\t\t<\/div>\n\t\t<\/div>\n\t\t\t\t\t<\/div>\n\t\t<\/section>\n\t\t<div class=\"elementor-element elementor-element-2b10041d e-flex e-con-boxed e-con e-parent\" data-id=\"2b10041d\" data-element_type=\"container\" data-e-type=\"container\">\n\t\t\t\t\t<div class=\"e-con-inner\">\n\t\t\t\t<div class=\"elementor-element elementor-element-58c99f1c elementor-widget elementor-widget-heading\" data-id=\"58c99f1c\" data-element_type=\"widget\" data-e-type=\"widget\" data-widget_type=\"heading.default\">\n\t\t\t\t\t<h2 class=\"elementor-heading-title elementor-size-large\">Miks osta DocuSigni Mosaicilt?<\/h2>\t\t\t\t<\/div>\n\t\t\t\t\t<\/div>\n\t\t\t\t<\/div>\n\t\t<div class=\"elementor-element elementor-element-759cb87f e-flex e-con-boxed e-con e-parent\" data-id=\"759cb87f\" data-element_type=\"container\" data-e-type=\"container\">\n\t\t\t\t\t<div class=\"e-con-inner\">\n\t\t\t\t<div class=\"elementor-element elementor-element-641a2551 elementor-widget elementor-widget-text-editor\" data-id=\"641a2551\" data-element_type=\"widget\" data-e-type=\"widget\" data-widget_type=\"text-editor.default\">\n\t\t\t\t\t\t\t\t\t<div><p><span lang=\"EN-GB\">Mosaic on DocuSigni partner ja DocuSigni lahenduste volitatud edasim\u00fc\u00fcja. Meie ekspertide meeskond aitab teil valida teie ettev\u00f5ttele sobivad DocuSigni vahendid, olgu teil siis vaja e-allkirja, lepingute eluts\u00fckli haldamist v\u00f5i dokumendilahendusi.<\/span><\/p><\/div><div><p><span lang=\"EN-GB\">DocuSigni partnerina on meil juurdep\u00e4\u00e4s uusimatele toodetele ja teenustele, mis tagab teile k\u00f5ige ajakohasemad lahendused. Lisaks sellele v\u00f5imaldab meie tarkvaralitsentside alane asjatundlikkus pakkuda kohandatud lahendusi teie unikaalsetele \u00e4rivajadustele. Oleme uhked kiire hinnapakkumiste koostamise ja kohaletoimetamise teenuse \u00fcle, mis tagab, et saate vajalikud lahendused kiiresti kasutusele v\u00f5tta.<\/span><\/p><\/div><div><p><span lang=\"EN-GB\">Mosaic on p\u00fchendunud sellele, et pakkuda oma klientidele parimaid v\u00f5imalikke pakkumisi. DocuSigni volitatud edasim\u00fc\u00fcjana pakume konkurentsiv\u00f5imelisi hindu k\u00f5ikidele DocuSigni toodetele ja teenustele. V\u00f5tke meiega juba t\u00e4na \u00fchendust, et saada rohkem teavet meie DocuSigni lahenduste kohta ja selle kohta, kuidas me saame aidata teil oma t\u00f6\u00f6vooge sujuvamaks muuta ja \u00e4ritegevust kiirendada.<\/span><\/p><\/div>\t\t\t\t\t\t\t\t<\/div>\n\t\t\t\t\t<\/div>\n\t\t\t\t<\/div>\n\t\t\t\t<section class=\"elementor-section elementor-top-section elementor-element elementor-element-56a836d elementor-section-boxed elementor-section-height-default elementor-section-height-default\" data-id=\"56a836d\" data-element_type=\"section\" data-e-type=\"section\">\n\t\t\t\t\t\t<div class=\"elementor-container elementor-column-gap-default\">\n\t\t\t\t\t<div class=\"elementor-column elementor-col-50 elementor-top-column elementor-element elementor-element-2b03e8e4\" data-id=\"2b03e8e4\" data-element_type=\"column\" data-e-type=\"column\">\n\t\t\t<div class=\"elementor-widget-wrap\">\n\t\t\t\t\t\t\t<\/div>\n\t\t<\/div>\n\t\t\t\t<div class=\"elementor-column elementor-col-50 elementor-top-column elementor-element elementor-element-fdae1b5\" data-id=\"fdae1b5\" data-element_type=\"column\" data-e-type=\"column\">\n\t\t\t<div class=\"elementor-widget-wrap elementor-element-populated\">\n\t\t\t\t\t\t<div class=\"elementor-element elementor-element-6fff070b elementor-widget elementor-widget-image\" data-id=\"6fff070b\" data-element_type=\"widget\" data-e-type=\"widget\" data-widget_type=\"image.default\">\n\t\t\t\t\t\t\t\t\t\t\t\t\t\t\t\t<a href=\"https:\/\/www.docusign.com\/start\" target=\"_blank\" rel=\"noopener\">\n\t\t\t\t\t\t\t<img decoding=\"async\" width=\"358\" height=\"131\" src=\"https:\/\/mosaic.ee\/wp-content\/uploads\/2023\/07\/docusign-logo-bw.png\" class=\"attachment-large size-large wp-image-391\" alt=\"Docusigni logo\" srcset=\"https:\/\/mosaic.ee\/wp-content\/uploads\/2023\/07\/docusign-logo-bw.png 358w, https:\/\/mosaic.ee\/wp-content\/uploads\/2023\/07\/docusign-logo-bw-300x110.png 300w\" sizes=\"(max-width: 358px) 100vw, 358px\" \/>\t\t\t\t\t\t\t\t<\/a>\n\t\t\t\t\t\t\t\t\t\t\t\t\t\t\t<\/div>\n\t\t\t\t\t<\/div>\n\t\t<\/div>\n\t\t\t\t\t<\/div>\n\t\t<\/section>\n\t\t\t\t<\/div>","protected":false},"excerpt":{"rendered":"<p>Streamline Your Workflows with DocuSign from Mosaic Why DocuSign Software? DocuSign is a digital transaction management tool that helps businesses streamline their workflows and accelerate the pace of business. With DocuSign, you can easily and securely sign and manage documents from anywhere, at any time. DocuSign&#8217;s offerings include eSignature, contract lifecycle management, and document generation, [&hellip;]<\/p>\n","protected":false},"author":1,"featured_media":0,"parent":0,"menu_order":0,"comment_status":"closed","ping_status":"closed","template":"","meta":{"content-type":"","footnotes":""},"class_list":["post-909","page","type-page","status-publish","hentry"],"_links":{"self":[{"href":"https:\/\/mosaic.ee\/et\/wp-json\/wp\/v2\/pages\/909","targetHints":{"allow":["GET"]}}],"collection":[{"href":"https:\/\/mosaic.ee\/et\/wp-json\/wp\/v2\/pages"}],"about":[{"href":"https:\/\/mosaic.ee\/et\/wp-json\/wp\/v2\/types\/page"}],"author":[{"embeddable":true,"href":"https:\/\/mosaic.ee\/et\/wp-json\/wp\/v2\/users\/1"}],"replies":[{"embeddable":true,"href":"https:\/\/mosaic.ee\/et\/wp-json\/wp\/v2\/comments?post=909"}],"version-history":[{"count":13,"href":"https:\/\/mosaic.ee\/et\/wp-json\/wp\/v2\/pages\/909\/revisions"}],"predecessor-version":[{"id":3494,"href":"https:\/\/mosaic.ee\/et\/wp-json\/wp\/v2\/pages\/909\/revisions\/3494"}],"wp:attachment":[{"href":"https:\/\/mosaic.ee\/et\/wp-json\/wp\/v2\/media?parent=909"}],"curies":[{"name":"wp","href":"https:\/\/api.w.org\/{rel}","templated":true}]}}