{"id":896,"date":"2023-08-16T15:47:19","date_gmt":"2023-08-16T12:47:19","guid":{"rendered":"https:\/\/mosaic.ee\/?page_id=896"},"modified":"2024-06-03T14:14:06","modified_gmt":"2024-06-03T11:14:06","slug":"nvivo","status":"publish","type":"page","link":"https:\/\/mosaic.ee\/et\/nvivo\/","title":{"rendered":"Nvivo"},"content":{"rendered":"<div data-elementor-type=\"wp-page\" data-elementor-id=\"896\" class=\"elementor elementor-896\" data-elementor-post-type=\"page\">\n\t\t\t\t\t\t<section class=\"elementor-section elementor-top-section elementor-element elementor-element-462165d8 elementor-section-boxed elementor-section-height-default elementor-section-height-default\" data-id=\"462165d8\" data-element_type=\"section\" data-e-type=\"section\">\n\t\t\t\t\t\t<div class=\"elementor-container elementor-column-gap-default\">\n\t\t\t\t\t<div class=\"elementor-column elementor-col-100 elementor-top-column elementor-element elementor-element-12452c6b\" data-id=\"12452c6b\" data-element_type=\"column\" data-e-type=\"column\">\n\t\t\t<div class=\"elementor-widget-wrap elementor-element-populated\">\n\t\t\t\t\t\t<div class=\"elementor-element elementor-element-2af448b8 elementor-widget elementor-widget-heading\" data-id=\"2af448b8\" data-element_type=\"widget\" data-e-type=\"widget\" data-widget_type=\"heading.default\">\n\t\t\t\t\t<h2 class=\"elementor-heading-title elementor-size-xl\">Parandage oma teadusuuringuid Mosaici Nvivo tarkvaralahendustega <\/h2>\t\t\t\t<\/div>\n\t\t\t\t\t<\/div>\n\t\t<\/div>\n\t\t\t\t\t<\/div>\n\t\t<\/section>\n\t\t<div class=\"elementor-element elementor-element-7e2a176c e-flex e-con-boxed e-con e-parent\" data-id=\"7e2a176c\" data-element_type=\"container\" data-e-type=\"container\">\n\t\t\t\t\t<div class=\"e-con-inner\">\n\t\t\t\t<div class=\"elementor-element elementor-element-6e56ab3f elementor-widget elementor-widget-image\" data-id=\"6e56ab3f\" data-element_type=\"widget\" data-e-type=\"widget\" data-widget_type=\"image.default\">\n\t\t\t\t\t\t\t\t\t\t\t\t\t\t\t<img fetchpriority=\"high\" decoding=\"async\" width=\"768\" height=\"367\" src=\"https:\/\/mosaic.ee\/wp-content\/uploads\/2023\/08\/vectorstock_32262468_transparent-768x367.png\" class=\"attachment-medium_large size-medium_large wp-image-899\" alt=\"\" srcset=\"https:\/\/mosaic.ee\/wp-content\/uploads\/2023\/08\/vectorstock_32262468_transparent-768x367.png 768w, https:\/\/mosaic.ee\/wp-content\/uploads\/2023\/08\/vectorstock_32262468_transparent-300x143.png 300w, https:\/\/mosaic.ee\/wp-content\/uploads\/2023\/08\/vectorstock_32262468_transparent-1024x489.png 1024w, https:\/\/mosaic.ee\/wp-content\/uploads\/2023\/08\/vectorstock_32262468_transparent-1536x734.png 1536w, https:\/\/mosaic.ee\/wp-content\/uploads\/2023\/08\/vectorstock_32262468_transparent-2048x979.png 2048w, https:\/\/mosaic.ee\/wp-content\/uploads\/2023\/08\/vectorstock_32262468_transparent-18x9.png 18w\" sizes=\"(max-width: 768px) 100vw, 768px\" \/>\t\t\t\t\t\t\t\t\t\t\t\t\t\t\t<\/div>\n\t\t\t\t\t<\/div>\n\t\t\t\t<\/div>\n\t\t<div class=\"elementor-element elementor-element-75e9a6f7 e-flex e-con-boxed e-con e-parent\" data-id=\"75e9a6f7\" data-element_type=\"container\" data-e-type=\"container\">\n\t\t\t\t\t<div class=\"e-con-inner\">\n\t\t\t\t<div class=\"elementor-element elementor-element-604aa9a7 elementor-widget elementor-widget-heading\" data-id=\"604aa9a7\" data-element_type=\"widget\" data-e-type=\"widget\" data-widget_type=\"heading.default\">\n\t\t\t\t\t<h2 class=\"elementor-heading-title elementor-size-large\">Miks Nvivo tarkvara?<\/h2>\t\t\t\t<\/div>\n\t\t\t\t\t<\/div>\n\t\t\t\t<\/div>\n\t\t<div class=\"elementor-element elementor-element-1f191609 e-flex e-con-boxed e-con e-parent\" data-id=\"1f191609\" data-element_type=\"container\" data-e-type=\"container\">\n\t\t\t\t\t<div class=\"e-con-inner\">\n\t\t\t\t<div class=\"elementor-element elementor-element-58465891 elementor-widget elementor-widget-text-editor\" data-id=\"58465891\" data-element_type=\"widget\" data-e-type=\"widget\" data-widget_type=\"text-editor.default\">\n\t\t\t\t\t\t\t\t\t<div><p><span lang=\"EN-GB\"><span style=\"color: #3366ff;\"><a style=\"color: #3366ff;\" href=\"https:\/\/lumivero.com\/products\/nvivo\/\" target=\"_blank\" rel=\"noopener\">Nvivo<\/a><\/span> on v\u00f5imas tarkvaravahend, mis aitab teadlastel ja anal\u00fc\u00fctikutel koguda, korrastada ja anal\u00fc\u00fcsida kvalitatiivseid andmeid. Nvivo abil saate h\u00f5lpsasti anal\u00fc\u00fcsida suuri andmekogumeid, tuvastada suundumusi ja genereerida teadmisi, mis v\u00f5ivad anda teavet teie uuringutele.<\/span><\/p><\/div><div><p><span lang=\"EN-GB\">Nvivo pakub andmete anal\u00fc\u00fcsimiseks mitmesuguseid vahendeid, sealhulgas tekstianal\u00fc\u00fcsi, visualiseerimise ja kaardistamise vahendeid. Nende funktsioonide abil saate h\u00f5lpsasti tuvastada oma andmetes mustreid ja seoseid, mis h\u00f5lbustab sisuliste j\u00e4relduste tegemist.<\/span><\/p><\/div><div><p><span lang=\"EN-GB\">Siin on kolm peamist kasu <span style=\"color: #3366ff;\"><a style=\"color: #3366ff;\" href=\"https:\/\/lumivero.com\/products\/nvivo\/\" target=\"_blank\" rel=\"noopener\">Nvivo<\/a><\/span> tarkvaralahendused:<\/span><\/p><\/div><div><ol><li><span lang=\"EN-GB\">V\u00f5imsad anal\u00fc\u00fcsivahendid: Nvivo pakub mitmeid v\u00f5imsaid anal\u00fc\u00fcsivahendeid, mis aitavad teil oma andmeid maksimaalselt \u00e4ra kasutada. Alates tekstianal\u00fc\u00fcsist kuni visualiseerimiseni - Nvivo muudab teie andmete m\u00f5testatud anal\u00fc\u00fcsimise lihtsaks.<\/span><\/li><li>Koost\u00f6\u00f6: Nvivo v\u00f5imaldab h\u00f5lpsasti teha koost\u00f6\u00f6d teistega oma uuringutes. T\u00e4nu pilvep\u00f5hisele salvestus- ja koost\u00f6\u00f6vahenditele saate teistega t\u00f6\u00f6tada reaalajas, olenemata sellest, kus nad asuvad.<\/li><li>Paindlikud kasutuselev\u00f5tuv\u00f5imalused: Nvivo on saadaval nii t\u00f6\u00f6laua- kui ka pilvep\u00f5hise lahendusena, mis annab teile paindlikkuse valida teile sobivaima kasutuselev\u00f5tuv\u00f5imaluse.<\/li><\/ol><\/div>\t\t\t\t\t\t\t\t<\/div>\n\t\t\t\t\t<\/div>\n\t\t\t\t<\/div>\n\t\t\t\t<section class=\"elementor-section elementor-top-section elementor-element elementor-element-e5b8865 elementor-section-boxed elementor-section-height-default elementor-section-height-default\" data-id=\"e5b8865\" data-element_type=\"section\" data-e-type=\"section\">\n\t\t\t\t\t\t<div class=\"elementor-container elementor-column-gap-default\">\n\t\t\t\t\t<div class=\"elementor-column elementor-col-50 elementor-top-column elementor-element elementor-element-2dde08b1\" data-id=\"2dde08b1\" data-element_type=\"column\" data-e-type=\"column\">\n\t\t\t<div class=\"elementor-widget-wrap\">\n\t\t\t\t\t\t\t<\/div>\n\t\t<\/div>\n\t\t\t\t<div class=\"elementor-column elementor-col-50 elementor-top-column elementor-element elementor-element-498eb3e8\" data-id=\"498eb3e8\" data-element_type=\"column\" data-e-type=\"column\">\n\t\t\t<div class=\"elementor-widget-wrap elementor-element-populated\">\n\t\t\t\t\t\t<div class=\"elementor-element elementor-element-5dab17b1 elementor-widget elementor-widget-image\" data-id=\"5dab17b1\" data-element_type=\"widget\" data-e-type=\"widget\" data-widget_type=\"image.default\">\n\t\t\t\t\t\t\t\t\t\t\t\t\t\t\t\t<a href=\"https:\/\/lumivero.com\/products\/nvivo\/\" target=\"_blank\" rel=\"noopener\">\n\t\t\t\t\t\t\t<img decoding=\"async\" width=\"300\" height=\"68\" src=\"https:\/\/mosaic.ee\/wp-content\/uploads\/2023\/07\/Logo_High-res-300x68.png\" class=\"attachment-medium size-medium wp-image-376\" alt=\"\" srcset=\"https:\/\/mosaic.ee\/wp-content\/uploads\/2023\/07\/Logo_High-res-300x68.png 300w, https:\/\/mosaic.ee\/wp-content\/uploads\/2023\/07\/Logo_High-res-1024x231.png 1024w, https:\/\/mosaic.ee\/wp-content\/uploads\/2023\/07\/Logo_High-res-768x173.png 768w, https:\/\/mosaic.ee\/wp-content\/uploads\/2023\/07\/Logo_High-res-1536x347.png 1536w, https:\/\/mosaic.ee\/wp-content\/uploads\/2023\/07\/Logo_High-res-2048x462.png 2048w\" sizes=\"(max-width: 300px) 100vw, 300px\" \/>\t\t\t\t\t\t\t\t<\/a>\n\t\t\t\t\t\t\t\t\t\t\t\t\t\t\t<\/div>\n\t\t\t\t\t<\/div>\n\t\t<\/div>\n\t\t\t\t\t<\/div>\n\t\t<\/section>\n\t\t<div class=\"elementor-element elementor-element-46bf6c5d e-flex e-con-boxed e-con e-parent\" data-id=\"46bf6c5d\" data-element_type=\"container\" data-e-type=\"container\">\n\t\t\t\t\t<div class=\"e-con-inner\">\n\t\t\t\t<div class=\"elementor-element elementor-element-6a7aed04 elementor-widget elementor-widget-heading\" data-id=\"6a7aed04\" data-element_type=\"widget\" data-e-type=\"widget\" data-widget_type=\"heading.default\">\n\t\t\t\t\t<h2 class=\"elementor-heading-title elementor-size-large\">Miks osta Nvivo Mosaicilt?<\/h2>\t\t\t\t<\/div>\n\t\t\t\t\t<\/div>\n\t\t\t\t<\/div>\n\t\t<div class=\"elementor-element elementor-element-2e3e815e e-flex e-con-boxed e-con e-parent\" data-id=\"2e3e815e\" data-element_type=\"container\" data-e-type=\"container\">\n\t\t\t\t\t<div class=\"e-con-inner\">\n\t\t\t\t<div class=\"elementor-element elementor-element-475a7ffb elementor-widget elementor-widget-text-editor\" data-id=\"475a7ffb\" data-element_type=\"widget\" data-e-type=\"widget\" data-widget_type=\"text-editor.default\">\n\t\t\t\t\t\t\t\t\t<div><p><span lang=\"EN-GB\">Mosaic on Nvivo tarkvaralahenduste edasim\u00fc\u00fcja. Meie ekspertide meeskond aitab teil valida teie uurimist\u00f6\u00f6ks sobivad Nvivo t\u00f6\u00f6riistad, olgu teil siis vaja tekstianal\u00fc\u00fcsi, andmete visualiseerimist v\u00f5i kaardistamise vahendeid.<\/span><\/p><\/div><div><p><span lang=\"EN-GB\">Edasim\u00fc\u00fcjana on meil juurdep\u00e4\u00e4s uusimatele toodetele ja teenustele, mis tagab teile k\u00f5ige ajakohasemad lahendused. Lisaks sellele v\u00f5imaldab meie tarkvaralitsentside alane p\u00e4devus pakkuda kohandatud lahendusi teie ainulaadsetele uurimisvajadustele.<\/span><\/p><\/div><div><p><span lang=\"EN-GB\">Mosaic on p\u00fchendunud sellele, et pakkuda oma klientidele parimaid v\u00f5imalikke pakkumisi. Nvivo edasim\u00fc\u00fcjana pakume konkurentsiv\u00f5imelist hinda k\u00f5igile Nvivo toodetele ja teenustele. V\u00f5tke meiega juba t\u00e4na \u00fchendust, et saada rohkem teavet meie Nvivo tarkvaralahenduste kohta ja selle kohta, kuidas me saame aidata teil oma uuringuid parandada.<\/span><\/p><\/div>\t\t\t\t\t\t\t\t<\/div>\n\t\t\t\t\t<\/div>\n\t\t\t\t<\/div>\n\t\t\t\t<section class=\"elementor-section elementor-top-section elementor-element elementor-element-53429fa1 elementor-section-boxed elementor-section-height-default elementor-section-height-default\" data-id=\"53429fa1\" data-element_type=\"section\" data-e-type=\"section\">\n\t\t\t\t\t\t<div class=\"elementor-container elementor-column-gap-default\">\n\t\t\t\t\t<div class=\"elementor-column elementor-col-50 elementor-top-column elementor-element elementor-element-3e5887f0\" data-id=\"3e5887f0\" data-element_type=\"column\" data-e-type=\"column\">\n\t\t\t<div class=\"elementor-widget-wrap\">\n\t\t\t\t\t\t\t<\/div>\n\t\t<\/div>\n\t\t\t\t<div class=\"elementor-column elementor-col-50 elementor-top-column elementor-element elementor-element-70106db2\" data-id=\"70106db2\" data-element_type=\"column\" data-e-type=\"column\">\n\t\t\t<div class=\"elementor-widget-wrap elementor-element-populated\">\n\t\t\t\t\t\t<div class=\"elementor-element elementor-element-5f53b6f8 elementor-widget elementor-widget-image\" data-id=\"5f53b6f8\" data-element_type=\"widget\" data-e-type=\"widget\" data-widget_type=\"image.default\">\n\t\t\t\t\t\t\t\t\t\t\t\t\t\t\t\t<a href=\"https:\/\/lumivero.com\/products\/nvivo\/\" target=\"_blank\" rel=\"noopener\">\n\t\t\t\t\t\t\t<img decoding=\"async\" width=\"800\" height=\"180\" src=\"https:\/\/mosaic.ee\/wp-content\/uploads\/2023\/07\/Logo_High-res-1024x231.png\" class=\"attachment-large size-large wp-image-376\" alt=\"\" srcset=\"https:\/\/mosaic.ee\/wp-content\/uploads\/2023\/07\/Logo_High-res-1024x231.png 1024w, https:\/\/mosaic.ee\/wp-content\/uploads\/2023\/07\/Logo_High-res-300x68.png 300w, https:\/\/mosaic.ee\/wp-content\/uploads\/2023\/07\/Logo_High-res-768x173.png 768w, https:\/\/mosaic.ee\/wp-content\/uploads\/2023\/07\/Logo_High-res-1536x347.png 1536w, https:\/\/mosaic.ee\/wp-content\/uploads\/2023\/07\/Logo_High-res-2048x462.png 2048w\" sizes=\"(max-width: 800px) 100vw, 800px\" \/>\t\t\t\t\t\t\t\t<\/a>\n\t\t\t\t\t\t\t\t\t\t\t\t\t\t\t<\/div>\n\t\t\t\t\t<\/div>\n\t\t<\/div>\n\t\t\t\t\t<\/div>\n\t\t<\/section>\n\t\t\t\t<\/div>","protected":false},"excerpt":{"rendered":"<p>Improve Your Research with Nvivo Software Solutions from Mosaic Why Nvivo Software? Nvivo is a powerful software tool that helps researchers and analysts gather, organize, and analyze qualitative data. With Nvivo, you can easily analyze large datasets, identify trends, and generate insights that can inform your research. Nvivo offers a range of tools for analyzing [&hellip;]<\/p>\n","protected":false},"author":1,"featured_media":0,"parent":0,"menu_order":0,"comment_status":"closed","ping_status":"closed","template":"","meta":{"content-type":"","footnotes":""},"class_list":["post-896","page","type-page","status-publish","hentry"],"_links":{"self":[{"href":"https:\/\/mosaic.ee\/et\/wp-json\/wp\/v2\/pages\/896","targetHints":{"allow":["GET"]}}],"collection":[{"href":"https:\/\/mosaic.ee\/et\/wp-json\/wp\/v2\/pages"}],"about":[{"href":"https:\/\/mosaic.ee\/et\/wp-json\/wp\/v2\/types\/page"}],"author":[{"embeddable":true,"href":"https:\/\/mosaic.ee\/et\/wp-json\/wp\/v2\/users\/1"}],"replies":[{"embeddable":true,"href":"https:\/\/mosaic.ee\/et\/wp-json\/wp\/v2\/comments?post=896"}],"version-history":[{"count":7,"href":"https:\/\/mosaic.ee\/et\/wp-json\/wp\/v2\/pages\/896\/revisions"}],"predecessor-version":[{"id":1624,"href":"https:\/\/mosaic.ee\/et\/wp-json\/wp\/v2\/pages\/896\/revisions\/1624"}],"wp:attachment":[{"href":"https:\/\/mosaic.ee\/et\/wp-json\/wp\/v2\/media?parent=896"}],"curies":[{"name":"wp","href":"https:\/\/api.w.org\/{rel}","templated":true}]}}