{"id":883,"date":"2023-08-16T15:36:43","date_gmt":"2023-08-16T12:36:43","guid":{"rendered":"https:\/\/mosaic.ee\/?page_id=883"},"modified":"2024-06-03T15:05:12","modified_gmt":"2024-06-03T12:05:12","slug":"kvark","status":"publish","type":"page","link":"https:\/\/mosaic.ee\/et\/quark\/","title":{"rendered":"Quark"},"content":{"rendered":"<div data-elementor-type=\"wp-page\" data-elementor-id=\"883\" class=\"elementor elementor-883\" data-elementor-post-type=\"page\">\n\t\t\t\t\t\t<section class=\"elementor-section elementor-top-section elementor-element elementor-element-49060ca4 elementor-section-boxed elementor-section-height-default elementor-section-height-default\" data-id=\"49060ca4\" data-element_type=\"section\" data-e-type=\"section\">\n\t\t\t\t\t\t<div class=\"elementor-container elementor-column-gap-default\">\n\t\t\t\t\t<div class=\"elementor-column elementor-col-100 elementor-top-column elementor-element elementor-element-300864a3\" data-id=\"300864a3\" data-element_type=\"column\" data-e-type=\"column\">\n\t\t\t<div class=\"elementor-widget-wrap elementor-element-populated\">\n\t\t\t\t\t\t<div class=\"elementor-element elementor-element-724a324c elementor-widget elementor-widget-heading\" data-id=\"724a324c\" data-element_type=\"widget\" data-e-type=\"widget\" data-widget_type=\"heading.default\">\n\t\t\t\t\t<h2 class=\"elementor-heading-title elementor-size-xl\">Lihtsustage oma kirjastamise t\u00f6\u00f6voogu Quarki tarkvaralahendustega Mosaicilt <\/h2>\t\t\t\t<\/div>\n\t\t\t\t\t<\/div>\n\t\t<\/div>\n\t\t\t\t\t<\/div>\n\t\t<\/section>\n\t\t<div class=\"elementor-element elementor-element-178e6a0b e-flex e-con-boxed e-con e-parent\" data-id=\"178e6a0b\" data-element_type=\"container\" data-e-type=\"container\">\n\t\t\t\t\t<div class=\"e-con-inner\">\n\t\t\t\t<div class=\"elementor-element elementor-element-52409bab elementor-widget elementor-widget-image\" data-id=\"52409bab\" data-element_type=\"widget\" data-e-type=\"widget\" data-widget_type=\"image.default\">\n\t\t\t\t\t\t\t\t\t\t\t\t\t\t\t<img fetchpriority=\"high\" decoding=\"async\" width=\"768\" height=\"449\" src=\"https:\/\/mosaic.ee\/wp-content\/uploads\/2023\/08\/vectorstock_32237714_transparent-768x449.png\" class=\"attachment-medium_large size-medium_large wp-image-886\" alt=\"\" srcset=\"https:\/\/mosaic.ee\/wp-content\/uploads\/2023\/08\/vectorstock_32237714_transparent-768x449.png 768w, https:\/\/mosaic.ee\/wp-content\/uploads\/2023\/08\/vectorstock_32237714_transparent-300x175.png 300w, https:\/\/mosaic.ee\/wp-content\/uploads\/2023\/08\/vectorstock_32237714_transparent-1024x599.png 1024w, https:\/\/mosaic.ee\/wp-content\/uploads\/2023\/08\/vectorstock_32237714_transparent-1536x898.png 1536w, https:\/\/mosaic.ee\/wp-content\/uploads\/2023\/08\/vectorstock_32237714_transparent-2048x1198.png 2048w, https:\/\/mosaic.ee\/wp-content\/uploads\/2023\/08\/vectorstock_32237714_transparent-18x12.png 18w\" sizes=\"(max-width: 768px) 100vw, 768px\" \/>\t\t\t\t\t\t\t\t\t\t\t\t\t\t\t<\/div>\n\t\t\t\t\t<\/div>\n\t\t\t\t<\/div>\n\t\t<div class=\"elementor-element elementor-element-13ddcfee e-flex e-con-boxed e-con e-parent\" data-id=\"13ddcfee\" data-element_type=\"container\" data-e-type=\"container\">\n\t\t\t\t\t<div class=\"e-con-inner\">\n\t\t\t\t<div class=\"elementor-element elementor-element-355b6584 elementor-widget elementor-widget-heading\" data-id=\"355b6584\" data-element_type=\"widget\" data-e-type=\"widget\" data-widget_type=\"heading.default\">\n\t\t\t\t\t<h2 class=\"elementor-heading-title elementor-size-large\">Miks Quark Software?<\/h2>\t\t\t\t<\/div>\n\t\t\t\t\t<\/div>\n\t\t\t\t<\/div>\n\t\t<div class=\"elementor-element elementor-element-e4360a9 e-flex e-con-boxed e-con e-parent\" data-id=\"e4360a9\" data-element_type=\"container\" data-e-type=\"container\">\n\t\t\t\t\t<div class=\"e-con-inner\">\n\t\t\t\t<div class=\"elementor-element elementor-element-71ce4a9b elementor-widget elementor-widget-text-editor\" data-id=\"71ce4a9b\" data-element_type=\"widget\" data-e-type=\"widget\" data-widget_type=\"text-editor.default\">\n\t\t\t\t\t\t\t\t\t<div><div><p><span lang=\"EN-GB\"><span style=\"color: #3366ff;\"><a style=\"color: #3366ff;\" href=\"https:\/\/www.quark.com\" target=\"_blank\" rel=\"noopener\">Quark<\/a><\/span> Tarkvara on juhtiv kirjastustarkvaralahenduste pakkuja, mis aitab ettev\u00f5tetel oma t\u00f6\u00f6vooge sujuvamaks muuta ja t\u00f5husust suurendada. Quarki tarkvara abil saate h\u00f5lpsasti luua, avaldada ja hallata sisu mitmetes kanalites ja seadmetes.<\/span><\/p><\/div><div><p><span lang=\"EN-GB\">Quarki tarkvarapakkumised h\u00f5lmavad t\u00f6\u00f6lauapublitseerimist, d\u00fcnaamilist kirjastamist, sisu automatiseerimist ja br\u00e4ndihaldust, mis teeb sellest olulise vahendi ettev\u00f5tetele, kes soovivad oma kirjastusprotsessi lihtsustada. Quarki abil saate v\u00e4hendada k\u00e4sitsi tehtavaid \u00fclesandeid, \u00fchtlustada heakskiitmist ja tagada sisu j\u00e4rjepidevuse.<\/span><\/p><\/div><div><p><span lang=\"EN-GB\">Siin on kolm peamist kasu <span style=\"color: #3366ff;\"><a style=\"color: #3366ff;\" href=\"https:\/\/www.quark.com\" target=\"_blank\" rel=\"noopener\">Quark<\/a><\/span> tarkvaralahendused:<\/span><\/p><\/div><\/div><ol style=\"font-weight: 400;\"><li><div><span lang=\"EN-GB\">T\u00f5husad t\u00f6\u00f6vood: Quarki tarkvaralahendused v\u00f5imaldavad teil automatiseerida oma kirjastamise t\u00f6\u00f6voogu, v\u00e4hendades k\u00e4sitsi tehtavaid \u00fclesandeid ja t\u00f5hustades sisu loomise protsessi. Quarki abil saate h\u00f5lpsasti teha koost\u00f6\u00f6d oma meeskonnaga ja kiirendada heakskiitmist, tagades, et teie sisu on alati ajakohane ja ajakohane. <\/span><\/div><\/li><li><div><span lang=\"EN-GB\">Paindlik kirjastamine: Quarki tarkvaralahendused v\u00f5imaldavad teil avaldada oma sisu mitmes kanalis ja seadmes, tagades, et teie s\u00f5num j\u00f5uab sihtr\u00fchmani. T\u00e4nu paindlikele avaldamisv\u00f5imalustele saate h\u00f5lpsasti luua sisu tr\u00fckkimiseks, veebi, mobiilside ja sotsiaalmeedia jaoks, ilma et vajaksite mitut t\u00f6\u00f6riista v\u00f5i platvormi. <\/span><\/div><\/li><li><div><p><span lang=\"EN-GB\">Br\u00e4ndi j\u00e4rjepidevus: Quarki tarkvaralahendused pakuvad br\u00e4ndihaldusfunktsioone, mis tagavad, et teie sisu on alati br\u00e4ndi ja j\u00e4rjepidev. T\u00e4nu br\u00e4ndi suuniste, mallide ja varade haldamise vahenditele saate h\u00f5lpsasti luua ja s\u00e4ilitada j\u00e4rjepidevat br\u00e4ndiidentiteeti kogu oma sisus.<\/span><\/p><\/div><\/li><\/ol>\t\t\t\t\t\t\t\t<\/div>\n\t\t\t\t\t<\/div>\n\t\t\t\t<\/div>\n\t\t\t\t<section class=\"elementor-section elementor-top-section elementor-element elementor-element-7e63976a elementor-section-boxed elementor-section-height-default elementor-section-height-default\" data-id=\"7e63976a\" data-element_type=\"section\" data-e-type=\"section\">\n\t\t\t\t\t\t<div class=\"elementor-container elementor-column-gap-default\">\n\t\t\t\t\t<div class=\"elementor-column elementor-col-50 elementor-top-column elementor-element elementor-element-3ba3e4ab\" data-id=\"3ba3e4ab\" data-element_type=\"column\" data-e-type=\"column\">\n\t\t\t<div class=\"elementor-widget-wrap\">\n\t\t\t\t\t\t\t<\/div>\n\t\t<\/div>\n\t\t\t\t<div class=\"elementor-column elementor-col-50 elementor-top-column elementor-element elementor-element-2c25291b\" data-id=\"2c25291b\" data-element_type=\"column\" data-e-type=\"column\">\n\t\t\t<div class=\"elementor-widget-wrap elementor-element-populated\">\n\t\t\t\t\t\t<div class=\"elementor-element elementor-element-2ec2f999 elementor-widget elementor-widget-image\" data-id=\"2ec2f999\" data-element_type=\"widget\" data-e-type=\"widget\" data-widget_type=\"image.default\">\n\t\t\t\t\t\t\t\t\t\t\t\t\t\t\t\t<a href=\"https:\/\/www.quark.com\" target=\"_blank\" rel=\"noopener\">\n\t\t\t\t\t\t\t<img decoding=\"async\" width=\"300\" height=\"109\" src=\"https:\/\/mosaic.ee\/wp-content\/uploads\/2023\/07\/Quark_logo_2021.svg_-300x109.png\" class=\"attachment-medium size-medium wp-image-368\" alt=\"\" srcset=\"https:\/\/mosaic.ee\/wp-content\/uploads\/2023\/07\/Quark_logo_2021.svg_-300x109.png 300w, https:\/\/mosaic.ee\/wp-content\/uploads\/2023\/07\/Quark_logo_2021.svg_-1024x371.png 1024w, https:\/\/mosaic.ee\/wp-content\/uploads\/2023\/07\/Quark_logo_2021.svg_-768x278.png 768w, https:\/\/mosaic.ee\/wp-content\/uploads\/2023\/07\/Quark_logo_2021.svg_.png 1200w\" sizes=\"(max-width: 300px) 100vw, 300px\" \/>\t\t\t\t\t\t\t\t<\/a>\n\t\t\t\t\t\t\t\t\t\t\t\t\t\t\t<\/div>\n\t\t\t\t\t<\/div>\n\t\t<\/div>\n\t\t\t\t\t<\/div>\n\t\t<\/section>\n\t\t<div class=\"elementor-element elementor-element-4124f9c7 e-flex e-con-boxed e-con e-parent\" data-id=\"4124f9c7\" data-element_type=\"container\" data-e-type=\"container\">\n\t\t\t\t\t<div class=\"e-con-inner\">\n\t\t\t\t<div class=\"elementor-element elementor-element-8a05159 elementor-widget elementor-widget-heading\" data-id=\"8a05159\" data-element_type=\"widget\" data-e-type=\"widget\" data-widget_type=\"heading.default\">\n\t\t\t\t\t<h2 class=\"elementor-heading-title elementor-size-large\">Miks osta Quarki Mosaicilt?<\/h2>\t\t\t\t<\/div>\n\t\t\t\t\t<\/div>\n\t\t\t\t<\/div>\n\t\t<div class=\"elementor-element elementor-element-2f279d65 e-flex e-con-boxed e-con e-parent\" data-id=\"2f279d65\" data-element_type=\"container\" data-e-type=\"container\">\n\t\t\t\t\t<div class=\"e-con-inner\">\n\t\t\t\t<div class=\"elementor-element elementor-element-60224163 elementor-widget elementor-widget-text-editor\" data-id=\"60224163\" data-element_type=\"widget\" data-e-type=\"widget\" data-widget_type=\"text-editor.default\">\n\t\t\t\t\t\t\t\t\t<div><p><span lang=\"EN-GB\">Mosaic on Quarki partner ja Quarki tarkvaralahenduste volitatud edasim\u00fc\u00fcja. Meie ekspertide meeskond aitab teil valida teie ettev\u00f5ttele sobivad Quarki t\u00f6\u00f6riistad, olgu teil siis vaja lauaarvutite kirjastamise, d\u00fcnaamilise kirjastamise, sisu automatiseerimise v\u00f5i br\u00e4ndihalduse lahendusi.<\/span><\/p><\/div><div><p><span lang=\"EN-GB\">Quarki partnerina on meil juurdep\u00e4\u00e4s uusimatele toodetele ja teenustele, mis tagab teile k\u00f5ige ajakohasemad lahendused. Lisaks sellele v\u00f5imaldab meie tarkvaralitsentside alane asjatundlikkus pakkuda kohandatud lahendusi teie unikaalsetele \u00e4rivajadustele. Oleme uhked kiire hinnapakkumiste koostamise ja tarnimise teenuse \u00fcle, mis tagab, et saate vajalikud lahendused kiiresti kasutusele v\u00f5tta.<\/span><\/p><\/div><div><p><span lang=\"EN-GB\">Mosaic on p\u00fchendunud sellele, et pakkuda oma klientidele parimaid v\u00f5imalikke pakkumisi. Quarki volitatud edasim\u00fc\u00fcjana pakume konkurentsiv\u00f5imelisi hindu k\u00f5igile Quarki toodetele ja teenustele. V\u00f5tke meiega juba t\u00e4na \u00fchendust, et saada rohkem teavet meie Quarki tarkvaralahenduste kohta ja selle kohta, kuidas me saame aidata teil lihtsustada oma kirjastamise t\u00f6\u00f6voogu.<\/span><\/p><\/div>\t\t\t\t\t\t\t\t<\/div>\n\t\t\t\t\t<\/div>\n\t\t\t\t<\/div>\n\t\t\t\t<section class=\"elementor-section elementor-top-section elementor-element elementor-element-32220e86 elementor-section-boxed elementor-section-height-default elementor-section-height-default\" data-id=\"32220e86\" data-element_type=\"section\" data-e-type=\"section\">\n\t\t\t\t\t\t<div class=\"elementor-container elementor-column-gap-default\">\n\t\t\t\t\t<div class=\"elementor-column elementor-col-50 elementor-top-column elementor-element elementor-element-6f5f64a\" data-id=\"6f5f64a\" data-element_type=\"column\" data-e-type=\"column\">\n\t\t\t<div class=\"elementor-widget-wrap\">\n\t\t\t\t\t\t\t<\/div>\n\t\t<\/div>\n\t\t\t\t<div class=\"elementor-column elementor-col-50 elementor-top-column elementor-element elementor-element-29c2ccd6\" data-id=\"29c2ccd6\" data-element_type=\"column\" data-e-type=\"column\">\n\t\t\t<div class=\"elementor-widget-wrap elementor-element-populated\">\n\t\t\t\t\t\t<div class=\"elementor-element elementor-element-1b2280c9 elementor-widget elementor-widget-image\" data-id=\"1b2280c9\" data-element_type=\"widget\" data-e-type=\"widget\" data-widget_type=\"image.default\">\n\t\t\t\t\t\t\t\t\t\t\t\t\t\t\t\t<a href=\"https:\/\/www.quark.com\" target=\"_blank\" rel=\"noopener\">\n\t\t\t\t\t\t\t<img decoding=\"async\" width=\"800\" height=\"474\" src=\"https:\/\/mosaic.ee\/wp-content\/uploads\/2023\/11\/approved_partner_coloured_big-1024x607.jpg\" class=\"attachment-large size-large wp-image-2488\" alt=\"Quark heakskiidetud partneri logo\" srcset=\"https:\/\/mosaic.ee\/wp-content\/uploads\/2023\/11\/approved_partner_coloured_big-1024x607.jpg 1024w, https:\/\/mosaic.ee\/wp-content\/uploads\/2023\/11\/approved_partner_coloured_big-300x178.jpg 300w, https:\/\/mosaic.ee\/wp-content\/uploads\/2023\/11\/approved_partner_coloured_big-768x455.jpg 768w, https:\/\/mosaic.ee\/wp-content\/uploads\/2023\/11\/approved_partner_coloured_big-18x12.jpg 18w, https:\/\/mosaic.ee\/wp-content\/uploads\/2023\/11\/approved_partner_coloured_big.jpg 1125w\" sizes=\"(max-width: 800px) 100vw, 800px\" \/>\t\t\t\t\t\t\t\t<\/a>\n\t\t\t\t\t\t\t\t\t\t\t\t\t\t\t<\/div>\n\t\t\t\t\t<\/div>\n\t\t<\/div>\n\t\t\t\t\t<\/div>\n\t\t<\/section>\n\t\t\t\t<\/div>","protected":false},"excerpt":{"rendered":"<p>Simplify Your Publishing Workflow with Quark Software Solutions from Mosaic Why Quark Software? Quark Software is a leading provider of publishing software solutions that help businesses streamline their workflows and improve efficiency. With Quark software, you can easily create, publish, and manage content across multiple channels and devices. Quark&#8217;s software offerings include desktop publishing, dynamic [&hellip;]<\/p>\n","protected":false},"author":1,"featured_media":0,"parent":0,"menu_order":0,"comment_status":"closed","ping_status":"closed","template":"","meta":{"content-type":"","footnotes":""},"class_list":["post-883","page","type-page","status-publish","hentry"],"_links":{"self":[{"href":"https:\/\/mosaic.ee\/et\/wp-json\/wp\/v2\/pages\/883","targetHints":{"allow":["GET"]}}],"collection":[{"href":"https:\/\/mosaic.ee\/et\/wp-json\/wp\/v2\/pages"}],"about":[{"href":"https:\/\/mosaic.ee\/et\/wp-json\/wp\/v2\/types\/page"}],"author":[{"embeddable":true,"href":"https:\/\/mosaic.ee\/et\/wp-json\/wp\/v2\/users\/1"}],"replies":[{"embeddable":true,"href":"https:\/\/mosaic.ee\/et\/wp-json\/wp\/v2\/comments?post=883"}],"version-history":[{"count":10,"href":"https:\/\/mosaic.ee\/et\/wp-json\/wp\/v2\/pages\/883\/revisions"}],"predecessor-version":[{"id":2491,"href":"https:\/\/mosaic.ee\/et\/wp-json\/wp\/v2\/pages\/883\/revisions\/2491"}],"wp:attachment":[{"href":"https:\/\/mosaic.ee\/et\/wp-json\/wp\/v2\/media?parent=883"}],"curies":[{"name":"wp","href":"https:\/\/api.w.org\/{rel}","templated":true}]}}