{"id":877,"date":"2023-08-16T15:31:19","date_gmt":"2023-08-16T12:31:19","guid":{"rendered":"https:\/\/mosaic.ee\/?page_id=877"},"modified":"2024-05-30T12:09:05","modified_gmt":"2024-05-30T09:09:05","slug":"alludo","status":"publish","type":"page","link":"https:\/\/mosaic.ee\/et\/alludo\/","title":{"rendered":"Alludo"},"content":{"rendered":"<div data-elementor-type=\"wp-page\" data-elementor-id=\"877\" class=\"elementor elementor-877\" data-elementor-post-type=\"page\">\n\t\t\t\t\t\t<section class=\"elementor-section elementor-top-section elementor-element elementor-element-791f5a23 elementor-section-boxed elementor-section-height-default elementor-section-height-default\" data-id=\"791f5a23\" data-element_type=\"section\" data-e-type=\"section\">\n\t\t\t\t\t\t<div class=\"elementor-container elementor-column-gap-default\">\n\t\t\t\t\t<div class=\"elementor-column elementor-col-100 elementor-top-column elementor-element elementor-element-422133be\" data-id=\"422133be\" data-element_type=\"column\" data-e-type=\"column\">\n\t\t\t<div class=\"elementor-widget-wrap elementor-element-populated\">\n\t\t\t\t\t\t<div class=\"elementor-element elementor-element-2c5cc836 elementor-widget elementor-widget-heading\" data-id=\"2c5cc836\" data-element_type=\"widget\" data-e-type=\"widget\" data-widget_type=\"heading.default\">\n\t\t\t\t\t<h2 class=\"elementor-heading-title elementor-size-xl\">Tootlikkuse ja loovuse vabastamine Alludo tarkvaralahendustega Mosaicilt <\/h2>\t\t\t\t<\/div>\n\t\t\t\t\t<\/div>\n\t\t<\/div>\n\t\t\t\t\t<\/div>\n\t\t<\/section>\n\t\t<div class=\"elementor-element elementor-element-55b1fa1 e-flex e-con-boxed e-con e-parent\" data-id=\"55b1fa1\" data-element_type=\"container\" data-e-type=\"container\">\n\t\t\t\t\t<div class=\"e-con-inner\">\n\t\t\t\t<div class=\"elementor-element elementor-element-47542aa elementor-widget elementor-widget-image\" data-id=\"47542aa\" data-element_type=\"widget\" data-e-type=\"widget\" data-widget_type=\"image.default\">\n\t\t\t\t\t\t\t\t\t\t\t\t\t\t\t<img fetchpriority=\"high\" decoding=\"async\" width=\"768\" height=\"320\" src=\"https:\/\/mosaic.ee\/wp-content\/uploads\/2023\/08\/vectorstock_22428446_transparent-768x320.png\" class=\"attachment-medium_large size-medium_large wp-image-1404\" alt=\"S\u00fclearvutiga t\u00f6\u00f6tav isik\" srcset=\"https:\/\/mosaic.ee\/wp-content\/uploads\/2023\/08\/vectorstock_22428446_transparent-768x320.png 768w, https:\/\/mosaic.ee\/wp-content\/uploads\/2023\/08\/vectorstock_22428446_transparent-300x125.png 300w, https:\/\/mosaic.ee\/wp-content\/uploads\/2023\/08\/vectorstock_22428446_transparent-1024x427.png 1024w, https:\/\/mosaic.ee\/wp-content\/uploads\/2023\/08\/vectorstock_22428446_transparent-1536x641.png 1536w, https:\/\/mosaic.ee\/wp-content\/uploads\/2023\/08\/vectorstock_22428446_transparent-2048x855.png 2048w, https:\/\/mosaic.ee\/wp-content\/uploads\/2023\/08\/vectorstock_22428446_transparent-18x8.png 18w\" sizes=\"(max-width: 768px) 100vw, 768px\" \/>\t\t\t\t\t\t\t\t\t\t\t\t\t\t\t<\/div>\n\t\t\t\t\t<\/div>\n\t\t\t\t<\/div>\n\t\t<div class=\"elementor-element elementor-element-307d860d e-flex e-con-boxed e-con e-parent\" data-id=\"307d860d\" data-element_type=\"container\" data-e-type=\"container\">\n\t\t\t\t\t<div class=\"e-con-inner\">\n\t\t\t\t<div class=\"elementor-element elementor-element-68bf9e06 elementor-widget elementor-widget-heading\" data-id=\"68bf9e06\" data-element_type=\"widget\" data-e-type=\"widget\" data-widget_type=\"heading.default\">\n\t\t\t\t\t<h2 class=\"elementor-heading-title elementor-size-large\">Miks Alludo tarkvara?<\/h2>\t\t\t\t<\/div>\n\t\t\t\t\t<\/div>\n\t\t\t\t<\/div>\n\t\t<div class=\"elementor-element elementor-element-3196ad25 e-flex e-con-boxed e-con e-parent\" data-id=\"3196ad25\" data-element_type=\"container\" data-e-type=\"container\">\n\t\t\t\t\t<div class=\"e-con-inner\">\n\t\t\t\t<div class=\"elementor-element elementor-element-301f1055 elementor-widget elementor-widget-text-editor\" data-id=\"301f1055\" data-element_type=\"widget\" data-e-type=\"widget\" data-widget_type=\"text-editor.default\">\n\t\t\t\t\t\t\t\t\t<p style=\"font-weight: 400;\">Tootlikkuse ja loovuse vabastamine koos <span style=\"color: #3366ff;\"><a style=\"color: #3366ff;\" href=\"https:\/\/www.alludo.com\/en\/\" target=\"_blank\" rel=\"noopener\">Alludo<\/a><\/span> Mosaic O\u00dc tarkvaralahendused<\/p><p style=\"font-weight: 400;\">Alludo on d\u00fcnaamiline tarkvarafirma, mis on juba \u00fcle 35 aasta tegutsenud teadmistep\u00f5histe t\u00f6\u00f6tajate v\u00f5imestamisel uuenduslike graafika-, virtualiseerimis- ja tootlikkuse lahendustega. Alludo on tuntud kaubam\u00e4rkide nagu Parallels\u00ae, CorelDRAW\u00ae, MindManager\u00ae ja WinZip\u00ae taga ning on p\u00fchendunud teie organisatsiooni tootlikkuse ja loovuse suurendamisele.<\/p><p style=\"font-weight: 400;\">Alludo mitmek\u00fclgne tarkvaralahenduste valik h\u00f5lmab erinevaid valdkondi, sealhulgas graafilist disaini, virtualiseerimistehnoloogiat, m\u00f5ttekaardistamist ja failide pakkimist. Alludo lahenduste abil saate \u00fchtlustada t\u00f6\u00f6vooge, v\u00f5imendada loovust ja anda oma meeskonnale t\u00f6\u00f6riistad, mida usaldavad spetsialistid kogu maailmas.<\/p><p style=\"font-weight: 400;\">Peamised eelised <span style=\"color: #3366ff;\"><a style=\"color: #3366ff;\" href=\"https:\/\/www.alludo.com\/en\/\" target=\"_blank\" rel=\"noopener\">Alludo<\/a><\/span> Tarkvaralahendused:<\/p><ol style=\"font-weight: 400;\"><li>Suurep\u00e4rane graafika: Alludo tarkvaralahendused pakuvad tipptasemel vahendeid graafilise disaini jaoks, mis v\u00f5imaldab teil luua visuaalselt uimastavat sisu ja suhelda t\u00f5husalt.<\/li><li>Virtualiseerimise innovatsioon: Alludo virtualiseerimistehnoloogia, sealhulgas Parallels\u00ae, annab organisatsioonidele v\u00f5imaluse kasutada sujuvalt mitut operatsioonis\u00fcsteemi, suurendades t\u00f5husust ja paindlikkust.<\/li><li>Tootlikkuse suurendamine: Alludo tootlikkuse lahendused, nagu MindManager\u00ae ja WinZip\u00ae, annavad teie meeskonnale vahendid ideede organiseerimiseks, failide tihendamiseks ja koost\u00f6\u00f6 t\u00f5hustamiseks.<\/li><li>Usaldusv\u00e4\u00e4rne p\u00e4rand: Alludo on enam kui kolm aastak\u00fcmmet kestnud p\u00e4randiga usaldusv\u00e4\u00e4rne partner, kes on tuntud kvaliteetsete lahenduste pakkumise poolest, mis vastavad teadmistep\u00f5histe t\u00f6\u00f6tajate vajadustele.<\/li><\/ol>\t\t\t\t\t\t\t\t<\/div>\n\t\t\t\t\t<\/div>\n\t\t\t\t<\/div>\n\t\t\t\t<section class=\"elementor-section elementor-top-section elementor-element elementor-element-1589dd14 elementor-section-boxed elementor-section-height-default elementor-section-height-default\" data-id=\"1589dd14\" data-element_type=\"section\" data-e-type=\"section\">\n\t\t\t\t\t\t<div class=\"elementor-container elementor-column-gap-default\">\n\t\t\t\t\t<div class=\"elementor-column elementor-col-50 elementor-top-column elementor-element elementor-element-7b60655f\" data-id=\"7b60655f\" data-element_type=\"column\" data-e-type=\"column\">\n\t\t\t<div class=\"elementor-widget-wrap\">\n\t\t\t\t\t\t\t<\/div>\n\t\t<\/div>\n\t\t\t\t<div class=\"elementor-column elementor-col-50 elementor-top-column elementor-element elementor-element-4c4f0c9d\" data-id=\"4c4f0c9d\" data-element_type=\"column\" data-e-type=\"column\">\n\t\t\t<div class=\"elementor-widget-wrap elementor-element-populated\">\n\t\t\t\t\t\t<div class=\"elementor-element elementor-element-c73b2e3 elementor-widget elementor-widget-image\" data-id=\"c73b2e3\" data-element_type=\"widget\" data-e-type=\"widget\" data-widget_type=\"image.default\">\n\t\t\t\t\t\t\t\t\t\t\t\t\t\t\t\t<a href=\"https:\/\/www.alludo.com\/en\/\" target=\"_blank\" rel=\"noopener\">\n\t\t\t\t\t\t\t<img decoding=\"async\" width=\"300\" height=\"185\" src=\"https:\/\/mosaic.ee\/wp-content\/uploads\/2023\/07\/alludo_partner-300x185.png\" class=\"attachment-medium size-medium wp-image-364\" alt=\"\" srcset=\"https:\/\/mosaic.ee\/wp-content\/uploads\/2023\/07\/alludo_partner-300x185.png 300w, https:\/\/mosaic.ee\/wp-content\/uploads\/2023\/07\/alludo_partner.png 580w\" sizes=\"(max-width: 300px) 100vw, 300px\" \/>\t\t\t\t\t\t\t\t<\/a>\n\t\t\t\t\t\t\t\t\t\t\t\t\t\t\t<\/div>\n\t\t\t\t\t<\/div>\n\t\t<\/div>\n\t\t\t\t\t<\/div>\n\t\t<\/section>\n\t\t<div class=\"elementor-element elementor-element-43919fcb e-flex e-con-boxed e-con e-parent\" data-id=\"43919fcb\" data-element_type=\"container\" data-e-type=\"container\">\n\t\t\t\t\t<div class=\"e-con-inner\">\n\t\t\t\t<div class=\"elementor-element elementor-element-42008b96 elementor-widget elementor-widget-heading\" data-id=\"42008b96\" data-element_type=\"widget\" data-e-type=\"widget\" data-widget_type=\"heading.default\">\n\t\t\t\t\t<h2 class=\"elementor-heading-title elementor-size-large\">Miks osta Alludo Mosaicilt?<\/h2>\t\t\t\t<\/div>\n\t\t\t\t\t<\/div>\n\t\t\t\t<\/div>\n\t\t<div class=\"elementor-element elementor-element-1a5d083a e-flex e-con-boxed e-con e-parent\" data-id=\"1a5d083a\" data-element_type=\"container\" data-e-type=\"container\">\n\t\t\t\t\t<div class=\"e-con-inner\">\n\t\t\t\t<div class=\"elementor-element elementor-element-25c6e39 elementor-widget elementor-widget-text-editor\" data-id=\"25c6e39\" data-element_type=\"widget\" data-e-type=\"widget\" data-widget_type=\"text-editor.default\">\n\t\t\t\t\t\t\t\t\t<div><p><span lang=\"EN-GB\">Mosaic pakub Alludo tuntud tarkvaralahendusi, mis v\u00f5imaldavad organisatsioonidel kasutada tootlikkuse ja loovuse suurendamise p\u00e4randit. Meie ekspertide meeskond aitab teil valida \u00f5igeid Alludo tooteid, mis vastavad teie organisatsiooni eesm\u00e4rkidele ja n\u00f5uetele.<\/span><\/p><\/div><div><p><span lang=\"EN-GB\">Usaldusv\u00e4\u00e4rse partnerina on Mosaic spetsialiseerunud tarkvaralahenduste tarnimisele, mis parandavad graafilise disaini, virtualiseerimisv\u00f5imalusi ja \u00fcldist tootlikkust. T\u00e4nu meie kogemustele saate Alludo lahendused sujuvalt oma keskkonda integreerida ja kasutada t\u00f6\u00f6stuse juhtivate t\u00f6\u00f6riistade eeliseid.<\/span><\/p><\/div><div><p><span lang=\"EN-GB\">Mosaic on p\u00fchendunud erakordsele klienditeenindusele ja konkurentsiv\u00f5imelistele hindadele. Valides Alludo lahendused Mosaicilt, saate juurdep\u00e4\u00e4su uuenduslikule tarkvarale, mis v\u00f5imaldab teie organisatsioonil saavutada tootlikkuse ja loovuse uue taseme.<\/span><\/p><\/div><div><p><span lang=\"EN-GB\">Alludo tarkvaralahendustega potentsiaali vallandamine<\/span><\/p><\/div><div><span lang=\"EN-GB\">Alludo tarkvaralahendused pakuvad ettev\u00f5tetele vajalikke vahendeid graafilise disaini, virtualiseerimistehnoloogia ja \u00fcldise tootlikkuse parandamiseks. Koost\u00f6\u00f6 Mosaic O\u00dc-ga tagab, et saate Alludo lahenduste t\u00f5husaks rakendamiseks asjatundlikku juhendamist ja tuge. V\u00f5tke meiega juba t\u00e4na \u00fchendust, et uurida, kuidas Alludo lahendused v\u00f5ivad t\u00f5sta teie ettev\u00f5tte tootlikkust ja loovust.<\/span><\/div>\t\t\t\t\t\t\t\t<\/div>\n\t\t\t\t\t<\/div>\n\t\t\t\t<\/div>\n\t\t\t\t<section class=\"elementor-section elementor-top-section elementor-element elementor-element-3af15d89 elementor-section-boxed elementor-section-height-default elementor-section-height-default\" data-id=\"3af15d89\" data-element_type=\"section\" data-e-type=\"section\">\n\t\t\t\t\t\t<div class=\"elementor-container elementor-column-gap-default\">\n\t\t\t\t\t<div class=\"elementor-column elementor-col-50 elementor-top-column elementor-element elementor-element-498d71a4\" data-id=\"498d71a4\" data-element_type=\"column\" data-e-type=\"column\">\n\t\t\t<div class=\"elementor-widget-wrap\">\n\t\t\t\t\t\t\t<\/div>\n\t\t<\/div>\n\t\t\t\t<div class=\"elementor-column elementor-col-50 elementor-top-column elementor-element elementor-element-349c9782\" data-id=\"349c9782\" data-element_type=\"column\" data-e-type=\"column\">\n\t\t\t<div class=\"elementor-widget-wrap elementor-element-populated\">\n\t\t\t\t\t\t<div class=\"elementor-element elementor-element-1018f018 elementor-widget elementor-widget-image\" data-id=\"1018f018\" data-element_type=\"widget\" data-e-type=\"widget\" data-widget_type=\"image.default\">\n\t\t\t\t\t\t\t\t\t\t\t\t\t\t\t\t<a href=\"https:\/\/www.alludo.com\/en\/\" target=\"_blank\" rel=\"noopener\">\n\t\t\t\t\t\t\t<img decoding=\"async\" width=\"580\" height=\"358\" src=\"https:\/\/mosaic.ee\/wp-content\/uploads\/2023\/07\/alludo_partner.png\" class=\"attachment-large size-large wp-image-364\" alt=\"\" srcset=\"https:\/\/mosaic.ee\/wp-content\/uploads\/2023\/07\/alludo_partner.png 580w, https:\/\/mosaic.ee\/wp-content\/uploads\/2023\/07\/alludo_partner-300x185.png 300w\" sizes=\"(max-width: 580px) 100vw, 580px\" \/>\t\t\t\t\t\t\t\t<\/a>\n\t\t\t\t\t\t\t\t\t\t\t\t\t\t\t<\/div>\n\t\t\t\t\t<\/div>\n\t\t<\/div>\n\t\t\t\t\t<\/div>\n\t\t<\/section>\n\t\t\t\t<\/div>","protected":false},"excerpt":{"rendered":"<p>Unlock Productivity and Creativity with Alludo Software Solutions from Mosaic Why Alludo Software? Unlock Productivity and Creativity with Alludo Software Solutions from Mosaic O\u00dc Alludo, a dynamic software company, brings a legacy of over 35 years in empowering knowledge workers with innovative solutions for graphics, virtualization, and productivity. As the force behind well-known brands like [&hellip;]<\/p>\n","protected":false},"author":1,"featured_media":0,"parent":0,"menu_order":0,"comment_status":"closed","ping_status":"closed","template":"","meta":{"content-type":"","footnotes":""},"class_list":["post-877","page","type-page","status-publish","hentry"],"_links":{"self":[{"href":"https:\/\/mosaic.ee\/et\/wp-json\/wp\/v2\/pages\/877","targetHints":{"allow":["GET"]}}],"collection":[{"href":"https:\/\/mosaic.ee\/et\/wp-json\/wp\/v2\/pages"}],"about":[{"href":"https:\/\/mosaic.ee\/et\/wp-json\/wp\/v2\/types\/page"}],"author":[{"embeddable":true,"href":"https:\/\/mosaic.ee\/et\/wp-json\/wp\/v2\/users\/1"}],"replies":[{"embeddable":true,"href":"https:\/\/mosaic.ee\/et\/wp-json\/wp\/v2\/comments?post=877"}],"version-history":[{"count":16,"href":"https:\/\/mosaic.ee\/et\/wp-json\/wp\/v2\/pages\/877\/revisions"}],"predecessor-version":[{"id":3383,"href":"https:\/\/mosaic.ee\/et\/wp-json\/wp\/v2\/pages\/877\/revisions\/3383"}],"wp:attachment":[{"href":"https:\/\/mosaic.ee\/et\/wp-json\/wp\/v2\/media?parent=877"}],"curies":[{"name":"wp","href":"https:\/\/api.w.org\/{rel}","templated":true}]}}