{"id":863,"date":"2023-08-16T15:12:36","date_gmt":"2023-08-16T12:12:36","guid":{"rendered":"https:\/\/mosaic.ee\/?page_id=863"},"modified":"2024-06-03T14:41:44","modified_gmt":"2024-06-03T11:41:44","slug":"zendesk","status":"publish","type":"page","link":"https:\/\/mosaic.ee\/et\/zendesk\/","title":{"rendered":"Zendesk"},"content":{"rendered":"<div data-elementor-type=\"wp-page\" data-elementor-id=\"863\" class=\"elementor elementor-863\" data-elementor-post-type=\"page\">\n\t\t\t\t\t\t<section class=\"elementor-section elementor-top-section elementor-element elementor-element-209c0dd4 elementor-section-boxed elementor-section-height-default elementor-section-height-default\" data-id=\"209c0dd4\" data-element_type=\"section\" data-e-type=\"section\">\n\t\t\t\t\t\t<div class=\"elementor-container elementor-column-gap-default\">\n\t\t\t\t\t<div class=\"elementor-column elementor-col-100 elementor-top-column elementor-element elementor-element-2bf49f6e\" data-id=\"2bf49f6e\" data-element_type=\"column\" data-e-type=\"column\">\n\t\t\t<div class=\"elementor-widget-wrap elementor-element-populated\">\n\t\t\t\t\t\t<div class=\"elementor-element elementor-element-c95c81c elementor-widget elementor-widget-heading\" data-id=\"c95c81c\" data-element_type=\"widget\" data-e-type=\"widget\" data-widget_type=\"heading.default\">\n\t\t\t\t\t<h2 class=\"elementor-heading-title elementor-size-xl\">T\u00f5hustage kliendituge Mosaici Zendeski tarkvaralahendustega <\/h2>\t\t\t\t<\/div>\n\t\t\t\t\t<\/div>\n\t\t<\/div>\n\t\t\t\t\t<\/div>\n\t\t<\/section>\n\t\t<div class=\"elementor-element elementor-element-5546e9d2 e-flex e-con-boxed e-con e-parent\" data-id=\"5546e9d2\" data-element_type=\"container\" data-e-type=\"container\">\n\t\t\t\t\t<div class=\"e-con-inner\">\n\t\t\t\t<div class=\"elementor-element elementor-element-362f031c elementor-widget elementor-widget-image\" data-id=\"362f031c\" data-element_type=\"widget\" data-e-type=\"widget\" data-widget_type=\"image.default\">\n\t\t\t\t\t\t\t\t\t\t\t\t\t\t\t<img fetchpriority=\"high\" decoding=\"async\" width=\"768\" height=\"320\" src=\"https:\/\/mosaic.ee\/wp-content\/uploads\/2023\/08\/vectorstock_32508551_transparent-768x320.png\" class=\"attachment-medium_large size-medium_large wp-image-867\" alt=\"\" srcset=\"https:\/\/mosaic.ee\/wp-content\/uploads\/2023\/08\/vectorstock_32508551_transparent-768x320.png 768w, https:\/\/mosaic.ee\/wp-content\/uploads\/2023\/08\/vectorstock_32508551_transparent-300x125.png 300w, https:\/\/mosaic.ee\/wp-content\/uploads\/2023\/08\/vectorstock_32508551_transparent-1024x427.png 1024w, https:\/\/mosaic.ee\/wp-content\/uploads\/2023\/08\/vectorstock_32508551_transparent-1536x640.png 1536w, https:\/\/mosaic.ee\/wp-content\/uploads\/2023\/08\/vectorstock_32508551_transparent-2048x853.png 2048w, https:\/\/mosaic.ee\/wp-content\/uploads\/2023\/08\/vectorstock_32508551_transparent-18x7.png 18w\" sizes=\"(max-width: 768px) 100vw, 768px\" \/>\t\t\t\t\t\t\t\t\t\t\t\t\t\t\t<\/div>\n\t\t\t\t\t<\/div>\n\t\t\t\t<\/div>\n\t\t<div class=\"elementor-element elementor-element-7e745928 e-flex e-con-boxed e-con e-parent\" data-id=\"7e745928\" data-element_type=\"container\" data-e-type=\"container\">\n\t\t\t\t\t<div class=\"e-con-inner\">\n\t\t\t\t<div class=\"elementor-element elementor-element-2f022d19 elementor-widget elementor-widget-heading\" data-id=\"2f022d19\" data-element_type=\"widget\" data-e-type=\"widget\" data-widget_type=\"heading.default\">\n\t\t\t\t\t<h2 class=\"elementor-heading-title elementor-size-large\">Miks Zendeski tarkvara?<\/h2>\t\t\t\t<\/div>\n\t\t\t\t\t<\/div>\n\t\t\t\t<\/div>\n\t\t<div class=\"elementor-element elementor-element-26b89ba0 e-flex e-con-boxed e-con e-parent\" data-id=\"26b89ba0\" data-element_type=\"container\" data-e-type=\"container\">\n\t\t\t\t\t<div class=\"e-con-inner\">\n\t\t\t\t<div class=\"elementor-element elementor-element-30f8d142 elementor-widget elementor-widget-text-editor\" data-id=\"30f8d142\" data-element_type=\"widget\" data-e-type=\"widget\" data-widget_type=\"text-editor.default\">\n\t\t\t\t\t\t\t\t\t<div><div><p><span lang=\"EN-GB\"><span style=\"color: #3366ff;\"><a style=\"color: #3366ff;\" href=\"https:\/\/www.zendesk.com\" target=\"_blank\" rel=\"noopener\">Zendesk<\/a><\/span> on pilvep\u00f5hine klienditeeninduse tarkvara, mis aitab ettev\u00f5tetel luua paremaid kliendisuhteid. Zendeski tarkvara abil saate pakkuda personaalset kliendituge mitmes kanalis, \u00fchtlustada t\u00f6\u00f6vooge ja saada v\u00e4\u00e4rtuslikku teavet kliendisuhtluse kohta.<\/span><\/p><\/div><div><p><span lang=\"EN-GB\">Zendeski tarkvarapakkumised h\u00f5lmavad klienditoe, m\u00fc\u00fcgi CRM-i ja kaasamisvahendeid, mis teeb sellest olulise vahendi ettev\u00f5tetele, kes soovivad parandada oma kliendikogemust. Zendeski abil saate v\u00e4hendada vastamisaega, suurendada klientide rahulolu ja parandada kliendipidamist.<\/span><\/p><\/div><div><p><span lang=\"EN-GB\">Siin on kolm peamist kasu <span style=\"color: #3366ff;\"><a style=\"color: #3366ff;\" href=\"https:\/\/www.zendesk.com\" target=\"_blank\" rel=\"noopener\">Zendesk<\/a><\/span> tarkvaralahendused:<\/span><\/p><\/div><\/div><ol style=\"font-weight: 400;\"><li><div><span lang=\"EN-GB\">Mitmekanaliline tugi: Zendesk pakub tuge mitmes kanalis, sealhulgas e-posti, chatis, sotsiaalmeedias ja telefoni teel, mis v\u00f5imaldab teil j\u00f5uda oma klientideni, kus iganes nad ka poleks. T\u00e4nu \u00fchtsele postkastile ja intuitiivsetele t\u00f6\u00f6voogudele saate hallata k\u00f5iki kliendisuhtlusi \u00fches kohas. <\/span><\/div><\/li><li><div><span lang=\"EN-GB\">Andmetest l\u00e4htuvad teadmised: Zendesk pakub v\u00f5imsaid anal\u00fc\u00fcsivahendeid, mis aitavad teil j\u00e4lgida ja m\u00f5\u00f5ta klientide suhtlemist, andes teile v\u00e4\u00e4rtuslikke teadmisi klientide k\u00e4itumise ja meeleolu kohta. Nende andmete abil saate tuvastada parandamist vajavad valdkonnad ja teha andmep\u00f5hiseid otsuseid, et parandada klientide rahulolu. <\/span><\/div><\/li><li><div><p><span lang=\"EN-GB\">Kohandatavad lahendused: Zendeski tarkvaralahendused on v\u00e4ga h\u00e4sti kohandatavad, mis v\u00f5imaldab teil kohandada oma kliendituge vastavalt teie ettev\u00f5tte vajadustele. T\u00e4nu paindlikele kasutuselev\u00f5tuv\u00f5imalustele ja paljudele integratsioonidele saate luua sujuvat kliendikogemust, mis vastab teie ainulaadsetele n\u00f5uetele.<\/span><\/p><\/div><\/li><\/ol>\t\t\t\t\t\t\t\t<\/div>\n\t\t\t\t\t<\/div>\n\t\t\t\t<\/div>\n\t\t\t\t<section class=\"elementor-section elementor-top-section elementor-element elementor-element-4166c476 elementor-section-boxed elementor-section-height-default elementor-section-height-default\" data-id=\"4166c476\" data-element_type=\"section\" data-e-type=\"section\">\n\t\t\t\t\t\t<div class=\"elementor-container elementor-column-gap-default\">\n\t\t\t\t\t<div class=\"elementor-column elementor-col-50 elementor-top-column elementor-element elementor-element-72e74601\" data-id=\"72e74601\" data-element_type=\"column\" data-e-type=\"column\">\n\t\t\t<div class=\"elementor-widget-wrap\">\n\t\t\t\t\t\t\t<\/div>\n\t\t<\/div>\n\t\t\t\t<div class=\"elementor-column elementor-col-50 elementor-top-column elementor-element elementor-element-6bf6f15d\" data-id=\"6bf6f15d\" data-element_type=\"column\" data-e-type=\"column\">\n\t\t\t<div class=\"elementor-widget-wrap elementor-element-populated\">\n\t\t\t\t\t\t<div class=\"elementor-element elementor-element-78122dca elementor-widget elementor-widget-image\" data-id=\"78122dca\" data-element_type=\"widget\" data-e-type=\"widget\" data-widget_type=\"image.default\">\n\t\t\t\t\t\t\t\t\t\t\t\t\t\t\t\t<a href=\"https:\/\/www.zendesk.com\" target=\"_blank\" rel=\"noopener\">\n\t\t\t\t\t\t\t<img decoding=\"async\" width=\"268\" height=\"188\" src=\"https:\/\/mosaic.ee\/wp-content\/uploads\/2023\/08\/Zendesk.png\" class=\"attachment-medium size-medium wp-image-866\" alt=\"\" srcset=\"https:\/\/mosaic.ee\/wp-content\/uploads\/2023\/08\/Zendesk.png 268w, https:\/\/mosaic.ee\/wp-content\/uploads\/2023\/08\/Zendesk-18x12.png 18w\" sizes=\"(max-width: 268px) 100vw, 268px\" \/>\t\t\t\t\t\t\t\t<\/a>\n\t\t\t\t\t\t\t\t\t\t\t\t\t\t\t<\/div>\n\t\t\t\t\t<\/div>\n\t\t<\/div>\n\t\t\t\t\t<\/div>\n\t\t<\/section>\n\t\t<div class=\"elementor-element elementor-element-6655707d e-flex e-con-boxed e-con e-parent\" data-id=\"6655707d\" data-element_type=\"container\" data-e-type=\"container\">\n\t\t\t\t\t<div class=\"e-con-inner\">\n\t\t\t\t<div class=\"elementor-element elementor-element-4a98cb2d elementor-widget elementor-widget-heading\" data-id=\"4a98cb2d\" data-element_type=\"widget\" data-e-type=\"widget\" data-widget_type=\"heading.default\">\n\t\t\t\t\t<h2 class=\"elementor-heading-title elementor-size-large\">Miks osta Zendeski Mosaicilt?<\/h2>\t\t\t\t<\/div>\n\t\t\t\t\t<\/div>\n\t\t\t\t<\/div>\n\t\t<div class=\"elementor-element elementor-element-78aa44aa e-flex e-con-boxed e-con e-parent\" data-id=\"78aa44aa\" data-element_type=\"container\" data-e-type=\"container\">\n\t\t\t\t\t<div class=\"e-con-inner\">\n\t\t\t\t<div class=\"elementor-element elementor-element-154696ed elementor-widget elementor-widget-text-editor\" data-id=\"154696ed\" data-element_type=\"widget\" data-e-type=\"widget\" data-widget_type=\"text-editor.default\">\n\t\t\t\t\t\t\t\t\t<div><p><span lang=\"EN-GB\">Mosaic on Zendeski partner ja Zendeski tarkvaralahenduste volitatud edasim\u00fc\u00fcja. Meie ekspertide meeskond aitab teil valida teie ettev\u00f5ttele sobivad Zendeski t\u00f6\u00f6riistad, olgu teil siis vaja klienditoe-, m\u00fc\u00fcgi CRM- v\u00f5i kaasamislahendusi.<\/span><\/p><\/div><div><p><span lang=\"EN-GB\">Zendeski partnerina on meil juurdep\u00e4\u00e4s uusimatele toodetele ja teenustele, mis tagab teile k\u00f5ige ajakohasemad lahendused. Lisaks sellele v\u00f5imaldab meie tarkvaralitsentside alane asjatundlikkus pakkuda kohandatud lahendusi teie unikaalsetele \u00e4rivajadustele. Oleme uhked kiire hinnapakkumiste koostamise ja tarnimise teenuse \u00fcle, tagades, et saate kiiresti rakendada vajalikud lahendused.<\/span><\/p><\/div><div><p><span lang=\"EN-GB\">Mosaic on p\u00fchendunud sellele, et pakkuda oma klientidele parimaid v\u00f5imalikke pakkumisi. Zendeski volitatud edasim\u00fc\u00fcjana pakume konkurentsiv\u00f5imelisi hindu k\u00f5igile Zendeski toodetele ja teenustele. V\u00f5tke meiega juba t\u00e4na \u00fchendust, et saada rohkem teavet meie Zendeski tarkvaralahenduste kohta ja selle kohta, kuidas me saame aidata teil parandada oma kliendituge ja luua paremaid kliendisuhteid.<\/span><\/p><\/div>\t\t\t\t\t\t\t\t<\/div>\n\t\t\t\t\t<\/div>\n\t\t\t\t<\/div>\n\t\t\t\t<section class=\"elementor-section elementor-top-section elementor-element elementor-element-59b678a5 elementor-section-boxed elementor-section-height-default elementor-section-height-default\" data-id=\"59b678a5\" data-element_type=\"section\" data-e-type=\"section\">\n\t\t\t\t\t\t<div class=\"elementor-container elementor-column-gap-default\">\n\t\t\t\t\t<div class=\"elementor-column elementor-col-50 elementor-top-column elementor-element elementor-element-22dd6825\" data-id=\"22dd6825\" data-element_type=\"column\" data-e-type=\"column\">\n\t\t\t<div class=\"elementor-widget-wrap\">\n\t\t\t\t\t\t\t<\/div>\n\t\t<\/div>\n\t\t\t\t<div class=\"elementor-column elementor-col-50 elementor-top-column elementor-element elementor-element-193be218\" data-id=\"193be218\" data-element_type=\"column\" data-e-type=\"column\">\n\t\t\t<div class=\"elementor-widget-wrap elementor-element-populated\">\n\t\t\t\t\t\t<div class=\"elementor-element elementor-element-7ded4b5 elementor-widget elementor-widget-image\" data-id=\"7ded4b5\" data-element_type=\"widget\" data-e-type=\"widget\" data-widget_type=\"image.default\">\n\t\t\t\t\t\t\t\t\t\t\t\t\t\t\t\t<a href=\"https:\/\/www.zendesk.com\" target=\"_blank\" rel=\"noopener\">\n\t\t\t\t\t\t\t<img decoding=\"async\" width=\"357\" height=\"116\" src=\"https:\/\/mosaic.ee\/wp-content\/uploads\/2023\/07\/zendesk-solution-provider.png\" class=\"attachment-large size-large wp-image-390\" alt=\"\" srcset=\"https:\/\/mosaic.ee\/wp-content\/uploads\/2023\/07\/zendesk-solution-provider.png 357w, https:\/\/mosaic.ee\/wp-content\/uploads\/2023\/07\/zendesk-solution-provider-300x97.png 300w\" sizes=\"(max-width: 357px) 100vw, 357px\" \/>\t\t\t\t\t\t\t\t<\/a>\n\t\t\t\t\t\t\t\t\t\t\t\t\t\t\t<\/div>\n\t\t\t\t\t<\/div>\n\t\t<\/div>\n\t\t\t\t\t<\/div>\n\t\t<\/section>\n\t\t\t\t<\/div>","protected":false},"excerpt":{"rendered":"<p>Enhance Customer Support with Zendesk Software Solutions from Mosaic Why Zendesk Software? Zendesk is a cloud-based customer service software that helps businesses build better customer relationships. With Zendesk software, you can provide personalized customer support across multiple channels, streamline your workflows, and gain valuable insights into your customer interactions. Zendesk&#8217;s software offerings include customer support, [&hellip;]<\/p>\n","protected":false},"author":1,"featured_media":0,"parent":0,"menu_order":0,"comment_status":"closed","ping_status":"closed","template":"","meta":{"content-type":"","footnotes":""},"class_list":["post-863","page","type-page","status-publish","hentry"],"_links":{"self":[{"href":"https:\/\/mosaic.ee\/et\/wp-json\/wp\/v2\/pages\/863","targetHints":{"allow":["GET"]}}],"collection":[{"href":"https:\/\/mosaic.ee\/et\/wp-json\/wp\/v2\/pages"}],"about":[{"href":"https:\/\/mosaic.ee\/et\/wp-json\/wp\/v2\/types\/page"}],"author":[{"embeddable":true,"href":"https:\/\/mosaic.ee\/et\/wp-json\/wp\/v2\/users\/1"}],"replies":[{"embeddable":true,"href":"https:\/\/mosaic.ee\/et\/wp-json\/wp\/v2\/comments?post=863"}],"version-history":[{"count":7,"href":"https:\/\/mosaic.ee\/et\/wp-json\/wp\/v2\/pages\/863\/revisions"}],"predecessor-version":[{"id":1696,"href":"https:\/\/mosaic.ee\/et\/wp-json\/wp\/v2\/pages\/863\/revisions\/1696"}],"wp:attachment":[{"href":"https:\/\/mosaic.ee\/et\/wp-json\/wp\/v2\/media?parent=863"}],"curies":[{"name":"wp","href":"https:\/\/api.w.org\/{rel}","templated":true}]}}