{"id":841,"date":"2023-08-16T14:12:38","date_gmt":"2023-08-16T11:12:38","guid":{"rendered":"https:\/\/mosaic.ee\/?page_id=841"},"modified":"2024-06-03T14:12:52","modified_gmt":"2024-06-03T11:12:52","slug":"redhat","status":"publish","type":"page","link":"https:\/\/mosaic.ee\/et\/redhat\/","title":{"rendered":"RedHat"},"content":{"rendered":"<div data-elementor-type=\"wp-page\" data-elementor-id=\"841\" class=\"elementor elementor-841\" data-elementor-post-type=\"page\">\n\t\t\t\t\t\t<section class=\"elementor-section elementor-top-section elementor-element elementor-element-3f2a8be1 elementor-section-boxed elementor-section-height-default elementor-section-height-default\" data-id=\"3f2a8be1\" data-element_type=\"section\" data-e-type=\"section\">\n\t\t\t\t\t\t<div class=\"elementor-container elementor-column-gap-default\">\n\t\t\t\t\t<div class=\"elementor-column elementor-col-100 elementor-top-column elementor-element elementor-element-343d529f\" data-id=\"343d529f\" data-element_type=\"column\" data-e-type=\"column\">\n\t\t\t<div class=\"elementor-widget-wrap elementor-element-populated\">\n\t\t\t\t\t\t<div class=\"elementor-element elementor-element-32f02602 elementor-widget elementor-widget-heading\" data-id=\"32f02602\" data-element_type=\"widget\" data-e-type=\"widget\" data-widget_type=\"heading.default\">\n\t\t\t\t\t<h2 class=\"elementor-heading-title elementor-size-xl\">Innovatsiooni ja t\u00f5hususe suurendamine Red Hati tarkvaralahendustega Mosaicilt <\/h2>\t\t\t\t<\/div>\n\t\t\t\t\t<\/div>\n\t\t<\/div>\n\t\t\t\t\t<\/div>\n\t\t<\/section>\n\t\t<div class=\"elementor-element elementor-element-3cdadfc7 e-flex e-con-boxed e-con e-parent\" data-id=\"3cdadfc7\" data-element_type=\"container\" data-e-type=\"container\">\n\t\t\t\t\t<div class=\"e-con-inner\">\n\t\t\t\t<div class=\"elementor-element elementor-element-2657674f elementor-widget elementor-widget-image\" data-id=\"2657674f\" data-element_type=\"widget\" data-e-type=\"widget\" data-widget_type=\"image.default\">\n\t\t\t\t\t\t\t\t\t\t\t\t\t\t\t<img fetchpriority=\"high\" decoding=\"async\" width=\"768\" height=\"324\" src=\"https:\/\/mosaic.ee\/wp-content\/uploads\/2023\/08\/vectorstock_32262826_transparent-768x324.png\" class=\"attachment-medium_large size-medium_large wp-image-845\" alt=\"\" srcset=\"https:\/\/mosaic.ee\/wp-content\/uploads\/2023\/08\/vectorstock_32262826_transparent-768x324.png 768w, https:\/\/mosaic.ee\/wp-content\/uploads\/2023\/08\/vectorstock_32262826_transparent-300x126.png 300w, https:\/\/mosaic.ee\/wp-content\/uploads\/2023\/08\/vectorstock_32262826_transparent-1024x432.png 1024w, https:\/\/mosaic.ee\/wp-content\/uploads\/2023\/08\/vectorstock_32262826_transparent-1536x647.png 1536w, https:\/\/mosaic.ee\/wp-content\/uploads\/2023\/08\/vectorstock_32262826_transparent-2048x863.png 2048w, https:\/\/mosaic.ee\/wp-content\/uploads\/2023\/08\/vectorstock_32262826_transparent-18x8.png 18w\" sizes=\"(max-width: 768px) 100vw, 768px\" \/>\t\t\t\t\t\t\t\t\t\t\t\t\t\t\t<\/div>\n\t\t\t\t\t<\/div>\n\t\t\t\t<\/div>\n\t\t<div class=\"elementor-element elementor-element-1a2cfa7d e-flex e-con-boxed e-con e-parent\" data-id=\"1a2cfa7d\" data-element_type=\"container\" data-e-type=\"container\">\n\t\t\t\t\t<div class=\"e-con-inner\">\n\t\t\t\t<div class=\"elementor-element elementor-element-2260789 elementor-widget elementor-widget-heading\" data-id=\"2260789\" data-element_type=\"widget\" data-e-type=\"widget\" data-widget_type=\"heading.default\">\n\t\t\t\t\t<h2 class=\"elementor-heading-title elementor-size-large\">Miks Red Hat tarkvara?<\/h2>\t\t\t\t<\/div>\n\t\t\t\t\t<\/div>\n\t\t\t\t<\/div>\n\t\t<div class=\"elementor-element elementor-element-5afb6ed1 e-flex e-con-boxed e-con e-parent\" data-id=\"5afb6ed1\" data-element_type=\"container\" data-e-type=\"container\">\n\t\t\t\t\t<div class=\"e-con-inner\">\n\t\t\t\t<div class=\"elementor-element elementor-element-12bbefef elementor-widget elementor-widget-text-editor\" data-id=\"12bbefef\" data-element_type=\"widget\" data-e-type=\"widget\" data-widget_type=\"text-editor.default\">\n\t\t\t\t\t\t\t\t\t<p style=\"font-weight: 400;\"><span style=\"color: #3366ff;\"><a style=\"color: #3366ff;\" href=\"https:\/\/www.redhat.com\/en\" target=\"_blank\" rel=\"noopener\">Red Hat<\/a><\/span> on juhtiv avatud l\u00e4htekoodiga tarkvaralahenduste pakkuja, mis aitab ettev\u00f5tetel uuendada ja t\u00f5hustada oma tegevust. Red Hat'i tarkvara abil saate luua ja hallata oma IT-infrastruktuuri, arendada ja juurutada rakendusi ning automatiseerida t\u00f6\u00f6vooge, et suurendada t\u00f5husust.<\/p><p style=\"font-weight: 400;\">Red Hati tarkvarapakkumised h\u00f5lmavad ettev\u00f5tte Linuxi, vahevara, pilveinfrastruktuuri ja konteinerite haldamist, mist\u00f5ttu on see oluline vahend ettev\u00f5tetele, kes soovivad olla eesrindlikumad. Red Hatiga saate moderniseerida oma IT-infrastruktuuri, kiirendada rakenduste arendamist ja v\u00e4hendada kulusid.<\/p><p style=\"font-weight: 400;\">Siin on kolm peamist kasu <span style=\"color: #3366ff;\"><a style=\"color: #3366ff;\" href=\"https:\/\/www.redhat.com\/en\" target=\"_blank\" rel=\"noopener\">Red Hat<\/a><\/span> tarkvaralahendused:<\/p><ol style=\"font-weight: 400;\"><li>Avatud l\u00e4htekoodiga innovatsioon: See v\u00f5imaldab teil kasutada arendajate ja uuendajate kogukonda, et olla eesrindlik. T\u00e4nu juurdep\u00e4\u00e4sule tohutule avatud l\u00e4htekoodiga t\u00f6\u00f6riistade raamatukogule saate kohandada oma lahendusi vastavalt oma unikaalsetele \u00e4rivajadustele.<\/li><li>Ettev\u00f5tte tasemel usaldusv\u00e4\u00e4rsus: Red Hat pakub ettev\u00f5tte tasemel t\u00f6\u00f6kindlust, mis tagab, et teie rakendused ja s\u00fcsteemid on alati t\u00f6\u00f6korras. T\u00e4nu tugevatele tugiv\u00f5imalustele ja 24\/7 klienditeenindusele v\u00f5ite usaldada, et Red Hat hoiab teie ettev\u00f5tte t\u00f5rgeteta t\u00f6\u00f6s.<\/li><li>Skaleeritavad lahendused: Red Hat'i tarkvaralahendused on skaleeritavad, v\u00f5imaldades teil laiendada oma infrastruktuuri ja rakendusi, kui teie ettev\u00f5te kasvab. T\u00e4nu paindlikele kasutuselev\u00f5tuv\u00f5imalustele saate valida oma vajadustele k\u00f5ige paremini vastava lahenduse, olgu see siis kohapealne, pilvep\u00f5hine v\u00f5i h\u00fcbriidne.<\/li><\/ol>\t\t\t\t\t\t\t\t<\/div>\n\t\t\t\t\t<\/div>\n\t\t\t\t<\/div>\n\t\t\t\t<section class=\"elementor-section elementor-top-section elementor-element elementor-element-16a6c7bd elementor-section-boxed elementor-section-height-default elementor-section-height-default\" data-id=\"16a6c7bd\" data-element_type=\"section\" data-e-type=\"section\">\n\t\t\t\t\t\t<div class=\"elementor-container elementor-column-gap-default\">\n\t\t\t\t\t<div class=\"elementor-column elementor-col-50 elementor-top-column elementor-element elementor-element-1f53f4c6\" data-id=\"1f53f4c6\" data-element_type=\"column\" data-e-type=\"column\">\n\t\t\t<div class=\"elementor-widget-wrap\">\n\t\t\t\t\t\t\t<\/div>\n\t\t<\/div>\n\t\t\t\t<div class=\"elementor-column elementor-col-50 elementor-top-column elementor-element elementor-element-36a0caa4\" data-id=\"36a0caa4\" data-element_type=\"column\" data-e-type=\"column\">\n\t\t\t<div class=\"elementor-widget-wrap elementor-element-populated\">\n\t\t\t\t\t\t<div class=\"elementor-element elementor-element-37ab540c elementor-widget elementor-widget-image\" data-id=\"37ab540c\" data-element_type=\"widget\" data-e-type=\"widget\" data-widget_type=\"image.default\">\n\t\t\t\t\t\t\t\t\t\t\t\t\t\t\t\t<a href=\"https:\/\/www.redhat.com\/en\" target=\"_blank\" rel=\"noopener\">\n\t\t\t\t\t\t\t<img decoding=\"async\" width=\"300\" height=\"71\" src=\"https:\/\/mosaic.ee\/wp-content\/uploads\/2023\/08\/RedHat.svg\" class=\"attachment-medium size-medium wp-image-844\" alt=\"\" \/>\t\t\t\t\t\t\t\t<\/a>\n\t\t\t\t\t\t\t\t\t\t\t\t\t\t\t<\/div>\n\t\t\t\t\t<\/div>\n\t\t<\/div>\n\t\t\t\t\t<\/div>\n\t\t<\/section>\n\t\t<div class=\"elementor-element elementor-element-5b02f536 e-flex e-con-boxed e-con e-parent\" data-id=\"5b02f536\" data-element_type=\"container\" data-e-type=\"container\">\n\t\t\t\t\t<div class=\"e-con-inner\">\n\t\t\t\t<div class=\"elementor-element elementor-element-420c7bd elementor-widget elementor-widget-heading\" data-id=\"420c7bd\" data-element_type=\"widget\" data-e-type=\"widget\" data-widget_type=\"heading.default\">\n\t\t\t\t\t<h2 class=\"elementor-heading-title elementor-size-large\">Miks osta Red Hat Mosaicilt?<\/h2>\t\t\t\t<\/div>\n\t\t\t\t\t<\/div>\n\t\t\t\t<\/div>\n\t\t<div class=\"elementor-element elementor-element-14c7bde0 e-flex e-con-boxed e-con e-parent\" data-id=\"14c7bde0\" data-element_type=\"container\" data-e-type=\"container\">\n\t\t\t\t\t<div class=\"e-con-inner\">\n\t\t\t\t<div class=\"elementor-element elementor-element-978c6fc elementor-widget elementor-widget-text-editor\" data-id=\"978c6fc\" data-element_type=\"widget\" data-e-type=\"widget\" data-widget_type=\"text-editor.default\">\n\t\t\t\t\t\t\t\t\t<div><p><span lang=\"EN-GB\">Mosaic on Red Hat'i partner ja Red Hat'i tarkvaralahenduste volitatud edasim\u00fc\u00fcja. Meie ekspertide meeskond aitab teil valida teie ettev\u00f5ttele sobivad Red Hati t\u00f6\u00f6riistad, olgu teil siis vaja ettev\u00f5tte Linuxi, kesktarkvara, pilvetaristut v\u00f5i konteinerite haldamise lahendusi.<\/span><\/p><\/div><div><p><span lang=\"EN-GB\">Red Hat'i partnerina on meil juurdep\u00e4\u00e4s uusimatele toodetele ja teenustele, mis tagab teile k\u00f5ige ajakohasemad lahendused. Lisaks sellele v\u00f5imaldab meie tarkvaralitsentside alane p\u00e4devus pakkuda kohandatud lahendusi teie unikaalsetele \u00e4rivajadustele. Oleme uhked kiire hinnapakkumiste koostamise ja tarnimise teenuse \u00fcle, mis tagab, et saate kiiresti rakendada vajalikud lahendused.<\/span><\/p><\/div><div><p><span lang=\"EN-GB\">Mosaic on p\u00fchendunud sellele, et pakkuda oma klientidele parimaid v\u00f5imalikke pakkumisi. Red Hat'i volitatud edasim\u00fc\u00fcjana pakume konkurentsiv\u00f5imelisi hindu k\u00f5igile Red Hat'i toodetele ja teenustele. V\u00f5tke meiega juba t\u00e4na \u00fchendust, et saada rohkem teavet meie Red Hat'i tarkvaralahenduste kohta ja selle kohta, kuidas me saame aidata teil edendada innovatsiooni ja t\u00f5husust teie ettev\u00f5ttes.<\/span><\/p><\/div>\t\t\t\t\t\t\t\t<\/div>\n\t\t\t\t\t<\/div>\n\t\t\t\t<\/div>\n\t\t\t\t<section class=\"elementor-section elementor-top-section elementor-element elementor-element-2a4e9f64 elementor-section-boxed elementor-section-height-default elementor-section-height-default\" data-id=\"2a4e9f64\" data-element_type=\"section\" data-e-type=\"section\">\n\t\t\t\t\t\t<div class=\"elementor-container elementor-column-gap-default\">\n\t\t\t\t\t<div class=\"elementor-column elementor-col-50 elementor-top-column elementor-element elementor-element-31f4d2ce\" data-id=\"31f4d2ce\" data-element_type=\"column\" data-e-type=\"column\">\n\t\t\t<div class=\"elementor-widget-wrap\">\n\t\t\t\t\t\t\t<\/div>\n\t\t<\/div>\n\t\t\t\t<div class=\"elementor-column elementor-col-50 elementor-top-column elementor-element elementor-element-59752fc2\" data-id=\"59752fc2\" data-element_type=\"column\" data-e-type=\"column\">\n\t\t\t<div class=\"elementor-widget-wrap elementor-element-populated\">\n\t\t\t\t\t\t<div class=\"elementor-element elementor-element-9ace08 elementor-widget elementor-widget-image\" data-id=\"9ace08\" data-element_type=\"widget\" data-e-type=\"widget\" data-widget_type=\"image.default\">\n\t\t\t\t\t\t\t\t\t\t\t\t\t\t\t\t<a href=\"https:\/\/www.redhat.com\/en\" target=\"_blank\" rel=\"noopener\">\n\t\t\t\t\t\t\t<img decoding=\"async\" width=\"800\" height=\"512\" src=\"https:\/\/mosaic.ee\/wp-content\/uploads\/2023\/07\/Logo-Red_Hat-Ready_Bus_Partner-A-Standard-RGB-copy-1024x655.png\" class=\"attachment-large size-large wp-image-378\" alt=\"\" srcset=\"https:\/\/mosaic.ee\/wp-content\/uploads\/2023\/07\/Logo-Red_Hat-Ready_Bus_Partner-A-Standard-RGB-copy-1024x655.png 1024w, https:\/\/mosaic.ee\/wp-content\/uploads\/2023\/07\/Logo-Red_Hat-Ready_Bus_Partner-A-Standard-RGB-copy-300x192.png 300w, https:\/\/mosaic.ee\/wp-content\/uploads\/2023\/07\/Logo-Red_Hat-Ready_Bus_Partner-A-Standard-RGB-copy-768x491.png 768w, https:\/\/mosaic.ee\/wp-content\/uploads\/2023\/07\/Logo-Red_Hat-Ready_Bus_Partner-A-Standard-RGB-copy.png 1232w\" sizes=\"(max-width: 800px) 100vw, 800px\" \/>\t\t\t\t\t\t\t\t<\/a>\n\t\t\t\t\t\t\t\t\t\t\t\t\t\t\t<\/div>\n\t\t\t\t\t<\/div>\n\t\t<\/div>\n\t\t\t\t\t<\/div>\n\t\t<\/section>\n\t\t\t\t<\/div>","protected":false},"excerpt":{"rendered":"<p>Drive Innovation and Efficiency with Red Hat Software Solutions from Mosaic Why Red Hat Software? Red Hat is a leading provider of open source software solutions that help businesses innovate and streamline their operations. With Red Hat software, you can build and manage your IT infrastructure, develop and deploy applications, and automate your workflows to [&hellip;]<\/p>\n","protected":false},"author":1,"featured_media":0,"parent":0,"menu_order":0,"comment_status":"closed","ping_status":"closed","template":"","meta":{"content-type":"","footnotes":""},"class_list":["post-841","page","type-page","status-publish","hentry"],"_links":{"self":[{"href":"https:\/\/mosaic.ee\/et\/wp-json\/wp\/v2\/pages\/841","targetHints":{"allow":["GET"]}}],"collection":[{"href":"https:\/\/mosaic.ee\/et\/wp-json\/wp\/v2\/pages"}],"about":[{"href":"https:\/\/mosaic.ee\/et\/wp-json\/wp\/v2\/types\/page"}],"author":[{"embeddable":true,"href":"https:\/\/mosaic.ee\/et\/wp-json\/wp\/v2\/users\/1"}],"replies":[{"embeddable":true,"href":"https:\/\/mosaic.ee\/et\/wp-json\/wp\/v2\/comments?post=841"}],"version-history":[{"count":7,"href":"https:\/\/mosaic.ee\/et\/wp-json\/wp\/v2\/pages\/841\/revisions"}],"predecessor-version":[{"id":1636,"href":"https:\/\/mosaic.ee\/et\/wp-json\/wp\/v2\/pages\/841\/revisions\/1636"}],"wp:attachment":[{"href":"https:\/\/mosaic.ee\/et\/wp-json\/wp\/v2\/media?parent=841"}],"curies":[{"name":"wp","href":"https:\/\/api.w.org\/{rel}","templated":true}]}}