{"id":819,"date":"2023-08-16T12:15:52","date_gmt":"2023-08-16T09:15:52","guid":{"rendered":"https:\/\/mosaic.ee\/?page_id=819"},"modified":"2024-10-23T18:58:24","modified_gmt":"2024-10-23T15:58:24","slug":"veritas","status":"publish","type":"page","link":"https:\/\/mosaic.ee\/et\/veritas\/","title":{"rendered":"Veritas"},"content":{"rendered":"<div data-elementor-type=\"wp-page\" data-elementor-id=\"819\" class=\"elementor elementor-819\" data-elementor-post-type=\"page\">\n\t\t\t\t\t\t<section class=\"elementor-section elementor-top-section elementor-element elementor-element-23b679aa elementor-section-boxed elementor-section-height-default elementor-section-height-default\" data-id=\"23b679aa\" data-element_type=\"section\" data-e-type=\"section\">\n\t\t\t\t\t\t<div class=\"elementor-container elementor-column-gap-default\">\n\t\t\t\t\t<div class=\"elementor-column elementor-col-100 elementor-top-column elementor-element elementor-element-7508688f\" data-id=\"7508688f\" data-element_type=\"column\" data-e-type=\"column\">\n\t\t\t<div class=\"elementor-widget-wrap elementor-element-populated\">\n\t\t\t\t\t\t<div class=\"elementor-element elementor-element-385ca87 elementor-widget elementor-widget-heading\" data-id=\"385ca87\" data-element_type=\"widget\" data-e-type=\"widget\" data-widget_type=\"heading.default\">\n\t\t\t\t\t<h2 class=\"elementor-heading-title elementor-size-xl\">Andmekaitse ja haldamine lihtsustatud Veritas tarkvaralahendustega Mosaicilt <\/h2>\t\t\t\t<\/div>\n\t\t\t\t\t<\/div>\n\t\t<\/div>\n\t\t\t\t\t<\/div>\n\t\t<\/section>\n\t\t<div class=\"elementor-element elementor-element-4b4d4575 e-flex e-con-boxed e-con e-parent\" data-id=\"4b4d4575\" data-element_type=\"container\" data-e-type=\"container\">\n\t\t\t\t\t<div class=\"e-con-inner\">\n\t\t\t\t<div class=\"elementor-element elementor-element-1591dbf2 elementor-widget elementor-widget-image\" data-id=\"1591dbf2\" data-element_type=\"widget\" data-e-type=\"widget\" data-widget_type=\"image.default\">\n\t\t\t\t\t\t\t\t\t\t\t\t\t\t\t<img fetchpriority=\"high\" decoding=\"async\" width=\"768\" height=\"380\" src=\"https:\/\/mosaic.ee\/wp-content\/uploads\/2023\/08\/vectorstock_32262547_transparent-768x380.png\" class=\"attachment-medium_large size-medium_large wp-image-823\" alt=\"\" srcset=\"https:\/\/mosaic.ee\/wp-content\/uploads\/2023\/08\/vectorstock_32262547_transparent-768x380.png 768w, https:\/\/mosaic.ee\/wp-content\/uploads\/2023\/08\/vectorstock_32262547_transparent-300x148.png 300w, https:\/\/mosaic.ee\/wp-content\/uploads\/2023\/08\/vectorstock_32262547_transparent-1024x506.png 1024w, https:\/\/mosaic.ee\/wp-content\/uploads\/2023\/08\/vectorstock_32262547_transparent-1536x760.png 1536w, https:\/\/mosaic.ee\/wp-content\/uploads\/2023\/08\/vectorstock_32262547_transparent-2048x1013.png 2048w, https:\/\/mosaic.ee\/wp-content\/uploads\/2023\/08\/vectorstock_32262547_transparent-18x9.png 18w\" sizes=\"(max-width: 768px) 100vw, 768px\" \/>\t\t\t\t\t\t\t\t\t\t\t\t\t\t\t<\/div>\n\t\t\t\t\t<\/div>\n\t\t\t\t<\/div>\n\t\t<div class=\"elementor-element elementor-element-41162af0 e-flex e-con-boxed e-con e-parent\" data-id=\"41162af0\" data-element_type=\"container\" data-e-type=\"container\">\n\t\t\t\t\t<div class=\"e-con-inner\">\n\t\t\t\t<div class=\"elementor-element elementor-element-ad12697 elementor-widget elementor-widget-heading\" data-id=\"ad12697\" data-element_type=\"widget\" data-e-type=\"widget\" data-widget_type=\"heading.default\">\n\t\t\t\t\t<h2 class=\"elementor-heading-title elementor-size-large\">Miks Veritas Software?<\/h2>\t\t\t\t<\/div>\n\t\t\t\t\t<\/div>\n\t\t\t\t<\/div>\n\t\t<div class=\"elementor-element elementor-element-22c7efc8 e-flex e-con-boxed e-con e-parent\" data-id=\"22c7efc8\" data-element_type=\"container\" data-e-type=\"container\">\n\t\t\t\t\t<div class=\"e-con-inner\">\n\t\t\t\t<div class=\"elementor-element elementor-element-1665f965 elementor-widget elementor-widget-text-editor\" data-id=\"1665f965\" data-element_type=\"widget\" data-e-type=\"widget\" data-widget_type=\"text-editor.default\">\n\t\t\t\t\t\t\t\t\t<div><p style=\"font-weight: 400;\"><span style=\"color: #3366ff;\"><a style=\"color: #3366ff;\" href=\"https:\/\/www.veritas.com\" target=\"_blank\" rel=\"noopener\">Veritas<\/a><\/span> on juhtiv andmekaitse- ja haldustarkvara pakkuja, kes pakub lahendusi, mis aitavad ettev\u00f5tetel lihtsustada ja automatiseerida oma andmehaldus\u00fclesandeid. Veritase tarkvaralahenduste abil saate kaitsta oma andmeid, tagada vastavuse ja optimeerida oma salvestusinfrastruktuuri.<\/p><p style=\"font-weight: 400;\">Veritas pakub mitmesuguseid funktsioone, sealhulgas varundamist ja taastamist, arhiveerimist ja teabe haldamist, mis teeb sellest olulise vahendi ettev\u00f5tetele, kes soovivad oma andmeid t\u00f5husalt hallata. Veritase abil saate v\u00e4hendada andmekaotuse riski, parandada andmete n\u00e4htavust ja optimeerida oma salvestusinfrastruktuuri.<\/p><p style=\"font-weight: 400;\">Siin on kolm peamist kasu <span style=\"color: #3366ff;\"><a style=\"color: #3366ff;\" href=\"https:\/\/www.veritas.com\" target=\"_blank\" rel=\"noopener\">Veritas<\/a><\/span> tarkvaralahendused:<\/p><ol style=\"font-weight: 400;\"><li>T\u00f5hustatud andmekaitse: Veritase tarkvaralahendused pakuvad t\u00e4iustatud andmekaitsefunktsioone, mis tagavad, et teie kriitilised andmed on kaitstud v\u00f5imalike ohtude eest. Varundus- ja taastamislahenduste abil saate kiiresti taastuda andmekaotusjuhtumitest ja minimeerida seisakuaega.<\/li><li>Lihtsustatud andmehaldus: Veritase tarkvaralahendused lihtsustavad andmehaldus\u00fclesandeid, v\u00f5imaldades IT-meeskondadel automatiseerida rutiinseid \u00fclesandeid ja keskenduda strateegilisematele algatustele. Arhiveerimis- ja teabehalduslahenduste abil saate andmeid t\u00f5husalt hallata kogu nende eluts\u00fckli jooksul.<\/li><li>Optimeeritud salvestusinfrastruktuur: Veritase tarkvaralahendused v\u00f5imaldavad teil optimeerida oma salvestusinfrastruktuuri, tagades, et teie andmete jaoks on olemas \u00f5ige kogus salvestusruumi. Andmete deduplikatsiooni ja tihendamise abil saate v\u00e4hendada salvestuskulusid ja parandada j\u00f5udlust.<\/li><\/ol><\/div>\t\t\t\t\t\t\t\t<\/div>\n\t\t\t\t\t<\/div>\n\t\t\t\t<\/div>\n\t\t\t\t<section class=\"elementor-section elementor-top-section elementor-element elementor-element-37f127d1 elementor-section-boxed elementor-section-height-default elementor-section-height-default\" data-id=\"37f127d1\" data-element_type=\"section\" data-e-type=\"section\">\n\t\t\t\t\t\t<div class=\"elementor-container elementor-column-gap-default\">\n\t\t\t\t\t<div class=\"elementor-column elementor-col-50 elementor-top-column elementor-element elementor-element-1683aad0\" data-id=\"1683aad0\" data-element_type=\"column\" data-e-type=\"column\">\n\t\t\t<div class=\"elementor-widget-wrap\">\n\t\t\t\t\t\t\t<\/div>\n\t\t<\/div>\n\t\t\t\t<div class=\"elementor-column elementor-col-50 elementor-top-column elementor-element elementor-element-50a5f97d\" data-id=\"50a5f97d\" data-element_type=\"column\" data-e-type=\"column\">\n\t\t\t<div class=\"elementor-widget-wrap elementor-element-populated\">\n\t\t\t\t\t\t<div class=\"elementor-element elementor-element-460ce7e elementor-widget elementor-widget-image\" data-id=\"460ce7e\" data-element_type=\"widget\" data-e-type=\"widget\" data-widget_type=\"image.default\">\n\t\t\t\t\t\t\t\t\t\t\t\t\t\t\t\t<a href=\"https:\/\/www.veritas.com\" target=\"_blank\" rel=\"noopener\">\n\t\t\t\t\t\t\t<img decoding=\"async\" width=\"149\" height=\"29\" src=\"https:\/\/mosaic.ee\/wp-content\/uploads\/2024\/10\/Veritas-logo.png\" class=\"attachment-medium size-medium wp-image-3939\" alt=\"\" srcset=\"https:\/\/mosaic.ee\/wp-content\/uploads\/2024\/10\/Veritas-logo.png 149w, https:\/\/mosaic.ee\/wp-content\/uploads\/2024\/10\/Veritas-logo-18x4.png 18w\" sizes=\"(max-width: 149px) 100vw, 149px\" \/>\t\t\t\t\t\t\t\t<\/a>\n\t\t\t\t\t\t\t\t\t\t\t\t\t\t\t<\/div>\n\t\t\t\t\t<\/div>\n\t\t<\/div>\n\t\t\t\t\t<\/div>\n\t\t<\/section>\n\t\t<div class=\"elementor-element elementor-element-761fbdff e-flex e-con-boxed e-con e-parent\" data-id=\"761fbdff\" data-element_type=\"container\" data-e-type=\"container\">\n\t\t\t\t\t<div class=\"e-con-inner\">\n\t\t\t\t<div class=\"elementor-element elementor-element-d5d355b elementor-widget elementor-widget-heading\" data-id=\"d5d355b\" data-element_type=\"widget\" data-e-type=\"widget\" data-widget_type=\"heading.default\">\n\t\t\t\t\t<h2 class=\"elementor-heading-title elementor-size-large\">Miks osta Veritas Mosaicilt?<\/h2>\t\t\t\t<\/div>\n\t\t\t\t\t<\/div>\n\t\t\t\t<\/div>\n\t\t<div class=\"elementor-element elementor-element-4840aa4e e-flex e-con-boxed e-con e-parent\" data-id=\"4840aa4e\" data-element_type=\"container\" data-e-type=\"container\">\n\t\t\t\t\t<div class=\"e-con-inner\">\n\t\t\t\t<div class=\"elementor-element elementor-element-7967ee21 elementor-widget elementor-widget-text-editor\" data-id=\"7967ee21\" data-element_type=\"widget\" data-e-type=\"widget\" data-widget_type=\"text-editor.default\">\n\t\t\t\t\t\t\t\t\t<div><p><span lang=\"EN-GB\">Mosaic on Veritas tarkvaralahenduste volitatud edasim\u00fc\u00fcja. Meie ekspertide meeskond aitab teil valida teie ettev\u00f5ttele sobivad Veritase t\u00f6\u00f6riistad, olenemata sellest, kas vajate varundamise ja taastamise, arhiveerimise v\u00f5i teabehalduse lahendusi.<\/span><\/p><\/div><div><p><span lang=\"EN-GB\">Veritase partnerina on meil juurdep\u00e4\u00e4s uusimatele toodetele ja teenustele, mis tagab teile k\u00f5ige ajakohasemad lahendused. Lisaks sellele v\u00f5imaldab meie tarkvaralitsentside alane p\u00e4devus pakkuda kohandatud lahendusi teie unikaalsetele \u00e4rivajadustele. Oleme uhked kiire hinnapakkumiste koostamise ja tarnimise teenuse \u00fcle, mis tagab, et saate kiiresti rakendada vajalikud lahendused.<\/span><\/p><\/div><div><p><span lang=\"EN-GB\">Mosaic on p\u00fchendunud sellele, et pakkuda oma klientidele parimaid v\u00f5imalikke pakkumisi. Veritase volitatud edasim\u00fc\u00fcjana pakume konkurentsiv\u00f5imelisi hindu k\u00f5ikidele Veritase toodetele ja teenustele. V\u00f5tke meiega juba t\u00e4na \u00fchendust, et saada rohkem teavet meie Veritase tarkvaralahenduste kohta ja selle kohta, kuidas me saame aidata teil lihtsustada oma andmekaitse- ja haldus\u00fclesandeid.<\/span><\/p><\/div>\t\t\t\t\t\t\t\t<\/div>\n\t\t\t\t\t<\/div>\n\t\t\t\t<\/div>\n\t\t\t\t<section class=\"elementor-section elementor-top-section elementor-element elementor-element-a3691d5 elementor-section-boxed elementor-section-height-default elementor-section-height-default\" data-id=\"a3691d5\" data-element_type=\"section\" data-e-type=\"section\">\n\t\t\t\t\t\t<div class=\"elementor-container elementor-column-gap-default\">\n\t\t\t\t\t<div class=\"elementor-column elementor-col-50 elementor-top-column elementor-element elementor-element-5fd761dd\" data-id=\"5fd761dd\" data-element_type=\"column\" data-e-type=\"column\">\n\t\t\t<div class=\"elementor-widget-wrap\">\n\t\t\t\t\t\t\t<\/div>\n\t\t<\/div>\n\t\t\t\t<div class=\"elementor-column elementor-col-50 elementor-top-column elementor-element elementor-element-1b20384d\" data-id=\"1b20384d\" data-element_type=\"column\" data-e-type=\"column\">\n\t\t\t<div class=\"elementor-widget-wrap elementor-element-populated\">\n\t\t\t\t\t\t<div class=\"elementor-element elementor-element-26c0e799 elementor-widget elementor-widget-image\" data-id=\"26c0e799\" data-element_type=\"widget\" data-e-type=\"widget\" data-widget_type=\"image.default\">\n\t\t\t\t\t\t\t\t\t\t\t\t\t\t\t\t<a href=\"https:\/\/www.veritas.com\" target=\"_blank\" rel=\"noopener\">\n\t\t\t\t\t\t\t<img decoding=\"async\" width=\"679\" height=\"508\" src=\"https:\/\/mosaic.ee\/wp-content\/uploads\/2023\/07\/Veritas-Partner-Registered-Logo-copy.jpg\" class=\"attachment-large size-large wp-image-383\" alt=\"\" srcset=\"https:\/\/mosaic.ee\/wp-content\/uploads\/2023\/07\/Veritas-Partner-Registered-Logo-copy.jpg 679w, https:\/\/mosaic.ee\/wp-content\/uploads\/2023\/07\/Veritas-Partner-Registered-Logo-copy-300x224.jpg 300w\" sizes=\"(max-width: 679px) 100vw, 679px\" \/>\t\t\t\t\t\t\t\t<\/a>\n\t\t\t\t\t\t\t\t\t\t\t\t\t\t\t<\/div>\n\t\t\t\t\t<\/div>\n\t\t<\/div>\n\t\t\t\t\t<\/div>\n\t\t<\/section>\n\t\t\t\t<\/div>","protected":false},"excerpt":{"rendered":"<p>Data Protection and Management Simplified with Veritas Software Solutions from Mosaic Why Veritas Software? Veritas is a leading provider of data protection and management software, offering solutions that help businesses simplify and automate their data management tasks. With Veritas software solutions, you can protect your data, ensure compliance, and optimize your storage infrastructure. Veritas offers [&hellip;]<\/p>\n","protected":false},"author":1,"featured_media":0,"parent":0,"menu_order":0,"comment_status":"closed","ping_status":"closed","template":"","meta":{"content-type":"","footnotes":""},"class_list":["post-819","page","type-page","status-publish","hentry"],"_links":{"self":[{"href":"https:\/\/mosaic.ee\/et\/wp-json\/wp\/v2\/pages\/819","targetHints":{"allow":["GET"]}}],"collection":[{"href":"https:\/\/mosaic.ee\/et\/wp-json\/wp\/v2\/pages"}],"about":[{"href":"https:\/\/mosaic.ee\/et\/wp-json\/wp\/v2\/types\/page"}],"author":[{"embeddable":true,"href":"https:\/\/mosaic.ee\/et\/wp-json\/wp\/v2\/users\/1"}],"replies":[{"embeddable":true,"href":"https:\/\/mosaic.ee\/et\/wp-json\/wp\/v2\/comments?post=819"}],"version-history":[{"count":10,"href":"https:\/\/mosaic.ee\/et\/wp-json\/wp\/v2\/pages\/819\/revisions"}],"predecessor-version":[{"id":3942,"href":"https:\/\/mosaic.ee\/et\/wp-json\/wp\/v2\/pages\/819\/revisions\/3942"}],"wp:attachment":[{"href":"https:\/\/mosaic.ee\/et\/wp-json\/wp\/v2\/media?parent=819"}],"curies":[{"name":"wp","href":"https:\/\/api.w.org\/{rel}","templated":true}]}}