{"id":808,"date":"2023-08-16T11:59:53","date_gmt":"2023-08-16T08:59:53","guid":{"rendered":"https:\/\/mosaic.ee\/?page_id=808"},"modified":"2024-05-30T11:57:15","modified_gmt":"2024-05-30T08:57:15","slug":"jamf","status":"publish","type":"page","link":"https:\/\/mosaic.ee\/et\/jamf\/","title":{"rendered":"Jamf"},"content":{"rendered":"<div data-elementor-type=\"wp-page\" data-elementor-id=\"808\" class=\"elementor elementor-808\" data-elementor-post-type=\"page\">\n\t\t\t\t\t\t<section class=\"elementor-section elementor-top-section elementor-element elementor-element-7d252f05 elementor-section-boxed elementor-section-height-default elementor-section-height-default\" data-id=\"7d252f05\" data-element_type=\"section\" data-e-type=\"section\">\n\t\t\t\t\t\t<div class=\"elementor-container elementor-column-gap-default\">\n\t\t\t\t\t<div class=\"elementor-column elementor-col-100 elementor-top-column elementor-element elementor-element-35f04452\" data-id=\"35f04452\" data-element_type=\"column\" data-e-type=\"column\">\n\t\t\t<div class=\"elementor-widget-wrap elementor-element-populated\">\n\t\t\t\t\t\t<div class=\"elementor-element elementor-element-29812000 elementor-widget elementor-widget-heading\" data-id=\"29812000\" data-element_type=\"widget\" data-e-type=\"widget\" data-widget_type=\"heading.default\">\n\t\t\t\t\t<h2 class=\"elementor-heading-title elementor-size-xl\">\u00dchtlustage oma Apple'i seadmete haldamist Mosaic'i Jamf tarkvaralahendustega <\/h2>\t\t\t\t<\/div>\n\t\t\t\t\t<\/div>\n\t\t<\/div>\n\t\t\t\t\t<\/div>\n\t\t<\/section>\n\t\t<div class=\"elementor-element elementor-element-3969e955 e-flex e-con-boxed e-con e-parent\" data-id=\"3969e955\" data-element_type=\"container\" data-e-type=\"container\">\n\t\t\t\t\t<div class=\"e-con-inner\">\n\t\t\t\t<div class=\"elementor-element elementor-element-55fe14a6 elementor-widget elementor-widget-image\" data-id=\"55fe14a6\" data-element_type=\"widget\" data-e-type=\"widget\" data-widget_type=\"image.default\">\n\t\t\t\t\t\t\t\t\t\t\t\t\t\t\t<img fetchpriority=\"high\" decoding=\"async\" width=\"768\" height=\"645\" src=\"https:\/\/mosaic.ee\/wp-content\/uploads\/2023\/08\/vectorstock_15714958-768x645.png\" class=\"attachment-medium_large size-medium_large wp-image-812\" alt=\"\" srcset=\"https:\/\/mosaic.ee\/wp-content\/uploads\/2023\/08\/vectorstock_15714958-768x645.png 768w, https:\/\/mosaic.ee\/wp-content\/uploads\/2023\/08\/vectorstock_15714958-300x252.png 300w, https:\/\/mosaic.ee\/wp-content\/uploads\/2023\/08\/vectorstock_15714958-1024x860.png 1024w, https:\/\/mosaic.ee\/wp-content\/uploads\/2023\/08\/vectorstock_15714958-1536x1290.png 1536w, https:\/\/mosaic.ee\/wp-content\/uploads\/2023\/08\/vectorstock_15714958-2048x1720.png 2048w, https:\/\/mosaic.ee\/wp-content\/uploads\/2023\/08\/vectorstock_15714958-14x12.png 14w\" sizes=\"(max-width: 768px) 100vw, 768px\" \/>\t\t\t\t\t\t\t\t\t\t\t\t\t\t\t<\/div>\n\t\t\t\t\t<\/div>\n\t\t\t\t<\/div>\n\t\t<div class=\"elementor-element elementor-element-18b2ff54 e-flex e-con-boxed e-con e-parent\" data-id=\"18b2ff54\" data-element_type=\"container\" data-e-type=\"container\">\n\t\t\t\t\t<div class=\"e-con-inner\">\n\t\t\t\t<div class=\"elementor-element elementor-element-63749195 elementor-widget elementor-widget-heading\" data-id=\"63749195\" data-element_type=\"widget\" data-e-type=\"widget\" data-widget_type=\"heading.default\">\n\t\t\t\t\t<h2 class=\"elementor-heading-title elementor-size-large\">Miks Jamf tarkvara?<\/h2>\t\t\t\t<\/div>\n\t\t\t\t\t<\/div>\n\t\t\t\t<\/div>\n\t\t<div class=\"elementor-element elementor-element-3a8f4e48 e-flex e-con-boxed e-con e-parent\" data-id=\"3a8f4e48\" data-element_type=\"container\" data-e-type=\"container\">\n\t\t\t\t\t<div class=\"e-con-inner\">\n\t\t\t\t<div class=\"elementor-element elementor-element-49eb9d47 elementor-widget elementor-widget-text-editor\" data-id=\"49eb9d47\" data-element_type=\"widget\" data-e-type=\"widget\" data-widget_type=\"text-editor.default\">\n\t\t\t\t\t\t\t\t\t<p style=\"font-weight: 400;\"><span style=\"color: #3366ff;\"><a style=\"color: #3366ff;\" href=\"https:\/\/www.jamf.com\" target=\"_blank\" rel=\"noopener\">Jamf<\/a><\/span> on juhtiv Apple'i seadmete haldustarkvara pakkuja, mis v\u00f5imaldab ettev\u00f5tetel Apple'i seadmeid hallata, turvata ja kasutusele v\u00f5tta. Jamfi tarkvaralahenduste abil saate \u00fchtlustada Apple'i seadmete haldamist, tagades oma meeskonna tootlikkuse ja turvalisuse.<\/p><p style=\"font-weight: 400;\">Jamf pakub mitmeid funktsioone, sealhulgas mobiilseadmete haldamist (MDM), macOS-i haldamist ja Apple TV haldamist, mis teeb sellest olulise t\u00f6\u00f6riista Apple'i seadmeid kasutavatele ettev\u00f5tetele. Jamfiga saate automatiseerida oma seadmehalduse \u00fclesandeid, tagada turvalisuse ja vastavuse ning juurutada tarkvara ja uuendusi k\u00f5igis seadmetes.<\/p><p style=\"font-weight: 400;\">Siin on kolm peamist kasu <span style=\"color: #3366ff;\"><a style=\"color: #3366ff;\" href=\"https:\/\/www.jamf.com\" target=\"_blank\" rel=\"noopener\">Jamf<\/a><\/span> tarkvaralahendused:<\/p><ol style=\"font-weight: 400;\"><li>Lihtsustatud Apple'i seadmete haldamine: Jamf tarkvaralahendused pakuvad lihtsustatud l\u00e4henemist Apple'i seadmete haldamisele, v\u00f5imaldades IT-meeskondadel automatiseerida \u00fclesandeid ja keskenduda strateegilisematele algatustele.<\/li><li>T\u00f5hustatud turvalisus ja n\u00f5uetele vastavus: Jamfi tarkvaralahendused pakuvad t\u00e4iustatud turvaelemente, mis tagavad, et teie seadmed ja andmed on kaitstud v\u00f5imalike ohtude eest. Lisaks aitab Jamf organisatsioonidel t\u00e4ita selliseid eeskirju nagu HIPAA, GDPR ja muud.<\/li><li>Lihtsustatud tarkvara kasutuselev\u00f5tt: Jamf tarkvaralahendused v\u00f5imaldavad IT-meeskondadel tarkvara ja uuendusi k\u00f5ikides seadmetes kasutusele v\u00f5tta, tagades, et k\u00f5ik on \u00fchel ja samal lehel ja kasutavad uusimaid vahendeid.<\/li><\/ol>\t\t\t\t\t\t\t\t<\/div>\n\t\t\t\t\t<\/div>\n\t\t\t\t<\/div>\n\t\t\t\t<section class=\"elementor-section elementor-top-section elementor-element elementor-element-1a904915 elementor-section-boxed elementor-section-height-default elementor-section-height-default\" data-id=\"1a904915\" data-element_type=\"section\" data-e-type=\"section\">\n\t\t\t\t\t\t<div class=\"elementor-container elementor-column-gap-default\">\n\t\t\t\t\t<div class=\"elementor-column elementor-col-50 elementor-top-column elementor-element elementor-element-4e4a99a5\" data-id=\"4e4a99a5\" data-element_type=\"column\" data-e-type=\"column\">\n\t\t\t<div class=\"elementor-widget-wrap\">\n\t\t\t\t\t\t\t<\/div>\n\t\t<\/div>\n\t\t\t\t<div class=\"elementor-column elementor-col-50 elementor-top-column elementor-element elementor-element-408ba707\" data-id=\"408ba707\" data-element_type=\"column\" data-e-type=\"column\">\n\t\t\t<div class=\"elementor-widget-wrap elementor-element-populated\">\n\t\t\t\t\t\t<div class=\"elementor-element elementor-element-64f5efc6 elementor-widget elementor-widget-image\" data-id=\"64f5efc6\" data-element_type=\"widget\" data-e-type=\"widget\" data-widget_type=\"image.default\">\n\t\t\t\t\t\t\t\t\t\t\t\t\t\t\t\t<a href=\"https:\/\/www.jamf.com\" target=\"_blank\" rel=\"noopener\">\n\t\t\t\t\t\t\t<img decoding=\"async\" width=\"300\" height=\"104\" src=\"https:\/\/mosaic.ee\/wp-content\/uploads\/2023\/08\/Jamf-color-300x104.png\" class=\"attachment-medium size-medium wp-image-811\" alt=\"\" srcset=\"https:\/\/mosaic.ee\/wp-content\/uploads\/2023\/08\/Jamf-color-300x104.png 300w, https:\/\/mosaic.ee\/wp-content\/uploads\/2023\/08\/Jamf-color-18x6.png 18w, https:\/\/mosaic.ee\/wp-content\/uploads\/2023\/08\/Jamf-color.png 328w\" sizes=\"(max-width: 300px) 100vw, 300px\" \/>\t\t\t\t\t\t\t\t<\/a>\n\t\t\t\t\t\t\t\t\t\t\t\t\t\t\t<\/div>\n\t\t\t\t\t<\/div>\n\t\t<\/div>\n\t\t\t\t\t<\/div>\n\t\t<\/section>\n\t\t<div class=\"elementor-element elementor-element-2ff3a28f e-flex e-con-boxed e-con e-parent\" data-id=\"2ff3a28f\" data-element_type=\"container\" data-e-type=\"container\">\n\t\t\t\t\t<div class=\"e-con-inner\">\n\t\t\t\t<div class=\"elementor-element elementor-element-32fb83b6 elementor-widget elementor-widget-heading\" data-id=\"32fb83b6\" data-element_type=\"widget\" data-e-type=\"widget\" data-widget_type=\"heading.default\">\n\t\t\t\t\t<h2 class=\"elementor-heading-title elementor-size-large\">Miks osta Jamf Mosaicilt?<\/h2>\t\t\t\t<\/div>\n\t\t\t\t\t<\/div>\n\t\t\t\t<\/div>\n\t\t<div class=\"elementor-element elementor-element-54cbb112 e-flex e-con-boxed e-con e-parent\" data-id=\"54cbb112\" data-element_type=\"container\" data-e-type=\"container\">\n\t\t\t\t\t<div class=\"e-con-inner\">\n\t\t\t\t<div class=\"elementor-element elementor-element-9df4e12 elementor-widget elementor-widget-text-editor\" data-id=\"9df4e12\" data-element_type=\"widget\" data-e-type=\"widget\" data-widget_type=\"text-editor.default\">\n\t\t\t\t\t\t\t\t\t<div><p><span lang=\"EN-GB\">Mosaic on Jamf tarkvaralahenduste volitatud edasim\u00fc\u00fcja. Meie ekspertide meeskond aitab teil valida teie ettev\u00f5ttele sobivad Jamfi t\u00f6\u00f6riistad, olenemata sellest, kas vajate mobiilseadmete haldamist, macOS-i haldamist v\u00f5i Apple TV haldamist.<\/span><\/p><\/div><div><p><span lang=\"EN-GB\">Jamfi partnerina on meil juurdep\u00e4\u00e4s uusimatele toodetele ja teenustele, mis tagab teile k\u00f5ige ajakohasemad lahendused. Lisaks sellele v\u00f5imaldab meie tarkvaralitsentside alane p\u00e4devus pakkuda kohandatud lahendusi teie unikaalsetele \u00e4rivajadustele. Oleme uhked kiire hinnapakkumiste koostamise ja tarnimise teenuse \u00fcle, mis tagab, et saate kiiresti rakendada vajalikud lahendused.<\/span><\/p><\/div><div><p><span lang=\"EN-GB\">Mosaic on p\u00fchendunud sellele, et pakkuda oma klientidele parimaid v\u00f5imalikke pakkumisi. Jamfi volitatud edasim\u00fc\u00fcjana pakume konkurentsiv\u00f5imelist hinda k\u00f5ikidele Jamfi toodetele ja teenustele. V\u00f5tke meiega juba t\u00e4na \u00fchendust, et saada rohkem teavet meie Jamf tarkvara lahenduste kohta ja selle kohta, kuidas me saame aidata teil \u00fchtlustada Apple'i seadmete haldamist ja tagada, et teie meeskond oleks produktiivne ja turvaline.<\/span><\/p><\/div>\t\t\t\t\t\t\t\t<\/div>\n\t\t\t\t\t<\/div>\n\t\t\t\t<\/div>\n\t\t\t\t<section class=\"elementor-section elementor-top-section elementor-element elementor-element-1336a005 elementor-section-boxed elementor-section-height-default elementor-section-height-default\" data-id=\"1336a005\" data-element_type=\"section\" data-e-type=\"section\">\n\t\t\t\t\t\t<div class=\"elementor-container elementor-column-gap-default\">\n\t\t\t\t\t<div class=\"elementor-column elementor-col-50 elementor-top-column elementor-element elementor-element-305cf07\" data-id=\"305cf07\" data-element_type=\"column\" data-e-type=\"column\">\n\t\t\t<div class=\"elementor-widget-wrap\">\n\t\t\t\t\t\t\t<\/div>\n\t\t<\/div>\n\t\t\t\t<div class=\"elementor-column elementor-col-50 elementor-top-column elementor-element elementor-element-18403c60\" data-id=\"18403c60\" data-element_type=\"column\" data-e-type=\"column\">\n\t\t\t<div class=\"elementor-widget-wrap elementor-element-populated\">\n\t\t\t\t\t\t<div class=\"elementor-element elementor-element-2d0d179e elementor-widget elementor-widget-image\" data-id=\"2d0d179e\" data-element_type=\"widget\" data-e-type=\"widget\" data-widget_type=\"image.default\">\n\t\t\t\t\t\t\t\t\t\t\t\t\t\t\t\t<a href=\"https:\/\/www.jamf.com\" target=\"_blank\" rel=\"noopener\">\n\t\t\t\t\t\t\t<img decoding=\"async\" width=\"730\" height=\"166\" src=\"https:\/\/mosaic.ee\/wp-content\/uploads\/2023\/07\/Jamf-Reseller-color.png\" class=\"attachment-large size-large wp-image-363\" alt=\"\" srcset=\"https:\/\/mosaic.ee\/wp-content\/uploads\/2023\/07\/Jamf-Reseller-color.png 730w, https:\/\/mosaic.ee\/wp-content\/uploads\/2023\/07\/Jamf-Reseller-color-300x68.png 300w\" sizes=\"(max-width: 730px) 100vw, 730px\" \/>\t\t\t\t\t\t\t\t<\/a>\n\t\t\t\t\t\t\t\t\t\t\t\t\t\t\t<\/div>\n\t\t\t\t\t<\/div>\n\t\t<\/div>\n\t\t\t\t\t<\/div>\n\t\t<\/section>\n\t\t<div class=\"elementor-element elementor-element-726d366 e-flex e-con-boxed e-con e-parent\" data-id=\"726d366\" data-element_type=\"container\" data-e-type=\"container\">\n\t\t\t\t\t<div class=\"e-con-inner\">\n\t\t\t\t<div class=\"elementor-element elementor-element-aedaa91 elementor-widget elementor-widget-wp-widget-rss\" data-id=\"aedaa91\" data-element_type=\"widget\" data-e-type=\"widget\" data-widget_type=\"wp-widget-rss.default\">\n\t\t\t\t<div class=\"elementor-widget-container\">\n\t\t\t\t\t<h5><a class=\"rsswidget rss-widget-feed\" href=\"https:\/\/www.jamf.com\/in-the-news\/rss\/\" target=\"_blank\" rel=\"noopener\"><img loading=\"lazy\" decoding=\"async\" class=\"rss-widget-icon\" style=\"border:0\" width=\"14\" height=\"14\" src=\"https:\/\/mosaic.ee\/wp-includes\/images\/rss.png\" alt=\"RSS\" \/><\/a> <a class=\"rsswidget rss-widget-title\" href=\"https:\/\/www.jamf.com\/about\/in-the-news\" target=\"_blank\" rel=\"noopener\">Jamf uudistes<\/a><\/h5><nav aria-label=\"Jamf uudistes\"><ul><li><a class=\"rsswidget\" href=\"https:\/\/www.scworld.com\/news\/apple-fixes-zero-day-that-exploited-os-bug-in-open-source-code\" target=\"_blank\" rel=\"noopener\">Apple parandab null-p\u00e4eva, mis kasutas \u00e4ra operatsioonis\u00fcsteemi viga avatud l\u00e4htekoodis<\/a> <span class=\"rss-date\">16\/02\/2026<\/span><div class=\"rssSummary\">Apple parandab null-p\u00e4eva, mis kasutas \u00e4ra operatsioonis\u00fcsteemi viga avatud l\u00e4htekoodis<\/div><\/li><li><a class=\"rsswidget\" href=\"https:\/\/www.forbes.com\/sites\/kateoflahertyuk\/2026\/02\/13\/ios-263-update-now-warning-issued-to-all-iphone-users\/\" target=\"_blank\" rel=\"noopener\">iOS 26.3 v\u00e4rskendus n\u00fc\u00fcd hoiatus, mis on v\u00e4lja antud k\u00f5igile iPhone'i kasutajatele<\/a> <span class=\"rss-date\">13\/02\/2026<\/span><div class=\"rssSummary\">iOS 26.3 v\u00e4rskendus n\u00fc\u00fcd hoiatus, mis on v\u00e4lja antud k\u00f5igile iPhone'i kasutajatele<\/div><\/li><li><a class=\"rsswidget\" href=\"https:\/\/www.cio.com\/article\/4114010\/2026-the-year-ai-roi-gets-real.html\" target=\"_blank\" rel=\"noopener\">2026: aasta, mil AI ROI muutub reaalseks<\/a> <span class=\"rss-date\">20\/01\/2026<\/span><div class=\"rssSummary\">2026: aasta, mil AI ROI muutub reaalseks<\/div><\/li><li><a class=\"rsswidget\" href=\"https:\/\/internationalsecurityjournal.com\/looking-ahead-2026-boynton-jamf\/\" target=\"_blank\" rel=\"noopener\">Vaadates ettepoole 2026. aastani koos Adam Boyntoniga, Jamf\u00a0<\/a> <span class=\"rss-date\">13\/01\/2026<\/span><div class=\"rssSummary\">Vaadates ettepoole 2026. aastani koos Adam Boyntoniga, Jamf\u00a0<\/div><\/li><li><a class=\"rsswidget\" href=\"https:\/\/www.siliconrepublic.com\/enterprise\/expect-ai-to-take-centre-stage-in-2026s-cyber-landscape\" target=\"_blank\" rel=\"noopener\">Oodata, et AI v\u00f5tab 2026. aasta k\u00fcbermaastikul keskse koha sisse<\/a> <span class=\"rss-date\">13\/01\/2026<\/span><div class=\"rssSummary\">Oodata, et AI v\u00f5tab 2026. aasta k\u00fcbermaastikul keskse koha sisse<\/div><\/li><\/ul><\/nav>\t\t\t\t<\/div>\n\t\t\t\t<\/div>\n\t\t\t\t\t<\/div>\n\t\t\t\t<\/div>\n\t\t\t\t<\/div>","protected":false},"excerpt":{"rendered":"<p>Streamline Your Apple Device Management with Jamf Software Solutions from Mosaic Why Jamf Software? Jamf is a leading provider of Apple device management software, empowering businesses to manage, secure, and deploy Apple devices at scale. With Jamf software solutions, you can streamline your Apple device management, ensuring that your team is productive and secure. Jamf [&hellip;]<\/p>\n","protected":false},"author":1,"featured_media":0,"parent":0,"menu_order":0,"comment_status":"closed","ping_status":"closed","template":"","meta":{"content-type":"","footnotes":""},"class_list":["post-808","page","type-page","status-publish","hentry"],"_links":{"self":[{"href":"https:\/\/mosaic.ee\/et\/wp-json\/wp\/v2\/pages\/808","targetHints":{"allow":["GET"]}}],"collection":[{"href":"https:\/\/mosaic.ee\/et\/wp-json\/wp\/v2\/pages"}],"about":[{"href":"https:\/\/mosaic.ee\/et\/wp-json\/wp\/v2\/types\/page"}],"author":[{"embeddable":true,"href":"https:\/\/mosaic.ee\/et\/wp-json\/wp\/v2\/users\/1"}],"replies":[{"embeddable":true,"href":"https:\/\/mosaic.ee\/et\/wp-json\/wp\/v2\/comments?post=808"}],"version-history":[{"count":10,"href":"https:\/\/mosaic.ee\/et\/wp-json\/wp\/v2\/pages\/808\/revisions"}],"predecessor-version":[{"id":1976,"href":"https:\/\/mosaic.ee\/et\/wp-json\/wp\/v2\/pages\/808\/revisions\/1976"}],"wp:attachment":[{"href":"https:\/\/mosaic.ee\/et\/wp-json\/wp\/v2\/media?parent=808"}],"curies":[{"name":"wp","href":"https:\/\/api.w.org\/{rel}","templated":true}]}}