{"id":797,"date":"2023-08-16T11:40:08","date_gmt":"2023-08-16T08:40:08","guid":{"rendered":"https:\/\/mosaic.ee\/?page_id=797"},"modified":"2024-10-24T12:50:05","modified_gmt":"2024-10-24T09:50:05","slug":"dropbox","status":"publish","type":"page","link":"https:\/\/mosaic.ee\/et\/dropbox\/","title":{"rendered":"Dropbox"},"content":{"rendered":"<div data-elementor-type=\"wp-page\" data-elementor-id=\"797\" class=\"elementor elementor-797\" data-elementor-post-type=\"page\">\n\t\t\t\t\t\t<section class=\"elementor-section elementor-top-section elementor-element elementor-element-23c33cf5 elementor-section-boxed elementor-section-height-default elementor-section-height-default\" data-id=\"23c33cf5\" data-element_type=\"section\" data-e-type=\"section\">\n\t\t\t\t\t\t<div class=\"elementor-container elementor-column-gap-default\">\n\t\t\t\t\t<div class=\"elementor-column elementor-col-100 elementor-top-column elementor-element elementor-element-776ca17f\" data-id=\"776ca17f\" data-element_type=\"column\" data-e-type=\"column\">\n\t\t\t<div class=\"elementor-widget-wrap elementor-element-populated\">\n\t\t\t\t\t\t<div class=\"elementor-element elementor-element-19f39c6b elementor-widget elementor-widget-heading\" data-id=\"19f39c6b\" data-element_type=\"widget\" data-e-type=\"widget\" data-widget_type=\"heading.default\">\n\t\t\t\t\t<h2 class=\"elementor-heading-title elementor-size-xl\">Lihtsustage oma t\u00f6\u00f6voogu Dropboxi tarkvaralahendustega Mosaicilt <\/h2>\t\t\t\t<\/div>\n\t\t\t\t\t<\/div>\n\t\t<\/div>\n\t\t\t\t\t<\/div>\n\t\t<\/section>\n\t\t<div class=\"elementor-element elementor-element-35de7222 e-flex e-con-boxed e-con e-parent\" data-id=\"35de7222\" data-element_type=\"container\" data-e-type=\"container\">\n\t\t\t\t\t<div class=\"e-con-inner\">\n\t\t\t\t<div class=\"elementor-element elementor-element-5849770c elementor-widget elementor-widget-image\" data-id=\"5849770c\" data-element_type=\"widget\" data-e-type=\"widget\" data-widget_type=\"image.default\">\n\t\t\t\t\t\t\t\t\t\t\t\t\t\t\t<img fetchpriority=\"high\" decoding=\"async\" width=\"768\" height=\"417\" src=\"https:\/\/mosaic.ee\/wp-content\/uploads\/2023\/08\/vectorstock_32262653_transparent-768x417.png\" class=\"attachment-medium_large size-medium_large wp-image-801\" alt=\"Inimesed loevad dokumenti, mis on salvestatud Dropboxis\" srcset=\"https:\/\/mosaic.ee\/wp-content\/uploads\/2023\/08\/vectorstock_32262653_transparent-768x417.png 768w, https:\/\/mosaic.ee\/wp-content\/uploads\/2023\/08\/vectorstock_32262653_transparent-300x163.png 300w, https:\/\/mosaic.ee\/wp-content\/uploads\/2023\/08\/vectorstock_32262653_transparent-1024x556.png 1024w, https:\/\/mosaic.ee\/wp-content\/uploads\/2023\/08\/vectorstock_32262653_transparent-1536x835.png 1536w, https:\/\/mosaic.ee\/wp-content\/uploads\/2023\/08\/vectorstock_32262653_transparent-2048x1113.png 2048w, https:\/\/mosaic.ee\/wp-content\/uploads\/2023\/08\/vectorstock_32262653_transparent-18x10.png 18w\" sizes=\"(max-width: 768px) 100vw, 768px\" \/>\t\t\t\t\t\t\t\t\t\t\t\t\t\t\t<\/div>\n\t\t\t\t\t<\/div>\n\t\t\t\t<\/div>\n\t\t<div class=\"elementor-element elementor-element-411e0f46 e-flex e-con-boxed e-con e-parent\" data-id=\"411e0f46\" data-element_type=\"container\" data-e-type=\"container\">\n\t\t\t\t\t<div class=\"e-con-inner\">\n\t\t\t\t<div class=\"elementor-element elementor-element-211ad9e7 elementor-widget elementor-widget-heading\" data-id=\"211ad9e7\" data-element_type=\"widget\" data-e-type=\"widget\" data-widget_type=\"heading.default\">\n\t\t\t\t\t<h2 class=\"elementor-heading-title elementor-size-large\">Miks Dropboxi tarkvara?<\/h2>\t\t\t\t<\/div>\n\t\t\t\t\t<\/div>\n\t\t\t\t<\/div>\n\t\t<div class=\"elementor-element elementor-element-16b3620e e-flex e-con-boxed e-con e-parent\" data-id=\"16b3620e\" data-element_type=\"container\" data-e-type=\"container\">\n\t\t\t\t\t<div class=\"e-con-inner\">\n\t\t\t\t<div class=\"elementor-element elementor-element-5c382ea2 elementor-widget elementor-widget-text-editor\" data-id=\"5c382ea2\" data-element_type=\"widget\" data-e-type=\"widget\" data-widget_type=\"text-editor.default\">\n\t\t\t\t\t\t\t\t\t<p style=\"font-weight: 400;\"><span style=\"color: #3366ff;\"><a style=\"color: #3366ff;\" href=\"https:\/\/www.dropbox.com\/business\" target=\"_blank\" rel=\"noopener\">Dropbox<\/a><\/span> on pilvep\u00f5hine failide salvestamise ja jagamise platvorm, mis v\u00f5imaldab meeskondadel sujuvalt koost\u00f6\u00f6d teha ja koos t\u00f6\u00f6tada. Dropboxi tarkvaralahenduste abil saate faile turvaliselt salvestada, jagada ja neile ligi p\u00e4\u00e4seda k\u00f5ikjal ja mis tahes seadmes.<\/p><p style=\"font-weight: 400;\">Dropbox pakub mitmeid funktsioone, sealhulgas failide s\u00fcnkroonimist, failide jagamist ja failide salvestamist, mis teeb sellest olulise vahendi igas suuruses ettev\u00f5tetele. Dropboxi abil saate \u00fchtlustada oma t\u00f6\u00f6vooge, teha t\u00f5husamalt koost\u00f6\u00f6d ja p\u00e4\u00e4seda oma failidele ligi igal pool ja igal ajal.<\/p><p style=\"font-weight: 400;\">Siin on kolm peamist kasu <span style=\"color: #3366ff;\"><a style=\"color: #3366ff;\" href=\"https:\/\/www.dropbox.com\/business\" target=\"_blank\" rel=\"noopener\">Dropbox<\/a><\/span> tarkvaralahendused:<\/p><ol style=\"font-weight: 400;\"><li>Suurem koost\u00f6\u00f6: Dropboxi tarkvaralahendused v\u00f5imaldavad meeskondadel teha failide osas koost\u00f6\u00f6d reaalajas, suurendades tootlikkust ja t\u00f5husust.<\/li><li>Turvaline failide salvestamine ja jagamine: Dropboxi tarkvaralahendused pakuvad turvalist failide salvestamist ja jagamist, kasutades kr\u00fcpteerimist ja muid turvaelemente, mis kaitsevad volitamata juurdep\u00e4\u00e4su eest.<\/li><li>Juurdep\u00e4\u00e4s failidele k\u00f5ikjalt: Dropboxi tarkvaralahendused v\u00f5imaldavad kasutajatel p\u00e4\u00e4seda oma failidele ligi k\u00f5ikjalt ja mis tahes seadmega, mis teeb \u00fchenduse ja produktiivsuse s\u00e4ilitamise teel h\u00f5lpsaks.<\/li><\/ol>\t\t\t\t\t\t\t\t<\/div>\n\t\t\t\t\t<\/div>\n\t\t\t\t<\/div>\n\t\t\t\t<section class=\"elementor-section elementor-top-section elementor-element elementor-element-2fa104d5 elementor-section-boxed elementor-section-height-default elementor-section-height-default\" data-id=\"2fa104d5\" data-element_type=\"section\" data-e-type=\"section\">\n\t\t\t\t\t\t<div class=\"elementor-container elementor-column-gap-default\">\n\t\t\t\t\t<div class=\"elementor-column elementor-col-50 elementor-top-column elementor-element elementor-element-336bf502\" data-id=\"336bf502\" data-element_type=\"column\" data-e-type=\"column\">\n\t\t\t<div class=\"elementor-widget-wrap\">\n\t\t\t\t\t\t\t<\/div>\n\t\t<\/div>\n\t\t\t\t<div class=\"elementor-column elementor-col-50 elementor-top-column elementor-element elementor-element-780e627b\" data-id=\"780e627b\" data-element_type=\"column\" data-e-type=\"column\">\n\t\t\t<div class=\"elementor-widget-wrap elementor-element-populated\">\n\t\t\t\t\t\t<div class=\"elementor-element elementor-element-7d8813b2 elementor-widget elementor-widget-image\" data-id=\"7d8813b2\" data-element_type=\"widget\" data-e-type=\"widget\" data-widget_type=\"image.default\">\n\t\t\t\t\t\t\t\t\t\t\t\t\t\t\t\t<a href=\"https:\/\/www.dropbox.com\/business\" target=\"_blank\" rel=\"noopener\">\n\t\t\t\t\t\t\t<img decoding=\"async\" width=\"300\" height=\"50\" src=\"https:\/\/mosaic.ee\/wp-content\/uploads\/2023\/08\/Dropbox-logo.png\" class=\"attachment-medium size-medium wp-image-800\" alt=\"Dropboxi logo\" srcset=\"https:\/\/mosaic.ee\/wp-content\/uploads\/2023\/08\/Dropbox-logo.png 300w, https:\/\/mosaic.ee\/wp-content\/uploads\/2023\/08\/Dropbox-logo-18x3.png 18w\" sizes=\"(max-width: 300px) 100vw, 300px\" \/>\t\t\t\t\t\t\t\t<\/a>\n\t\t\t\t\t\t\t\t\t\t\t\t\t\t\t<\/div>\n\t\t\t\t\t<\/div>\n\t\t<\/div>\n\t\t\t\t\t<\/div>\n\t\t<\/section>\n\t\t<div class=\"elementor-element elementor-element-329df41f e-flex e-con-boxed e-con e-parent\" data-id=\"329df41f\" data-element_type=\"container\" data-e-type=\"container\">\n\t\t\t\t\t<div class=\"e-con-inner\">\n\t\t\t\t<div class=\"elementor-element elementor-element-120810ac elementor-widget elementor-widget-heading\" data-id=\"120810ac\" data-element_type=\"widget\" data-e-type=\"widget\" data-widget_type=\"heading.default\">\n\t\t\t\t\t<h2 class=\"elementor-heading-title elementor-size-large\">Miks osta Dropboxi Mosaicist?<\/h2>\t\t\t\t<\/div>\n\t\t\t\t\t<\/div>\n\t\t\t\t<\/div>\n\t\t<div class=\"elementor-element elementor-element-3e9ab90f e-flex e-con-boxed e-con e-parent\" data-id=\"3e9ab90f\" data-element_type=\"container\" data-e-type=\"container\">\n\t\t\t\t\t<div class=\"e-con-inner\">\n\t\t\t\t<div class=\"elementor-element elementor-element-3bb5e7b1 elementor-widget elementor-widget-text-editor\" data-id=\"3bb5e7b1\" data-element_type=\"widget\" data-e-type=\"widget\" data-widget_type=\"text-editor.default\">\n\t\t\t\t\t\t\t\t\t<div><p><span lang=\"EN-GB\">Mosaic on Dropboxi tarkvaralahenduste volitatud edasim\u00fc\u00fcja. Meie ekspertide meeskond aitab teil valida teie ettev\u00f5ttele sobivad Dropboxi t\u00f6\u00f6riistad, olenemata sellest, kas vajate failide salvestamist, failide jagamist v\u00f5i koost\u00f6\u00f6vahendeid.<\/span><\/p><\/div><div><p><span lang=\"EN-GB\">Dropboxi partnerina on meil juurdep\u00e4\u00e4s uusimatele toodetele ja teenustele, mis tagab teile k\u00f5ige ajakohasemad lahendused. Lisaks sellele v\u00f5imaldab meie tarkvaralitsentside alased teadmised pakkuda teie ettev\u00f5tte ainulaadsetele vajadustele kohandatud lahendusi. Oleme uhked kiire hinnapakkumiste koostamise ja tarnimise teenuse \u00fcle, mis tagab, et saate vajalikud lahendused kiiresti kasutusele v\u00f5tta.<\/span><\/p><\/div><div><p><span lang=\"EN-GB\">Mosaic on p\u00fchendunud sellele, et pakkuda oma klientidele parimaid v\u00f5imalikke pakkumisi. Volitatud Dropboxi edasim\u00fc\u00fcjana pakume konkurentsiv\u00f5imelist hinda k\u00f5igile Dropboxi toodetele ja teenustele. V\u00f5tke meiega juba t\u00e4na \u00fchendust, et saada rohkem teavet meie Dropboxi tarkvaralahenduste kohta ja selle kohta, kuidas me saame aidata teil oma t\u00f6\u00f6voogu t\u00f5hustada ja t\u00f5husamalt koost\u00f6\u00f6d teha.<\/span><\/p><\/div>\t\t\t\t\t\t\t\t<\/div>\n\t\t\t\t\t<\/div>\n\t\t\t\t<\/div>\n\t\t\t\t<section class=\"elementor-section elementor-top-section elementor-element elementor-element-1c75add9 elementor-section-boxed elementor-section-height-default elementor-section-height-default\" data-id=\"1c75add9\" data-element_type=\"section\" data-e-type=\"section\">\n\t\t\t\t\t\t<div class=\"elementor-container elementor-column-gap-default\">\n\t\t\t\t\t<div class=\"elementor-column elementor-col-50 elementor-top-column elementor-element elementor-element-3f57240c\" data-id=\"3f57240c\" data-element_type=\"column\" data-e-type=\"column\">\n\t\t\t<div class=\"elementor-widget-wrap\">\n\t\t\t\t\t\t\t<\/div>\n\t\t<\/div>\n\t\t\t\t<div class=\"elementor-column elementor-col-50 elementor-top-column elementor-element elementor-element-54477e84\" data-id=\"54477e84\" data-element_type=\"column\" data-e-type=\"column\">\n\t\t\t<div class=\"elementor-widget-wrap elementor-element-populated\">\n\t\t\t\t\t\t<div class=\"elementor-element elementor-element-49696f90 elementor-widget elementor-widget-image\" data-id=\"49696f90\" data-element_type=\"widget\" data-e-type=\"widget\" data-widget_type=\"image.default\">\n\t\t\t\t\t\t\t\t\t\t\t\t\t\t\t\t<a href=\"https:\/\/www.dropbox.com\/business\" target=\"_blank\" rel=\"noopener\">\n\t\t\t\t\t\t\t<img decoding=\"async\" width=\"751\" height=\"810\" src=\"https:\/\/mosaic.ee\/wp-content\/uploads\/2024\/10\/accelerated-partner-badge.png\" class=\"attachment-large size-large wp-image-3977\" alt=\"\" srcset=\"https:\/\/mosaic.ee\/wp-content\/uploads\/2024\/10\/accelerated-partner-badge.png 751w, https:\/\/mosaic.ee\/wp-content\/uploads\/2024\/10\/accelerated-partner-badge-278x300.png 278w, https:\/\/mosaic.ee\/wp-content\/uploads\/2024\/10\/accelerated-partner-badge-11x12.png 11w\" sizes=\"(max-width: 751px) 100vw, 751px\" \/>\t\t\t\t\t\t\t\t<\/a>\n\t\t\t\t\t\t\t\t\t\t\t\t\t\t\t<\/div>\n\t\t\t\t\t<\/div>\n\t\t<\/div>\n\t\t\t\t\t<\/div>\n\t\t<\/section>\n\t\t\t\t<\/div>","protected":false},"excerpt":{"rendered":"<p>Streamline Your Workflow with Dropbox Software Solutions from Mosaic Why Dropbox Software? Dropbox is a cloud-based file storage and sharing platform that enables teams to collaborate and work together seamlessly. With Dropbox software solutions, you can securely store, share, and access files from anywhere, on any device. Dropbox offers a range of features, including file [&hellip;]<\/p>\n","protected":false},"author":1,"featured_media":0,"parent":0,"menu_order":0,"comment_status":"closed","ping_status":"closed","template":"","meta":{"content-type":"","footnotes":""},"class_list":["post-797","page","type-page","status-publish","hentry"],"_links":{"self":[{"href":"https:\/\/mosaic.ee\/et\/wp-json\/wp\/v2\/pages\/797","targetHints":{"allow":["GET"]}}],"collection":[{"href":"https:\/\/mosaic.ee\/et\/wp-json\/wp\/v2\/pages"}],"about":[{"href":"https:\/\/mosaic.ee\/et\/wp-json\/wp\/v2\/types\/page"}],"author":[{"embeddable":true,"href":"https:\/\/mosaic.ee\/et\/wp-json\/wp\/v2\/users\/1"}],"replies":[{"embeddable":true,"href":"https:\/\/mosaic.ee\/et\/wp-json\/wp\/v2\/comments?post=797"}],"version-history":[{"count":13,"href":"https:\/\/mosaic.ee\/et\/wp-json\/wp\/v2\/pages\/797\/revisions"}],"predecessor-version":[{"id":3984,"href":"https:\/\/mosaic.ee\/et\/wp-json\/wp\/v2\/pages\/797\/revisions\/3984"}],"wp:attachment":[{"href":"https:\/\/mosaic.ee\/et\/wp-json\/wp\/v2\/media?parent=797"}],"curies":[{"name":"wp","href":"https:\/\/api.w.org\/{rel}","templated":true}]}}