{"id":786,"date":"2023-08-16T11:21:53","date_gmt":"2023-08-16T08:21:53","guid":{"rendered":"https:\/\/mosaic.ee\/?page_id=786"},"modified":"2024-06-03T14:59:06","modified_gmt":"2024-06-03T11:59:06","slug":"trendmicro","status":"publish","type":"page","link":"https:\/\/mosaic.ee\/et\/trendmicro\/","title":{"rendered":"TrendMicro"},"content":{"rendered":"<div data-elementor-type=\"wp-page\" data-elementor-id=\"786\" class=\"elementor elementor-786\" data-elementor-post-type=\"page\">\n\t\t\t\t\t\t<section class=\"elementor-section elementor-top-section elementor-element elementor-element-22ef128d elementor-section-boxed elementor-section-height-default elementor-section-height-default\" data-id=\"22ef128d\" data-element_type=\"section\" data-e-type=\"section\">\n\t\t\t\t\t\t<div class=\"elementor-container elementor-column-gap-default\">\n\t\t\t\t\t<div class=\"elementor-column elementor-col-100 elementor-top-column elementor-element elementor-element-6339d713\" data-id=\"6339d713\" data-element_type=\"column\" data-e-type=\"column\">\n\t\t\t<div class=\"elementor-widget-wrap elementor-element-populated\">\n\t\t\t\t\t\t<div class=\"elementor-element elementor-element-2381edd4 elementor-widget elementor-widget-heading\" data-id=\"2381edd4\" data-element_type=\"widget\" data-e-type=\"widget\" data-widget_type=\"heading.default\">\n\t\t\t\t\t<h2 class=\"elementor-heading-title elementor-size-xl\">Kaitske oma ettev\u00f5tet TrendMicro tarkvaralahendustega Mosaicilt <\/h2>\t\t\t\t<\/div>\n\t\t\t\t\t<\/div>\n\t\t<\/div>\n\t\t\t\t\t<\/div>\n\t\t<\/section>\n\t\t<div class=\"elementor-element elementor-element-5b81154 e-flex e-con-boxed e-con e-parent\" data-id=\"5b81154\" data-element_type=\"container\" data-e-type=\"container\">\n\t\t\t\t\t<div class=\"e-con-inner\">\n\t\t\t\t<div class=\"elementor-element elementor-element-5e299ba3 elementor-widget elementor-widget-image\" data-id=\"5e299ba3\" data-element_type=\"widget\" data-e-type=\"widget\" data-widget_type=\"image.default\">\n\t\t\t\t\t\t\t\t\t\t\t\t\t\t\t<img fetchpriority=\"high\" decoding=\"async\" width=\"768\" height=\"473\" src=\"https:\/\/mosaic.ee\/wp-content\/uploads\/2023\/08\/vectorstock_32237926_transparent-768x473.png\" class=\"attachment-medium_large size-medium_large wp-image-790\" alt=\"\" srcset=\"https:\/\/mosaic.ee\/wp-content\/uploads\/2023\/08\/vectorstock_32237926_transparent-768x473.png 768w, https:\/\/mosaic.ee\/wp-content\/uploads\/2023\/08\/vectorstock_32237926_transparent-300x185.png 300w, https:\/\/mosaic.ee\/wp-content\/uploads\/2023\/08\/vectorstock_32237926_transparent-1024x631.png 1024w, https:\/\/mosaic.ee\/wp-content\/uploads\/2023\/08\/vectorstock_32237926_transparent-1536x947.png 1536w, https:\/\/mosaic.ee\/wp-content\/uploads\/2023\/08\/vectorstock_32237926_transparent-2048x1262.png 2048w, https:\/\/mosaic.ee\/wp-content\/uploads\/2023\/08\/vectorstock_32237926_transparent-18x12.png 18w\" sizes=\"(max-width: 768px) 100vw, 768px\" \/>\t\t\t\t\t\t\t\t\t\t\t\t\t\t\t<\/div>\n\t\t\t\t\t<\/div>\n\t\t\t\t<\/div>\n\t\t<div class=\"elementor-element elementor-element-188058fb e-flex e-con-boxed e-con e-parent\" data-id=\"188058fb\" data-element_type=\"container\" data-e-type=\"container\">\n\t\t\t\t\t<div class=\"e-con-inner\">\n\t\t\t\t<div class=\"elementor-element elementor-element-5c5967e2 elementor-widget elementor-widget-heading\" data-id=\"5c5967e2\" data-element_type=\"widget\" data-e-type=\"widget\" data-widget_type=\"heading.default\">\n\t\t\t\t\t<h2 class=\"elementor-heading-title elementor-size-large\">Miks TrendMicro tarkvara?<\/h2>\t\t\t\t<\/div>\n\t\t\t\t\t<\/div>\n\t\t\t\t<\/div>\n\t\t<div class=\"elementor-element elementor-element-1a2019be e-flex e-con-boxed e-con e-parent\" data-id=\"1a2019be\" data-element_type=\"container\" data-e-type=\"container\">\n\t\t\t\t\t<div class=\"e-con-inner\">\n\t\t\t\t<div class=\"elementor-element elementor-element-57094dec elementor-widget elementor-widget-text-editor\" data-id=\"57094dec\" data-element_type=\"widget\" data-e-type=\"widget\" data-widget_type=\"text-editor.default\">\n\t\t\t\t\t\t\t\t\t<p style=\"font-weight: 400;\"><span style=\"color: #3366ff;\"><a style=\"color: #3366ff;\" href=\"https:\/\/www.trendmicro.com\/en_gb\/business.html\" target=\"_blank\" rel=\"noopener\">TrendMicro<\/a><\/span> on k\u00fcberturvalisuse lahenduste \u00fclemaailmne liider, pakkudes igas suuruses ettev\u00f5tetele terviklikke turvalahendusi k\u00fcberohtude eest kaitsmiseks. TrendMicro tarkvaralahendused pakuvad mitmesuguseid funktsioone, sealhulgas viiruset\u00f5rje ja pahavara t\u00f5rje, e-posti ja veebiturve, v\u00f5rgukaitse ja andmete kr\u00fcpteerimine.<\/p><p style=\"font-weight: 400;\">TrendMicro tarkvaralahenduste \u00fcks peamisi eeliseid on nende v\u00f5ime pakkuda mitmekihilist turvalisust. TrendMicro lahendused kasutavad signatuurip\u00f5histe ja k\u00e4itumisp\u00f5histe tehnoloogiate kombinatsiooni, et pakkuda igak\u00fclgset kaitset paljude k\u00fcberohtude eest.<\/p><p style=\"font-weight: 400;\">Siin on kolm peamist kasu <span style=\"color: #3366ff;\"><a style=\"color: #3366ff;\" href=\"https:\/\/www.trendmicro.com\/en_gb\/business.html\" target=\"_blank\" rel=\"noopener\">TrendMicro<\/a><\/span> tarkvaralahendused:<\/p><ol style=\"font-weight: 400;\"><li>Mitmekihiline turvalisus: TrendMicro tarkvaralahendused pakuvad mitmekihilist turvalisust, et kaitsta mitmesuguste k\u00fcberohtude eest.<\/li><li>Paindlikud kasutuselev\u00f5tuv\u00f5imalused: TrendMicro tarkvaralahendused pakuvad paindlikke kasutuselev\u00f5tuv\u00f5imalusi, sealhulgas kohapealseid, pilvep\u00f5hiseid ja h\u00fcbriidseid rakendusi.<\/li><li>Lihtsustatud juhtimine: TrendMicro tarkvaralahendused pakuvad lihtsustatud haldust, sest tsentraliseeritud halduskonsoolid v\u00f5imaldavad IT-meeskondadel hallata turvap\u00f5him\u00f5tteid, uuendusi ja hoiatusi \u00fchest kohast.<\/li><\/ol>\t\t\t\t\t\t\t\t<\/div>\n\t\t\t\t\t<\/div>\n\t\t\t\t<\/div>\n\t\t\t\t<section class=\"elementor-section elementor-top-section elementor-element elementor-element-622e5ef elementor-section-boxed elementor-section-height-default elementor-section-height-default\" data-id=\"622e5ef\" data-element_type=\"section\" data-e-type=\"section\">\n\t\t\t\t\t\t<div class=\"elementor-container elementor-column-gap-default\">\n\t\t\t\t\t<div class=\"elementor-column elementor-col-50 elementor-top-column elementor-element elementor-element-469902d8\" data-id=\"469902d8\" data-element_type=\"column\" data-e-type=\"column\">\n\t\t\t<div class=\"elementor-widget-wrap\">\n\t\t\t\t\t\t\t<\/div>\n\t\t<\/div>\n\t\t\t\t<div class=\"elementor-column elementor-col-50 elementor-top-column elementor-element elementor-element-f05cdf2\" data-id=\"f05cdf2\" data-element_type=\"column\" data-e-type=\"column\">\n\t\t\t<div class=\"elementor-widget-wrap elementor-element-populated\">\n\t\t\t\t\t\t<div class=\"elementor-element elementor-element-7791c5a8 elementor-widget elementor-widget-image\" data-id=\"7791c5a8\" data-element_type=\"widget\" data-e-type=\"widget\" data-widget_type=\"image.default\">\n\t\t\t\t\t\t\t\t\t\t\t\t\t\t\t\t<a href=\"https:\/\/www.trendmicro.com\/en_gb\/business.html\" target=\"_blank\" rel=\"noopener\">\n\t\t\t\t\t\t\t<img decoding=\"async\" width=\"300\" height=\"64\" src=\"https:\/\/mosaic.ee\/wp-content\/uploads\/2023\/08\/TM_Logo_Primary_2c_300x64.png\" class=\"attachment-medium size-medium wp-image-789\" alt=\"\" srcset=\"https:\/\/mosaic.ee\/wp-content\/uploads\/2023\/08\/TM_Logo_Primary_2c_300x64.png 300w, https:\/\/mosaic.ee\/wp-content\/uploads\/2023\/08\/TM_Logo_Primary_2c_300x64-18x4.png 18w\" sizes=\"(max-width: 300px) 100vw, 300px\" \/>\t\t\t\t\t\t\t\t<\/a>\n\t\t\t\t\t\t\t\t\t\t\t\t\t\t\t<\/div>\n\t\t\t\t\t<\/div>\n\t\t<\/div>\n\t\t\t\t\t<\/div>\n\t\t<\/section>\n\t\t<div class=\"elementor-element elementor-element-32165bd6 e-flex e-con-boxed e-con e-parent\" data-id=\"32165bd6\" data-element_type=\"container\" data-e-type=\"container\">\n\t\t\t\t\t<div class=\"e-con-inner\">\n\t\t\t\t<div class=\"elementor-element elementor-element-fbc8391 elementor-widget elementor-widget-heading\" data-id=\"fbc8391\" data-element_type=\"widget\" data-e-type=\"widget\" data-widget_type=\"heading.default\">\n\t\t\t\t\t<h2 class=\"elementor-heading-title elementor-size-large\">Miks osta TrendMicro't Mosaicilt?<\/h2>\t\t\t\t<\/div>\n\t\t\t\t\t<\/div>\n\t\t\t\t<\/div>\n\t\t<div class=\"elementor-element elementor-element-619ecb7c e-flex e-con-boxed e-con e-parent\" data-id=\"619ecb7c\" data-element_type=\"container\" data-e-type=\"container\">\n\t\t\t\t\t<div class=\"e-con-inner\">\n\t\t\t\t<div class=\"elementor-element elementor-element-4a8d52be elementor-widget elementor-widget-text-editor\" data-id=\"4a8d52be\" data-element_type=\"widget\" data-e-type=\"widget\" data-widget_type=\"text-editor.default\">\n\t\t\t\t\t\t\t\t\t<div><p><span lang=\"EN-GB\">Adobe ametliku edasim\u00fc\u00fcja ja Adobe'i haridussektori edasim\u00fc\u00fcjana on Mosaic teie usaldusv\u00e4\u00e4rne partner k\u00f5igi Adobe'i tarkvaravajaduste rahuldamiseks. Meie ekspertide meeskond saab pakkuda teile kohandatud tarkvaralahendusi, mis vastavad teie konkreetsetele n\u00f5uetele. Tagame kiire hinnapakkumiste koostamise ja tarkvara tarnimise, et saate vajalikud lahendused kiiresti kasutusele v\u00f5tta.<\/span><\/p><\/div><div><p><span lang=\"EN-GB\">Mosaic m\u00f5istab hea hinnakujunduse t\u00e4htsust ja pakub oma klientidele parimaid v\u00f5imalikke pakkumisi. Kuna meil on aastatepikkune kogemus tarkvaralitsentside vallas, on meil teadmised, mis aitavad teil valida teie ettev\u00f5tte jaoks \u00f5igeid Adobe'i tarkvaralahendusi. V\u00f5tke meiega juba t\u00e4na \u00fchendust, et saada rohkem teavet meie Adobe'i tarkvaralahenduste kohta ja selle kohta, kuidas me saame aidata teie ettev\u00f5ttel oma loovuse vallandada.<\/span><\/p><\/div>\t\t\t\t\t\t\t\t<\/div>\n\t\t\t\t\t<\/div>\n\t\t\t\t<\/div>\n\t\t\t\t<section class=\"elementor-section elementor-top-section elementor-element elementor-element-46608897 elementor-section-boxed elementor-section-height-default elementor-section-height-default\" data-id=\"46608897\" data-element_type=\"section\" data-e-type=\"section\">\n\t\t\t\t\t\t<div class=\"elementor-container elementor-column-gap-default\">\n\t\t\t\t\t<div class=\"elementor-column elementor-col-50 elementor-top-column elementor-element elementor-element-224bcfa4\" data-id=\"224bcfa4\" data-element_type=\"column\" data-e-type=\"column\">\n\t\t\t<div class=\"elementor-widget-wrap\">\n\t\t\t\t\t\t\t<\/div>\n\t\t<\/div>\n\t\t\t\t<div class=\"elementor-column elementor-col-50 elementor-top-column elementor-element elementor-element-181ae2d0\" data-id=\"181ae2d0\" data-element_type=\"column\" data-e-type=\"column\">\n\t\t\t<div class=\"elementor-widget-wrap elementor-element-populated\">\n\t\t\t\t\t\t<div class=\"elementor-element elementor-element-4aad84b9 elementor-widget elementor-widget-image\" data-id=\"4aad84b9\" data-element_type=\"widget\" data-e-type=\"widget\" data-widget_type=\"image.default\">\n\t\t\t\t\t\t\t\t\t\t\t\t\t\t\t\t<a href=\"https:\/\/www.trendmicro.com\/en_gb\/business.html\" target=\"_blank\" rel=\"noopener\">\n\t\t\t\t\t\t\t<img decoding=\"async\" width=\"800\" height=\"165\" src=\"https:\/\/mosaic.ee\/wp-content\/uploads\/2023\/07\/TM_Partner-Program_Bronze_Logo_150331.png\" class=\"attachment-large size-large wp-image-366\" alt=\"\" srcset=\"https:\/\/mosaic.ee\/wp-content\/uploads\/2023\/07\/TM_Partner-Program_Bronze_Logo_150331.png 929w, https:\/\/mosaic.ee\/wp-content\/uploads\/2023\/07\/TM_Partner-Program_Bronze_Logo_150331-300x62.png 300w, https:\/\/mosaic.ee\/wp-content\/uploads\/2023\/07\/TM_Partner-Program_Bronze_Logo_150331-768x159.png 768w\" sizes=\"(max-width: 800px) 100vw, 800px\" \/>\t\t\t\t\t\t\t\t<\/a>\n\t\t\t\t\t\t\t\t\t\t\t\t\t\t\t<\/div>\n\t\t\t\t\t<\/div>\n\t\t<\/div>\n\t\t\t\t\t<\/div>\n\t\t<\/section>\n\t\t\t\t<\/div>","protected":false},"excerpt":{"rendered":"<p>Protect Your Business with TrendMicro Software Solutions from Mosaic Why TrendMicro Software? TrendMicro is a global leader in cybersecurity solutions, providing businesses of all sizes with comprehensive security solutions to protect against cyber threats. TrendMicro software solutions offer a range of features, including antivirus and anti-malware protection, email and web security, network protection, and data [&hellip;]<\/p>\n","protected":false},"author":1,"featured_media":0,"parent":0,"menu_order":0,"comment_status":"closed","ping_status":"closed","template":"","meta":{"content-type":"","footnotes":""},"class_list":["post-786","page","type-page","status-publish","hentry"],"_links":{"self":[{"href":"https:\/\/mosaic.ee\/et\/wp-json\/wp\/v2\/pages\/786","targetHints":{"allow":["GET"]}}],"collection":[{"href":"https:\/\/mosaic.ee\/et\/wp-json\/wp\/v2\/pages"}],"about":[{"href":"https:\/\/mosaic.ee\/et\/wp-json\/wp\/v2\/types\/page"}],"author":[{"embeddable":true,"href":"https:\/\/mosaic.ee\/et\/wp-json\/wp\/v2\/users\/1"}],"replies":[{"embeddable":true,"href":"https:\/\/mosaic.ee\/et\/wp-json\/wp\/v2\/comments?post=786"}],"version-history":[{"count":7,"href":"https:\/\/mosaic.ee\/et\/wp-json\/wp\/v2\/pages\/786\/revisions"}],"predecessor-version":[{"id":1669,"href":"https:\/\/mosaic.ee\/et\/wp-json\/wp\/v2\/pages\/786\/revisions\/1669"}],"wp:attachment":[{"href":"https:\/\/mosaic.ee\/et\/wp-json\/wp\/v2\/media?parent=786"}],"curies":[{"name":"wp","href":"https:\/\/api.w.org\/{rel}","templated":true}]}}