{"id":728,"date":"2023-08-15T18:03:16","date_gmt":"2023-08-15T15:03:16","guid":{"rendered":"https:\/\/mosaic.ee\/?page_id=728"},"modified":"2024-06-03T14:14:47","modified_gmt":"2024-06-03T11:14:47","slug":"okta","status":"publish","type":"page","link":"https:\/\/mosaic.ee\/et\/okta\/","title":{"rendered":"OKTA"},"content":{"rendered":"<div data-elementor-type=\"wp-page\" data-elementor-id=\"728\" class=\"elementor elementor-728\" data-elementor-post-type=\"page\">\n\t\t\t\t\t\t<section class=\"elementor-section elementor-top-section elementor-element elementor-element-14b1244c elementor-section-boxed elementor-section-height-default elementor-section-height-default\" data-id=\"14b1244c\" data-element_type=\"section\" data-e-type=\"section\">\n\t\t\t\t\t\t<div class=\"elementor-container elementor-column-gap-default\">\n\t\t\t\t\t<div class=\"elementor-column elementor-col-100 elementor-top-column elementor-element elementor-element-7bd5f17d\" data-id=\"7bd5f17d\" data-element_type=\"column\" data-e-type=\"column\">\n\t\t\t<div class=\"elementor-widget-wrap elementor-element-populated\">\n\t\t\t\t\t\t<div class=\"elementor-element elementor-element-2ad771c1 elementor-widget elementor-widget-heading\" data-id=\"2ad771c1\" data-element_type=\"widget\" data-e-type=\"widget\" data-widget_type=\"heading.default\">\n\t\t\t\t\t<h2 class=\"elementor-heading-title elementor-size-xl\">Turvaline ja lihtne \u00e4ri OKTA tarkvaralahendustega Mosaicilt <\/h2>\t\t\t\t<\/div>\n\t\t\t\t\t<\/div>\n\t\t<\/div>\n\t\t\t\t\t<\/div>\n\t\t<\/section>\n\t\t<div class=\"elementor-element elementor-element-5b742f0 e-flex e-con-boxed e-con e-parent\" data-id=\"5b742f0\" data-element_type=\"container\" data-e-type=\"container\">\n\t\t\t\t\t<div class=\"e-con-inner\">\n\t\t\t\t<div class=\"elementor-element elementor-element-25ad1b3 elementor-widget elementor-widget-image\" data-id=\"25ad1b3\" data-element_type=\"widget\" data-e-type=\"widget\" data-widget_type=\"image.default\">\n\t\t\t\t\t\t\t\t\t\t\t\t\t\t\t<img fetchpriority=\"high\" decoding=\"async\" width=\"768\" height=\"271\" src=\"https:\/\/mosaic.ee\/wp-content\/uploads\/2023\/08\/vectorstock_31110159-768x271.png\" class=\"attachment-medium_large size-medium_large wp-image-731\" alt=\"\" srcset=\"https:\/\/mosaic.ee\/wp-content\/uploads\/2023\/08\/vectorstock_31110159-768x271.png 768w, https:\/\/mosaic.ee\/wp-content\/uploads\/2023\/08\/vectorstock_31110159-300x106.png 300w, https:\/\/mosaic.ee\/wp-content\/uploads\/2023\/08\/vectorstock_31110159-1024x362.png 1024w, https:\/\/mosaic.ee\/wp-content\/uploads\/2023\/08\/vectorstock_31110159-1536x543.png 1536w, https:\/\/mosaic.ee\/wp-content\/uploads\/2023\/08\/vectorstock_31110159-2048x724.png 2048w, https:\/\/mosaic.ee\/wp-content\/uploads\/2023\/08\/vectorstock_31110159-18x6.png 18w\" sizes=\"(max-width: 768px) 100vw, 768px\" \/>\t\t\t\t\t\t\t\t\t\t\t\t\t\t\t<\/div>\n\t\t\t\t\t<\/div>\n\t\t\t\t<\/div>\n\t\t<div class=\"elementor-element elementor-element-26c098da e-flex e-con-boxed e-con e-parent\" data-id=\"26c098da\" data-element_type=\"container\" data-e-type=\"container\">\n\t\t\t\t\t<div class=\"e-con-inner\">\n\t\t\t\t<div class=\"elementor-element elementor-element-1153edce elementor-widget elementor-widget-heading\" data-id=\"1153edce\" data-element_type=\"widget\" data-e-type=\"widget\" data-widget_type=\"heading.default\">\n\t\t\t\t\t<h2 class=\"elementor-heading-title elementor-size-large\">Miks OKTA tarkvara?<\/h2>\t\t\t\t<\/div>\n\t\t\t\t\t<\/div>\n\t\t\t\t<\/div>\n\t\t<div class=\"elementor-element elementor-element-6be5c06b e-flex e-con-boxed e-con e-parent\" data-id=\"6be5c06b\" data-element_type=\"container\" data-e-type=\"container\">\n\t\t\t\t\t<div class=\"e-con-inner\">\n\t\t\t\t<div class=\"elementor-element elementor-element-52737ee9 elementor-widget elementor-widget-text-editor\" data-id=\"52737ee9\" data-element_type=\"widget\" data-e-type=\"widget\" data-widget_type=\"text-editor.default\">\n\t\t\t\t\t\t\t\t\t<p style=\"font-weight: 400;\"><a href=\"https:\/\/www.okta.com\" target=\"_blank\" rel=\"noopener\"><span style=\"color: #3366ff;\">OKTA<\/span><\/a> on juhtiv identiteedi ja juurdep\u00e4\u00e4su haldamise tarkvaralahenduste pakkuja igas suuruses ettev\u00f5tetele. OKTA abil saavad ettev\u00f5tted parandada oma turvalisust ja t\u00f5hustada oma IT-infrastruktuuri. Hiljutise uuringu kohaselt on OKTA tarkvaralahendusi kasutavad ettev\u00f5tted t\u00e4heldanud kuni 30% IT-t\u00f5hususe paranemist.<\/p><p style=\"font-weight: 400;\">\u00dcks OKTA peamisi eeliseid on selle v\u00f5ime pakkuda turvalist ja sujuvat juurdep\u00e4\u00e4su rakendustele ja andmetele. OKTA identiteedi ja juurdep\u00e4\u00e4su haldamise tehnoloogia v\u00f5imaldab ettev\u00f5tetel hallata kasutajate juurdep\u00e4\u00e4su ja autentida kasutajaid mitmes rakenduses, v\u00e4hendades andmete rikkumise riski ja tagades vastavuse t\u00f6\u00f6stusharu eeskirjadele. OKTA tarkvaralahendused lihtsustavad ka IT-\u00fclesannete haldamist ja automatiseerimist, vabastades aega teiste oluliste \u00e4ritegevuste jaoks.<\/p><p style=\"font-weight: 400;\">Siin on kolm peamist kasu <a href=\"https:\/\/www.okta.com\" target=\"_blank\" rel=\"noopener\"><span style=\"color: #3366ff;\">OKTA<\/span><\/a> tarkvaralahendused:<\/p><ol style=\"font-weight: 400;\"><li>Turvaline juurdep\u00e4\u00e4su haldamine: OKTA tarkvaralahendused v\u00f5imaldavad ettev\u00f5tetel turvaliselt hallata juurdep\u00e4\u00e4su rakendustele ja andmetele, v\u00e4hendades andmete rikkumise riski ja tagades vastavuse t\u00f6\u00f6stusharu eeskirjadele.<\/li><li>\u00d5mblusteta integreerimine: Kas vajate OKTA Identity Cloudi, OKTA Advanced Server Accessi v\u00f5i teisi OKTA tooteid.<\/li><li>Parem kasutajakogemus: OKTA identiteedi ja juurdep\u00e4\u00e4su haldamise tehnoloogia pakub sujuvat kasutajakogemust, v\u00f5imaldades kasutajatele kiire ja turvalise juurdep\u00e4\u00e4su rakendustele ja andmetele.<\/li><\/ol>\t\t\t\t\t\t\t\t<\/div>\n\t\t\t\t\t<\/div>\n\t\t\t\t<\/div>\n\t\t\t\t<section class=\"elementor-section elementor-top-section elementor-element elementor-element-294e2326 elementor-section-boxed elementor-section-height-default elementor-section-height-default\" data-id=\"294e2326\" data-element_type=\"section\" data-e-type=\"section\">\n\t\t\t\t\t\t<div class=\"elementor-container elementor-column-gap-default\">\n\t\t\t\t\t<div class=\"elementor-column elementor-col-50 elementor-top-column elementor-element elementor-element-3870ec98\" data-id=\"3870ec98\" data-element_type=\"column\" data-e-type=\"column\">\n\t\t\t<div class=\"elementor-widget-wrap\">\n\t\t\t\t\t\t\t<\/div>\n\t\t<\/div>\n\t\t\t\t<div class=\"elementor-column elementor-col-50 elementor-top-column elementor-element elementor-element-4ac6683a\" data-id=\"4ac6683a\" data-element_type=\"column\" data-e-type=\"column\">\n\t\t\t<div class=\"elementor-widget-wrap elementor-element-populated\">\n\t\t\t\t\t\t<div class=\"elementor-element elementor-element-5dfa3673 elementor-widget elementor-widget-image\" data-id=\"5dfa3673\" data-element_type=\"widget\" data-e-type=\"widget\" data-widget_type=\"image.default\">\n\t\t\t\t\t\t\t\t\t\t\t\t\t\t\t\t<a href=\"https:\/\/www.okta.com\" target=\"_blank\" rel=\"noopener\">\n\t\t\t\t\t\t\t<img decoding=\"async\" width=\"300\" height=\"122\" src=\"https:\/\/mosaic.ee\/wp-content\/uploads\/2023\/07\/Okta_Primary-B_CMYK_Black-300x122.jpg\" class=\"attachment-medium size-medium wp-image-416\" alt=\"\" srcset=\"https:\/\/mosaic.ee\/wp-content\/uploads\/2023\/07\/Okta_Primary-B_CMYK_Black-300x122.jpg 300w, https:\/\/mosaic.ee\/wp-content\/uploads\/2023\/07\/Okta_Primary-B_CMYK_Black-1024x417.jpg 1024w, https:\/\/mosaic.ee\/wp-content\/uploads\/2023\/07\/Okta_Primary-B_CMYK_Black-768x313.jpg 768w, https:\/\/mosaic.ee\/wp-content\/uploads\/2023\/07\/Okta_Primary-B_CMYK_Black-1536x626.jpg 1536w, https:\/\/mosaic.ee\/wp-content\/uploads\/2023\/07\/Okta_Primary-B_CMYK_Black-2048x834.jpg 2048w\" sizes=\"(max-width: 300px) 100vw, 300px\" \/>\t\t\t\t\t\t\t\t<\/a>\n\t\t\t\t\t\t\t\t\t\t\t\t\t\t\t<\/div>\n\t\t\t\t\t<\/div>\n\t\t<\/div>\n\t\t\t\t\t<\/div>\n\t\t<\/section>\n\t\t<div class=\"elementor-element elementor-element-2c82c7c2 e-flex e-con-boxed e-con e-parent\" data-id=\"2c82c7c2\" data-element_type=\"container\" data-e-type=\"container\">\n\t\t\t\t\t<div class=\"e-con-inner\">\n\t\t\t\t<div class=\"elementor-element elementor-element-447107a6 elementor-widget elementor-widget-heading\" data-id=\"447107a6\" data-element_type=\"widget\" data-e-type=\"widget\" data-widget_type=\"heading.default\">\n\t\t\t\t\t<h2 class=\"elementor-heading-title elementor-size-large\">Miks osta OKTA-d Mosaicilt?<\/h2>\t\t\t\t<\/div>\n\t\t\t\t\t<\/div>\n\t\t\t\t<\/div>\n\t\t<div class=\"elementor-element elementor-element-645c6a60 e-flex e-con-boxed e-con e-parent\" data-id=\"645c6a60\" data-element_type=\"container\" data-e-type=\"container\">\n\t\t\t\t\t<div class=\"e-con-inner\">\n\t\t\t\t<div class=\"elementor-element elementor-element-4073ac63 elementor-widget elementor-widget-text-editor\" data-id=\"4073ac63\" data-element_type=\"widget\" data-e-type=\"widget\" data-widget_type=\"text-editor.default\">\n\t\t\t\t\t\t\t\t\t<div><p><span lang=\"EN-GB\">Usaldusv\u00e4\u00e4rse lisandv\u00e4\u00e4rtusega edasim\u00fc\u00fcjana on Mosaic teie OKTA tarkvaralahenduste tarnija. <\/span><\/p><\/div><div><p><span lang=\"EN-GB\">Ametliku OKTA partnerina on meil juurdep\u00e4\u00e4s uusimatele toodetele ja teenustele, mis tagab teile k\u00f5ige ajakohasemad lahendused. Lisaks sellele v\u00f5imaldab meie tarkvaralitsentside alane p\u00e4devus pakkuda kohandatud lahendusi, mis vastavad teie unikaalsetele \u00e4rivajadustele. Oleme uhked kiire hinnapakkumiste koostamise ja tarnimise teenuse \u00fcle, mis tagab, et saate vajalikud lahendused kiiresti kasutusele v\u00f5tta.<\/span><\/p><\/div><div><p><span lang=\"EN-GB\">Mosaic on p\u00fchendunud sellele, et pakkuda oma klientidele parimaid v\u00f5imalikke pakkumisi. Ametliku OKTA edasim\u00fc\u00fcjana pakume konkurentsiv\u00f5imelisi hindu k\u00f5ikidele OKTA toodetele ja teenustele. V\u00f5tke meiega juba t\u00e4na \u00fchendust, et saada rohkem teavet meie OKTA tarkvaralahenduste kohta ja selle kohta, kuidas me saame aidata teie ettev\u00f5ttel parandada turvalisust ja lihtsustada teie IT-infrastruktuuri.<\/span><\/p><\/div>\t\t\t\t\t\t\t\t<\/div>\n\t\t\t\t\t<\/div>\n\t\t\t\t<\/div>\n\t\t\t\t<section class=\"elementor-section elementor-top-section elementor-element elementor-element-1f758cb8 elementor-section-boxed elementor-section-height-default elementor-section-height-default\" data-id=\"1f758cb8\" data-element_type=\"section\" data-e-type=\"section\">\n\t\t\t\t\t\t<div class=\"elementor-container elementor-column-gap-default\">\n\t\t\t\t\t<div class=\"elementor-column elementor-col-50 elementor-top-column elementor-element elementor-element-7f7d5cd5\" data-id=\"7f7d5cd5\" data-element_type=\"column\" data-e-type=\"column\">\n\t\t\t<div class=\"elementor-widget-wrap\">\n\t\t\t\t\t\t\t<\/div>\n\t\t<\/div>\n\t\t\t\t<div class=\"elementor-column elementor-col-50 elementor-top-column elementor-element elementor-element-51e672e6\" data-id=\"51e672e6\" data-element_type=\"column\" data-e-type=\"column\">\n\t\t\t<div class=\"elementor-widget-wrap elementor-element-populated\">\n\t\t\t\t\t\t<div class=\"elementor-element elementor-element-3fc0d143 elementor-widget elementor-widget-image\" data-id=\"3fc0d143\" data-element_type=\"widget\" data-e-type=\"widget\" data-widget_type=\"image.default\">\n\t\t\t\t\t\t\t\t\t\t\t\t\t\t\t\t<a href=\"https:\/\/www.okta.com\" target=\"_blank\" rel=\"noopener\">\n\t\t\t\t\t\t\t<img decoding=\"async\" width=\"800\" height=\"326\" src=\"https:\/\/mosaic.ee\/wp-content\/uploads\/2023\/07\/Okta_Primary-B_CMYK_Black-1024x417.jpg\" class=\"attachment-large size-large wp-image-416\" alt=\"\" srcset=\"https:\/\/mosaic.ee\/wp-content\/uploads\/2023\/07\/Okta_Primary-B_CMYK_Black-1024x417.jpg 1024w, https:\/\/mosaic.ee\/wp-content\/uploads\/2023\/07\/Okta_Primary-B_CMYK_Black-300x122.jpg 300w, https:\/\/mosaic.ee\/wp-content\/uploads\/2023\/07\/Okta_Primary-B_CMYK_Black-768x313.jpg 768w, https:\/\/mosaic.ee\/wp-content\/uploads\/2023\/07\/Okta_Primary-B_CMYK_Black-1536x626.jpg 1536w, https:\/\/mosaic.ee\/wp-content\/uploads\/2023\/07\/Okta_Primary-B_CMYK_Black-2048x834.jpg 2048w\" sizes=\"(max-width: 800px) 100vw, 800px\" \/>\t\t\t\t\t\t\t\t<\/a>\n\t\t\t\t\t\t\t\t\t\t\t\t\t\t\t<\/div>\n\t\t\t\t\t<\/div>\n\t\t<\/div>\n\t\t\t\t\t<\/div>\n\t\t<\/section>\n\t\t\t\t<\/div>","protected":false},"excerpt":{"rendered":"<p>Secure and Simplify Your Business with OKTA Software Solutions from Mosaic Why OKTA Software? OKTA is a leading provider of identity and access management software solutions for businesses of all sizes. With OKTA, businesses can improve their security and streamline their IT infrastructure. According to a recent survey, companies that use OKTA&#8217;s software solutions have [&hellip;]<\/p>\n","protected":false},"author":1,"featured_media":0,"parent":0,"menu_order":0,"comment_status":"closed","ping_status":"closed","template":"","meta":{"content-type":"","footnotes":""},"class_list":["post-728","page","type-page","status-publish","hentry"],"_links":{"self":[{"href":"https:\/\/mosaic.ee\/et\/wp-json\/wp\/v2\/pages\/728","targetHints":{"allow":["GET"]}}],"collection":[{"href":"https:\/\/mosaic.ee\/et\/wp-json\/wp\/v2\/pages"}],"about":[{"href":"https:\/\/mosaic.ee\/et\/wp-json\/wp\/v2\/types\/page"}],"author":[{"embeddable":true,"href":"https:\/\/mosaic.ee\/et\/wp-json\/wp\/v2\/users\/1"}],"replies":[{"embeddable":true,"href":"https:\/\/mosaic.ee\/et\/wp-json\/wp\/v2\/comments?post=728"}],"version-history":[{"count":7,"href":"https:\/\/mosaic.ee\/et\/wp-json\/wp\/v2\/pages\/728\/revisions"}],"predecessor-version":[{"id":1627,"href":"https:\/\/mosaic.ee\/et\/wp-json\/wp\/v2\/pages\/728\/revisions\/1627"}],"wp:attachment":[{"href":"https:\/\/mosaic.ee\/et\/wp-json\/wp\/v2\/media?parent=728"}],"curies":[{"name":"wp","href":"https:\/\/api.w.org\/{rel}","templated":true}]}}