{"id":714,"date":"2023-08-15T17:49:45","date_gmt":"2023-08-15T14:49:45","guid":{"rendered":"https:\/\/mosaic.ee\/?page_id=714"},"modified":"2024-06-03T12:58:04","modified_gmt":"2024-06-03T09:58:04","slug":"maxqda","status":"publish","type":"page","link":"https:\/\/mosaic.ee\/et\/maxqda\/","title":{"rendered":"Maxqda"},"content":{"rendered":"<div data-elementor-type=\"wp-page\" data-elementor-id=\"714\" class=\"elementor elementor-714\" data-elementor-post-type=\"page\">\n\t\t\t\t\t\t<section class=\"elementor-section elementor-top-section elementor-element elementor-element-6c970cbe elementor-section-boxed elementor-section-height-default elementor-section-height-default\" data-id=\"6c970cbe\" data-element_type=\"section\" data-e-type=\"section\">\n\t\t\t\t\t\t<div class=\"elementor-container elementor-column-gap-default\">\n\t\t\t\t\t<div class=\"elementor-column elementor-col-100 elementor-top-column elementor-element elementor-element-7c51814d\" data-id=\"7c51814d\" data-element_type=\"column\" data-e-type=\"column\">\n\t\t\t<div class=\"elementor-widget-wrap elementor-element-populated\">\n\t\t\t\t\t\t<div class=\"elementor-element elementor-element-6075e448 elementor-widget elementor-widget-heading\" data-id=\"6075e448\" data-element_type=\"widget\" data-e-type=\"widget\" data-widget_type=\"heading.default\">\n\t\t\t\t\t<h2 class=\"elementor-heading-title elementor-size-xl\">V\u00f5imaldage oma teadusuuringutele MAXQDAga Mosaicilt <\/h2>\t\t\t\t<\/div>\n\t\t\t\t\t<\/div>\n\t\t<\/div>\n\t\t\t\t\t<\/div>\n\t\t<\/section>\n\t\t<div class=\"elementor-element elementor-element-47070763 e-flex e-con-boxed e-con e-parent\" data-id=\"47070763\" data-element_type=\"container\" data-e-type=\"container\">\n\t\t\t\t\t<div class=\"e-con-inner\">\n\t\t\t\t<div class=\"elementor-element elementor-element-72b9822 elementor-widget elementor-widget-image\" data-id=\"72b9822\" data-element_type=\"widget\" data-e-type=\"widget\" data-widget_type=\"image.default\">\n\t\t\t\t\t\t\t\t\t\t\t\t\t\t\t<img fetchpriority=\"high\" decoding=\"async\" width=\"768\" height=\"398\" src=\"https:\/\/mosaic.ee\/wp-content\/uploads\/2023\/08\/vectorstock_32262553_transparent-768x398.png\" class=\"attachment-medium_large size-medium_large wp-image-721\" alt=\"\" srcset=\"https:\/\/mosaic.ee\/wp-content\/uploads\/2023\/08\/vectorstock_32262553_transparent-768x398.png 768w, https:\/\/mosaic.ee\/wp-content\/uploads\/2023\/08\/vectorstock_32262553_transparent-300x155.png 300w, https:\/\/mosaic.ee\/wp-content\/uploads\/2023\/08\/vectorstock_32262553_transparent-1024x530.png 1024w, https:\/\/mosaic.ee\/wp-content\/uploads\/2023\/08\/vectorstock_32262553_transparent-1536x795.png 1536w, https:\/\/mosaic.ee\/wp-content\/uploads\/2023\/08\/vectorstock_32262553_transparent-2048x1061.png 2048w, https:\/\/mosaic.ee\/wp-content\/uploads\/2023\/08\/vectorstock_32262553_transparent-18x9.png 18w\" sizes=\"(max-width: 768px) 100vw, 768px\" \/>\t\t\t\t\t\t\t\t\t\t\t\t\t\t\t<\/div>\n\t\t\t\t\t<\/div>\n\t\t\t\t<\/div>\n\t\t<div class=\"elementor-element elementor-element-10efa4dd e-flex e-con-boxed e-con e-parent\" data-id=\"10efa4dd\" data-element_type=\"container\" data-e-type=\"container\">\n\t\t\t\t\t<div class=\"e-con-inner\">\n\t\t\t\t<div class=\"elementor-element elementor-element-2d820149 elementor-widget elementor-widget-heading\" data-id=\"2d820149\" data-element_type=\"widget\" data-e-type=\"widget\" data-widget_type=\"heading.default\">\n\t\t\t\t\t<h2 class=\"elementor-heading-title elementor-size-large\">Miks MAXQDA tarkvara?<\/h2>\t\t\t\t<\/div>\n\t\t\t\t\t<\/div>\n\t\t\t\t<\/div>\n\t\t<div class=\"elementor-element elementor-element-6d248f40 e-flex e-con-boxed e-con e-parent\" data-id=\"6d248f40\" data-element_type=\"container\" data-e-type=\"container\">\n\t\t\t\t\t<div class=\"e-con-inner\">\n\t\t\t\t<div class=\"elementor-element elementor-element-45c22f7a elementor-widget elementor-widget-text-editor\" data-id=\"45c22f7a\" data-element_type=\"widget\" data-e-type=\"widget\" data-widget_type=\"text-editor.default\">\n\t\t\t\t\t\t\t\t\t<div><div>\u00a0<\/div><div><div><p><span lang=\"EN-GB\"><span style=\"color: #3366ff;\"><a style=\"color: #3366ff;\" href=\"https:\/\/www.maxqda.com\" target=\"_blank\" rel=\"noopener\">MAXQDA<\/a><\/span> on v\u00f5imas tarkvaravahend, mis on m\u00f5eldud kvalitatiivsete ja segameetodite uuringute jaoks. MAXQDA abil saavad teadlased t\u00f5husalt hallata, anal\u00fc\u00fcsida ja visualiseerida oma andmeid, et saada v\u00e4\u00e4rtuslikke teadmisi ja toota kvaliteetseid uurimistulemusi.<\/span><\/p><\/div><div><p><span lang=\"EN-GB\">MAXQDA pakub mitmeid funktsioone kvalitatiivsete ja segameetodite uuringute toetamiseks, sealhulgas tekstianal\u00fc\u00fcsi, audio- ja videoanal\u00fc\u00fcsi ning andmete visualiseerimist. Teadlased saavad oma andmeid h\u00f5lpsasti importida ja korraldada ning kasutada andmete anal\u00fc\u00fcsimiseks ja uurimiseks selliseid vahendeid nagu kodeerimine, m\u00e4rkmete koostamine ja maatriksp\u00e4ringud. MAXQDA abil saavad teadlased teha koost\u00f6\u00f6d ka teistega, jagada oma andmeid ja toota visuaalselt h\u00e4mmastavaid tulemusi.<\/span><\/p><\/div><\/div><\/div><div><p><span lang=\"EN-GB\">Siin on kolm peamist kasu <span style=\"color: #3366ff;\"><a style=\"color: #3366ff;\" href=\"https:\/\/www.maxqda.com\" target=\"_blank\" rel=\"noopener\">MAXQDA<\/a><\/span> teadlastele:<\/span><\/p><\/div><ol style=\"font-weight: 400;\"><li><div><p><span lang=\"EN-GB\">T\u00f5hus andmeanal\u00fc\u00fcs: MAXQDA v\u00f5imsad t\u00f6\u00f6riistad ja funktsioonid teevad teadlastele lihtsaks suurte andmehulkade haldamise ja anal\u00fc\u00fcsimise. Alates andmete importimisest kuni v\u00e4ljundite genereerimiseni \u00fchtlustab MAXQDA uurimisprotsessi ning s\u00e4\u00e4stab aega ja vaeva. <\/span><\/p><\/div><\/li><li><div><span lang=\"EN-GB\">Paindlik anal\u00fc\u00fcs: MAXQDA on paindlik vahend, mida saab kohandada vastavalt \u00fcksikute teadlaste ja uurimisprojektide ainulaadsetele vajadustele. T\u00e4nu kohandatavatele kodeerimisskeemidele, m\u00e4rkimisv\u00f5imalustele ja andmete visualiseerimise vahenditele saavad teadlased oma anal\u00fc\u00fcsi kohandada vastavalt oma uurimis\u00fclesannetele. <\/span><\/div><\/li><li><div><p><span lang=\"EN-GB\">\u00dchisuuringud: MAXQDA toetab teadlaste koost\u00f6\u00f6d, v\u00f5imaldades neil t\u00f6\u00f6tada koos \u00fche projekti kallal ning jagada andmeid ja anal\u00fc\u00fcsi. MAXQDA meeskonnap\u00f5histe litsentsiv\u00f5imaluste abil saavad uurimisr\u00fchmad oma uurimist\u00f6\u00f6ga t\u00f5husalt koost\u00f6\u00f6d teha ja toota kvaliteetseid tulemusi.<\/span><\/p><\/div><\/li><\/ol>\t\t\t\t\t\t\t\t<\/div>\n\t\t\t\t\t<\/div>\n\t\t\t\t<\/div>\n\t\t\t\t<section class=\"elementor-section elementor-top-section elementor-element elementor-element-4626d8d6 elementor-section-boxed elementor-section-height-default elementor-section-height-default\" data-id=\"4626d8d6\" data-element_type=\"section\" data-e-type=\"section\">\n\t\t\t\t\t\t<div class=\"elementor-container elementor-column-gap-default\">\n\t\t\t\t\t<div class=\"elementor-column elementor-col-50 elementor-top-column elementor-element elementor-element-6b2bbecc\" data-id=\"6b2bbecc\" data-element_type=\"column\" data-e-type=\"column\">\n\t\t\t<div class=\"elementor-widget-wrap\">\n\t\t\t\t\t\t\t<\/div>\n\t\t<\/div>\n\t\t\t\t<div class=\"elementor-column elementor-col-50 elementor-top-column elementor-element elementor-element-583fe09e\" data-id=\"583fe09e\" data-element_type=\"column\" data-e-type=\"column\">\n\t\t\t<div class=\"elementor-widget-wrap elementor-element-populated\">\n\t\t\t\t\t\t<div class=\"elementor-element elementor-element-1c593f42 elementor-widget elementor-widget-image\" data-id=\"1c593f42\" data-element_type=\"widget\" data-e-type=\"widget\" data-widget_type=\"image.default\">\n\t\t\t\t\t\t\t\t\t\t\t\t\t\t\t\t<a href=\"https:\/\/www.maxqda.com\" target=\"_blank\" rel=\"noopener\">\n\t\t\t\t\t\t\t<img decoding=\"async\" width=\"300\" height=\"67\" src=\"https:\/\/mosaic.ee\/wp-content\/uploads\/2023\/08\/maxqda-logo-2020-300x67.png\" class=\"attachment-medium size-medium wp-image-717\" alt=\"\" srcset=\"https:\/\/mosaic.ee\/wp-content\/uploads\/2023\/08\/maxqda-logo-2020-300x67.png 300w, https:\/\/mosaic.ee\/wp-content\/uploads\/2023\/08\/maxqda-logo-2020-768x171.png 768w, https:\/\/mosaic.ee\/wp-content\/uploads\/2023\/08\/maxqda-logo-2020-18x4.png 18w, https:\/\/mosaic.ee\/wp-content\/uploads\/2023\/08\/maxqda-logo-2020.png 900w\" sizes=\"(max-width: 300px) 100vw, 300px\" \/>\t\t\t\t\t\t\t\t<\/a>\n\t\t\t\t\t\t\t\t\t\t\t\t\t\t\t<\/div>\n\t\t\t\t\t<\/div>\n\t\t<\/div>\n\t\t\t\t\t<\/div>\n\t\t<\/section>\n\t\t<div class=\"elementor-element elementor-element-641cf510 e-flex e-con-boxed e-con e-parent\" data-id=\"641cf510\" data-element_type=\"container\" data-e-type=\"container\">\n\t\t\t\t\t<div class=\"e-con-inner\">\n\t\t\t\t<div class=\"elementor-element elementor-element-387ec01c elementor-widget elementor-widget-heading\" data-id=\"387ec01c\" data-element_type=\"widget\" data-e-type=\"widget\" data-widget_type=\"heading.default\">\n\t\t\t\t\t<h2 class=\"elementor-heading-title elementor-size-large\">Miks osta MAXQDA-d Mosaicilt?<\/h2>\t\t\t\t<\/div>\n\t\t\t\t\t<\/div>\n\t\t\t\t<\/div>\n\t\t<div class=\"elementor-element elementor-element-f2a1363 e-flex e-con-boxed e-con e-parent\" data-id=\"f2a1363\" data-element_type=\"container\" data-e-type=\"container\">\n\t\t\t\t\t<div class=\"e-con-inner\">\n\t\t\t\t<div class=\"elementor-element elementor-element-76047bff elementor-widget elementor-widget-text-editor\" data-id=\"76047bff\" data-element_type=\"widget\" data-e-type=\"widget\" data-widget_type=\"text-editor.default\">\n\t\t\t\t\t\t\t\t\t<div><p><span lang=\"EN-GB\">Mosaic on MAXQDA tarkvaralahenduste volitatud edasim\u00fc\u00fcja, pakkudes teadlastele juurdep\u00e4\u00e4su uusimatele vahenditele ja funktsioonidele. Meie ekspertide meeskond aitab teil valida MAXQDA paketi, mis vastab teie uurimisvajadustele, olenemata sellest, kas vajate p\u00f5hipaketti v\u00f5i t\u00e4iustatud funktsioone.<\/span><\/p><\/div><div><p><span lang=\"EN-GB\">Volitatud edasim\u00fc\u00fcjana saame pakkuda kohandatud lahendusi teie ainulaadsetele uurimisvajadustele. Oleme uhked kiire hinnapakkumiste koostamise ja tarnimise teenuse \u00fcle, tagades, et saate kiiresti rakendada vajalikud lahendused. Lisaks pakume konkurentsiv\u00f5imelisi hindu k\u00f5igile MAXQDA toodetele ja teenustele, mis aitavad teil saada parima hinna ja kvaliteedi suhte oma teadusuuringute eelarvele.<\/span><\/p><\/div><div><p><span lang=\"EN-GB\">Mosaic on p\u00fchendunud sellele, et pakkuda oma klientidele erakordset klienditeenindust ja tuge. Meie ekspertide meeskond on alati saadaval, et pakkuda abi ja vastata teie k\u00fcsimustele. V\u00f5tke meiega juba t\u00e4na \u00fchendust, et saada rohkem teavet meie MAXQDA tarkvaralahenduste kohta ja selle kohta, kuidas me saame aidata teil oma teadusuuringuid t\u00f5hustada.<\/span><\/p><\/div>\t\t\t\t\t\t\t\t<\/div>\n\t\t\t\t\t<\/div>\n\t\t\t\t<\/div>\n\t\t\t\t<section class=\"elementor-section elementor-top-section elementor-element elementor-element-3ba02875 elementor-section-boxed elementor-section-height-default elementor-section-height-default\" data-id=\"3ba02875\" data-element_type=\"section\" data-e-type=\"section\">\n\t\t\t\t\t\t<div class=\"elementor-container elementor-column-gap-default\">\n\t\t\t\t\t<div class=\"elementor-column elementor-col-50 elementor-top-column elementor-element elementor-element-246af022\" data-id=\"246af022\" data-element_type=\"column\" data-e-type=\"column\">\n\t\t\t<div class=\"elementor-widget-wrap\">\n\t\t\t\t\t\t\t<\/div>\n\t\t<\/div>\n\t\t\t\t<div class=\"elementor-column elementor-col-50 elementor-top-column elementor-element elementor-element-4b5c5499\" data-id=\"4b5c5499\" data-element_type=\"column\" data-e-type=\"column\">\n\t\t\t<div class=\"elementor-widget-wrap elementor-element-populated\">\n\t\t\t\t\t\t<div class=\"elementor-element elementor-element-44a00875 elementor-widget elementor-widget-image\" data-id=\"44a00875\" data-element_type=\"widget\" data-e-type=\"widget\" data-widget_type=\"image.default\">\n\t\t\t\t\t\t\t\t\t\t\t\t\t\t\t\t<a href=\"https:\/\/www.maxqda.com\" target=\"_blank\" rel=\"noopener\">\n\t\t\t\t\t\t\t<img decoding=\"async\" width=\"800\" height=\"267\" src=\"https:\/\/mosaic.ee\/wp-content\/uploads\/2023\/07\/MAXQDA_PartnerLogo-1024x342.png\" class=\"attachment-large size-large wp-image-385\" alt=\"\" srcset=\"https:\/\/mosaic.ee\/wp-content\/uploads\/2023\/07\/MAXQDA_PartnerLogo-1024x342.png 1024w, https:\/\/mosaic.ee\/wp-content\/uploads\/2023\/07\/MAXQDA_PartnerLogo-300x100.png 300w, https:\/\/mosaic.ee\/wp-content\/uploads\/2023\/07\/MAXQDA_PartnerLogo-768x256.png 768w, https:\/\/mosaic.ee\/wp-content\/uploads\/2023\/07\/MAXQDA_PartnerLogo-1536x512.png 1536w, https:\/\/mosaic.ee\/wp-content\/uploads\/2023\/07\/MAXQDA_PartnerLogo.png 2000w\" sizes=\"(max-width: 800px) 100vw, 800px\" \/>\t\t\t\t\t\t\t\t<\/a>\n\t\t\t\t\t\t\t\t\t\t\t\t\t\t\t<\/div>\n\t\t\t\t\t<\/div>\n\t\t<\/div>\n\t\t\t\t\t<\/div>\n\t\t<\/section>\n\t\t\t\t<\/div>","protected":false},"excerpt":{"rendered":"<p>Empower Your Research with MAXQDA from Mosaic Why MAXQDA Software? \u00a0 MAXQDA is a powerful software tool designed for qualitative and mixed-methods research. With MAXQDA, researchers can efficiently manage, analyze, and visualize their data to gain valuable insights and produce high-quality research outputs. MAXQDA offers a range of features to support qualitative and mixed-methods research, [&hellip;]<\/p>\n","protected":false},"author":1,"featured_media":0,"parent":0,"menu_order":0,"comment_status":"closed","ping_status":"closed","template":"","meta":{"content-type":"","footnotes":""},"class_list":["post-714","page","type-page","status-publish","hentry"],"_links":{"self":[{"href":"https:\/\/mosaic.ee\/et\/wp-json\/wp\/v2\/pages\/714","targetHints":{"allow":["GET"]}}],"collection":[{"href":"https:\/\/mosaic.ee\/et\/wp-json\/wp\/v2\/pages"}],"about":[{"href":"https:\/\/mosaic.ee\/et\/wp-json\/wp\/v2\/types\/page"}],"author":[{"embeddable":true,"href":"https:\/\/mosaic.ee\/et\/wp-json\/wp\/v2\/users\/1"}],"replies":[{"embeddable":true,"href":"https:\/\/mosaic.ee\/et\/wp-json\/wp\/v2\/comments?post=714"}],"version-history":[{"count":10,"href":"https:\/\/mosaic.ee\/et\/wp-json\/wp\/v2\/pages\/714\/revisions"}],"predecessor-version":[{"id":1609,"href":"https:\/\/mosaic.ee\/et\/wp-json\/wp\/v2\/pages\/714\/revisions\/1609"}],"wp:attachment":[{"href":"https:\/\/mosaic.ee\/et\/wp-json\/wp\/v2\/media?parent=714"}],"curies":[{"name":"wp","href":"https:\/\/api.w.org\/{rel}","templated":true}]}}