{"id":700,"date":"2023-08-15T17:35:39","date_gmt":"2023-08-15T14:35:39","guid":{"rendered":"https:\/\/mosaic.ee\/?page_id=700"},"modified":"2024-06-03T14:36:43","modified_gmt":"2024-06-03T11:36:43","slug":"vmware","status":"publish","type":"page","link":"https:\/\/mosaic.ee\/et\/vmware\/","title":{"rendered":"VMware"},"content":{"rendered":"<div data-elementor-type=\"wp-page\" data-elementor-id=\"700\" class=\"elementor elementor-700\" data-elementor-post-type=\"page\">\n\t\t\t\t\t\t<section class=\"elementor-section elementor-top-section elementor-element elementor-element-54510940 elementor-section-boxed elementor-section-height-default elementor-section-height-default\" data-id=\"54510940\" data-element_type=\"section\" data-e-type=\"section\">\n\t\t\t\t\t\t<div class=\"elementor-container elementor-column-gap-default\">\n\t\t\t\t\t<div class=\"elementor-column elementor-col-100 elementor-top-column elementor-element elementor-element-dc6206d\" data-id=\"dc6206d\" data-element_type=\"column\" data-e-type=\"column\">\n\t\t\t<div class=\"elementor-widget-wrap elementor-element-populated\">\n\t\t\t\t\t\t<div class=\"elementor-element elementor-element-31b7e2a5 elementor-widget elementor-widget-heading\" data-id=\"31b7e2a5\" data-element_type=\"widget\" data-e-type=\"widget\" data-widget_type=\"heading.default\">\n\t\t\t\t\t<h2 class=\"elementor-heading-title elementor-size-xl\">Lihtsustage oma IT-infrastruktuuri Mosaici VMware tarkvaralahendustega<\/h2>\t\t\t\t<\/div>\n\t\t\t\t\t<\/div>\n\t\t<\/div>\n\t\t\t\t\t<\/div>\n\t\t<\/section>\n\t\t<div class=\"elementor-element elementor-element-5c950efc e-flex e-con-boxed e-con e-parent\" data-id=\"5c950efc\" data-element_type=\"container\" data-e-type=\"container\">\n\t\t\t\t\t<div class=\"e-con-inner\">\n\t\t\t\t<div class=\"elementor-element elementor-element-107068a elementor-widget elementor-widget-image\" data-id=\"107068a\" data-element_type=\"widget\" data-e-type=\"widget\" data-widget_type=\"image.default\">\n\t\t\t\t\t\t\t\t\t\t\t\t\t\t\t<img fetchpriority=\"high\" decoding=\"async\" width=\"768\" height=\"463\" src=\"https:\/\/mosaic.ee\/wp-content\/uploads\/2023\/08\/vectorstock_32262773_transparent-768x463.png\" class=\"attachment-medium_large size-medium_large wp-image-707\" alt=\"\" srcset=\"https:\/\/mosaic.ee\/wp-content\/uploads\/2023\/08\/vectorstock_32262773_transparent-768x463.png 768w, https:\/\/mosaic.ee\/wp-content\/uploads\/2023\/08\/vectorstock_32262773_transparent-300x181.png 300w, https:\/\/mosaic.ee\/wp-content\/uploads\/2023\/08\/vectorstock_32262773_transparent-1024x617.png 1024w, https:\/\/mosaic.ee\/wp-content\/uploads\/2023\/08\/vectorstock_32262773_transparent-1536x926.png 1536w, https:\/\/mosaic.ee\/wp-content\/uploads\/2023\/08\/vectorstock_32262773_transparent-2048x1235.png 2048w, https:\/\/mosaic.ee\/wp-content\/uploads\/2023\/08\/vectorstock_32262773_transparent-18x12.png 18w\" sizes=\"(max-width: 768px) 100vw, 768px\" \/>\t\t\t\t\t\t\t\t\t\t\t\t\t\t\t<\/div>\n\t\t\t\t\t<\/div>\n\t\t\t\t<\/div>\n\t\t<div class=\"elementor-element elementor-element-3bbb8f92 e-flex e-con-boxed e-con e-parent\" data-id=\"3bbb8f92\" data-element_type=\"container\" data-e-type=\"container\">\n\t\t\t\t\t<div class=\"e-con-inner\">\n\t\t\t\t<div class=\"elementor-element elementor-element-4f6d63c elementor-widget elementor-widget-heading\" data-id=\"4f6d63c\" data-element_type=\"widget\" data-e-type=\"widget\" data-widget_type=\"heading.default\">\n\t\t\t\t\t<h2 class=\"elementor-heading-title elementor-size-large\">Miks VMware tarkvara?<\/h2>\t\t\t\t<\/div>\n\t\t\t\t\t<\/div>\n\t\t\t\t<\/div>\n\t\t<div class=\"elementor-element elementor-element-3f7e9c44 e-flex e-con-boxed e-con e-parent\" data-id=\"3f7e9c44\" data-element_type=\"container\" data-e-type=\"container\">\n\t\t\t\t\t<div class=\"e-con-inner\">\n\t\t\t\t<div class=\"elementor-element elementor-element-6a7bb4db elementor-widget elementor-widget-text-editor\" data-id=\"6a7bb4db\" data-element_type=\"widget\" data-e-type=\"widget\" data-widget_type=\"text-editor.default\">\n\t\t\t\t\t\t\t\t\t<p style=\"font-weight: 400;\"><span style=\"color: #3366ff;\"><a style=\"color: #3366ff;\" href=\"https:\/\/www.vmware.com\" target=\"_blank\" rel=\"noopener\">VMware<\/a><\/span>\u00a0by Broadcom on juhtiv virtualiseerimise ja pilvandmet\u00f6\u00f6tluse tarkvaralahenduste pakkuja igas suuruses ettev\u00f5tetele. VMware'i abil saavad ettev\u00f5tted oma IT-infrastruktuuri t\u00e4iustada, v\u00e4hendada kulusid ja parandada \u00fcldist tootlikkust. Hiljutise uuringu kohaselt on VMware'i tarkvaralahendusi kasutavad ettev\u00f5tted t\u00e4heldanud kuni 50% IT-t\u00f5hususe paranemist.<\/p><p style=\"font-weight: 400;\">\u00dcks VMware'i peamisi eeliseid on selle v\u00f5ime konsolideerida riistvara ja optimeerida ressursse. VMware'i virtualiseerimistehnoloogia v\u00f5imaldab ettev\u00f5tetel kasutada mitut virtuaalmasinat \u00fches f\u00fc\u00fcsilises masinas, v\u00e4hendades vajadust t\u00e4iendava riistvara j\u00e4rele ja v\u00e4hendades kulusid. VMware'i tarkvaralahendused lihtsustavad ka IT-\u00fclesannete haldamist ja automatiseerimist, mis vabastab aega teiste oluliste \u00e4ritegevuste jaoks.<\/p><p style=\"font-weight: 400;\">Siin on kolm peamist kasu <span style=\"color: #3366ff;\"><a style=\"color: #3366ff;\" href=\"https:\/\/www.vmware.com\" target=\"_blank\" rel=\"noopener\">VMware<\/a><\/span> tarkvaralahendused:<\/p><ol style=\"font-weight: 400;\"><li>Skaleeritavad lahendused: VMware'i tarkvaralahendused on kavandatud skaleeritavaks, mist\u00f5ttu sobivad need igas suuruses ettev\u00f5tetele. Olenemata sellest, kas teil on vaja hallata v\u00e4ikest IT-infrastruktuuri v\u00f5i suurt ettev\u00f5tte tasemel s\u00fcsteemi, saab VMware'i lahendusi kohandada vastavalt teie vajadustele.<\/li><li>Parem t\u00f5husus: VMware'i virtualiseerimistehnoloogia v\u00f5imaldab ettev\u00f5tetel konsolideerida riistvara, v\u00e4hendada seisakuid ja automatiseerida IT-\u00fclesandeid. See toob kaasa suurema t\u00f5hususe ja tootlikkuse, mis v\u00f5imaldab ettev\u00f5tetel keskenduda teistele olulistele funktsioonidele.<\/li><li>T\u00f5hustatud turvalisus: VMware'i tarkvaralahendused on varustatud t\u00e4iustatud turvafunktsioonidega, sealhulgas kr\u00fcpteerimise ja v\u00f5rgu segmenteerimisega. See aitab ettev\u00f5tetel kaitsta oma andmeid ja ennetada k\u00fcberr\u00fcnnakuid.<\/li><\/ol>\t\t\t\t\t\t\t\t<\/div>\n\t\t\t\t\t<\/div>\n\t\t\t\t<\/div>\n\t\t\t\t<section class=\"elementor-section elementor-top-section elementor-element elementor-element-724505e1 elementor-section-boxed elementor-section-height-default elementor-section-height-default\" data-id=\"724505e1\" data-element_type=\"section\" data-e-type=\"section\">\n\t\t\t\t\t\t<div class=\"elementor-container elementor-column-gap-default\">\n\t\t\t\t\t<div class=\"elementor-column elementor-col-50 elementor-top-column elementor-element elementor-element-7fe707ce\" data-id=\"7fe707ce\" data-element_type=\"column\" data-e-type=\"column\">\n\t\t\t<div class=\"elementor-widget-wrap\">\n\t\t\t\t\t\t\t<\/div>\n\t\t<\/div>\n\t\t\t\t<div class=\"elementor-column elementor-col-50 elementor-top-column elementor-element elementor-element-fb22a33\" data-id=\"fb22a33\" data-element_type=\"column\" data-e-type=\"column\">\n\t\t\t<div class=\"elementor-widget-wrap elementor-element-populated\">\n\t\t\t\t\t\t<div class=\"elementor-element elementor-element-1d849b22 elementor-widget elementor-widget-image\" data-id=\"1d849b22\" data-element_type=\"widget\" data-e-type=\"widget\" data-widget_type=\"image.default\">\n\t\t\t\t\t\t\t\t\t\t\t\t\t\t\t\t<a href=\"https:\/\/www.vmware.com\" target=\"_blank\" rel=\"noopener\">\n\t\t\t\t\t\t\t<img decoding=\"async\" width=\"140\" height=\"22\" src=\"https:\/\/mosaic.ee\/wp-content\/uploads\/2023\/08\/vmware-logo-grey.svg\" class=\"attachment-medium size-medium wp-image-703\" alt=\"\" \/>\t\t\t\t\t\t\t\t<\/a>\n\t\t\t\t\t\t\t\t\t\t\t\t\t\t\t<\/div>\n\t\t\t\t\t<\/div>\n\t\t<\/div>\n\t\t\t\t\t<\/div>\n\t\t<\/section>\n\t\t<div class=\"elementor-element elementor-element-73d49d6c e-flex e-con-boxed e-con e-parent\" data-id=\"73d49d6c\" data-element_type=\"container\" data-e-type=\"container\">\n\t\t\t\t\t<div class=\"e-con-inner\">\n\t\t\t\t<div class=\"elementor-element elementor-element-69aa1643 elementor-widget elementor-widget-heading\" data-id=\"69aa1643\" data-element_type=\"widget\" data-e-type=\"widget\" data-widget_type=\"heading.default\">\n\t\t\t\t\t<h2 class=\"elementor-heading-title elementor-size-large\">Miks osta VMware'i Mosaicilt?<\/h2>\t\t\t\t<\/div>\n\t\t\t\t\t<\/div>\n\t\t\t\t<\/div>\n\t\t<div class=\"elementor-element elementor-element-3ab183dd e-flex e-con-boxed e-con e-parent\" data-id=\"3ab183dd\" data-element_type=\"container\" data-e-type=\"container\">\n\t\t\t\t\t<div class=\"e-con-inner\">\n\t\t\t\t<div class=\"elementor-element elementor-element-14450db8 elementor-widget elementor-widget-text-editor\" data-id=\"14450db8\" data-element_type=\"widget\" data-e-type=\"widget\" data-widget_type=\"text-editor.default\">\n\t\t\t\t\t\t\t\t\t<div><p><span lang=\"EN-GB\">Mosaic on usaldusv\u00e4\u00e4rne lisav\u00e4\u00e4rtusega edasim\u00fc\u00fcja, kes pakub VMware'i tarkvaralahendusi. Meie ekspertide meeskond aitab teil valida teie ettev\u00f5ttele sobivad VMware'i lahendused, olenemata sellest, kas vajate VMware vSphere'i, VMware Horizon'i v\u00f5i muid VMware'i tooteid.<\/span><\/p><\/div><div><p><span lang=\"EN-GB\">Broadcomi ametliku VMware'i edasim\u00fc\u00fcjana on meil juurdep\u00e4\u00e4s uusimatele toodetele ja teenustele, mis tagab teile k\u00f5ige ajakohasemad lahendused. Lisaks sellele v\u00f5imaldab meie tarkvaralitsentside alane asjatundlikkus pakkuda kohandatud lahendusi teie unikaalsete \u00e4rivajaduste jaoks. Oleme uhked kiire hinnapakkumiste koostamise ja tarnimise teenuse \u00fcle, mis tagab, et saate kiiresti rakendada vajalikud lahendused.<\/span><\/p><\/div><div><p><span lang=\"EN-GB\">Mosaic on p\u00fchendunud sellele, et pakkuda oma klientidele parimaid v\u00f5imalikke pakkumisi. Ametliku VMware'i edasim\u00fc\u00fcjana pakume konkurentsiv\u00f5imelisi hindu k\u00f5ikidele VMware'i toodetele ja teenustele. V\u00f5tke meiega juba t\u00e4na \u00fchendust, et saada rohkem teavet meie VMware'i tarkvaralahenduste kohta ja selle kohta, kuidas me saame aidata teie ettev\u00f5ttel IT-infrastruktuuri lihtsustada.<\/span><\/p><\/div>\t\t\t\t\t\t\t\t<\/div>\n\t\t\t\t\t<\/div>\n\t\t\t\t<\/div>\n\t\t\t\t<section class=\"elementor-section elementor-top-section elementor-element elementor-element-1c5e0032 elementor-section-boxed elementor-section-height-default elementor-section-height-default\" data-id=\"1c5e0032\" data-element_type=\"section\" data-e-type=\"section\">\n\t\t\t\t\t\t<div class=\"elementor-container elementor-column-gap-default\">\n\t\t\t\t\t<div class=\"elementor-column elementor-col-50 elementor-top-column elementor-element elementor-element-7e330a82\" data-id=\"7e330a82\" data-element_type=\"column\" data-e-type=\"column\">\n\t\t\t<div class=\"elementor-widget-wrap\">\n\t\t\t\t\t\t\t<\/div>\n\t\t<\/div>\n\t\t\t\t<div class=\"elementor-column elementor-col-50 elementor-top-column elementor-element elementor-element-7c83e5e5\" data-id=\"7c83e5e5\" data-element_type=\"column\" data-e-type=\"column\">\n\t\t\t<div class=\"elementor-widget-wrap elementor-element-populated\">\n\t\t\t\t\t\t<div class=\"elementor-element elementor-element-1c206343 elementor-widget elementor-widget-image\" data-id=\"1c206343\" data-element_type=\"widget\" data-e-type=\"widget\" data-widget_type=\"image.default\">\n\t\t\t\t\t\t\t\t\t\t\t\t\t\t\t\t<a href=\"https:\/\/www.vmware.com\" target=\"_blank\" rel=\"noopener\">\n\t\t\t\t\t\t\t<img decoding=\"async\" width=\"273\" height=\"273\" src=\"https:\/\/mosaic.ee\/wp-content\/uploads\/2024\/04\/VMware-Registered-reseller-badge-1.jpg\" class=\"attachment-large size-large wp-image-3529\" alt=\"Broadcom VMware registreeritud edasim\u00fc\u00fcja logo\" srcset=\"https:\/\/mosaic.ee\/wp-content\/uploads\/2024\/04\/VMware-Registered-reseller-badge-1.jpg 273w, https:\/\/mosaic.ee\/wp-content\/uploads\/2024\/04\/VMware-Registered-reseller-badge-1-150x150.jpg 150w, https:\/\/mosaic.ee\/wp-content\/uploads\/2024\/04\/VMware-Registered-reseller-badge-1-12x12.jpg 12w\" sizes=\"(max-width: 273px) 100vw, 273px\" \/>\t\t\t\t\t\t\t\t<\/a>\n\t\t\t\t\t\t\t\t\t\t\t\t\t\t\t<\/div>\n\t\t\t\t\t<\/div>\n\t\t<\/div>\n\t\t\t\t\t<\/div>\n\t\t<\/section>\n\t\t\t\t<\/div>","protected":false},"excerpt":{"rendered":"<p>Simplify Your IT Infrastructure with VMware Software Solutions from Mosaic Why VMware Software? VMware\u00a0by Broadcom is a leading provider of virtualization and cloud computing software solutions for businesses of all sizes. With VMware, businesses can streamline their IT infrastructure, reduce costs, and improve their overall productivity. According to a recent survey, companies that use VMware&#8217;s [&hellip;]<\/p>\n","protected":false},"author":1,"featured_media":0,"parent":0,"menu_order":0,"comment_status":"closed","ping_status":"closed","template":"","meta":{"content-type":"","footnotes":""},"class_list":["post-700","page","type-page","status-publish","hentry"],"_links":{"self":[{"href":"https:\/\/mosaic.ee\/et\/wp-json\/wp\/v2\/pages\/700","targetHints":{"allow":["GET"]}}],"collection":[{"href":"https:\/\/mosaic.ee\/et\/wp-json\/wp\/v2\/pages"}],"about":[{"href":"https:\/\/mosaic.ee\/et\/wp-json\/wp\/v2\/types\/page"}],"author":[{"embeddable":true,"href":"https:\/\/mosaic.ee\/et\/wp-json\/wp\/v2\/users\/1"}],"replies":[{"embeddable":true,"href":"https:\/\/mosaic.ee\/et\/wp-json\/wp\/v2\/comments?post=700"}],"version-history":[{"count":16,"href":"https:\/\/mosaic.ee\/et\/wp-json\/wp\/v2\/pages\/700\/revisions"}],"predecessor-version":[{"id":3538,"href":"https:\/\/mosaic.ee\/et\/wp-json\/wp\/v2\/pages\/700\/revisions\/3538"}],"wp:attachment":[{"href":"https:\/\/mosaic.ee\/et\/wp-json\/wp\/v2\/media?parent=700"}],"curies":[{"name":"wp","href":"https:\/\/api.w.org\/{rel}","templated":true}]}}