{"id":687,"date":"2023-08-15T17:25:46","date_gmt":"2023-08-15T14:25:46","guid":{"rendered":"https:\/\/mosaic.ee\/?page_id=687"},"modified":"2024-06-03T14:43:05","modified_gmt":"2024-06-03T11:43:05","slug":"zoom","status":"publish","type":"page","link":"https:\/\/mosaic.ee\/et\/zoom\/","title":{"rendered":"Zoom"},"content":{"rendered":"<div data-elementor-type=\"wp-page\" data-elementor-id=\"687\" class=\"elementor elementor-687\" data-elementor-post-type=\"page\">\n\t\t\t\t\t\t<section class=\"elementor-section elementor-top-section elementor-element elementor-element-e32774 elementor-section-boxed elementor-section-height-default elementor-section-height-default\" data-id=\"e32774\" data-element_type=\"section\" data-e-type=\"section\">\n\t\t\t\t\t\t<div class=\"elementor-container elementor-column-gap-default\">\n\t\t\t\t\t<div class=\"elementor-column elementor-col-100 elementor-top-column elementor-element elementor-element-153935ff\" data-id=\"153935ff\" data-element_type=\"column\" data-e-type=\"column\">\n\t\t\t<div class=\"elementor-widget-wrap elementor-element-populated\">\n\t\t\t\t\t\t<div class=\"elementor-element elementor-element-6cc69d81 elementor-widget elementor-widget-heading\" data-id=\"6cc69d81\" data-element_type=\"widget\" data-e-type=\"widget\" data-widget_type=\"heading.default\">\n\t\t\t\t\t<h2 class=\"elementor-heading-title elementor-size-xl\">Mosaic Zoomi tarkvaralahenduste abil oma \u00e4rikohtumiste revolutsiooniliseks muutmine <\/h2>\t\t\t\t<\/div>\n\t\t\t\t\t<\/div>\n\t\t<\/div>\n\t\t\t\t\t<\/div>\n\t\t<\/section>\n\t\t<div class=\"elementor-element elementor-element-e3e3e87 e-flex e-con-boxed e-con e-parent\" data-id=\"e3e3e87\" data-element_type=\"container\" data-e-type=\"container\">\n\t\t\t\t\t<div class=\"e-con-inner\">\n\t\t\t\t<div class=\"elementor-element elementor-element-42ab54c2 elementor-widget elementor-widget-image\" data-id=\"42ab54c2\" data-element_type=\"widget\" data-e-type=\"widget\" data-widget_type=\"image.default\">\n\t\t\t\t\t\t\t\t\t\t\t\t\t\t\t<img fetchpriority=\"high\" decoding=\"async\" width=\"768\" height=\"640\" src=\"https:\/\/mosaic.ee\/wp-content\/uploads\/2023\/07\/vectorstock_15458232-768x640.png\" class=\"attachment-medium_large size-medium_large wp-image-277\" alt=\"\" srcset=\"https:\/\/mosaic.ee\/wp-content\/uploads\/2023\/07\/vectorstock_15458232-768x640.png 768w, https:\/\/mosaic.ee\/wp-content\/uploads\/2023\/07\/vectorstock_15458232-300x250.png 300w, https:\/\/mosaic.ee\/wp-content\/uploads\/2023\/07\/vectorstock_15458232-1024x853.png 1024w, https:\/\/mosaic.ee\/wp-content\/uploads\/2023\/07\/vectorstock_15458232-1536x1280.png 1536w, https:\/\/mosaic.ee\/wp-content\/uploads\/2023\/07\/vectorstock_15458232-2048x1707.png 2048w\" sizes=\"(max-width: 768px) 100vw, 768px\" \/>\t\t\t\t\t\t\t\t\t\t\t\t\t\t\t<\/div>\n\t\t\t\t\t<\/div>\n\t\t\t\t<\/div>\n\t\t<div class=\"elementor-element elementor-element-5c4b2bf4 e-flex e-con-boxed e-con e-parent\" data-id=\"5c4b2bf4\" data-element_type=\"container\" data-e-type=\"container\">\n\t\t\t\t\t<div class=\"e-con-inner\">\n\t\t\t\t<div class=\"elementor-element elementor-element-3f57478a elementor-widget elementor-widget-heading\" data-id=\"3f57478a\" data-element_type=\"widget\" data-e-type=\"widget\" data-widget_type=\"heading.default\">\n\t\t\t\t\t<h2 class=\"elementor-heading-title elementor-size-large\">Miks Zoom tarkvara?<\/h2>\t\t\t\t<\/div>\n\t\t\t\t\t<\/div>\n\t\t\t\t<\/div>\n\t\t<div class=\"elementor-element elementor-element-6781fae4 e-flex e-con-boxed e-con e-parent\" data-id=\"6781fae4\" data-element_type=\"container\" data-e-type=\"container\">\n\t\t\t\t\t<div class=\"e-con-inner\">\n\t\t\t\t<div class=\"elementor-element elementor-element-4eb3e6da elementor-widget elementor-widget-text-editor\" data-id=\"4eb3e6da\" data-element_type=\"widget\" data-e-type=\"widget\" data-widget_type=\"text-editor.default\">\n\t\t\t\t\t\t\t\t\t<p style=\"font-weight: 400;\"><span style=\"color: #3366ff;\"><a style=\"color: #3366ff;\" href=\"https:\/\/zoom.us\" target=\"_blank\" rel=\"noopener\">Zoom<\/a><\/span> on pilvep\u00f5hine videokonverentsitarkvara, mis v\u00f5imaldab ettev\u00f5tetel luua \u00fchendust ja teha koost\u00f6\u00f6d oma meeskonnaliikmete ja klientidega k\u00f5ikjal maailmas. \u00dcle 300 miljoni igap\u00e4evase koosolekutel osalejaga on Zoomist saanud igas suuruses ettev\u00f5tete jaoks parim videokonverentsitarkvara. Hiljutise uuringu kohaselt v\u00f5ivad Zoomi kasutavad ettev\u00f5tted s\u00e4\u00e4sta kuni 11 tundi n\u00e4dalas reisimisele kuluvat aega.<\/p><p style=\"font-weight: 400;\">\u00dcks Zoomi peamisi eeliseid on selle kasutusmugavus. Kasutajad saavad \u00fche kl\u00f5psuga liituda koosolekuga oma lauaarvutist, s\u00fclearvutist, tahvelarvutist v\u00f5i mobiilseadmest. Zoom pakub ka mitmeid funktsioone, sealhulgas ekraani jagamist, virtuaalset tausta ja salvestamisv\u00f5imalusi, mis lihtsustavad koost\u00f6\u00f6d teistega reaalajas.<\/p><p style=\"font-weight: 400;\">Siin on kolm peamist kasu <span style=\"color: #3366ff;\"><a style=\"color: #3366ff;\" href=\"https:\/\/zoom.us\" target=\"_blank\" rel=\"noopener\">Zoom<\/a><\/span> tarkvaralahendused:<\/p><ol style=\"font-weight: 400;\"><li>T\u00f5hustatud koost\u00f6\u00f6: Zoomi abil saavad ettev\u00f5tted teha koost\u00f6\u00f6d reaalajas, s\u00f5ltumata nende asukohast. Zoomi ekraani jagamise ja m\u00e4rkuste tegemise funktsioonid muudavad dokumentide \u00fchise t\u00f6\u00f6tamise lihtsaks, samal ajal kui selle virtuaalne taustafunktsioon v\u00f5imaldab kasutajatel luua h\u00e4ireteta t\u00f6\u00f6keskkonna.<\/li><li>Suurenenud tootlikkus: Zoom aitab ettev\u00f5tetel s\u00e4\u00e4sta aega ja suurendada tootlikkust, kuna kaotab reisimise vajaduse. Zoomi salvestusfunktsioon v\u00f5imaldab kasutajatel salvestada koosolekuid hilisemaks kasutamiseks, mis h\u00f5lbustab \u00fclesannete ja t\u00e4htaegade j\u00e4lgimist.<\/li><\/ol><p><span style=\"font-weight: 400;\">Skaleeritavad lahendused: Zoomi tarkvaralahendused on loodud skaleeritavaks, mist\u00f5ttu sobivad need igas suuruses ettev\u00f5tetele. Olenemata sellest, kas teil on vaja korraldada v\u00e4ike meeskonnakoosolek v\u00f5i suur konverents, saab Zoomi tarkvaralahendusi kohandada vastavalt teie vajadustele.<\/span><\/p>\t\t\t\t\t\t\t\t<\/div>\n\t\t\t\t\t<\/div>\n\t\t\t\t<\/div>\n\t\t\t\t<section class=\"elementor-section elementor-top-section elementor-element elementor-element-2d84bb95 elementor-section-boxed elementor-section-height-default elementor-section-height-default\" data-id=\"2d84bb95\" data-element_type=\"section\" data-e-type=\"section\">\n\t\t\t\t\t\t<div class=\"elementor-container elementor-column-gap-default\">\n\t\t\t\t\t<div class=\"elementor-column elementor-col-50 elementor-top-column elementor-element elementor-element-3089f652\" data-id=\"3089f652\" data-element_type=\"column\" data-e-type=\"column\">\n\t\t\t<div class=\"elementor-widget-wrap\">\n\t\t\t\t\t\t\t<\/div>\n\t\t<\/div>\n\t\t\t\t<div class=\"elementor-column elementor-col-50 elementor-top-column elementor-element elementor-element-7b853c78\" data-id=\"7b853c78\" data-element_type=\"column\" data-e-type=\"column\">\n\t\t\t<div class=\"elementor-widget-wrap elementor-element-populated\">\n\t\t\t\t\t\t<div class=\"elementor-element elementor-element-76853122 elementor-widget elementor-widget-image\" data-id=\"76853122\" data-element_type=\"widget\" data-e-type=\"widget\" data-widget_type=\"image.default\">\n\t\t\t\t\t\t\t\t\t\t\t\t\t\t\t\t<a href=\"https:\/\/zoom.us\" target=\"_blank\" rel=\"noopener\">\n\t\t\t\t\t\t\t<img decoding=\"async\" width=\"300\" height=\"90\" src=\"https:\/\/mosaic.ee\/wp-content\/uploads\/2023\/08\/zoom-logo-300x90.png\" class=\"attachment-medium size-medium wp-image-690\" alt=\"\" srcset=\"https:\/\/mosaic.ee\/wp-content\/uploads\/2023\/08\/zoom-logo-300x90.png 300w, https:\/\/mosaic.ee\/wp-content\/uploads\/2023\/08\/zoom-logo-18x5.png 18w, https:\/\/mosaic.ee\/wp-content\/uploads\/2023\/08\/zoom-logo.png 500w\" sizes=\"(max-width: 300px) 100vw, 300px\" \/>\t\t\t\t\t\t\t\t<\/a>\n\t\t\t\t\t\t\t\t\t\t\t\t\t\t\t<\/div>\n\t\t\t\t\t<\/div>\n\t\t<\/div>\n\t\t\t\t\t<\/div>\n\t\t<\/section>\n\t\t<div class=\"elementor-element elementor-element-113f7832 e-flex e-con-boxed e-con e-parent\" data-id=\"113f7832\" data-element_type=\"container\" data-e-type=\"container\">\n\t\t\t\t\t<div class=\"e-con-inner\">\n\t\t\t\t<div class=\"elementor-element elementor-element-340c9ae8 elementor-widget elementor-widget-heading\" data-id=\"340c9ae8\" data-element_type=\"widget\" data-e-type=\"widget\" data-widget_type=\"heading.default\">\n\t\t\t\t\t<h2 class=\"elementor-heading-title elementor-size-large\">Miks osta Zoomi Mosaicilt?<\/h2>\t\t\t\t<\/div>\n\t\t\t\t\t<\/div>\n\t\t\t\t<\/div>\n\t\t<div class=\"elementor-element elementor-element-30d58002 e-flex e-con-boxed e-con e-parent\" data-id=\"30d58002\" data-element_type=\"container\" data-e-type=\"container\">\n\t\t\t\t\t<div class=\"e-con-inner\">\n\t\t\t\t<div class=\"elementor-element elementor-element-67ac1acf elementor-widget elementor-widget-text-editor\" data-id=\"67ac1acf\" data-element_type=\"widget\" data-e-type=\"widget\" data-widget_type=\"text-editor.default\">\n\t\t\t\t\t\t\t\t\t<div><p><span lang=\"EN-GB\">Mosaic on usaldusv\u00e4\u00e4rne lisav\u00e4\u00e4rtusega edasim\u00fc\u00fcja, kes pakub Zoomi tarkvaralahendusi. Meie ekspertide meeskond aitab teil valida teie ettev\u00f5ttele sobivad Zoomi lahendused, olgu teil siis vaja Zoomi koosolekuid, Zoomi ruume v\u00f5i muid Zoomi tooteid.<\/span><\/p><\/div><div><p><span lang=\"EN-GB\">Ametliku Zoomi partnerina on meil juurdep\u00e4\u00e4s uusimatele toodetele ja teenustele, mis tagab teile k\u00f5ige ajakohasemad lahendused. Lisaks sellele v\u00f5imaldab meie tarkvaralitsentside alane p\u00e4devus pakkuda kohandatud lahendusi teie unikaalsetele \u00e4rivajadustele. Oleme uhked kiire hinnapakkumiste koostamise ja tarnimise teenuse \u00fcle, mis tagab, et saate vajalikud lahendused kiiresti kasutusele v\u00f5tta.<\/span><\/p><\/div><div><p><span lang=\"EN-GB\">Mosaic on p\u00fchendunud sellele, et pakkuda oma klientidele parimaid v\u00f5imalikke pakkumisi. Zoomi ametliku edasim\u00fc\u00fcjana pakume konkurentsiv\u00f5imelist hinda k\u00f5igile Zoomi toodetele ja teenustele. V\u00f5tke meiega juba t\u00e4na \u00fchendust, et saada rohkem teavet meie Zoomi tarkvaralahenduste kohta ja selle kohta, kuidas me saame aidata teie ettev\u00f5ttel edu saavutada.<\/span><\/p><\/div>\t\t\t\t\t\t\t\t<\/div>\n\t\t\t\t\t<\/div>\n\t\t\t\t<\/div>\n\t\t\t\t<section class=\"elementor-section elementor-top-section elementor-element elementor-element-7476decc elementor-section-boxed elementor-section-height-default elementor-section-height-default\" data-id=\"7476decc\" data-element_type=\"section\" data-e-type=\"section\">\n\t\t\t\t\t\t<div class=\"elementor-container elementor-column-gap-default\">\n\t\t\t\t\t<div class=\"elementor-column elementor-col-50 elementor-top-column elementor-element elementor-element-420cad9e\" data-id=\"420cad9e\" data-element_type=\"column\" data-e-type=\"column\">\n\t\t\t<div class=\"elementor-widget-wrap\">\n\t\t\t\t\t\t\t<\/div>\n\t\t<\/div>\n\t\t\t\t<div class=\"elementor-column elementor-col-50 elementor-top-column elementor-element elementor-element-32f63abc\" data-id=\"32f63abc\" data-element_type=\"column\" data-e-type=\"column\">\n\t\t\t<div class=\"elementor-widget-wrap elementor-element-populated\">\n\t\t\t\t\t\t<div class=\"elementor-element elementor-element-121e1d17 elementor-widget elementor-widget-image\" data-id=\"121e1d17\" data-element_type=\"widget\" data-e-type=\"widget\" data-widget_type=\"image.default\">\n\t\t\t\t\t\t\t\t\t\t\t\t\t\t\t\t<a href=\"https:\/\/partner.zoom.us\/partner-locator\/?filter-regions=EMEA&#038;filter-countries=Estonia\" target=\"_blank\" rel=\"noopener\">\n\t\t\t\t\t\t\t<img decoding=\"async\" width=\"261\" height=\"129\" src=\"https:\/\/mosaic.ee\/wp-content\/uploads\/2023\/07\/badge_designation_ZM-Authorized-Reseller_color-RGB.png\" class=\"attachment-large size-large wp-image-139\" alt=\"\" \/>\t\t\t\t\t\t\t\t<\/a>\n\t\t\t\t\t\t\t\t\t\t\t\t\t\t\t<\/div>\n\t\t\t\t\t<\/div>\n\t\t<\/div>\n\t\t\t\t\t<\/div>\n\t\t<\/section>\n\t\t\t\t<\/div>","protected":false},"excerpt":{"rendered":"<p>Revolutionize Your Business Meetings with Zoom Software Solutions from Mosaic Why Zoom Software? Zoom is a cloud-based video conferencing software that enables businesses to connect and collaborate with their team members and clients from anywhere in the world. With over 300 million daily meeting participants, Zoom has become the go-to video conferencing software for businesses [&hellip;]<\/p>\n","protected":false},"author":1,"featured_media":0,"parent":0,"menu_order":0,"comment_status":"closed","ping_status":"closed","template":"","meta":{"content-type":"","footnotes":""},"class_list":["post-687","page","type-page","status-publish","hentry"],"_links":{"self":[{"href":"https:\/\/mosaic.ee\/et\/wp-json\/wp\/v2\/pages\/687","targetHints":{"allow":["GET"]}}],"collection":[{"href":"https:\/\/mosaic.ee\/et\/wp-json\/wp\/v2\/pages"}],"about":[{"href":"https:\/\/mosaic.ee\/et\/wp-json\/wp\/v2\/types\/page"}],"author":[{"embeddable":true,"href":"https:\/\/mosaic.ee\/et\/wp-json\/wp\/v2\/users\/1"}],"replies":[{"embeddable":true,"href":"https:\/\/mosaic.ee\/et\/wp-json\/wp\/v2\/comments?post=687"}],"version-history":[{"count":10,"href":"https:\/\/mosaic.ee\/et\/wp-json\/wp\/v2\/pages\/687\/revisions"}],"predecessor-version":[{"id":1699,"href":"https:\/\/mosaic.ee\/et\/wp-json\/wp\/v2\/pages\/687\/revisions\/1699"}],"wp:attachment":[{"href":"https:\/\/mosaic.ee\/et\/wp-json\/wp\/v2\/media?parent=687"}],"curies":[{"name":"wp","href":"https:\/\/api.w.org\/{rel}","templated":true}]}}