{"id":670,"date":"2023-08-15T17:07:46","date_gmt":"2023-08-15T14:07:46","guid":{"rendered":"https:\/\/mosaic.ee\/?page_id=670"},"modified":"2024-06-03T14:08:01","modified_gmt":"2024-06-03T11:08:01","slug":"microsoft","status":"publish","type":"page","link":"https:\/\/mosaic.ee\/et\/microsoft\/","title":{"rendered":"Microsoft"},"content":{"rendered":"<div data-elementor-type=\"wp-page\" data-elementor-id=\"670\" class=\"elementor elementor-670\" data-elementor-post-type=\"page\">\n\t\t\t\t\t\t<section class=\"elementor-section elementor-top-section elementor-element elementor-element-58154d65 elementor-section-boxed elementor-section-height-default elementor-section-height-default\" data-id=\"58154d65\" data-element_type=\"section\" data-e-type=\"section\">\n\t\t\t\t\t\t<div class=\"elementor-container elementor-column-gap-default\">\n\t\t\t\t\t<div class=\"elementor-column elementor-col-100 elementor-top-column elementor-element elementor-element-12215247\" data-id=\"12215247\" data-element_type=\"column\" data-e-type=\"column\">\n\t\t\t<div class=\"elementor-widget-wrap elementor-element-populated\">\n\t\t\t\t\t\t<div class=\"elementor-element elementor-element-5e479a0b elementor-widget elementor-widget-heading\" data-id=\"5e479a0b\" data-element_type=\"widget\" data-e-type=\"widget\" data-widget_type=\"heading.default\">\n\t\t\t\t\t<h2 class=\"elementor-heading-title elementor-size-xl\">V\u00f5imaldage oma ettev\u00f5ttele Microsofti tarkvaralahendused Mosaicilt <\/h2>\t\t\t\t<\/div>\n\t\t\t\t\t<\/div>\n\t\t<\/div>\n\t\t\t\t\t<\/div>\n\t\t<\/section>\n\t\t<div class=\"elementor-element elementor-element-6fd27ae5 e-flex e-con-boxed e-con e-parent\" data-id=\"6fd27ae5\" data-element_type=\"container\" data-e-type=\"container\">\n\t\t\t\t\t<div class=\"e-con-inner\">\n\t\t\t\t<div class=\"elementor-element elementor-element-60e51691 elementor-widget elementor-widget-image\" data-id=\"60e51691\" data-element_type=\"widget\" data-e-type=\"widget\" data-widget_type=\"image.default\">\n\t\t\t\t\t\t\t\t\t\t\t\t\t\t\t<img fetchpriority=\"high\" decoding=\"async\" width=\"768\" height=\"409\" src=\"https:\/\/mosaic.ee\/wp-content\/uploads\/2023\/08\/vectorstock_32262761_transparent-768x409.png\" class=\"attachment-medium_large size-medium_large wp-image-674\" alt=\"\" srcset=\"https:\/\/mosaic.ee\/wp-content\/uploads\/2023\/08\/vectorstock_32262761_transparent-768x409.png 768w, https:\/\/mosaic.ee\/wp-content\/uploads\/2023\/08\/vectorstock_32262761_transparent-300x160.png 300w, https:\/\/mosaic.ee\/wp-content\/uploads\/2023\/08\/vectorstock_32262761_transparent-1024x546.png 1024w, https:\/\/mosaic.ee\/wp-content\/uploads\/2023\/08\/vectorstock_32262761_transparent-1536x818.png 1536w, https:\/\/mosaic.ee\/wp-content\/uploads\/2023\/08\/vectorstock_32262761_transparent-2048x1091.png 2048w, https:\/\/mosaic.ee\/wp-content\/uploads\/2023\/08\/vectorstock_32262761_transparent-18x10.png 18w\" sizes=\"(max-width: 768px) 100vw, 768px\" \/>\t\t\t\t\t\t\t\t\t\t\t\t\t\t\t<\/div>\n\t\t\t\t\t<\/div>\n\t\t\t\t<\/div>\n\t\t<div class=\"elementor-element elementor-element-2e52e5ce e-flex e-con-boxed e-con e-parent\" data-id=\"2e52e5ce\" data-element_type=\"container\" data-e-type=\"container\">\n\t\t\t\t\t<div class=\"e-con-inner\">\n\t\t\t\t<div class=\"elementor-element elementor-element-1c7b206a elementor-widget elementor-widget-heading\" data-id=\"1c7b206a\" data-element_type=\"widget\" data-e-type=\"widget\" data-widget_type=\"heading.default\">\n\t\t\t\t\t<h2 class=\"elementor-heading-title elementor-size-large\">Miks Microsoft tarkvara?<\/h2>\t\t\t\t<\/div>\n\t\t\t\t\t<\/div>\n\t\t\t\t<\/div>\n\t\t<div class=\"elementor-element elementor-element-6bcb7bdf e-flex e-con-boxed e-con e-parent\" data-id=\"6bcb7bdf\" data-element_type=\"container\" data-e-type=\"container\">\n\t\t\t\t\t<div class=\"e-con-inner\">\n\t\t\t\t<div class=\"elementor-element elementor-element-766decc0 elementor-widget elementor-widget-text-editor\" data-id=\"766decc0\" data-element_type=\"widget\" data-e-type=\"widget\" data-widget_type=\"text-editor.default\">\n\t\t\t\t\t\t\t\t\t<p style=\"font-weight: 400;\"><span style=\"color: #3366ff;\"><a style=\"color: #3366ff;\" href=\"https:\/\/www.microsoft.com\/en-gb\/\" target=\"_blank\" rel=\"noopener\">Microsoft<\/a><\/span> on juhtiv tarkvaralahenduste pakkuja ettev\u00f5tetele kogu maailmas. Laia toote- ja teenusevalikuga pakub Microsoft ettev\u00f5tetele vahendeid, mida nad vajavad tootlikkuse suurendamiseks, tegevuse t\u00f5hustamiseks ja majanduskasvu edendamiseks. Microsofti hiljutise uuringu kohaselt v\u00f5ivad organisatsioonid, kes v\u00f5tavad kasutusele kaasaegse t\u00f6\u00f6koha strateegia, t\u00e4heldada tootlikkuse paranemist kuni 21%.<\/p><p style=\"font-weight: 400;\">\u00dcks Microsofti juhtivaid pakkumisi on Office 365, pilvep\u00f5histe tootlikkuse t\u00f6\u00f6riistade pakett, mis sisaldab Wordi, Exceli, PowerPointi ja muud. Office 365 abil saavad ettev\u00f5tted teha koost\u00f6\u00f6d reaalajas, salvestada faile turvaliselt pilves ja p\u00e4\u00e4seda oma t\u00f6\u00f6le ligi k\u00f5ikjalt, kus on interneti\u00fchendus. Lisaks pakub Microsofti Azure'i pilveplatvorm ettev\u00f5tetele nende pilvandmet\u00f6\u00f6tluse vajaduste rahuldamiseks skaleeritavat infrastruktuuri ja t\u00e4iustatud turvafunktsioone.<\/p><p style=\"font-weight: 400;\">Siin on kolm peamist kasu <span style=\"color: #3366ff;\"><a style=\"color: #3366ff;\" href=\"https:\/\/www.microsoft.com\/en-gb\/\" target=\"_blank\" rel=\"noopener\">Microsofti<\/a><\/span> tarkvaralahendused:<\/p><ol style=\"font-weight: 400;\"><li>Suurenenud tootlikkus: Microsoft v\u00f5imaldab ettev\u00f5tetel t\u00e4nu mitmesugustele tootlikkuse vahenditele, nagu Office 365, oma tegevust \u00fchtlustada ja t\u00f5husamalt t\u00f6\u00f6tada. N\u00e4iteks Microsoft Teams v\u00f5imaldab ettev\u00f5tetel suhelda ja teha koost\u00f6\u00f6d reaalajas, mis toob kaasa kiirema otsuste tegemise ja suurema tootlikkuse.<\/li><li>T\u00e4iustatud turvaelemendid: Microsofti tarkvaralahendused on varustatud t\u00e4iustatud turvafunktsioonidega, mis aitavad ettev\u00f5tetel kaitsta oma andmeid ja j\u00e4rgida eeskirju. N\u00e4iteks Azure'i sisseehitatud turvafunktsioonid aitavad ettev\u00f5tetel kaitsta oma rakendusi ja andmeid ohtude eest.<\/li><li>Skaleeritavad lahendused: Microsofti tarkvaralahendused on loodud skaleeritavaks, mist\u00f5ttu sobivad need igas suuruses ettev\u00f5tetele. Olenemata sellest, kas olete v\u00e4ikeettev\u00f5te v\u00f5i suurettev\u00f5te, Microsofti tarkvaralahendusi saab kohandada vastavalt teie vajadustele.<\/li><\/ol>\t\t\t\t\t\t\t\t<\/div>\n\t\t\t\t\t<\/div>\n\t\t\t\t<\/div>\n\t\t\t\t<section class=\"elementor-section elementor-top-section elementor-element elementor-element-6c651599 elementor-section-boxed elementor-section-height-default elementor-section-height-default\" data-id=\"6c651599\" data-element_type=\"section\" data-e-type=\"section\">\n\t\t\t\t\t\t<div class=\"elementor-container elementor-column-gap-default\">\n\t\t\t\t\t<div class=\"elementor-column elementor-col-50 elementor-top-column elementor-element elementor-element-24d2bbbb\" data-id=\"24d2bbbb\" data-element_type=\"column\" data-e-type=\"column\">\n\t\t\t<div class=\"elementor-widget-wrap\">\n\t\t\t\t\t\t\t<\/div>\n\t\t<\/div>\n\t\t\t\t<div class=\"elementor-column elementor-col-50 elementor-top-column elementor-element elementor-element-ccff2d2\" data-id=\"ccff2d2\" data-element_type=\"column\" data-e-type=\"column\">\n\t\t\t<div class=\"elementor-widget-wrap elementor-element-populated\">\n\t\t\t\t\t\t<div class=\"elementor-element elementor-element-6ce4045f elementor-widget elementor-widget-image\" data-id=\"6ce4045f\" data-element_type=\"widget\" data-e-type=\"widget\" data-widget_type=\"image.default\">\n\t\t\t\t\t\t\t\t\t\t\t\t\t\t\t\t<a href=\"https:\/\/www.microsoft.com\/en-gb\/\" target=\"_blank\" rel=\"noopener\">\n\t\t\t\t\t\t\t<img decoding=\"async\" width=\"300\" height=\"85\" src=\"https:\/\/mosaic.ee\/wp-content\/uploads\/2023\/08\/microsoft_PNG20-300x85.png\" class=\"attachment-medium size-medium wp-image-673\" alt=\"\" srcset=\"https:\/\/mosaic.ee\/wp-content\/uploads\/2023\/08\/microsoft_PNG20-300x85.png 300w, https:\/\/mosaic.ee\/wp-content\/uploads\/2023\/08\/microsoft_PNG20-768x218.png 768w, https:\/\/mosaic.ee\/wp-content\/uploads\/2023\/08\/microsoft_PNG20-18x5.png 18w, https:\/\/mosaic.ee\/wp-content\/uploads\/2023\/08\/microsoft_PNG20.png 900w\" sizes=\"(max-width: 300px) 100vw, 300px\" \/>\t\t\t\t\t\t\t\t<\/a>\n\t\t\t\t\t\t\t\t\t\t\t\t\t\t\t<\/div>\n\t\t\t\t\t<\/div>\n\t\t<\/div>\n\t\t\t\t\t<\/div>\n\t\t<\/section>\n\t\t<div class=\"elementor-element elementor-element-4dc74a6d e-flex e-con-boxed e-con e-parent\" data-id=\"4dc74a6d\" data-element_type=\"container\" data-e-type=\"container\">\n\t\t\t\t\t<div class=\"e-con-inner\">\n\t\t\t\t<div class=\"elementor-element elementor-element-5060cec7 elementor-widget elementor-widget-heading\" data-id=\"5060cec7\" data-element_type=\"widget\" data-e-type=\"widget\" data-widget_type=\"heading.default\">\n\t\t\t\t\t<h2 class=\"elementor-heading-title elementor-size-large\">Miks osta Microsofti Mosaicilt?<\/h2>\t\t\t\t<\/div>\n\t\t\t\t\t<\/div>\n\t\t\t\t<\/div>\n\t\t<div class=\"elementor-element elementor-element-781a19d0 e-flex e-con-boxed e-con e-parent\" data-id=\"781a19d0\" data-element_type=\"container\" data-e-type=\"container\">\n\t\t\t\t\t<div class=\"e-con-inner\">\n\t\t\t\t<div class=\"elementor-element elementor-element-4e964e3e elementor-widget elementor-widget-text-editor\" data-id=\"4e964e3e\" data-element_type=\"widget\" data-e-type=\"widget\" data-widget_type=\"text-editor.default\">\n\t\t\t\t\t\t\t\t\t<div><p><span lang=\"EN-GB\">Microsofti partnerina ja usaldusv\u00e4\u00e4rse lisandv\u00e4\u00e4rtusega edasim\u00fc\u00fcjana on Mosaic teie jaoks Microsofti tarkvaralahenduste tarnija. Meie ekspertide meeskond aitab teil valida teie ettev\u00f5ttele sobivad Microsofti lahendused, olgu teil siis vaja Office 365, Azure'i v\u00f5i muid Microsofti tooteid.<\/span><\/p><\/div><div><p><span lang=\"EN-GB\">Ametliku Microsofti partnerina on meil juurdep\u00e4\u00e4s uusimatele toodetele ja teenustele, mis tagab teile k\u00f5ige ajakohasemad lahendused. Lisaks sellele v\u00f5imaldab meie tarkvaralitsentside alane p\u00e4devus pakkuda kohandatud lahendusi, mis vastavad teie unikaalsetele \u00e4rivajadustele. Oleme uhked kiire hinnapakkumiste koostamise ja tarnimise teenuse \u00fcle, mis tagab, et saate kiiresti rakendada vajalikud lahendused.<\/span><\/p><\/div><div><p><span lang=\"EN-GB\">Mosaic on p\u00fchendunud sellele, et pakkuda oma klientidele parimaid v\u00f5imalikke pakkumisi. Microsofti ametliku edasim\u00fc\u00fcjana pakume konkurentsiv\u00f5imelisi hindu k\u00f5igile Microsofti toodetele ja teenustele. V\u00f5tke meiega juba t\u00e4na \u00fchendust, et saada rohkem teavet meie Microsofti tarkvaralahenduste kohta ja selle kohta, kuidas me saame aidata teie ettev\u00f5ttel edu saavutada.<\/span><\/p><\/div>\t\t\t\t\t\t\t\t<\/div>\n\t\t\t\t\t<\/div>\n\t\t\t\t<\/div>\n\t\t\t\t<section class=\"elementor-section elementor-top-section elementor-element elementor-element-7251a92b elementor-section-boxed elementor-section-height-default elementor-section-height-default\" data-id=\"7251a92b\" data-element_type=\"section\" data-e-type=\"section\">\n\t\t\t\t\t\t<div class=\"elementor-container elementor-column-gap-default\">\n\t\t\t\t\t<div class=\"elementor-column elementor-col-50 elementor-top-column elementor-element elementor-element-4f16e6f\" data-id=\"4f16e6f\" data-element_type=\"column\" data-e-type=\"column\">\n\t\t\t<div class=\"elementor-widget-wrap\">\n\t\t\t\t\t\t\t<\/div>\n\t\t<\/div>\n\t\t\t\t<div class=\"elementor-column elementor-col-50 elementor-top-column elementor-element elementor-element-f53723f\" data-id=\"f53723f\" data-element_type=\"column\" data-e-type=\"column\">\n\t\t\t<div class=\"elementor-widget-wrap elementor-element-populated\">\n\t\t\t\t\t\t<div class=\"elementor-element elementor-element-30e45313 elementor-widget elementor-widget-image\" data-id=\"30e45313\" data-element_type=\"widget\" data-e-type=\"widget\" data-widget_type=\"image.default\">\n\t\t\t\t\t\t\t\t\t\t\t\t\t\t\t\t<a href=\"https:\/\/appsource.microsoft.com\/en-us\/marketplace\/partner-dir\/8c407627-402c-488a-a168-396943c34e01\/overview\" target=\"_blank\" rel=\"noopener\">\n\t\t\t\t\t\t\t<img decoding=\"async\" width=\"660\" height=\"433\" src=\"https:\/\/mosaic.ee\/wp-content\/uploads\/2023\/07\/MS_MPN-Member_Multiline_logo.jpg\" class=\"attachment-large size-large wp-image-142\" alt=\"\" srcset=\"https:\/\/mosaic.ee\/wp-content\/uploads\/2023\/07\/MS_MPN-Member_Multiline_logo.jpg 660w, https:\/\/mosaic.ee\/wp-content\/uploads\/2023\/07\/MS_MPN-Member_Multiline_logo-300x197.jpg 300w\" sizes=\"(max-width: 660px) 100vw, 660px\" \/>\t\t\t\t\t\t\t\t<\/a>\n\t\t\t\t\t\t\t\t\t\t\t\t\t\t\t<\/div>\n\t\t\t\t\t<\/div>\n\t\t<\/div>\n\t\t\t\t\t<\/div>\n\t\t<\/section>\n\t\t<div class=\"elementor-element elementor-element-29011ec e-flex e-con-boxed e-con e-parent\" data-id=\"29011ec\" data-element_type=\"container\" data-e-type=\"container\">\n\t\t\t\t\t<div class=\"e-con-inner\">\n\t\t\t\t<div class=\"elementor-element elementor-element-d31cfc0 elementor-widget elementor-widget-wp-widget-rss\" data-id=\"d31cfc0\" data-element_type=\"widget\" data-e-type=\"widget\" data-widget_type=\"wp-widget-rss.default\">\n\t\t\t\t<div class=\"elementor-widget-container\">\n\t\t\t\t\t<h5><a class=\"rsswidget rss-widget-feed\" href=\"https:\/\/news.microsoft.com\/source\/feed\/\" target=\"_blank\" rel=\"noopener\"><img loading=\"lazy\" decoding=\"async\" class=\"rss-widget-icon\" style=\"border:0\" width=\"14\" height=\"14\" src=\"https:\/\/mosaic.ee\/wp-includes\/images\/rss.png\" alt=\"RSS\" \/><\/a> <a class=\"rsswidget rss-widget-title\" href=\"https:\/\/news.microsoft.com\/source\/\" target=\"_blank\" rel=\"noopener\">Microsofti uudised<\/a><\/h5><nav aria-label=\"Microsofti uudised\"><ul><li><a class=\"rsswidget\" href=\"https:\/\/news.xbox.com\/en-us\/2026\/04\/16\/metro-2039-first-look-recap-everything-announced\/\" target=\"_blank\" rel=\"noopener\">Xbox gives gamers a first look at Metro 2039<\/a> <span class=\"rss-date\">16\/04\/2026<\/span><div class=\"rssSummary\">The post Xbox gives gamers a first look at Metro 2039 appeared first on Source.<\/div><\/li><li><a class=\"rsswidget\" href=\"https:\/\/www.microsoft.com\/en-us\/microsoft-cloud\/blog\/2026\/04\/15\/frontier-transformation-is-powering-growth-and-innovation-across-industries\/\" target=\"_blank\" rel=\"noopener\">How AI is helping businesses innovate and grow in different industries<\/a> <span class=\"rss-date\">16\/04\/2026<\/span><div class=\"rssSummary\">The post How AI is helping businesses innovate and grow in different industries appeared first on Source.<\/div><\/li><li><a class=\"rsswidget\" href=\"https:\/\/www.linkedin.com\/posts\/satyanadella_if-intelligence-is-the-log-of-compute-it-activity-7450533900038184960-tcoX\" target=\"_blank\" rel=\"noopener\">Our Fairwater datacenter in Wisconsin is going live, ahead of schedule. As the world\u2019s most powerful AI datacenter, it will bring together hundreds of thousands of GB200s into a single seamless cluster. Congrats to all the teams who made this possible!<\/a> <span class=\"rss-date\">16\/04\/2026<\/span><div class=\"rssSummary\">The post Our Fairwater datacenter in Wisconsin is going live, ahead of schedule. As the world\u2019s most powerful AI datacenter, it will bring together hundreds of thousands of GB200s into a single seamless cluster. Congrats to all the teams who made this possible! appeared first on Source.<\/div><\/li><li><a class=\"rsswidget\" href=\"https:\/\/www.microsoft.com\/en-us\/microsoft-cloud\/blog\/manufacturing\/2026\/04\/16\/industrial-intelligence-unlocked-microsoft-at-hannover-messe-2026\/\" target=\"_blank\" rel=\"noopener\">Industrial intelligence unlocked: Microsoft at Hannover Messe 2026<\/a> <span class=\"rss-date\">16\/04\/2026<\/span><div class=\"rssSummary\">The post Industrial intelligence unlocked: Microsoft at Hannover Messe 2026 appeared first on Source.<\/div><\/li><li><a class=\"rsswidget\" href=\"https:\/\/news.microsoft.com\/source\/2026\/04\/16\/stellantis-accelerates-ai-led-strategy-and-digital-transformation-through-strategic-collaboration-with-microsoft-to-enhance-customer-experiences\/\" target=\"_blank\" rel=\"noopener\">Stellantis accelerates AI-led strategy, digital transformation through strategic collaboration with Microsoft<\/a> <span class=\"rss-date\">16\/04\/2026<\/span><div class=\"rssSummary\">The post Stellantis accelerates AI-led strategy, digital transformation through strategic collaboration with Microsoft appeared first on Source.<\/div><\/li><\/ul><\/nav>\t\t\t\t<\/div>\n\t\t\t\t<\/div>\n\t\t\t\t\t<\/div>\n\t\t\t\t<\/div>\n\t\t\t\t<\/div>","protected":false},"excerpt":{"rendered":"<p>Empower Your Business with Microsoft Software Solutions from Mosaic Why Microsoft Software? Microsoft is a leading provider of software solutions for businesses worldwide. With a wide range of products and services, Microsoft provides businesses with the tools they need to increase productivity, streamline operations, and drive growth. According to a recent study by Microsoft, organizations [&hellip;]<\/p>\n","protected":false},"author":1,"featured_media":0,"parent":0,"menu_order":0,"comment_status":"closed","ping_status":"closed","template":"","meta":{"content-type":"","footnotes":""},"class_list":["post-670","page","type-page","status-publish","hentry"],"_links":{"self":[{"href":"https:\/\/mosaic.ee\/et\/wp-json\/wp\/v2\/pages\/670","targetHints":{"allow":["GET"]}}],"collection":[{"href":"https:\/\/mosaic.ee\/et\/wp-json\/wp\/v2\/pages"}],"about":[{"href":"https:\/\/mosaic.ee\/et\/wp-json\/wp\/v2\/types\/page"}],"author":[{"embeddable":true,"href":"https:\/\/mosaic.ee\/et\/wp-json\/wp\/v2\/users\/1"}],"replies":[{"embeddable":true,"href":"https:\/\/mosaic.ee\/et\/wp-json\/wp\/v2\/comments?post=670"}],"version-history":[{"count":16,"href":"https:\/\/mosaic.ee\/et\/wp-json\/wp\/v2\/pages\/670\/revisions"}],"predecessor-version":[{"id":1982,"href":"https:\/\/mosaic.ee\/et\/wp-json\/wp\/v2\/pages\/670\/revisions\/1982"}],"wp:attachment":[{"href":"https:\/\/mosaic.ee\/et\/wp-json\/wp\/v2\/media?parent=670"}],"curies":[{"name":"wp","href":"https:\/\/api.w.org\/{rel}","templated":true}]}}