{"id":52,"date":"2023-07-19T11:53:01","date_gmt":"2023-07-19T11:53:01","guid":{"rendered":"https:\/\/mosaic.ee\/about\/"},"modified":"2024-03-26T18:08:59","modified_gmt":"2024-03-26T16:08:59","slug":"meist","status":"publish","type":"page","link":"https:\/\/mosaic.ee\/et\/about\/","title":{"rendered":"Meist"},"content":{"rendered":"<div data-elementor-type=\"wp-page\" data-elementor-id=\"52\" class=\"elementor elementor-52\" data-elementor-post-type=\"page\">\n\t\t\t\t\t\t<section class=\"elementor-section elementor-top-section elementor-element elementor-element-758f410e elementor-section-full_width elementor-section-height-min-height elementor-section-items-stretch elementor-section-content-middle elementor-reverse-tablet elementor-section-height-default\" data-id=\"758f410e\" data-element_type=\"section\" data-e-type=\"section\">\n\t\t\t\t\t\t<div class=\"elementor-container elementor-column-gap-no\">\n\t\t\t\t\t<div class=\"elementor-column elementor-col-50 elementor-top-column elementor-element elementor-element-70e1685d\" data-id=\"70e1685d\" data-element_type=\"column\" data-e-type=\"column\">\n\t\t\t<div class=\"elementor-widget-wrap elementor-element-populated\">\n\t\t\t\t\t\t<div class=\"elementor-element elementor-element-33851f78 elementor-widget elementor-widget-heading\" data-id=\"33851f78\" data-element_type=\"widget\" data-e-type=\"widget\" data-widget_type=\"heading.default\">\n\t\t\t\t\t<h1 class=\"elementor-heading-title elementor-size-default\">Meie missioon<\/h1>\t\t\t\t<\/div>\n\t\t\t\t<div class=\"elementor-element elementor-element-3b6180ef elementor-widget elementor-widget-text-editor\" data-id=\"3b6180ef\" data-element_type=\"widget\" data-e-type=\"widget\" data-widget_type=\"text-editor.default\">\n\t\t\t\t\t\t\t\t\t<div><p><span lang=\"EN-GB\">Meie missiooniks Mosaicis on pakkuda ettev\u00f5tetele sujuvat ja muretut tarkvara ostmise kogemust. P\u00fc\u00fcame olla ettev\u00f5tetele k\u00f5ige lihtsam ja kiirem viis saada oma eesm\u00e4rkide saavutamiseks vajalikke tarkvaralahendusi. Oleme p\u00fchendunud asjatundliku n\u00f5ustamise, kiire hinnapakkumiste koostamise ja kohaletoimetamise teenuse ning konkurentsiv\u00f5imelise hinnakujunduse pakkumisele, et muuta tarkvara ostmine k\u00f5igile k\u00e4ttesaadavaks. Meie eesm\u00e4rk on luua p\u00fcsivad suhted oma klientidega, pakkudes erakordset klienditeenindust ja tuge. Oleme p\u00fchendunud innovatiivsete tarkvaralahenduste pakkumisele, mis vastavad iga ettev\u00f5tte ainulaadsetele vajadustele ja aitavad neil saavutada oma t\u00e4ielikku potentsiaali.<\/span><\/p><\/div>\t\t\t\t\t\t\t\t<\/div>\n\t\t\t\t\t<\/div>\n\t\t<\/div>\n\t\t\t\t<div class=\"elementor-column elementor-col-50 elementor-top-column elementor-element elementor-element-3afb42f0\" data-id=\"3afb42f0\" data-element_type=\"column\" data-e-type=\"column\" data-settings=\"{&quot;background_background&quot;:&quot;classic&quot;}\">\n\t\t\t<div class=\"elementor-widget-wrap elementor-element-populated\">\n\t\t\t\t\t\t<div class=\"elementor-element elementor-element-53669a26 elementor-widget__width-initial elementor-widget elementor-widget-spacer\" data-id=\"53669a26\" data-element_type=\"widget\" data-e-type=\"widget\" data-widget_type=\"spacer.default\">\n\t\t\t\t\t\t\t<div class=\"elementor-spacer\">\n\t\t\t<div class=\"elementor-spacer-inner\"><\/div>\n\t\t<\/div>\n\t\t\t\t\t\t<\/div>\n\t\t\t\t<div class=\"elementor-element elementor-element-44af448 elementor-widget elementor-widget-image\" data-id=\"44af448\" data-element_type=\"widget\" data-e-type=\"widget\" data-widget_type=\"image.default\">\n\t\t\t\t\t\t\t\t\t\t\t\t\t\t\t<img fetchpriority=\"high\" decoding=\"async\" width=\"800\" height=\"438\" src=\"https:\/\/mosaic.ee\/wp-content\/uploads\/2023\/07\/vectorstock_44156879_transparent-1024x560.png\" class=\"attachment-large size-large wp-image-322\" alt=\"klient ostab tarkvara Mosaicilt\" srcset=\"https:\/\/mosaic.ee\/wp-content\/uploads\/2023\/07\/vectorstock_44156879_transparent-1024x560.png 1024w, https:\/\/mosaic.ee\/wp-content\/uploads\/2023\/07\/vectorstock_44156879_transparent-300x164.png 300w, https:\/\/mosaic.ee\/wp-content\/uploads\/2023\/07\/vectorstock_44156879_transparent-768x420.png 768w, https:\/\/mosaic.ee\/wp-content\/uploads\/2023\/07\/vectorstock_44156879_transparent-1536x840.png 1536w, https:\/\/mosaic.ee\/wp-content\/uploads\/2023\/07\/vectorstock_44156879_transparent-2048x1121.png 2048w\" sizes=\"(max-width: 800px) 100vw, 800px\" \/>\t\t\t\t\t\t\t\t\t\t\t\t\t\t\t<\/div>\n\t\t\t\t\t<\/div>\n\t\t<\/div>\n\t\t\t\t\t<\/div>\n\t\t<\/section>\n\t\t\t\t<section class=\"elementor-section elementor-top-section elementor-element elementor-element-3867e8af elementor-section-height-min-height elementor-section-items-stretch elementor-section-content-middle elementor-reverse-mobile elementor-section-boxed elementor-section-height-default\" data-id=\"3867e8af\" data-element_type=\"section\" data-e-type=\"section\">\n\t\t\t\t\t\t<div class=\"elementor-container elementor-column-gap-no\">\n\t\t\t\t\t<div class=\"elementor-column elementor-col-50 elementor-top-column elementor-element elementor-element-3da00168\" data-id=\"3da00168\" data-element_type=\"column\" data-e-type=\"column\" data-settings=\"{&quot;background_background&quot;:&quot;classic&quot;}\">\n\t\t\t<div class=\"elementor-widget-wrap elementor-element-populated\">\n\t\t\t\t\t\t<div class=\"elementor-element elementor-element-733c5326 elementor-widget elementor-widget-spacer\" data-id=\"733c5326\" data-element_type=\"widget\" data-e-type=\"widget\" data-widget_type=\"spacer.default\">\n\t\t\t\t\t\t\t<div class=\"elementor-spacer\">\n\t\t\t<div class=\"elementor-spacer-inner\"><\/div>\n\t\t<\/div>\n\t\t\t\t\t\t<\/div>\n\t\t\t\t<div class=\"elementor-element elementor-element-693b6f7 elementor-widget elementor-widget-image\" data-id=\"693b6f7\" data-element_type=\"widget\" data-e-type=\"widget\" data-widget_type=\"image.default\">\n\t\t\t\t\t\t\t\t\t\t\t\t\t\t\t<img decoding=\"async\" width=\"800\" height=\"448\" src=\"https:\/\/mosaic.ee\/wp-content\/uploads\/2023\/07\/vectorstock_42326573_transparent-1024x574.png\" class=\"attachment-large size-large wp-image-320\" alt=\"inimesed kuulavad esitlust\" srcset=\"https:\/\/mosaic.ee\/wp-content\/uploads\/2023\/07\/vectorstock_42326573_transparent-1024x574.png 1024w, https:\/\/mosaic.ee\/wp-content\/uploads\/2023\/07\/vectorstock_42326573_transparent-300x168.png 300w, https:\/\/mosaic.ee\/wp-content\/uploads\/2023\/07\/vectorstock_42326573_transparent-768x430.png 768w, https:\/\/mosaic.ee\/wp-content\/uploads\/2023\/07\/vectorstock_42326573_transparent-1536x860.png 1536w, https:\/\/mosaic.ee\/wp-content\/uploads\/2023\/07\/vectorstock_42326573_transparent-2048x1147.png 2048w\" sizes=\"(max-width: 800px) 100vw, 800px\" \/>\t\t\t\t\t\t\t\t\t\t\t\t\t\t\t<\/div>\n\t\t\t\t\t<\/div>\n\t\t<\/div>\n\t\t\t\t<div class=\"elementor-column elementor-col-50 elementor-top-column elementor-element elementor-element-143b088\" data-id=\"143b088\" data-element_type=\"column\" data-e-type=\"column\">\n\t\t\t<div class=\"elementor-widget-wrap elementor-element-populated\">\n\t\t\t\t\t\t<div class=\"elementor-element elementor-element-18c0692e elementor-widget elementor-widget-heading\" data-id=\"18c0692e\" data-element_type=\"widget\" data-e-type=\"widget\" data-widget_type=\"heading.default\">\n\t\t\t\t\t<h2 class=\"elementor-heading-title elementor-size-default\">Meie visioon<\/h2>\t\t\t\t<\/div>\n\t\t\t\t<div class=\"elementor-element elementor-element-6375a529 elementor-widget elementor-widget-text-editor\" data-id=\"6375a529\" data-element_type=\"widget\" data-e-type=\"widget\" data-widget_type=\"text-editor.default\">\n\t\t\t\t\t\t\t\t\t<div><p><span lang=\"EN-GB\">Meie visioon Mosaicis on olla ettev\u00f5tete jaoks k\u00f5ige lihtsam ja kiirem viis tarkvaralahenduste ostmiseks. Meie eesm\u00e4rk on lihtsustada tarkvara ostuprotsessi ja teha see k\u00e4ttesaadavaks igas suuruses ettev\u00f5tetele. Oleme p\u00fchendunud innovatiivsete lahenduste pakkumisele, mis vastavad meie klientide ainulaadsetele vajadustele ja \u00fcletavad nende ootusi.<\/span><\/p><\/div>\t\t\t\t\t\t\t\t<\/div>\n\t\t\t\t\t<\/div>\n\t\t<\/div>\n\t\t\t\t\t<\/div>\n\t\t<\/section>\n\t\t\t\t<section class=\"elementor-section elementor-top-section elementor-element elementor-element-10187b1c elementor-section-full_width elementor-section-height-default elementor-section-height-default\" data-id=\"10187b1c\" data-element_type=\"section\" data-e-type=\"section\">\n\t\t\t\t\t\t<div class=\"elementor-container elementor-column-gap-no\">\n\t\t\t\t\t<div class=\"elementor-column elementor-col-100 elementor-top-column elementor-element elementor-element-54fe4997\" data-id=\"54fe4997\" data-element_type=\"column\" data-e-type=\"column\">\n\t\t\t<div class=\"elementor-widget-wrap elementor-element-populated\">\n\t\t\t\t\t\t<div class=\"elementor-element elementor-element-7c7300ff elementor-widget elementor-widget-heading\" data-id=\"7c7300ff\" data-element_type=\"widget\" data-e-type=\"widget\" data-widget_type=\"heading.default\">\n\t\t\t\t\t<h2 class=\"elementor-heading-title elementor-size-default\">Ettev\u00f5tte asutajad<\/h2>\t\t\t\t<\/div>\n\t\t\t\t<section class=\"elementor-section elementor-inner-section elementor-element elementor-element-4d8b4be6 elementor-section-full_width elementor-section-height-default elementor-section-height-default\" data-id=\"4d8b4be6\" data-element_type=\"section\" data-e-type=\"section\">\n\t\t\t\t\t\t<div class=\"elementor-container elementor-column-gap-no\">\n\t\t\t\t\t<div class=\"elementor-column elementor-col-50 elementor-inner-column elementor-element elementor-element-7aa10174\" data-id=\"7aa10174\" data-element_type=\"column\" data-e-type=\"column\">\n\t\t\t<div class=\"elementor-widget-wrap elementor-element-populated\">\n\t\t\t\t\t\t<div class=\"elementor-element elementor-element-78f5740b elementor-position-top elementor-widget elementor-widget-image-box\" data-id=\"78f5740b\" data-element_type=\"widget\" data-e-type=\"widget\" data-widget_type=\"image-box.default\">\n\t\t\t\t\t<div class=\"elementor-image-box-wrapper\"><figure class=\"elementor-image-box-img\"><img decoding=\"async\" width=\"1066\" height=\"1600\" src=\"https:\/\/mosaic.ee\/wp-content\/uploads\/2023\/07\/IMG_9059.jpg\" class=\"elementor-animation-grow attachment-full size-full wp-image-307\" alt=\"Alar Pink profiilifoto\" srcset=\"https:\/\/mosaic.ee\/wp-content\/uploads\/2023\/07\/IMG_9059.jpg 1066w, https:\/\/mosaic.ee\/wp-content\/uploads\/2023\/07\/IMG_9059-200x300.jpg 200w, https:\/\/mosaic.ee\/wp-content\/uploads\/2023\/07\/IMG_9059-682x1024.jpg 682w, https:\/\/mosaic.ee\/wp-content\/uploads\/2023\/07\/IMG_9059-768x1153.jpg 768w, https:\/\/mosaic.ee\/wp-content\/uploads\/2023\/07\/IMG_9059-1023x1536.jpg 1023w\" sizes=\"(max-width: 1066px) 100vw, 1066px\" \/><\/figure><div class=\"elementor-image-box-content\"><h4 class=\"elementor-image-box-title\">Alar Pink, tegevjuht ja kaasasutaja<\/h4><p class=\"elementor-image-box-description\">Alar Pink, kellel on \u00fcle 25 aasta turunduskogemust, on Mosaic O\u00dc partner, kes vastutab m\u00fc\u00fcgieelse m\u00fc\u00fcgi, n\u00f5ustamise, turu-uuringute ja kasutajate koolitamise eest. Ta on t\u00f6\u00f6tanud turundusjuhtimise CMO-tasandi ametikohtadel, sealhulgas IT-otsuste tegemisel, m\u00e4ngude\/mobiilirakenduste arendamisel ja tootearenduses, tuues turule \u00fcle 600 uue toote. Alaril on laialdased teadmised FMCG-, tootmis- ja meediavaldkonna sektoritest ning v\u00e4ga head teadmised jaem\u00fc\u00fcgi- ja telekommunikatsiooni sektoritest. Ta kuulus AS Kalev (2001-2009) ja AS Tere (2010-2016) juhtkonda, mis m\u00f5lemad on turuliidrid oma \u00e4risektorites ja mille aastane k\u00e4ive on vastavalt \u00fcle 40 miljoni euro ja \u00fcle 100 miljoni euro. Alar on ka avalik esineja, turundus\u00f5ppej\u00f5ud Tallinna \u00dclikoolis ja l\u00f5petab praegu oma doktori\u00f5pet sotsioloogias, keskendudes br\u00e4ndi kuvandile. <\/p><\/div><\/div>\t\t\t\t<\/div>\n\t\t\t\t<div class=\"elementor-element elementor-element-3664947 elementor-view-default elementor-widget elementor-widget-icon\" data-id=\"3664947\" data-element_type=\"widget\" data-e-type=\"widget\" data-widget_type=\"icon.default\">\n\t\t\t\t\t\t\t<div class=\"elementor-icon-wrapper\">\n\t\t\t<a class=\"elementor-icon\" href=\"https:\/\/www.linkedin.com\/in\/alarpink\/\" target=\"_blank\" rel=\"noopener\">\n\t\t\t<svg aria-hidden=\"true\" class=\"e-font-icon-svg e-fab-linkedin\" viewbox=\"0 0 448 512\" xmlns=\"http:\/\/www.w3.org\/2000\/svg\"><path d=\"M416 32H31.9C14.3 32 0 46.5 0 64.3v383.4C0 465.5 14.3 480 31.9 480H416c17.6 0 32-14.5 32-32.3V64.3c0-17.8-14.4-32.3-32-32.3zM135.4 416H69V202.2h66.5V416zm-33.2-243c-21.3 0-38.5-17.3-38.5-38.5S80.9 96 102.2 96c21.2 0 38.5 17.3 38.5 38.5 0 21.3-17.2 38.5-38.5 38.5zm282.1 243h-66.4V312c0-24.8-.5-56.7-34.5-56.7-34.6 0-39.9 27-39.9 54.9V416h-66.4V202.2h63.7v29.2h.9c8.9-16.8 30.6-34.5 62.9-34.5 67.2 0 79.7 44.3 79.7 101.9V416z\"><\/path><\/svg>\t\t\t<\/a>\n\t\t<\/div>\n\t\t\t\t\t\t<\/div>\n\t\t\t\t\t<\/div>\n\t\t<\/div>\n\t\t\t\t<div class=\"elementor-column elementor-col-50 elementor-inner-column elementor-element elementor-element-48fecf84\" data-id=\"48fecf84\" data-element_type=\"column\" data-e-type=\"column\">\n\t\t\t<div class=\"elementor-widget-wrap elementor-element-populated\">\n\t\t\t\t\t\t<div class=\"elementor-element elementor-element-5257dec2 elementor-position-top elementor-widget elementor-widget-image-box\" data-id=\"5257dec2\" data-element_type=\"widget\" data-e-type=\"widget\" data-widget_type=\"image-box.default\">\n\t\t\t\t\t<div class=\"elementor-image-box-wrapper\"><figure class=\"elementor-image-box-img\"><img loading=\"lazy\" decoding=\"async\" width=\"1066\" height=\"1600\" src=\"https:\/\/mosaic.ee\/wp-content\/uploads\/2023\/07\/IMG_9382.jpg\" class=\"elementor-animation-grow attachment-full size-full wp-image-301\" alt=\"Katrin Pink profiilifoto\" srcset=\"https:\/\/mosaic.ee\/wp-content\/uploads\/2023\/07\/IMG_9382.jpg 1066w, https:\/\/mosaic.ee\/wp-content\/uploads\/2023\/07\/IMG_9382-200x300.jpg 200w, https:\/\/mosaic.ee\/wp-content\/uploads\/2023\/07\/IMG_9382-682x1024.jpg 682w, https:\/\/mosaic.ee\/wp-content\/uploads\/2023\/07\/IMG_9382-768x1153.jpg 768w, https:\/\/mosaic.ee\/wp-content\/uploads\/2023\/07\/IMG_9382-1023x1536.jpg 1023w\" sizes=\"(max-width: 1066px) 100vw, 1066px\" \/><\/figure><div class=\"elementor-image-box-content\"><h4 class=\"elementor-image-box-title\">Katrin Pink, partnerlusjuht ja kaasasutaja<\/h4><p class=\"elementor-image-box-description\">Mosaic O\u00dc partnerina keskendub Katrin Pink m\u00fc\u00fcgile, litsentseerimisele, rakendamisele ja tarnijate haldamisele. Katrinil on \u00fcle 20-aastane kogemus ettev\u00f5tte tarkvara m\u00fc\u00fcgis, varem t\u00f6\u00f6tas ta Microsoft Eestis (2006-2010) haridussektori kliendihaldurina, hiljem t\u00f6\u00f6tas aastatel 2010-2012 Net Groupis (Eesti tarkvaraarendusettev\u00f5te koos IT-infra m\u00fc\u00fcgiosakonnaga) ja aastatel 2012-2017 Atea Eestis (P\u00f5hjamaade IT-infrastruktuuri ettev\u00f5te). Atea Eestis juhtis ta 9 spetsialistist koosnevat meeskonda, mis keskendus IT-teenuste, tarkvara ja andmekeskuste m\u00fc\u00fcgile, ning oli aastatel 2015-2017 juhtkonna liige. Katrinil on kogemus 3000+ kasutajaga klientide m\u00fc\u00fcgi- ja kliendihalduses ning ta on ka avalik esineja ja sisekoolitaja oma erialal. <\/p><\/div><\/div>\t\t\t\t<\/div>\n\t\t\t\t<div class=\"elementor-element elementor-element-1cb9dfe elementor-view-default elementor-widget elementor-widget-icon\" data-id=\"1cb9dfe\" data-element_type=\"widget\" data-e-type=\"widget\" data-widget_type=\"icon.default\">\n\t\t\t\t\t\t\t<div class=\"elementor-icon-wrapper\">\n\t\t\t<a class=\"elementor-icon\" href=\"https:\/\/www.linkedin.com\/in\/katrinpink\/\" target=\"_blank\" rel=\"noopener\">\n\t\t\t<svg aria-hidden=\"true\" class=\"e-font-icon-svg e-fab-linkedin\" viewbox=\"0 0 448 512\" xmlns=\"http:\/\/www.w3.org\/2000\/svg\"><path d=\"M416 32H31.9C14.3 32 0 46.5 0 64.3v383.4C0 465.5 14.3 480 31.9 480H416c17.6 0 32-14.5 32-32.3V64.3c0-17.8-14.4-32.3-32-32.3zM135.4 416H69V202.2h66.5V416zm-33.2-243c-21.3 0-38.5-17.3-38.5-38.5S80.9 96 102.2 96c21.2 0 38.5 17.3 38.5 38.5 0 21.3-17.2 38.5-38.5 38.5zm282.1 243h-66.4V312c0-24.8-.5-56.7-34.5-56.7-34.6 0-39.9 27-39.9 54.9V416h-66.4V202.2h63.7v29.2h.9c8.9-16.8 30.6-34.5 62.9-34.5 67.2 0 79.7 44.3 79.7 101.9V416z\"><\/path><\/svg>\t\t\t<\/a>\n\t\t<\/div>\n\t\t\t\t\t\t<\/div>\n\t\t\t\t\t<\/div>\n\t\t<\/div>\n\t\t\t\t\t<\/div>\n\t\t<\/section>\n\t\t\t\t\t<\/div>\n\t\t<\/div>\n\t\t\t\t\t<\/div>\n\t\t<\/section>\n\t\t\t\t<section class=\"elementor-section elementor-top-section elementor-element elementor-element-2900693b elementor-section-height-min-height elementor-section-content-middle elementor-section-boxed elementor-section-height-default elementor-section-items-middle\" data-id=\"2900693b\" data-element_type=\"section\" data-e-type=\"section\" data-settings=\"{&quot;background_background&quot;:&quot;classic&quot;}\">\n\t\t\t\t\t\t<div class=\"elementor-container elementor-column-gap-no\">\n\t\t\t\t\t<div class=\"elementor-column elementor-col-100 elementor-top-column elementor-element elementor-element-91184f\" data-id=\"91184f\" data-element_type=\"column\" data-e-type=\"column\">\n\t\t\t<div class=\"elementor-widget-wrap elementor-element-populated\">\n\t\t\t\t\t\t<div class=\"elementor-element elementor-element-779afde elementor-view-default elementor-widget elementor-widget-icon\" data-id=\"779afde\" data-element_type=\"widget\" data-e-type=\"widget\" data-widget_type=\"icon.default\">\n\t\t\t\t\t\t\t<div class=\"elementor-icon-wrapper\">\n\t\t\t<div class=\"elementor-icon\">\n\t\t\t<svg xmlns=\"http:\/\/www.w3.org\/2000\/svg\" id=\"a4a99671-1fc3-4568-98bf-7fc5746e910a\" data-name=\"Layer 1\" width=\"114\" height=\"79\" viewbox=\"0 0 114 79\"><polygon points=\"32.677 0 0 78.265 36.391 78.265 57.928 0 32.677 0\"><\/polygon><polygon points=\"88.749 0.735 56.072 79 92.463 79 114 0.735 88.749 0.735\"><\/polygon><\/svg>\t\t\t<\/div>\n\t\t<\/div>\n\t\t\t\t\t\t<\/div>\n\t\t\t\t<div class=\"elementor-element elementor-element-44a80441 elementor-blockquote--skin-clean elementor-blockquote--align-center elementor-widget elementor-widget-blockquote\" data-id=\"44a80441\" data-element_type=\"widget\" data-e-type=\"widget\" data-widget_type=\"blockquote.default\">\n\t\t\t\t\t\t\t<blockquote class=\"elementor-blockquote\">\n\t\t\t<p class=\"elementor-blockquote__content\">\n\t\t\t\t\"Meie peamine pakkumine Mosaicis on muuta tarkvara ostmine meie klientide jaoks lihtsaks ja sujuvaks.\"\t\t\t<\/p>\n\t\t\t\t\t\t\t<div class=\"e-q-footer\">\n\t\t\t\t\t\t\t\t\t\t\t<cite class=\"elementor-blockquote__author\">Alar Pink, tegevjuht<\/cite>\n\t\t\t\t\t\t\t\t\t\t\t\t\t\t<\/div>\n\t\t\t\t\t<\/blockquote>\n\t\t\t\t\t\t<\/div>\n\t\t\t\t\t<\/div>\n\t\t<\/div>\n\t\t\t\t\t<\/div>\n\t\t<\/section>\n\t\t\t\t<section class=\"elementor-section elementor-top-section elementor-element elementor-element-56243b9 elementor-section-full_width elementor-section-height-default elementor-section-height-default\" data-id=\"56243b9\" data-element_type=\"section\" data-e-type=\"section\">\n\t\t\t\t\t\t<div class=\"elementor-container elementor-column-gap-no\">\n\t\t\t\t\t<div class=\"elementor-column elementor-col-100 elementor-top-column elementor-element elementor-element-44b114bc\" data-id=\"44b114bc\" data-element_type=\"column\" data-e-type=\"column\">\n\t\t\t<div class=\"elementor-widget-wrap elementor-element-populated\">\n\t\t\t\t\t\t<div class=\"elementor-element elementor-element-36486f11 elementor-widget elementor-widget-heading\" data-id=\"36486f11\" data-element_type=\"widget\" data-e-type=\"widget\" data-widget_type=\"heading.default\">\n\t\t\t\t\t<h2 class=\"elementor-heading-title elementor-size-default\">Kliendid meist<\/h2>\t\t\t\t<\/div>\n\t\t\t\t<section class=\"elementor-section elementor-inner-section elementor-element elementor-element-c3da940 elementor-section-full_width elementor-section-height-default elementor-section-height-default\" data-id=\"c3da940\" data-element_type=\"section\" data-e-type=\"section\">\n\t\t\t\t\t\t<div class=\"elementor-container elementor-column-gap-no\">\n\t\t\t\t\t<div class=\"elementor-column elementor-col-33 elementor-inner-column elementor-element elementor-element-67e564b0\" data-id=\"67e564b0\" data-element_type=\"column\" data-e-type=\"column\">\n\t\t\t<div class=\"elementor-widget-wrap elementor-element-populated\">\n\t\t\t\t\t\t<div class=\"elementor-element elementor-element-26240c73 elementor-widget elementor-widget-testimonial\" data-id=\"26240c73\" data-element_type=\"widget\" data-e-type=\"widget\" data-widget_type=\"testimonial.default\">\n\t\t\t\t\t\t\t<div class=\"elementor-testimonial-wrapper\">\n\t\t\t\t\t\t\t<div class=\"elementor-testimonial-content\">\"Mosaic pakkus mulle tarkvara ostmisel probleemivaba kogemust. Nende klienditeenindusmeeskond oli asjatundlik ja juhatas mind h\u00f5lpsasti l\u00e4bi protsessi. Ma hindasin nende t\u00e4helepanu \u00fcksikasjadele ja valmisolekut vastata k\u00f5igile minu k\u00fcsimustele.\"<\/div>\n\t\t\t\n\t\t\t\t\t<\/div>\n\t\t\t\t\t\t<\/div>\n\t\t\t\t\t<\/div>\n\t\t<\/div>\n\t\t\t\t<div class=\"elementor-column elementor-col-33 elementor-inner-column elementor-element elementor-element-5a38ea09\" data-id=\"5a38ea09\" data-element_type=\"column\" data-e-type=\"column\">\n\t\t\t<div class=\"elementor-widget-wrap elementor-element-populated\">\n\t\t\t\t\t\t<div class=\"elementor-element elementor-element-733d3630 elementor-widget elementor-widget-testimonial\" data-id=\"733d3630\" data-element_type=\"widget\" data-e-type=\"widget\" data-widget_type=\"testimonial.default\">\n\t\t\t\t\t\t\t<div class=\"elementor-testimonial-wrapper\">\n\t\t\t\t\t\t\t<div class=\"elementor-testimonial-content\">\"Mulle avaldas muljet, kui kiiresti Mosaic mulle vajaliku tarkvara kohta hinnapakkumise tegi. Samuti toimetasid nad tarkvara kiiresti kohale, mis v\u00f5imaldas mul kohe t\u00f6\u00f6le asuda.\"<\/div>\n\t\t\t\n\t\t\t\t\t<\/div>\n\t\t\t\t\t\t<\/div>\n\t\t\t\t\t<\/div>\n\t\t<\/div>\n\t\t\t\t<div class=\"elementor-column elementor-col-33 elementor-inner-column elementor-element elementor-element-6d10afe9\" data-id=\"6d10afe9\" data-element_type=\"column\" data-e-type=\"column\">\n\t\t\t<div class=\"elementor-widget-wrap elementor-element-populated\">\n\t\t\t\t\t\t<div class=\"elementor-element elementor-element-4203b773 elementor-widget elementor-widget-testimonial\" data-id=\"4203b773\" data-element_type=\"widget\" data-e-type=\"widget\" data-widget_type=\"testimonial.default\">\n\t\t\t\t\t\t\t<div class=\"elementor-testimonial-wrapper\">\n\t\t\t\t\t\t\t<div class=\"elementor-testimonial-content\">\"Mosaici konkurentsiv\u00f5imeline hinnakujundus oli suur tegur minu otsuses osta tarkvara neilt. Nad pakkusid kvaliteetset tarkvara hinnaga, mis sobis minu eelarvesse, ja nende klienditeenindus oli erakordne.\"<\/div>\n\t\t\t\n\t\t\t\t\t<\/div>\n\t\t\t\t\t\t<\/div>\n\t\t\t\t\t<\/div>\n\t\t<\/div>\n\t\t\t\t\t<\/div>\n\t\t<\/section>\n\t\t\t\t\t<\/div>\n\t\t<\/div>\n\t\t\t\t\t<\/div>\n\t\t<\/section>\n\t\t\t\t<\/div>","protected":false},"excerpt":{"rendered":"<p>Our Mission Our mission at Mosaic is to provide businesses with a seamless and hassle-free software purchasing experience. We strive to be the easiest and fastest way for businesses to access the software solutions they need to achieve their goals. We are committed to delivering expert advice, fast quoting and delivery services, and competitive pricing [&hellip;]<\/p>\n","protected":false},"author":1,"featured_media":0,"parent":0,"menu_order":0,"comment_status":"closed","ping_status":"closed","template":"elementor_header_footer","meta":{"content-type":"","footnotes":""},"class_list":["post-52","page","type-page","status-publish","hentry"],"_links":{"self":[{"href":"https:\/\/mosaic.ee\/et\/wp-json\/wp\/v2\/pages\/52","targetHints":{"allow":["GET"]}}],"collection":[{"href":"https:\/\/mosaic.ee\/et\/wp-json\/wp\/v2\/pages"}],"about":[{"href":"https:\/\/mosaic.ee\/et\/wp-json\/wp\/v2\/types\/page"}],"author":[{"embeddable":true,"href":"https:\/\/mosaic.ee\/et\/wp-json\/wp\/v2\/users\/1"}],"replies":[{"embeddable":true,"href":"https:\/\/mosaic.ee\/et\/wp-json\/wp\/v2\/comments?post=52"}],"version-history":[{"count":40,"href":"https:\/\/mosaic.ee\/et\/wp-json\/wp\/v2\/pages\/52\/revisions"}],"predecessor-version":[{"id":3419,"href":"https:\/\/mosaic.ee\/et\/wp-json\/wp\/v2\/pages\/52\/revisions\/3419"}],"wp:attachment":[{"href":"https:\/\/mosaic.ee\/et\/wp-json\/wp\/v2\/media?parent=52"}],"curies":[{"name":"wp","href":"https:\/\/api.w.org\/{rel}","templated":true}]}}