{"id":3,"date":"2023-07-19T14:43:17","date_gmt":"2023-07-19T14:43:17","guid":{"rendered":"https:\/\/mosaic.ee\/?page_id=3"},"modified":"2024-06-03T15:01:50","modified_gmt":"2024-06-03T12:01:50","slug":"privaatsuspoliitika","status":"publish","type":"page","link":"https:\/\/mosaic.ee\/et\/privacy-policy\/","title":{"rendered":"Privaatsuspoliitika"},"content":{"rendered":"<div data-elementor-type=\"wp-page\" data-elementor-id=\"3\" class=\"elementor elementor-3\" data-elementor-post-type=\"page\">\n\t\t\t\t<div class=\"elementor-element elementor-element-5ce04fd6 e-flex e-con-boxed e-con e-parent\" data-id=\"5ce04fd6\" data-element_type=\"container\" data-e-type=\"container\">\n\t\t\t\t\t<div class=\"e-con-inner\">\n\t\t\t\t<div class=\"elementor-element elementor-element-481c37ab elementor-widget elementor-widget-heading\" data-id=\"481c37ab\" data-element_type=\"widget\" data-e-type=\"widget\" data-widget_type=\"heading.default\">\n\t\t\t\t\t<h2 class=\"elementor-heading-title elementor-size-large\">Veebisaidi privaatsuspoliitika<\/h2>\t\t\t\t<\/div>\n\t\t\t\t\t<\/div>\n\t\t\t\t<\/div>\n\t\t<div class=\"elementor-element elementor-element-4bcd9faa e-flex e-con-boxed e-con e-parent\" data-id=\"4bcd9faa\" data-element_type=\"container\" data-e-type=\"container\">\n\t\t\t\t\t<div class=\"e-con-inner\">\n\t\t\t\t<div class=\"elementor-element elementor-element-542618c3 elementor-widget elementor-widget-text-editor\" data-id=\"542618c3\" data-element_type=\"widget\" data-e-type=\"widget\" data-widget_type=\"text-editor.default\">\n\t\t\t\t\t\t\t\t\t<p><b><span style=\"color: var( --e-global-color-text ); font-family: var( --e-global-typography-text-font-family ), Sans-serif; font-style: var( --e-global-typography-text-font-style ); letter-spacing: var( --e-global-typography-text-letter-spacing ); text-transform: var( --e-global-typography-text-text-transform ); text-decoration: var( --e-global-typography-text-text-decoration ); text-align: var(--text-align);\">1. \u00dcldine<\/span><span style=\"color: var( --e-global-color-text ); font-family: var( --e-global-typography-text-font-family ), Sans-serif; font-style: var( --e-global-typography-text-font-style ); letter-spacing: var( --e-global-typography-text-letter-spacing ); text-transform: var( --e-global-typography-text-text-transform ); text-decoration: var( --e-global-typography-text-text-decoration ); text-align: var(--text-align);\"> <\/span><span style=\"color: var( --e-global-color-text ); font-family: var( --e-global-typography-text-font-family ), Sans-serif; font-style: var( --e-global-typography-text-font-style ); letter-spacing: var( --e-global-typography-text-letter-spacing ); text-transform: var( --e-global-typography-text-text-transform ); text-decoration: var( --e-global-typography-text-text-decoration ); text-align: var(--text-align);\">Teave<\/span><\/b><\/p>\n<p><b>a) Sissejuhatus<\/b><\/p>\n<p style=\"font-weight: 400;\">T\u00e4name teid huvi eest meie veebisaidi ja meie veebip\u00f5histe teenuste vastu.  K\u00fclastajate andmete kaitsmine ja nende kasutamine ainult nii, nagu meie kliendid\/k\u00fclastajad\/kasutajad meilt ootavad, on meie k\u00f5rgeim prioriteet. Seega on j\u00e4rgmine poliitika m\u00f5eldud selleks, et teavitada teid teie isikuandmete t\u00f6\u00f6tlemisest ja teie \u00f5igustest seoses selle t\u00f6\u00f6tlemisega vastavalt isikuandmete kaitse \u00fcldm\u00e4\u00e4rusele (\"GDPR\") ja muudele andmekaitseseadustele.<\/p>\n<p><b>b) vastutav t\u00f6\u00f6taja<\/b><\/p>\n<p style=\"font-weight: 400;\">Meie, Mosaic O\u00dc, oleme GDPRi kohaselt vastutav t\u00f6\u00f6tleja ja seega vastutame siinkohal kirjeldatud andmet\u00f6\u00f6tluse eest.<\/p>\n<p><b>c) Andmekaitse spetsialist<\/b><\/p>\n<p style=\"font-weight: 400;\">V\u00f5ite igal ajal v\u00f5tta \u00fchendust meie andmekaitse spetsialistiga, kasutades j\u00e4rgmisi kontaktandmeid: Pirni tn 7\/2, Tallinn, Eesti, Tel: +372 655 5000, e-post: dpo(at)mosaic.ee.<\/p>\n<p><span style=\"color: var( --e-global-color-text ); font-family: var( --e-global-typography-text-font-family ), Sans-serif; font-style: var( --e-global-typography-text-font-style ); letter-spacing: var( --e-global-typography-text-letter-spacing ); text-transform: var( --e-global-typography-text-text-transform ); text-decoration: var( --e-global-typography-text-text-decoration ); text-align: var(--text-align);\"><b>2. Isikuandmete t\u00f6\u00f6tlemine meie veebisaidi kasutamise ajal<\/b><\/span><\/p>\n<p style=\"font-weight: 400;\">Teie k\u00fclastus meie veebisaidil ja\/v\u00f5i meie v\u00f5rguteenuste kasutamine registreeritakse. Salvestatakse teie seadme poolt hetkel kasutatav IP-aadress, kuup\u00e4ev ja kellaaeg, teie seadme brauseri t\u00fc\u00fcp ja operatsioonis\u00fcsteem ning kasutatud lehek\u00fcljed. Neid andmeid kogutakse meie veebisaidi ja veebiteenuste optimeerimiseks ja t\u00e4iustamiseks. T\u00f6\u00f6tlemine p\u00f5hineb \u00f5igusp\u00e4rasel huvil, kuna meie \u00f5igustatud huvi on kaitsta meie veebisaiti ja parandada meie teenuste kvaliteeti. Lisaks sellele salvestatakse teie isikuandmeid ainult siis, kui te annate need meile enda nimel, nt registreerimise, k\u00fcsitluse, veebip\u00f5hise taotluse v\u00f5i veebip\u00f5hise ostu (lepingu t\u00e4itmine) raames. Oleme v\u00f5tnud asjakohased meetmed, et tagada registreerimise k\u00e4igus meile esitatud andmete piisav kaitse. Nende meetmete hulka kuuluvad muu hulgas kr\u00fcpteerimine, juurdep\u00e4\u00e4sukontroll, \u00fclesannete eraldamine, siseaudit jne.<\/p>\n<p><b>a) Uudiskirja registreerimine<\/b><\/p>\n<p style=\"font-weight: 400;\">Soovi korral v\u00f5ite tellida meie uudiskirja meie veebilehel, t\u00e4ites seal oleva registreerimisvormi. Registreerimisvormil kogutud isikuandmeid t\u00f6\u00f6deldakse ainult uudiskirja saatmiseks teie e-posti aadressile ja ainult juhul, kui olete andnud oma n\u00f5usoleku andmete t\u00f6\u00f6tlemiseks. Teie isikuandmeid t\u00f6\u00f6deldakse seni, kuni te loobute uudiskirja tellimisest, kl\u00f5psates lingil \"loobuda tellimusest\", mis on esitatud igas meilt saadud uudiskirjas. Pange t\u00e4hele, et p\u00e4rast tellimuse t\u00fchistamist ei saa te meilt enam uudiskirju.<\/p>\n<p><b>b) Kontaktivorm<\/b><\/p>\n<p style=\"font-weight: 400;\">V\u00f5ite kasutada meie veebisaidil olevat kontaktvormi, et v\u00f5tta meiega \u00fchendust mis tahes taotluse korral. Kontaktvormi sisestatud isikuandmeid t\u00f6\u00f6deldakse ainult teie p\u00e4ringule vastamiseks. Kontaktvormi t\u00e4itmine ja saatmine on kinnitus, millega olete andnud oma n\u00f5usoleku andmete t\u00f6\u00f6tlemiseks.<\/p>\n<p><b>c) K\u00fcpsised <\/b><\/p>\n<p style=\"font-weight: 400;\">Selleks, et muuta teie k\u00fclastus meie veebisaidil meeldivamaks ja v\u00f5imaldada teatud funktsioonide kasutamist, v\u00f5ime erinevatel lehek\u00fclgedel kasutada k\u00fcpsiseid. K\u00fcpsised on v\u00e4ikesed tekstifailid, mis salvestatakse teie l\u00f5ppseadmesse. M\u00f5ned k\u00fcpsised, mida me kasutame, kustutatakse p\u00e4rast brauseri seansi l\u00f5ppu. Teised k\u00fcpsised j\u00e4\u00e4vad teie seadmesse ja v\u00f5imaldavad meil v\u00f5i meie partnerettev\u00f5tetel teie brauseri j\u00e4rgmisel k\u00fclastusel \u00e4ra tunda. Te saate oma brauseri seadistada nii, et teid teavitatakse k\u00fcpsiste seadistamisest eraldi ja te saate otsustada nende vastuv\u00f5tmise \u00fcle individuaalselt v\u00f5i v\u00e4listada k\u00fcpsiste vastuv\u00f5tmise teatud juhtudel v\u00f5i \u00fcldiselt. Lisateavet leiate oma internetibrauseri abifunktsioonist. Kui k\u00fcpsiseid ei aktsepteerita, v\u00f5ib meie veebilehe funktsionaalsus olla piiratud.<\/p>\n<p style=\"font-weight: 400;\">Et rohkem teada saada, kuidas me kasutame k\u00fcpsiseid, saate tutvuda meie k\u00fcpsiste kasutamise poliitikaga. <a href=\"https:\/\/www.mosaic.ee\/et\/kupsiste-poliitika\" target=\"_blank\" rel=\"noopener\">https:\/\/www.mosaic.ee\/et\/kupsiste-poliitika<\/a>.<\/p>\n<p><b>d) Andmete saajad <\/b><\/p>\n<p style=\"font-weight: 400;\">Me v\u00f5ime kasutada teie isikuandmete t\u00f6\u00f6tlemiseks kolmanda osapoole teenusepakkujaid. Need teenusepakkujad v\u00f5ivad asuda Euroopa Liidu (EL) ja Euroopa Majanduspiirkonna (EMP) riikides ja v\u00e4ljaspool neid. Tagame, et need teenusepakkujad t\u00f6\u00f6tlevad isikuandmeid koosk\u00f5las Euroopa andmekaitsealaste \u00f5igusaktidega, et tagada piisav andmekaitse tase, isegi kui isikuandmeid edastatakse riiki v\u00e4ljaspool EMPd, mille kohta ei ole olemas ELi komisjoni adekvaatsuse otsust. Isikuandmeid ei edastata teistele vastuv\u00f5tjatele, v\u00e4lja arvatud juhul, kui me oleme selleks seadusega kohustatud. Lisateavet rahvusvaheliste andmeedastuste asjakohaste kaitsemeetmete kohta v\u00f5i nende koopia saamiseks v\u00f5tke \u00fchendust meie andmekaitseametnikuga.<\/p>\n<p><b>e) S\u00e4ilitamisperiood <\/b><\/p>\n<p style=\"font-weight: 400;\">Meie veebisaidi kaudu meile esitatud isikuandmeid s\u00e4ilitatakse ainult seni, kuni nende t\u00f6\u00f6tlemise eesm\u00e4rk on t\u00e4idetud. Kuna kaubandus- ja maksuseaduste kohaselt tuleb j\u00e4rgida s\u00e4ilitust\u00e4htaegu, v\u00f5ib teatavate andmete s\u00e4ilitamise aeg olla kuni 3 aastat. S\u00e4ilitamist\u00e4htaegu v\u00f5ib siiski muuta ka meie \u00f5igustatud huvi t\u00f5ttu (nt andmete turvalisuse tagamiseks, v\u00e4\u00e4rkasutuse v\u00e4ltimiseks v\u00f5i kurjategijate vastutusele v\u00f5tmiseks).<\/p>\n<p><span style=\"color: var( --e-global-color-text ); font-family: var( --e-global-typography-text-font-family ), Sans-serif; font-style: var( --e-global-typography-text-font-style ); letter-spacing: var( --e-global-typography-text-letter-spacing ); text-transform: var( --e-global-typography-text-text-transform ); text-decoration: var( --e-global-typography-text-text-decoration ); text-align: var(--text-align);\"><b>3. Teie \u00f5igused<\/b><\/span><br><\/p>\n<ol start=\"3\">\n<\/ol>\n<p style=\"font-weight: 400;\">Andmesubjektina v\u00f5ite oma \u00f5iguste kasutamiseks igal ajal v\u00f5tta \u00fchendust meie andmekaitseametnikuga, teatades sellest eespool punktis 1 nimetatud kontaktandmed. Need \u00f5igused on j\u00e4rgmised:<\/p>\n<ul>\n<li>\u00f5igus saada teavet andmete t\u00f6\u00f6tlemise kohta ja koopia t\u00f6\u00f6deldud andmetest;<\/li>\n<li>\u00f5igus n\u00f5uda ebat\u00e4psete andmete parandamist v\u00f5i puudulike andmete t\u00e4iendamist;<\/li>\n<li>\u00d5igus n\u00f5uda isikuandmete kustutamist;<\/li>\n<li>\u00f5igus n\u00f5uda andmete t\u00f6\u00f6tlemise piiramist;<\/li>\n<li>\u00f5igus saada andmesubjekti puudutavaid isikuandmeid struktureeritud, \u00fcldkasutatavas ja masinloetavas vormis ning taotleda nende andmete edastamist teisele vastutavale t\u00f6\u00f6tlejale;<\/li>\n<li>\u00d5igus esitada vastuv\u00e4iteid andmete t\u00f6\u00f6tlemisele;<\/li>\n<li>\u00f5igus antud n\u00f5usolekut igal ajal tagasi v\u00f5tta, et peatada teie n\u00f5usolekul p\u00f5hinev andmet\u00f6\u00f6tlus;<\/li>\n<li>\u00f5igus esitada kaebus p\u00e4devale j\u00e4relevalveasutusele: Andmekaitseinspektsioon (<a href=\"https:\/\/www.aki.ee\" target=\"_blank\" rel=\"noopener\">https:\/\/www.aki.ee<\/a>).<\/li>\n<\/ul>\t\t\t\t\t\t\t\t<\/div>\n\t\t\t\t\t<\/div>\n\t\t\t\t<\/div>\n\t\t\t\t<\/div>","protected":false},"excerpt":{"rendered":"<p>Website Privacy Policy 1. General Information a) Introduction Thank you for your interest in our website and our online services.&nbsp; Protecting visitors data and using it only in the way our customers\/visitors\/users expect from us is our highest priority. Thus, the following policy is designed to inform you about the processing of your personal data [&hellip;]<\/p>\n","protected":false},"author":1,"featured_media":0,"parent":0,"menu_order":0,"comment_status":"closed","ping_status":"open","template":"","meta":{"content-type":"","footnotes":""},"class_list":["post-3","page","type-page","status-publish","hentry"],"_links":{"self":[{"href":"https:\/\/mosaic.ee\/et\/wp-json\/wp\/v2\/pages\/3","targetHints":{"allow":["GET"]}}],"collection":[{"href":"https:\/\/mosaic.ee\/et\/wp-json\/wp\/v2\/pages"}],"about":[{"href":"https:\/\/mosaic.ee\/et\/wp-json\/wp\/v2\/types\/page"}],"author":[{"embeddable":true,"href":"https:\/\/mosaic.ee\/et\/wp-json\/wp\/v2\/users\/1"}],"replies":[{"embeddable":true,"href":"https:\/\/mosaic.ee\/et\/wp-json\/wp\/v2\/comments?post=3"}],"version-history":[{"count":9,"href":"https:\/\/mosaic.ee\/et\/wp-json\/wp\/v2\/pages\/3\/revisions"}],"predecessor-version":[{"id":2579,"href":"https:\/\/mosaic.ee\/et\/wp-json\/wp\/v2\/pages\/3\/revisions\/2579"}],"wp:attachment":[{"href":"https:\/\/mosaic.ee\/et\/wp-json\/wp\/v2\/media?parent=3"}],"curies":[{"name":"wp","href":"https:\/\/api.w.org\/{rel}","templated":true}]}}