{"id":2611,"date":"2023-12-22T17:59:04","date_gmt":"2023-12-22T15:59:04","guid":{"rendered":"https:\/\/mosaic.ee\/?page_id=2611"},"modified":"2024-06-03T15:07:52","modified_gmt":"2024-06-03T12:07:52","slug":"privaatsusteade-kontaktandmed","status":"publish","type":"page","link":"https:\/\/mosaic.ee\/et\/privacy-notice-for-contact-us\/","title":{"rendered":"Kontaktide privaatsusteade"},"content":{"rendered":"<div data-elementor-type=\"wp-page\" data-elementor-id=\"2611\" class=\"elementor elementor-2611\" data-elementor-post-type=\"page\">\n\t\t\t\t<div class=\"elementor-element elementor-element-67fefb5b e-flex e-con-boxed e-con e-parent\" data-id=\"67fefb5b\" data-element_type=\"container\" data-e-type=\"container\">\n\t\t\t\t\t<div class=\"e-con-inner\">\n\t\t\t\t<div class=\"elementor-element elementor-element-8224e0f elementor-widget elementor-widget-heading\" data-id=\"8224e0f\" data-element_type=\"widget\" data-e-type=\"widget\" data-widget_type=\"heading.default\">\n\t\t\t\t\t<h2 class=\"elementor-heading-title elementor-size-large\">Andmekaitse teatis<\/h2>\t\t\t\t<\/div>\n\t\t\t\t\t<\/div>\n\t\t\t\t<\/div>\n\t\t<div class=\"elementor-element elementor-element-250bec48 e-flex e-con-boxed e-con e-parent\" data-id=\"250bec48\" data-element_type=\"container\" data-e-type=\"container\">\n\t\t\t\t\t<div class=\"e-con-inner\">\n\t\t\t\t<div class=\"elementor-element elementor-element-e627eaa elementor-widget elementor-widget-text-editor\" data-id=\"e627eaa\" data-element_type=\"widget\" data-e-type=\"widget\" data-widget_type=\"text-editor.default\">\n\t\t\t\t\t\t\t\t\t<h3>1.    Mida me vajame<\/h3><p style=\"font-weight: 400;\">Mosaic O\u00dc on teie (andmesubjekt) poolt meile esitatud isikuandmete vastutav t\u00f6\u00f6tleja. Me kogume teilt j\u00e4rgmisi isikuandmeid:<\/p><ul><li>Nimi<\/li><li>E-posti aadress<\/li><li>Ettev\u00f5te<\/li><li>Riik<\/li><li>Rolli<\/li><li>Telefoninumber<\/li><li>Teie seadme operatsioonis\u00fcsteem<\/li><li>K\u00fclastatud lehek\u00fcljed mosaic.ee's<\/li><li>Teie poolt mosaic.ee-s tehtud tegevused<\/li><\/ul><h3><a name=\"_Toc494813227\"><\/a>2.    Miks me seda vajame<\/h3><p style=\"font-weight: 400;\">Me vajame teie isikuandmeid selleks, et pakkuda teile j\u00e4rgmisi teenuseid:<\/p><ul><li>Saada teile hinnapakkumine toodete ja teenuste kohta<\/li><li>Saada teile lisateavet meie teenuste kohta<\/li><li>K\u00fcsime teie p\u00e4ringu kohta lisak\u00fcsimusi telefonik\u00f5ne teel<\/li><li>Et muuta veebisaidi kasutuskogemus paremaks<\/li><\/ul><h3><a name=\"_Toc494813228\"><\/a>3.    Mida me sellega teeme<\/h3><p style=\"font-weight: 400;\">Teie isikuandmeid t\u00f6\u00f6deldakse Maakri 21, Tallinnas, mis asub Eestis. Teie andmete majutamine ja s\u00e4ilitamine toimub Hubspot'i abil, mis asub Euroopa Liidus.<\/p><p style=\"font-weight: 400;\">Kolmandate osapoolte teenusepakkujatel ei ole juurdep\u00e4\u00e4su teie andmetele, v\u00e4lja arvatud juhul, kui see on seadusega n\u00f5utud.<\/p><h3><a name=\"_Toc494813229\"><\/a>4.    Kui kaua me seda hoiame<\/h3><p style=\"font-weight: 400;\">Eesti seaduste kohaselt oleme kohustatud s\u00e4ilitama teie dokumente kuni 3 aastat vastavalt andmete s\u00e4ilitamise poliitikale. P\u00e4rast seda perioodi h\u00e4vitatakse teie isikuandmed p\u00f6\u00f6rdumatult. K\u00f5iki meie poolt turundus- ja teenuseuuendusteadete jaoks hoitavaid isikuandmeid s\u00e4ilitame seni, kuni te teatate meile, et te ei soovi seda teavet enam saada. Palun vaadake meie <a href=\"https:\/\/mosaic.ee\/et\/privaatsuspoliitika\/\" target=\"_blank\" rel=\"noopener\">Privaatsuspoliitika<\/a> lisateavet meie isikuandmete s\u00e4ilitamise ajakava kohta.<\/p><h3><a name=\"_Toc494813230\"><\/a>5.    Millised on teie \u00f5igused?<\/h3><p style=\"font-weight: 400;\">Kui te arvate, et meie poolt teie kohta hoitavad isikuandmed on eba\u00f5iged v\u00f5i ebat\u00e4ielikud, on teil v\u00f5imalus n\u00f5uda nende andmete vaatamist, parandamist v\u00f5i kustutamist. Palun v\u00f5tke meiega \u00fchendust e-posti teel: dpo@mosaic.ee.<\/p><p style=\"font-weight: 400;\">Kui soovite esitada kaebuse selle kohta, kuidas me teie isikuandmeid oleme k\u00e4sitlenud, v\u00f5tke palun \u00fchendust andmekaitseametnikuga aadressil dpo@mosaic.ee v\u00f5i kirjalikult aadressil Maakri 21, Tallinn. Meie andmekaitseametnik uurib seej\u00e4rel teie kaebust ja teeb teiega koost\u00f6\u00f6d, et asi lahendada.<\/p><p style=\"font-weight: 400;\">Kui teil on endiselt tunne, et teie isikuandmeid ei ole seadusega koosk\u00f5las k\u00e4ideldud, v\u00f5ite p\u00f6\u00f6rduda Andmekaitse Inspektsiooni poole ja esitada neile kaebuse.<\/p>\t\t\t\t\t\t\t\t<\/div>\n\t\t\t\t\t<\/div>\n\t\t\t\t<\/div>\n\t\t\t\t<\/div>","protected":false},"excerpt":{"rendered":"<p>Privacy Notice 1.\u00a0\u00a0\u00a0 What we need Mosaic O\u00dc is a Controller of the personal data you (data subject) provide us. We collect the following types of personal data from you: Name Email address Company Country Role Phone number Your device operating system The pages you have visited in mosaic.ee The activities you have performed in [&hellip;]<\/p>\n","protected":false},"author":1,"featured_media":0,"parent":0,"menu_order":0,"comment_status":"closed","ping_status":"closed","template":"","meta":{"content-type":"","footnotes":""},"class_list":["post-2611","page","type-page","status-publish","hentry"],"_links":{"self":[{"href":"https:\/\/mosaic.ee\/et\/wp-json\/wp\/v2\/pages\/2611","targetHints":{"allow":["GET"]}}],"collection":[{"href":"https:\/\/mosaic.ee\/et\/wp-json\/wp\/v2\/pages"}],"about":[{"href":"https:\/\/mosaic.ee\/et\/wp-json\/wp\/v2\/types\/page"}],"author":[{"embeddable":true,"href":"https:\/\/mosaic.ee\/et\/wp-json\/wp\/v2\/users\/1"}],"replies":[{"embeddable":true,"href":"https:\/\/mosaic.ee\/et\/wp-json\/wp\/v2\/comments?post=2611"}],"version-history":[{"count":4,"href":"https:\/\/mosaic.ee\/et\/wp-json\/wp\/v2\/pages\/2611\/revisions"}],"predecessor-version":[{"id":2616,"href":"https:\/\/mosaic.ee\/et\/wp-json\/wp\/v2\/pages\/2611\/revisions\/2616"}],"wp:attachment":[{"href":"https:\/\/mosaic.ee\/et\/wp-json\/wp\/v2\/media?parent=2611"}],"curies":[{"name":"wp","href":"https:\/\/api.w.org\/{rel}","templated":true}]}}