{"id":2557,"date":"2023-12-06T15:49:42","date_gmt":"2023-12-06T13:49:42","guid":{"rendered":"https:\/\/mosaic.ee\/?page_id=2557"},"modified":"2024-06-03T14:38:00","modified_gmt":"2024-06-03T11:38:00","slug":"veebisaidi-tingimused","status":"publish","type":"page","link":"https:\/\/mosaic.ee\/et\/website-terms-and-conditions\/","title":{"rendered":"Veebisaidi tingimused\u00a0"},"content":{"rendered":"<div data-elementor-type=\"wp-page\" data-elementor-id=\"2557\" class=\"elementor elementor-2557\" data-elementor-post-type=\"page\">\n\t\t\t\t<div class=\"elementor-element elementor-element-2699993a e-flex e-con-boxed e-con e-parent\" data-id=\"2699993a\" data-element_type=\"container\" data-e-type=\"container\">\n\t\t\t\t\t<div class=\"e-con-inner\">\n\t\t\t\t<div class=\"elementor-element elementor-element-2df714f4 elementor-widget elementor-widget-heading\" data-id=\"2df714f4\" data-element_type=\"widget\" data-e-type=\"widget\" data-widget_type=\"heading.default\">\n\t\t\t\t\t<h2 class=\"elementor-heading-title elementor-size-large\">Veebisaidi tingimused <\/h2>\t\t\t\t<\/div>\n\t\t\t\t\t<\/div>\n\t\t\t\t<\/div>\n\t\t<div class=\"elementor-element elementor-element-361b8d8e e-flex e-con-boxed e-con e-parent\" data-id=\"361b8d8e\" data-element_type=\"container\" data-e-type=\"container\">\n\t\t\t\t\t<div class=\"e-con-inner\">\n\t\t\t\t<div class=\"elementor-element elementor-element-18d513a7 elementor-widget elementor-widget-text-editor\" data-id=\"18d513a7\" data-element_type=\"widget\" data-e-type=\"widget\" data-widget_type=\"text-editor.default\">\n\t\t\t\t\t\t\t\t\t<p style=\"font-weight: 400;\">Viimati uuendatud: 04.12.2023<\/p><ol><li style=\"font-weight: 400;\"><strong> Kasutustingimused<\/strong><\/li><\/ol><p style=\"font-weight: 400;\">Mosaic O\u00dc pakub juurdep\u00e4\u00e4su veebilehele https:\/\/www.mosaic.ee (\"Veebileht\") ja selle kasutamist allj\u00e4rgnevatel tingimustel. Veebilehele juurdep\u00e4\u00e4suga ja selle kasutamisega olete kohustatud j\u00e4rgima neid tingimusi. Pange t\u00e4hele, et need tingimused v\u00f5ivad aeg-ajalt muutuda, seega tuleks neid regulaarselt kontrollida. Veebisaidi j\u00e4tkuv kasutamine t\u00e4hendab, et n\u00f5ustute uuendatud v\u00f5i muudetud tingimustega.<\/p><ol start=\"2\"><li style=\"font-weight: 400;\"><strong> Veebisaidi kasutamine<\/strong><\/li><\/ol><p style=\"font-weight: 400;\">Te tunnistate, et kasutate veebisaiti ainult seaduslikel eesm\u00e4rkidel, isiklikuks v\u00f5i sisemiseks \u00e4rikasutuseks.<\/p><ol start=\"3\"><li style=\"font-weight: 400;\"><strong> Autori\u00f5igus<\/strong><\/li><\/ol><p style=\"font-weight: 400;\">K\u00f5ik autori\u00f5igused, kaubam\u00e4rgid, disaini\u00f5igused, patendid ja muud intellektuaalomandi \u00f5igused sellel veebisaidil kuuluvad Mosaic O\u00dc-le v\u00f5i tema litsentsiandjatele. K\u00f5ik originaalmaterjalide autori\u00f5iguse m\u00e4rked tuleb s\u00e4ilitada.<\/p><p style=\"font-weight: 400;\">V\u00e4lja arvatud teie isikuandmetega seotud teave (nt kontaktvormides esitatud teave), annate Mosaic O\u00dc-le \u00fclemaailmse, mitteeksklusiivse ja tasuta litsentsi kasutada, kopeerida, paljundada, t\u00f6\u00f6delda, muuta, avaldada, edastada ja n\u00e4idata mis tahes eesm\u00e4rgil mis tahes sisu, mille te veebilehele esitate.<\/p><p style=\"font-weight: 400;\">K\u00e4esolevat veebisaiti ei tohi mingil viisil muuta, lahti v\u00f5tta, dekompileerida ega \u00fcmberprojekteerida. \u00dchtegi veebilehe osa ei tohi reprodutseerida ilma meie selges\u00f5nalise loata.<\/p><ol start=\"4\"><li style=\"font-weight: 400;\"><strong> K\u00e4ttesaadavus<\/strong><\/li><\/ol><p style=\"font-weight: 400;\">Kuigi me p\u00fc\u00fcame tagada, et veebisaidi k\u00e4ttesaadavus oleks j\u00e4tkuvalt k\u00f5rge ja et veebisait oleks pidev, ei ole internet alati stabiilne keskkond ja me ei vastuta, kui veebisait ei ole mingil p\u00f5hjusel mingil ajal k\u00e4ttesaadav. Juurdep\u00e4\u00e4s veebisaidile v\u00f5ib ajutiselt ja ette teatamata peatada s\u00fcsteemi rikke, hoolduse v\u00f5i remondi korral v\u00f5i meist mitteolenevatel p\u00f5hjustel. Me ei vastuta selle veebisaidi kaudu teenuse osutamise eba\u00f5nnestumise v\u00f5i hilinemise eest, mis tuleneb mis tahes s\u00fcndmusest, mis on v\u00e4ljaspool meie m\u00f5istlikku kontrolli, sealhulgas (kuid mitte ainult) streigid, s\u00fcsteemide v\u00f5i v\u00f5rgu\u00fchenduse katkemine, tulekahju, plahvatus v\u00f5i \u00f5nnetusjuhtum, mis on tingitud kolmanda osapoole telekommunikatsiooni- v\u00f5i teenusepakkuja rikkest.<\/p><ol start=\"5\"><li style=\"font-weight: 400;\"><strong> Lubatud kasutusviis <\/strong><\/li><\/ol><p style=\"font-weight: 400;\">K\u00e4esolevaga anname teile loa p\u00e4\u00e4seda meie veebilehele ligi ja seda kasutada j\u00e4rgmistel tingimustel:\u00a0<\/p><ol><li>Mitte levitada veebisaidi mis tahes osa v\u00f5i osi, sealhulgas, kuid mitte ainult, veebisaidi sisu, mis tahes meediumis ilma meie eelneva loata;<\/li><li>mitte muuta v\u00f5i muuta veebilehe mis tahes osa;<\/li><li>mitte keelata v\u00f5i h\u00e4irida veebilehe turvalisusega seotud funktsioone;<\/li><li>mitte kasutada veebisaiti viisil, mis m\u00f5jutab v\u00f5i v\u00f5ib m\u00f5jutada kasutaja juurdep\u00e4\u00e4su sellele veebisaidile;<\/li><li>mitte kasutada veebisaiti mis tahes eesm\u00e4rgil, mis on ebaseaduslik, laimav, ahistav, solvav, kuritahtlik, petturlik v\u00f5i r\u00f5ve v\u00f5i muul sobimatul viisil.<\/li><\/ol><p>\u00a0<\/p><p style=\"font-weight: 400;\">Iga eespool nimetatud tingimuste rikkumine kujutab endast veebilehe tingimuste rikkumist.<\/p><ol start=\"6\"><li style=\"font-weight: 400;\"><strong> Veebisaidi tingimuste rikkumine <\/strong><\/li><\/ol><p style=\"font-weight: 400;\">Kui me leiame, et olete rikkunud m\u00f5nda k\u00e4esolevatest veebisaidi aktsepteeritava kasutamise tingimustest, v\u00f5ime v\u00f5tta meetmeid, mida peame asjakohaseks, sealhulgas, kuid mitte ainult:<\/p><ol><li>Anda teile hoiatus.<\/li><li>kohtumenetlus teie vastu, et h\u00fcvitada k\u00f5ik rikkumisest tulenevad kulud.<\/li><li>Kui te olete registreeritud kasutaja, siis t\u00fchistatakse teie \u00f5igus meie veebilehe kasutamiseks viivitamatult, ajutiselt v\u00f5i alaliselt.<\/li><li>sellise teabe avalikustamine \u00f5iguskaitseasutustele, mida me p\u00f5hjendatult vajalikuks peame.<\/li><\/ol><p>\u00a0<\/p><p style=\"font-weight: 400;\">Me v\u00e4listame vastutuse meetmete eest, mis on v\u00f5etud vastusena nende veebisaidi vastuv\u00f5etava kasutamise tingimuste rikkumisele. Eespool kirjeldatud vastumeetmed ei ole piiratud ja me v\u00f5ime v\u00f5tta mis tahes muid meetmeid, mida me m\u00f5istlikult asjakohaseks peame.<\/p><ol start=\"7\"><li style=\"font-weight: 400;\"><strong> Vastutustingimused<\/strong><\/li><\/ol><p style=\"font-weight: 400;\">Teie juurdep\u00e4\u00e4s veebilehele ja selle kasutamine toimub teie enda vastutusel. Veebileht on esitatud nii nagu see on. Mosaic O\u00dc ei anna mingeid garantiisid, kinnitusi ega kohustusi selle veebilehe sisu kohta. Vajaduse korral ei m\u00f5juta need tingimused teie seadusest tulenevaid \u00f5igusi. Eelk\u00f5ige v\u00f5tab Mosaic O\u00dc k\u00f5ik vajalikud meetmed, et kaitsta oma kasutajaid pahavara v\u00f5i vigade v\u00f5i muude destruktiivse iseloomuga elementide eest, kuid Mosaic O\u00dc ei saa siiski garanteerida, et k\u00e4esolev veebileht on vaba pahavara v\u00f5i vigade ja muude destruktiivse iseloomuga elementide eest. Te olete vastutav piisavate protseduuride ja viiruset\u00f5rje (sealhulgas viiruset\u00f5rje ja muude turvakontrollide) rakendamise eest, et t\u00e4ita sisestatud ja v\u00e4ljastatud andmete t\u00e4psuse ja turvalisuse n\u00f5udeid.<\/p><p style=\"font-weight: 400;\">Mosaic O\u00dc ei vastuta kahjude, kahjude (otseste, kaudsete v\u00f5i kaudsete), kulude, vastutuse, saamata j\u00e4\u00e4nud kasumi v\u00f5i kulude eest, mis tulenevad tema t\u00f6\u00f6tajate, esindajate v\u00f5i allt\u00f6\u00f6v\u00f5tjate poolt antud teabe kasutamisest, sellele juurdep\u00e4\u00e4sust v\u00f5i sellele tuginemisest seoses veebilehega, mis sisaldub sellel v\u00f5i on selle kaudu k\u00e4ttesaadav.<\/p><ol start=\"8\"><li style=\"font-weight: 400;\"><strong> Lingid teistele veebilehtedele ja teistelt veebilehtedelt<\/strong><\/li><\/ol><p style=\"font-weight: 400;\">K\u00f5ikidel juhtudel, kui meie veebisait sisaldab linke teistele veebisaitidele ja kolmandate isikute pakutavatele ressurssidele, on need lingid esitatud ainult teie teavitamiseks ja ei kujuta endast heakskiitu. Me ei kontrolli nende veebisaitide v\u00f5i ressursside sisu \u00fcle ja seega ei anna mingeid garantiisid ega v\u00e4iteid nende sisu kohta, samuti ei ole Mosaic O\u00dc-l mingit vastutust seoses nende veebisaitidega (sealhulgas, kuid mitte ainult, vastutust, mis tuleneb v\u00e4idetest, et kolmanda osapoole veebisaitide sisu rikub seadusi v\u00f5i isikute \u00f5igusi v\u00f5i on r\u00f5ve, laimav v\u00f5i skandaalne).<\/p><ol start=\"9\"><li style=\"font-weight: 400;\"><strong> Isikuandmed<\/strong><\/li><\/ol><p style=\"font-weight: 400;\">Mosaic O\u00dc t\u00f6\u00f6tleb teie isikuandmeid vastavalt isikuandmete kaitse \u00fcldm\u00e4\u00e4rusele (\"GDPR\") ja t\u00e4iendavatele andmekaitseseadustele. Lisateavet selle kohta, kuidas me teie isikuandmeid kasutame, leiate meie veebisaidi privaatsuspoliitikast siit: <a href=\"https:\/\/mosaic.ee\/et\/privaatsuspoliitika\/\">https:\/\/www.mosaic.ee\/privaatsuspoliitika\/<\/a><\/p><ol start=\"10\"><li style=\"font-weight: 400;\"><strong> \u00d5igus ja jurisdiktsioon<\/strong><\/li><\/ol><p style=\"font-weight: 400;\">K\u00e4esolevat lepingut ja sellest tulenevaid vaidlusi reguleerib Eesti \u00f5igus. K\u00f5ik vaidlused v\u00f5i n\u00f5uded, mis tulenevad k\u00e4esolevast lepingust v\u00f5i selle s\u00f5lmimisest v\u00f5i on sellega seotud (sealhulgas lepinguv\u00e4lised vaidlused v\u00f5i n\u00f5uded), kuuluvad Eesti kohtute ainup\u00e4devusse.<\/p><ol start=\"11\"><li style=\"font-weight: 400;\"><strong> V\u00f5tke meiega \u00fchendust<\/strong><\/li><\/ol><p><span style=\"font-weight: 400;\">V\u00f5ite meiega \u00fchendust v\u00f5tta aadressil: dpo@mosaic.ee<\/span><\/p>\t\t\t\t\t\t\t\t<\/div>\n\t\t\t\t\t<\/div>\n\t\t\t\t<\/div>\n\t\t\t\t<\/div>","protected":false},"excerpt":{"rendered":"<p>Website Terms &#038; Conditions Last updated: 04.12.2023 Terms of Use Access to and use of https:\/\/www.mosaic.ee (&#8220;Website&#8221;) is provided by Mosaic O\u00dc on the terms and conditions set out below. By accessing and using the Website, you will be bound by these terms. Please note that these terms are subject to change from time to [&hellip;]<\/p>\n","protected":false},"author":1,"featured_media":0,"parent":0,"menu_order":0,"comment_status":"closed","ping_status":"closed","template":"","meta":{"content-type":"","footnotes":""},"class_list":["post-2557","page","type-page","status-publish","hentry"],"_links":{"self":[{"href":"https:\/\/mosaic.ee\/et\/wp-json\/wp\/v2\/pages\/2557","targetHints":{"allow":["GET"]}}],"collection":[{"href":"https:\/\/mosaic.ee\/et\/wp-json\/wp\/v2\/pages"}],"about":[{"href":"https:\/\/mosaic.ee\/et\/wp-json\/wp\/v2\/types\/page"}],"author":[{"embeddable":true,"href":"https:\/\/mosaic.ee\/et\/wp-json\/wp\/v2\/users\/1"}],"replies":[{"embeddable":true,"href":"https:\/\/mosaic.ee\/et\/wp-json\/wp\/v2\/comments?post=2557"}],"version-history":[{"count":4,"href":"https:\/\/mosaic.ee\/et\/wp-json\/wp\/v2\/pages\/2557\/revisions"}],"predecessor-version":[{"id":2562,"href":"https:\/\/mosaic.ee\/et\/wp-json\/wp\/v2\/pages\/2557\/revisions\/2562"}],"wp:attachment":[{"href":"https:\/\/mosaic.ee\/et\/wp-json\/wp\/v2\/media?parent=2557"}],"curies":[{"name":"wp","href":"https:\/\/api.w.org\/{rel}","templated":true}]}}