{"id":2535,"date":"2023-12-06T12:51:02","date_gmt":"2023-12-06T10:51:02","guid":{"rendered":"https:\/\/mosaic.ee\/?page_id=2535"},"modified":"2025-02-15T16:49:18","modified_gmt":"2025-02-15T14:49:18","slug":"kupsiste-poliitika","status":"publish","type":"page","link":"https:\/\/mosaic.ee\/et\/cookie-policy\/","title":{"rendered":"k\u00fcpsiste kasutamise poliitika"},"content":{"rendered":"<div data-elementor-type=\"wp-page\" data-elementor-id=\"2535\" class=\"elementor elementor-2535\" data-elementor-post-type=\"page\">\n\t\t\t\t<div class=\"elementor-element elementor-element-3cd19d92 e-flex e-con-boxed e-con e-parent\" data-id=\"3cd19d92\" data-element_type=\"container\" data-e-type=\"container\">\n\t\t\t\t\t<div class=\"e-con-inner\">\n\t\t\t\t<div class=\"elementor-element elementor-element-3dc4a985 elementor-widget elementor-widget-heading\" data-id=\"3dc4a985\" data-element_type=\"widget\" data-e-type=\"widget\" data-widget_type=\"heading.default\">\n\t\t\t\t\t<h2 class=\"elementor-heading-title elementor-size-large\">K\u00fcpsiste kasutamise poliitika<\/h2>\t\t\t\t<\/div>\n\t\t\t\t\t<\/div>\n\t\t\t\t<\/div>\n\t\t<div class=\"elementor-element elementor-element-995625e e-flex e-con-boxed e-con e-parent\" data-id=\"995625e\" data-element_type=\"container\" data-e-type=\"container\">\n\t\t\t\t\t<div class=\"e-con-inner\">\n\t\t\t\t<div class=\"elementor-element elementor-element-53e5025 elementor-widget elementor-widget-text-editor\" data-id=\"53e5025\" data-element_type=\"widget\" data-e-type=\"widget\" data-widget_type=\"text-editor.default\">\n\t\t\t\t\t\t\t\t\t<p style=\"font-weight: 400;\">Viimati uuendatud: 04.12.2023<\/p><p style=\"font-weight: 400;\">https:\/\/www.mosaic.ee (\"<strong>Me<\/strong>\u201c, \u201c<strong>us<\/strong>\u201c, \u201c<strong>meie<\/strong>\"), p\u00fc\u00fcame j\u00e4rgida meie veebisaidi k\u00fclastajatelt kogutud andmete privaatsust ja turvalisust, samal ajal kui tegutseme isikuandmete vastutava t\u00f6\u00f6tlejana vastavalt asjakohastele andmekaitse-eeskirjadele ja -m\u00e4\u00e4rustele. Meie veebisait kasutab k\u00fcpsiseid koos pikslite, kohalike salvestusobjektide ja sarnaste seadmetega (\u00fchiselt \"k\u00fcpsised\", kui ei ole m\u00e4rgitud teisiti), et eristada teid teistest veebisaidi kasutajatest.  See aitab meil pakkuda teile head kasutuskogemust, parandada meie teenust ning personaliseerida teile reklaame ja sisu, kui kasutate veebisaiti.<\/p><p style=\"font-weight: 400;\">See k\u00fcpsiste poliitika (\"<strong>k\u00fcpsiste kasutamise poliitika<\/strong>\") kirjeldab, milliseid k\u00fcpsiseid me veebilehel kasutame ja milleks me neid kasutame.<\/p><p style=\"font-weight: 400;\">Kui teil on k\u00fcsimusi selle k\u00fcpsiste teatise kohta, v\u00f5tke meiega \u00fchendust aadressil dpo@mosaic.ee. T\u00e4ielikuma kirjelduse ja nimekirja k\u00fcpsistest, mida me praegu veebilehel kasutame, leiate k\u00e4esoleva dokumendi punktis 5 esitatud k\u00fcpsiste nimekirjast. Lisateavet meie privaatsustavade kohta leiate meie privaatsuspoliitikast: <a href=\"https:\/\/mosaic.ee\/et\/privaatsuspoliitika\/\">https:\/\/www.mosaic.ee\/privaatsuspoliitika\/<\/a>. Kui teil on k\u00fcsimusi v\u00f5i m\u00e4rkusi k\u00e4esoleva teatise v\u00f5i andmekaitse kohta, v\u00f5tke meiega \u00fchendust aadressil dpo (at) mosaic.ee.<\/p><p style=\"font-weight: 400;\">Palun lugege hoolikalt k\u00e4esolevat k\u00fcpsiste teatist, et saada \u00fcksikasjad selle kohta, miks me kasutame k\u00fcpsiseid ja millist teavet me teie kohta kogume.<\/p><h3>1.     K\u00fcpsiste m\u00e4\u00e4ratlused<\/h3><p style=\"font-weight: 400;\">K\u00fcpsis on v\u00e4ike t\u00e4htedest ja numbritest koosnev fail, mille me salvestame teie brauserisse v\u00f5i teie seadme k\u00f5vakettale, mis on nagu arvutim\u00e4lu.<\/p><p style=\"font-weight: 400;\"><strong><em>Esimesed ja kolmanda osapoole k\u00fcpsised<\/em><\/strong>: see, kas k\u00fcpsis on \"esimese\" v\u00f5i \"kolmanda\" osapoolega, viitab k\u00fcpsise paigutanud domeenile.<\/p><ol><li><em>Esimese osapoole k\u00fcpsised<\/em> on need, mille on seadnud veebileht, mida kasutaja parajasti k\u00fclastab (nt meie veebilehe domeeni poolt paigaldatud k\u00fcpsised).<\/li><li><em>Kolmanda osapoole k\u00fcpsised\u00a0<\/em>on k\u00fcpsised, mille on seadnud muu domeen kui selle veebisaidi domeen, mida kasutaja k\u00fclastab. Kui kasutaja k\u00fclastab veebisaiti ja m\u00f5ni teine \u00fcksus seab selle veebisaidi kaudu k\u00fcpsise, on tegemist kolmanda osapoole k\u00fcpsisega.<\/li><\/ol><p style=\"font-weight: 400;\"><strong><em>P\u00fcsivad k\u00fcpsised<\/em><\/strong>: need k\u00fcpsised j\u00e4\u00e4vad kasutaja seadmesse k\u00fcpsises m\u00e4\u00e4ratud ajaks. Need aktiveeritakse iga kord, kui kasutaja k\u00fclastab veebilehte, mis on selle konkreetse k\u00fcpsise loonud.<\/p><p style=\"font-weight: 400;\"><strong><em>Seansik\u00fcpsised<\/em><\/strong>: need k\u00fcpsised v\u00f5imaldavad veebisaidi operaatoritel seostada kasutaja tegevusi brauseri seansi ajal. Brauseri seanss algab, kui kasutaja avab brauseriakna, ja l\u00f5peb, kui ta brauseriakna sulgeb. Seansik\u00fcpsised luuakse ajutiselt. P\u00e4rast brauseri sulgemist kustutatakse k\u00f5ik seansik\u00fcpsised.<\/p><h3>2.     Milliseid k\u00fcpsiseid me kasutame ja miks?<\/h3><p style=\"font-weight: 400;\">\u00dcldiselt kasutab veebileht k\u00fcpsiseid, et teid teistest veebilehe kasutajatest eristada. See aitab meil pakkuda teile veebilehe sirvimisel head kogemust ja v\u00f5imaldab meil seda parandada. K\u00fcpsised, mida me v\u00f5ime veebilehel kasutada, v\u00f5ib liigitada j\u00e4rgmistesse kategooriatesse:<\/p><ol><li><p>Oluline<\/p><\/li><li><p>Funktsionaalne<\/p><\/li><li><p>Turundus<\/p><\/li><\/ol><p style=\"font-weight: 400;\">M\u00f5ned k\u00fcpsised v\u00f5ivad t\u00e4ita rohkem kui \u00fchte neist eesm\u00e4rkidest.<\/p><p style=\"font-weight: 400;\"><strong><em>\"Olulised\"<\/em><\/strong> <strong><em>k\u00fcpsised<\/em><\/strong> v\u00f5imaldab teil veebilehel liikuda ja kasutada olulisi funktsioone, nagu turvalised alad. Ilma nende k\u00fcpsisteta ei saa me soovitud teenuseid pakkuda.<\/p><p style=\"font-weight: 400;\"><em>Me kasutame neid olulisi k\u00fcpsiseid selleks, et:<\/em><\/p><ul style=\"font-weight: 400;\"><li>tuvastada, et olete veebilehele sisse logitud, ja teid autentida.<\/li><li>Veenduge, et te \u00fchendate \u00f5iget teenust veebisaidil, kui me teeme muudatusi selle toimimisviisis.<\/li><li>Turvalisuse tagamiseks<\/li><li>Veenduge, et te \u00fchendate \u00f5iget teenust veebisaidil, kui me teeme muudatusi selle toimimisviisis.<\/li><\/ul><p style=\"font-weight: 400;\">Kui te keelate need k\u00fcpsised, ei saa me garanteerida, kuidas veebisait v\u00f5i selle turvalisus teie k\u00fclastuse ajal toimib.<\/p><p style=\"font-weight: 400;\"><strong><em>\"Funktsionaalsed\" k\u00fcpsised<\/em><\/strong> koguda teavet selle kohta, kuidas te veebilehte kasutate, nt milliseid lehek\u00fclgi te k\u00fclastate ja kas teil esineb vigu. Need k\u00fcpsised ei kogu mingit teavet, mis v\u00f5imaldaks teid tuvastada, ja neid kasutatakse ainult selleks, et aidata meil parandada veebisaidi toimimist, m\u00f5ista meie kasutajate huvisid ja m\u00f5\u00f5ta meie reklaami t\u00f5husust. Funktsionaalseid k\u00fcpsiseid kasutatakse ka teenuste osutamiseks v\u00f5i seadete meelespidamiseks, et parandada teie k\u00fclastust.<\/p><p style=\"font-weight: 400;\"><em>Me kasutame funktsionaalseid k\u00fcpsiseid, et:<\/em><\/p><ul style=\"font-weight: 400;\"><li>Viige l\u00e4bi veebianal\u00fc\u00fctika: Anda statistikat selle kohta, kuidas veebilehte kasutatakse<\/li><li>Tehke partnerite j\u00e4lgimist: Anda tagasisidet sidusettev\u00f5tetele, et \u00fcks meie k\u00fclastajatest k\u00fclastas ka nende veebilehte.<\/li><li>saada andmeid veebilehe kasutajate arvu kohta, kes on toodet v\u00f5i teenust vaadanud.<\/li><li>Aidake meil parandada veebilehte, m\u00f5\u00f5tes tekkivaid vigu<\/li><li>Testida erinevaid veebilehe kujundusi<\/li><li>Pidage meeles rakendatud seaded, nagu paigutus, teksti suurus, eelistused ja v\u00e4rvid.<\/li><li>Pea meeles, kui me oleme juba k\u00fcsinud, kas sa soovid t\u00e4ita k\u00fcsitluse<\/li><li>Pidage meeles, kui olete tegelenud konkreetse komponendi v\u00f5i loeteluga veebilehel, et see ei korduks<\/li><li>N\u00e4itab teile, kui olete veebilehele sisse logitud<\/li><li>Et pakkuda ja n\u00e4idata varjatud videosisu<\/li><\/ul><p style=\"font-weight: 400;\">M\u00f5ned meie tulemuslikkuse k\u00fcpsised on meie jaoks kolmandate osapoolte hallatavad.<\/p><p style=\"font-weight: 400;\"><strong><em>\"Turundus\" k\u00fcpsised<\/em><\/strong> kasutatakse selleks, et j\u00e4lgida teie k\u00fclastust veebisaidil, samuti teistel veebisaitidel, rakendustes ja v\u00f5rguteenustes, sealhulgas k\u00fclastatud lehek\u00fclgi ja j\u00e4rgitud linke, mis v\u00f5imaldab meil kuvada teile veebisaidil suunatud reklaame.<\/p><p style=\"font-weight: 400;\">Me v\u00f5ime kasutada<em>Turundus k\u00fcpsised:<\/em><\/p><ul style=\"font-weight: 400;\"><li>N\u00e4idata veebisaidil suunatud reklaame.<\/li><li>Selleks, et parandada personaliseeritud reklaami ja sisu edastamist ning m\u00f5\u00f5ta veebisaidi reklaamikampaaniate edukust.<\/li><\/ul><h3>3.     Millal vajame teie n\u00f5usolekut<\/h3><p style=\"font-weight: 400;\">K\u00f5ik k\u00fcpsised n\u00f5uavad teie n\u00f5usolekut.<\/p><p style=\"font-weight: 400;\">Enne nende paigutamist teie seadmesse k\u00fcsime teie n\u00f5usolekut. Oma n\u00f5usoleku saate anda, kl\u00f5psates teile kuvataval b\u00e4nneril vastavat nuppu. Kui te ei soovi n\u00f5usolekut anda v\u00f5i soovite oma n\u00f5usolekut k\u00fcpsiste suhtes igal ajal tagasi v\u00f5tta, peate k\u00fcpsised kustutama ja blokeerima v\u00f5i keelama need oma brauseri seadete kaudu; vt allpool lisateavet selle kohta, kuidas seda teha. Pange t\u00e4hele, et nende k\u00fcpsiste keelamine m\u00f5jutab veebilehe funktsionaalsust ja v\u00f5ib takistada teil juurdep\u00e4\u00e4su veebilehe teatud funktsioonidele.<\/p><h3>4.     Kuidas kustutada ja blokeerida meie k\u00fcpsiseid<\/h3><p style=\"font-weight: 400;\">Enamik veebibrausereid v\u00f5imaldab enamiku k\u00fcpsiste kontrollimist brauseri seadete kaudu. Kui te siiski kasutate oma brauseri seadeid, et blokeerida k\u00f5ik k\u00fcpsised (sealhulgas rangelt vajalikud k\u00fcpsised), ei pruugi teil olla v\u00f5imalik p\u00e4\u00e4seda veebilehele v\u00f5i selle osadele juurde. Kui te ei ole oma veebilehitseja seadistust nii muutnud, et see keeldub k\u00fcpsiste kasutamisest, v\u00e4ljastab meie s\u00fcsteem k\u00fcpsised kohe, kui k\u00fclastate veebilehte.<\/p><p style=\"font-weight: 400;\"><strong><em>K\u00fcpsiste seadete muutmine.\u00a0 <\/em><\/strong>Brauseri seaded k\u00fcpsiste seadete muutmiseks leiate tavaliselt oma internetibrauseri men\u00fc\u00fcst \"Valikud\" v\u00f5i \"Eelistused\". Nende seadete m\u00f5istmiseks v\u00f5ivad olla abiks j\u00e4rgmised lingid. Vastasel juhul peaksite \u00fcksikasjade saamiseks kasutama oma internetibrauseri valikut \"Abi\".<\/p><ul style=\"font-weight: 400;\"><li><a href=\"https:\/\/support.microsoft.com\/en-us\/help\/17442\/windows-internet-explorer-delete-manage-cookies\" target=\"_blank\" rel=\"noopener\">Internet Exploreri k\u00fcpsiste seaded<\/a><\/li><li><a href=\"https:\/\/support.mozilla.org\/en-US\/kb\/enable-and-disable-cookies-website-preferences\" target=\"_blank\" rel=\"noopener\">K\u00fcpsiste seaded Firefoxis<\/a><\/li><li><a href=\"https:\/\/support.google.com\/chrome\/answer\/95647?hl=en\" target=\"_blank\" rel=\"noopener\">K\u00fcpsiste seaded Chrome'is<\/a><\/li><li><a href=\"https:\/\/support.apple.com\/kb\/ph21411?locale=en_US\" target=\"_blank\" rel=\"noopener\">K\u00fcpsiste seaded Safaris<\/a><\/li><\/ul><p style=\"font-weight: 400;\"><strong><em>\u00a0<\/em><\/strong><\/p><p style=\"font-weight: 400;\"><strong><em>Lisateave. <\/em><\/strong>K\u00fcpsiste kohta lisateavet, sealhulgas selle kohta, kuidas n\u00e4ha, milliseid k\u00fcpsiseid on seatud ning kuidas neid hallata ja kustutada, leiate veebilehelt <a href=\"http:\/\/www.aboutcookies.org\/\" target=\"_blank\" rel=\"noopener\">www.aboutcookies.org<\/a>.<\/p><h3>5. K\u00fcpsiste nimekiri<\/h3>\t\t\t\t\t\t\t\t<\/div>\n\t\t\t\t<div class=\"elementor-element elementor-element-8e14483 elementor-widget elementor-widget-html\" data-id=\"8e14483\" data-element_type=\"widget\" data-e-type=\"widget\" data-widget_type=\"html.default\">\n\t\t\t\t\t<div class=\"uc-embed\" uc-embed-type=\"category\"><\/div>\t\t\t\t<\/div>\n\t\t\t\t\t<\/div>\n\t\t\t\t<\/div>\n\t\t<div class=\"elementor-element elementor-element-d374f9d e-flex e-con-boxed e-con e-parent\" data-id=\"d374f9d\" data-element_type=\"container\" data-e-type=\"container\">\n\t\t\t\t\t<div class=\"e-con-inner\">\n\t\t\t\t<div class=\"elementor-element elementor-element-076e4a6 elementor-widget elementor-widget-text-editor\" data-id=\"076e4a6\" data-element_type=\"widget\" data-e-type=\"widget\" data-widget_type=\"text-editor.default\">\n\t\t\t\t\t\t\t\t\t<h3>6. V\u00f5tke meiega \u00fchendust<\/h3><p style=\"font-weight: 400;\">K\u00fcsimuste korral v\u00f5tke meiega julgelt \u00fchendust aadressil: dpo (at) mosaic.ee.<\/p>\t\t\t\t\t\t\t\t<\/div>\n\t\t\t\t\t<\/div>\n\t\t\t\t<\/div>\n\t\t\t\t<\/div>","protected":false},"excerpt":{"rendered":"<p>COOKIE POLICY Last updated: 04.12.2023 At https:\/\/www.mosaic.ee (&#8220;We&#8220;, &#8220;us&#8220;, &#8220;our&#8220;), we strive to honour the privacy and security of any data we collect from visitors using our website, whilst we act as a personal data Controller under relevant data protection rules and regulations. Our website uses cookies, in combination with pixels, local storage objects, and [&hellip;]<\/p>\n","protected":false},"author":1,"featured_media":0,"parent":0,"menu_order":0,"comment_status":"closed","ping_status":"closed","template":"","meta":{"content-type":"","footnotes":""},"class_list":["post-2535","page","type-page","status-publish","hentry"],"_links":{"self":[{"href":"https:\/\/mosaic.ee\/et\/wp-json\/wp\/v2\/pages\/2535","targetHints":{"allow":["GET"]}}],"collection":[{"href":"https:\/\/mosaic.ee\/et\/wp-json\/wp\/v2\/pages"}],"about":[{"href":"https:\/\/mosaic.ee\/et\/wp-json\/wp\/v2\/types\/page"}],"author":[{"embeddable":true,"href":"https:\/\/mosaic.ee\/et\/wp-json\/wp\/v2\/users\/1"}],"replies":[{"embeddable":true,"href":"https:\/\/mosaic.ee\/et\/wp-json\/wp\/v2\/comments?post=2535"}],"version-history":[{"count":34,"href":"https:\/\/mosaic.ee\/et\/wp-json\/wp\/v2\/pages\/2535\/revisions"}],"predecessor-version":[{"id":4143,"href":"https:\/\/mosaic.ee\/et\/wp-json\/wp\/v2\/pages\/2535\/revisions\/4143"}],"wp:attachment":[{"href":"https:\/\/mosaic.ee\/et\/wp-json\/wp\/v2\/media?parent=2535"}],"curies":[{"name":"wp","href":"https:\/\/api.w.org\/{rel}","templated":true}]}}