{"id":2518,"date":"2023-11-22T15:05:28","date_gmt":"2023-11-22T13:05:28","guid":{"rendered":"https:\/\/mosaic.ee\/?page_id=2518"},"modified":"2024-03-27T14:27:29","modified_gmt":"2024-03-27T12:27:29","slug":"cyberark","status":"publish","type":"page","link":"https:\/\/mosaic.ee\/et\/cyberark\/","title":{"rendered":"CyberArk"},"content":{"rendered":"<div data-elementor-type=\"wp-page\" data-elementor-id=\"2518\" class=\"elementor elementor-2518\" data-elementor-post-type=\"page\">\n\t\t\t\t\t\t<section class=\"elementor-section elementor-top-section elementor-element elementor-element-215ada12 elementor-section-boxed elementor-section-height-default elementor-section-height-default\" data-id=\"215ada12\" data-element_type=\"section\" data-e-type=\"section\">\n\t\t\t\t\t\t<div class=\"elementor-container elementor-column-gap-default\">\n\t\t\t\t\t<div class=\"elementor-column elementor-col-100 elementor-top-column elementor-element elementor-element-11781091\" data-id=\"11781091\" data-element_type=\"column\" data-e-type=\"column\">\n\t\t\t<div class=\"elementor-widget-wrap elementor-element-populated\">\n\t\t\t\t\t\t<div class=\"elementor-element elementor-element-2fdac8a3 elementor-widget elementor-widget-heading\" data-id=\"2fdac8a3\" data-element_type=\"widget\" data-e-type=\"widget\" data-widget_type=\"heading.default\">\n\t\t\t\t\t<h2 class=\"elementor-heading-title elementor-size-xl\">T\u00f5hustage oma turvapositsiooni CyberArk tarkvaralahendustega Mosaicis<\/h2>\t\t\t\t<\/div>\n\t\t\t\t\t<\/div>\n\t\t<\/div>\n\t\t\t\t\t<\/div>\n\t\t<\/section>\n\t\t<div class=\"elementor-element elementor-element-6a0e0aa2 e-flex e-con-boxed e-con e-parent\" data-id=\"6a0e0aa2\" data-element_type=\"container\" data-e-type=\"container\">\n\t\t\t\t\t<div class=\"e-con-inner\">\n\t\t\t\t<div class=\"elementor-element elementor-element-1abf5f17 elementor-widget elementor-widget-image\" data-id=\"1abf5f17\" data-element_type=\"widget\" data-e-type=\"widget\" data-widget_type=\"image.default\">\n\t\t\t\t\t\t\t\t\t\t\t\t\t\t\t<img fetchpriority=\"high\" decoding=\"async\" width=\"768\" height=\"474\" src=\"https:\/\/mosaic.ee\/wp-content\/uploads\/2023\/11\/vectorstock_21827949_transparent-768x474.png\" class=\"attachment-medium_large size-medium_large wp-image-2521\" alt=\"Inimene t\u00f6\u00f6tab CyberArk tarkvara abil kaitstud arvutiga\" srcset=\"https:\/\/mosaic.ee\/wp-content\/uploads\/2023\/11\/vectorstock_21827949_transparent-768x474.png 768w, https:\/\/mosaic.ee\/wp-content\/uploads\/2023\/11\/vectorstock_21827949_transparent-300x185.png 300w, https:\/\/mosaic.ee\/wp-content\/uploads\/2023\/11\/vectorstock_21827949_transparent-1024x632.png 1024w, https:\/\/mosaic.ee\/wp-content\/uploads\/2023\/11\/vectorstock_21827949_transparent-1536x947.png 1536w, https:\/\/mosaic.ee\/wp-content\/uploads\/2023\/11\/vectorstock_21827949_transparent-2048x1263.png 2048w, https:\/\/mosaic.ee\/wp-content\/uploads\/2023\/11\/vectorstock_21827949_transparent-18x12.png 18w\" sizes=\"(max-width: 768px) 100vw, 768px\" \/>\t\t\t\t\t\t\t\t\t\t\t\t\t\t\t<\/div>\n\t\t\t\t\t<\/div>\n\t\t\t\t<\/div>\n\t\t<div class=\"elementor-element elementor-element-539bee2d e-flex e-con-boxed e-con e-parent\" data-id=\"539bee2d\" data-element_type=\"container\" data-e-type=\"container\">\n\t\t\t\t\t<div class=\"e-con-inner\">\n\t\t\t\t<div class=\"elementor-element elementor-element-2e071eac elementor-widget elementor-widget-heading\" data-id=\"2e071eac\" data-element_type=\"widget\" data-e-type=\"widget\" data-widget_type=\"heading.default\">\n\t\t\t\t\t<h2 class=\"elementor-heading-title elementor-size-large\">Miks CyberArk tarkvara?<\/h2>\t\t\t\t<\/div>\n\t\t\t\t\t<\/div>\n\t\t\t\t<\/div>\n\t\t<div class=\"elementor-element elementor-element-580f98eb e-flex e-con-boxed e-con e-parent\" data-id=\"580f98eb\" data-element_type=\"container\" data-e-type=\"container\">\n\t\t\t\t\t<div class=\"e-con-inner\">\n\t\t\t\t<div class=\"elementor-element elementor-element-469984d9 elementor-widget elementor-widget-text-editor\" data-id=\"469984d9\" data-element_type=\"widget\" data-e-type=\"widget\" data-widget_type=\"text-editor.default\">\n\t\t\t\t\t\t\t\t\t<p><a href=\"https:\/\/www.cyberark.com\" target=\"_blank\" rel=\"noopener\"><strong>CyberArk<\/strong><\/a> on privilegeeritud juurdep\u00e4\u00e4su haldamise ja identiteediturvalisuse lahenduste liider. CyberArkiga saate tugevdada oma organisatsiooni kaitset k\u00fcberohtude vastu, olenemata sellest, kas tegutsete v\u00e4ikeettev\u00f5ttel v\u00f5i suurettev\u00f5ttel.<\/p><p>CyberArk'i tarkvarapakkumised h\u00f5lmavad t\u00e4iustatud lahendusi privilegeeritud juurdep\u00e4\u00e4su turvalisuse, identiteedihalduse ja ohu tuvastamise jaoks, mis muudab selle oluliseks vahendiks organisatsioonidele, kes seavad j\u00f5ulise k\u00fcberturvalisuse prioriteediks. CyberArkiga saate kaitsta tundlikke andmeid, hallata privilegeeritud kontosid ning v\u00e4hendada identiteedi ja juurdep\u00e4\u00e4suga seotud riske.<\/p><p>Siin on kolm peamist CyberArk'i tarkvaralahenduste eelist:<\/p><ol type=\"1\"><li value=\"1\">Usaldusv\u00e4\u00e4rne privilegeeritud juurdep\u00e4\u00e4su turvalisus: CyberArk'i tarkvaralahendused pakuvad igak\u00fclgset kaitset privilegeeritud kontodele, mis on \u00fcks k\u00fcberr\u00fcnnakute enim sihtm\u00e4rgiks olevatest varadest. CyberArk aitab selliste funktsioonidega nagu seansside isoleerimine ja volituste kaitse kaitsta kriitilisi varasid ja v\u00e4hendada r\u00fcnnakute ulatust.<\/li><li>\u00dchtlustatud identiteedihaldus: CyberArk pakub t\u00f5husaid identiteedihalduslahendusi, mis v\u00f5imaldavad organisatsioonidel h\u00f5lpsasti hallata kasutajate identiteete ja juurdep\u00e4\u00e4su. See tagab turvalise ja n\u00f5uetele vastava juurdep\u00e4\u00e4su s\u00fcsteemidele ja rakendustele, parandades \u00fcldist turvataset.<\/li><li>T\u00e4iustatud ohu tuvastamine ja reageerimine: CyberArk'i tarkvaralahendused on varustatud ohu tuvastamise v\u00f5imekusega, mis v\u00f5imaldab organisatsioonidel kiiresti tuvastada v\u00f5imalikke turvaohte ja neile reageerida. T\u00e4nu ennetavale j\u00e4lgimisele ja automaatsetele reageerimismehhanismidele aitab CyberArk s\u00e4ilitada pidevat turvalisuse valvsust.<\/li><\/ol><div>\u00a0<\/div><div>Gartner on tunnustanud CyberArk'i kui Leader'i. <a href=\"https:\/\/lp.cyberark.com\/gartner-mq-pam-2023.html\" target=\"_blank\" rel=\"noopener\"><span style=\"color: #3366ff;\">2023 Gartner<sup>\u00ae\u00a0<\/sup>Magic Quadrant<sup>TM<\/sup> privilegeeritud juurdep\u00e4\u00e4su haldamine<\/span>.<\/a><\/div><div>\u00a0<\/div>\t\t\t\t\t\t\t\t<\/div>\n\t\t\t\t\t<\/div>\n\t\t\t\t<\/div>\n\t\t\t\t<section class=\"elementor-section elementor-top-section elementor-element elementor-element-29b881c6 elementor-section-boxed elementor-section-height-default elementor-section-height-default\" data-id=\"29b881c6\" data-element_type=\"section\" data-e-type=\"section\">\n\t\t\t\t\t\t<div class=\"elementor-container elementor-column-gap-default\">\n\t\t\t\t\t<div class=\"elementor-column elementor-col-50 elementor-top-column elementor-element elementor-element-78eed8dd\" data-id=\"78eed8dd\" data-element_type=\"column\" data-e-type=\"column\">\n\t\t\t<div class=\"elementor-widget-wrap\">\n\t\t\t\t\t\t\t<\/div>\n\t\t<\/div>\n\t\t\t\t<div class=\"elementor-column elementor-col-50 elementor-top-column elementor-element elementor-element-49e351b2\" data-id=\"49e351b2\" data-element_type=\"column\" data-e-type=\"column\">\n\t\t\t<div class=\"elementor-widget-wrap elementor-element-populated\">\n\t\t\t\t\t\t<div class=\"elementor-element elementor-element-d55052a elementor-widget elementor-widget-image\" data-id=\"d55052a\" data-element_type=\"widget\" data-e-type=\"widget\" data-widget_type=\"image.default\">\n\t\t\t\t\t\t\t\t\t\t\t\t\t\t\t\t<a href=\"https:\/\/www.cyberark.com\" target=\"_blank\" rel=\"noopener\">\n\t\t\t\t\t\t\t<img decoding=\"async\" width=\"800\" height=\"130\" src=\"https:\/\/mosaic.ee\/wp-content\/uploads\/2023\/11\/Gradient_Horizontal-1024x167.png\" class=\"attachment-large size-large wp-image-2504\" alt=\"CyberArk logo\" srcset=\"https:\/\/mosaic.ee\/wp-content\/uploads\/2023\/11\/Gradient_Horizontal-1024x167.png 1024w, https:\/\/mosaic.ee\/wp-content\/uploads\/2023\/11\/Gradient_Horizontal-300x49.png 300w, https:\/\/mosaic.ee\/wp-content\/uploads\/2023\/11\/Gradient_Horizontal-768x125.png 768w, https:\/\/mosaic.ee\/wp-content\/uploads\/2023\/11\/Gradient_Horizontal-18x3.png 18w, https:\/\/mosaic.ee\/wp-content\/uploads\/2023\/11\/Gradient_Horizontal.png 1232w\" sizes=\"(max-width: 800px) 100vw, 800px\" \/>\t\t\t\t\t\t\t\t<\/a>\n\t\t\t\t\t\t\t\t\t\t\t\t\t\t\t<\/div>\n\t\t\t\t\t<\/div>\n\t\t<\/div>\n\t\t\t\t\t<\/div>\n\t\t<\/section>\n\t\t<div class=\"elementor-element elementor-element-66d02f64 e-flex e-con-boxed e-con e-parent\" data-id=\"66d02f64\" data-element_type=\"container\" data-e-type=\"container\" data-settings=\"{&quot;background_background&quot;:&quot;classic&quot;}\">\n\t\t\t\t\t<div class=\"e-con-inner\">\n\t\t\t\t<div class=\"elementor-element elementor-element-7a7f51d3 elementor-view-default elementor-position-block-start elementor-mobile-position-block-start elementor-widget elementor-widget-icon-box\" data-id=\"7a7f51d3\" data-element_type=\"widget\" data-e-type=\"widget\" data-widget_type=\"icon-box.default\">\n\t\t\t\t\t\t\t<div class=\"elementor-icon-box-wrapper\">\n\n\t\t\t\t\t\t<div class=\"elementor-icon-box-icon\">\n\t\t\t\t<span  class=\"elementor-icon\">\n\t\t\t\t<svg xmlns=\"http:\/\/www.w3.org\/2000\/svg\" viewbox=\"0 0 114 79\"><path d=\"M55.868 79 88.427.735h25.159L92.126 79H55.869ZM0 78.265 32.559 0h25.159l-21.46 78.265H0Z\"><\/path><\/svg>\t\t\t\t<\/span>\n\t\t\t<\/div>\n\t\t\t\n\t\t\t\t\t\t<div class=\"elementor-icon-box-content\">\n\n\t\t\t\t\t\t\t\t\t<h3 class=\"elementor-icon-box-title\">\n\t\t\t\t\t\t<span  >\n\t\t\t\t\t\t\t\"CyberArk pakub tugevat kaitset kiiresti areneval k\u00fcberohtude maastikul, kaitstes teie k\u00f5ige prioriteetsemaid varasid ja kindlustades teie organisatsiooni tuleviku.\"\t\t\t\t\t\t<\/span>\n\t\t\t\t\t<\/h3>\n\t\t\t\t\n\t\t\t\t\n\t\t\t<\/div>\n\t\t\t\n\t\t<\/div>\n\t\t\t\t\t\t<\/div>\n\t\t\t\t\t<\/div>\n\t\t\t\t<\/div>\n\t\t<div class=\"elementor-element elementor-element-594993cb e-flex e-con-boxed e-con e-parent\" data-id=\"594993cb\" data-element_type=\"container\" data-e-type=\"container\">\n\t\t\t\t\t<div class=\"e-con-inner\">\n\t\t\t\t<div class=\"elementor-element elementor-element-77052e4b elementor-widget elementor-widget-heading\" data-id=\"77052e4b\" data-element_type=\"widget\" data-e-type=\"widget\" data-widget_type=\"heading.default\">\n\t\t\t\t\t<h2 class=\"elementor-heading-title elementor-size-large\">Miks osta CyberArk Mosaicilt?<\/h2>\t\t\t\t<\/div>\n\t\t\t\t\t<\/div>\n\t\t\t\t<\/div>\n\t\t<div class=\"elementor-element elementor-element-6d4facf0 e-flex e-con-boxed e-con e-parent\" data-id=\"6d4facf0\" data-element_type=\"container\" data-e-type=\"container\">\n\t\t\t\t\t<div class=\"e-con-inner\">\n\t\t\t\t<div class=\"elementor-element elementor-element-770fddcf elementor-widget elementor-widget-text-editor\" data-id=\"770fddcf\" data-element_type=\"widget\" data-e-type=\"widget\" data-widget_type=\"text-editor.default\">\n\t\t\t\t\t\t\t\t\t<p>Mosaic on CyberArk'i usaldusv\u00e4\u00e4rne partner ja CyberArk'i tarkvaralahenduste volitatud edasim\u00fc\u00fcja. Meie ekspertide meeskond saab teid juhendada CyberArk'i vahendite valimisel teie k\u00fcberturvalisuse vajaduste jaoks, tagades, et saate oma organisatsiooni jaoks k\u00f5ige t\u00f5husama kaitse.<\/p><p>Meie p\u00f5hjalik arusaamine k\u00fcberturvalisuse probleemidest v\u00f5imaldab meil pakkuda lahendusi, mis on kohandatud teie konkreetsetele vajadustele. Oleme uhked kiire hinnapakkumiste koostamise ja tarnimise teenuse \u00fcle, mis tagab, et saate oma turvapositsiooni viivitamatult parandada.<\/p><p>Oleme p\u00fchendunud sellele, et pakkuda oma klientidele parimat v\u00e4\u00e4rtust. Autoriseeritud CyberArk edasim\u00fc\u00fcjana pakume konkurentsiv\u00f5imelisi hindu k\u00f5igile CyberArk toodetele. V\u00f5tke meiega juba t\u00e4na \u00fchendust, et saada rohkem teavet meie CyberArk tarkvaralahenduste kohta ja selle kohta, kuidas me saame aidata teil tugevdada oma kaitset arenevate k\u00fcberohtude vastu.<\/p>\t\t\t\t\t\t\t\t<\/div>\n\t\t\t\t\t<\/div>\n\t\t\t\t<\/div>\n\t\t\t\t<section class=\"elementor-section elementor-top-section elementor-element elementor-element-4b1b299a elementor-section-boxed elementor-section-height-default elementor-section-height-default\" data-id=\"4b1b299a\" data-element_type=\"section\" data-e-type=\"section\">\n\t\t\t\t\t\t<div class=\"elementor-container elementor-column-gap-default\">\n\t\t\t\t\t<div class=\"elementor-column elementor-col-50 elementor-top-column elementor-element elementor-element-77eabb0c\" data-id=\"77eabb0c\" data-element_type=\"column\" data-e-type=\"column\">\n\t\t\t<div class=\"elementor-widget-wrap\">\n\t\t\t\t\t\t\t<\/div>\n\t\t<\/div>\n\t\t\t\t<div class=\"elementor-column elementor-col-50 elementor-top-column elementor-element elementor-element-3a5afd21\" data-id=\"3a5afd21\" data-element_type=\"column\" data-e-type=\"column\">\n\t\t\t<div class=\"elementor-widget-wrap elementor-element-populated\">\n\t\t\t\t\t\t<div class=\"elementor-element elementor-element-b6e3472 elementor-widget elementor-widget-image\" data-id=\"b6e3472\" data-element_type=\"widget\" data-e-type=\"widget\" data-widget_type=\"image.default\">\n\t\t\t\t\t\t\t\t\t\t\t\t\t\t\t\t<a href=\"https:\/\/www.cyberark.com\" target=\"_blank\" rel=\"noopener\">\n\t\t\t\t\t\t\t<img decoding=\"async\" width=\"702\" height=\"449\" src=\"https:\/\/mosaic.ee\/wp-content\/uploads\/2023\/11\/Gradient_Vertical.png\" class=\"attachment-large size-large wp-image-2505\" alt=\"CyberArk logo\" srcset=\"https:\/\/mosaic.ee\/wp-content\/uploads\/2023\/11\/Gradient_Vertical.png 702w, https:\/\/mosaic.ee\/wp-content\/uploads\/2023\/11\/Gradient_Vertical-300x192.png 300w, https:\/\/mosaic.ee\/wp-content\/uploads\/2023\/11\/Gradient_Vertical-18x12.png 18w\" sizes=\"(max-width: 702px) 100vw, 702px\" \/>\t\t\t\t\t\t\t\t<\/a>\n\t\t\t\t\t\t\t\t\t\t\t\t\t\t\t<\/div>\n\t\t\t\t\t<\/div>\n\t\t<\/div>\n\t\t\t\t\t<\/div>\n\t\t<\/section>\n\t\t<div class=\"elementor-element elementor-element-536ea556 e-flex e-con-boxed e-con e-parent\" data-id=\"536ea556\" data-element_type=\"container\" data-e-type=\"container\">\n\t\t\t\t\t<div class=\"e-con-inner\">\n\t\t\t\t<div class=\"elementor-element elementor-element-40d40ec9 elementor-widget elementor-widget-heading\" data-id=\"40d40ec9\" data-element_type=\"widget\" data-e-type=\"widget\" data-widget_type=\"heading.default\">\n\t\t\t\t\t<h2 class=\"elementor-heading-title elementor-size-xl\">CyberArk tooted<\/h2>\t\t\t\t<\/div>\n\t\t\t\t\t<\/div>\n\t\t\t\t<\/div>\n\t\t<div class=\"elementor-element elementor-element-37c345ec e-flex e-con-boxed e-con e-parent\" data-id=\"37c345ec\" data-element_type=\"container\" data-e-type=\"container\">\n\t\t\t\t\t<div class=\"e-con-inner\">\n\t\t\t\t<div class=\"elementor-element elementor-element-475a34b7 elementor-widget__width-initial elementor-widget elementor-widget-image\" data-id=\"475a34b7\" data-element_type=\"widget\" data-e-type=\"widget\" data-widget_type=\"image.default\">\n\t\t\t\t\t\t\t\t\t\t\t\t\t\t\t<img loading=\"lazy\" decoding=\"async\" width=\"768\" height=\"739\" src=\"https:\/\/mosaic.ee\/wp-content\/uploads\/2023\/10\/vectorstock_45813839_transparent-768x739.png\" class=\"attachment-medium_large size-medium_large wp-image-2057\" alt=\"arvutiga t\u00f6\u00f6tav isik\" srcset=\"https:\/\/mosaic.ee\/wp-content\/uploads\/2023\/10\/vectorstock_45813839_transparent-768x739.png 768w, https:\/\/mosaic.ee\/wp-content\/uploads\/2023\/10\/vectorstock_45813839_transparent-300x289.png 300w, https:\/\/mosaic.ee\/wp-content\/uploads\/2023\/10\/vectorstock_45813839_transparent-1024x986.png 1024w, https:\/\/mosaic.ee\/wp-content\/uploads\/2023\/10\/vectorstock_45813839_transparent-1536x1479.png 1536w, https:\/\/mosaic.ee\/wp-content\/uploads\/2023\/10\/vectorstock_45813839_transparent-2048x1971.png 2048w, https:\/\/mosaic.ee\/wp-content\/uploads\/2023\/10\/vectorstock_45813839_transparent-12x12.png 12w\" sizes=\"(max-width: 768px) 100vw, 768px\" \/>\t\t\t\t\t\t\t\t\t\t\t\t\t\t\t<\/div>\n\t\t\t\t\t<\/div>\n\t\t\t\t<\/div>\n\t\t<div class=\"elementor-element elementor-element-3fac72c6 e-flex e-con-boxed e-con e-parent\" data-id=\"3fac72c6\" data-element_type=\"container\" data-e-type=\"container\">\n\t\t\t\t\t<div class=\"e-con-inner\">\n\t\t\t\t<div class=\"elementor-element elementor-element-5bf83246 elementor-widget elementor-widget-heading\" data-id=\"5bf83246\" data-element_type=\"widget\" data-e-type=\"widget\" data-widget_type=\"heading.default\">\n\t\t\t\t\t<h2 class=\"elementor-heading-title elementor-size-xl\">CyberArk Uudised<\/h2>\t\t\t\t<\/div>\n\t\t\t\t\t<\/div>\n\t\t\t\t<\/div>\n\t\t<div class=\"elementor-element elementor-element-62895640 e-flex e-con-boxed e-con e-parent\" data-id=\"62895640\" data-element_type=\"container\" data-e-type=\"container\">\n\t\t\t\t\t<div class=\"e-con-inner\">\n\t\t\t\t<div class=\"elementor-element elementor-element-2612e662 elementor-widget__width-initial elementor-widget elementor-widget-image\" data-id=\"2612e662\" data-element_type=\"widget\" data-e-type=\"widget\" data-widget_type=\"image.default\">\n\t\t\t\t\t\t\t\t\t\t\t\t\t\t\t<img loading=\"lazy\" decoding=\"async\" width=\"768\" height=\"999\" src=\"https:\/\/mosaic.ee\/wp-content\/uploads\/2023\/10\/vectorstock_27945786_transparent-768x999.png\" class=\"attachment-medium_large size-medium_large wp-image-2068\" alt=\"isik, kes loeb uudiseid telefonist\" srcset=\"https:\/\/mosaic.ee\/wp-content\/uploads\/2023\/10\/vectorstock_27945786_transparent-768x999.png 768w, https:\/\/mosaic.ee\/wp-content\/uploads\/2023\/10\/vectorstock_27945786_transparent-231x300.png 231w, https:\/\/mosaic.ee\/wp-content\/uploads\/2023\/10\/vectorstock_27945786_transparent-787x1024.png 787w, https:\/\/mosaic.ee\/wp-content\/uploads\/2023\/10\/vectorstock_27945786_transparent-1180x1536.png 1180w, https:\/\/mosaic.ee\/wp-content\/uploads\/2023\/10\/vectorstock_27945786_transparent-1574x2048.png 1574w, https:\/\/mosaic.ee\/wp-content\/uploads\/2023\/10\/vectorstock_27945786_transparent-9x12.png 9w\" sizes=\"(max-width: 768px) 100vw, 768px\" \/>\t\t\t\t\t\t\t\t\t\t\t\t\t\t\t<\/div>\n\t\t\t\t\t<\/div>\n\t\t\t\t<\/div>\n\t\t<div class=\"elementor-element elementor-element-c8dd346 e-flex e-con-boxed e-con e-parent\" data-id=\"c8dd346\" data-element_type=\"container\" data-e-type=\"container\">\n\t\t\t\t\t<div class=\"e-con-inner\">\n\t\t\t\t<div class=\"elementor-element elementor-element-4835b673 elementor-widget elementor-widget-wp-widget-rss\" data-id=\"4835b673\" data-element_type=\"widget\" data-e-type=\"widget\" data-widget_type=\"wp-widget-rss.default\">\n\t\t\t\t<div class=\"elementor-widget-container\">\n\t\t\t\t\t<h5><a class=\"rsswidget rss-widget-feed\" href=\"https:\/\/www.cyberark.com\/feed\/\" target=\"_blank\" rel=\"noopener\"><img loading=\"lazy\" decoding=\"async\" class=\"rss-widget-icon\" style=\"border:0\" width=\"14\" height=\"14\" src=\"https:\/\/mosaic.ee\/wp-includes\/images\/rss.png\" alt=\"RSS\" \/><\/a> <a class=\"rsswidget rss-widget-title\" href=\"https:\/\/www.cyberark.com\/\" target=\"_blank\" rel=\"noopener\">Viimased CyberArk uudised<\/a><\/h5><nav aria-label=\"Viimased CyberArk uudised\"><ul><li><a class=\"rsswidget\" href=\"https:\/\/www.cyberark.com\/blog\/identity-governance-gaps-how-ai-profiles-move-security-beyond-the-label\/\" target=\"_blank\" rel=\"noopener\">Identiteedi juhtimise l\u00fcngad: Kuidas AI-profiilid viivad turvalisuse kaugemale sildist<\/a> <span class=\"rss-date\">10\/03\/2026<\/span><div class=\"rssSummary\">Kui teie identiteedihaldusprogramm tundub nagu j\u00e4\u00e4nuk lihtsamatest aegadest, ei ole te \u00fcksi. Traditsiooniline identiteedi haldamine ja automatiseerimine (IGA) on loodud maailma jaoks, kus ametinimetused r\u00e4\u00e4kisid kogu lugu. A...<\/div> <cite>Brian Smits<\/cite><\/li><li><a class=\"rsswidget\" href=\"https:\/\/www.cyberark.com\/blog\/bridging-it-and-ot-identity-decisions-on-the-factory-floor\/\" target=\"_blank\" rel=\"noopener\">IT- ja OT-identiteedi otsuste \u00fchendamine tehases<\/a> <span class=\"rss-date\">06\/03\/2026<\/span><div class=\"rssSummary\">T\u00e4nap\u00e4eva arukates tehastes ei vaibu tootmine vahetuse ajal. Kulisside taga ei seisku kaasaegsed tootmiss\u00fcsteemid kunagi. Nad vahetavad pidevalt andmeid, kohandavad tarkvara ja protsesse reaalajas ning v\u00f5imaldavad m\u00fc\u00fcjatel \u00fchendada...<\/div> <cite>Fabrice Delouche<\/cite><\/li><li><a class=\"rsswidget\" href=\"https:\/\/www.cyberark.com\/blog\/rethinking-saas-access-security-after-login\/\" target=\"_blank\" rel=\"noopener\">SaaSi juurdep\u00e4\u00e4su turvalisuse \u00fcmberm\u00f5testamine p\u00e4rast sisselogimist<\/a> <span class=\"rss-date\">04\/03\/2026<\/span><div class=\"rssSummary\">Enamik organisatsioone on saanud v\u00e4ga h\u00e4sti hakkama v\u00e4lisukse kaitsmisega. Me investeerime palju \u00fchekordsesse sisselogimisse (SSO), kohustame mitmefaktorilist autentimist (MFA) ja paneme paika, kes, kust ja millistel tingimustel saab sisse logida.....<\/div> <cite>Brooke Markham<\/cite><\/li><li><a class=\"rsswidget\" href=\"https:\/\/www.cyberark.com\/blog\/why-identity-security-is-a-production-asset-in-manufacturing\/\" target=\"_blank\" rel=\"noopener\">Miks identiteedi turvalisus on tootmises tootmisvahend<\/a> <span class=\"rss-date\">26\/02\/2026<\/span><div class=\"rssSummary\">Kui tootmisliin peatub, hakkab kell tiksuma. Tootmiskeskkondades, kus ma olen t\u00f6\u00f6tanud, v\u00f5ib iga minut seisakut t\u00e4hendada tarnimiskohustuste t\u00e4itmata j\u00e4tmist ja tulu, mida te enam kunagi ei n\u00e4e. Kui kaua see seisak kestab...<\/div> <cite>Fabrice Delouche<\/cite><\/li><li><a class=\"rsswidget\" href=\"https:\/\/www.cyberark.com\/blog\/the-new-ai-access-problem-why-machine-identities-now-drive-trust-in-banking\/\" target=\"_blank\" rel=\"noopener\">Uus tehisintellekti juurdep\u00e4\u00e4suprobleem: miks masinatunnused n\u00fc\u00fcd panganduses usaldust tekitavad<\/a> <span class=\"rss-date\">24\/02\/2026<\/span><div class=\"rssSummary\">Minu kogemuste p\u00f5hjal, mis on saadud pankades t\u00f6\u00f6tades, v\u00f5ib identiteedi turvalisus olla nagu torustik: kui see t\u00f6\u00f6tab, ei taha keegi sellest r\u00e4\u00e4kida. Kui aga toimub vahejuhtum, audit v\u00f5i reguleeriv asutus - \u00e4kki tahavad k\u00f5ik aru saada...<\/div> <cite>Andy Parsons<\/cite><\/li><\/ul><\/nav>\t\t\t\t<\/div>\n\t\t\t\t<\/div>\n\t\t\t\t\t<\/div>\n\t\t\t\t<\/div>\n\t\t\t\t<\/div>","protected":false},"excerpt":{"rendered":"<p>Enhance Your Security Posture with CyberArk Software Solutions at Mosaic Why CyberArk Software? CyberArk is a leader in privileged access management and identity security solutions. With CyberArk, you can fortify your organization&#8217;s defenses against cyber threats, whether you operate in a small business environment or a large enterprise. CyberArk&#8217;s software offerings include advanced solutions for [&hellip;]<\/p>\n","protected":false},"author":1,"featured_media":0,"parent":0,"menu_order":0,"comment_status":"closed","ping_status":"closed","template":"","meta":{"content-type":"","footnotes":""},"class_list":["post-2518","page","type-page","status-publish","hentry"],"_links":{"self":[{"href":"https:\/\/mosaic.ee\/et\/wp-json\/wp\/v2\/pages\/2518","targetHints":{"allow":["GET"]}}],"collection":[{"href":"https:\/\/mosaic.ee\/et\/wp-json\/wp\/v2\/pages"}],"about":[{"href":"https:\/\/mosaic.ee\/et\/wp-json\/wp\/v2\/types\/page"}],"author":[{"embeddable":true,"href":"https:\/\/mosaic.ee\/et\/wp-json\/wp\/v2\/users\/1"}],"replies":[{"embeddable":true,"href":"https:\/\/mosaic.ee\/et\/wp-json\/wp\/v2\/comments?post=2518"}],"version-history":[{"count":16,"href":"https:\/\/mosaic.ee\/et\/wp-json\/wp\/v2\/pages\/2518\/revisions"}],"predecessor-version":[{"id":3478,"href":"https:\/\/mosaic.ee\/et\/wp-json\/wp\/v2\/pages\/2518\/revisions\/3478"}],"wp:attachment":[{"href":"https:\/\/mosaic.ee\/et\/wp-json\/wp\/v2\/media?parent=2518"}],"curies":[{"name":"wp","href":"https:\/\/api.w.org\/{rel}","templated":true}]}}