{"id":1932,"date":"2023-10-13T14:25:37","date_gmt":"2023-10-13T11:25:37","guid":{"rendered":"https:\/\/mosaic.ee\/?page_id=1932"},"modified":"2024-03-27T14:40:13","modified_gmt":"2024-03-27T12:40:13","slug":"codetwo","status":"publish","type":"page","link":"https:\/\/mosaic.ee\/et\/codetwo\/","title":{"rendered":"CodeTwo"},"content":{"rendered":"<div data-elementor-type=\"wp-page\" data-elementor-id=\"1932\" class=\"elementor elementor-1932\" data-elementor-post-type=\"page\">\n\t\t\t\t\t\t<section class=\"elementor-section elementor-top-section elementor-element elementor-element-33a1af1 elementor-section-boxed elementor-section-height-default elementor-section-height-default\" data-id=\"33a1af1\" data-element_type=\"section\" data-e-type=\"section\">\n\t\t\t\t\t\t<div class=\"elementor-container elementor-column-gap-default\">\n\t\t\t\t\t<div class=\"elementor-column elementor-col-100 elementor-top-column elementor-element elementor-element-73ba9e99\" data-id=\"73ba9e99\" data-element_type=\"column\" data-e-type=\"column\">\n\t\t\t<div class=\"elementor-widget-wrap elementor-element-populated\">\n\t\t\t\t\t\t<div class=\"elementor-element elementor-element-291a060b elementor-widget elementor-widget-heading\" data-id=\"291a060b\" data-element_type=\"widget\" data-e-type=\"widget\" data-widget_type=\"heading.default\">\n\t\t\t\t\t<h2 class=\"elementor-heading-title elementor-size-xl\">Optimeerige oma e-posti haldamist CodeTwo tarkvaralahendustega Mosaicis<\/h2>\t\t\t\t<\/div>\n\t\t\t\t\t<\/div>\n\t\t<\/div>\n\t\t\t\t\t<\/div>\n\t\t<\/section>\n\t\t<div class=\"elementor-element elementor-element-2ff8cc7f e-flex e-con-boxed e-con e-parent\" data-id=\"2ff8cc7f\" data-element_type=\"container\" data-e-type=\"container\">\n\t\t\t\t\t<div class=\"e-con-inner\">\n\t\t\t\t<div class=\"elementor-element elementor-element-1a3d3d1f elementor-widget elementor-widget-image\" data-id=\"1a3d3d1f\" data-element_type=\"widget\" data-e-type=\"widget\" data-widget_type=\"image.default\">\n\t\t\t\t\t\t\t\t\t\t\t\t\t\t\t<img fetchpriority=\"high\" decoding=\"async\" width=\"768\" height=\"451\" src=\"https:\/\/mosaic.ee\/wp-content\/uploads\/2023\/10\/vectorstock_41752264_transparent-768x451.png\" class=\"attachment-medium_large size-medium_large wp-image-1937\" alt=\"Emaili allkirjaga \u00fcmbrik - codeTwo emaili haldamine\" srcset=\"https:\/\/mosaic.ee\/wp-content\/uploads\/2023\/10\/vectorstock_41752264_transparent-768x451.png 768w, https:\/\/mosaic.ee\/wp-content\/uploads\/2023\/10\/vectorstock_41752264_transparent-300x176.png 300w, https:\/\/mosaic.ee\/wp-content\/uploads\/2023\/10\/vectorstock_41752264_transparent-1024x601.png 1024w, https:\/\/mosaic.ee\/wp-content\/uploads\/2023\/10\/vectorstock_41752264_transparent-1536x901.png 1536w, https:\/\/mosaic.ee\/wp-content\/uploads\/2023\/10\/vectorstock_41752264_transparent-2048x1202.png 2048w, https:\/\/mosaic.ee\/wp-content\/uploads\/2023\/10\/vectorstock_41752264_transparent-18x12.png 18w\" sizes=\"(max-width: 768px) 100vw, 768px\" \/>\t\t\t\t\t\t\t\t\t\t\t\t\t\t\t<\/div>\n\t\t\t\t\t<\/div>\n\t\t\t\t<\/div>\n\t\t<div class=\"elementor-element elementor-element-175e64af e-flex e-con-boxed e-con e-parent\" data-id=\"175e64af\" data-element_type=\"container\" data-e-type=\"container\">\n\t\t\t\t\t<div class=\"e-con-inner\">\n\t\t\t\t<div class=\"elementor-element elementor-element-512ca5a3 elementor-widget elementor-widget-heading\" data-id=\"512ca5a3\" data-element_type=\"widget\" data-e-type=\"widget\" data-widget_type=\"heading.default\">\n\t\t\t\t\t<h2 class=\"elementor-heading-title elementor-size-large\">Miks CodeTwo Software?<\/h2>\t\t\t\t<\/div>\n\t\t\t\t\t<\/div>\n\t\t\t\t<\/div>\n\t\t<div class=\"elementor-element elementor-element-feb2598 e-flex e-con-boxed e-con e-parent\" data-id=\"feb2598\" data-element_type=\"container\" data-e-type=\"container\">\n\t\t\t\t\t<div class=\"e-con-inner\">\n\t\t\t\t<div class=\"elementor-element elementor-element-14967a25 elementor-widget elementor-widget-text-editor\" data-id=\"14967a25\" data-element_type=\"widget\" data-e-type=\"widget\" data-widget_type=\"text-editor.default\">\n\t\t\t\t\t\t\t\t\t<p><a href=\"https:\/\/www.codetwo.com\" target=\"_blank\" rel=\"noopener\">CodeTwo<\/a> on tipptasemel e-posti allkirjastamise, migratsiooni ja varundustarkvaralahenduste pakkuja Microsoft 365 ja Exchange jaoks. CodeTwo abil saate t\u00e4iustada oma e-posti haldamist, olgu tegemist siis suur- v\u00f5i v\u00e4ikeettev\u00f5ttega.<\/p><p>CodeTwo tarkvarapakkumised h\u00f5lmavad tsentraliseeritud e-posti allkirjade haldamist, sujuvat andmete migratsiooni ja turvalisi varunduslahendusi, muutes selle oluliseks vahendiks organisatsioonidele, kes seavad prioriteediks t\u00f5husa e-posti suhtluse ja andmete turvalisuse. CodeTwo abil saate tagada e-posti allkirjade j\u00e4rjepideva br\u00e4ndi, lihtsustada migratsiooni ja kaitsta oma andmeid.<\/p><p>Siin on kolm peamist CodeTwo tarkvaralahenduste eelist:<\/p><ol type=\"1\"><li value=\"1\">Tsentraliseeritud e-posti allkirjade haldamine: CodeTwo tarkvaralahendused v\u00f5imaldavad organisatsioonidel hallata ja kasutada e-posti allkirju tsentraalselt. See tagab \u00fchtse br\u00e4ndi ja vastavuse kogu e-kirjavahetuses, s\u00f5ltumata kasutatavast seadmest v\u00f5i e-posti kliendist.<\/li><li>Andmete sujuv migratsioon: CodeTwo pakub vahendeid, mis lihtsustavad andmete migreerimist Microsoft 365, Exchange'i ja teiste platvormide vahel. See tagab sujuva \u00fclemineku minimaalsete h\u00e4iretega \u00e4ritegevuses.<\/li><li>Turvalised varunduslahendused: CodeTwo tarkvaralahendused on varustatud tugevate varundusfunktsioonidega, mis tagavad, et teie organisatsiooni andmed on turvalised ja taastatavad. Automatiseeritud varundamisprotsesside ja lihtsate taastamisv\u00f5imaluste abil saate kaitsta andmete kadumise eest ja saavutada meelerahu.<\/li><\/ol>\t\t\t\t\t\t\t\t<\/div>\n\t\t\t\t\t<\/div>\n\t\t\t\t<\/div>\n\t\t\t\t<section class=\"elementor-section elementor-top-section elementor-element elementor-element-1061685d elementor-section-boxed elementor-section-height-default elementor-section-height-default\" data-id=\"1061685d\" data-element_type=\"section\" data-e-type=\"section\">\n\t\t\t\t\t\t<div class=\"elementor-container elementor-column-gap-default\">\n\t\t\t\t\t<div class=\"elementor-column elementor-col-50 elementor-top-column elementor-element elementor-element-626a7a9a\" data-id=\"626a7a9a\" data-element_type=\"column\" data-e-type=\"column\">\n\t\t\t<div class=\"elementor-widget-wrap\">\n\t\t\t\t\t\t\t<\/div>\n\t\t<\/div>\n\t\t\t\t<div class=\"elementor-column elementor-col-50 elementor-top-column elementor-element elementor-element-16bae51e\" data-id=\"16bae51e\" data-element_type=\"column\" data-e-type=\"column\">\n\t\t\t<div class=\"elementor-widget-wrap elementor-element-populated\">\n\t\t\t\t\t\t<div class=\"elementor-element elementor-element-62fca5b5 elementor-widget elementor-widget-image\" data-id=\"62fca5b5\" data-element_type=\"widget\" data-e-type=\"widget\" data-widget_type=\"image.default\">\n\t\t\t\t\t\t\t\t\t\t\t\t\t\t\t\t<a href=\"https:\/\/www.codetwo.com\" target=\"_blank\" rel=\"noopener\">\n\t\t\t\t\t\t\t<img decoding=\"async\" width=\"300\" height=\"133\" src=\"https:\/\/mosaic.ee\/wp-content\/uploads\/2023\/10\/codetwo-logo-625x277-1-300x133.png\" class=\"attachment-medium size-medium wp-image-1936\" alt=\"CodeTwo logo\" srcset=\"https:\/\/mosaic.ee\/wp-content\/uploads\/2023\/10\/codetwo-logo-625x277-1-300x133.png 300w, https:\/\/mosaic.ee\/wp-content\/uploads\/2023\/10\/codetwo-logo-625x277-1-18x8.png 18w, https:\/\/mosaic.ee\/wp-content\/uploads\/2023\/10\/codetwo-logo-625x277-1.png 625w\" sizes=\"(max-width: 300px) 100vw, 300px\" \/>\t\t\t\t\t\t\t\t<\/a>\n\t\t\t\t\t\t\t\t\t\t\t\t\t\t\t<\/div>\n\t\t\t\t\t<\/div>\n\t\t<\/div>\n\t\t\t\t\t<\/div>\n\t\t<\/section>\n\t\t<div class=\"elementor-element elementor-element-4780e08b e-flex e-con-boxed e-con e-parent\" data-id=\"4780e08b\" data-element_type=\"container\" data-e-type=\"container\">\n\t\t\t\t\t<div class=\"e-con-inner\">\n\t\t\t\t<div class=\"elementor-element elementor-element-371f1ec0 elementor-widget elementor-widget-heading\" data-id=\"371f1ec0\" data-element_type=\"widget\" data-e-type=\"widget\" data-widget_type=\"heading.default\">\n\t\t\t\t\t<h2 class=\"elementor-heading-title elementor-size-large\">Miks osta CodeTwo Mosaicilt?<\/h2>\t\t\t\t<\/div>\n\t\t\t\t\t<\/div>\n\t\t\t\t<\/div>\n\t\t<div class=\"elementor-element elementor-element-2496d3fd e-flex e-con-boxed e-con e-parent\" data-id=\"2496d3fd\" data-element_type=\"container\" data-e-type=\"container\">\n\t\t\t\t\t<div class=\"e-con-inner\">\n\t\t\t\t<div class=\"elementor-element elementor-element-34b1475e elementor-widget elementor-widget-text-editor\" data-id=\"34b1475e\" data-element_type=\"widget\" data-e-type=\"widget\" data-widget_type=\"text-editor.default\">\n\t\t\t\t\t\t\t\t\t<p>Mosaic on usaldusv\u00e4\u00e4rne CodeTwo partner ja CodeTwo tarkvaralahenduste edasim\u00fc\u00fcja. Meie ekspertide meeskond aitab teil valida \u00f5igeid CodeTwo t\u00f6\u00f6riistu teie e-posti ja andmehalduse vajaduste jaoks, tagades, et saate oma investeeringutest k\u00f5ige rohkem kasu.<\/p><p>Oleme uhked kiire hinnapakkumise ja tarnimise teenuse \u00fcle, mis tagab, et saate lahendused kiiresti rakendada.<\/p><p>Oleme p\u00fchendunud sellele, et pakkuda oma klientidele parimat v\u00e4\u00e4rtust. CodeTwo edasim\u00fc\u00fcjana pakume konkurentsiv\u00f5imelist hinda k\u00f5igile CodeTwo toodetele. V\u00f5tke meiega juba t\u00e4na \u00fchendust, et saada rohkem teavet meie CodeTwo tarkvaralahenduste kohta ja selle kohta, kuidas me saame aidata teil \u00fchtlustada oma e-posti haldamist ja kaitsta oma andmeid.<\/p>\t\t\t\t\t\t\t\t<\/div>\n\t\t\t\t\t<\/div>\n\t\t\t\t<\/div>\n\t\t\t\t<section class=\"elementor-section elementor-top-section elementor-element elementor-element-76c3e955 elementor-section-boxed elementor-section-height-default elementor-section-height-default\" data-id=\"76c3e955\" data-element_type=\"section\" data-e-type=\"section\">\n\t\t\t\t\t\t<div class=\"elementor-container elementor-column-gap-default\">\n\t\t\t\t\t<div class=\"elementor-column elementor-col-50 elementor-top-column elementor-element elementor-element-6e1d14aa\" data-id=\"6e1d14aa\" data-element_type=\"column\" data-e-type=\"column\">\n\t\t\t<div class=\"elementor-widget-wrap\">\n\t\t\t\t\t\t\t<\/div>\n\t\t<\/div>\n\t\t\t\t<div class=\"elementor-column elementor-col-50 elementor-top-column elementor-element elementor-element-580cf808\" data-id=\"580cf808\" data-element_type=\"column\" data-e-type=\"column\">\n\t\t\t<div class=\"elementor-widget-wrap elementor-element-populated\">\n\t\t\t\t\t\t<div class=\"elementor-element elementor-element-6edfe2e6 elementor-widget elementor-widget-image\" data-id=\"6edfe2e6\" data-element_type=\"widget\" data-e-type=\"widget\" data-widget_type=\"image.default\">\n\t\t\t\t\t\t\t\t\t\t\t\t\t\t\t\t<a href=\"https:\/\/www.codetwo.com\" target=\"_blank\" rel=\"noopener\">\n\t\t\t\t\t\t\t<img decoding=\"async\" width=\"400\" height=\"56\" src=\"https:\/\/mosaic.ee\/wp-content\/uploads\/2023\/10\/codetwo-reseller.png\" class=\"attachment-large size-large wp-image-1935\" alt=\"CodeTwo edasim\u00fc\u00fcja logo\" srcset=\"https:\/\/mosaic.ee\/wp-content\/uploads\/2023\/10\/codetwo-reseller.png 400w, https:\/\/mosaic.ee\/wp-content\/uploads\/2023\/10\/codetwo-reseller-300x42.png 300w, https:\/\/mosaic.ee\/wp-content\/uploads\/2023\/10\/codetwo-reseller-18x3.png 18w\" sizes=\"(max-width: 400px) 100vw, 400px\" \/>\t\t\t\t\t\t\t\t<\/a>\n\t\t\t\t\t\t\t\t\t\t\t\t\t\t\t<\/div>\n\t\t\t\t\t<\/div>\n\t\t<\/div>\n\t\t\t\t\t<\/div>\n\t\t<\/section>\n\t\t\t\t<\/div>","protected":false},"excerpt":{"rendered":"<p>Optimize Your Email Management with CodeTwo Software Solutions at Mosaic Why CodeTwo Software? CodeTwo is a top-tier provider of email signature, migration, and backup software solutions for Microsoft 365 and Exchange. With CodeTwo, you can enhance your email management, whether you&#8217;re a large enterprise or a small business. CodeTwo&#8217;s software offerings include centralized email signature [&hellip;]<\/p>\n","protected":false},"author":1,"featured_media":0,"parent":0,"menu_order":0,"comment_status":"closed","ping_status":"closed","template":"","meta":{"content-type":"","footnotes":""},"class_list":["post-1932","page","type-page","status-publish","hentry"],"_links":{"self":[{"href":"https:\/\/mosaic.ee\/et\/wp-json\/wp\/v2\/pages\/1932","targetHints":{"allow":["GET"]}}],"collection":[{"href":"https:\/\/mosaic.ee\/et\/wp-json\/wp\/v2\/pages"}],"about":[{"href":"https:\/\/mosaic.ee\/et\/wp-json\/wp\/v2\/types\/page"}],"author":[{"embeddable":true,"href":"https:\/\/mosaic.ee\/et\/wp-json\/wp\/v2\/users\/1"}],"replies":[{"embeddable":true,"href":"https:\/\/mosaic.ee\/et\/wp-json\/wp\/v2\/comments?post=1932"}],"version-history":[{"count":7,"href":"https:\/\/mosaic.ee\/et\/wp-json\/wp\/v2\/pages\/1932\/revisions"}],"predecessor-version":[{"id":3482,"href":"https:\/\/mosaic.ee\/et\/wp-json\/wp\/v2\/pages\/1932\/revisions\/3482"}],"wp:attachment":[{"href":"https:\/\/mosaic.ee\/et\/wp-json\/wp\/v2\/media?parent=1932"}],"curies":[{"name":"wp","href":"https:\/\/api.w.org\/{rel}","templated":true}]}}