{"id":1882,"date":"2023-08-22T18:15:10","date_gmt":"2023-08-22T15:15:10","guid":{"rendered":"https:\/\/mosaic.ee\/?page_id=1882"},"modified":"2024-06-03T14:54:38","modified_gmt":"2024-06-03T11:54:38","slug":"sustat","status":"publish","type":"page","link":"https:\/\/mosaic.ee\/et\/systat\/","title":{"rendered":"SYSTAT"},"content":{"rendered":"<div data-elementor-type=\"wp-page\" data-elementor-id=\"1882\" class=\"elementor elementor-1882\" data-elementor-post-type=\"page\">\n\t\t\t\t\t\t<section class=\"elementor-section elementor-top-section elementor-element elementor-element-227e313c elementor-section-boxed elementor-section-height-default elementor-section-height-default\" data-id=\"227e313c\" data-element_type=\"section\" data-e-type=\"section\">\n\t\t\t\t\t\t<div class=\"elementor-container elementor-column-gap-default\">\n\t\t\t\t\t<div class=\"elementor-column elementor-col-100 elementor-top-column elementor-element elementor-element-afb5926\" data-id=\"afb5926\" data-element_type=\"column\" data-e-type=\"column\">\n\t\t\t<div class=\"elementor-widget-wrap elementor-element-populated\">\n\t\t\t\t\t\t<div class=\"elementor-element elementor-element-78967ac elementor-widget elementor-widget-heading\" data-id=\"78967ac\" data-element_type=\"widget\" data-e-type=\"widget\" data-widget_type=\"heading.default\">\n\t\t\t\t\t<h2 class=\"elementor-heading-title elementor-size-xl\">Andmeanal\u00fc\u00fcsi ja visualiseerimise t\u00e4iustamine Mosaici SYSTATi lahendustega <\/h2>\t\t\t\t<\/div>\n\t\t\t\t\t<\/div>\n\t\t<\/div>\n\t\t\t\t\t<\/div>\n\t\t<\/section>\n\t\t<div class=\"elementor-element elementor-element-79bb7cc7 e-flex e-con-boxed e-con e-parent\" data-id=\"79bb7cc7\" data-element_type=\"container\" data-e-type=\"container\">\n\t\t\t\t\t<div class=\"e-con-inner\">\n\t\t\t\t<div class=\"elementor-element elementor-element-2a90eba5 elementor-widget elementor-widget-image\" data-id=\"2a90eba5\" data-element_type=\"widget\" data-e-type=\"widget\" data-widget_type=\"image.default\">\n\t\t\t\t\t\t\t\t\t\t\t\t\t\t\t<img fetchpriority=\"high\" decoding=\"async\" width=\"768\" height=\"283\" src=\"https:\/\/mosaic.ee\/wp-content\/uploads\/2023\/08\/vectorstock_33336536_transparent-768x283.png\" class=\"attachment-medium_large size-medium_large wp-image-1886\" alt=\"\" srcset=\"https:\/\/mosaic.ee\/wp-content\/uploads\/2023\/08\/vectorstock_33336536_transparent-768x283.png 768w, https:\/\/mosaic.ee\/wp-content\/uploads\/2023\/08\/vectorstock_33336536_transparent-300x110.png 300w, https:\/\/mosaic.ee\/wp-content\/uploads\/2023\/08\/vectorstock_33336536_transparent-1024x377.png 1024w, https:\/\/mosaic.ee\/wp-content\/uploads\/2023\/08\/vectorstock_33336536_transparent-1536x565.png 1536w, https:\/\/mosaic.ee\/wp-content\/uploads\/2023\/08\/vectorstock_33336536_transparent-2048x754.png 2048w, https:\/\/mosaic.ee\/wp-content\/uploads\/2023\/08\/vectorstock_33336536_transparent-18x7.png 18w\" sizes=\"(max-width: 768px) 100vw, 768px\" \/>\t\t\t\t\t\t\t\t\t\t\t\t\t\t\t<\/div>\n\t\t\t\t\t<\/div>\n\t\t\t\t<\/div>\n\t\t<div class=\"elementor-element elementor-element-14b6c1d0 e-flex e-con-boxed e-con e-parent\" data-id=\"14b6c1d0\" data-element_type=\"container\" data-e-type=\"container\">\n\t\t\t\t\t<div class=\"e-con-inner\">\n\t\t\t\t<div class=\"elementor-element elementor-element-144e9408 elementor-widget elementor-widget-heading\" data-id=\"144e9408\" data-element_type=\"widget\" data-e-type=\"widget\" data-widget_type=\"heading.default\">\n\t\t\t\t\t<h2 class=\"elementor-heading-title elementor-size-large\">Miks SYSTAT tarkvara?<\/h2>\t\t\t\t<\/div>\n\t\t\t\t\t<\/div>\n\t\t\t\t<\/div>\n\t\t<div class=\"elementor-element elementor-element-e0f2443 e-flex e-con-boxed e-con e-parent\" data-id=\"e0f2443\" data-element_type=\"container\" data-e-type=\"container\">\n\t\t\t\t\t<div class=\"e-con-inner\">\n\t\t\t\t<div class=\"elementor-element elementor-element-2083f46a elementor-widget elementor-widget-text-editor\" data-id=\"2083f46a\" data-element_type=\"widget\" data-e-type=\"widget\" data-widget_type=\"text-editor.default\">\n\t\t\t\t\t\t\t\t\t<p style=\"font-weight: 400;\"><a href=\"https:\/\/systatsoftware.com\" target=\"_blank\" rel=\"noopener\">SYSTAT<\/a> on v\u00f5imas statistilise anal\u00fc\u00fcsi ja visualiseerimise tarkvara, mis on loodud selleks, et teadlastel, andmeteadlastel ja anal\u00fc\u00fctikutel oleks v\u00f5imalik teha teadlikke otsuseid andmete p\u00f5hjal. SYSTATi t\u00e4iustatud v\u00f5imaluste abil saavad kasutajad teha keerulisi andmeanal\u00fc\u00fcse, luua \u00fcksikasjalikke visualiseeringuid ning avastada sisukaid mustreid ja suundumusi.<\/p><p style=\"font-weight: 400;\">SYSTATi lahenduste pakett pakub laia valikut funktsioone, mis on kohandatud andmeanal\u00fc\u00fcsi ja visualiseerimise eri aspektidele, sealhulgas statistilisele testimisele, andmete manipuleerimisele, graafilisele esitamisele ja prognoositavale modelleerimisele. Need lahendused on loodud selleks, et aidata kasutajatel oma andmetest v\u00e4\u00e4rtuslikke teadmisi ammutada ja tulemusi t\u00f5husalt esitada.<\/p><p style=\"font-weight: 400;\">Peamised eelised <a href=\"https:\/\/systatsoftware.com\" target=\"_blank\" rel=\"noopener\">SYSTAT<\/a> Lahendused:<\/p><ol style=\"font-weight: 400;\"><li>T\u00e4iustatud statistiline anal\u00fc\u00fcs: SYSTAT pakub mitmesuguseid statistilisi teste ja meetodeid andmete anal\u00fc\u00fcsimiseks ja t\u00f5lgendamiseks.<\/li><li>Andmete manipuleerimine: SYSTAT v\u00f5imaldab kasutajatel andmeid eelt\u00f6\u00f6delda ja manipuleerida, tagades t\u00e4psuse ja valmisoleku anal\u00fc\u00fcsiks.<\/li><li>Kohandatavad visualiseeringud: SYSTAT toetab eri t\u00fc\u00fcpi graafilisi esitlusi, mis aitavad kasutajatel andmeid tulemuslikult edastada.<\/li><li>Ennustav modelleerimine: SYSTAT sisaldab vahendeid prognoosimudelite koostamiseks, mis aitavad prognoosimisel ja otsuste tegemisel.<\/li><\/ol>\t\t\t\t\t\t\t\t<\/div>\n\t\t\t\t\t<\/div>\n\t\t\t\t<\/div>\n\t\t\t\t<section class=\"elementor-section elementor-top-section elementor-element elementor-element-555bcfef elementor-section-boxed elementor-section-height-default elementor-section-height-default\" data-id=\"555bcfef\" data-element_type=\"section\" data-e-type=\"section\">\n\t\t\t\t\t\t<div class=\"elementor-container elementor-column-gap-default\">\n\t\t\t\t\t<div class=\"elementor-column elementor-col-50 elementor-top-column elementor-element elementor-element-37276bbe\" data-id=\"37276bbe\" data-element_type=\"column\" data-e-type=\"column\">\n\t\t\t<div class=\"elementor-widget-wrap\">\n\t\t\t\t\t\t\t<\/div>\n\t\t<\/div>\n\t\t\t\t<div class=\"elementor-column elementor-col-50 elementor-top-column elementor-element elementor-element-25545a40\" data-id=\"25545a40\" data-element_type=\"column\" data-e-type=\"column\">\n\t\t\t<div class=\"elementor-widget-wrap elementor-element-populated\">\n\t\t\t\t\t\t<div class=\"elementor-element elementor-element-7186640f elementor-widget elementor-widget-image\" data-id=\"7186640f\" data-element_type=\"widget\" data-e-type=\"widget\" data-widget_type=\"image.default\">\n\t\t\t\t\t\t\t\t\t\t\t\t\t\t\t\t<a href=\"https:\/\/systatsoftware.com\" target=\"_blank\" rel=\"noopener\">\n\t\t\t\t\t\t\t<img decoding=\"async\" width=\"180\" height=\"60\" src=\"https:\/\/mosaic.ee\/wp-content\/uploads\/2023\/08\/systat.png\" class=\"attachment-medium size-medium wp-image-1885\" alt=\"\" srcset=\"https:\/\/mosaic.ee\/wp-content\/uploads\/2023\/08\/systat.png 180w, https:\/\/mosaic.ee\/wp-content\/uploads\/2023\/08\/systat-18x6.png 18w\" sizes=\"(max-width: 180px) 100vw, 180px\" \/>\t\t\t\t\t\t\t\t<\/a>\n\t\t\t\t\t\t\t\t\t\t\t\t\t\t\t<\/div>\n\t\t\t\t\t<\/div>\n\t\t<\/div>\n\t\t\t\t\t<\/div>\n\t\t<\/section>\n\t\t<div class=\"elementor-element elementor-element-64a9a921 e-flex e-con-boxed e-con e-parent\" data-id=\"64a9a921\" data-element_type=\"container\" data-e-type=\"container\">\n\t\t\t\t\t<div class=\"e-con-inner\">\n\t\t\t\t<div class=\"elementor-element elementor-element-3ee4df0a elementor-widget elementor-widget-heading\" data-id=\"3ee4df0a\" data-element_type=\"widget\" data-e-type=\"widget\" data-widget_type=\"heading.default\">\n\t\t\t\t\t<h2 class=\"elementor-heading-title elementor-size-large\">Miks osta SYSTATi Mosaicilt?<\/h2>\t\t\t\t<\/div>\n\t\t\t\t\t<\/div>\n\t\t\t\t<\/div>\n\t\t<div class=\"elementor-element elementor-element-15f8eee3 e-flex e-con-boxed e-con e-parent\" data-id=\"15f8eee3\" data-element_type=\"container\" data-e-type=\"container\">\n\t\t\t\t\t<div class=\"e-con-inner\">\n\t\t\t\t<div class=\"elementor-element elementor-element-dc417a0 elementor-widget elementor-widget-text-editor\" data-id=\"dc417a0\" data-element_type=\"widget\" data-e-type=\"widget\" data-widget_type=\"text-editor.default\">\n\t\t\t\t\t\t\t\t\t<div><p><span lang=\"EN-GB\">Mosaic pakub SYSTATi t\u00e4iustatud lahendusi, mis v\u00f5imaldavad teadlastel, andmeteadlastel ja anal\u00fc\u00fctikutel parandada oma andmeanal\u00fc\u00fcsi ja visualiseerimise v\u00f5imalusi ning saada kasutatavaid teadmisi. Meie ekspertide meeskond aitab teil valida \u00f5igeid SYSTATi tooteid, mis vastavad teie andmeanal\u00fc\u00fcsi vajadustele ja n\u00f5uetele.<\/span><\/p><\/div><div><p><span lang=\"EN-GB\">Usaldusv\u00e4\u00e4rse partnerina on Mosaic spetsialiseerunud tarkvaralahenduste pakkumisele, mis lihtsustavad andmeanal\u00fc\u00fcsi, parandavad visualiseerimist ja parandavad aruandlusv\u00f5imalusi. T\u00e4nu meie kogemustele saate SYSTATi lahendused sujuvalt integreerida oma t\u00f6\u00f6voogudesse ja edastada t\u00f5husalt oma andmetest saadud teadmisi.<\/span><\/p><\/div><div><p><span lang=\"EN-GB\">Mosaic on p\u00fchendunud erakordsele klienditeenindusele ja konkurentsiv\u00f5imelistele hindadele. Valides Mosaici SYSTATi lahendused, saate juurdep\u00e4\u00e4su valdkonna juhtivale tehnoloogiale, mis v\u00f5imaldab teie organisatsioonil andmete anal\u00fc\u00fcsimisel ja visualiseerimisel silma paista.<\/span><\/p><\/div><div><h6><span lang=\"EN-GB\">Avage Insights koos SYSTATi lahendustega<\/span><\/h6><\/div><div><p><span lang=\"EN-GB\">SYSTATi lahendused pakuvad kasutajatele vajalikke vahendeid andmete anal\u00fc\u00fcsimiseks, veenvate visualiseeringute loomiseks ja andmep\u00f5histe otsuste tegemiseks. Koost\u00f6\u00f6 Mosaic O\u00dc-ga tagab, et saate ekspertide juhendamist ja tuge SYSTATi lahenduste t\u00f5husaks rakendamiseks. V\u00f5tke meiega juba t\u00e4na \u00fchendust, et uurida, kuidas SYSTATi lahendused v\u00f5ivad parandada teie organisatsiooni andmeanal\u00fc\u00fcsi ja visualiseerimise v\u00f5imalusi.<\/span><\/p><\/div>\t\t\t\t\t\t\t\t<\/div>\n\t\t\t\t\t<\/div>\n\t\t\t\t<\/div>\n\t\t\t\t<section class=\"elementor-section elementor-top-section elementor-element elementor-element-7b3029d8 elementor-section-boxed elementor-section-height-default elementor-section-height-default\" data-id=\"7b3029d8\" data-element_type=\"section\" data-e-type=\"section\">\n\t\t\t\t\t\t<div class=\"elementor-container elementor-column-gap-default\">\n\t\t\t\t\t<div class=\"elementor-column elementor-col-50 elementor-top-column elementor-element elementor-element-3b1fd494\" data-id=\"3b1fd494\" data-element_type=\"column\" data-e-type=\"column\">\n\t\t\t<div class=\"elementor-widget-wrap\">\n\t\t\t\t\t\t\t<\/div>\n\t\t<\/div>\n\t\t\t\t<div class=\"elementor-column elementor-col-50 elementor-top-column elementor-element elementor-element-46749cbe\" data-id=\"46749cbe\" data-element_type=\"column\" data-e-type=\"column\">\n\t\t\t<div class=\"elementor-widget-wrap elementor-element-populated\">\n\t\t\t\t\t\t<div class=\"elementor-element elementor-element-31d8ec83 elementor-widget elementor-widget-image\" data-id=\"31d8ec83\" data-element_type=\"widget\" data-e-type=\"widget\" data-widget_type=\"image.default\">\n\t\t\t\t\t\t\t\t\t\t\t\t\t\t\t\t<a href=\"https:\/\/systatsoftware.com\" target=\"_blank\" rel=\"noopener\">\n\t\t\t\t\t\t\t<img decoding=\"async\" width=\"180\" height=\"60\" src=\"https:\/\/mosaic.ee\/wp-content\/uploads\/2023\/08\/systat.png\" class=\"attachment-large size-large wp-image-1885\" alt=\"\" srcset=\"https:\/\/mosaic.ee\/wp-content\/uploads\/2023\/08\/systat.png 180w, https:\/\/mosaic.ee\/wp-content\/uploads\/2023\/08\/systat-18x6.png 18w\" sizes=\"(max-width: 180px) 100vw, 180px\" \/>\t\t\t\t\t\t\t\t<\/a>\n\t\t\t\t\t\t\t\t\t\t\t\t\t\t\t<\/div>\n\t\t\t\t\t<\/div>\n\t\t<\/div>\n\t\t\t\t\t<\/div>\n\t\t<\/section>\n\t\t\t\t<\/div>","protected":false},"excerpt":{"rendered":"<p>Elevate Data Analysis and Visualization with SYSTAT Solutions from Mosaic Why SYSTAT Software? SYSTAT is a powerful statistical analysis and visualization software designed to empower researchers, data scientists, and analysts to make informed decisions based on data insights. With SYSTAT&#8217;s advanced capabilities, users can perform complex data analyses, generate detailed visualizations, and uncover meaningful patterns [&hellip;]<\/p>\n","protected":false},"author":1,"featured_media":0,"parent":0,"menu_order":0,"comment_status":"closed","ping_status":"closed","template":"","meta":{"content-type":"","footnotes":""},"class_list":["post-1882","page","type-page","status-publish","hentry"],"_links":{"self":[{"href":"https:\/\/mosaic.ee\/et\/wp-json\/wp\/v2\/pages\/1882","targetHints":{"allow":["GET"]}}],"collection":[{"href":"https:\/\/mosaic.ee\/et\/wp-json\/wp\/v2\/pages"}],"about":[{"href":"https:\/\/mosaic.ee\/et\/wp-json\/wp\/v2\/types\/page"}],"author":[{"embeddable":true,"href":"https:\/\/mosaic.ee\/et\/wp-json\/wp\/v2\/users\/1"}],"replies":[{"embeddable":true,"href":"https:\/\/mosaic.ee\/et\/wp-json\/wp\/v2\/comments?post=1882"}],"version-history":[{"count":4,"href":"https:\/\/mosaic.ee\/et\/wp-json\/wp\/v2\/pages\/1882\/revisions"}],"predecessor-version":[{"id":1889,"href":"https:\/\/mosaic.ee\/et\/wp-json\/wp\/v2\/pages\/1882\/revisions\/1889"}],"wp:attachment":[{"href":"https:\/\/mosaic.ee\/et\/wp-json\/wp\/v2\/media?parent=1882"}],"curies":[{"name":"wp","href":"https:\/\/api.w.org\/{rel}","templated":true}]}}