{"id":1871,"date":"2023-08-22T18:04:16","date_gmt":"2023-08-22T15:04:16","guid":{"rendered":"https:\/\/mosaic.ee\/?page_id=1871"},"modified":"2024-06-03T14:51:38","modified_gmt":"2024-06-03T11:51:38","slug":"sparx-susteemid","status":"publish","type":"page","link":"https:\/\/mosaic.ee\/et\/sparx-systems\/","title":{"rendered":"Sparx Systems"},"content":{"rendered":"<div data-elementor-type=\"wp-page\" data-elementor-id=\"1871\" class=\"elementor elementor-1871\" data-elementor-post-type=\"page\">\n\t\t\t\t\t\t<section class=\"elementor-section elementor-top-section elementor-element elementor-element-47dd4a4 elementor-section-boxed elementor-section-height-default elementor-section-height-default\" data-id=\"47dd4a4\" data-element_type=\"section\" data-e-type=\"section\">\n\t\t\t\t\t\t<div class=\"elementor-container elementor-column-gap-default\">\n\t\t\t\t\t<div class=\"elementor-column elementor-col-100 elementor-top-column elementor-element elementor-element-3fa2629b\" data-id=\"3fa2629b\" data-element_type=\"column\" data-e-type=\"column\">\n\t\t\t<div class=\"elementor-widget-wrap elementor-element-populated\">\n\t\t\t\t\t\t<div class=\"elementor-element elementor-element-4b27fbe4 elementor-widget elementor-widget-heading\" data-id=\"4b27fbe4\" data-element_type=\"widget\" data-e-type=\"widget\" data-widget_type=\"heading.default\">\n\t\t\t\t\t<h2 class=\"elementor-heading-title elementor-size-xl\">Mosaic'i Sparx Systems'i lahenduste abil mudelip\u00f5hise arenduse edendamine <\/h2>\t\t\t\t<\/div>\n\t\t\t\t\t<\/div>\n\t\t<\/div>\n\t\t\t\t\t<\/div>\n\t\t<\/section>\n\t\t<div class=\"elementor-element elementor-element-708de94b e-flex e-con-boxed e-con e-parent\" data-id=\"708de94b\" data-element_type=\"container\" data-e-type=\"container\">\n\t\t\t\t\t<div class=\"e-con-inner\">\n\t\t\t\t<div class=\"elementor-element elementor-element-50b9ea13 elementor-widget elementor-widget-image\" data-id=\"50b9ea13\" data-element_type=\"widget\" data-e-type=\"widget\" data-widget_type=\"image.default\">\n\t\t\t\t\t\t\t\t\t\t\t\t\t\t\t<img fetchpriority=\"high\" decoding=\"async\" width=\"768\" height=\"368\" src=\"https:\/\/mosaic.ee\/wp-content\/uploads\/2023\/08\/vectorstock_32262536_transparent-768x368.png\" class=\"attachment-medium_large size-medium_large wp-image-1875\" alt=\"\" srcset=\"https:\/\/mosaic.ee\/wp-content\/uploads\/2023\/08\/vectorstock_32262536_transparent-768x368.png 768w, https:\/\/mosaic.ee\/wp-content\/uploads\/2023\/08\/vectorstock_32262536_transparent-300x144.png 300w, https:\/\/mosaic.ee\/wp-content\/uploads\/2023\/08\/vectorstock_32262536_transparent-1024x491.png 1024w, https:\/\/mosaic.ee\/wp-content\/uploads\/2023\/08\/vectorstock_32262536_transparent-1536x736.png 1536w, https:\/\/mosaic.ee\/wp-content\/uploads\/2023\/08\/vectorstock_32262536_transparent-2048x981.png 2048w, https:\/\/mosaic.ee\/wp-content\/uploads\/2023\/08\/vectorstock_32262536_transparent-18x9.png 18w\" sizes=\"(max-width: 768px) 100vw, 768px\" \/>\t\t\t\t\t\t\t\t\t\t\t\t\t\t\t<\/div>\n\t\t\t\t\t<\/div>\n\t\t\t\t<\/div>\n\t\t<div class=\"elementor-element elementor-element-35793541 e-flex e-con-boxed e-con e-parent\" data-id=\"35793541\" data-element_type=\"container\" data-e-type=\"container\">\n\t\t\t\t\t<div class=\"e-con-inner\">\n\t\t\t\t<div class=\"elementor-element elementor-element-52100955 elementor-widget elementor-widget-heading\" data-id=\"52100955\" data-element_type=\"widget\" data-e-type=\"widget\" data-widget_type=\"heading.default\">\n\t\t\t\t\t<h2 class=\"elementor-heading-title elementor-size-large\">Miks Sparx Systems tarkvara?<\/h2>\t\t\t\t<\/div>\n\t\t\t\t\t<\/div>\n\t\t\t\t<\/div>\n\t\t<div class=\"elementor-element elementor-element-1cacc1e7 e-flex e-con-boxed e-con e-parent\" data-id=\"1cacc1e7\" data-element_type=\"container\" data-e-type=\"container\">\n\t\t\t\t\t<div class=\"e-con-inner\">\n\t\t\t\t<div class=\"elementor-element elementor-element-6a7a51f0 elementor-widget elementor-widget-text-editor\" data-id=\"6a7a51f0\" data-element_type=\"widget\" data-e-type=\"widget\" data-widget_type=\"text-editor.default\">\n\t\t\t\t\t\t\t\t\t<p style=\"font-weight: 400;\"><a href=\"https:\/\/sparxsystems.com\" target=\"_blank\" rel=\"noopener\">Sparx Systems<\/a> pakub v\u00f5imsat tarkvaralahenduste paketti, mis on loodud mudelip\u00f5hise arenduse, ettev\u00f5tte arhitektuuri ja s\u00fcsteemitehnika toetamiseks. Sparx Systemsi lahenduste abil saavad organisatsioonid t\u00f5husalt projekteerida, anal\u00fc\u00fcsida ja hallata keerulisi s\u00fcsteeme ja protsesse, edendades koost\u00f6\u00f6d ja innovatsiooni.<\/p><p style=\"font-weight: 400;\">Sparx Systemsi lahenduste pakett pakub laia valikut funktsioone, mis on kohandatud mudelip\u00f5hise arenduse ja s\u00fcsteemitehnika eri aspektidele, sealhulgas modelleerimisvahendid, koost\u00f6\u00f6platvormid, j\u00e4lgitavuse juhtimine ja dokumentatsiooni tugi. Need lahendused on loodud selleks, et aidata organisatsioonidel t\u00f5hustada arendusprotsesse, parandada kommunikatsiooni ja viia projektid vastavusse \u00e4rieesm\u00e4rkidega.<\/p><p style=\"font-weight: 400;\">Peamised eelised <a href=\"https:\/\/sparxsystems.com\" target=\"_blank\" rel=\"noopener\">Sparx Systems<\/a> Lahendused:<\/p><ol style=\"font-weight: 400;\"><li>T\u00e4iustatud modelleerimisvahendid: Sparx Systems pakub t\u00e4iustatud modelleerimisvahendeid, mis v\u00f5imaldavad organisatsioonidel luua \u00fcksikasjalikke ja terviklikke s\u00fcsteemimudeleid.<\/li><li>Koost\u00f6\u00f6 ja kommunikatsioon: Sparx Systemsi lahendused pakuvad koost\u00f6\u00f6platvorme, mis h\u00f5lbustavad meeskonnat\u00f6\u00f6d ja suhtlust sidusr\u00fchmade vahel.<\/li><li>J\u00e4lgitavuse juhtimine: Sparx Systems toetab j\u00e4lgitavuse haldamist, mis v\u00f5imaldab organisatsioonidel j\u00e4lgida ja hallata erinevate elementide vahelisi seoseid.<\/li><li>Dokumentatsiooni tugi: Sparx Systemsi lahendused aitavad organisatsioonidel luua dokumentatsiooni ja aruandeid, mis p\u00f5hinevad nende mudelitel ja anal\u00fc\u00fcsidel.<\/li><\/ol>\t\t\t\t\t\t\t\t<\/div>\n\t\t\t\t\t<\/div>\n\t\t\t\t<\/div>\n\t\t\t\t<section class=\"elementor-section elementor-top-section elementor-element elementor-element-4af3940f elementor-section-boxed elementor-section-height-default elementor-section-height-default\" data-id=\"4af3940f\" data-element_type=\"section\" data-e-type=\"section\">\n\t\t\t\t\t\t<div class=\"elementor-container elementor-column-gap-default\">\n\t\t\t\t\t<div class=\"elementor-column elementor-col-50 elementor-top-column elementor-element elementor-element-5a4953a1\" data-id=\"5a4953a1\" data-element_type=\"column\" data-e-type=\"column\">\n\t\t\t<div class=\"elementor-widget-wrap\">\n\t\t\t\t\t\t\t<\/div>\n\t\t<\/div>\n\t\t\t\t<div class=\"elementor-column elementor-col-50 elementor-top-column elementor-element elementor-element-7c933b8c\" data-id=\"7c933b8c\" data-element_type=\"column\" data-e-type=\"column\">\n\t\t\t<div class=\"elementor-widget-wrap elementor-element-populated\">\n\t\t\t\t\t\t<div class=\"elementor-element elementor-element-6ae2f92 elementor-widget elementor-widget-image\" data-id=\"6ae2f92\" data-element_type=\"widget\" data-e-type=\"widget\" data-widget_type=\"image.default\">\n\t\t\t\t\t\t\t\t\t\t\t\t\t\t\t\t<a href=\"https:\/\/sparxsystems.com\" target=\"_blank\" rel=\"noopener\">\n\t\t\t\t\t\t\t<img decoding=\"async\" width=\"300\" height=\"70\" src=\"https:\/\/mosaic.ee\/wp-content\/uploads\/2023\/08\/sparxsystems-300x70.png\" class=\"attachment-medium size-medium wp-image-1874\" alt=\"\" srcset=\"https:\/\/mosaic.ee\/wp-content\/uploads\/2023\/08\/sparxsystems-300x70.png 300w, https:\/\/mosaic.ee\/wp-content\/uploads\/2023\/08\/sparxsystems-18x4.png 18w, https:\/\/mosaic.ee\/wp-content\/uploads\/2023\/08\/sparxsystems.png 600w\" sizes=\"(max-width: 300px) 100vw, 300px\" \/>\t\t\t\t\t\t\t\t<\/a>\n\t\t\t\t\t\t\t\t\t\t\t\t\t\t\t<\/div>\n\t\t\t\t\t<\/div>\n\t\t<\/div>\n\t\t\t\t\t<\/div>\n\t\t<\/section>\n\t\t<div class=\"elementor-element elementor-element-54808cf8 e-flex e-con-boxed e-con e-parent\" data-id=\"54808cf8\" data-element_type=\"container\" data-e-type=\"container\">\n\t\t\t\t\t<div class=\"e-con-inner\">\n\t\t\t\t<div class=\"elementor-element elementor-element-1abd28da elementor-widget elementor-widget-heading\" data-id=\"1abd28da\" data-element_type=\"widget\" data-e-type=\"widget\" data-widget_type=\"heading.default\">\n\t\t\t\t\t<h2 class=\"elementor-heading-title elementor-size-large\">Miks osta Sparx Systems Mosaicilt?<\/h2>\t\t\t\t<\/div>\n\t\t\t\t\t<\/div>\n\t\t\t\t<\/div>\n\t\t<div class=\"elementor-element elementor-element-2ba750fb e-flex e-con-boxed e-con e-parent\" data-id=\"2ba750fb\" data-element_type=\"container\" data-e-type=\"container\">\n\t\t\t\t\t<div class=\"e-con-inner\">\n\t\t\t\t<div class=\"elementor-element elementor-element-37e2de46 elementor-widget elementor-widget-text-editor\" data-id=\"37e2de46\" data-element_type=\"widget\" data-e-type=\"widget\" data-widget_type=\"text-editor.default\">\n\t\t\t\t\t\t\t\t\t<div><p><span lang=\"EN-GB\">Mosaic pakub Sparx Systems'i t\u00e4iustatud lahendusi, mis v\u00f5imaldavad organisatsioonidel t\u00f5sta oma mudelip\u00f5hise arenduse, ettev\u00f5tte arhitektuuri ja s\u00fcsteemitehnika v\u00f5imekust. Meie ekspertide meeskond aitab teil valida \u00f5igeid Sparx Systemsi tooteid, mis vastavad teie arendusvajadustele ja -n\u00f5uetele.<\/span><\/p><\/div><div><p><span lang=\"EN-GB\">Usaldusv\u00e4\u00e4rse partnerina on Mosaic spetsialiseerunud tarkvaralahenduste pakkumisele, mis lihtsustavad mudelip\u00f5hist arendustegevust, t\u00f5hustavad koost\u00f6\u00f6d ja optimeerivad s\u00fcsteemitehnika protsesse. T\u00e4nu meie kogemustele saate Sparx Systemsi lahendusi sujuvalt integreerida oma t\u00f6\u00f6voogudesse ja saavutada paremaid projektitulemusi.<\/span><\/p><\/div><div><p><span lang=\"EN-GB\">Mosaic on p\u00fchendunud erakordsele klienditeenindusele ja konkurentsiv\u00f5imelistele hindadele. Valides Sparx Systems'i lahendused Mosaicilt, saate juurdep\u00e4\u00e4su t\u00f6\u00f6stuse juhtivale tehnoloogiale, mis v\u00f5imaldab teie organisatsioonil mudelip\u00f5hises arenduses ja s\u00fcsteemitehnoloogias silma paista.<\/span><\/p><\/div><div><h6><span lang=\"EN-GB\">Edasiarendamine Sparx Systems'i lahendustega<\/span><\/h6><\/div><div><p><span lang=\"EN-GB\">Sparx Systemsi lahendused pakuvad organisatsioonidele vahendeid, mis on vajalikud mudelip\u00f5hise arenduse sujuvamaks muutmiseks, koost\u00f6\u00f6 t\u00f5hustamiseks ja s\u00fcsteemitehnika protsesside optimeerimiseks. Koost\u00f6\u00f6 Mosaiciga tagab, et saate Sparx Systemsi lahenduste t\u00f5husaks rakendamiseks asjatundlikku juhendamist ja tuge. V\u00f5tke meiega juba t\u00e4na \u00fchendust, et uurida, kuidas Sparx Systemsi lahendused v\u00f5ivad parandada teie organisatsiooni arendus- ja s\u00fcsteemitehnika v\u00f5imalusi.<\/span><\/p><\/div>\t\t\t\t\t\t\t\t<\/div>\n\t\t\t\t\t<\/div>\n\t\t\t\t<\/div>\n\t\t\t\t<section class=\"elementor-section elementor-top-section elementor-element elementor-element-57e32aed elementor-section-boxed elementor-section-height-default elementor-section-height-default\" data-id=\"57e32aed\" data-element_type=\"section\" data-e-type=\"section\">\n\t\t\t\t\t\t<div class=\"elementor-container elementor-column-gap-default\">\n\t\t\t\t\t<div class=\"elementor-column elementor-col-50 elementor-top-column elementor-element elementor-element-5943829b\" data-id=\"5943829b\" data-element_type=\"column\" data-e-type=\"column\">\n\t\t\t<div class=\"elementor-widget-wrap\">\n\t\t\t\t\t\t\t<\/div>\n\t\t<\/div>\n\t\t\t\t<div class=\"elementor-column elementor-col-50 elementor-top-column elementor-element elementor-element-50a8d078\" data-id=\"50a8d078\" data-element_type=\"column\" data-e-type=\"column\">\n\t\t\t<div class=\"elementor-widget-wrap elementor-element-populated\">\n\t\t\t\t\t\t<div class=\"elementor-element elementor-element-4e062b4c elementor-widget elementor-widget-image\" data-id=\"4e062b4c\" data-element_type=\"widget\" data-e-type=\"widget\" data-widget_type=\"image.default\">\n\t\t\t\t\t\t\t\t\t\t\t\t\t\t\t\t<a href=\"https:\/\/sparxsystems.com\" target=\"_blank\" rel=\"noopener\">\n\t\t\t\t\t\t\t<img decoding=\"async\" width=\"600\" height=\"140\" src=\"https:\/\/mosaic.ee\/wp-content\/uploads\/2023\/08\/sparxsystems.png\" class=\"attachment-large size-large wp-image-1874\" alt=\"\" srcset=\"https:\/\/mosaic.ee\/wp-content\/uploads\/2023\/08\/sparxsystems.png 600w, https:\/\/mosaic.ee\/wp-content\/uploads\/2023\/08\/sparxsystems-300x70.png 300w, https:\/\/mosaic.ee\/wp-content\/uploads\/2023\/08\/sparxsystems-18x4.png 18w\" sizes=\"(max-width: 600px) 100vw, 600px\" \/>\t\t\t\t\t\t\t\t<\/a>\n\t\t\t\t\t\t\t\t\t\t\t\t\t\t\t<\/div>\n\t\t\t\t\t<\/div>\n\t\t<\/div>\n\t\t\t\t\t<\/div>\n\t\t<\/section>\n\t\t\t\t<\/div>","protected":false},"excerpt":{"rendered":"<p>Advance Model-Based Development with Sparx Systems Solutions from Mosaic Why Sparx Systems Software? Sparx Systems offers a powerful suite of software solutions designed to support model-based development, enterprise architecture, and systems engineering. With Sparx Systems solutions, organizations can efficiently design, analyze, and manage complex systems and processes, fostering collaboration and innovation. Sparx Systems&#8217; suite of [&hellip;]<\/p>\n","protected":false},"author":1,"featured_media":0,"parent":0,"menu_order":0,"comment_status":"closed","ping_status":"closed","template":"","meta":{"content-type":"","footnotes":""},"class_list":["post-1871","page","type-page","status-publish","hentry"],"_links":{"self":[{"href":"https:\/\/mosaic.ee\/et\/wp-json\/wp\/v2\/pages\/1871","targetHints":{"allow":["GET"]}}],"collection":[{"href":"https:\/\/mosaic.ee\/et\/wp-json\/wp\/v2\/pages"}],"about":[{"href":"https:\/\/mosaic.ee\/et\/wp-json\/wp\/v2\/types\/page"}],"author":[{"embeddable":true,"href":"https:\/\/mosaic.ee\/et\/wp-json\/wp\/v2\/users\/1"}],"replies":[{"embeddable":true,"href":"https:\/\/mosaic.ee\/et\/wp-json\/wp\/v2\/comments?post=1871"}],"version-history":[{"count":4,"href":"https:\/\/mosaic.ee\/et\/wp-json\/wp\/v2\/pages\/1871\/revisions"}],"predecessor-version":[{"id":1878,"href":"https:\/\/mosaic.ee\/et\/wp-json\/wp\/v2\/pages\/1871\/revisions\/1878"}],"wp:attachment":[{"href":"https:\/\/mosaic.ee\/et\/wp-json\/wp\/v2\/media?parent=1871"}],"curies":[{"name":"wp","href":"https:\/\/api.w.org\/{rel}","templated":true}]}}