{"id":1860,"date":"2023-08-22T17:55:45","date_gmt":"2023-08-22T14:55:45","guid":{"rendered":"https:\/\/mosaic.ee\/?page_id=1860"},"modified":"2024-06-03T14:48:27","modified_gmt":"2024-06-03T11:48:27","slug":"sitekiosk","status":"publish","type":"page","link":"https:\/\/mosaic.ee\/et\/sitekiosk\/","title":{"rendered":"SiteKiosk"},"content":{"rendered":"<div data-elementor-type=\"wp-page\" data-elementor-id=\"1860\" class=\"elementor elementor-1860\" data-elementor-post-type=\"page\">\n\t\t\t\t\t\t<section class=\"elementor-section elementor-top-section elementor-element elementor-element-59dd79aa elementor-section-boxed elementor-section-height-default elementor-section-height-default\" data-id=\"59dd79aa\" data-element_type=\"section\" data-e-type=\"section\">\n\t\t\t\t\t\t<div class=\"elementor-container elementor-column-gap-default\">\n\t\t\t\t\t<div class=\"elementor-column elementor-col-100 elementor-top-column elementor-element elementor-element-7352d449\" data-id=\"7352d449\" data-element_type=\"column\" data-e-type=\"column\">\n\t\t\t<div class=\"elementor-widget-wrap elementor-element-populated\">\n\t\t\t\t\t\t<div class=\"elementor-element elementor-element-4993bb79 elementor-widget elementor-widget-heading\" data-id=\"4993bb79\" data-element_type=\"widget\" data-e-type=\"widget\" data-widget_type=\"heading.default\">\n\t\t\t\t\t<h2 class=\"elementor-heading-title elementor-size-xl\">Kasutajakogemuse parandamine SiteKiosk tarkvaralahendustega Mosaicilt <\/h2>\t\t\t\t<\/div>\n\t\t\t\t\t<\/div>\n\t\t<\/div>\n\t\t\t\t\t<\/div>\n\t\t<\/section>\n\t\t<div class=\"elementor-element elementor-element-77378e6f e-flex e-con-boxed e-con e-parent\" data-id=\"77378e6f\" data-element_type=\"container\" data-e-type=\"container\">\n\t\t\t\t\t<div class=\"e-con-inner\">\n\t\t\t\t<div class=\"elementor-element elementor-element-44d6141 elementor-widget elementor-widget-image\" data-id=\"44d6141\" data-element_type=\"widget\" data-e-type=\"widget\" data-widget_type=\"image.default\">\n\t\t\t\t\t\t\t\t\t\t\t\t\t\t\t<img fetchpriority=\"high\" decoding=\"async\" width=\"768\" height=\"637\" src=\"https:\/\/mosaic.ee\/wp-content\/uploads\/2023\/08\/vectorstock_37685125_transparent-768x637.png\" class=\"attachment-medium_large size-medium_large wp-image-1864\" alt=\"\" srcset=\"https:\/\/mosaic.ee\/wp-content\/uploads\/2023\/08\/vectorstock_37685125_transparent-768x637.png 768w, https:\/\/mosaic.ee\/wp-content\/uploads\/2023\/08\/vectorstock_37685125_transparent-300x249.png 300w, https:\/\/mosaic.ee\/wp-content\/uploads\/2023\/08\/vectorstock_37685125_transparent-1024x849.png 1024w, https:\/\/mosaic.ee\/wp-content\/uploads\/2023\/08\/vectorstock_37685125_transparent-1536x1274.png 1536w, https:\/\/mosaic.ee\/wp-content\/uploads\/2023\/08\/vectorstock_37685125_transparent-2048x1699.png 2048w, https:\/\/mosaic.ee\/wp-content\/uploads\/2023\/08\/vectorstock_37685125_transparent-14x12.png 14w\" sizes=\"(max-width: 768px) 100vw, 768px\" \/>\t\t\t\t\t\t\t\t\t\t\t\t\t\t\t<\/div>\n\t\t\t\t\t<\/div>\n\t\t\t\t<\/div>\n\t\t<div class=\"elementor-element elementor-element-17cfb3d0 e-flex e-con-boxed e-con e-parent\" data-id=\"17cfb3d0\" data-element_type=\"container\" data-e-type=\"container\">\n\t\t\t\t\t<div class=\"e-con-inner\">\n\t\t\t\t<div class=\"elementor-element elementor-element-3e32ab5d elementor-widget elementor-widget-heading\" data-id=\"3e32ab5d\" data-element_type=\"widget\" data-e-type=\"widget\" data-widget_type=\"heading.default\">\n\t\t\t\t\t<h2 class=\"elementor-heading-title elementor-size-large\">Miks SiteKiosk tarkvara?<\/h2>\t\t\t\t<\/div>\n\t\t\t\t\t<\/div>\n\t\t\t\t<\/div>\n\t\t<div class=\"elementor-element elementor-element-5f222922 e-flex e-con-boxed e-con e-parent\" data-id=\"5f222922\" data-element_type=\"container\" data-e-type=\"container\">\n\t\t\t\t\t<div class=\"e-con-inner\">\n\t\t\t\t<div class=\"elementor-element elementor-element-3d600d13 elementor-widget elementor-widget-text-editor\" data-id=\"3d600d13\" data-element_type=\"widget\" data-e-type=\"widget\" data-widget_type=\"text-editor.default\">\n\t\t\t\t\t\t\t\t\t<p style=\"font-weight: 400;\"><a href=\"https:\/\/www.sitekiosk.com\" target=\"_blank\" rel=\"noopener\">SiteKiosk<\/a>, juhtiv tarkvarapakkuja, pakub v\u00f5imsaid lahendusi, mille eesm\u00e4rk on parandada kasutajakogemust ja t\u00f5hustada interaktiivsete kioskide kasutuselev\u00f5ttu. SiteKiosk annab ettev\u00f5tetele v\u00f5imaluse luua turvalisi ja kasutajas\u00f5bralikke iseteeninduskeskkondi erinevate t\u00f6\u00f6stusharude jaoks.<\/p><p style=\"font-weight: 400;\">SiteKiosk'i tarkvaralahendused sobivad paljudele rakendustele, sealhulgas infokioskidele, iseteenindusterminalidele, digitaalsetele viitadele ja muule. Need lahendused on m\u00f5eldud klientide kaasamise suurendamiseks, t\u00f6\u00f6protsesside optimeerimiseks ning turvalise juurdep\u00e4\u00e4su tagamiseks teabele ja teenustele.<\/p><p style=\"font-weight: 400;\">Peamised eelised <a href=\"https:\/\/www.sitekiosk.com\" target=\"_blank\" rel=\"noopener\">SiteKiosk<\/a> Tarkvaralahendused:<\/p><ol style=\"font-weight: 400;\"><li>Interaktiivne kasutajakogemus: SiteKiosk v\u00f5imaldab ettev\u00f5tetel luua interaktiivseid ja kaasahaaravaid iseteeninduskioskeid, mis suurendavad klientide suhtlemist ja rahulolu.<\/li><li>Turvaline kioskikeskkond: SiteKiosk pakub tugevaid turvafunktsioone, et kaitsta kasutajaandmeid, v\u00e4ltida volitamata juurdep\u00e4\u00e4su ja tagada turvaline kioskikeskkond.<\/li><li>Kohandamine ja kaubam\u00e4rgistamine: Ettev\u00f5tted saavad kohandada oma kioski kasutajaliidese v\u00e4limust ja tunnetust, et viia see vastavusse oma br\u00e4ndi identiteediga ja pakkuda \u00fchtset kasutajakogemust.<\/li><li>J\u00e4relevalve ja juhtimine: SiteKiosk pakub vahendeid kaugseireks, sisuhalduseks ja tarkvara uuendamiseks, lihtsustades kioski haldamist ja hooldust.<\/li><\/ol>\t\t\t\t\t\t\t\t<\/div>\n\t\t\t\t\t<\/div>\n\t\t\t\t<\/div>\n\t\t\t\t<section class=\"elementor-section elementor-top-section elementor-element elementor-element-1780317e elementor-section-boxed elementor-section-height-default elementor-section-height-default\" data-id=\"1780317e\" data-element_type=\"section\" data-e-type=\"section\">\n\t\t\t\t\t\t<div class=\"elementor-container elementor-column-gap-default\">\n\t\t\t\t\t<div class=\"elementor-column elementor-col-50 elementor-top-column elementor-element elementor-element-34113da7\" data-id=\"34113da7\" data-element_type=\"column\" data-e-type=\"column\">\n\t\t\t<div class=\"elementor-widget-wrap\">\n\t\t\t\t\t\t\t<\/div>\n\t\t<\/div>\n\t\t\t\t<div class=\"elementor-column elementor-col-50 elementor-top-column elementor-element elementor-element-5203adb7\" data-id=\"5203adb7\" data-element_type=\"column\" data-e-type=\"column\">\n\t\t\t<div class=\"elementor-widget-wrap elementor-element-populated\">\n\t\t\t\t\t\t<div class=\"elementor-element elementor-element-12bbb503 elementor-widget elementor-widget-image\" data-id=\"12bbb503\" data-element_type=\"widget\" data-e-type=\"widget\" data-widget_type=\"image.default\">\n\t\t\t\t\t\t\t\t\t\t\t\t\t\t\t\t<a href=\"https:\/\/www.sitekiosk.com\" target=\"_blank\" rel=\"noopener\">\n\t\t\t\t\t\t\t<img decoding=\"async\" width=\"201\" height=\"156\" src=\"https:\/\/mosaic.ee\/wp-content\/uploads\/2023\/08\/Sitekiosk.png\" class=\"attachment-medium size-medium wp-image-1863\" alt=\"\" srcset=\"https:\/\/mosaic.ee\/wp-content\/uploads\/2023\/08\/Sitekiosk.png 201w, https:\/\/mosaic.ee\/wp-content\/uploads\/2023\/08\/Sitekiosk-15x12.png 15w\" sizes=\"(max-width: 201px) 100vw, 201px\" \/>\t\t\t\t\t\t\t\t<\/a>\n\t\t\t\t\t\t\t\t\t\t\t\t\t\t\t<\/div>\n\t\t\t\t\t<\/div>\n\t\t<\/div>\n\t\t\t\t\t<\/div>\n\t\t<\/section>\n\t\t<div class=\"elementor-element elementor-element-7424420c e-flex e-con-boxed e-con e-parent\" data-id=\"7424420c\" data-element_type=\"container\" data-e-type=\"container\">\n\t\t\t\t\t<div class=\"e-con-inner\">\n\t\t\t\t<div class=\"elementor-element elementor-element-20f46490 elementor-widget elementor-widget-heading\" data-id=\"20f46490\" data-element_type=\"widget\" data-e-type=\"widget\" data-widget_type=\"heading.default\">\n\t\t\t\t\t<h2 class=\"elementor-heading-title elementor-size-large\">Miks osta SiteKiosk Mosaicilt?<\/h2>\t\t\t\t<\/div>\n\t\t\t\t\t<\/div>\n\t\t\t\t<\/div>\n\t\t<div class=\"elementor-element elementor-element-3ce3fe2b e-flex e-con-boxed e-con e-parent\" data-id=\"3ce3fe2b\" data-element_type=\"container\" data-e-type=\"container\">\n\t\t\t\t\t<div class=\"e-con-inner\">\n\t\t\t\t<div class=\"elementor-element elementor-element-551287e5 elementor-widget elementor-widget-text-editor\" data-id=\"551287e5\" data-element_type=\"widget\" data-e-type=\"widget\" data-widget_type=\"text-editor.default\">\n\t\t\t\t\t\t\t\t\t<div><p><span lang=\"EN-GB\">Mosaic teeb koost\u00f6\u00f6d SiteKioskiga, et pakkuda oma klientidele t\u00e4iustatud iseteeninduslahendusi. Usaldusv\u00e4\u00e4rse tarkvara edasim\u00fc\u00fcjana saame teid juhendada SiteKiosk'i toodete valimisel, mis vastavad teie \u00e4rieesm\u00e4rkidele.<\/span><\/p><\/div><div><p><span lang=\"EN-GB\">Meie ekspertide meeskond tunneb h\u00e4sti interaktiivsete kioskide kasutuselev\u00f5ttu ja saab teid aidata SiteKioski lahenduste sujuval rakendamisel. Oleme p\u00fchendunud erakordsele klienditeenindusele, kiirele hinnapakkumiste koostamisele ja tarnimisele ning konkurentsiv\u00f5imelistele hindadele.<\/span><\/p><\/div><div><p><span lang=\"EN-GB\">Valides Mosaici SiteKiosk-lahendused, saate juurdep\u00e4\u00e4su tehnoloogiale, mis parandab kliendikogemust, t\u00f5hustab tegevust ja pakub turvalist iseteeninduskeskkonda.<\/span><\/p><\/div><div><h6><span lang=\"EN-GB\">T\u00f5sta kasutajate kaasamist SiteKioskiga<\/span><\/h6><\/div><div><p><span lang=\"EN-GB\">SiteKiosk'i rikkalike funktsioonidega lahendused pakuvad ettev\u00f5tetele vahendeid, mida nad vajavad interaktiivsete ja turvaliste iseteeninduskioskide loomiseks. Koost\u00f6\u00f6 Mosaiciga tagab, et saate SiteKiosk'i lahenduste t\u00f5husaks rakendamiseks asjatundlikku juhendamist ja tuge. V\u00f5tke meiega juba t\u00e4na \u00fchendust, et uurida, kuidas SiteKiosk v\u00f5ib aidata teie organisatsioonil pakkuda erakordseid iseteeninduskogemusi ja saavutada oma \u00e4rieesm\u00e4rke.<\/span><\/p><\/div>\t\t\t\t\t\t\t\t<\/div>\n\t\t\t\t\t<\/div>\n\t\t\t\t<\/div>\n\t\t\t\t<section class=\"elementor-section elementor-top-section elementor-element elementor-element-46cd9e7f elementor-section-boxed elementor-section-height-default elementor-section-height-default\" data-id=\"46cd9e7f\" data-element_type=\"section\" data-e-type=\"section\">\n\t\t\t\t\t\t<div class=\"elementor-container elementor-column-gap-default\">\n\t\t\t\t\t<div class=\"elementor-column elementor-col-50 elementor-top-column elementor-element elementor-element-107873d\" data-id=\"107873d\" data-element_type=\"column\" data-e-type=\"column\">\n\t\t\t<div class=\"elementor-widget-wrap\">\n\t\t\t\t\t\t\t<\/div>\n\t\t<\/div>\n\t\t\t\t<div class=\"elementor-column elementor-col-50 elementor-top-column elementor-element elementor-element-7220e235\" data-id=\"7220e235\" data-element_type=\"column\" data-e-type=\"column\">\n\t\t\t<div class=\"elementor-widget-wrap elementor-element-populated\">\n\t\t\t\t\t\t<div class=\"elementor-element elementor-element-84f4a2a elementor-widget elementor-widget-image\" data-id=\"84f4a2a\" data-element_type=\"widget\" data-e-type=\"widget\" data-widget_type=\"image.default\">\n\t\t\t\t\t\t\t\t\t\t\t\t\t\t\t\t<a href=\"https:\/\/www.sitekiosk.com\" target=\"_blank\" rel=\"noopener\">\n\t\t\t\t\t\t\t<img decoding=\"async\" width=\"201\" height=\"156\" src=\"https:\/\/mosaic.ee\/wp-content\/uploads\/2023\/08\/Sitekiosk.png\" class=\"attachment-large size-large wp-image-1863\" alt=\"\" srcset=\"https:\/\/mosaic.ee\/wp-content\/uploads\/2023\/08\/Sitekiosk.png 201w, https:\/\/mosaic.ee\/wp-content\/uploads\/2023\/08\/Sitekiosk-15x12.png 15w\" sizes=\"(max-width: 201px) 100vw, 201px\" \/>\t\t\t\t\t\t\t\t<\/a>\n\t\t\t\t\t\t\t\t\t\t\t\t\t\t\t<\/div>\n\t\t\t\t\t<\/div>\n\t\t<\/div>\n\t\t\t\t\t<\/div>\n\t\t<\/section>\n\t\t\t\t<\/div>","protected":false},"excerpt":{"rendered":"<p>Enhance User Experience with SiteKiosk Software Solutions from Mosaic Why SiteKiosk Software? SiteKiosk, a leading software provider, offers powerful solutions designed to improve user experiences and streamline interactive kiosk deployments. With a comprehensive suite of features, SiteKiosk empowers businesses to create secure and user-friendly self-service kiosk environments for various industries. SiteKiosk&#8217;s software solutions cater to [&hellip;]<\/p>\n","protected":false},"author":1,"featured_media":0,"parent":0,"menu_order":0,"comment_status":"closed","ping_status":"closed","template":"","meta":{"content-type":"","footnotes":""},"class_list":["post-1860","page","type-page","status-publish","hentry"],"_links":{"self":[{"href":"https:\/\/mosaic.ee\/et\/wp-json\/wp\/v2\/pages\/1860","targetHints":{"allow":["GET"]}}],"collection":[{"href":"https:\/\/mosaic.ee\/et\/wp-json\/wp\/v2\/pages"}],"about":[{"href":"https:\/\/mosaic.ee\/et\/wp-json\/wp\/v2\/types\/page"}],"author":[{"embeddable":true,"href":"https:\/\/mosaic.ee\/et\/wp-json\/wp\/v2\/users\/1"}],"replies":[{"embeddable":true,"href":"https:\/\/mosaic.ee\/et\/wp-json\/wp\/v2\/comments?post=1860"}],"version-history":[{"count":4,"href":"https:\/\/mosaic.ee\/et\/wp-json\/wp\/v2\/pages\/1860\/revisions"}],"predecessor-version":[{"id":1867,"href":"https:\/\/mosaic.ee\/et\/wp-json\/wp\/v2\/pages\/1860\/revisions\/1867"}],"wp:attachment":[{"href":"https:\/\/mosaic.ee\/et\/wp-json\/wp\/v2\/media?parent=1860"}],"curies":[{"name":"wp","href":"https:\/\/api.w.org\/{rel}","templated":true}]}}