{"id":1849,"date":"2023-08-22T17:08:02","date_gmt":"2023-08-22T14:08:02","guid":{"rendered":"https:\/\/mosaic.ee\/?page_id=1849"},"modified":"2024-06-03T14:19:32","modified_gmt":"2024-06-03T11:19:32","slug":"raketitarkvara","status":"publish","type":"page","link":"https:\/\/mosaic.ee\/et\/rocket-software\/","title":{"rendered":"Rocket Software"},"content":{"rendered":"<div data-elementor-type=\"wp-page\" data-elementor-id=\"1849\" class=\"elementor elementor-1849\" data-elementor-post-type=\"page\">\n\t\t\t\t\t\t<section class=\"elementor-section elementor-top-section elementor-element elementor-element-6b213e78 elementor-section-boxed elementor-section-height-default elementor-section-height-default\" data-id=\"6b213e78\" data-element_type=\"section\" data-e-type=\"section\">\n\t\t\t\t\t\t<div class=\"elementor-container elementor-column-gap-default\">\n\t\t\t\t\t<div class=\"elementor-column elementor-col-100 elementor-top-column elementor-element elementor-element-50e25824\" data-id=\"50e25824\" data-element_type=\"column\" data-e-type=\"column\">\n\t\t\t<div class=\"elementor-widget-wrap elementor-element-populated\">\n\t\t\t\t\t\t<div class=\"elementor-element elementor-element-11d7df24 elementor-widget elementor-widget-heading\" data-id=\"11d7df24\" data-element_type=\"widget\" data-e-type=\"widget\" data-widget_type=\"heading.default\">\n\t\t\t\t\t<h2 class=\"elementor-heading-title elementor-size-xl\">Optimeerige oma \u00e4ri Mosaic'i Rocket Software tarkavalahendustega<\/h2>\t\t\t\t<\/div>\n\t\t\t\t\t<\/div>\n\t\t<\/div>\n\t\t\t\t\t<\/div>\n\t\t<\/section>\n\t\t<div class=\"elementor-element elementor-element-3bce93e1 e-flex e-con-boxed e-con e-parent\" data-id=\"3bce93e1\" data-element_type=\"container\" data-e-type=\"container\">\n\t\t\t\t\t<div class=\"e-con-inner\">\n\t\t\t\t<div class=\"elementor-element elementor-element-e88ccf1 elementor-widget elementor-widget-image\" data-id=\"e88ccf1\" data-element_type=\"widget\" data-e-type=\"widget\" data-widget_type=\"image.default\">\n\t\t\t\t\t\t\t\t\t\t\t\t\t\t\t<img fetchpriority=\"high\" decoding=\"async\" width=\"768\" height=\"378\" src=\"https:\/\/mosaic.ee\/wp-content\/uploads\/2023\/08\/vectorstock_47219747-768x378.png\" class=\"attachment-medium_large size-medium_large wp-image-1853\" alt=\"\" srcset=\"https:\/\/mosaic.ee\/wp-content\/uploads\/2023\/08\/vectorstock_47219747-768x378.png 768w, https:\/\/mosaic.ee\/wp-content\/uploads\/2023\/08\/vectorstock_47219747-300x148.png 300w, https:\/\/mosaic.ee\/wp-content\/uploads\/2023\/08\/vectorstock_47219747-1024x504.png 1024w, https:\/\/mosaic.ee\/wp-content\/uploads\/2023\/08\/vectorstock_47219747-1536x757.png 1536w, https:\/\/mosaic.ee\/wp-content\/uploads\/2023\/08\/vectorstock_47219747-2048x1009.png 2048w, https:\/\/mosaic.ee\/wp-content\/uploads\/2023\/08\/vectorstock_47219747-18x9.png 18w\" sizes=\"(max-width: 768px) 100vw, 768px\" \/>\t\t\t\t\t\t\t\t\t\t\t\t\t\t\t<\/div>\n\t\t\t\t\t<\/div>\n\t\t\t\t<\/div>\n\t\t<div class=\"elementor-element elementor-element-51f096bd e-flex e-con-boxed e-con e-parent\" data-id=\"51f096bd\" data-element_type=\"container\" data-e-type=\"container\">\n\t\t\t\t\t<div class=\"e-con-inner\">\n\t\t\t\t<div class=\"elementor-element elementor-element-4d84fdfb elementor-widget elementor-widget-heading\" data-id=\"4d84fdfb\" data-element_type=\"widget\" data-e-type=\"widget\" data-widget_type=\"heading.default\">\n\t\t\t\t\t<h2 class=\"elementor-heading-title elementor-size-large\">Miks Rocket Software tarkvara?<\/h2>\t\t\t\t<\/div>\n\t\t\t\t\t<\/div>\n\t\t\t\t<\/div>\n\t\t<div class=\"elementor-element elementor-element-365a065b e-flex e-con-boxed e-con e-parent\" data-id=\"365a065b\" data-element_type=\"container\" data-e-type=\"container\">\n\t\t\t\t\t<div class=\"e-con-inner\">\n\t\t\t\t<div class=\"elementor-element elementor-element-7a2622f5 elementor-widget elementor-widget-text-editor\" data-id=\"7a2622f5\" data-element_type=\"widget\" data-e-type=\"widget\" data-widget_type=\"text-editor.default\">\n\t\t\t\t\t\t\t\t\t<p style=\"font-weight: 400;\"><a href=\"https:\/\/www.rocketsoftware.com\" target=\"_blank\" rel=\"noopener\">Rocket Software<\/a>, \u00fclemaailmne tehnoloogiapakkuja, pakub uuenduslikke lahendusi, mis aitavad ettev\u00f5tetel t\u00f5hustada oma tegevust ja edendada digitaalset \u00fcmberkujundamist. Rocket Software pakub laiaulatuslikku tarkvaraportfelli, mis v\u00f5imaldab organisatsioonidel moderniseerida oma IT-s\u00fcsteeme, parandada kliendikogemust ja kiirendada ettev\u00f5tte kasvu.<\/p><p style=\"font-weight: 400;\">Rocket Software'i lahenduste pakett h\u00f5lmab laia valikut valdkondi, sealhulgas rakenduste arendamist, andmehaldust, suurarvutite optimeerimist ja muud. Need lahendused on kohandatud ettev\u00f5tete mitmesuguste vajaduste rahuldamiseks, kes soovivad kasutada tehnoloogiat oma strateegiliste eesm\u00e4rkide saavutamiseks.<\/p><p style=\"font-weight: 400;\">Peamised eelised <a href=\"https:\/\/www.rocketsoftware.com\" target=\"_blank\" rel=\"noopener\">Rocket Software<\/a> Lahendused:<\/p><ol style=\"font-weight: 400;\"><li>Rakenduse moderniseerimine: Rocket Software aitab ettev\u00f5tetel moderniseerida oma rakendusi, muutes need paindlikumaks, reageerimisv\u00f5imelisemaks ja kaasaegsete tehnoloogiatega vastavusse viiduks.<\/li><li>Andmehaldus: Rocket Software pakub tugevaid andmehalduslahendusi, mis v\u00f5imaldavad organisatsioonidel oma andmevara t\u00f5husalt hallata ja kasutada seda paremate otsuste tegemiseks.<\/li><li>Mainframe'i optimeerimine: Rocket Software abil saavad ettev\u00f5tted optimeerida oma suurarvutis\u00fcsteeme, et suurendada j\u00f5udlust, v\u00e4hendada kulusid ja tagada pikaajaline t\u00f6\u00f6kindlus.<\/li><li>Digitaalne \u00fcmberkujundamine: Rocket Software'i lahendused toetavad digitaalse \u00fcmberkujundamise algatusi, v\u00f5imaldades organisatsioonidel kohaneda muutuva turud\u00fcnaamikaga ja j\u00e4\u00e4da konkurentsiv\u00f5imeliseks.<\/li><\/ol>\t\t\t\t\t\t\t\t<\/div>\n\t\t\t\t\t<\/div>\n\t\t\t\t<\/div>\n\t\t\t\t<section class=\"elementor-section elementor-top-section elementor-element elementor-element-37195622 elementor-section-boxed elementor-section-height-default elementor-section-height-default\" data-id=\"37195622\" data-element_type=\"section\" data-e-type=\"section\">\n\t\t\t\t\t\t<div class=\"elementor-container elementor-column-gap-default\">\n\t\t\t\t\t<div class=\"elementor-column elementor-col-50 elementor-top-column elementor-element elementor-element-54c8654\" data-id=\"54c8654\" data-element_type=\"column\" data-e-type=\"column\">\n\t\t\t<div class=\"elementor-widget-wrap\">\n\t\t\t\t\t\t\t<\/div>\n\t\t<\/div>\n\t\t\t\t<div class=\"elementor-column elementor-col-50 elementor-top-column elementor-element elementor-element-6edcf5e7\" data-id=\"6edcf5e7\" data-element_type=\"column\" data-e-type=\"column\">\n\t\t\t<div class=\"elementor-widget-wrap elementor-element-populated\">\n\t\t\t\t\t\t<div class=\"elementor-element elementor-element-41c987ce elementor-widget elementor-widget-image\" data-id=\"41c987ce\" data-element_type=\"widget\" data-e-type=\"widget\" data-widget_type=\"image.default\">\n\t\t\t\t\t\t\t\t\t\t\t\t\t\t\t\t<a href=\"https:\/\/www.rocketsoftware.com\" target=\"_blank\" rel=\"noopener\">\n\t\t\t\t\t\t\t<img decoding=\"async\" width=\"225\" height=\"225\" src=\"https:\/\/mosaic.ee\/wp-content\/uploads\/2023\/08\/Rocket-Software.png\" class=\"attachment-medium size-medium wp-image-1852\" alt=\"Rocket Software\" srcset=\"https:\/\/mosaic.ee\/wp-content\/uploads\/2023\/08\/Rocket-Software.png 225w, https:\/\/mosaic.ee\/wp-content\/uploads\/2023\/08\/Rocket-Software-150x150.png 150w, https:\/\/mosaic.ee\/wp-content\/uploads\/2023\/08\/Rocket-Software-12x12.png 12w\" sizes=\"(max-width: 225px) 100vw, 225px\" \/>\t\t\t\t\t\t\t\t<\/a>\n\t\t\t\t\t\t\t\t\t\t\t\t\t\t\t<\/div>\n\t\t\t\t\t<\/div>\n\t\t<\/div>\n\t\t\t\t\t<\/div>\n\t\t<\/section>\n\t\t<div class=\"elementor-element elementor-element-43ad04a8 e-flex e-con-boxed e-con e-parent\" data-id=\"43ad04a8\" data-element_type=\"container\" data-e-type=\"container\">\n\t\t\t\t\t<div class=\"e-con-inner\">\n\t\t\t\t<div class=\"elementor-element elementor-element-3220c465 elementor-widget elementor-widget-heading\" data-id=\"3220c465\" data-element_type=\"widget\" data-e-type=\"widget\" data-widget_type=\"heading.default\">\n\t\t\t\t\t<h2 class=\"elementor-heading-title elementor-size-large\">Miks osta Rocket tarkvara Mosaicilt?<\/h2>\t\t\t\t<\/div>\n\t\t\t\t\t<\/div>\n\t\t\t\t<\/div>\n\t\t<div class=\"elementor-element elementor-element-137e9aa8 e-flex e-con-boxed e-con e-parent\" data-id=\"137e9aa8\" data-element_type=\"container\" data-e-type=\"container\">\n\t\t\t\t\t<div class=\"e-con-inner\">\n\t\t\t\t<div class=\"elementor-element elementor-element-2e8be632 elementor-widget elementor-widget-text-editor\" data-id=\"2e8be632\" data-element_type=\"widget\" data-e-type=\"widget\" data-widget_type=\"text-editor.default\">\n\t\t\t\t\t\t\t\t\t<div><p><span lang=\"EN-GB\">Usaldusv\u00e4\u00e4rse tarkvara edasim\u00fc\u00fcjana saame teid juhendada, kuidas valida \u00f5igeid Rocket Software'i tooteid, mis vastavad teie \u00e4rivajadustele.<\/span><\/p><\/div><div><p><span lang=\"EN-GB\">Oleme p\u00fchendunud erakordse klienditeeninduse, kiire pakkumise ja tarnimise ning konkurentsiv\u00f5imelise hinnakujunduse tagamisele.<\/span><\/p><\/div><div><p><span lang=\"EN-GB\">Valides Mosaic'i Rocket Software'i lahendused, saate juurdep\u00e4\u00e4su tehnoloogiale, mis v\u00f5imaldab teie organisatsioonil uuendada, t\u00e4iustada tegevust ja j\u00e4\u00e4da digitaalajastul ettepoole.<\/span><\/p><\/div><div><h6><span lang=\"EN-GB\">\u00c4ripotentsiaali avamine koos Rocket Software'iga<\/span><\/h6><\/div><div><p><span lang=\"EN-GB\">Rocket Software'i uuenduslikud lahendused pakuvad ettev\u00f5tetele vahendeid, mida nad vajavad oma tegevuse optimeerimiseks, kliendikogemuse parandamiseks ja majanduskasvu edendamiseks. Koost\u00f6\u00f6 Mosaiciga tagab, et saate Rocket Software'i lahenduste t\u00f5husaks rakendamiseks asjatundlikku juhendamist ja tuge. V\u00f5tke meiega juba t\u00e4na \u00fchendust, et uurida, kuidas Rocket Software aitab teie ettev\u00f5ttel saavutada strateegilisi eesm\u00e4rke ja areneda kaasaegsel \u00e4rimaastikul.<\/span><\/p><\/div>\t\t\t\t\t\t\t\t<\/div>\n\t\t\t\t\t<\/div>\n\t\t\t\t<\/div>\n\t\t\t\t<section class=\"elementor-section elementor-top-section elementor-element elementor-element-6ab357e0 elementor-section-boxed elementor-section-height-default elementor-section-height-default\" data-id=\"6ab357e0\" data-element_type=\"section\" data-e-type=\"section\">\n\t\t\t\t\t\t<div class=\"elementor-container elementor-column-gap-default\">\n\t\t\t\t\t<div class=\"elementor-column elementor-col-50 elementor-top-column elementor-element elementor-element-637cd659\" data-id=\"637cd659\" data-element_type=\"column\" data-e-type=\"column\">\n\t\t\t<div class=\"elementor-widget-wrap\">\n\t\t\t\t\t\t\t<\/div>\n\t\t<\/div>\n\t\t\t\t<div class=\"elementor-column elementor-col-50 elementor-top-column elementor-element elementor-element-26d0ee88\" data-id=\"26d0ee88\" data-element_type=\"column\" data-e-type=\"column\">\n\t\t\t<div class=\"elementor-widget-wrap elementor-element-populated\">\n\t\t\t\t\t\t<div class=\"elementor-element elementor-element-655d1ea2 elementor-widget elementor-widget-image\" data-id=\"655d1ea2\" data-element_type=\"widget\" data-e-type=\"widget\" data-widget_type=\"image.default\">\n\t\t\t\t\t\t\t\t\t\t\t\t\t\t\t\t<a href=\"https:\/\/www.rocketsoftware.com\" target=\"_blank\" rel=\"noopener\">\n\t\t\t\t\t\t\t<img decoding=\"async\" width=\"225\" height=\"225\" src=\"https:\/\/mosaic.ee\/wp-content\/uploads\/2023\/08\/Rocket-Software.png\" class=\"attachment-large size-large wp-image-1852\" alt=\"Rocket Software\" srcset=\"https:\/\/mosaic.ee\/wp-content\/uploads\/2023\/08\/Rocket-Software.png 225w, https:\/\/mosaic.ee\/wp-content\/uploads\/2023\/08\/Rocket-Software-150x150.png 150w, https:\/\/mosaic.ee\/wp-content\/uploads\/2023\/08\/Rocket-Software-12x12.png 12w\" sizes=\"(max-width: 225px) 100vw, 225px\" \/>\t\t\t\t\t\t\t\t<\/a>\n\t\t\t\t\t\t\t\t\t\t\t\t\t\t\t<\/div>\n\t\t\t\t\t<\/div>\n\t\t<\/div>\n\t\t\t\t\t<\/div>\n\t\t<\/section>\n\t\t\t\t<\/div>","protected":false},"excerpt":{"rendered":"<p>Optimize Your Business with Rocket Software Solutions from Mosaic Why Rocket Software Software? Rocket Software, a global technology provider, offers innovative solutions designed to help businesses enhance their operations and drive digital transformation. With a comprehensive portfolio of software offerings, Rocket Software empowers organizations to modernize their IT systems, improve customer experiences, and accelerate business [&hellip;]<\/p>\n","protected":false},"author":1,"featured_media":0,"parent":0,"menu_order":0,"comment_status":"closed","ping_status":"closed","template":"","meta":{"content-type":"","footnotes":""},"class_list":["post-1849","page","type-page","status-publish","hentry"],"_links":{"self":[{"href":"https:\/\/mosaic.ee\/et\/wp-json\/wp\/v2\/pages\/1849","targetHints":{"allow":["GET"]}}],"collection":[{"href":"https:\/\/mosaic.ee\/et\/wp-json\/wp\/v2\/pages"}],"about":[{"href":"https:\/\/mosaic.ee\/et\/wp-json\/wp\/v2\/types\/page"}],"author":[{"embeddable":true,"href":"https:\/\/mosaic.ee\/et\/wp-json\/wp\/v2\/users\/1"}],"replies":[{"embeddable":true,"href":"https:\/\/mosaic.ee\/et\/wp-json\/wp\/v2\/comments?post=1849"}],"version-history":[{"count":4,"href":"https:\/\/mosaic.ee\/et\/wp-json\/wp\/v2\/pages\/1849\/revisions"}],"predecessor-version":[{"id":1856,"href":"https:\/\/mosaic.ee\/et\/wp-json\/wp\/v2\/pages\/1849\/revisions\/1856"}],"wp:attachment":[{"href":"https:\/\/mosaic.ee\/et\/wp-json\/wp\/v2\/media?parent=1849"}],"curies":[{"name":"wp","href":"https:\/\/api.w.org\/{rel}","templated":true}]}}