{"id":1838,"date":"2023-08-22T16:59:00","date_gmt":"2023-08-22T13:59:00","guid":{"rendered":"https:\/\/mosaic.ee\/?page_id=1838"},"modified":"2024-06-03T15:08:55","modified_gmt":"2024-06-03T12:08:55","slug":"realgames","status":"publish","type":"page","link":"https:\/\/mosaic.ee\/et\/realgames\/","title":{"rendered":"RealGames"},"content":{"rendered":"<div data-elementor-type=\"wp-page\" data-elementor-id=\"1838\" class=\"elementor elementor-1838\" data-elementor-post-type=\"page\">\n\t\t\t\t\t\t<section class=\"elementor-section elementor-top-section elementor-element elementor-element-2c32360 elementor-section-boxed elementor-section-height-default elementor-section-height-default\" data-id=\"2c32360\" data-element_type=\"section\" data-e-type=\"section\">\n\t\t\t\t\t\t<div class=\"elementor-container elementor-column-gap-default\">\n\t\t\t\t\t<div class=\"elementor-column elementor-col-100 elementor-top-column elementor-element elementor-element-1f0a5f75\" data-id=\"1f0a5f75\" data-element_type=\"column\" data-e-type=\"column\">\n\t\t\t<div class=\"elementor-widget-wrap elementor-element-populated\">\n\t\t\t\t\t\t<div class=\"elementor-element elementor-element-4ef1fc0a elementor-widget elementor-widget-heading\" data-id=\"4ef1fc0a\" data-element_type=\"widget\" data-e-type=\"widget\" data-widget_type=\"heading.default\">\n\t\t\t\t\t<h2 class=\"elementor-heading-title elementor-size-xl\">Parandage koolitust ja simulatsiooni Mosaic'i t\u00f5eliste m\u00e4ngulahendustega <\/h2>\t\t\t\t<\/div>\n\t\t\t\t\t<\/div>\n\t\t<\/div>\n\t\t\t\t\t<\/div>\n\t\t<\/section>\n\t\t<div class=\"elementor-element elementor-element-5ea5b2c2 e-flex e-con-boxed e-con e-parent\" data-id=\"5ea5b2c2\" data-element_type=\"container\" data-e-type=\"container\">\n\t\t\t\t\t<div class=\"e-con-inner\">\n\t\t\t\t<div class=\"elementor-element elementor-element-2d9979d5 elementor-widget elementor-widget-image\" data-id=\"2d9979d5\" data-element_type=\"widget\" data-e-type=\"widget\" data-widget_type=\"image.default\">\n\t\t\t\t\t\t\t\t\t\t\t\t\t\t\t<img fetchpriority=\"high\" decoding=\"async\" width=\"768\" height=\"494\" src=\"https:\/\/mosaic.ee\/wp-content\/uploads\/2023\/08\/vectorstock_32262562_transparent-768x494.png\" class=\"attachment-medium_large size-medium_large wp-image-1842\" alt=\"\" srcset=\"https:\/\/mosaic.ee\/wp-content\/uploads\/2023\/08\/vectorstock_32262562_transparent-768x494.png 768w, https:\/\/mosaic.ee\/wp-content\/uploads\/2023\/08\/vectorstock_32262562_transparent-300x193.png 300w, https:\/\/mosaic.ee\/wp-content\/uploads\/2023\/08\/vectorstock_32262562_transparent-1024x658.png 1024w, https:\/\/mosaic.ee\/wp-content\/uploads\/2023\/08\/vectorstock_32262562_transparent-1536x988.png 1536w, https:\/\/mosaic.ee\/wp-content\/uploads\/2023\/08\/vectorstock_32262562_transparent-2048x1317.png 2048w, https:\/\/mosaic.ee\/wp-content\/uploads\/2023\/08\/vectorstock_32262562_transparent-18x12.png 18w\" sizes=\"(max-width: 768px) 100vw, 768px\" \/>\t\t\t\t\t\t\t\t\t\t\t\t\t\t\t<\/div>\n\t\t\t\t\t<\/div>\n\t\t\t\t<\/div>\n\t\t<div class=\"elementor-element elementor-element-4ec87afd e-flex e-con-boxed e-con e-parent\" data-id=\"4ec87afd\" data-element_type=\"container\" data-e-type=\"container\">\n\t\t\t\t\t<div class=\"e-con-inner\">\n\t\t\t\t<div class=\"elementor-element elementor-element-551497f6 elementor-widget elementor-widget-heading\" data-id=\"551497f6\" data-element_type=\"widget\" data-e-type=\"widget\" data-widget_type=\"heading.default\">\n\t\t\t\t\t<h2 class=\"elementor-heading-title elementor-size-large\">Miks Real Games tarkvara?<\/h2>\t\t\t\t<\/div>\n\t\t\t\t\t<\/div>\n\t\t\t\t<\/div>\n\t\t<div class=\"elementor-element elementor-element-5c215a8d e-flex e-con-boxed e-con e-parent\" data-id=\"5c215a8d\" data-element_type=\"container\" data-e-type=\"container\">\n\t\t\t\t\t<div class=\"e-con-inner\">\n\t\t\t\t<div class=\"elementor-element elementor-element-41b48fdf elementor-widget elementor-widget-text-editor\" data-id=\"41b48fdf\" data-element_type=\"widget\" data-e-type=\"widget\" data-widget_type=\"text-editor.default\">\n\t\t\t\t\t\t\t\t\t<p style=\"font-weight: 400;\"><a href=\"https:\/\/realgames.co\" target=\"_blank\" rel=\"noopener\">Real Games<\/a> pakub terviklikku tarkvaralahenduste paketti, mis on loodud realistliku ja kaasahaarava koolituse ja simulatsiooni kogemuse pakkumiseks. Real Games'i tipptasemel tehnoloogia abil saavad organisatsioonid simuleerida erinevaid stsenaariume, keskkondi ja v\u00e4ljakutseid, et koolitada t\u00f6\u00f6tajaid, parandada oskusi ja parandada otsuste tegemist.<\/p><p style=\"font-weight: 400;\">Real Games'i lahenduste pakett h\u00f5lmab laia valikut koolitus- ja simulatsioonivaldkondi, sealhulgas virtuaalreaalsuse (VR), liitreaalsuse (AR) ja segareaalsuse (MR) rakendusi. Need lahendused on loodud selleks, et aidata organisatsioonidel luua kaasahaaravaid ja t\u00f5husaid koolitusprogramme, mis j\u00e4ljendavad reaalseid olukordi ja annavad \u00f5ppijatele rohkem v\u00f5imalusi.<\/p><p style=\"font-weight: 400;\">Peamised eelised <a href=\"https:\/\/realgames.co\" target=\"_blank\" rel=\"noopener\">Real Games<\/a> Lahendused:<\/p><ol style=\"font-weight: 400;\"><li>Immersiivne koolitus: Real Games v\u00f5imaldab organisatsioonidel luua kaasahaaravaid koolituskeskkondi, mis j\u00e4ljendavad tegelikke olukordi, et saavutada t\u00f5hus \u00f5ppimine.<\/li><li>Oskuste t\u00e4iustamine: Real Games'i lahendused aitavad \u00f5ppijatel oma oskusi virtuaalsetes keskkondades praktiliste kogemuste kaudu parandada.<\/li><li>Otsuste tegemise parandamine: Reaalsete m\u00e4ngude simulatsioonid v\u00f5imaldavad \u00f5ppijatel harjutada otsuste tegemist riskivabas keskkonnas, valmistades neid ette reaalseteks stsenaariumideks.<\/li><li>Kaasamine ja hoidmine: Reaalsete m\u00e4ngude lahendused pakuvad kaasahaaravaid ja interaktiivseid kogemusi, mis parandavad \u00f5ppijate kaasatust ja teabe s\u00e4ilitamist.<\/li><\/ol>\t\t\t\t\t\t\t\t<\/div>\n\t\t\t\t\t<\/div>\n\t\t\t\t<\/div>\n\t\t\t\t<section class=\"elementor-section elementor-top-section elementor-element elementor-element-735ce175 elementor-section-boxed elementor-section-height-default elementor-section-height-default\" data-id=\"735ce175\" data-element_type=\"section\" data-e-type=\"section\">\n\t\t\t\t\t\t<div class=\"elementor-container elementor-column-gap-default\">\n\t\t\t\t\t<div class=\"elementor-column elementor-col-50 elementor-top-column elementor-element elementor-element-5e04afb0\" data-id=\"5e04afb0\" data-element_type=\"column\" data-e-type=\"column\">\n\t\t\t<div class=\"elementor-widget-wrap\">\n\t\t\t\t\t\t\t<\/div>\n\t\t<\/div>\n\t\t\t\t<div class=\"elementor-column elementor-col-50 elementor-top-column elementor-element elementor-element-5c2b0bd9\" data-id=\"5c2b0bd9\" data-element_type=\"column\" data-e-type=\"column\">\n\t\t\t<div class=\"elementor-widget-wrap elementor-element-populated\">\n\t\t\t\t\t\t<div class=\"elementor-element elementor-element-4f1be2b2 elementor-widget elementor-widget-image\" data-id=\"4f1be2b2\" data-element_type=\"widget\" data-e-type=\"widget\" data-widget_type=\"image.default\">\n\t\t\t\t\t\t\t\t\t\t\t\t\t\t\t\t<a href=\"https:\/\/realgames.co\" target=\"_blank\" rel=\"noopener\">\n\t\t\t\t\t\t\t<img decoding=\"async\" width=\"300\" height=\"300\" src=\"https:\/\/mosaic.ee\/wp-content\/uploads\/2023\/08\/Real-Games-300x300.png\" class=\"attachment-medium size-medium wp-image-1841\" alt=\"Real Games\" srcset=\"https:\/\/mosaic.ee\/wp-content\/uploads\/2023\/08\/Real-Games-300x300.png 300w, https:\/\/mosaic.ee\/wp-content\/uploads\/2023\/08\/Real-Games-150x150.png 150w, https:\/\/mosaic.ee\/wp-content\/uploads\/2023\/08\/Real-Games-768x768.png 768w, https:\/\/mosaic.ee\/wp-content\/uploads\/2023\/08\/Real-Games-12x12.png 12w, https:\/\/mosaic.ee\/wp-content\/uploads\/2023\/08\/Real-Games.png 1000w\" sizes=\"(max-width: 300px) 100vw, 300px\" \/>\t\t\t\t\t\t\t\t<\/a>\n\t\t\t\t\t\t\t\t\t\t\t\t\t\t\t<\/div>\n\t\t\t\t\t<\/div>\n\t\t<\/div>\n\t\t\t\t\t<\/div>\n\t\t<\/section>\n\t\t<div class=\"elementor-element elementor-element-52df4ee8 e-flex e-con-boxed e-con e-parent\" data-id=\"52df4ee8\" data-element_type=\"container\" data-e-type=\"container\">\n\t\t\t\t\t<div class=\"e-con-inner\">\n\t\t\t\t<div class=\"elementor-element elementor-element-37b84a13 elementor-widget elementor-widget-heading\" data-id=\"37b84a13\" data-element_type=\"widget\" data-e-type=\"widget\" data-widget_type=\"heading.default\">\n\t\t\t\t\t<h2 class=\"elementor-heading-title elementor-size-large\">Miks osta t\u00f5elisi m\u00e4nge Mosaicist?<\/h2>\t\t\t\t<\/div>\n\t\t\t\t\t<\/div>\n\t\t\t\t<\/div>\n\t\t<div class=\"elementor-element elementor-element-64b1486a e-flex e-con-boxed e-con e-parent\" data-id=\"64b1486a\" data-element_type=\"container\" data-e-type=\"container\">\n\t\t\t\t\t<div class=\"e-con-inner\">\n\t\t\t\t<div class=\"elementor-element elementor-element-1c321d97 elementor-widget elementor-widget-text-editor\" data-id=\"1c321d97\" data-element_type=\"widget\" data-e-type=\"widget\" data-widget_type=\"text-editor.default\">\n\t\t\t\t\t\t\t\t\t<p style=\"font-weight: 400;\">Mosaic pakub Real Games'i t\u00e4iustatud lahendusi, mis v\u00f5imaldavad organisatsioonidel suurendada oma koolitus- ja simulatsiooniv\u00f5imalusi immersiivse tehnoloogia abil. Meie ekspertide meeskond aitab teil valida \u00f5igeid Real Gamesi tooteid, mis vastavad teie koolitusvajadustele ja -n\u00f5uetele.<\/p><p style=\"font-weight: 400;\">Usaldusv\u00e4\u00e4rse partnerina on Mosaic spetsialiseerunud tarkvaralahenduste pakkumisele, mis muudavad koolitus- ja simulatsioonikogemusi, suurendavad t\u00f6\u00f6tajate oskusi ja parandavad tulemuslikkust. T\u00e4nu meie kogemustele saate Real Games'i lahendusi sujuvalt oma koolitusprogrammidesse integreerida ja pakkuda m\u00f5jusaid \u00f5pikogemusi.<\/p><p style=\"font-weight: 400;\">Mosaic on p\u00fchendunud erakordsele klienditeenindusele ja konkurentsiv\u00f5imelistele hindadele. Valides Mosaic O\u00dc Real Games'i lahendused, saate juurdep\u00e4\u00e4su uuenduslikule tehnoloogiale, mis v\u00f5imaldab teie organisatsioonil saavutada suurep\u00e4raseid tulemusi koolituse ja simulatsiooni valdkonnas.<\/p><h6 style=\"font-weight: 400;\">T\u00f5sta koolitus ja simulatsioon reaalsete m\u00e4ngulahendustega<\/h6><p style=\"font-weight: 400;\">Real Games'i lahendused pakuvad organisatsioonidele vahendeid, mis on vajalikud realistlike ja kaasahaaravate koolituskogemuste loomiseks. Koost\u00f6\u00f6 Mosaiciga tagab, et saate Real Games'i lahenduste t\u00f5husaks rakendamiseks asjatundlikku juhendamist ja tuge. V\u00f5tke meiega juba t\u00e4na \u00fchendust, et uurida, kuidas Real Games'i lahendused v\u00f5ivad parandada teie organisatsiooni koolitus- ja simulatsiooniv\u00f5imalusi.<\/p>\t\t\t\t\t\t\t\t<\/div>\n\t\t\t\t\t<\/div>\n\t\t\t\t<\/div>\n\t\t\t\t<section class=\"elementor-section elementor-top-section elementor-element elementor-element-29bc6615 elementor-section-boxed elementor-section-height-default elementor-section-height-default\" data-id=\"29bc6615\" data-element_type=\"section\" data-e-type=\"section\">\n\t\t\t\t\t\t<div class=\"elementor-container elementor-column-gap-default\">\n\t\t\t\t\t<div class=\"elementor-column elementor-col-50 elementor-top-column elementor-element elementor-element-771a62fe\" data-id=\"771a62fe\" data-element_type=\"column\" data-e-type=\"column\">\n\t\t\t<div class=\"elementor-widget-wrap\">\n\t\t\t\t\t\t\t<\/div>\n\t\t<\/div>\n\t\t\t\t<div class=\"elementor-column elementor-col-50 elementor-top-column elementor-element elementor-element-16cf743d\" data-id=\"16cf743d\" data-element_type=\"column\" data-e-type=\"column\">\n\t\t\t<div class=\"elementor-widget-wrap elementor-element-populated\">\n\t\t\t\t\t\t<div class=\"elementor-element elementor-element-3f89b94b elementor-widget elementor-widget-image\" data-id=\"3f89b94b\" data-element_type=\"widget\" data-e-type=\"widget\" data-widget_type=\"image.default\">\n\t\t\t\t\t\t\t\t\t\t\t\t\t\t\t\t<a href=\"https:\/\/realgames.co\" target=\"_blank\" rel=\"noopener\">\n\t\t\t\t\t\t\t<img decoding=\"async\" width=\"800\" height=\"800\" src=\"https:\/\/mosaic.ee\/wp-content\/uploads\/2023\/08\/Real-Games.png\" class=\"attachment-large size-large wp-image-1841\" alt=\"Real Games\" srcset=\"https:\/\/mosaic.ee\/wp-content\/uploads\/2023\/08\/Real-Games.png 1000w, https:\/\/mosaic.ee\/wp-content\/uploads\/2023\/08\/Real-Games-300x300.png 300w, https:\/\/mosaic.ee\/wp-content\/uploads\/2023\/08\/Real-Games-150x150.png 150w, https:\/\/mosaic.ee\/wp-content\/uploads\/2023\/08\/Real-Games-768x768.png 768w, https:\/\/mosaic.ee\/wp-content\/uploads\/2023\/08\/Real-Games-12x12.png 12w\" sizes=\"(max-width: 800px) 100vw, 800px\" \/>\t\t\t\t\t\t\t\t<\/a>\n\t\t\t\t\t\t\t\t\t\t\t\t\t\t\t<\/div>\n\t\t\t\t\t<\/div>\n\t\t<\/div>\n\t\t\t\t\t<\/div>\n\t\t<\/section>\n\t\t\t\t<\/div>","protected":false},"excerpt":{"rendered":"<p>Enhance Training and Simulation with Real Games Solutions from Mosaic Why Real Games Software? Real Games offers a comprehensive suite of software solutions designed to provide realistic and immersive training and simulation experiences. With Real Games&#8217; cutting-edge technology, organizations can simulate various scenarios, environments, and challenges to train employees, enhance skills, and improve decision-making. Real [&hellip;]<\/p>\n","protected":false},"author":1,"featured_media":0,"parent":0,"menu_order":0,"comment_status":"closed","ping_status":"closed","template":"","meta":{"content-type":"","footnotes":""},"class_list":["post-1838","page","type-page","status-publish","hentry"],"_links":{"self":[{"href":"https:\/\/mosaic.ee\/et\/wp-json\/wp\/v2\/pages\/1838","targetHints":{"allow":["GET"]}}],"collection":[{"href":"https:\/\/mosaic.ee\/et\/wp-json\/wp\/v2\/pages"}],"about":[{"href":"https:\/\/mosaic.ee\/et\/wp-json\/wp\/v2\/types\/page"}],"author":[{"embeddable":true,"href":"https:\/\/mosaic.ee\/et\/wp-json\/wp\/v2\/users\/1"}],"replies":[{"embeddable":true,"href":"https:\/\/mosaic.ee\/et\/wp-json\/wp\/v2\/comments?post=1838"}],"version-history":[{"count":4,"href":"https:\/\/mosaic.ee\/et\/wp-json\/wp\/v2\/pages\/1838\/revisions"}],"predecessor-version":[{"id":1845,"href":"https:\/\/mosaic.ee\/et\/wp-json\/wp\/v2\/pages\/1838\/revisions\/1845"}],"wp:attachment":[{"href":"https:\/\/mosaic.ee\/et\/wp-json\/wp\/v2\/media?parent=1838"}],"curies":[{"name":"wp","href":"https:\/\/api.w.org\/{rel}","templated":true}]}}