{"id":1807,"date":"2023-08-22T15:39:44","date_gmt":"2023-08-22T12:39:44","guid":{"rendered":"https:\/\/mosaic.ee\/?page_id=1807"},"modified":"2024-10-24T12:35:43","modified_gmt":"2024-10-24T09:35:43","slug":"arsenal-rekonstrueerimine","status":"publish","type":"page","link":"https:\/\/mosaic.ee\/et\/arsenal-recon\/","title":{"rendered":"Arsenal Recon"},"content":{"rendered":"<div data-elementor-type=\"wp-page\" data-elementor-id=\"1807\" class=\"elementor elementor-1807\" data-elementor-post-type=\"page\">\n\t\t\t\t\t\t<section class=\"elementor-section elementor-top-section elementor-element elementor-element-d233b6a elementor-section-boxed elementor-section-height-default elementor-section-height-default\" data-id=\"d233b6a\" data-element_type=\"section\" data-e-type=\"section\">\n\t\t\t\t\t\t<div class=\"elementor-container elementor-column-gap-default\">\n\t\t\t\t\t<div class=\"elementor-column elementor-col-100 elementor-top-column elementor-element elementor-element-507d0e85\" data-id=\"507d0e85\" data-element_type=\"column\" data-e-type=\"column\">\n\t\t\t<div class=\"elementor-widget-wrap elementor-element-populated\">\n\t\t\t\t\t\t<div class=\"elementor-element elementor-element-2a664929 elementor-widget elementor-widget-heading\" data-id=\"2a664929\" data-element_type=\"widget\" data-e-type=\"widget\" data-widget_type=\"heading.default\">\n\t\t\t\t\t<h2 class=\"elementor-heading-title elementor-size-xl\">T\u00f5sta digitaalset kohtuekspertiisi ja intsidentidele reageerimist Arsenal Recon lahendustega Mosaicilt <\/h2>\t\t\t\t<\/div>\n\t\t\t\t\t<\/div>\n\t\t<\/div>\n\t\t\t\t\t<\/div>\n\t\t<\/section>\n\t\t<div class=\"elementor-element elementor-element-2049290 e-flex e-con-boxed e-con e-parent\" data-id=\"2049290\" data-element_type=\"container\" data-e-type=\"container\">\n\t\t\t\t\t<div class=\"e-con-inner\">\n\t\t\t\t<div class=\"elementor-element elementor-element-28b9663a elementor-widget elementor-widget-image\" data-id=\"28b9663a\" data-element_type=\"widget\" data-e-type=\"widget\" data-widget_type=\"image.default\">\n\t\t\t\t\t\t\t\t\t\t\t\t\t\t\t<img fetchpriority=\"high\" decoding=\"async\" width=\"768\" height=\"558\" src=\"https:\/\/mosaic.ee\/wp-content\/uploads\/2023\/08\/vectorstock_32262627_transparent-768x558.png\" class=\"attachment-medium_large size-medium_large wp-image-1811\" alt=\"Inimene joonistus pliiatsiga\" srcset=\"https:\/\/mosaic.ee\/wp-content\/uploads\/2023\/08\/vectorstock_32262627_transparent-768x558.png 768w, https:\/\/mosaic.ee\/wp-content\/uploads\/2023\/08\/vectorstock_32262627_transparent-300x218.png 300w, https:\/\/mosaic.ee\/wp-content\/uploads\/2023\/08\/vectorstock_32262627_transparent-1024x744.png 1024w, https:\/\/mosaic.ee\/wp-content\/uploads\/2023\/08\/vectorstock_32262627_transparent-1536x1117.png 1536w, https:\/\/mosaic.ee\/wp-content\/uploads\/2023\/08\/vectorstock_32262627_transparent-2048x1489.png 2048w, https:\/\/mosaic.ee\/wp-content\/uploads\/2023\/08\/vectorstock_32262627_transparent-18x12.png 18w\" sizes=\"(max-width: 768px) 100vw, 768px\" \/>\t\t\t\t\t\t\t\t\t\t\t\t\t\t\t<\/div>\n\t\t\t\t\t<\/div>\n\t\t\t\t<\/div>\n\t\t<div class=\"elementor-element elementor-element-271ef120 e-flex e-con-boxed e-con e-parent\" data-id=\"271ef120\" data-element_type=\"container\" data-e-type=\"container\">\n\t\t\t\t\t<div class=\"e-con-inner\">\n\t\t\t\t<div class=\"elementor-element elementor-element-24bf8f1d elementor-widget elementor-widget-heading\" data-id=\"24bf8f1d\" data-element_type=\"widget\" data-e-type=\"widget\" data-widget_type=\"heading.default\">\n\t\t\t\t\t<h2 class=\"elementor-heading-title elementor-size-large\">Miks Arsenal Recon tarkvara?<\/h2>\t\t\t\t<\/div>\n\t\t\t\t\t<\/div>\n\t\t\t\t<\/div>\n\t\t<div class=\"elementor-element elementor-element-37722e7d e-flex e-con-boxed e-con e-parent\" data-id=\"37722e7d\" data-element_type=\"container\" data-e-type=\"container\">\n\t\t\t\t\t<div class=\"e-con-inner\">\n\t\t\t\t<div class=\"elementor-element elementor-element-64a683ea elementor-widget elementor-widget-text-editor\" data-id=\"64a683ea\" data-element_type=\"widget\" data-e-type=\"widget\" data-widget_type=\"text-editor.default\">\n\t\t\t\t\t\t\t\t\t<p style=\"font-weight: 400;\"><a href=\"https:\/\/arsenalrecon.com\" target=\"_blank\" rel=\"noopener\">Arsenal Recon<\/a> on juhtiv digitaalse kohtuekspertiisi ja intsidentidele reageerimise vahendite pakkuja, mis v\u00f5imaldab organisatsioonidel t\u00f5husalt uurida k\u00fcberturvalisuse intsidente ja neile reageerida. Arsenal Reconi t\u00e4iustatud lahenduste abil saate avastada digitaalseid t\u00f5endeid, anal\u00fc\u00fcsida lenduvat m\u00e4lu ja saada \u00fclevaate k\u00fcberohtudest, parandades oma organisatsiooni k\u00fcberturvalisuse positsiooni.<\/p><p style=\"font-weight: 400;\">Arsenal Reconi tootevalikusse kuuluvad mitmesugused t\u00f6\u00f6riistad, mis on m\u00f5eldud digitaalse kohtuekspertiisi ja juhtumite lahendamise eri aspektide jaoks, n\u00e4iteks Arsenal Image Mounter kettakujutiste paigaldamiseks, Arsenal Artifact Wizard artefaktide kogumiseks ja Arsenali mitmesugused anal\u00fc\u00fcsivahendid. Need lahendused on loodud selleks, et aidata organisatsioonidel t\u00f5hustada uurimisi, v\u00e4hendada reageerimisaega ja v\u00e4hendada t\u00f5husalt k\u00fcberriske.<\/p><p style=\"font-weight: 400;\">Peamised eelised <a href=\"https:\/\/arsenalrecon.com\" target=\"_blank\" rel=\"noopener\">Arsenal Recon<\/a> Lahendused:<\/p><ol style=\"font-weight: 400;\"><li>Kiire reageerimine intsidentidele: Arsenal Reconi lahendused v\u00f5imaldavad organisatsioonidel kiiresti reageerida k\u00fcberturvalisuse intsidentidele, anal\u00fc\u00fcsida t\u00f5endeid ja v\u00f5tta vajalikke meetmeid.<\/li><li>P\u00f5hjalik anal\u00fc\u00fcs: Arsenali anal\u00fc\u00fcsivahendid annavad p\u00f5hjaliku \u00fclevaate digitaalsetest t\u00f5enditest, aidates uurijatel m\u00f5ista juhtumite ulatust ja olemust.<\/li><li>Lenduva m\u00e4lu anal\u00fc\u00fcs: Arsenali lahendused v\u00f5imaldavad organisatsioonidel anal\u00fc\u00fcsida lenduvat m\u00e4lu, paljastades varjatud artefakte ja tuvastades pahatahtlikku tegevust.<\/li><li>Esemete kogumine: Arsenal Artifact Wizard lihtsustab digitaalsete artefaktide kogumise protsessi, tagades, et uurimise k\u00e4igus ei j\u00e4eta t\u00e4helepanuta \u00fchtegi kriitilist t\u00f5endit.<\/li><\/ol>\t\t\t\t\t\t\t\t<\/div>\n\t\t\t\t\t<\/div>\n\t\t\t\t<\/div>\n\t\t\t\t<section class=\"elementor-section elementor-top-section elementor-element elementor-element-57766253 elementor-section-boxed elementor-section-height-default elementor-section-height-default\" data-id=\"57766253\" data-element_type=\"section\" data-e-type=\"section\">\n\t\t\t\t\t\t<div class=\"elementor-container elementor-column-gap-default\">\n\t\t\t\t\t<div class=\"elementor-column elementor-col-50 elementor-top-column elementor-element elementor-element-34e63eef\" data-id=\"34e63eef\" data-element_type=\"column\" data-e-type=\"column\">\n\t\t\t<div class=\"elementor-widget-wrap\">\n\t\t\t\t\t\t\t<\/div>\n\t\t<\/div>\n\t\t\t\t<div class=\"elementor-column elementor-col-50 elementor-top-column elementor-element elementor-element-718f9a51\" data-id=\"718f9a51\" data-element_type=\"column\" data-e-type=\"column\">\n\t\t\t<div class=\"elementor-widget-wrap elementor-element-populated\">\n\t\t\t\t\t\t<div class=\"elementor-element elementor-element-72cbbdac elementor-widget elementor-widget-image\" data-id=\"72cbbdac\" data-element_type=\"widget\" data-e-type=\"widget\" data-widget_type=\"image.default\">\n\t\t\t\t\t\t\t\t\t\t\t\t\t\t\t\t<a href=\"https:\/\/arsenalrecon.com\" target=\"_blank\" rel=\"noopener\">\n\t\t\t\t\t\t\t<img decoding=\"async\" width=\"300\" height=\"300\" src=\"https:\/\/mosaic.ee\/wp-content\/uploads\/2024\/10\/Arsenal-Recon-logo-300x300.png\" class=\"attachment-medium size-medium wp-image-3968\" alt=\"\" srcset=\"https:\/\/mosaic.ee\/wp-content\/uploads\/2024\/10\/Arsenal-Recon-logo-300x300.png 300w, https:\/\/mosaic.ee\/wp-content\/uploads\/2024\/10\/Arsenal-Recon-logo-150x150.png 150w, https:\/\/mosaic.ee\/wp-content\/uploads\/2024\/10\/Arsenal-Recon-logo-12x12.png 12w, https:\/\/mosaic.ee\/wp-content\/uploads\/2024\/10\/Arsenal-Recon-logo.png 340w\" sizes=\"(max-width: 300px) 100vw, 300px\" \/>\t\t\t\t\t\t\t\t<\/a>\n\t\t\t\t\t\t\t\t\t\t\t\t\t\t\t<\/div>\n\t\t\t\t\t<\/div>\n\t\t<\/div>\n\t\t\t\t\t<\/div>\n\t\t<\/section>\n\t\t<div class=\"elementor-element elementor-element-7b27a425 e-flex e-con-boxed e-con e-parent\" data-id=\"7b27a425\" data-element_type=\"container\" data-e-type=\"container\">\n\t\t\t\t\t<div class=\"e-con-inner\">\n\t\t\t\t<div class=\"elementor-element elementor-element-7337648b elementor-widget elementor-widget-heading\" data-id=\"7337648b\" data-element_type=\"widget\" data-e-type=\"widget\" data-widget_type=\"heading.default\">\n\t\t\t\t\t<h2 class=\"elementor-heading-title elementor-size-large\">Miks osta Arsenal Recon Mosaicilt?<\/h2>\t\t\t\t<\/div>\n\t\t\t\t\t<\/div>\n\t\t\t\t<\/div>\n\t\t<div class=\"elementor-element elementor-element-5538820b e-flex e-con-boxed e-con e-parent\" data-id=\"5538820b\" data-element_type=\"container\" data-e-type=\"container\">\n\t\t\t\t\t<div class=\"e-con-inner\">\n\t\t\t\t<div class=\"elementor-element elementor-element-7710f310 elementor-widget elementor-widget-text-editor\" data-id=\"7710f310\" data-element_type=\"widget\" data-e-type=\"widget\" data-widget_type=\"text-editor.default\">\n\t\t\t\t\t\t\t\t\t<div><p><span lang=\"EN-GB\">Mosaic pakub Arsenal Reconi tipptasemel lahendusi, mis v\u00f5imaldavad organisatsioonidel suurendada digitaalse kohtuekspertiisi v\u00f5imekust, kiirendada intsidentidele reageerimist ja parandada k\u00fcberturvalisuse valmisolekut. Meie ekspertide meeskond aitab teil valida \u00f5igeid Arsenal Reconi tooteid, mis vastavad teie organisatsiooni eesm\u00e4rkidele ja k\u00fcberturvalisuse n\u00f5uetele.<\/span>\u00a0<\/p><\/div><div><p><span lang=\"EN-GB\">Mosaic on p\u00fchendunud erakordsele klienditeenindusele ja konkurentsiv\u00f5imelistele hindadele. Kui valite Mosaic'i Arsenal Reconi lahendused, saate juurdep\u00e4\u00e4su tipptasemel tehnoloogiale, mis v\u00f5imaldab teie organisatsioonil digitaalses kohtuekspertiisis ja intsidentidele reageerimises silma paista.<\/span><\/p><\/div><div><h6><span lang=\"EN-GB\">T\u00f5hustage digitaalset kohtuekspertiisi ja intsidentidele reageerimist Arsenal Recon lahendustega<\/span><\/h6><\/div><div><p><span lang=\"EN-GB\">Arsenal Reconi lahendused pakuvad ettev\u00f5tetele vahendeid, mis on vajalikud intsidentidele reageerimise kiirendamiseks, anal\u00fc\u00fcsiv\u00f5imekuse suurendamiseks ja k\u00fcberturvalisuse valmisoleku parandamiseks. V\u00f5tke meiega juba t\u00e4na \u00fchendust, et uurida, kuidas Arsenal Reconi lahendused v\u00f5ivad t\u00f5sta teie organisatsiooni digitaalse kohtuekspertiisi ja intsidentidele reageerimise v\u00f5imekust.<\/span><\/p><\/div>\t\t\t\t\t\t\t\t<\/div>\n\t\t\t\t\t<\/div>\n\t\t\t\t<\/div>\n\t\t\t\t<section class=\"elementor-section elementor-top-section elementor-element elementor-element-6c789d3f elementor-section-boxed elementor-section-height-default elementor-section-height-default\" data-id=\"6c789d3f\" data-element_type=\"section\" data-e-type=\"section\">\n\t\t\t\t\t\t<div class=\"elementor-container elementor-column-gap-default\">\n\t\t\t\t\t<div class=\"elementor-column elementor-col-50 elementor-top-column elementor-element elementor-element-181cbdd\" data-id=\"181cbdd\" data-element_type=\"column\" data-e-type=\"column\">\n\t\t\t<div class=\"elementor-widget-wrap\">\n\t\t\t\t\t\t\t<\/div>\n\t\t<\/div>\n\t\t\t\t<div class=\"elementor-column elementor-col-50 elementor-top-column elementor-element elementor-element-121f19c2\" data-id=\"121f19c2\" data-element_type=\"column\" data-e-type=\"column\">\n\t\t\t<div class=\"elementor-widget-wrap elementor-element-populated\">\n\t\t\t\t\t\t<div class=\"elementor-element elementor-element-342718b8 elementor-widget elementor-widget-image\" data-id=\"342718b8\" data-element_type=\"widget\" data-e-type=\"widget\" data-widget_type=\"image.default\">\n\t\t\t\t\t\t\t\t\t\t\t\t\t\t\t\t<a href=\"https:\/\/arsenalrecon.com\" target=\"_blank\" rel=\"noopener\">\n\t\t\t\t\t\t\t<img decoding=\"async\" width=\"340\" height=\"340\" src=\"https:\/\/mosaic.ee\/wp-content\/uploads\/2024\/10\/Arsenal-Recon-logo.png\" class=\"attachment-large size-large wp-image-3968\" alt=\"\" srcset=\"https:\/\/mosaic.ee\/wp-content\/uploads\/2024\/10\/Arsenal-Recon-logo.png 340w, https:\/\/mosaic.ee\/wp-content\/uploads\/2024\/10\/Arsenal-Recon-logo-300x300.png 300w, https:\/\/mosaic.ee\/wp-content\/uploads\/2024\/10\/Arsenal-Recon-logo-150x150.png 150w, https:\/\/mosaic.ee\/wp-content\/uploads\/2024\/10\/Arsenal-Recon-logo-12x12.png 12w\" sizes=\"(max-width: 340px) 100vw, 340px\" \/>\t\t\t\t\t\t\t\t<\/a>\n\t\t\t\t\t\t\t\t\t\t\t\t\t\t\t<\/div>\n\t\t\t\t\t<\/div>\n\t\t<\/div>\n\t\t\t\t\t<\/div>\n\t\t<\/section>\n\t\t\t\t<\/div>","protected":false},"excerpt":{"rendered":"<p>Elevate Digital Forensics and Incident Response with Arsenal Recon Solutions from Mosaic Why Arsenal Recon Software? Arsenal Recon is a leading provider of digital forensics and incident response tools that empower organizations to efficiently investigate and respond to cybersecurity incidents. With Arsenal Recon&#8217;s advanced solutions, you can uncover digital evidence, analyze volatile memory, and gain [&hellip;]<\/p>\n","protected":false},"author":1,"featured_media":0,"parent":0,"menu_order":0,"comment_status":"closed","ping_status":"closed","template":"","meta":{"content-type":"","footnotes":""},"class_list":["post-1807","page","type-page","status-publish","hentry"],"_links":{"self":[{"href":"https:\/\/mosaic.ee\/et\/wp-json\/wp\/v2\/pages\/1807","targetHints":{"allow":["GET"]}}],"collection":[{"href":"https:\/\/mosaic.ee\/et\/wp-json\/wp\/v2\/pages"}],"about":[{"href":"https:\/\/mosaic.ee\/et\/wp-json\/wp\/v2\/types\/page"}],"author":[{"embeddable":true,"href":"https:\/\/mosaic.ee\/et\/wp-json\/wp\/v2\/users\/1"}],"replies":[{"embeddable":true,"href":"https:\/\/mosaic.ee\/et\/wp-json\/wp\/v2\/comments?post=1807"}],"version-history":[{"count":10,"href":"https:\/\/mosaic.ee\/et\/wp-json\/wp\/v2\/pages\/1807\/revisions"}],"predecessor-version":[{"id":3971,"href":"https:\/\/mosaic.ee\/et\/wp-json\/wp\/v2\/pages\/1807\/revisions\/3971"}],"wp:attachment":[{"href":"https:\/\/mosaic.ee\/et\/wp-json\/wp\/v2\/media?parent=1807"}],"curies":[{"name":"wp","href":"https:\/\/api.w.org\/{rel}","templated":true}]}}