{"id":1537,"date":"2023-08-21T12:35:38","date_gmt":"2023-08-21T09:35:38","guid":{"rendered":"https:\/\/mosaic.ee\/?page_id=1537"},"modified":"2024-06-03T15:04:20","modified_gmt":"2024-06-03T12:04:20","slug":"ptc-mathcad-prime","status":"publish","type":"page","link":"https:\/\/mosaic.ee\/et\/ptc-mathcad-prime\/","title":{"rendered":"PTC Mathcad Prime\u00a0"},"content":{"rendered":"<div data-elementor-type=\"wp-page\" data-elementor-id=\"1537\" class=\"elementor elementor-1537\" data-elementor-post-type=\"page\">\n\t\t\t\t\t\t<section class=\"elementor-section elementor-top-section elementor-element elementor-element-48825025 elementor-section-boxed elementor-section-height-default elementor-section-height-default\" data-id=\"48825025\" data-element_type=\"section\" data-e-type=\"section\">\n\t\t\t\t\t\t<div class=\"elementor-container elementor-column-gap-default\">\n\t\t\t\t\t<div class=\"elementor-column elementor-col-100 elementor-top-column elementor-element elementor-element-377b044d\" data-id=\"377b044d\" data-element_type=\"column\" data-e-type=\"column\">\n\t\t\t<div class=\"elementor-widget-wrap elementor-element-populated\">\n\t\t\t\t\t\t<div class=\"elementor-element elementor-element-346f325f elementor-widget elementor-widget-heading\" data-id=\"346f325f\" data-element_type=\"widget\" data-e-type=\"widget\" data-widget_type=\"heading.default\">\n\t\t\t\t\t<h2 class=\"elementor-heading-title elementor-size-xl\">Edasised insenerarvutused PTC Mathcad Prime lahendustega Mosaicist <\/h2>\t\t\t\t<\/div>\n\t\t\t\t\t<\/div>\n\t\t<\/div>\n\t\t\t\t\t<\/div>\n\t\t<\/section>\n\t\t<div class=\"elementor-element elementor-element-2aedf600 e-flex e-con-boxed e-con e-parent\" data-id=\"2aedf600\" data-element_type=\"container\" data-e-type=\"container\">\n\t\t\t\t\t<div class=\"e-con-inner\">\n\t\t\t\t<div class=\"elementor-element elementor-element-718d448e elementor-widget elementor-widget-image\" data-id=\"718d448e\" data-element_type=\"widget\" data-e-type=\"widget\" data-widget_type=\"image.default\">\n\t\t\t\t\t\t\t\t\t\t\t\t\t\t\t<img fetchpriority=\"high\" decoding=\"async\" width=\"768\" height=\"315\" src=\"https:\/\/mosaic.ee\/wp-content\/uploads\/2023\/08\/vectorstock_45987459_transparent-768x315.png\" class=\"attachment-medium_large size-medium_large wp-image-1540\" alt=\"\" srcset=\"https:\/\/mosaic.ee\/wp-content\/uploads\/2023\/08\/vectorstock_45987459_transparent-768x315.png 768w, https:\/\/mosaic.ee\/wp-content\/uploads\/2023\/08\/vectorstock_45987459_transparent-300x123.png 300w, https:\/\/mosaic.ee\/wp-content\/uploads\/2023\/08\/vectorstock_45987459_transparent-1024x420.png 1024w, https:\/\/mosaic.ee\/wp-content\/uploads\/2023\/08\/vectorstock_45987459_transparent-1536x630.png 1536w, https:\/\/mosaic.ee\/wp-content\/uploads\/2023\/08\/vectorstock_45987459_transparent-2048x840.png 2048w, https:\/\/mosaic.ee\/wp-content\/uploads\/2023\/08\/vectorstock_45987459_transparent-18x7.png 18w\" sizes=\"(max-width: 768px) 100vw, 768px\" \/>\t\t\t\t\t\t\t\t\t\t\t\t\t\t\t<\/div>\n\t\t\t\t\t<\/div>\n\t\t\t\t<\/div>\n\t\t<div class=\"elementor-element elementor-element-15fc93ac e-flex e-con-boxed e-con e-parent\" data-id=\"15fc93ac\" data-element_type=\"container\" data-e-type=\"container\">\n\t\t\t\t\t<div class=\"e-con-inner\">\n\t\t\t\t<div class=\"elementor-element elementor-element-2dc1a004 elementor-widget elementor-widget-heading\" data-id=\"2dc1a004\" data-element_type=\"widget\" data-e-type=\"widget\" data-widget_type=\"heading.default\">\n\t\t\t\t\t<h2 class=\"elementor-heading-title elementor-size-large\">Miks PTC Mathcad Prime tarkvara?<\/h2>\t\t\t\t<\/div>\n\t\t\t\t\t<\/div>\n\t\t\t\t<\/div>\n\t\t<div class=\"elementor-element elementor-element-3d20e926 e-flex e-con-boxed e-con e-parent\" data-id=\"3d20e926\" data-element_type=\"container\" data-e-type=\"container\">\n\t\t\t\t\t<div class=\"e-con-inner\">\n\t\t\t\t<div class=\"elementor-element elementor-element-6fb7f773 elementor-widget elementor-widget-text-editor\" data-id=\"6fb7f773\" data-element_type=\"widget\" data-e-type=\"widget\" data-widget_type=\"text-editor.default\">\n\t\t\t\t\t\t\t\t\t<p style=\"font-weight: 400;\"><span style=\"color: #3366ff;\"><a style=\"color: #3366ff;\" href=\"https:\/\/www.mathcad.com\/en\" target=\"_blank\" rel=\"noopener\">PTC Mathcad Prime<\/a><\/span> on v\u00f5imas tehniline arvutustarkvara, mis v\u00f5imaldab inseneridel, teadlastel ja spetsialistidel teha keerulisi matemaatilisi arvutusi, lahendada inseneriprobleeme ja dokumenteerida tehnilisi protsesse t\u00e4pselt. PTC Mathcad Prime'i kasutajas\u00f5braliku kasutajaliidese ja t\u00e4iustatud v\u00f5imaluste abil saate oma insenerarvutusi t\u00e4iustada ja otsuste langetamist t\u00f5hustada.<\/p><p style=\"font-weight: 400;\">PTC Mathcad Prime'i lahenduste pakett pakub laia valikut funktsioone, mis on kohandatud insenerarvutuste eri aspektidele, sealhulgas matemaatiline m\u00e4rkimine, s\u00fcmboolsed arvutused, \u00fchikute teisendamine ja visualiseerimine. Need lahendused on loodud selleks, et aidata kasutajatel teha t\u00e4pseid arvutusi, teha projektides koost\u00f6\u00f6d ja edastada tehnilist teavet t\u00f5husalt.<\/p><p style=\"font-weight: 400;\">Peamised eelised <span style=\"color: #3366ff;\"><a style=\"color: #3366ff;\" href=\"https:\/\/www.mathcad.com\/en\" target=\"_blank\" rel=\"noopener\">PTC Mathcad Prime<\/a><\/span> Lahendused:<\/p><ol style=\"font-weight: 400;\"><li>Matemaatiline m\u00e4rkimine ja dokumentatsioon: PTC Mathcad Prime pakub loomulikku matemaatilist m\u00e4rkmekeskkonda insenerarvutuste loomiseks ja dokumenteerimiseks.<\/li><li>S\u00fcmboolsed arvutused: PTC Mathcad Prime toetab s\u00fcmboolseid arvutusi, mis v\u00f5imaldab inseneridel t\u00f6\u00f6tada keeruliste matemaatiliste v\u00e4ljenditega.<\/li><li>\u00dchiku \u00fcmberarvestused: PTC Mathcad Prime sisaldab sisseehitatud \u00fchikute teisendamise v\u00f5imalusi, mis tagavad arvutuste j\u00e4rjepidevuse ja t\u00e4psuse.<\/li><li>Visualiseerimine: PTC Mathcad Prime v\u00f5imaldab kasutajatel visualiseerida arvutusi ja tulemusi graafikute, graafikute ja interaktiivsete diagrammide abil.<\/li><\/ol>\t\t\t\t\t\t\t\t<\/div>\n\t\t\t\t\t<\/div>\n\t\t\t\t<\/div>\n\t\t\t\t<section class=\"elementor-section elementor-top-section elementor-element elementor-element-d365d81 elementor-section-boxed elementor-section-height-default elementor-section-height-default\" data-id=\"d365d81\" data-element_type=\"section\" data-e-type=\"section\">\n\t\t\t\t\t\t<div class=\"elementor-container elementor-column-gap-default\">\n\t\t\t\t\t<div class=\"elementor-column elementor-col-50 elementor-top-column elementor-element elementor-element-59fe57d8\" data-id=\"59fe57d8\" data-element_type=\"column\" data-e-type=\"column\">\n\t\t\t<div class=\"elementor-widget-wrap\">\n\t\t\t\t\t\t\t<\/div>\n\t\t<\/div>\n\t\t\t\t<div class=\"elementor-column elementor-col-50 elementor-top-column elementor-element elementor-element-22cd8e27\" data-id=\"22cd8e27\" data-element_type=\"column\" data-e-type=\"column\">\n\t\t\t<div class=\"elementor-widget-wrap elementor-element-populated\">\n\t\t\t\t\t\t<div class=\"elementor-element elementor-element-d2198da elementor-widget elementor-widget-image\" data-id=\"d2198da\" data-element_type=\"widget\" data-e-type=\"widget\" data-widget_type=\"image.default\">\n\t\t\t\t\t\t\t\t\t\t\t\t\t\t\t\t<a href=\"https:\/\/www.mathcad.com\/en\" target=\"_blank\" rel=\"noopener\">\n\t\t\t\t\t\t\t<img decoding=\"async\" width=\"300\" height=\"28\" src=\"https:\/\/mosaic.ee\/wp-content\/uploads\/2023\/07\/ptc-mathcadprime9-RGB-color-300x28.png\" class=\"attachment-medium size-medium wp-image-526\" alt=\"\" srcset=\"https:\/\/mosaic.ee\/wp-content\/uploads\/2023\/07\/ptc-mathcadprime9-RGB-color-300x28.png 300w, https:\/\/mosaic.ee\/wp-content\/uploads\/2023\/07\/ptc-mathcadprime9-RGB-color-1024x97.png 1024w, https:\/\/mosaic.ee\/wp-content\/uploads\/2023\/07\/ptc-mathcadprime9-RGB-color-768x73.png 768w, https:\/\/mosaic.ee\/wp-content\/uploads\/2023\/07\/ptc-mathcadprime9-RGB-color-1536x146.png 1536w, https:\/\/mosaic.ee\/wp-content\/uploads\/2023\/07\/ptc-mathcadprime9-RGB-color-2048x194.png 2048w, https:\/\/mosaic.ee\/wp-content\/uploads\/2023\/07\/ptc-mathcadprime9-RGB-color-18x2.png 18w\" sizes=\"(max-width: 300px) 100vw, 300px\" \/>\t\t\t\t\t\t\t\t<\/a>\n\t\t\t\t\t\t\t\t\t\t\t\t\t\t\t<\/div>\n\t\t\t\t\t<\/div>\n\t\t<\/div>\n\t\t\t\t\t<\/div>\n\t\t<\/section>\n\t\t<div class=\"elementor-element elementor-element-28fd46c8 e-flex e-con-boxed e-con e-parent\" data-id=\"28fd46c8\" data-element_type=\"container\" data-e-type=\"container\">\n\t\t\t\t\t<div class=\"e-con-inner\">\n\t\t\t\t<div class=\"elementor-element elementor-element-3d140644 elementor-widget elementor-widget-heading\" data-id=\"3d140644\" data-element_type=\"widget\" data-e-type=\"widget\" data-widget_type=\"heading.default\">\n\t\t\t\t\t<h2 class=\"elementor-heading-title elementor-size-large\">Miks osta PTC Mathcad Prime'i Mosaicilt?<\/h2>\t\t\t\t<\/div>\n\t\t\t\t\t<\/div>\n\t\t\t\t<\/div>\n\t\t<div class=\"elementor-element elementor-element-79c3d803 e-flex e-con-boxed e-con e-parent\" data-id=\"79c3d803\" data-element_type=\"container\" data-e-type=\"container\">\n\t\t\t\t\t<div class=\"e-con-inner\">\n\t\t\t\t<div class=\"elementor-element elementor-element-7c432a36 elementor-widget elementor-widget-text-editor\" data-id=\"7c432a36\" data-element_type=\"widget\" data-e-type=\"widget\" data-widget_type=\"text-editor.default\">\n\t\t\t\t\t\t\t\t\t<div><p><span lang=\"EN-GB\">Mosaic pakub PTC Mathcad Prime'i t\u00e4iustatud lahendusi, mis v\u00f5imaldavad inseneridel, teadlastel ja spetsialistidel suurendada oma insenerarvutuste v\u00f5imekust ja saavutada t\u00e4pseid tulemusi. Meie ekspertide meeskond aitab teil valida \u00f5igeid PTC Mathcad Prime'i tooteid, mis vastavad teie insenerivajadustele ja -n\u00f5uetele.<\/span><\/p><\/div><div><p><span lang=\"EN-GB\">Usaldusv\u00e4\u00e4rse partnerina on Mosaic spetsialiseerunud tarkvaralahenduste pakkumisele, mis lihtsustavad insenerarvutusi, parandavad koost\u00f6\u00f6d ja parandavad tehnilist dokumentatsiooni. T\u00e4nu meie kogemustele saate PTC Mathcad Prime'i lahendused sujuvalt integreerida oma inseneride t\u00f6\u00f6voogudesse ja lahendada t\u00f5husalt keerulisi probleeme.<\/span><\/p><\/div><div><p><span lang=\"EN-GB\">Mosaic on p\u00fchendunud erakordsele klienditeenindusele ja konkurentsiv\u00f5imelistele hindadele. Valides Mosaici PTC Mathcad Prime'i lahendused, saate juurdep\u00e4\u00e4su valdkonna juhtivale tehnoloogiale, mis v\u00f5imaldab teie ettev\u00f5ttel insenerarvutustes silma paista.<\/span><\/p><\/div><div><h6><span lang=\"EN-GB\">Tehniliste arvutuste t\u00e4iustamine PTC Mathcad Prime lahendustega<\/span><\/h6><\/div><div><p><span lang=\"EN-GB\">PTC Mathcad Prime'i lahendused pakuvad kasutajatele vajalikke vahendeid t\u00e4psete insenerarvutuste tegemiseks, tulemuste visualiseerimiseks ja tehniliste protsesside t\u00f5husaks dokumenteerimiseks. Koost\u00f6\u00f6 Mosaiciga tagab, et saate PTC Mathcad Prime'i lahenduste t\u00f5husaks rakendamiseks asjatundlikku juhendamist ja tuge. V\u00f5tke meiega juba t\u00e4na \u00fchendust, et uurida, kuidas PTC Mathcad Prime'i lahendused v\u00f5ivad parandada teie organisatsiooni insenerarvutuste v\u00f5imekust.<\/span><\/p><\/div>\t\t\t\t\t\t\t\t<\/div>\n\t\t\t\t\t<\/div>\n\t\t\t\t<\/div>\n\t\t\t\t<section class=\"elementor-section elementor-top-section elementor-element elementor-element-574218c8 elementor-section-boxed elementor-section-height-default elementor-section-height-default\" data-id=\"574218c8\" data-element_type=\"section\" data-e-type=\"section\">\n\t\t\t\t\t\t<div class=\"elementor-container elementor-column-gap-default\">\n\t\t\t\t\t<div class=\"elementor-column elementor-col-50 elementor-top-column elementor-element elementor-element-8b55d1c\" data-id=\"8b55d1c\" data-element_type=\"column\" data-e-type=\"column\">\n\t\t\t<div class=\"elementor-widget-wrap\">\n\t\t\t\t\t\t\t<\/div>\n\t\t<\/div>\n\t\t\t\t<div class=\"elementor-column elementor-col-50 elementor-top-column elementor-element elementor-element-56375cd9\" data-id=\"56375cd9\" data-element_type=\"column\" data-e-type=\"column\">\n\t\t\t<div class=\"elementor-widget-wrap elementor-element-populated\">\n\t\t\t\t\t\t<div class=\"elementor-element elementor-element-31145b61 elementor-widget elementor-widget-image\" data-id=\"31145b61\" data-element_type=\"widget\" data-e-type=\"widget\" data-widget_type=\"image.default\">\n\t\t\t\t\t\t\t\t\t\t\t\t\t\t\t\t<a href=\"https:\/\/www.mathcad.com\/en\" target=\"_blank\" rel=\"noopener\">\n\t\t\t\t\t\t\t<img decoding=\"async\" width=\"800\" height=\"76\" src=\"https:\/\/mosaic.ee\/wp-content\/uploads\/2023\/07\/ptc-mathcadprime9-RGB-color-1024x97.png\" class=\"attachment-large size-large wp-image-526\" alt=\"\" srcset=\"https:\/\/mosaic.ee\/wp-content\/uploads\/2023\/07\/ptc-mathcadprime9-RGB-color-1024x97.png 1024w, https:\/\/mosaic.ee\/wp-content\/uploads\/2023\/07\/ptc-mathcadprime9-RGB-color-300x28.png 300w, https:\/\/mosaic.ee\/wp-content\/uploads\/2023\/07\/ptc-mathcadprime9-RGB-color-768x73.png 768w, https:\/\/mosaic.ee\/wp-content\/uploads\/2023\/07\/ptc-mathcadprime9-RGB-color-1536x146.png 1536w, https:\/\/mosaic.ee\/wp-content\/uploads\/2023\/07\/ptc-mathcadprime9-RGB-color-2048x194.png 2048w, https:\/\/mosaic.ee\/wp-content\/uploads\/2023\/07\/ptc-mathcadprime9-RGB-color-18x2.png 18w\" sizes=\"(max-width: 800px) 100vw, 800px\" \/>\t\t\t\t\t\t\t\t<\/a>\n\t\t\t\t\t\t\t\t\t\t\t\t\t\t\t<\/div>\n\t\t\t\t\t<\/div>\n\t\t<\/div>\n\t\t\t\t\t<\/div>\n\t\t<\/section>\n\t\t\t\t<\/div>","protected":false},"excerpt":{"rendered":"<p>Advance Engineering Calculations with PTC Mathcad Prime Solutions from Mosaic Why PTC Mathcad Prime Software? PTC Mathcad Prime is a powerful engineering calculation software that enables engineers, researchers, and professionals to perform complex mathematical computations, solve engineering problems, and document technical processes with precision. With PTC Mathcad Prime&#8217;s user-friendly interface and advanced capabilities, you can [&hellip;]<\/p>\n","protected":false},"author":1,"featured_media":0,"parent":0,"menu_order":0,"comment_status":"closed","ping_status":"closed","template":"","meta":{"content-type":"","footnotes":""},"class_list":["post-1537","page","type-page","status-publish","hentry"],"_links":{"self":[{"href":"https:\/\/mosaic.ee\/et\/wp-json\/wp\/v2\/pages\/1537","targetHints":{"allow":["GET"]}}],"collection":[{"href":"https:\/\/mosaic.ee\/et\/wp-json\/wp\/v2\/pages"}],"about":[{"href":"https:\/\/mosaic.ee\/et\/wp-json\/wp\/v2\/types\/page"}],"author":[{"embeddable":true,"href":"https:\/\/mosaic.ee\/et\/wp-json\/wp\/v2\/users\/1"}],"replies":[{"embeddable":true,"href":"https:\/\/mosaic.ee\/et\/wp-json\/wp\/v2\/comments?post=1537"}],"version-history":[{"count":4,"href":"https:\/\/mosaic.ee\/et\/wp-json\/wp\/v2\/pages\/1537\/revisions"}],"predecessor-version":[{"id":1543,"href":"https:\/\/mosaic.ee\/et\/wp-json\/wp\/v2\/pages\/1537\/revisions\/1543"}],"wp:attachment":[{"href":"https:\/\/mosaic.ee\/et\/wp-json\/wp\/v2\/media?parent=1537"}],"curies":[{"name":"wp","href":"https:\/\/api.w.org\/{rel}","templated":true}]}}