{"id":1524,"date":"2023-08-21T12:27:30","date_gmt":"2023-08-21T09:27:30","guid":{"rendered":"https:\/\/mosaic.ee\/?page_id=1524"},"modified":"2024-06-03T12:43:57","modified_gmt":"2024-06-03T09:43:57","slug":"loppmarkus","status":"publish","type":"page","link":"https:\/\/mosaic.ee\/et\/endnote\/","title":{"rendered":"EndNote"},"content":{"rendered":"<div data-elementor-type=\"wp-page\" data-elementor-id=\"1524\" class=\"elementor elementor-1524\" data-elementor-post-type=\"page\">\n\t\t\t\t\t\t<section class=\"elementor-section elementor-top-section elementor-element elementor-element-6a3ddcf0 elementor-section-boxed elementor-section-height-default elementor-section-height-default\" data-id=\"6a3ddcf0\" data-element_type=\"section\" data-e-type=\"section\">\n\t\t\t\t\t\t<div class=\"elementor-container elementor-column-gap-default\">\n\t\t\t\t\t<div class=\"elementor-column elementor-col-100 elementor-top-column elementor-element elementor-element-4589aa24\" data-id=\"4589aa24\" data-element_type=\"column\" data-e-type=\"column\">\n\t\t\t<div class=\"elementor-widget-wrap elementor-element-populated\">\n\t\t\t\t\t\t<div class=\"elementor-element elementor-element-d38809e elementor-widget elementor-widget-heading\" data-id=\"d38809e\" data-element_type=\"widget\" data-e-type=\"widget\" data-widget_type=\"heading.default\">\n\t\t\t\t\t<h2 class=\"elementor-heading-title elementor-size-xl\">Mosaici EndNote'i lahenduste abil saate t\u00e4iustada uurimist\u00f6\u00f6d ja tsitaatide haldamist <\/h2>\t\t\t\t<\/div>\n\t\t\t\t\t<\/div>\n\t\t<\/div>\n\t\t\t\t\t<\/div>\n\t\t<\/section>\n\t\t<div class=\"elementor-element elementor-element-34344018 e-flex e-con-boxed e-con e-parent\" data-id=\"34344018\" data-element_type=\"container\" data-e-type=\"container\">\n\t\t\t\t\t<div class=\"e-con-inner\">\n\t\t\t\t<div class=\"elementor-element elementor-element-3b3194a0 elementor-widget elementor-widget-image\" data-id=\"3b3194a0\" data-element_type=\"widget\" data-e-type=\"widget\" data-widget_type=\"image.default\">\n\t\t\t\t\t\t\t\t\t\t\t\t\t\t\t<img fetchpriority=\"high\" decoding=\"async\" width=\"768\" height=\"415\" src=\"https:\/\/mosaic.ee\/wp-content\/uploads\/2023\/08\/vectorstock_33675365-768x415.png\" class=\"attachment-medium_large size-medium_large wp-image-1527\" alt=\"\" srcset=\"https:\/\/mosaic.ee\/wp-content\/uploads\/2023\/08\/vectorstock_33675365-768x415.png 768w, https:\/\/mosaic.ee\/wp-content\/uploads\/2023\/08\/vectorstock_33675365-300x162.png 300w, https:\/\/mosaic.ee\/wp-content\/uploads\/2023\/08\/vectorstock_33675365-1024x553.png 1024w, https:\/\/mosaic.ee\/wp-content\/uploads\/2023\/08\/vectorstock_33675365-1536x829.png 1536w, https:\/\/mosaic.ee\/wp-content\/uploads\/2023\/08\/vectorstock_33675365-2048x1106.png 2048w, https:\/\/mosaic.ee\/wp-content\/uploads\/2023\/08\/vectorstock_33675365-18x10.png 18w\" sizes=\"(max-width: 768px) 100vw, 768px\" \/>\t\t\t\t\t\t\t\t\t\t\t\t\t\t\t<\/div>\n\t\t\t\t\t<\/div>\n\t\t\t\t<\/div>\n\t\t<div class=\"elementor-element elementor-element-7832fdbb e-flex e-con-boxed e-con e-parent\" data-id=\"7832fdbb\" data-element_type=\"container\" data-e-type=\"container\">\n\t\t\t\t\t<div class=\"e-con-inner\">\n\t\t\t\t<div class=\"elementor-element elementor-element-79d1ddf elementor-widget elementor-widget-heading\" data-id=\"79d1ddf\" data-element_type=\"widget\" data-e-type=\"widget\" data-widget_type=\"heading.default\">\n\t\t\t\t\t<h2 class=\"elementor-heading-title elementor-size-large\">Miks just EndNote tarkvara?<\/h2>\t\t\t\t<\/div>\n\t\t\t\t\t<\/div>\n\t\t\t\t<\/div>\n\t\t<div class=\"elementor-element elementor-element-215e7391 e-flex e-con-boxed e-con e-parent\" data-id=\"215e7391\" data-element_type=\"container\" data-e-type=\"container\">\n\t\t\t\t\t<div class=\"e-con-inner\">\n\t\t\t\t<div class=\"elementor-element elementor-element-35be098f elementor-widget elementor-widget-text-editor\" data-id=\"35be098f\" data-element_type=\"widget\" data-e-type=\"widget\" data-widget_type=\"text-editor.default\">\n\t\t\t\t\t\t\t\t\t<p style=\"font-weight: 400;\"><span style=\"color: #3366ff;\"><a style=\"color: #3366ff;\" href=\"https:\/\/endnote.com\" target=\"_blank\" rel=\"noopener\">EndNote<\/a><\/span> on v\u00f5imas tarkvaralahendus, mis on loodud teadlaste, \u00f5ppej\u00f5udude ja spetsialistide jaoks teadusuuringute ja tsitaatide haldamise lihtsustamiseks. EndNote'i t\u00e4iustatud funktsioonide abil saavad kasutajad korraldada viiteid, luua bibliograafiaid ja teha t\u00f5husat koost\u00f6\u00f6d, et t\u00f5hustada uurimisprotsessi.<\/p><p style=\"font-weight: 400;\">EndNote'i lahenduste pakett h\u00f5lmab paljusid valdkondi, sealhulgas viidete organiseerimist, tsitaatide genereerimist ja koost\u00f6\u00f6vahendeid. Need lahendused on loodud selleks, et aidata kasutajatel \u00fchtlustada oma uurimist\u00f6\u00f6de t\u00f6\u00f6vooge, tagada t\u00e4psed tsitaadid ja h\u00f5lbustada koost\u00f6\u00f6d kolleegidega.<\/p><p style=\"font-weight: 400;\">Peamised eelised <span style=\"color: #3366ff;\"><a style=\"color: #3366ff;\" href=\"https:\/\/endnote.com\" target=\"_blank\" rel=\"noopener\">EndNote<\/a><\/span> Lahendused:<\/p><ol style=\"font-weight: 400;\"><li>Viidete haldamine: EndNote v\u00f5imaldab kasutajatel korrastada viiteid, artikleid ja muid teadusmaterjale \u00fches keskses kohas.<\/li><li>Tsitaatide genereerimine: EndNote automatiseerib tsitaatide ja bibliograafiate genereerimise protsessi erinevates viitamisstiilides.<\/li><li>Koost\u00f6\u00f6vahendid: EndNote toetab koost\u00f6\u00f6d, v\u00f5imaldades kasutajatel jagada viiteid, teha koost\u00f6\u00f6d projektides ja luua r\u00fchmaraamatukogusid.<\/li><li>Teadusuuringute t\u00f5husus: EndNote suurendab teadusuuringute t\u00f5husust, pakkudes vahendeid viidete otsimiseks, organiseerimiseks ja kommenteerimiseks.<\/li><\/ol>\t\t\t\t\t\t\t\t<\/div>\n\t\t\t\t\t<\/div>\n\t\t\t\t<\/div>\n\t\t\t\t<section class=\"elementor-section elementor-top-section elementor-element elementor-element-5a001650 elementor-section-boxed elementor-section-height-default elementor-section-height-default\" data-id=\"5a001650\" data-element_type=\"section\" data-e-type=\"section\">\n\t\t\t\t\t\t<div class=\"elementor-container elementor-column-gap-default\">\n\t\t\t\t\t<div class=\"elementor-column elementor-col-50 elementor-top-column elementor-element elementor-element-304d82f2\" data-id=\"304d82f2\" data-element_type=\"column\" data-e-type=\"column\">\n\t\t\t<div class=\"elementor-widget-wrap\">\n\t\t\t\t\t\t\t<\/div>\n\t\t<\/div>\n\t\t\t\t<div class=\"elementor-column elementor-col-50 elementor-top-column elementor-element elementor-element-590de111\" data-id=\"590de111\" data-element_type=\"column\" data-e-type=\"column\">\n\t\t\t<div class=\"elementor-widget-wrap elementor-element-populated\">\n\t\t\t\t\t\t<div class=\"elementor-element elementor-element-7715d45 elementor-widget elementor-widget-image\" data-id=\"7715d45\" data-element_type=\"widget\" data-e-type=\"widget\" data-widget_type=\"image.default\">\n\t\t\t\t\t\t\t\t\t\t\t\t\t\t\t\t<a href=\"https:\/\/endnote.com\" target=\"_blank\" rel=\"noopener\">\n\t\t\t\t\t\t\t<img decoding=\"async\" width=\"300\" height=\"56\" src=\"https:\/\/mosaic.ee\/wp-content\/uploads\/2023\/07\/EndNote_Wordmark_TM_RGB_Black-300x56.png\" class=\"attachment-medium size-medium wp-image-405\" alt=\"\" srcset=\"https:\/\/mosaic.ee\/wp-content\/uploads\/2023\/07\/EndNote_Wordmark_TM_RGB_Black-300x56.png 300w, https:\/\/mosaic.ee\/wp-content\/uploads\/2023\/07\/EndNote_Wordmark_TM_RGB_Black.png 448w\" sizes=\"(max-width: 300px) 100vw, 300px\" \/>\t\t\t\t\t\t\t\t<\/a>\n\t\t\t\t\t\t\t\t\t\t\t\t\t\t\t<\/div>\n\t\t\t\t\t<\/div>\n\t\t<\/div>\n\t\t\t\t\t<\/div>\n\t\t<\/section>\n\t\t<div class=\"elementor-element elementor-element-46e78239 e-flex e-con-boxed e-con e-parent\" data-id=\"46e78239\" data-element_type=\"container\" data-e-type=\"container\">\n\t\t\t\t\t<div class=\"e-con-inner\">\n\t\t\t\t<div class=\"elementor-element elementor-element-37f0ac7b elementor-widget elementor-widget-heading\" data-id=\"37f0ac7b\" data-element_type=\"widget\" data-e-type=\"widget\" data-widget_type=\"heading.default\">\n\t\t\t\t\t<h2 class=\"elementor-heading-title elementor-size-large\">Miks osta EndNote'i Mosaicilt?<\/h2>\t\t\t\t<\/div>\n\t\t\t\t\t<\/div>\n\t\t\t\t<\/div>\n\t\t<div class=\"elementor-element elementor-element-72ad7680 e-flex e-con-boxed e-con e-parent\" data-id=\"72ad7680\" data-element_type=\"container\" data-e-type=\"container\">\n\t\t\t\t\t<div class=\"e-con-inner\">\n\t\t\t\t<div class=\"elementor-element elementor-element-47b05c86 elementor-widget elementor-widget-text-editor\" data-id=\"47b05c86\" data-element_type=\"widget\" data-e-type=\"widget\" data-widget_type=\"text-editor.default\">\n\t\t\t\t\t\t\t\t\t<div><p><span lang=\"EN-GB\">Mosaic pakub EndNote'i t\u00e4iustatud lahendusi, mis v\u00f5imaldavad teadlastel, \u00f5ppej\u00f5ududel ja spetsialistidel t\u00f5hustada oma uurimis- ja tsitaatide haldusprotsesse. Meie ekspertide meeskond aitab teil valida \u00f5igeid EndNote'i tooteid, mis vastavad teie uurimisvajadustele ja -n\u00f5uetele.<\/span><\/p><\/div><div><p><span lang=\"EN-GB\">Mosaic on spetsialiseerunud tarkvaralahenduste pakkumisele, mis lihtsustavad uurimist\u00f6\u00f6de t\u00f6\u00f6vooge, suurendavad tsitaatide t\u00e4psust ja parandavad koost\u00f6\u00f6d. T\u00e4nu meie kogemustele saate EndNote'i lahendused sujuvalt integreerida oma teadustegevusse ning saavutada t\u00f5husamaid ja organiseeritumaid uurimistulemusi.<\/span><\/p><\/div><div><p><span lang=\"EN-GB\">Mosaic on p\u00fchendunud erakordsele klienditeenindusele ja konkurentsiv\u00f5imelistele hindadele. Valides Mosaic'i EndNote'i lahendused, saate juurdep\u00e4\u00e4su tehnoloogiale, mis v\u00f5imaldab teie organisatsioonil teadusuuringute ja tsitaatide haldamisel silma paista.<\/span><\/p><\/div><div><h6><span lang=\"EN-GB\">\u00dchtlustage uurimist\u00f6\u00f6d EndNote'i lahendustega<\/span><\/h6><\/div><div><p><span lang=\"EN-GB\">EndNote'i lahendused pakuvad kasutajatele vajalikke vahendeid uurimist\u00f6\u00f6 lihtsustamiseks, tsitaatide haldamiseks ja t\u00f5husaks koost\u00f6\u00f6ks. Koost\u00f6\u00f6 Mosaiciga tagab, et saate EndNote'i lahenduste t\u00f5husaks rakendamiseks asjatundlikku juhendamist ja tuge. V\u00f5tke meiega juba t\u00e4na \u00fchendust, et uurida, kuidas EndNote'i lahendused v\u00f5ivad parandada teie organisatsiooni teadusuuringute ja tsitaatide haldamise v\u00f5imalusi.<\/span><\/p><\/div>\t\t\t\t\t\t\t\t<\/div>\n\t\t\t\t\t<\/div>\n\t\t\t\t<\/div>\n\t\t\t\t<section class=\"elementor-section elementor-top-section elementor-element elementor-element-80754e elementor-section-boxed elementor-section-height-default elementor-section-height-default\" data-id=\"80754e\" data-element_type=\"section\" data-e-type=\"section\">\n\t\t\t\t\t\t<div class=\"elementor-container elementor-column-gap-default\">\n\t\t\t\t\t<div class=\"elementor-column elementor-col-50 elementor-top-column elementor-element elementor-element-25b88907\" data-id=\"25b88907\" data-element_type=\"column\" data-e-type=\"column\">\n\t\t\t<div class=\"elementor-widget-wrap\">\n\t\t\t\t\t\t\t<\/div>\n\t\t<\/div>\n\t\t\t\t<div class=\"elementor-column elementor-col-50 elementor-top-column elementor-element elementor-element-24f9bd0d\" data-id=\"24f9bd0d\" data-element_type=\"column\" data-e-type=\"column\">\n\t\t\t<div class=\"elementor-widget-wrap elementor-element-populated\">\n\t\t\t\t\t\t<div class=\"elementor-element elementor-element-1625a884 elementor-widget elementor-widget-image\" data-id=\"1625a884\" data-element_type=\"widget\" data-e-type=\"widget\" data-widget_type=\"image.default\">\n\t\t\t\t\t\t\t\t\t\t\t\t\t\t\t\t<a href=\"https:\/\/endnote.com\" target=\"_blank\" rel=\"noopener\">\n\t\t\t\t\t\t\t<img decoding=\"async\" width=\"448\" height=\"83\" src=\"https:\/\/mosaic.ee\/wp-content\/uploads\/2023\/07\/EndNote_Wordmark_TM_RGB_Black.png\" class=\"attachment-large size-large wp-image-405\" alt=\"\" srcset=\"https:\/\/mosaic.ee\/wp-content\/uploads\/2023\/07\/EndNote_Wordmark_TM_RGB_Black.png 448w, https:\/\/mosaic.ee\/wp-content\/uploads\/2023\/07\/EndNote_Wordmark_TM_RGB_Black-300x56.png 300w\" sizes=\"(max-width: 448px) 100vw, 448px\" \/>\t\t\t\t\t\t\t\t<\/a>\n\t\t\t\t\t\t\t\t\t\t\t\t\t\t\t<\/div>\n\t\t\t\t\t<\/div>\n\t\t<\/div>\n\t\t\t\t\t<\/div>\n\t\t<\/section>\n\t\t\t\t<\/div>","protected":false},"excerpt":{"rendered":"<p>Streamline Research and Citation Management with EndNote Solutions from Mosaic Why EndNote Software? EndNote is a powerful software solution designed to simplify research and citation management for researchers, academics, and professionals. With EndNote&#8217;s advanced features, users can organize references, create bibliographies, and collaborate effectively to enhance the research process. EndNote&#8217;s suite of solutions covers a [&hellip;]<\/p>\n","protected":false},"author":1,"featured_media":0,"parent":0,"menu_order":0,"comment_status":"closed","ping_status":"closed","template":"","meta":{"content-type":"","footnotes":""},"class_list":["post-1524","page","type-page","status-publish","hentry"],"_links":{"self":[{"href":"https:\/\/mosaic.ee\/et\/wp-json\/wp\/v2\/pages\/1524","targetHints":{"allow":["GET"]}}],"collection":[{"href":"https:\/\/mosaic.ee\/et\/wp-json\/wp\/v2\/pages"}],"about":[{"href":"https:\/\/mosaic.ee\/et\/wp-json\/wp\/v2\/types\/page"}],"author":[{"embeddable":true,"href":"https:\/\/mosaic.ee\/et\/wp-json\/wp\/v2\/users\/1"}],"replies":[{"embeddable":true,"href":"https:\/\/mosaic.ee\/et\/wp-json\/wp\/v2\/comments?post=1524"}],"version-history":[{"count":4,"href":"https:\/\/mosaic.ee\/et\/wp-json\/wp\/v2\/pages\/1524\/revisions"}],"predecessor-version":[{"id":1530,"href":"https:\/\/mosaic.ee\/et\/wp-json\/wp\/v2\/pages\/1524\/revisions\/1530"}],"wp:attachment":[{"href":"https:\/\/mosaic.ee\/et\/wp-json\/wp\/v2\/media?parent=1524"}],"curies":[{"name":"wp","href":"https:\/\/api.w.org\/{rel}","templated":true}]}}