{"id":1498,"date":"2023-08-21T12:15:13","date_gmt":"2023-08-21T09:15:13","guid":{"rendered":"https:\/\/mosaic.ee\/?page_id=1498"},"modified":"2024-05-30T12:07:38","modified_gmt":"2024-05-30T09:07:38","slug":"atlas","status":"publish","type":"page","link":"https:\/\/mosaic.ee\/et\/atlas\/","title":{"rendered":"Atlas"},"content":{"rendered":"<div data-elementor-type=\"wp-page\" data-elementor-id=\"1498\" class=\"elementor elementor-1498\" data-elementor-post-type=\"page\">\n\t\t\t\t\t\t<section class=\"elementor-section elementor-top-section elementor-element elementor-element-5d7e6907 elementor-section-boxed elementor-section-height-default elementor-section-height-default\" data-id=\"5d7e6907\" data-element_type=\"section\" data-e-type=\"section\">\n\t\t\t\t\t\t<div class=\"elementor-container elementor-column-gap-default\">\n\t\t\t\t\t<div class=\"elementor-column elementor-col-100 elementor-top-column elementor-element elementor-element-7907c1e0\" data-id=\"7907c1e0\" data-element_type=\"column\" data-e-type=\"column\">\n\t\t\t<div class=\"elementor-widget-wrap elementor-element-populated\">\n\t\t\t\t\t\t<div class=\"elementor-element elementor-element-1862c520 elementor-widget elementor-widget-heading\" data-id=\"1862c520\" data-element_type=\"widget\" data-e-type=\"widget\" data-widget_type=\"heading.default\">\n\t\t\t\t\t<h2 class=\"elementor-heading-title elementor-size-xl\">Kvalitatiivse andmeanal\u00fc\u00fcsi t\u00e4iustamine Mosaici ATLAS.ti lahenduste abil <\/h2>\t\t\t\t<\/div>\n\t\t\t\t\t<\/div>\n\t\t<\/div>\n\t\t\t\t\t<\/div>\n\t\t<\/section>\n\t\t<div class=\"elementor-element elementor-element-34d31e88 e-flex e-con-boxed e-con e-parent\" data-id=\"34d31e88\" data-element_type=\"container\" data-e-type=\"container\">\n\t\t\t\t\t<div class=\"e-con-inner\">\n\t\t\t\t<div class=\"elementor-element elementor-element-6f4f3da1 elementor-widget elementor-widget-image\" data-id=\"6f4f3da1\" data-element_type=\"widget\" data-e-type=\"widget\" data-widget_type=\"image.default\">\n\t\t\t\t\t\t\t\t\t\t\t\t\t\t\t<img fetchpriority=\"high\" decoding=\"async\" width=\"768\" height=\"259\" src=\"https:\/\/mosaic.ee\/wp-content\/uploads\/2023\/08\/vectorstock_40509229_transparent-768x259.png\" class=\"attachment-medium_large size-medium_large wp-image-1501\" alt=\"Inimesed istuvad laua taga ja peavad t\u00f6\u00f6keskkonnas koosolekut\" srcset=\"https:\/\/mosaic.ee\/wp-content\/uploads\/2023\/08\/vectorstock_40509229_transparent-768x259.png 768w, https:\/\/mosaic.ee\/wp-content\/uploads\/2023\/08\/vectorstock_40509229_transparent-300x101.png 300w, https:\/\/mosaic.ee\/wp-content\/uploads\/2023\/08\/vectorstock_40509229_transparent-1024x346.png 1024w, https:\/\/mosaic.ee\/wp-content\/uploads\/2023\/08\/vectorstock_40509229_transparent-1536x518.png 1536w, https:\/\/mosaic.ee\/wp-content\/uploads\/2023\/08\/vectorstock_40509229_transparent-2048x691.png 2048w, https:\/\/mosaic.ee\/wp-content\/uploads\/2023\/08\/vectorstock_40509229_transparent-18x6.png 18w\" sizes=\"(max-width: 768px) 100vw, 768px\" \/>\t\t\t\t\t\t\t\t\t\t\t\t\t\t\t<\/div>\n\t\t\t\t\t<\/div>\n\t\t\t\t<\/div>\n\t\t<div class=\"elementor-element elementor-element-4c6e060c e-flex e-con-boxed e-con e-parent\" data-id=\"4c6e060c\" data-element_type=\"container\" data-e-type=\"container\">\n\t\t\t\t\t<div class=\"e-con-inner\">\n\t\t\t\t<div class=\"elementor-element elementor-element-470fd5be elementor-widget elementor-widget-heading\" data-id=\"470fd5be\" data-element_type=\"widget\" data-e-type=\"widget\" data-widget_type=\"heading.default\">\n\t\t\t\t\t<h2 class=\"elementor-heading-title elementor-size-large\">Miks Atlast.ti tarkvara?<\/h2>\t\t\t\t<\/div>\n\t\t\t\t\t<\/div>\n\t\t\t\t<\/div>\n\t\t<div class=\"elementor-element elementor-element-4f5a914b e-flex e-con-boxed e-con e-parent\" data-id=\"4f5a914b\" data-element_type=\"container\" data-e-type=\"container\">\n\t\t\t\t\t<div class=\"e-con-inner\">\n\t\t\t\t<div class=\"elementor-element elementor-element-621c6e7c elementor-widget elementor-widget-text-editor\" data-id=\"621c6e7c\" data-element_type=\"widget\" data-e-type=\"widget\" data-widget_type=\"text-editor.default\">\n\t\t\t\t\t\t\t\t\t<p style=\"font-weight: 400;\"><span style=\"color: #3366ff;\"><a style=\"color: #3366ff;\" href=\"https:\/\/atlasti.com\" target=\"_blank\" rel=\"noopener\">ATLAS.ti<\/a><\/span> on juhtiv kvalitatiivse andmeanal\u00fc\u00fcsi tarkvaralahendus, mis v\u00f5imaldab teadlastel ja anal\u00fc\u00fctikutel avastada arusaamu tekstilistest, visuaalsetest ja audioandmetest. ATLAS.ti t\u00e4iustatud t\u00f6\u00f6riistade abil saate korraldada, anal\u00fc\u00fcsida ja t\u00f5lgendada kvalitatiivseid andmeid, saades v\u00e4\u00e4rtuslikke teadmisi oma uuringute ja otsuste tegemiseks.<\/p><p style=\"font-weight: 400;\">ATLAS.ti tarkvarapakett pakub laia valikut funktsioone, mis on m\u00f5eldud kvalitatiivse andmeanal\u00fc\u00fcsi erinevate aspektide, sealhulgas andmete kodeerimise, sisuanal\u00fc\u00fcsi, teksti uurimise ja visualiseerimise toetamiseks. Need lahendused on kohandatud selleks, et aidata teadlastel keerulisi andmeid m\u00f5testada, tuvastada mustreid ja eraldada m\u00f5testatud teavet.<\/p><p style=\"font-weight: 400;\">Peamised eelised <span style=\"color: #3366ff;\"><a style=\"color: #3366ff;\" href=\"https:\/\/atlasti.com\" target=\"_blank\" rel=\"noopener\">ATLAS.ti<\/a><\/span> Lahendused:<\/p><ol style=\"font-weight: 400;\"><li>P\u00f5hjalik andmete kodeerimine: ATLAS.ti kodeerimisvahendid v\u00f5imaldavad teadlastel korrastada ja kategoriseerida kvalitatiivseid andmeid, mis h\u00f5lbustab teemade ja mustrite tuvastamist.<\/li><li>Rikkaliku teksti uurimine: ATLAS.ti v\u00f5imaldab tekstiandmete p\u00f5hjalikku uurimist, h\u00f5lbustades erinevate allikate p\u00f5hjalikku anal\u00fc\u00fcsi.<\/li><li>Visuaalne ja audioanal\u00fc\u00fcs: ATLAS.ti toetab visuaalsete ja audioandmete anal\u00fc\u00fcsi, v\u00f5imaldades teadlastel lisada anal\u00fc\u00fcsi multimeediaelemente.<\/li><li>\u00dchisuuringud: ATLAS.ti pakub funktsioone koost\u00f6\u00f6uuringuteks, mis v\u00f5imaldavad meeskondadel t\u00f6\u00f6tada koos kvalitatiivsete andmete anal\u00fc\u00fcsiprojektide kallal.<\/li><\/ol>\t\t\t\t\t\t\t\t<\/div>\n\t\t\t\t\t<\/div>\n\t\t\t\t<\/div>\n\t\t\t\t<section class=\"elementor-section elementor-top-section elementor-element elementor-element-ceb9843 elementor-section-boxed elementor-section-height-default elementor-section-height-default\" data-id=\"ceb9843\" data-element_type=\"section\" data-e-type=\"section\">\n\t\t\t\t\t\t<div class=\"elementor-container elementor-column-gap-default\">\n\t\t\t\t\t<div class=\"elementor-column elementor-col-50 elementor-top-column elementor-element elementor-element-757bfb0d\" data-id=\"757bfb0d\" data-element_type=\"column\" data-e-type=\"column\">\n\t\t\t<div class=\"elementor-widget-wrap\">\n\t\t\t\t\t\t\t<\/div>\n\t\t<\/div>\n\t\t\t\t<div class=\"elementor-column elementor-col-50 elementor-top-column elementor-element elementor-element-bd53836\" data-id=\"bd53836\" data-element_type=\"column\" data-e-type=\"column\">\n\t\t\t<div class=\"elementor-widget-wrap elementor-element-populated\">\n\t\t\t\t\t\t<div class=\"elementor-element elementor-element-a8102e elementor-widget elementor-widget-image\" data-id=\"a8102e\" data-element_type=\"widget\" data-e-type=\"widget\" data-widget_type=\"image.default\">\n\t\t\t\t\t\t\t\t\t\t\t\t\t\t\t\t<a href=\"https:\/\/atlasti.com\" target=\"_blank\" rel=\"noopener\">\n\t\t\t\t\t\t\t<img decoding=\"async\" width=\"284\" height=\"59\" src=\"https:\/\/mosaic.ee\/wp-content\/uploads\/2023\/07\/Atlas-ti-logo2018.png\" class=\"attachment-medium size-medium wp-image-467\" alt=\"\" \/>\t\t\t\t\t\t\t\t<\/a>\n\t\t\t\t\t\t\t\t\t\t\t\t\t\t\t<\/div>\n\t\t\t\t\t<\/div>\n\t\t<\/div>\n\t\t\t\t\t<\/div>\n\t\t<\/section>\n\t\t<div class=\"elementor-element elementor-element-4c5b6e8e e-flex e-con-boxed e-con e-parent\" data-id=\"4c5b6e8e\" data-element_type=\"container\" data-e-type=\"container\">\n\t\t\t\t\t<div class=\"e-con-inner\">\n\t\t\t\t<div class=\"elementor-element elementor-element-5953f6b4 elementor-widget elementor-widget-heading\" data-id=\"5953f6b4\" data-element_type=\"widget\" data-e-type=\"widget\" data-widget_type=\"heading.default\">\n\t\t\t\t\t<h2 class=\"elementor-heading-title elementor-size-large\">Miks osta Atlas.ti Mosaicilt?<\/h2>\t\t\t\t<\/div>\n\t\t\t\t\t<\/div>\n\t\t\t\t<\/div>\n\t\t<div class=\"elementor-element elementor-element-23d95eb4 e-flex e-con-boxed e-con e-parent\" data-id=\"23d95eb4\" data-element_type=\"container\" data-e-type=\"container\">\n\t\t\t\t\t<div class=\"e-con-inner\">\n\t\t\t\t<div class=\"elementor-element elementor-element-64367977 elementor-widget elementor-widget-text-editor\" data-id=\"64367977\" data-element_type=\"widget\" data-e-type=\"widget\" data-widget_type=\"text-editor.default\">\n\t\t\t\t\t\t\t\t\t<div><p><span lang=\"EN-GB\">Mosaic pakub ATLAS.ti v\u00f5imsaid lahendusi, mis v\u00f5imaldavad teadlastel ja anal\u00fc\u00fctikutel parandada oma kvalitatiivsete andmete anal\u00fc\u00fcsi v\u00f5imalusi ja saada sisukaid teadmisi. Meie ekspertide meeskond aitab teil valida \u00f5igeid ATLAS.ti tooteid, mis vastavad teie teadust\u00f6\u00f6 eesm\u00e4rkidele ja n\u00f5uetele.<\/span><\/p><\/div><div><p><span lang=\"EN-GB\">Usaldusv\u00e4\u00e4rse partnerina on Mosaic spetsialiseerunud tarkvaralahenduste pakkumisele, mis lihtsustavad kvalitatiivsete andmete anal\u00fc\u00fcsi, t\u00f5hustavad tekstiuuringuid ja toetavad \u00fchiseid teadusuuringuid. T\u00e4nu meie kogemustele saate integreerida ATLAS.ti lahendused sujuvalt oma uurimisprotsessi ja avada oma andmete potentsiaali.<\/span><\/p><\/div><div><p><span lang=\"EN-GB\">Mosaic on p\u00fchendunud erakordsele klienditeenindusele ja konkurentsiv\u00f5imelistele hindadele. Valides Mosaici ATLAS.ti lahendused, saate juurdep\u00e4\u00e4su t\u00e4iustatud tehnoloogiale, mis v\u00f5imaldab teie organisatsioonil kvalitatiivse andmeanal\u00fc\u00fcsi valdkonnas silma paista.<\/span><\/p><\/div><div><h5><span lang=\"EN-GB\">ATLAS.ti lahenduste abil avastame teadmisi<\/span><\/h5><\/div><div><p><span lang=\"EN-GB\">ATLAS.ti lahendused pakuvad teadlastele vajalikke vahendeid kvalitatiivsete andmete t\u00f5husaks korrastamiseks, anal\u00fc\u00fcsimiseks ja t\u00f5lgendamiseks. Koost\u00f6\u00f6 Mosaiciga tagab, et saate ATLAS.ti lahenduste t\u00f5husaks rakendamiseks asjatundlikku juhendamist ja tuge. V\u00f5tke meiega juba t\u00e4na \u00fchendust, et uurida, kuidas ATLAS.ti lahendused v\u00f5ivad parandada teie organisatsiooni kvalitatiivsete andmete anal\u00fc\u00fcsi v\u00f5imalusi.<\/span><\/p><\/div>\t\t\t\t\t\t\t\t<\/div>\n\t\t\t\t\t<\/div>\n\t\t\t\t<\/div>\n\t\t\t\t<section class=\"elementor-section elementor-top-section elementor-element elementor-element-d998897 elementor-section-boxed elementor-section-height-default elementor-section-height-default\" data-id=\"d998897\" data-element_type=\"section\" data-e-type=\"section\">\n\t\t\t\t\t\t<div class=\"elementor-container elementor-column-gap-default\">\n\t\t\t\t\t<div class=\"elementor-column elementor-col-50 elementor-top-column elementor-element elementor-element-2d35e309\" data-id=\"2d35e309\" data-element_type=\"column\" data-e-type=\"column\">\n\t\t\t<div class=\"elementor-widget-wrap\">\n\t\t\t\t\t\t\t<\/div>\n\t\t<\/div>\n\t\t\t\t<div class=\"elementor-column elementor-col-50 elementor-top-column elementor-element elementor-element-567c8d19\" data-id=\"567c8d19\" data-element_type=\"column\" data-e-type=\"column\">\n\t\t\t<div class=\"elementor-widget-wrap elementor-element-populated\">\n\t\t\t\t\t\t<div class=\"elementor-element elementor-element-5601a088 elementor-widget elementor-widget-image\" data-id=\"5601a088\" data-element_type=\"widget\" data-e-type=\"widget\" data-widget_type=\"image.default\">\n\t\t\t\t\t\t\t\t\t\t\t\t\t\t\t\t<a href=\"https:\/\/atlasti.com\" target=\"_blank\" rel=\"noopener\">\n\t\t\t\t\t\t\t<img decoding=\"async\" width=\"284\" height=\"59\" src=\"https:\/\/mosaic.ee\/wp-content\/uploads\/2023\/07\/Atlas-ti-logo2018.png\" class=\"attachment-large size-large wp-image-467\" alt=\"\" \/>\t\t\t\t\t\t\t\t<\/a>\n\t\t\t\t\t\t\t\t\t\t\t\t\t\t\t<\/div>\n\t\t\t\t\t<\/div>\n\t\t<\/div>\n\t\t\t\t\t<\/div>\n\t\t<\/section>\n\t\t\t\t<\/div>","protected":false},"excerpt":{"rendered":"<p>Enhance Qualitative Data Analysis with ATLAS.ti Solutions from Mosaic Why Atlast.ti Software? ATLAS.ti is a leading software solution for qualitative data analysis that empowers researchers and analysts to uncover insights from textual, visual, and audio data. With ATLAS.ti&#8217;s advanced tools, you can organize, analyze, and interpret qualitative data, gaining valuable insights to inform your research [&hellip;]<\/p>\n","protected":false},"author":1,"featured_media":0,"parent":0,"menu_order":0,"comment_status":"closed","ping_status":"closed","template":"","meta":{"content-type":"","footnotes":""},"class_list":["post-1498","page","type-page","status-publish","hentry"],"_links":{"self":[{"href":"https:\/\/mosaic.ee\/et\/wp-json\/wp\/v2\/pages\/1498","targetHints":{"allow":["GET"]}}],"collection":[{"href":"https:\/\/mosaic.ee\/et\/wp-json\/wp\/v2\/pages"}],"about":[{"href":"https:\/\/mosaic.ee\/et\/wp-json\/wp\/v2\/types\/page"}],"author":[{"embeddable":true,"href":"https:\/\/mosaic.ee\/et\/wp-json\/wp\/v2\/users\/1"}],"replies":[{"embeddable":true,"href":"https:\/\/mosaic.ee\/et\/wp-json\/wp\/v2\/comments?post=1498"}],"version-history":[{"count":7,"href":"https:\/\/mosaic.ee\/et\/wp-json\/wp\/v2\/pages\/1498\/revisions"}],"predecessor-version":[{"id":3392,"href":"https:\/\/mosaic.ee\/et\/wp-json\/wp\/v2\/pages\/1498\/revisions\/3392"}],"wp:attachment":[{"href":"https:\/\/mosaic.ee\/et\/wp-json\/wp\/v2\/media?parent=1498"}],"curies":[{"name":"wp","href":"https:\/\/api.w.org\/{rel}","templated":true}]}}