{"id":1470,"date":"2023-08-21T11:51:47","date_gmt":"2023-08-21T08:51:47","guid":{"rendered":"https:\/\/mosaic.ee\/?page_id=1470"},"modified":"2024-06-03T15:07:04","modified_gmt":"2024-06-03T12:07:04","slug":"otsing","status":"publish","type":"page","link":"https:\/\/mosaic.ee\/et\/quest\/","title":{"rendered":"Quest"},"content":{"rendered":"<div data-elementor-type=\"wp-page\" data-elementor-id=\"1470\" class=\"elementor elementor-1470\" data-elementor-post-type=\"page\">\n\t\t\t\t\t\t<section class=\"elementor-section elementor-top-section elementor-element elementor-element-3a8ff0a4 elementor-section-boxed elementor-section-height-default elementor-section-height-default\" data-id=\"3a8ff0a4\" data-element_type=\"section\" data-e-type=\"section\">\n\t\t\t\t\t\t<div class=\"elementor-container elementor-column-gap-default\">\n\t\t\t\t\t<div class=\"elementor-column elementor-col-100 elementor-top-column elementor-element elementor-element-4e6891ab\" data-id=\"4e6891ab\" data-element_type=\"column\" data-e-type=\"column\">\n\t\t\t<div class=\"elementor-widget-wrap elementor-element-populated\">\n\t\t\t\t\t\t<div class=\"elementor-element elementor-element-70bc9cc8 elementor-widget elementor-widget-heading\" data-id=\"70bc9cc8\" data-element_type=\"widget\" data-e-type=\"widget\" data-widget_type=\"heading.default\">\n\t\t\t\t\t<h2 class=\"elementor-heading-title elementor-size-xl\">Optimeerige oma IT-haldust Mosaic'i Quest tarkvaralahendustega <\/h2>\t\t\t\t<\/div>\n\t\t\t\t\t<\/div>\n\t\t<\/div>\n\t\t\t\t\t<\/div>\n\t\t<\/section>\n\t\t<div class=\"elementor-element elementor-element-6d32e2d4 e-flex e-con-boxed e-con e-parent\" data-id=\"6d32e2d4\" data-element_type=\"container\" data-e-type=\"container\">\n\t\t\t\t\t<div class=\"e-con-inner\">\n\t\t\t\t<div class=\"elementor-element elementor-element-2ca7c726 elementor-widget elementor-widget-image\" data-id=\"2ca7c726\" data-element_type=\"widget\" data-e-type=\"widget\" data-widget_type=\"image.default\">\n\t\t\t\t\t\t\t\t\t\t\t\t\t\t\t<img fetchpriority=\"high\" decoding=\"async\" width=\"768\" height=\"488\" src=\"https:\/\/mosaic.ee\/wp-content\/uploads\/2023\/08\/vectorstock_32262590_transparent-768x488.png\" class=\"attachment-medium_large size-medium_large wp-image-1474\" alt=\"\" srcset=\"https:\/\/mosaic.ee\/wp-content\/uploads\/2023\/08\/vectorstock_32262590_transparent-768x488.png 768w, https:\/\/mosaic.ee\/wp-content\/uploads\/2023\/08\/vectorstock_32262590_transparent-300x191.png 300w, https:\/\/mosaic.ee\/wp-content\/uploads\/2023\/08\/vectorstock_32262590_transparent-1024x651.png 1024w, https:\/\/mosaic.ee\/wp-content\/uploads\/2023\/08\/vectorstock_32262590_transparent-1536x976.png 1536w, https:\/\/mosaic.ee\/wp-content\/uploads\/2023\/08\/vectorstock_32262590_transparent-2048x1302.png 2048w, https:\/\/mosaic.ee\/wp-content\/uploads\/2023\/08\/vectorstock_32262590_transparent-18x12.png 18w\" sizes=\"(max-width: 768px) 100vw, 768px\" \/>\t\t\t\t\t\t\t\t\t\t\t\t\t\t\t<\/div>\n\t\t\t\t\t<\/div>\n\t\t\t\t<\/div>\n\t\t<div class=\"elementor-element elementor-element-20502d75 e-flex e-con-boxed e-con e-parent\" data-id=\"20502d75\" data-element_type=\"container\" data-e-type=\"container\">\n\t\t\t\t\t<div class=\"e-con-inner\">\n\t\t\t\t<div class=\"elementor-element elementor-element-34052220 elementor-widget elementor-widget-heading\" data-id=\"34052220\" data-element_type=\"widget\" data-e-type=\"widget\" data-widget_type=\"heading.default\">\n\t\t\t\t\t<h2 class=\"elementor-heading-title elementor-size-large\">Miks Quest Software?<\/h2>\t\t\t\t<\/div>\n\t\t\t\t\t<\/div>\n\t\t\t\t<\/div>\n\t\t<div class=\"elementor-element elementor-element-7d2baf2a e-flex e-con-boxed e-con e-parent\" data-id=\"7d2baf2a\" data-element_type=\"container\" data-e-type=\"container\">\n\t\t\t\t\t<div class=\"e-con-inner\">\n\t\t\t\t<div class=\"elementor-element elementor-element-64c21e9e elementor-widget elementor-widget-text-editor\" data-id=\"64c21e9e\" data-element_type=\"widget\" data-e-type=\"widget\" data-widget_type=\"text-editor.default\">\n\t\t\t\t\t\t\t\t\t<div><p><span lang=\"EN-GB\"><span style=\"color: #3366ff;\"><a style=\"color: #3366ff;\" href=\"https:\/\/www.quest.com\" target=\"_blank\" rel=\"noopener\">Quest<\/a><\/span> on juhtiv IT-haldustarkvaralahenduste pakkuja, mis on loodud selleks, et anda organisatsioonidele vahendid tegevuse t\u00f5hustamiseks, turvalisuse suurendamiseks ja tootlikkuse maksimeerimiseks. Quest tarkvaralahenduste abil saate lihtsustada oma keeruliste IT-keskkondade haldamist, lahendada kriitilisi probleeme ja saavutada oma \u00e4rieesm\u00e4rke.<\/span><\/p><\/div><div><p><span lang=\"EN-GB\">Quest pakub laia valikut tarkvaralahendusi, mis k\u00e4sitlevad IT-halduse erinevaid aspekte, sealhulgas andmebaaside haldamist, andmekaitset, identiteedi ja juurdep\u00e4\u00e4su haldamist ning Microsofti platvormide haldamist. Need lahendused on loodud selleks, et aidata organisatsioonidel suurendada t\u00f5husust, v\u00e4hendada riske ja tagada sujuv IT-kogemus.<\/span><\/p><\/div><div><p><span lang=\"EN-GB\">Peamised eelised <span style=\"color: #3366ff;\"><a style=\"color: #3366ff;\" href=\"https:\/\/www.quest.com\" target=\"_blank\" rel=\"noopener\">Quest<\/a><\/span> Tarkvaralahendused:<\/span><\/p><\/div><div><ol><li><span lang=\"EN-GB\">Lihtsustatud IT-haldus: Quest'i tarkvaralahendused pakuvad intuitiivseid vahendeid, mis lihtsustavad keerulisi IT-\u00fclesandeid, v\u00f5imaldades organisatsioonidel oma keskkondi t\u00f5husamalt ja tulemuslikumalt hallata.<\/span><\/li><li>T\u00f5hustatud turvalisus: Quest'i turvalisusele keskendunud lahendused aitavad organisatsioonidel kaitsta tundlikke andmeid, identiteete ja ressursse, v\u00e4hendades turvariske ja tagades eeskirjade j\u00e4rgimise.<\/li><li>Andmekaitse: Quest'i andmekaitselahendused pakuvad p\u00f5hjalikke varundus- ja taastamisv\u00f5imalusi, tagades \u00e4ritegevuse j\u00e4rjepidevuse ja v\u00e4hendades seisakuid.<\/li><li>Microsofti platvormi haldamine: Quest aitab organisatsioonidel hallata ja optimeerida oma Microsofti keskkondi, parandades koost\u00f6\u00f6d ja tootlikkust.<\/li><\/ol><\/div>\t\t\t\t\t\t\t\t<\/div>\n\t\t\t\t\t<\/div>\n\t\t\t\t<\/div>\n\t\t\t\t<section class=\"elementor-section elementor-top-section elementor-element elementor-element-144a7c1a elementor-section-boxed elementor-section-height-default elementor-section-height-default\" data-id=\"144a7c1a\" data-element_type=\"section\" data-e-type=\"section\">\n\t\t\t\t\t\t<div class=\"elementor-container elementor-column-gap-default\">\n\t\t\t\t\t<div class=\"elementor-column elementor-col-50 elementor-top-column elementor-element elementor-element-550fcde9\" data-id=\"550fcde9\" data-element_type=\"column\" data-e-type=\"column\">\n\t\t\t<div class=\"elementor-widget-wrap\">\n\t\t\t\t\t\t\t<\/div>\n\t\t<\/div>\n\t\t\t\t<div class=\"elementor-column elementor-col-50 elementor-top-column elementor-element elementor-element-6ec4dda9\" data-id=\"6ec4dda9\" data-element_type=\"column\" data-e-type=\"column\">\n\t\t\t<div class=\"elementor-widget-wrap elementor-element-populated\">\n\t\t\t\t\t\t<div class=\"elementor-element elementor-element-5801435d elementor-widget elementor-widget-image\" data-id=\"5801435d\" data-element_type=\"widget\" data-e-type=\"widget\" data-widget_type=\"image.default\">\n\t\t\t\t\t\t\t\t\t\t\t\t\t\t\t\t<a href=\"http:\/\/www.quest.com\" target=\"_blank\" rel=\"noopener\">\n\t\t\t\t\t\t\t<img decoding=\"async\" width=\"300\" height=\"156\" src=\"https:\/\/mosaic.ee\/wp-content\/uploads\/2023\/08\/Quest-300x156.png\" class=\"attachment-medium size-medium wp-image-1473\" alt=\"\" srcset=\"https:\/\/mosaic.ee\/wp-content\/uploads\/2023\/08\/Quest-300x156.png 300w, https:\/\/mosaic.ee\/wp-content\/uploads\/2023\/08\/Quest-18x9.png 18w, https:\/\/mosaic.ee\/wp-content\/uploads\/2023\/08\/Quest.png 311w\" sizes=\"(max-width: 300px) 100vw, 300px\" \/>\t\t\t\t\t\t\t\t<\/a>\n\t\t\t\t\t\t\t\t\t\t\t\t\t\t\t<\/div>\n\t\t\t\t\t<\/div>\n\t\t<\/div>\n\t\t\t\t\t<\/div>\n\t\t<\/section>\n\t\t<div class=\"elementor-element elementor-element-7c0dfd47 e-flex e-con-boxed e-con e-parent\" data-id=\"7c0dfd47\" data-element_type=\"container\" data-e-type=\"container\">\n\t\t\t\t\t<div class=\"e-con-inner\">\n\t\t\t\t<div class=\"elementor-element elementor-element-3b9180ec elementor-widget elementor-widget-heading\" data-id=\"3b9180ec\" data-element_type=\"widget\" data-e-type=\"widget\" data-widget_type=\"heading.default\">\n\t\t\t\t\t<h2 class=\"elementor-heading-title elementor-size-large\">Miks osta Quest Mosaicilt?<\/h2>\t\t\t\t<\/div>\n\t\t\t\t\t<\/div>\n\t\t\t\t<\/div>\n\t\t<div class=\"elementor-element elementor-element-2e7d17d3 e-flex e-con-boxed e-con e-parent\" data-id=\"2e7d17d3\" data-element_type=\"container\" data-e-type=\"container\">\n\t\t\t\t\t<div class=\"e-con-inner\">\n\t\t\t\t<div class=\"elementor-element elementor-element-12889752 elementor-widget elementor-widget-text-editor\" data-id=\"12889752\" data-element_type=\"widget\" data-e-type=\"widget\" data-widget_type=\"text-editor.default\">\n\t\t\t\t\t\t\t\t\t<div><p><span lang=\"EN-GB\">Mosaic pakub laias valikus Quest tarkvara lahendusi, mis v\u00f5imaldavad ettev\u00f5tetel kasutada t\u00e4iustatud IT-haldusvahendite v\u00f5imsust. Meie ekspertide meeskond aitab teil valida sobivad Quest-tooted, mis vastavad teie organisatsiooni eesm\u00e4rkidele ja n\u00f5uetele.<\/span><\/p><\/div><div><p><span lang=\"EN-GB\">Usaldusv\u00e4\u00e4rse partnerina on Mosaic spetsialiseerunud IT-halduslahenduste pakkumisele, mis parandavad t\u00f5husust ja turvalisust.\u00a0<\/span><\/p><\/div><div><p><span lang=\"EN-GB\">Mosaic on p\u00fchendunud erakordsele klienditeenindusele ja konkurentsiv\u00f5imelistele hindadele. Valides Mosaici Quest lahendused, saate juurdep\u00e4\u00e4su valdkonna juhtivale tarkvarale, mis v\u00f5imaldab teie organisatsioonil optimeerida oma IT-tegevust.<\/span><\/p><\/div><div><p><span lang=\"EN-GB\">Quest tarkvaralahenduste v\u00e4\u00e4rtuse avamine<\/span><\/p><\/div><div><p><span lang=\"EN-GB\">Quest tarkvaralahendused pakuvad ettev\u00f5tetele vahendeid, mis on vajalikud IT-halduse sujuvamaks muutmiseks, turvalisuse suurendamiseks ja \u00e4rieesm\u00e4rkide saavutamiseks. V\u00f5tke meiega juba t\u00e4na \u00fchendust, et uurida, kuidas Quest tarkvaralahendused v\u00f5ivad t\u00f5sta teie organisatsiooni IT-haldusv\u00f5imalusi.<\/span><\/p><\/div>\t\t\t\t\t\t\t\t<\/div>\n\t\t\t\t\t<\/div>\n\t\t\t\t<\/div>\n\t\t\t\t<section class=\"elementor-section elementor-top-section elementor-element elementor-element-2e59b2b2 elementor-section-boxed elementor-section-height-default elementor-section-height-default\" data-id=\"2e59b2b2\" data-element_type=\"section\" data-e-type=\"section\">\n\t\t\t\t\t\t<div class=\"elementor-container elementor-column-gap-default\">\n\t\t\t\t\t<div class=\"elementor-column elementor-col-50 elementor-top-column elementor-element elementor-element-4cbec1bb\" data-id=\"4cbec1bb\" data-element_type=\"column\" data-e-type=\"column\">\n\t\t\t<div class=\"elementor-widget-wrap\">\n\t\t\t\t\t\t\t<\/div>\n\t\t<\/div>\n\t\t\t\t<div class=\"elementor-column elementor-col-50 elementor-top-column elementor-element elementor-element-425f6afe\" data-id=\"425f6afe\" data-element_type=\"column\" data-e-type=\"column\">\n\t\t\t<div class=\"elementor-widget-wrap elementor-element-populated\">\n\t\t\t\t\t\t<div class=\"elementor-element elementor-element-69a5b4c1 elementor-widget elementor-widget-image\" data-id=\"69a5b4c1\" data-element_type=\"widget\" data-e-type=\"widget\" data-widget_type=\"image.default\">\n\t\t\t\t\t\t\t\t\t\t\t\t\t\t\t\t<a href=\"https:\/\/www.quest.com\" target=\"_blank\" rel=\"noopener\">\n\t\t\t\t\t\t\t<img decoding=\"async\" width=\"800\" height=\"324\" src=\"https:\/\/mosaic.ee\/wp-content\/uploads\/2023\/07\/Quest-R-RegisteredPartner-OrangeDkGrey-RGB-1024x415.png\" class=\"attachment-large size-large wp-image-513\" alt=\"\" srcset=\"https:\/\/mosaic.ee\/wp-content\/uploads\/2023\/07\/Quest-R-RegisteredPartner-OrangeDkGrey-RGB-1024x415.png 1024w, https:\/\/mosaic.ee\/wp-content\/uploads\/2023\/07\/Quest-R-RegisteredPartner-OrangeDkGrey-RGB-300x122.png 300w, https:\/\/mosaic.ee\/wp-content\/uploads\/2023\/07\/Quest-R-RegisteredPartner-OrangeDkGrey-RGB-768x311.png 768w, https:\/\/mosaic.ee\/wp-content\/uploads\/2023\/07\/Quest-R-RegisteredPartner-OrangeDkGrey-RGB-1536x622.png 1536w, https:\/\/mosaic.ee\/wp-content\/uploads\/2023\/07\/Quest-R-RegisteredPartner-OrangeDkGrey-RGB-18x7.png 18w, https:\/\/mosaic.ee\/wp-content\/uploads\/2023\/07\/Quest-R-RegisteredPartner-OrangeDkGrey-RGB.png 1800w\" sizes=\"(max-width: 800px) 100vw, 800px\" \/>\t\t\t\t\t\t\t\t<\/a>\n\t\t\t\t\t\t\t\t\t\t\t\t\t\t\t<\/div>\n\t\t\t\t\t<\/div>\n\t\t<\/div>\n\t\t\t\t\t<\/div>\n\t\t<\/section>\n\t\t\t\t<\/div>","protected":false},"excerpt":{"rendered":"<p>Optimize Your IT Management with Quest Software Solutions from Mosaic Why Quest Software? Quest is a leading provider of IT management software solutions designed to empower organizations with tools to streamline operations, enhance security, and maximize productivity. With Quest software solutions, you can simplify the management of your complex IT environments, solve critical challenges, and [&hellip;]<\/p>\n","protected":false},"author":1,"featured_media":0,"parent":0,"menu_order":0,"comment_status":"closed","ping_status":"closed","template":"","meta":{"content-type":"","footnotes":""},"class_list":["post-1470","page","type-page","status-publish","hentry"],"_links":{"self":[{"href":"https:\/\/mosaic.ee\/et\/wp-json\/wp\/v2\/pages\/1470","targetHints":{"allow":["GET"]}}],"collection":[{"href":"https:\/\/mosaic.ee\/et\/wp-json\/wp\/v2\/pages"}],"about":[{"href":"https:\/\/mosaic.ee\/et\/wp-json\/wp\/v2\/types\/page"}],"author":[{"embeddable":true,"href":"https:\/\/mosaic.ee\/et\/wp-json\/wp\/v2\/users\/1"}],"replies":[{"embeddable":true,"href":"https:\/\/mosaic.ee\/et\/wp-json\/wp\/v2\/comments?post=1470"}],"version-history":[{"count":4,"href":"https:\/\/mosaic.ee\/et\/wp-json\/wp\/v2\/pages\/1470\/revisions"}],"predecessor-version":[{"id":1477,"href":"https:\/\/mosaic.ee\/et\/wp-json\/wp\/v2\/pages\/1470\/revisions\/1477"}],"wp:attachment":[{"href":"https:\/\/mosaic.ee\/et\/wp-json\/wp\/v2\/media?parent=1470"}],"curies":[{"name":"wp","href":"https:\/\/api.w.org\/{rel}","templated":true}]}}