{"id":1449,"date":"2023-08-21T11:42:38","date_gmt":"2023-08-21T08:42:38","guid":{"rendered":"https:\/\/mosaic.ee\/?page_id=1449"},"modified":"2024-06-03T14:17:36","modified_gmt":"2024-06-03T11:17:36","slug":"oneidentity","status":"publish","type":"page","link":"https:\/\/mosaic.ee\/et\/oneidentity\/","title":{"rendered":"OneIdentity\u00a0"},"content":{"rendered":"<div data-elementor-type=\"wp-page\" data-elementor-id=\"1449\" class=\"elementor elementor-1449\" data-elementor-post-type=\"page\">\n\t\t\t\t\t\t<section class=\"elementor-section elementor-top-section elementor-element elementor-element-1bf6fa77 elementor-section-boxed elementor-section-height-default elementor-section-height-default\" data-id=\"1bf6fa77\" data-element_type=\"section\" data-e-type=\"section\">\n\t\t\t\t\t\t<div class=\"elementor-container elementor-column-gap-default\">\n\t\t\t\t\t<div class=\"elementor-column elementor-col-100 elementor-top-column elementor-element elementor-element-265c7940\" data-id=\"265c7940\" data-element_type=\"column\" data-e-type=\"column\">\n\t\t\t<div class=\"elementor-widget-wrap elementor-element-populated\">\n\t\t\t\t\t\t<div class=\"elementor-element elementor-element-5f009b5c elementor-widget elementor-widget-heading\" data-id=\"5f009b5c\" data-element_type=\"widget\" data-e-type=\"widget\" data-widget_type=\"heading.default\">\n\t\t\t\t\t<h2 class=\"elementor-heading-title elementor-size-xl\">T\u00f5sta oma identiteedi ja juurdep\u00e4\u00e4su haldamine Mosaic'i \u00fche identiteedilahendusega <\/h2>\t\t\t\t<\/div>\n\t\t\t\t\t<\/div>\n\t\t<\/div>\n\t\t\t\t\t<\/div>\n\t\t<\/section>\n\t\t<div class=\"elementor-element elementor-element-13cb3073 e-flex e-con-boxed e-con e-parent\" data-id=\"13cb3073\" data-element_type=\"container\" data-e-type=\"container\">\n\t\t\t\t\t<div class=\"e-con-inner\">\n\t\t\t\t<div class=\"elementor-element elementor-element-17cb5603 elementor-widget elementor-widget-image\" data-id=\"17cb5603\" data-element_type=\"widget\" data-e-type=\"widget\" data-widget_type=\"image.default\">\n\t\t\t\t\t\t\t\t\t\t\t\t\t\t\t<img fetchpriority=\"high\" decoding=\"async\" width=\"768\" height=\"999\" src=\"https:\/\/mosaic.ee\/wp-content\/uploads\/2023\/08\/vectorstock_41669014_transparent-768x999.png\" class=\"attachment-medium_large size-medium_large wp-image-1460\" alt=\"\" srcset=\"https:\/\/mosaic.ee\/wp-content\/uploads\/2023\/08\/vectorstock_41669014_transparent-768x999.png 768w, https:\/\/mosaic.ee\/wp-content\/uploads\/2023\/08\/vectorstock_41669014_transparent-231x300.png 231w, https:\/\/mosaic.ee\/wp-content\/uploads\/2023\/08\/vectorstock_41669014_transparent-787x1024.png 787w, https:\/\/mosaic.ee\/wp-content\/uploads\/2023\/08\/vectorstock_41669014_transparent-1180x1536.png 1180w, https:\/\/mosaic.ee\/wp-content\/uploads\/2023\/08\/vectorstock_41669014_transparent-1574x2048.png 1574w, https:\/\/mosaic.ee\/wp-content\/uploads\/2023\/08\/vectorstock_41669014_transparent-9x12.png 9w\" sizes=\"(max-width: 768px) 100vw, 768px\" \/>\t\t\t\t\t\t\t\t\t\t\t\t\t\t\t<\/div>\n\t\t\t\t\t<\/div>\n\t\t\t\t<\/div>\n\t\t<div class=\"elementor-element elementor-element-364ef0fb e-flex e-con-boxed e-con e-parent\" data-id=\"364ef0fb\" data-element_type=\"container\" data-e-type=\"container\">\n\t\t\t\t\t<div class=\"e-con-inner\">\n\t\t\t\t<div class=\"elementor-element elementor-element-6de4dee3 elementor-widget elementor-widget-heading\" data-id=\"6de4dee3\" data-element_type=\"widget\" data-e-type=\"widget\" data-widget_type=\"heading.default\">\n\t\t\t\t\t<h2 class=\"elementor-heading-title elementor-size-large\">Miks One Identity Software?<\/h2>\t\t\t\t<\/div>\n\t\t\t\t\t<\/div>\n\t\t\t\t<\/div>\n\t\t<div class=\"elementor-element elementor-element-227d65a8 e-flex e-con-boxed e-con e-parent\" data-id=\"227d65a8\" data-element_type=\"container\" data-e-type=\"container\">\n\t\t\t\t\t<div class=\"e-con-inner\">\n\t\t\t\t<div class=\"elementor-element elementor-element-7b445d25 elementor-widget elementor-widget-text-editor\" data-id=\"7b445d25\" data-element_type=\"widget\" data-e-type=\"widget\" data-widget_type=\"text-editor.default\">\n\t\t\t\t\t\t\t\t\t<div><p><span lang=\"EN-GB\"><span style=\"color: #3366ff;\"><a style=\"color: #3366ff;\" href=\"https:\/\/www.oneidentity.com\" target=\"_blank\" rel=\"noopener\">\u00dcks identiteet<\/a><\/span>, mis on Quest'i osakond, on juhtiv identiteedi ja juurdep\u00e4\u00e4su haldamise (IAM) lahenduste pakkuja, mis v\u00f5imaldab organisatsioonidel t\u00f5husalt hallata kasutajate identiteete, juurdep\u00e4\u00e4su\u00f5igusi ja turvap\u00f5him\u00f5tteid. One Identity lahenduste abil saate suurendada turvalisust, \u00fchtlustada n\u00f5uetele vastavust ja tagada sujuva juurdep\u00e4\u00e4su ressurssidele kogu organisatsioonis.<\/span><\/p><\/div><div><p><span lang=\"EN-GB\">One Identity pakub terviklikku tootepaketti, mis k\u00e4sitleb erinevaid IAM-probleeme, sealhulgas identiteedihaldust ja -juhtimist (IGA), privilegeeritud juurdep\u00e4\u00e4su haldamist (PAM) ja aktiivse kataloogi haldamist. Need lahendused on loodud selleks, et aidata organisatsioonidel v\u00e4hendada riske, suurendada tegevuse t\u00f5husust ja saavutada regulatiivsete n\u00f5uete t\u00e4itmine.<\/span><\/p><\/div><div><p><span lang=\"EN-GB\">Peamised eelised <span style=\"color: #3366ff;\"><a style=\"color: #3366ff;\" href=\"https:\/\/www.oneidentity.com\" target=\"_blank\" rel=\"noopener\">\u00dcks identiteet<\/a><\/span> Lahendused:<\/span><\/p><\/div><div><ol><li><span lang=\"EN-GB\">Identiteedi juhtimine: One Identity IGA lahendused v\u00f5imaldavad organisatsioonidel hallata kasutajate identiteete, \u00f5igusi ja juurdep\u00e4\u00e4supoliitikat, tagades vastavuse turvastandarditele ja eeskirjadele.<\/span><\/li><li>Privilegeeritud juurdep\u00e4\u00e4su haldamine: One Identity PAM-lahendused aitavad organisatsioonidel turvata privilegeeritud kontosid, v\u00e4ltida volitamata juurdep\u00e4\u00e4su ja j\u00e4lgida privilegeeritud tegevusi, et v\u00e4hendada turvariske.<\/li><li>Active Directory haldamine: One Identity Active Directory lahendused pakuvad tugevaid vahendeid Active Directory keskkondade haldamiseks ja kaitsmiseks, haldus\u00fclesannete optimeerimiseks ja turvalisuse suurendamiseks.<\/li><\/ol><\/div>\t\t\t\t\t\t\t\t<\/div>\n\t\t\t\t\t<\/div>\n\t\t\t\t<\/div>\n\t\t\t\t<section class=\"elementor-section elementor-top-section elementor-element elementor-element-b75f1af elementor-section-boxed elementor-section-height-default elementor-section-height-default\" data-id=\"b75f1af\" data-element_type=\"section\" data-e-type=\"section\">\n\t\t\t\t\t\t<div class=\"elementor-container elementor-column-gap-default\">\n\t\t\t\t\t<div class=\"elementor-column elementor-col-50 elementor-top-column elementor-element elementor-element-1e167fc6\" data-id=\"1e167fc6\" data-element_type=\"column\" data-e-type=\"column\">\n\t\t\t<div class=\"elementor-widget-wrap\">\n\t\t\t\t\t\t\t<\/div>\n\t\t<\/div>\n\t\t\t\t<div class=\"elementor-column elementor-col-50 elementor-top-column elementor-element elementor-element-c3bf033\" data-id=\"c3bf033\" data-element_type=\"column\" data-e-type=\"column\">\n\t\t\t<div class=\"elementor-widget-wrap elementor-element-populated\">\n\t\t\t\t\t\t<div class=\"elementor-element elementor-element-766f0493 elementor-widget elementor-widget-image\" data-id=\"766f0493\" data-element_type=\"widget\" data-e-type=\"widget\" data-widget_type=\"image.default\">\n\t\t\t\t\t\t\t\t\t\t\t\t\t\t\t\t<a href=\"https:\/\/www.oneidentity.com\" target=\"_blank\" rel=\"noopener\">\n\t\t\t\t\t\t\t<img decoding=\"async\" width=\"300\" height=\"66\" src=\"https:\/\/mosaic.ee\/wp-content\/uploads\/2023\/08\/One-Identity-By-Quest-300x66.png\" class=\"attachment-medium size-medium wp-image-1452\" alt=\"\" srcset=\"https:\/\/mosaic.ee\/wp-content\/uploads\/2023\/08\/One-Identity-By-Quest-300x66.png 300w, https:\/\/mosaic.ee\/wp-content\/uploads\/2023\/08\/One-Identity-By-Quest-18x4.png 18w, https:\/\/mosaic.ee\/wp-content\/uploads\/2023\/08\/One-Identity-By-Quest.png 478w\" sizes=\"(max-width: 300px) 100vw, 300px\" \/>\t\t\t\t\t\t\t\t<\/a>\n\t\t\t\t\t\t\t\t\t\t\t\t\t\t\t<\/div>\n\t\t\t\t\t<\/div>\n\t\t<\/div>\n\t\t\t\t\t<\/div>\n\t\t<\/section>\n\t\t<div class=\"elementor-element elementor-element-575d8369 e-flex e-con-boxed e-con e-parent\" data-id=\"575d8369\" data-element_type=\"container\" data-e-type=\"container\">\n\t\t\t\t\t<div class=\"e-con-inner\">\n\t\t\t\t<div class=\"elementor-element elementor-element-2737e569 elementor-widget elementor-widget-heading\" data-id=\"2737e569\" data-element_type=\"widget\" data-e-type=\"widget\" data-widget_type=\"heading.default\">\n\t\t\t\t\t<h2 class=\"elementor-heading-title elementor-size-large\">Miks osta \u00fcks identiteet Mosaicilt?<\/h2>\t\t\t\t<\/div>\n\t\t\t\t\t<\/div>\n\t\t\t\t<\/div>\n\t\t<div class=\"elementor-element elementor-element-572db44d e-flex e-con-boxed e-con e-parent\" data-id=\"572db44d\" data-element_type=\"container\" data-e-type=\"container\">\n\t\t\t\t\t<div class=\"e-con-inner\">\n\t\t\t\t<div class=\"elementor-element elementor-element-17c82c55 elementor-widget elementor-widget-text-editor\" data-id=\"17c82c55\" data-element_type=\"widget\" data-e-type=\"widget\" data-widget_type=\"text-editor.default\">\n\t\t\t\t\t\t\t\t\t<div><p><span lang=\"EN-GB\">Mosaic pakub laia valikut One Identity lahendusi, mis v\u00f5imaldavad ettev\u00f5tetel tugevdada oma IAM-strateegiaid ja kaitsta kriitilisi ressursse. Meie ekspertide meeskond aitab teil valida \u00f5igeid One Identity tooteid, mis vastavad teie organisatsiooni ainulaadsetele n\u00f5uetele.<\/span><\/p><\/div><div><p><span lang=\"EN-GB\">Usaldusv\u00e4\u00e4rse partnerina on Mosaic spetsialiseerunud IAM-lahenduste pakkumisele, mis suurendavad turvalisust, vastavust ja tegevuse t\u00f5husust.\u00a0<\/span><\/p><\/div><div><p><span lang=\"EN-GB\">Mosaic on p\u00fchendunud suurep\u00e4rase klienditeeninduse ja konkurentsiv\u00f5imelise hinnakujunduse pakkumisele. Valides Mosaic'i One Identity lahendused, saate juurdep\u00e4\u00e4su t\u00e4iustatud tarkvarale, mis v\u00f5imaldab teie organisatsioonil t\u00e4iustada oma identiteedi ja juurdep\u00e4\u00e4su haldamise tavasid.<\/span><\/p><\/div><div><p><span lang=\"EN-GB\">Avastage One Identity Solutionsi v\u00f5imsus<\/span><\/p><\/div><div><p><span lang=\"EN-GB\">One Identity lahendused pakuvad ettev\u00f5tetele vahendeid, mis on vajalikud turvalisuse tugevdamiseks, juurdep\u00e4\u00e4su haldamise t\u00f5hustamiseks ja eeskirjade j\u00e4rgimise tagamiseks. Koost\u00f6\u00f6 Mosaiciga tagab, et saate One Identity lahenduste t\u00f5husaks rakendamiseks asjatundlikku juhendamist ja tuge. V\u00f5tke meiega juba t\u00e4na \u00fchendust, et uurida, kuidas One Identity lahendused v\u00f5ivad parandada teie organisatsiooni identiteedi ja juurdep\u00e4\u00e4su haldamise v\u00f5imalusi.<\/span><\/p><\/div>\t\t\t\t\t\t\t\t<\/div>\n\t\t\t\t\t<\/div>\n\t\t\t\t<\/div>\n\t\t\t\t<section class=\"elementor-section elementor-top-section elementor-element elementor-element-902cb29 elementor-section-boxed elementor-section-height-default elementor-section-height-default\" data-id=\"902cb29\" data-element_type=\"section\" data-e-type=\"section\">\n\t\t\t\t\t\t<div class=\"elementor-container elementor-column-gap-default\">\n\t\t\t\t\t<div class=\"elementor-column elementor-col-50 elementor-top-column elementor-element elementor-element-616ad876\" data-id=\"616ad876\" data-element_type=\"column\" data-e-type=\"column\">\n\t\t\t<div class=\"elementor-widget-wrap\">\n\t\t\t\t\t\t\t<\/div>\n\t\t<\/div>\n\t\t\t\t<div class=\"elementor-column elementor-col-50 elementor-top-column elementor-element elementor-element-2915e479\" data-id=\"2915e479\" data-element_type=\"column\" data-e-type=\"column\">\n\t\t\t<div class=\"elementor-widget-wrap elementor-element-populated\">\n\t\t\t\t\t\t<div class=\"elementor-element elementor-element-2fe70872 elementor-widget elementor-widget-image\" data-id=\"2fe70872\" data-element_type=\"widget\" data-e-type=\"widget\" data-widget_type=\"image.default\">\n\t\t\t\t\t\t\t\t\t\t\t\t\t\t\t\t<a href=\"https:\/\/www.oneidentity.com\" target=\"_blank\" rel=\"noopener\">\n\t\t\t\t\t\t\t<img decoding=\"async\" width=\"800\" height=\"261\" src=\"https:\/\/mosaic.ee\/wp-content\/uploads\/2023\/07\/OneIdentityQuest-RegisteredPartner-CMYK-1024x334.png\" class=\"attachment-large size-large wp-image-514\" alt=\"\" srcset=\"https:\/\/mosaic.ee\/wp-content\/uploads\/2023\/07\/OneIdentityQuest-RegisteredPartner-CMYK-1024x334.png 1024w, https:\/\/mosaic.ee\/wp-content\/uploads\/2023\/07\/OneIdentityQuest-RegisteredPartner-CMYK-300x98.png 300w, https:\/\/mosaic.ee\/wp-content\/uploads\/2023\/07\/OneIdentityQuest-RegisteredPartner-CMYK-768x251.png 768w, https:\/\/mosaic.ee\/wp-content\/uploads\/2023\/07\/OneIdentityQuest-RegisteredPartner-CMYK-1536x502.png 1536w, https:\/\/mosaic.ee\/wp-content\/uploads\/2023\/07\/OneIdentityQuest-RegisteredPartner-CMYK-18x6.png 18w, https:\/\/mosaic.ee\/wp-content\/uploads\/2023\/07\/OneIdentityQuest-RegisteredPartner-CMYK.png 1730w\" sizes=\"(max-width: 800px) 100vw, 800px\" \/>\t\t\t\t\t\t\t\t<\/a>\n\t\t\t\t\t\t\t\t\t\t\t\t\t\t\t<\/div>\n\t\t\t\t\t<\/div>\n\t\t<\/div>\n\t\t\t\t\t<\/div>\n\t\t<\/section>\n\t\t\t\t<\/div>","protected":false},"excerpt":{"rendered":"<p>Elevate Your Identity and Access Management with One Identity Solutions from Mosaic Why One Identity Software? One Identity, a division of Quest, is a leading provider of identity and access management (IAM) solutions that empower organizations to efficiently manage user identities, access permissions, and security policies. With One Identity solutions, you can enhance security, streamline [&hellip;]<\/p>\n","protected":false},"author":1,"featured_media":0,"parent":0,"menu_order":0,"comment_status":"closed","ping_status":"closed","template":"","meta":{"content-type":"","footnotes":""},"class_list":["post-1449","page","type-page","status-publish","hentry"],"_links":{"self":[{"href":"https:\/\/mosaic.ee\/et\/wp-json\/wp\/v2\/pages\/1449","targetHints":{"allow":["GET"]}}],"collection":[{"href":"https:\/\/mosaic.ee\/et\/wp-json\/wp\/v2\/pages"}],"about":[{"href":"https:\/\/mosaic.ee\/et\/wp-json\/wp\/v2\/types\/page"}],"author":[{"embeddable":true,"href":"https:\/\/mosaic.ee\/et\/wp-json\/wp\/v2\/users\/1"}],"replies":[{"embeddable":true,"href":"https:\/\/mosaic.ee\/et\/wp-json\/wp\/v2\/comments?post=1449"}],"version-history":[{"count":10,"href":"https:\/\/mosaic.ee\/et\/wp-json\/wp\/v2\/pages\/1449\/revisions"}],"predecessor-version":[{"id":1463,"href":"https:\/\/mosaic.ee\/et\/wp-json\/wp\/v2\/pages\/1449\/revisions\/1463"}],"wp:attachment":[{"href":"https:\/\/mosaic.ee\/et\/wp-json\/wp\/v2\/media?parent=1449"}],"curies":[{"name":"wp","href":"https:\/\/api.w.org\/{rel}","templated":true}]}}