{"id":1436,"date":"2023-08-21T11:33:47","date_gmt":"2023-08-21T08:33:47","guid":{"rendered":"https:\/\/mosaic.ee\/?page_id=1436"},"modified":"2024-03-27T14:44:28","modified_gmt":"2024-03-27T12:44:28","slug":"corel","status":"publish","type":"page","link":"https:\/\/mosaic.ee\/et\/corel\/","title":{"rendered":"Corel"},"content":{"rendered":"<div data-elementor-type=\"wp-page\" data-elementor-id=\"1436\" class=\"elementor elementor-1436\" data-elementor-post-type=\"page\">\n\t\t\t\t\t\t<section class=\"elementor-section elementor-top-section elementor-element elementor-element-755fc31f elementor-section-boxed elementor-section-height-default elementor-section-height-default\" data-id=\"755fc31f\" data-element_type=\"section\" data-e-type=\"section\">\n\t\t\t\t\t\t<div class=\"elementor-container elementor-column-gap-default\">\n\t\t\t\t\t<div class=\"elementor-column elementor-col-100 elementor-top-column elementor-element elementor-element-46ce3bad\" data-id=\"46ce3bad\" data-element_type=\"column\" data-e-type=\"column\">\n\t\t\t<div class=\"elementor-widget-wrap elementor-element-populated\">\n\t\t\t\t\t\t<div class=\"elementor-element elementor-element-16157d8 elementor-widget elementor-widget-heading\" data-id=\"16157d8\" data-element_type=\"widget\" data-e-type=\"widget\" data-widget_type=\"heading.default\">\n\t\t\t\t\t<h2 class=\"elementor-heading-title elementor-size-xl\">Suurendage loovust ja koost\u00f6\u00f6d Coreli tarkvaralahendustega Mosaicilt <\/h2>\t\t\t\t<\/div>\n\t\t\t\t\t<\/div>\n\t\t<\/div>\n\t\t\t\t\t<\/div>\n\t\t<\/section>\n\t\t<div class=\"elementor-element elementor-element-1689d1e4 e-flex e-con-boxed e-con e-parent\" data-id=\"1689d1e4\" data-element_type=\"container\" data-e-type=\"container\">\n\t\t\t\t\t<div class=\"e-con-inner\">\n\t\t\t\t<div class=\"elementor-element elementor-element-3d8c876c elementor-widget elementor-widget-image\" data-id=\"3d8c876c\" data-element_type=\"widget\" data-e-type=\"widget\" data-widget_type=\"image.default\">\n\t\t\t\t\t\t\t\t\t\t\t\t\t\t\t<img fetchpriority=\"high\" decoding=\"async\" width=\"768\" height=\"304\" src=\"https:\/\/mosaic.ee\/wp-content\/uploads\/2023\/08\/vectorstock_32237715_transparent-768x304.png\" class=\"attachment-medium_large size-medium_large wp-image-1439\" alt=\"Inimesed kujundavad arvutiga, kasutades Corel tarkvara\" srcset=\"https:\/\/mosaic.ee\/wp-content\/uploads\/2023\/08\/vectorstock_32237715_transparent-768x304.png 768w, https:\/\/mosaic.ee\/wp-content\/uploads\/2023\/08\/vectorstock_32237715_transparent-300x119.png 300w, https:\/\/mosaic.ee\/wp-content\/uploads\/2023\/08\/vectorstock_32237715_transparent-1024x406.png 1024w, https:\/\/mosaic.ee\/wp-content\/uploads\/2023\/08\/vectorstock_32237715_transparent-1536x608.png 1536w, https:\/\/mosaic.ee\/wp-content\/uploads\/2023\/08\/vectorstock_32237715_transparent-2048x811.png 2048w, https:\/\/mosaic.ee\/wp-content\/uploads\/2023\/08\/vectorstock_32237715_transparent-18x7.png 18w\" sizes=\"(max-width: 768px) 100vw, 768px\" \/>\t\t\t\t\t\t\t\t\t\t\t\t\t\t\t<\/div>\n\t\t\t\t\t<\/div>\n\t\t\t\t<\/div>\n\t\t<div class=\"elementor-element elementor-element-1da24e0d e-flex e-con-boxed e-con e-parent\" data-id=\"1da24e0d\" data-element_type=\"container\" data-e-type=\"container\">\n\t\t\t\t\t<div class=\"e-con-inner\">\n\t\t\t\t<div class=\"elementor-element elementor-element-48f1426a elementor-widget elementor-widget-heading\" data-id=\"48f1426a\" data-element_type=\"widget\" data-e-type=\"widget\" data-widget_type=\"heading.default\">\n\t\t\t\t\t<h2 class=\"elementor-heading-title elementor-size-large\">Miks Corel Software?<\/h2>\t\t\t\t<\/div>\n\t\t\t\t\t<\/div>\n\t\t\t\t<\/div>\n\t\t<div class=\"elementor-element elementor-element-28c55e3e e-flex e-con-boxed e-con e-parent\" data-id=\"28c55e3e\" data-element_type=\"container\" data-e-type=\"container\">\n\t\t\t\t\t<div class=\"e-con-inner\">\n\t\t\t\t<div class=\"elementor-element elementor-element-5a439b8 elementor-widget elementor-widget-text-editor\" data-id=\"5a439b8\" data-element_type=\"widget\" data-e-type=\"widget\" data-widget_type=\"text-editor.default\">\n\t\t\t\t\t\t\t\t\t<div><p><span lang=\"EN-GB\"><span style=\"color: #3366ff;\"><a style=\"color: #3366ff;\" href=\"https:\/\/www.corel.com\/en\/\" target=\"_blank\" rel=\"noopener\">Corel<\/a><\/span> on tarkvaralahendus, mis pakub mitmek\u00fclgset loomingulist ja tootlikkust. Coreli innovaatiliste toodetega saate suurendada oma disaini, illustratsiooni, fotot\u00f6\u00f6tluse ja dokumendihalduse v\u00f5imalusi, andes oma meeskonnale v\u00f5imaluse luua k\u00f6itvat sisu ja teha t\u00f5husat koost\u00f6\u00f6d.<\/span><\/p><\/div><div><p><span lang=\"EN-GB\">Coreli tarkvaraportfell sisaldab mitmesuguseid vahendeid, mis on m\u00f5eldud loovuse ja tootlikkuse eri aspektidele, n\u00e4iteks CorelDRAW graafilise disaini jaoks, Corel Painter digitaalse kunsti jaoks, Corel PHOTO-PAINT fotot\u00f6\u00f6tluse jaoks ja Corel WordPerfect dokumendihalduse jaoks. Need lahendused on loodud selleks, et aidata organisatsioonidel edendada loovust, parandada visuaalset kommunikatsiooni ja \u00fchtlustada dokumentide t\u00f6\u00f6vooge.<\/span><\/p><\/div><div><p><span lang=\"EN-GB\">Peamised eelised <span style=\"color: #3366ff;\"><a style=\"color: #3366ff;\" href=\"https:\/\/www.corel.com\/en\/\" target=\"_blank\" rel=\"noopener\">Corel<\/a><\/span> Tarkvaralahendused:<\/span><\/p><\/div><div><ol><li><span lang=\"EN-GB\">Loominguline tipptase: Coreli tarkvaralahendused pakuvad laias valikus loomingulisi vahendeid ja funktsioone, mis v\u00f5imaldavad teil oma ideid ellu viia uimastavate visuaalide ja kujunduste abil.<\/span><\/li><li>T\u00f5hustatud koost\u00f6\u00f6: Coreli koost\u00f6\u00f6funktsioonid v\u00f5imaldavad meeskondadel projektides sujuvalt koos t\u00f6\u00f6tada, tagasisidet jagada ja \u00fchiselt kvaliteetset sisu luua.<\/li><li>\u00dchtlustatud t\u00f6\u00f6vood: Coreli lahendused pakuvad intuitiivseid kasutajaliideseid ja t\u00f5husaid t\u00f6\u00f6vooge, mis aitavad teil \u00fclesandeid kiiremini t\u00e4ita, olgu selleks siis graafika kujundamine, fotode redigeerimine v\u00f5i dokumentide haldamine.<\/li><li>Mitmek\u00fclgsed v\u00f5imalused: Coreli ulatusliku tootepaketi abil saate rahuldada erinevaid loomingulisi ja tootlikkuse vajadusi oma organisatsioonis.<\/li><\/ol><\/div>\t\t\t\t\t\t\t\t<\/div>\n\t\t\t\t\t<\/div>\n\t\t\t\t<\/div>\n\t\t\t\t<section class=\"elementor-section elementor-top-section elementor-element elementor-element-1d9369a0 elementor-section-boxed elementor-section-height-default elementor-section-height-default\" data-id=\"1d9369a0\" data-element_type=\"section\" data-e-type=\"section\">\n\t\t\t\t\t\t<div class=\"elementor-container elementor-column-gap-default\">\n\t\t\t\t\t<div class=\"elementor-column elementor-col-50 elementor-top-column elementor-element elementor-element-7ec5d48e\" data-id=\"7ec5d48e\" data-element_type=\"column\" data-e-type=\"column\">\n\t\t\t<div class=\"elementor-widget-wrap\">\n\t\t\t\t\t\t\t<\/div>\n\t\t<\/div>\n\t\t\t\t<div class=\"elementor-column elementor-col-50 elementor-top-column elementor-element elementor-element-1b77f851\" data-id=\"1b77f851\" data-element_type=\"column\" data-e-type=\"column\">\n\t\t\t<div class=\"elementor-widget-wrap elementor-element-populated\">\n\t\t\t\t\t\t<div class=\"elementor-element elementor-element-26c274ce elementor-widget elementor-widget-image\" data-id=\"26c274ce\" data-element_type=\"widget\" data-e-type=\"widget\" data-widget_type=\"image.default\">\n\t\t\t\t\t\t\t\t\t\t\t\t\t\t\t\t<a href=\"https:\/\/www.corel.com\/en\/\" target=\"_blank\" rel=\"noopener\">\n\t\t\t\t\t\t\t<img decoding=\"async\" width=\"239\" height=\"300\" src=\"https:\/\/mosaic.ee\/wp-content\/uploads\/2023\/07\/transparent_background-Corel-signature-stacked-copy-239x300.png\" class=\"attachment-medium size-medium wp-image-404\" alt=\"\" srcset=\"https:\/\/mosaic.ee\/wp-content\/uploads\/2023\/07\/transparent_background-Corel-signature-stacked-copy-239x300.png 239w, https:\/\/mosaic.ee\/wp-content\/uploads\/2023\/07\/transparent_background-Corel-signature-stacked-copy-768x965.png 768w, https:\/\/mosaic.ee\/wp-content\/uploads\/2023\/07\/transparent_background-Corel-signature-stacked-copy.png 774w\" sizes=\"(max-width: 239px) 100vw, 239px\" \/>\t\t\t\t\t\t\t\t<\/a>\n\t\t\t\t\t\t\t\t\t\t\t\t\t\t\t<\/div>\n\t\t\t\t\t<\/div>\n\t\t<\/div>\n\t\t\t\t\t<\/div>\n\t\t<\/section>\n\t\t<div class=\"elementor-element elementor-element-181c157a e-flex e-con-boxed e-con e-parent\" data-id=\"181c157a\" data-element_type=\"container\" data-e-type=\"container\">\n\t\t\t\t\t<div class=\"e-con-inner\">\n\t\t\t\t<div class=\"elementor-element elementor-element-63992a86 elementor-widget elementor-widget-heading\" data-id=\"63992a86\" data-element_type=\"widget\" data-e-type=\"widget\" data-widget_type=\"heading.default\">\n\t\t\t\t\t<h2 class=\"elementor-heading-title elementor-size-large\">Miks osta Corel Mosaicilt?<\/h2>\t\t\t\t<\/div>\n\t\t\t\t\t<\/div>\n\t\t\t\t<\/div>\n\t\t<div class=\"elementor-element elementor-element-70410c13 e-flex e-con-boxed e-con e-parent\" data-id=\"70410c13\" data-element_type=\"container\" data-e-type=\"container\">\n\t\t\t\t\t<div class=\"e-con-inner\">\n\t\t\t\t<div class=\"elementor-element elementor-element-5af2cdd6 elementor-widget elementor-widget-text-editor\" data-id=\"5af2cdd6\" data-element_type=\"widget\" data-e-type=\"widget\" data-widget_type=\"text-editor.default\">\n\t\t\t\t\t\t\t\t\t<div><p><span lang=\"EN-GB\">Mosaic pakub Coreli uuenduslikke tarkvaralahendusi, mis v\u00f5imaldavad organisatsioonidel suurendada loovust ja tootlikkust, edendades samal ajal meeskondade koost\u00f6\u00f6d. Meie ekspertide meeskond aitab teil valida \u00f5igeid Coreli tooteid, mis vastavad teie organisatsiooni eesm\u00e4rkidele ja n\u00f5uetele.<\/span><\/p><\/div><div><p><span lang=\"EN-GB\">Usaldusv\u00e4\u00e4rse partnerina on Mosaic spetsialiseerunud tarkvaralahenduste pakkumisele, mis suurendavad loovust, parandavad visuaalset kommunikatsiooni ja optimeerivad dokumendihaldust. T\u00e4nu meie kogemustele saate Coreli lahendused sujuvalt integreerida oma t\u00f6\u00f6voogudesse ja v\u00f5imendada oma meeskonna loomingulist potentsiaali.<\/span><\/p><\/div><div><p><span lang=\"EN-GB\">Mosaic on p\u00fchendunud erakordsele klienditeenindusele ja konkurentsiv\u00f5imelistele hindadele. Valides Mosaici Coreli lahendused, saate juurdep\u00e4\u00e4su tipptasemel tarkvarale, mis v\u00f5imaldab teie organisatsioonil toota visuaalselt silmatorkavat sisu ja edendada koost\u00f6\u00f6d.<\/span><\/p><\/div><div><p><span lang=\"EN-GB\">S\u00fc\u00fcta loovus ja koost\u00f6\u00f6 Coreli lahendustega<\/span><\/p><\/div><div><p><span lang=\"EN-GB\">Coreli tarkvaralahendused pakuvad ettev\u00f5tetele vahendeid, mis on vajalikud loovuse t\u00f5stmiseks, visuaalse kommunikatsiooni t\u00f5hustamiseks ja dokumentide t\u00f6\u00f6voogude sujuvamaks muutmiseks. Koost\u00f6\u00f6 Mosaiciga tagab, et saate Coreli lahenduste t\u00f5husaks rakendamiseks asjatundlikku juhendamist ja tuge. V\u00f5tke meiega juba t\u00e4na \u00fchendust, et uurida, kuidas Coreli lahendused v\u00f5ivad suurendada teie organisatsiooni loomingulist tegevust ja tootlikkust.<\/span><\/p><\/div>\t\t\t\t\t\t\t\t<\/div>\n\t\t\t\t\t<\/div>\n\t\t\t\t<\/div>\n\t\t\t\t<section class=\"elementor-section elementor-top-section elementor-element elementor-element-56e32d64 elementor-section-boxed elementor-section-height-default elementor-section-height-default\" data-id=\"56e32d64\" data-element_type=\"section\" data-e-type=\"section\">\n\t\t\t\t\t\t<div class=\"elementor-container elementor-column-gap-default\">\n\t\t\t\t\t<div class=\"elementor-column elementor-col-50 elementor-top-column elementor-element elementor-element-16c480e\" data-id=\"16c480e\" data-element_type=\"column\" data-e-type=\"column\">\n\t\t\t<div class=\"elementor-widget-wrap\">\n\t\t\t\t\t\t\t<\/div>\n\t\t<\/div>\n\t\t\t\t<div class=\"elementor-column elementor-col-50 elementor-top-column elementor-element elementor-element-1d7ec768\" data-id=\"1d7ec768\" data-element_type=\"column\" data-e-type=\"column\">\n\t\t\t<div class=\"elementor-widget-wrap elementor-element-populated\">\n\t\t\t\t\t\t<div class=\"elementor-element elementor-element-42329fa8 elementor-widget elementor-widget-image\" data-id=\"42329fa8\" data-element_type=\"widget\" data-e-type=\"widget\" data-widget_type=\"image.default\">\n\t\t\t\t\t\t\t\t\t\t\t\t\t\t\t\t<a href=\"https:\/\/www.corel.com\/en\/\" target=\"_blank\" rel=\"noopener\">\n\t\t\t\t\t\t\t<img decoding=\"async\" width=\"774\" height=\"973\" src=\"https:\/\/mosaic.ee\/wp-content\/uploads\/2023\/07\/transparent_background-Corel-signature-stacked-copy.png\" class=\"attachment-large size-large wp-image-404\" alt=\"\" srcset=\"https:\/\/mosaic.ee\/wp-content\/uploads\/2023\/07\/transparent_background-Corel-signature-stacked-copy.png 774w, https:\/\/mosaic.ee\/wp-content\/uploads\/2023\/07\/transparent_background-Corel-signature-stacked-copy-239x300.png 239w, https:\/\/mosaic.ee\/wp-content\/uploads\/2023\/07\/transparent_background-Corel-signature-stacked-copy-768x965.png 768w\" sizes=\"(max-width: 774px) 100vw, 774px\" \/>\t\t\t\t\t\t\t\t<\/a>\n\t\t\t\t\t\t\t\t\t\t\t\t\t\t\t<\/div>\n\t\t\t\t\t<\/div>\n\t\t<\/div>\n\t\t\t\t\t<\/div>\n\t\t<\/section>\n\t\t\t\t<\/div>","protected":false},"excerpt":{"rendered":"<p>Boost Creativity and Collaboration with Corel Software Solutions from Mosaic Why Corel Software? Corel is a software solution that offers a diverse range of creative and productivity. With Corel&#8217;s innovative products, you can enhance your design, illustration, photo editing, and document management capabilities, empowering your team to create captivating content and collaborate effectively. Corel&#8217;s software [&hellip;]<\/p>\n","protected":false},"author":1,"featured_media":0,"parent":0,"menu_order":0,"comment_status":"closed","ping_status":"closed","template":"","meta":{"content-type":"","footnotes":""},"class_list":["post-1436","page","type-page","status-publish","hentry"],"_links":{"self":[{"href":"https:\/\/mosaic.ee\/et\/wp-json\/wp\/v2\/pages\/1436","targetHints":{"allow":["GET"]}}],"collection":[{"href":"https:\/\/mosaic.ee\/et\/wp-json\/wp\/v2\/pages"}],"about":[{"href":"https:\/\/mosaic.ee\/et\/wp-json\/wp\/v2\/types\/page"}],"author":[{"embeddable":true,"href":"https:\/\/mosaic.ee\/et\/wp-json\/wp\/v2\/users\/1"}],"replies":[{"embeddable":true,"href":"https:\/\/mosaic.ee\/et\/wp-json\/wp\/v2\/comments?post=1436"}],"version-history":[{"count":7,"href":"https:\/\/mosaic.ee\/et\/wp-json\/wp\/v2\/pages\/1436\/revisions"}],"predecessor-version":[{"id":3486,"href":"https:\/\/mosaic.ee\/et\/wp-json\/wp\/v2\/pages\/1436\/revisions\/3486"}],"wp:attachment":[{"href":"https:\/\/mosaic.ee\/et\/wp-json\/wp\/v2\/media?parent=1436"}],"curies":[{"name":"wp","href":"https:\/\/api.w.org\/{rel}","templated":true}]}}