{"id":1382,"date":"2023-08-18T16:59:13","date_gmt":"2023-08-18T13:59:13","guid":{"rendered":"https:\/\/mosaic.ee\/?page_id=1382"},"modified":"2024-06-03T12:48:53","modified_gmt":"2024-06-03T09:48:53","slug":"hashicorp","status":"publish","type":"page","link":"https:\/\/mosaic.ee\/et\/hashicorp\/","title":{"rendered":"HashiCorp"},"content":{"rendered":"<div data-elementor-type=\"wp-page\" data-elementor-id=\"1382\" class=\"elementor elementor-1382\" data-elementor-post-type=\"page\">\n\t\t\t\t\t\t<section class=\"elementor-section elementor-top-section elementor-element elementor-element-3e02c0e6 elementor-section-boxed elementor-section-height-default elementor-section-height-default\" data-id=\"3e02c0e6\" data-element_type=\"section\" data-e-type=\"section\">\n\t\t\t\t\t\t<div class=\"elementor-container elementor-column-gap-default\">\n\t\t\t\t\t<div class=\"elementor-column elementor-col-100 elementor-top-column elementor-element elementor-element-10d8237c\" data-id=\"10d8237c\" data-element_type=\"column\" data-e-type=\"column\">\n\t\t\t<div class=\"elementor-widget-wrap elementor-element-populated\">\n\t\t\t\t\t\t<div class=\"elementor-element elementor-element-643705c9 elementor-widget elementor-widget-heading\" data-id=\"643705c9\" data-element_type=\"widget\" data-e-type=\"widget\" data-widget_type=\"heading.default\">\n\t\t\t\t\t<h2 class=\"elementor-heading-title elementor-size-xl\">T\u00f5hustage oma k\u00fcberturvalisuse kaitset HashiCorp tarkvara lahendustega alates <\/h2>\t\t\t\t<\/div>\n\t\t\t\t\t<\/div>\n\t\t<\/div>\n\t\t\t\t\t<\/div>\n\t\t<\/section>\n\t\t<div class=\"elementor-element elementor-element-63aba03 e-flex e-con-boxed e-con e-parent\" data-id=\"63aba03\" data-element_type=\"container\" data-e-type=\"container\">\n\t\t\t\t\t<div class=\"e-con-inner\">\n\t\t\t\t<div class=\"elementor-element elementor-element-1051b2c4 elementor-widget elementor-widget-image\" data-id=\"1051b2c4\" data-element_type=\"widget\" data-e-type=\"widget\" data-widget_type=\"image.default\">\n\t\t\t\t\t\t\t\t\t\t\t\t\t\t\t<img fetchpriority=\"high\" decoding=\"async\" width=\"768\" height=\"512\" src=\"https:\/\/mosaic.ee\/wp-content\/uploads\/2023\/08\/vectorstock_32508813-768x512.png\" class=\"attachment-medium_large size-medium_large wp-image-1386\" alt=\"\" srcset=\"https:\/\/mosaic.ee\/wp-content\/uploads\/2023\/08\/vectorstock_32508813-768x512.png 768w, https:\/\/mosaic.ee\/wp-content\/uploads\/2023\/08\/vectorstock_32508813-300x200.png 300w, https:\/\/mosaic.ee\/wp-content\/uploads\/2023\/08\/vectorstock_32508813-1024x683.png 1024w, https:\/\/mosaic.ee\/wp-content\/uploads\/2023\/08\/vectorstock_32508813-1536x1024.png 1536w, https:\/\/mosaic.ee\/wp-content\/uploads\/2023\/08\/vectorstock_32508813-2048x1365.png 2048w, https:\/\/mosaic.ee\/wp-content\/uploads\/2023\/08\/vectorstock_32508813-18x12.png 18w\" sizes=\"(max-width: 768px) 100vw, 768px\" \/>\t\t\t\t\t\t\t\t\t\t\t\t\t\t\t<\/div>\n\t\t\t\t\t<\/div>\n\t\t\t\t<\/div>\n\t\t<div class=\"elementor-element elementor-element-1cd69998 e-flex e-con-boxed e-con e-parent\" data-id=\"1cd69998\" data-element_type=\"container\" data-e-type=\"container\">\n\t\t\t\t\t<div class=\"e-con-inner\">\n\t\t\t\t<div class=\"elementor-element elementor-element-7e8e1cbf elementor-widget elementor-widget-heading\" data-id=\"7e8e1cbf\" data-element_type=\"widget\" data-e-type=\"widget\" data-widget_type=\"heading.default\">\n\t\t\t\t\t<h2 class=\"elementor-heading-title elementor-size-large\">Miks HashiCorp Software?<\/h2>\t\t\t\t<\/div>\n\t\t\t\t\t<\/div>\n\t\t\t\t<\/div>\n\t\t<div class=\"elementor-element elementor-element-5eaf1212 e-flex e-con-boxed e-con e-parent\" data-id=\"5eaf1212\" data-element_type=\"container\" data-e-type=\"container\">\n\t\t\t\t\t<div class=\"e-con-inner\">\n\t\t\t\t<div class=\"elementor-element elementor-element-94a01ad elementor-widget elementor-widget-text-editor\" data-id=\"94a01ad\" data-element_type=\"widget\" data-e-type=\"widget\" data-widget_type=\"text-editor.default\">\n\t\t\t\t\t\t\t\t\t<div><p><span lang=\"EN-GB\"><span style=\"color: #3366ff;\"><a style=\"color: #3366ff;\" href=\"https:\/\/www.hashicorp.com\" target=\"_blank\" rel=\"noopener\">HashiCorp<\/a><\/span> on juhtiv infrastruktuuri automatiseerimistarkvara pakkuja, mis aitab ettev\u00f5tetel t\u00e4iustada oma IT-operatsioone ja suurendada turvalisust. HashiCorp'i tarkvaralahenduste abil saate t\u00f5husalt hallata oma infrastruktuuri, automatiseerida t\u00f6\u00f6vooge ja v\u00f5tta rakendusi turvaliselt kasutusele.<\/span><\/p><\/div><div><p><span lang=\"EN-GB\">HashiCorp pakub komplekti vahendeid, mis on m\u00f5eldud infrastruktuuri haldamise ja turvalisuse eri aspektide jaoks, sealhulgas Terraform infrastruktuuri loomiseks, Vault saladuste haldamiseks ja andmekaitseks, Consul teenuste v\u00f5rgustamiseks ning Nomad rakenduste kasutuselev\u00f5tuks ja orkestreerimiseks. Need t\u00f6\u00f6riistad on loodud selleks, et aidata organisatsioonidel minna \u00fcle pilvep\u00f5histele keskkondadele, tagada turvalisus ja vastavus ning s\u00e4ilitada tegevuse t\u00f5husus.<\/span><\/p><\/div><div><p><span lang=\"EN-GB\">Peamised eelised <span style=\"color: #3366ff;\"><a style=\"color: #3366ff;\" href=\"https:\/\/www.hashicorp.com\" target=\"_blank\" rel=\"noopener\">HashiCorp<\/a><\/span> Tarkvaralahendused:<\/span><\/p><\/div><div><ol><li><span lang=\"EN-GB\">Infrastruktuuri automatiseerimine: HashiCorp tarkvaralahendused automatiseerivad infrastruktuuri kasutuselev\u00f5tmist ja haldamist, v\u00f5imaldades teil ressursse t\u00f5husalt kasutusele v\u00f5tta ja s\u00e4ilitada j\u00e4rjepidevust k\u00f5igis teie keskkondades.<\/span><\/li><li>T\u00f5hustatud turvalisus: HashiCorp'i Vault lahendus pakub tugevat saladuste haldamist ja andmekaitset, aidates teil kaitsta tundlikku teavet ja tagada vastavus turvastandarditele.<\/li><li>Pilvep\u00f5hine valmisolek: HashiCorp'i t\u00f6\u00f6riistade, nagu Terraform, abil saate v\u00f5tta kasutusele pilve-natiivsed tavad, pakkudes ja hallates infrastruktuuri erinevatel pilveplatvormidel.<\/li><\/ol><\/div>\t\t\t\t\t\t\t\t<\/div>\n\t\t\t\t\t<\/div>\n\t\t\t\t<\/div>\n\t\t\t\t<section class=\"elementor-section elementor-top-section elementor-element elementor-element-77e3a107 elementor-section-boxed elementor-section-height-default elementor-section-height-default\" data-id=\"77e3a107\" data-element_type=\"section\" data-e-type=\"section\">\n\t\t\t\t\t\t<div class=\"elementor-container elementor-column-gap-default\">\n\t\t\t\t\t<div class=\"elementor-column elementor-col-50 elementor-top-column elementor-element elementor-element-436066b\" data-id=\"436066b\" data-element_type=\"column\" data-e-type=\"column\">\n\t\t\t<div class=\"elementor-widget-wrap\">\n\t\t\t\t\t\t\t<\/div>\n\t\t<\/div>\n\t\t\t\t<div class=\"elementor-column elementor-col-50 elementor-top-column elementor-element elementor-element-74931ab\" data-id=\"74931ab\" data-element_type=\"column\" data-e-type=\"column\">\n\t\t\t<div class=\"elementor-widget-wrap elementor-element-populated\">\n\t\t\t\t\t\t<div class=\"elementor-element elementor-element-635aedfa elementor-widget elementor-widget-image\" data-id=\"635aedfa\" data-element_type=\"widget\" data-e-type=\"widget\" data-widget_type=\"image.default\">\n\t\t\t\t\t\t\t\t\t\t\t\t\t\t\t\t<a href=\"https:\/\/www.hashicorp.com\" target=\"_blank\" rel=\"noopener\">\n\t\t\t\t\t\t\t<img decoding=\"async\" width=\"300\" height=\"90\" src=\"https:\/\/mosaic.ee\/wp-content\/uploads\/2023\/08\/HashiCorp_PrimaryLogo_Black_RGB-300x90.png\" class=\"attachment-medium size-medium wp-image-1385\" alt=\"\" srcset=\"https:\/\/mosaic.ee\/wp-content\/uploads\/2023\/08\/HashiCorp_PrimaryLogo_Black_RGB-300x90.png 300w, https:\/\/mosaic.ee\/wp-content\/uploads\/2023\/08\/HashiCorp_PrimaryLogo_Black_RGB-1024x308.png 1024w, https:\/\/mosaic.ee\/wp-content\/uploads\/2023\/08\/HashiCorp_PrimaryLogo_Black_RGB-768x231.png 768w, https:\/\/mosaic.ee\/wp-content\/uploads\/2023\/08\/HashiCorp_PrimaryLogo_Black_RGB-1536x462.png 1536w, https:\/\/mosaic.ee\/wp-content\/uploads\/2023\/08\/HashiCorp_PrimaryLogo_Black_RGB-18x5.png 18w, https:\/\/mosaic.ee\/wp-content\/uploads\/2023\/08\/HashiCorp_PrimaryLogo_Black_RGB.png 1897w\" sizes=\"(max-width: 300px) 100vw, 300px\" \/>\t\t\t\t\t\t\t\t<\/a>\n\t\t\t\t\t\t\t\t\t\t\t\t\t\t\t<\/div>\n\t\t\t\t\t<\/div>\n\t\t<\/div>\n\t\t\t\t\t<\/div>\n\t\t<\/section>\n\t\t<div class=\"elementor-element elementor-element-42bfaf2f e-flex e-con-boxed e-con e-parent\" data-id=\"42bfaf2f\" data-element_type=\"container\" data-e-type=\"container\">\n\t\t\t\t\t<div class=\"e-con-inner\">\n\t\t\t\t<div class=\"elementor-element elementor-element-16990a3 elementor-widget elementor-widget-heading\" data-id=\"16990a3\" data-element_type=\"widget\" data-e-type=\"widget\" data-widget_type=\"heading.default\">\n\t\t\t\t\t<h2 class=\"elementor-heading-title elementor-size-large\">Miks osta HashiCorp Mosaicilt?<\/h2>\t\t\t\t<\/div>\n\t\t\t\t\t<\/div>\n\t\t\t\t<\/div>\n\t\t<div class=\"elementor-element elementor-element-5ce0b52c e-flex e-con-boxed e-con e-parent\" data-id=\"5ce0b52c\" data-element_type=\"container\" data-e-type=\"container\">\n\t\t\t\t\t<div class=\"e-con-inner\">\n\t\t\t\t<div class=\"elementor-element elementor-element-636d0d06 elementor-widget elementor-widget-text-editor\" data-id=\"636d0d06\" data-element_type=\"widget\" data-e-type=\"widget\" data-widget_type=\"text-editor.default\">\n\t\t\t\t\t\t\t\t\t<div><p><span lang=\"EN-GB\">Mosaic on HashiCorp'i tarkvaralahenduste ametlik edasim\u00fc\u00fcjapartner. Meie ekspertide meeskond aitab teil valida \u00f5igeid HashiCorp'i vahendeid, mis vastavad teie organisatsiooni eesm\u00e4rkidele ja n\u00f5uetele.<\/span><\/p><\/div><div><p><span lang=\"EN-GB\">Mosaicil kui usaldusv\u00e4\u00e4rsel tehnoloogiapartneril on ulatuslik kogemus IT-tegevust optimeerivate tarkvaralahenduste pakkumisel. T\u00e4nu meie kogemustele saate HashiCorpi t\u00f6\u00f6riistad sujuvalt integreerida oma t\u00f6\u00f6voogudesse ning saada kasu t\u00e4iustatud automatiseerimisest ja turvalisusest.<\/span><\/p><\/div><div><p><span lang=\"EN-GB\">Mosaic on p\u00fchendunud suurep\u00e4rase klienditeeninduse ja konkurentsiv\u00f5imelise hinnakujunduse pakkumisele. Valides Mosaic'i HashiCorp'i lahendused, saate juurdep\u00e4\u00e4su tipptasemel tarkvarale, mis v\u00f5imaldab teie organisatsioonil t\u00f5husalt hallata infrastruktuuri ja tugevdada turvameetmeid.<\/span><\/p><\/div><div><p><span lang=\"EN-GB\">Avastage HashiCorp tarkvaralahenduste v\u00f5imsus<\/span><\/p><\/div><div><p><span lang=\"EN-GB\">HashiCorp pakub ettev\u00f5tetele tarkvaralahendusi, mis on vajalikud IT-operatsioonide sujuvamaks muutmiseks, infrastruktuuri loomise automatiseerimiseks ja turvalisuse suurendamiseks. Koost\u00f6\u00f6 Mosaiciga tagab, et saate HashiCorp'i t\u00f6\u00f6riistade t\u00f5husaks rakendamiseks \u00f5igeid juhiseid ja tuge. V\u00f5tke meiega juba t\u00e4na \u00fchendust, et uurida, kuidas HashiCorpi tarkvaralahendused v\u00f5ivad t\u00f5sta teie ettev\u00f5tte IT-v\u00f5imekust ja turvataset.<\/span><\/p><\/div>\t\t\t\t\t\t\t\t<\/div>\n\t\t\t\t\t<\/div>\n\t\t\t\t<\/div>\n\t\t\t\t<section class=\"elementor-section elementor-top-section elementor-element elementor-element-21d36e2b elementor-section-boxed elementor-section-height-default elementor-section-height-default\" data-id=\"21d36e2b\" data-element_type=\"section\" data-e-type=\"section\">\n\t\t\t\t\t\t<div class=\"elementor-container elementor-column-gap-default\">\n\t\t\t\t\t<div class=\"elementor-column elementor-col-50 elementor-top-column elementor-element elementor-element-6b396eb1\" data-id=\"6b396eb1\" data-element_type=\"column\" data-e-type=\"column\">\n\t\t\t<div class=\"elementor-widget-wrap\">\n\t\t\t\t\t\t\t<\/div>\n\t\t<\/div>\n\t\t\t\t<div class=\"elementor-column elementor-col-50 elementor-top-column elementor-element elementor-element-8ec1d96\" data-id=\"8ec1d96\" data-element_type=\"column\" data-e-type=\"column\">\n\t\t\t<div class=\"elementor-widget-wrap elementor-element-populated\">\n\t\t\t\t\t\t<div class=\"elementor-element elementor-element-588da3a7 elementor-widget elementor-widget-image\" data-id=\"588da3a7\" data-element_type=\"widget\" data-e-type=\"widget\" data-widget_type=\"image.default\">\n\t\t\t\t\t\t\t\t\t\t\t\t\t\t\t\t<a href=\"https:\/\/www.hashicorp.com\" target=\"_blank\" rel=\"noopener\">\n\t\t\t\t\t\t\t<img decoding=\"async\" width=\"800\" height=\"800\" src=\"https:\/\/mosaic.ee\/wp-content\/uploads\/2023\/07\/hashicorp_partner-1024x1024.png\" class=\"attachment-large size-large wp-image-361\" alt=\"\" srcset=\"https:\/\/mosaic.ee\/wp-content\/uploads\/2023\/07\/hashicorp_partner-1024x1024.png 1024w, https:\/\/mosaic.ee\/wp-content\/uploads\/2023\/07\/hashicorp_partner-300x300.png 300w, https:\/\/mosaic.ee\/wp-content\/uploads\/2023\/07\/hashicorp_partner-150x150.png 150w, https:\/\/mosaic.ee\/wp-content\/uploads\/2023\/07\/hashicorp_partner-768x768.png 768w, https:\/\/mosaic.ee\/wp-content\/uploads\/2023\/07\/hashicorp_partner-1536x1536.png 1536w, https:\/\/mosaic.ee\/wp-content\/uploads\/2023\/07\/hashicorp_partner.png 1600w\" sizes=\"(max-width: 800px) 100vw, 800px\" \/>\t\t\t\t\t\t\t\t<\/a>\n\t\t\t\t\t\t\t\t\t\t\t\t\t\t\t<\/div>\n\t\t\t\t\t<\/div>\n\t\t<\/div>\n\t\t\t\t\t<\/div>\n\t\t<\/section>\n\t\t<div class=\"elementor-element elementor-element-c6d5cfd e-flex e-con-boxed e-con e-parent\" data-id=\"c6d5cfd\" data-element_type=\"container\" data-e-type=\"container\">\n\t\t\t\t\t<div class=\"e-con-inner\">\n\t\t\t\t<div class=\"elementor-element elementor-element-5138c10 elementor-widget elementor-widget-heading\" data-id=\"5138c10\" data-element_type=\"widget\" data-e-type=\"widget\" data-widget_type=\"heading.default\">\n\t\t\t\t\t<h2 class=\"elementor-heading-title elementor-size-large\">HashiCorp uudised<\/h2>\t\t\t\t<\/div>\n\t\t\t\t<div class=\"elementor-element elementor-element-6acbcaa elementor-widget elementor-widget-image\" data-id=\"6acbcaa\" data-element_type=\"widget\" data-e-type=\"widget\" data-widget_type=\"image.default\">\n\t\t\t\t\t\t\t\t\t\t\t\t\t\t\t<img loading=\"lazy\" decoding=\"async\" width=\"768\" height=\"999\" src=\"https:\/\/mosaic.ee\/wp-content\/uploads\/2023\/10\/vectorstock_27945786_transparent-768x999.png\" class=\"attachment-medium_large size-medium_large wp-image-2068\" alt=\"isik, kes loeb uudiseid telefonist\" srcset=\"https:\/\/mosaic.ee\/wp-content\/uploads\/2023\/10\/vectorstock_27945786_transparent-768x999.png 768w, https:\/\/mosaic.ee\/wp-content\/uploads\/2023\/10\/vectorstock_27945786_transparent-231x300.png 231w, https:\/\/mosaic.ee\/wp-content\/uploads\/2023\/10\/vectorstock_27945786_transparent-787x1024.png 787w, https:\/\/mosaic.ee\/wp-content\/uploads\/2023\/10\/vectorstock_27945786_transparent-1180x1536.png 1180w, https:\/\/mosaic.ee\/wp-content\/uploads\/2023\/10\/vectorstock_27945786_transparent-1574x2048.png 1574w, https:\/\/mosaic.ee\/wp-content\/uploads\/2023\/10\/vectorstock_27945786_transparent-9x12.png 9w\" sizes=\"(max-width: 768px) 100vw, 768px\" \/>\t\t\t\t\t\t\t\t\t\t\t\t\t\t\t<\/div>\n\t\t\t\t<div class=\"elementor-element elementor-element-0b13f03 elementor-widget elementor-widget-wp-widget-rss\" data-id=\"0b13f03\" data-element_type=\"widget\" data-e-type=\"widget\" data-widget_type=\"wp-widget-rss.default\">\n\t\t\t\t<div class=\"elementor-widget-container\">\n\t\t\t\t\t<h5><a class=\"rsswidget rss-widget-feed\" href=\"https:\/\/www.hashicorp.com\/blog\/feed.xml\" target=\"_blank\" rel=\"noopener\"><img loading=\"lazy\" decoding=\"async\" class=\"rss-widget-icon\" style=\"border:0\" width=\"14\" height=\"14\" src=\"https:\/\/mosaic.ee\/wp-includes\/images\/rss.png\" alt=\"RSS\" \/><\/a> <a class=\"rsswidget rss-widget-title\" href=\"https:\/\/hashicorp.com\/blog\" target=\"_blank\" rel=\"noopener\">HashiCorp uudised<\/a><\/h5><nav aria-label=\"HashiCorp uudised\"><ul><li><a class=\"rsswidget\" href=\"https:\/\/www.hashicorp.com\/blog\/advancing-secret-sync-with-workload-identity-federation\" target=\"_blank\" rel=\"noopener\">Advancing secret sync with workload identity federation<\/a> <span class=\"rss-date\">17\/04\/2026<\/span><div class=\"rssSummary\">Vault Enterprise 2.0 modernizes secret sync with workload identity federation, replacing static credentials with short-lived tokens, improving security and reliability.<\/div> <cite>Rich DuBose<\/cite><\/li><li><a class=\"rsswidget\" href=\"https:\/\/www.hashicorp.com\/blog\/agentic-ai-changes-the-shape-of-trust\" target=\"_blank\" rel=\"noopener\">Agentic AI changes the shape of trust<\/a> <span class=\"rss-date\">15\/04\/2026<\/span><div class=\"rssSummary\">As AI agents take on work, trust can\u2019t stop at login. Learn how agentic AI reshapes identity and access \u2014 and what must change as autonomy scales.<\/div> <cite>Aubrey Johnson<\/cite><\/li><li><a class=\"rsswidget\" href=\"https:\/\/www.hashicorp.com\/blog\/vault-enterprise-20-modernizes-identity-security-at-scale\" target=\"_blank\" rel=\"noopener\">Vault Enterprise 2.0 modernizes identity security at scale<\/a> <span class=\"rss-date\">14\/04\/2026<\/span><div class=\"rssSummary\">Vault Enterprise 2.0 strengthens identity\u2011based security with operational and usability improvements that help security and platform teams scale Vault adoption.<\/div> <cite>Isabela Palanca Aureus<\/cite><\/li><li><a class=\"rsswidget\" href=\"https:\/\/www.hashicorp.com\/blog\/simplifying-terraform-dynamic-credentials-on-aws-with-native-oidc-integration\" target=\"_blank\" rel=\"noopener\">Simplifying Terraform dynamic credentials on AWS with native OIDC integration<\/a> <span class=\"rss-date\">09\/04\/2026<\/span><div class=\"rssSummary\">AWS AFT now supports native OIDC, simplifying implementation, reducing operational complexity, and strengthening secure, identity-based access with dynamic credentials.<\/div> <cite>Mike Doheny<\/cite><\/li><li><a class=\"rsswidget\" href=\"https:\/\/www.hashicorp.com\/blog\/aws-permission-delegation-now-generally-available-in-hcp-terraform\" target=\"_blank\" rel=\"noopener\">AWS-i \u00f5iguste delegeerimine on n\u00fc\u00fcd HCP Terraformis \u00fcldiselt saadaval<\/a> <span class=\"rss-date\">01\/04\/2026<\/span><div class=\"rssSummary\">AWSi ajutine lubade delegeerimine HCP Terraformi jaoks on n\u00fc\u00fcd \u00fcldiselt saadaval, v\u00f5imaldades organisatsioonidel lihtsustada oma AWSi seadistamist, s\u00e4ilitades samal ajal ranged turva- ja juhtimiss\u00fcsteemid.<\/div> <cite>Mitchell Ross<\/cite><\/li><\/ul><\/nav>\t\t\t\t<\/div>\n\t\t\t\t<\/div>\n\t\t\t\t\t<\/div>\n\t\t\t\t<\/div>\n\t\t\t\t<\/div>","protected":false},"excerpt":{"rendered":"<p>Enhance Your Cybersecurity Defenses with HashiCorp Software Solutions from Why HashiCorp Software? HashiCorp is a leading provider of infrastructure automation software that helps businesses streamline their IT operations and enhance security. With HashiCorp software solutions, you can effectively manage your infrastructure, automate workflows, and securely deploy applications. HashiCorp offers a suite of tools that cater [&hellip;]<\/p>\n","protected":false},"author":1,"featured_media":0,"parent":0,"menu_order":0,"comment_status":"closed","ping_status":"closed","template":"","meta":{"content-type":"","footnotes":""},"class_list":["post-1382","page","type-page","status-publish","hentry"],"_links":{"self":[{"href":"https:\/\/mosaic.ee\/et\/wp-json\/wp\/v2\/pages\/1382","targetHints":{"allow":["GET"]}}],"collection":[{"href":"https:\/\/mosaic.ee\/et\/wp-json\/wp\/v2\/pages"}],"about":[{"href":"https:\/\/mosaic.ee\/et\/wp-json\/wp\/v2\/types\/page"}],"author":[{"embeddable":true,"href":"https:\/\/mosaic.ee\/et\/wp-json\/wp\/v2\/users\/1"}],"replies":[{"embeddable":true,"href":"https:\/\/mosaic.ee\/et\/wp-json\/wp\/v2\/comments?post=1382"}],"version-history":[{"count":10,"href":"https:\/\/mosaic.ee\/et\/wp-json\/wp\/v2\/pages\/1382\/revisions"}],"predecessor-version":[{"id":2370,"href":"https:\/\/mosaic.ee\/et\/wp-json\/wp\/v2\/pages\/1382\/revisions\/2370"}],"wp:attachment":[{"href":"https:\/\/mosaic.ee\/et\/wp-json\/wp\/v2\/media?parent=1382"}],"curies":[{"name":"wp","href":"https:\/\/api.w.org\/{rel}","templated":true}]}}