{"id":1362,"date":"2023-08-18T16:26:59","date_gmt":"2023-08-18T13:26:59","guid":{"rendered":"https:\/\/mosaic.ee\/?page_id=1362"},"modified":"2024-10-23T18:53:27","modified_gmt":"2024-10-23T15:53:27","slug":"jfrog","status":"publish","type":"page","link":"https:\/\/mosaic.ee\/et\/jfrog\/","title":{"rendered":"JFrog"},"content":{"rendered":"<div data-elementor-type=\"wp-page\" data-elementor-id=\"1362\" class=\"elementor elementor-1362\" data-elementor-post-type=\"page\">\n\t\t\t\t\t\t<section class=\"elementor-section elementor-top-section elementor-element elementor-element-674fcdb6 elementor-section-boxed elementor-section-height-default elementor-section-height-default\" data-id=\"674fcdb6\" data-element_type=\"section\" data-e-type=\"section\">\n\t\t\t\t\t\t<div class=\"elementor-container elementor-column-gap-default\">\n\t\t\t\t\t<div class=\"elementor-column elementor-col-100 elementor-top-column elementor-element elementor-element-3221fdc8\" data-id=\"3221fdc8\" data-element_type=\"column\" data-e-type=\"column\">\n\t\t\t<div class=\"elementor-widget-wrap elementor-element-populated\">\n\t\t\t\t\t\t<div class=\"elementor-element elementor-element-2a0c7144 elementor-widget elementor-widget-heading\" data-id=\"2a0c7144\" data-element_type=\"widget\" data-e-type=\"widget\" data-widget_type=\"heading.default\">\n\t\t\t\t\t<h2 class=\"elementor-heading-title elementor-size-xl\">Optimeerige oma tarkvara tarnimist Mosaic'i JFrog lahendustega<\/h2>\t\t\t\t<\/div>\n\t\t\t\t\t<\/div>\n\t\t<\/div>\n\t\t\t\t\t<\/div>\n\t\t<\/section>\n\t\t<div class=\"elementor-element elementor-element-467481d1 e-flex e-con-boxed e-con e-parent\" data-id=\"467481d1\" data-element_type=\"container\" data-e-type=\"container\">\n\t\t\t\t\t<div class=\"e-con-inner\">\n\t\t\t\t<div class=\"elementor-element elementor-element-70d672b4 elementor-widget elementor-widget-image\" data-id=\"70d672b4\" data-element_type=\"widget\" data-e-type=\"widget\" data-widget_type=\"image.default\">\n\t\t\t\t\t\t\t\t\t\t\t\t\t\t\t<img fetchpriority=\"high\" decoding=\"async\" width=\"768\" height=\"310\" src=\"https:\/\/mosaic.ee\/wp-content\/uploads\/2023\/08\/vectorstock_32262535_transparent-768x310.png\" class=\"attachment-medium_large size-medium_large wp-image-1372\" alt=\"\" srcset=\"https:\/\/mosaic.ee\/wp-content\/uploads\/2023\/08\/vectorstock_32262535_transparent-768x310.png 768w, https:\/\/mosaic.ee\/wp-content\/uploads\/2023\/08\/vectorstock_32262535_transparent-300x121.png 300w, https:\/\/mosaic.ee\/wp-content\/uploads\/2023\/08\/vectorstock_32262535_transparent-1024x413.png 1024w, https:\/\/mosaic.ee\/wp-content\/uploads\/2023\/08\/vectorstock_32262535_transparent-1536x620.png 1536w, https:\/\/mosaic.ee\/wp-content\/uploads\/2023\/08\/vectorstock_32262535_transparent-2048x826.png 2048w, https:\/\/mosaic.ee\/wp-content\/uploads\/2023\/08\/vectorstock_32262535_transparent-18x7.png 18w\" sizes=\"(max-width: 768px) 100vw, 768px\" \/>\t\t\t\t\t\t\t\t\t\t\t\t\t\t\t<\/div>\n\t\t\t\t\t<\/div>\n\t\t\t\t<\/div>\n\t\t<div class=\"elementor-element elementor-element-7e3c6e26 e-flex e-con-boxed e-con e-parent\" data-id=\"7e3c6e26\" data-element_type=\"container\" data-e-type=\"container\">\n\t\t\t\t\t<div class=\"e-con-inner\">\n\t\t\t\t<div class=\"elementor-element elementor-element-8bb6f9e elementor-widget elementor-widget-heading\" data-id=\"8bb6f9e\" data-element_type=\"widget\" data-e-type=\"widget\" data-widget_type=\"heading.default\">\n\t\t\t\t\t<h2 class=\"elementor-heading-title elementor-size-large\">Miks JFrog tarkvara?<\/h2>\t\t\t\t<\/div>\n\t\t\t\t\t<\/div>\n\t\t\t\t<\/div>\n\t\t<div class=\"elementor-element elementor-element-161963a6 e-flex e-con-boxed e-con e-parent\" data-id=\"161963a6\" data-element_type=\"container\" data-e-type=\"container\">\n\t\t\t\t\t<div class=\"e-con-inner\">\n\t\t\t\t<div class=\"elementor-element elementor-element-346bfd8b elementor-widget elementor-widget-text-editor\" data-id=\"346bfd8b\" data-element_type=\"widget\" data-e-type=\"widget\" data-widget_type=\"text-editor.default\">\n\t\t\t\t\t\t\t\t\t<div><p><span style=\"color: #3366ff;\"><a style=\"color: #3366ff;\" href=\"https:\/\/jfrog.com\" target=\"_blank\" rel=\"noopener\">JFrog<\/a><\/span> on juhtiv tehnoloogiaettev\u00f5te, mis on spetsialiseerunud tipptasemel lahenduste pakkumisele tarkvara arendamiseks ja levitamiseks. JFrogi tootepaketi abil saate kiirendada tarkvaraarenduse eluts\u00fcklit, tagada artefaktide turvalisuse ja t\u00f5hustada rakenduste tarnimist.<\/p><\/div><div><p><span lang=\"EN-GB\">JFrog pakub mitmeid tooteid, mis vastavad tarkvaraarenduse ja levitamise erinevatele aspektidele, sealhulgas Artifactory artefaktide haldamiseks, Xray haavatavuse skaneerimiseks, Distribution tarkvara v\u00e4ljalaske orkestreerimiseks ja Pipelines CI\/CD automatiseerimiseks. Need t\u00f6\u00f6riistad on loodud selleks, et aidata organisatsioonidel pakkuda kvaliteetset tarkvara kiiremini ja t\u00f5husamalt.<\/span><\/p><\/div><div><h5><span lang=\"EN-GB\">Peamised eelised <span style=\"color: #3366ff;\"><a style=\"color: #3366ff;\" href=\"https:\/\/jfrog.com\" target=\"_blank\" rel=\"noopener\">JFrog<\/a><\/span> Lahendused:<\/span><\/h5><\/div><div><ol><li><span lang=\"EN-GB\">Artefaktide haldamine: JFrog Artifactory v\u00f5imaldab teil hallata ja salvestada tarkvara artefakte tsentraliseeritud repositooriumis, tagades versioonikontrolli, juurdep\u00e4\u00e4su kontrolli ja artefaktide taaskasutamise.<\/span><\/li><li>Turvalisus ja n\u00f5uetele vastavus: JFrog Xray pakub p\u00f5hjalikku haavatavusanal\u00fc\u00fcsi ja litsentsi vastavuse skaneerimist, mis aitab teil tuvastada ja lahendada teie tarkvarakomponentide turvariske.<\/li><li>Vabastuse orkestreerimine: JFrog Distribution v\u00f5imaldab teil automatiseerida oma tarkvara vabastamist ja levitamist, tagades j\u00e4rjepideva ja usaldusv\u00e4\u00e4rse kasutuselev\u00f5tu erinevates keskkondades.<\/li><li>CI\/CD automatiseerimine: JFrog Pipelines pakub v\u00f5imsaid CI\/CD automatiseerimisv\u00f5imalusi, mis v\u00f5imaldavad teil kiiresti ja usaldusv\u00e4\u00e4rselt ehitada, testida ja juurutada rakendusi.<\/li><\/ol><\/div>\t\t\t\t\t\t\t\t<\/div>\n\t\t\t\t\t<\/div>\n\t\t\t\t<\/div>\n\t\t\t\t<section class=\"elementor-section elementor-top-section elementor-element elementor-element-162bdad9 elementor-section-boxed elementor-section-height-default elementor-section-height-default\" data-id=\"162bdad9\" data-element_type=\"section\" data-e-type=\"section\">\n\t\t\t\t\t\t<div class=\"elementor-container elementor-column-gap-default\">\n\t\t\t\t\t<div class=\"elementor-column elementor-col-50 elementor-top-column elementor-element elementor-element-6877e585\" data-id=\"6877e585\" data-element_type=\"column\" data-e-type=\"column\">\n\t\t\t<div class=\"elementor-widget-wrap\">\n\t\t\t\t\t\t\t<\/div>\n\t\t<\/div>\n\t\t\t\t<div class=\"elementor-column elementor-col-50 elementor-top-column elementor-element elementor-element-1d8b7f5a\" data-id=\"1d8b7f5a\" data-element_type=\"column\" data-e-type=\"column\">\n\t\t\t<div class=\"elementor-widget-wrap elementor-element-populated\">\n\t\t\t\t\t\t<div class=\"elementor-element elementor-element-4bfe711d elementor-widget elementor-widget-image\" data-id=\"4bfe711d\" data-element_type=\"widget\" data-e-type=\"widget\" data-widget_type=\"image.default\">\n\t\t\t\t\t\t\t\t\t\t\t\t\t\t\t\t<a href=\"https:\/\/jfrog.com\" target=\"_blank\" rel=\"noopener\">\n\t\t\t\t\t\t\t<img decoding=\"async\" width=\"229\" height=\"221\" src=\"https:\/\/mosaic.ee\/wp-content\/uploads\/2024\/10\/JFrog-logo.png\" class=\"attachment-medium size-medium wp-image-3931\" alt=\"\" srcset=\"https:\/\/mosaic.ee\/wp-content\/uploads\/2024\/10\/JFrog-logo.png 229w, https:\/\/mosaic.ee\/wp-content\/uploads\/2024\/10\/JFrog-logo-12x12.png 12w\" sizes=\"(max-width: 229px) 100vw, 229px\" \/>\t\t\t\t\t\t\t\t<\/a>\n\t\t\t\t\t\t\t\t\t\t\t\t\t\t\t<\/div>\n\t\t\t\t\t<\/div>\n\t\t<\/div>\n\t\t\t\t\t<\/div>\n\t\t<\/section>\n\t\t<div class=\"elementor-element elementor-element-2217d964 e-flex e-con-boxed e-con e-parent\" data-id=\"2217d964\" data-element_type=\"container\" data-e-type=\"container\">\n\t\t\t\t\t<div class=\"e-con-inner\">\n\t\t\t\t<div class=\"elementor-element elementor-element-4cafa073 elementor-widget elementor-widget-heading\" data-id=\"4cafa073\" data-element_type=\"widget\" data-e-type=\"widget\" data-widget_type=\"heading.default\">\n\t\t\t\t\t<h2 class=\"elementor-heading-title elementor-size-large\">Miks osta JFrog Mosaicilt?<\/h2>\t\t\t\t<\/div>\n\t\t\t\t\t<\/div>\n\t\t\t\t<\/div>\n\t\t<div class=\"elementor-element elementor-element-1c7a5614 e-flex e-con-boxed e-con e-parent\" data-id=\"1c7a5614\" data-element_type=\"container\" data-e-type=\"container\">\n\t\t\t\t\t<div class=\"e-con-inner\">\n\t\t\t\t<div class=\"elementor-element elementor-element-4099bb65 elementor-widget elementor-widget-text-editor\" data-id=\"4099bb65\" data-element_type=\"widget\" data-e-type=\"widget\" data-widget_type=\"text-editor.default\">\n\t\t\t\t\t\t\t\t\t<div><p><span lang=\"EN-GB\">Mosaic on usaldusv\u00e4\u00e4rne JFrogi lahenduste pakkuja, kes annab ettev\u00f5tetele v\u00f5imaluse kasutada JFrogi t\u00e4iustatud t\u00f6\u00f6riistu oma tarkvaraarenduse vajaduste rahuldamiseks. Meie ekspertide meeskond aitab teil valida \u00f5igeid JFrogi tooteid, mis vastavad teie organisatsiooni eesm\u00e4rkidele ja n\u00f5uetele.<\/span><\/p><\/div><div><p><span lang=\"EN-GB\">Ametliku partnerina omab Mosaic teadmisi, mis aitavad teil integreerida JFrog'i lahendusi sujuvalt teie arendusprotsessidesse. Meie juhendamisel saate t\u00f5hustada koost\u00f6\u00f6d, parandada tarkvara kvaliteeti ja kiirendada rakenduste turuleviimist.<\/span><\/p><\/div><div><p><span lang=\"EN-GB\">Mosaic on p\u00fchendunud erakordse klienditeeninduse ja konkurentsiv\u00f5imelise hinnakujunduse pakkumisele. Valides Mosaici JFrog lahendused, saate juurdep\u00e4\u00e4su tipptasemel tarkvarale, mis v\u00f5imaldab teie organisatsioonil optimeerida tarkvaraarendusprotsesse.<\/span><\/p><\/div><div><h5><span lang=\"EN-GB\">JFrog lahenduste potentsiaali avamine<\/span><\/h5><\/div><div><p><span lang=\"EN-GB\">JFrogi lahendused pakuvad ettev\u00f5tetele vahendeid, mis on vajalikud tarkvara tarnimise kiirendamiseks, turvalisuse suurendamiseks ja arendust\u00f6\u00f6 sujuvamaks muutmiseks. Koost\u00f6\u00f6 Mosaiciga tagab, et saate JFrog'i t\u00f6\u00f6riistade t\u00f5husaks rakendamiseks \u00f5igeid juhiseid ja tuge. V\u00f5tke meiega juba t\u00e4na \u00fchendust, et uurida, kuidas JFrogi lahendused v\u00f5ivad t\u00f5sta teie organisatsiooni tarkvaraarenduse v\u00f5imekust.<\/span><\/p><\/div>\t\t\t\t\t\t\t\t<\/div>\n\t\t\t\t\t<\/div>\n\t\t\t\t<\/div>\n\t\t\t\t<section class=\"elementor-section elementor-top-section elementor-element elementor-element-4a2d77b7 elementor-section-boxed elementor-section-height-default elementor-section-height-default\" data-id=\"4a2d77b7\" data-element_type=\"section\" data-e-type=\"section\">\n\t\t\t\t\t\t<div class=\"elementor-container elementor-column-gap-default\">\n\t\t\t\t\t<div class=\"elementor-column elementor-col-50 elementor-top-column elementor-element elementor-element-fe4e6d2\" data-id=\"fe4e6d2\" data-element_type=\"column\" data-e-type=\"column\">\n\t\t\t<div class=\"elementor-widget-wrap\">\n\t\t\t\t\t\t\t<\/div>\n\t\t<\/div>\n\t\t\t\t<div class=\"elementor-column elementor-col-50 elementor-top-column elementor-element elementor-element-f117fe9\" data-id=\"f117fe9\" data-element_type=\"column\" data-e-type=\"column\">\n\t\t\t<div class=\"elementor-widget-wrap elementor-element-populated\">\n\t\t\t\t\t\t<div class=\"elementor-element elementor-element-6311fd7e elementor-widget elementor-widget-image\" data-id=\"6311fd7e\" data-element_type=\"widget\" data-e-type=\"widget\" data-widget_type=\"image.default\">\n\t\t\t\t\t\t\t\t\t\t\t\t\t\t\t\t<a href=\"https:\/\/jfrog.com\" target=\"_blank\" rel=\"noopener\">\n\t\t\t\t\t\t\t<img decoding=\"async\" width=\"158\" height=\"180\" src=\"https:\/\/mosaic.ee\/wp-content\/uploads\/2023\/07\/jfrog_partner.png\" class=\"attachment-large size-large wp-image-360\" alt=\"\" \/>\t\t\t\t\t\t\t\t<\/a>\n\t\t\t\t\t\t\t\t\t\t\t\t\t\t\t<\/div>\n\t\t\t\t\t<\/div>\n\t\t<\/div>\n\t\t\t\t\t<\/div>\n\t\t<\/section>\n\t\t<div class=\"elementor-element elementor-element-c16041e e-flex e-con-boxed e-con e-parent\" data-id=\"c16041e\" data-element_type=\"container\" data-e-type=\"container\">\n\t\t\t\t\t<div class=\"e-con-inner\">\n\t\t\t\t<div class=\"elementor-element elementor-element-20026d7 elementor-widget elementor-widget-wp-widget-rss\" data-id=\"20026d7\" data-element_type=\"widget\" data-e-type=\"widget\" data-widget_type=\"wp-widget-rss.default\">\n\t\t\t\t<div class=\"elementor-widget-container\">\n\t\t\t\t\t<h5><a class=\"rsswidget rss-widget-feed\" href=\"https:\/\/jfrog.com\/press\/feed\/\" target=\"_blank\" rel=\"noopener\"><img loading=\"lazy\" decoding=\"async\" class=\"rss-widget-icon\" style=\"border:0\" width=\"14\" height=\"14\" src=\"https:\/\/mosaic.ee\/wp-includes\/images\/rss.png\" alt=\"RSS\" \/><\/a> <a class=\"rsswidget rss-widget-title\" href=\"https:\/\/investors.jfrog.com\/\" target=\"_blank\" rel=\"noopener\">JFrog uudised<\/a><\/h5><nav aria-label=\"JFrog uudised\"><ul><li><a class=\"rsswidget\" href=\"https:\/\/investors.jfrog.com\/news\/news-details\/2026\/JFrog-Brings-Enterprise-Grade-Software-Supply-Chain-Security-to-Over-1M-AI-Developers-with-New-Cursor-AI-Coding-Agent-d98c0f300\/default.aspx\" target=\"_blank\" rel=\"noopener\">JFrog toob uue Cursor AI kodeerimisagendiga \u00fcle 1M AI arendajale ettev\u00f5tte tasemel tarkvara tarneahela turvalisuse<\/a> <span class=\"rss-date\">15\/04\/2026<\/span><div class=\"rssSummary\"><\/div><\/li><li><a class=\"rsswidget\" href=\"https:\/\/investors.jfrog.com\/news\/news-details\/2026\/JFrog-Announces-Timing-of-First-Quarter-2026-Financial-Results\/default.aspx\" target=\"_blank\" rel=\"noopener\">JFrog teatab 2026. aasta esimese kvartali majandustulemuste ajastamisest<\/a> <span class=\"rss-date\">08\/04\/2026<\/span><div class=\"rssSummary\"><\/div><\/li><li><a class=\"rsswidget\" href=\"https:\/\/investors.jfrog.com\/news\/news-details\/2026\/JFrog-Delivers-Trust-Layer-for-AI-Driven-Software-with-NVIDIA-75dd10ea5\/default.aspx\" target=\"_blank\" rel=\"noopener\">JFrog pakub koos NVIDIAga tehisintellektip\u00f5hise tarkvara usalduskihti<\/a> <span class=\"rss-date\">08\/04\/2026<\/span><div class=\"rssSummary\"><\/div><\/li><li><a class=\"rsswidget\" href=\"https:\/\/investors.jfrog.com\/news\/news-details\/2026\/JFrog-Brings-Enterprise-Grade-Software-Supply-Chain-Security-to-Over-1M-AI-Developers-with-New-Cursor-AI-Coding-Agent\/default.aspx\" target=\"_blank\" rel=\"noopener\">JFrog toob uue Cursor AI kodeerimisagendiga \u00fcle 1M AI arendajale ettev\u00f5tte tasemel tarkvara tarneahela turvalisuse<\/a> <span class=\"rss-date\">31\/03\/2026<\/span><div class=\"rssSummary\"><\/div><\/li><li><a class=\"rsswidget\" href=\"https:\/\/investors.jfrog.com\/news\/news-details\/2026\/JFrog-Unveils-Universal-MCP-Registry-Delivering-a-Secure-System-of-Record-for-the-AI-Driven-Software-Supply-Chain\/default.aspx\" target=\"_blank\" rel=\"noopener\">JFrog avalikustab universaalse MCP registri, mis pakub turvalist s\u00fcsteemi AI-juhitud tarkvara tarneahela jaoks<\/a> <span class=\"rss-date\">18\/03\/2026<\/span><div class=\"rssSummary\"><\/div><\/li><\/ul><\/nav>\t\t\t\t<\/div>\n\t\t\t\t<\/div>\n\t\t\t\t\t<\/div>\n\t\t\t\t<\/div>\n\t\t\t\t<\/div>","protected":false},"excerpt":{"rendered":"<p>Optimize Your Software Delivery with JFrog Solutions from Mosaic Why JFrog Software? JFrog is a leading technology company that specializes in providing cutting-edge solutions for software development and distribution. With JFrog&#8217;s suite of products, you can accelerate your software development lifecycle, ensure artifact security, and streamline the delivery of your applications. JFrog offers a range [&hellip;]<\/p>\n","protected":false},"author":1,"featured_media":0,"parent":0,"menu_order":0,"comment_status":"closed","ping_status":"closed","template":"","meta":{"content-type":"","footnotes":""},"class_list":["post-1362","page","type-page","status-publish","hentry"],"_links":{"self":[{"href":"https:\/\/mosaic.ee\/et\/wp-json\/wp\/v2\/pages\/1362","targetHints":{"allow":["GET"]}}],"collection":[{"href":"https:\/\/mosaic.ee\/et\/wp-json\/wp\/v2\/pages"}],"about":[{"href":"https:\/\/mosaic.ee\/et\/wp-json\/wp\/v2\/types\/page"}],"author":[{"embeddable":true,"href":"https:\/\/mosaic.ee\/et\/wp-json\/wp\/v2\/users\/1"}],"replies":[{"embeddable":true,"href":"https:\/\/mosaic.ee\/et\/wp-json\/wp\/v2\/comments?post=1362"}],"version-history":[{"count":23,"href":"https:\/\/mosaic.ee\/et\/wp-json\/wp\/v2\/pages\/1362\/revisions"}],"predecessor-version":[{"id":3938,"href":"https:\/\/mosaic.ee\/et\/wp-json\/wp\/v2\/pages\/1362\/revisions\/3938"}],"wp:attachment":[{"href":"https:\/\/mosaic.ee\/et\/wp-json\/wp\/v2\/media?parent=1362"}],"curies":[{"name":"wp","href":"https:\/\/api.w.org\/{rel}","templated":true}]}}