{"id":1349,"date":"2023-08-18T16:16:27","date_gmt":"2023-08-18T13:16:27","guid":{"rendered":"https:\/\/mosaic.ee\/?page_id=1349"},"modified":"2024-06-03T14:47:42","modified_gmt":"2024-06-03T11:47:42","slug":"sentinelone","status":"publish","type":"page","link":"https:\/\/mosaic.ee\/et\/sentinelone\/","title":{"rendered":"SentinelOne"},"content":{"rendered":"<div data-elementor-type=\"wp-page\" data-elementor-id=\"1349\" class=\"elementor elementor-1349\" data-elementor-post-type=\"page\">\n\t\t\t\t\t\t<section class=\"elementor-section elementor-top-section elementor-element elementor-element-344a9b4d elementor-section-boxed elementor-section-height-default elementor-section-height-default\" data-id=\"344a9b4d\" data-element_type=\"section\" data-e-type=\"section\">\n\t\t\t\t\t\t<div class=\"elementor-container elementor-column-gap-default\">\n\t\t\t\t\t<div class=\"elementor-column elementor-col-100 elementor-top-column elementor-element elementor-element-748c5ff4\" data-id=\"748c5ff4\" data-element_type=\"column\" data-e-type=\"column\">\n\t\t\t<div class=\"elementor-widget-wrap elementor-element-populated\">\n\t\t\t\t\t\t<div class=\"elementor-element elementor-element-781d42d6 elementor-widget elementor-widget-heading\" data-id=\"781d42d6\" data-element_type=\"widget\" data-e-type=\"widget\" data-widget_type=\"heading.default\">\n\t\t\t\t\t<h2 class=\"elementor-heading-title elementor-size-xl\">Tugevdage oma k\u00fcberturvalisuse kaitset Mosaic SentinelOne Endpoint Protection'iga <\/h2>\t\t\t\t<\/div>\n\t\t\t\t\t<\/div>\n\t\t<\/div>\n\t\t\t\t\t<\/div>\n\t\t<\/section>\n\t\t<div class=\"elementor-element elementor-element-20d78d11 e-flex e-con-boxed e-con e-parent\" data-id=\"20d78d11\" data-element_type=\"container\" data-e-type=\"container\">\n\t\t\t\t\t<div class=\"e-con-inner\">\n\t\t\t\t<div class=\"elementor-element elementor-element-46c76ec3 elementor-widget elementor-widget-image\" data-id=\"46c76ec3\" data-element_type=\"widget\" data-e-type=\"widget\" data-widget_type=\"image.default\">\n\t\t\t\t\t\t\t\t\t\t\t\t\t\t\t<img fetchpriority=\"high\" decoding=\"async\" width=\"768\" height=\"388\" src=\"https:\/\/mosaic.ee\/wp-content\/uploads\/2023\/08\/vectorstock_45897805_transparent-768x388.png\" class=\"attachment-medium_large size-medium_large wp-image-1352\" alt=\"\" srcset=\"https:\/\/mosaic.ee\/wp-content\/uploads\/2023\/08\/vectorstock_45897805_transparent-768x388.png 768w, https:\/\/mosaic.ee\/wp-content\/uploads\/2023\/08\/vectorstock_45897805_transparent-300x152.png 300w, https:\/\/mosaic.ee\/wp-content\/uploads\/2023\/08\/vectorstock_45897805_transparent-1024x517.png 1024w, https:\/\/mosaic.ee\/wp-content\/uploads\/2023\/08\/vectorstock_45897805_transparent-1536x776.png 1536w, https:\/\/mosaic.ee\/wp-content\/uploads\/2023\/08\/vectorstock_45897805_transparent-2048x1034.png 2048w, https:\/\/mosaic.ee\/wp-content\/uploads\/2023\/08\/vectorstock_45897805_transparent-18x9.png 18w\" sizes=\"(max-width: 768px) 100vw, 768px\" \/>\t\t\t\t\t\t\t\t\t\t\t\t\t\t\t<\/div>\n\t\t\t\t\t<\/div>\n\t\t\t\t<\/div>\n\t\t<div class=\"elementor-element elementor-element-63ca9763 e-flex e-con-boxed e-con e-parent\" data-id=\"63ca9763\" data-element_type=\"container\" data-e-type=\"container\">\n\t\t\t\t\t<div class=\"e-con-inner\">\n\t\t\t\t<div class=\"elementor-element elementor-element-6c5b3af5 elementor-widget elementor-widget-heading\" data-id=\"6c5b3af5\" data-element_type=\"widget\" data-e-type=\"widget\" data-widget_type=\"heading.default\">\n\t\t\t\t\t<h2 class=\"elementor-heading-title elementor-size-large\">Miks SentinelOne tarkvara?<\/h2>\t\t\t\t<\/div>\n\t\t\t\t\t<\/div>\n\t\t\t\t<\/div>\n\t\t<div class=\"elementor-element elementor-element-313a6758 e-flex e-con-boxed e-con e-parent\" data-id=\"313a6758\" data-element_type=\"container\" data-e-type=\"container\">\n\t\t\t\t\t<div class=\"e-con-inner\">\n\t\t\t\t<div class=\"elementor-element elementor-element-6fc07a1d elementor-widget elementor-widget-text-editor\" data-id=\"6fc07a1d\" data-element_type=\"widget\" data-e-type=\"widget\" data-widget_type=\"text-editor.default\">\n\t\t\t\t\t\t\t\t\t<div><p><span lang=\"EN-GB\"><span style=\"color: #3366ff;\"><a style=\"color: #3366ff;\" href=\"https:\/\/www.sentinelone.com\" target=\"_blank\" rel=\"noopener\">SentinelOne<\/a><\/span> on tipptasemel k\u00fcberturvalisuse platvorm, mis pakub t\u00e4iustatud l\u00f5pp-punktide kaitset, mida toetab tehisintellekt (AI). SentinelOne'i lahenduste abil saate oma l\u00f5pp-punkte ennetavalt kaitsta paljude k\u00fcberohtude, sealhulgas pahavara, lunavara ja nullp\u00e4evar\u00fcnnakute eest.<\/span><\/p><\/div><div><p><span lang=\"EN-GB\">SentinelOne pakub terviklikku tootepaketti, mis pakub l\u00f5pp-punktide kaitset, tuvastamist, reageerimist ja ohujahi v\u00f5imalusi. Need lahendused on loodud selleks, et aidata organisatsioonidel tuvastada ja leevendada ohte reaalajas, automatiseerida intsidentidele reageerimist ja tagada oma digitaalsete varade turvalisus.<\/span><\/p><\/div><div><p><span lang=\"EN-GB\">Peamised eelised <span style=\"color: #3366ff;\"><a style=\"color: #3366ff;\" href=\"https:\/\/www.sentinelone.com\" target=\"_blank\" rel=\"noopener\">SentinelOne<\/a><\/span> L\u00f5pp-punkti kaitse:<\/span><\/p><\/div><div><ol><li><span lang=\"EN-GB\">Tehisintellektip\u00f5hine ohuennetus: SentinelOne'i tehisintellektip\u00f5hine tehnoloogia kasutab teadaolevate ja tundmatute ohtude tuvastamiseks ja ennetamiseks k\u00e4itumisanal\u00fc\u00fcsi, pakkudes tugevat kaitset arenevate k\u00fcberohtude vastu.<\/span><\/li><li>Reaalajas tuvastamine ja reageerimine: SentinelOne'i lahendused pakuvad pahatahtliku tegevuse reaalajas tuvastamist ja automaatseid reageerimistoiminguid, aidates organisatsioonidel kiiresti reageerida turvaintsidentidele.<\/li><li>Autonoomne ohujaht: SentinelOne'i platvorm sisaldab autonoomset ohujahi, mis otsib aktiivselt ohte ja haavatavusi, pakkudes ennetavat l\u00e4henemist turvalisusele.<\/li><li>EDR ja kohtuekspertiis: SentinelOne'i EDR (Endpoint Detection and Response) funktsioonid v\u00f5imaldavad organisatsioonidel uurida ja anal\u00fc\u00fcsida turvaintsidente, suurendades ohu n\u00e4htavust ja m\u00f5istmist.<\/li><\/ol><div>\u00a0<\/div><div>Gartner on tunnustanud SentinelOne'i kui Leader'i. <span style=\"color: #3366ff;\"><a style=\"color: #3366ff;\" href=\"https:\/\/www.sentinelone.com\/lp\/gartnermq\/\" target=\"_blank\" rel=\"noopener\">2022 Gartner<sup>\u00ae\u00a0<\/sup>Magic Quadrant<sup>TM<\/sup> l\u00f5pp-punktide kaitseplatvormide jaoks ja l\u00f5pp-punktide kaitseplatvormide kriitilised funktsioonid<\/a><\/span>.<\/div><\/div><div>\u00a0<\/div><div>SentinelOne juhib viimaseid, <span style=\"color: #3366ff;\"><a style=\"color: #3366ff;\" href=\"https:\/\/www.sentinelone.com\/lp\/mitre\/\" target=\"_blank\" rel=\"noopener\">2022 MITRE ATT&amp;CK<\/a><\/span> Hindamine koos 100% ennetamisega.<\/div><div><div>\u00a0<\/div><\/div>\t\t\t\t\t\t\t\t<\/div>\n\t\t\t\t\t<\/div>\n\t\t\t\t<\/div>\n\t\t\t\t<section class=\"elementor-section elementor-top-section elementor-element elementor-element-2b29f8f9 elementor-section-boxed elementor-section-height-default elementor-section-height-default\" data-id=\"2b29f8f9\" data-element_type=\"section\" data-e-type=\"section\">\n\t\t\t\t\t\t<div class=\"elementor-container elementor-column-gap-default\">\n\t\t\t\t\t<div class=\"elementor-column elementor-col-50 elementor-top-column elementor-element elementor-element-49beddb1\" data-id=\"49beddb1\" data-element_type=\"column\" data-e-type=\"column\">\n\t\t\t<div class=\"elementor-widget-wrap\">\n\t\t\t\t\t\t\t<\/div>\n\t\t<\/div>\n\t\t\t\t<div class=\"elementor-column elementor-col-50 elementor-top-column elementor-element elementor-element-1069b3\" data-id=\"1069b3\" data-element_type=\"column\" data-e-type=\"column\">\n\t\t\t<div class=\"elementor-widget-wrap elementor-element-populated\">\n\t\t\t\t\t\t<div class=\"elementor-element elementor-element-1789a333 elementor-widget elementor-widget-image\" data-id=\"1789a333\" data-element_type=\"widget\" data-e-type=\"widget\" data-widget_type=\"image.default\">\n\t\t\t\t\t\t\t\t\t\t\t\t\t\t\t\t<a href=\"https:\/\/www.sentinelone.com\" target=\"_blank\" rel=\"noopener\">\n\t\t\t\t\t\t\t<img decoding=\"async\" width=\"300\" height=\"51\" src=\"https:\/\/mosaic.ee\/wp-content\/uploads\/2023\/08\/S1_Logo_Horz_RGB_BLK-300x51.png\" class=\"attachment-medium size-medium wp-image-602\" alt=\"\" srcset=\"https:\/\/mosaic.ee\/wp-content\/uploads\/2023\/08\/S1_Logo_Horz_RGB_BLK-300x51.png 300w, https:\/\/mosaic.ee\/wp-content\/uploads\/2023\/08\/S1_Logo_Horz_RGB_BLK-1024x173.png 1024w, https:\/\/mosaic.ee\/wp-content\/uploads\/2023\/08\/S1_Logo_Horz_RGB_BLK-768x130.png 768w, https:\/\/mosaic.ee\/wp-content\/uploads\/2023\/08\/S1_Logo_Horz_RGB_BLK-1536x260.png 1536w, https:\/\/mosaic.ee\/wp-content\/uploads\/2023\/08\/S1_Logo_Horz_RGB_BLK-2048x346.png 2048w, https:\/\/mosaic.ee\/wp-content\/uploads\/2023\/08\/S1_Logo_Horz_RGB_BLK-18x3.png 18w\" sizes=\"(max-width: 300px) 100vw, 300px\" \/>\t\t\t\t\t\t\t\t<\/a>\n\t\t\t\t\t\t\t\t\t\t\t\t\t\t\t<\/div>\n\t\t\t\t\t<\/div>\n\t\t<\/div>\n\t\t\t\t\t<\/div>\n\t\t<\/section>\n\t\t<div class=\"elementor-element elementor-element-a1e0b13 e-flex e-con-boxed e-con e-parent\" data-id=\"a1e0b13\" data-element_type=\"container\" data-e-type=\"container\">\n\t\t\t\t\t<div class=\"e-con-inner\">\n\t\t\t\t<div class=\"elementor-element elementor-element-ade491b elementor-widget elementor-widget-heading\" data-id=\"ade491b\" data-element_type=\"widget\" data-e-type=\"widget\" data-widget_type=\"heading.default\">\n\t\t\t\t\t<h2 class=\"elementor-heading-title elementor-size-large\">Miks osta SentinelOne'i Mosaicilt?<\/h2>\t\t\t\t<\/div>\n\t\t\t\t\t<\/div>\n\t\t\t\t<\/div>\n\t\t<div class=\"elementor-element elementor-element-69a19951 e-flex e-con-boxed e-con e-parent\" data-id=\"69a19951\" data-element_type=\"container\" data-e-type=\"container\">\n\t\t\t\t\t<div class=\"e-con-inner\">\n\t\t\t\t<div class=\"elementor-element elementor-element-1d0b26aa elementor-widget elementor-widget-text-editor\" data-id=\"1d0b26aa\" data-element_type=\"widget\" data-e-type=\"widget\" data-widget_type=\"text-editor.default\">\n\t\t\t\t\t\t\t\t\t<div><p><span lang=\"EN-GB\">Mosaic pakub SentinelOne'i uuenduslikke l\u00f5pp-punktide kaitselahendusi, mis v\u00f5imaldavad organisatsioonidel tugevdada oma k\u00fcberturvalisust ja kaitsta kriitilisi varasid. Meie ekspertide meeskond aitab teil valida \u00f5igeid SentinelOne'i tooteid, mis vastavad teie organisatsiooni turvavajadustele.<\/span><\/p><\/div><div><p><span lang=\"EN-GB\">Usaldusv\u00e4\u00e4rse partnerina on Mosaic spetsialiseerunud k\u00fcberturvalisuse lahenduste pakkumisele, mis pakuvad ennetavat ohuennetust ja kiiret reageerimist intsidentidele. T\u00e4nu meie kogemustele saate SentinelOne'i lahendused sujuvalt oma keskkonda integreerida ja oma k\u00fcberturvalisuse kaitset t\u00f5hustada.<\/span><\/p><\/div><div><p><span lang=\"EN-GB\">Mosaic on p\u00fchendunud erakordsele klienditeenindusele ja konkurentsiv\u00f5imelistele hindadele. Valides Mosaic'i SentinelOne'i lahendused, saate juurdep\u00e4\u00e4su tipptasemel tarkvarale, mis v\u00f5imaldab teie organisatsioonil k\u00fcberohtude ees p\u00fcsida.<\/span><\/p><\/div><div><p><span lang=\"EN-GB\">V\u00f5imaldage oma k\u00fcberturvalisuse strateegiat koos SentinelOne'iga<\/span><\/p><\/div><div><p><span lang=\"EN-GB\">SentinelOne'i l\u00f5pp-punktide kaitselahendused pakuvad ettev\u00f5tetele vajalikke vahendeid, et kaitsta arenevate k\u00fcberohtude eest, automatiseerida intsidentidele reageerimist ja suurendada ohtude n\u00e4htavust. Koost\u00f6\u00f6 Mosaiciga<\/span><span lang=\"EN-GB\">\u00a0tagab, et saate SentinelOne'i lahenduste t\u00f5husaks rakendamiseks asjatundlikku juhendamist ja tuge. V\u00f5tke meiega juba t\u00e4na \u00fchendust, et uurida, kuidas SentinelOne'i lahendused v\u00f5ivad t\u00f5sta teie organisatsiooni k\u00fcberturvalisuse kaitset.<\/span><\/p><\/div>\t\t\t\t\t\t\t\t<\/div>\n\t\t\t\t\t<\/div>\n\t\t\t\t<\/div>\n\t\t\t\t<section class=\"elementor-section elementor-top-section elementor-element elementor-element-6ab03be8 elementor-section-boxed elementor-section-height-default elementor-section-height-default\" data-id=\"6ab03be8\" data-element_type=\"section\" data-e-type=\"section\">\n\t\t\t\t\t\t<div class=\"elementor-container elementor-column-gap-default\">\n\t\t\t\t\t<div class=\"elementor-column elementor-col-50 elementor-top-column elementor-element elementor-element-7fee8962\" data-id=\"7fee8962\" data-element_type=\"column\" data-e-type=\"column\">\n\t\t\t<div class=\"elementor-widget-wrap\">\n\t\t\t\t\t\t\t<\/div>\n\t\t<\/div>\n\t\t\t\t<div class=\"elementor-column elementor-col-50 elementor-top-column elementor-element elementor-element-58807057\" data-id=\"58807057\" data-element_type=\"column\" data-e-type=\"column\">\n\t\t\t<div class=\"elementor-widget-wrap elementor-element-populated\">\n\t\t\t\t\t\t<div class=\"elementor-element elementor-element-f8bf5f6 elementor-widget elementor-widget-image\" data-id=\"f8bf5f6\" data-element_type=\"widget\" data-e-type=\"widget\" data-widget_type=\"image.default\">\n\t\t\t\t\t\t\t\t\t\t\t\t\t\t\t\t<a href=\"https:\/\/www.sentinelone.com\" target=\"_blank\" rel=\"noopener\">\n\t\t\t\t\t\t\t<img decoding=\"async\" width=\"800\" height=\"135\" src=\"https:\/\/mosaic.ee\/wp-content\/uploads\/2023\/08\/S1_Logo_Horz_RGB_BLK-1024x173.png\" class=\"attachment-large size-large wp-image-602\" alt=\"\" srcset=\"https:\/\/mosaic.ee\/wp-content\/uploads\/2023\/08\/S1_Logo_Horz_RGB_BLK-1024x173.png 1024w, https:\/\/mosaic.ee\/wp-content\/uploads\/2023\/08\/S1_Logo_Horz_RGB_BLK-300x51.png 300w, https:\/\/mosaic.ee\/wp-content\/uploads\/2023\/08\/S1_Logo_Horz_RGB_BLK-768x130.png 768w, https:\/\/mosaic.ee\/wp-content\/uploads\/2023\/08\/S1_Logo_Horz_RGB_BLK-1536x260.png 1536w, https:\/\/mosaic.ee\/wp-content\/uploads\/2023\/08\/S1_Logo_Horz_RGB_BLK-2048x346.png 2048w, https:\/\/mosaic.ee\/wp-content\/uploads\/2023\/08\/S1_Logo_Horz_RGB_BLK-18x3.png 18w\" sizes=\"(max-width: 800px) 100vw, 800px\" \/>\t\t\t\t\t\t\t\t<\/a>\n\t\t\t\t\t\t\t\t\t\t\t\t\t\t\t<\/div>\n\t\t\t\t\t<\/div>\n\t\t<\/div>\n\t\t\t\t\t<\/div>\n\t\t<\/section>\n\t\t\t\t<\/div>","protected":false},"excerpt":{"rendered":"<p>Fortify Your Cybersecurity Defenses with SentinelOne Endpoint Protection from Mosaic Why SentinelOne Software? SentinelOne is a cutting-edge cybersecurity platform that provides advanced endpoint protection powered by artificial intelligence (AI). With SentinelOne&#8217;s solutions, you can proactively defend your endpoints against a wide range of cyber threats, including malware, ransomware, and zero-day attacks. SentinelOne offers a comprehensive [&hellip;]<\/p>\n","protected":false},"author":1,"featured_media":0,"parent":0,"menu_order":0,"comment_status":"closed","ping_status":"closed","template":"","meta":{"content-type":"","footnotes":""},"class_list":["post-1349","page","type-page","status-publish","hentry"],"_links":{"self":[{"href":"https:\/\/mosaic.ee\/et\/wp-json\/wp\/v2\/pages\/1349","targetHints":{"allow":["GET"]}}],"collection":[{"href":"https:\/\/mosaic.ee\/et\/wp-json\/wp\/v2\/pages"}],"about":[{"href":"https:\/\/mosaic.ee\/et\/wp-json\/wp\/v2\/types\/page"}],"author":[{"embeddable":true,"href":"https:\/\/mosaic.ee\/et\/wp-json\/wp\/v2\/users\/1"}],"replies":[{"embeddable":true,"href":"https:\/\/mosaic.ee\/et\/wp-json\/wp\/v2\/comments?post=1349"}],"version-history":[{"count":13,"href":"https:\/\/mosaic.ee\/et\/wp-json\/wp\/v2\/pages\/1349\/revisions"}],"predecessor-version":[{"id":1648,"href":"https:\/\/mosaic.ee\/et\/wp-json\/wp\/v2\/pages\/1349\/revisions\/1648"}],"wp:attachment":[{"href":"https:\/\/mosaic.ee\/et\/wp-json\/wp\/v2\/media?parent=1349"}],"curies":[{"name":"wp","href":"https:\/\/api.w.org\/{rel}","templated":true}]}}