{"id":1295,"date":"2023-08-17T17:32:47","date_gmt":"2023-08-17T14:32:47","guid":{"rendered":"https:\/\/mosaic.ee\/?page_id=1295"},"modified":"2024-06-03T12:48:01","modified_gmt":"2024-06-03T09:48:01","slug":"grammatiliselt","status":"publish","type":"page","link":"https:\/\/mosaic.ee\/et\/grammarly\/","title":{"rendered":"Grammarly"},"content":{"rendered":"<div data-elementor-type=\"wp-page\" data-elementor-id=\"1295\" class=\"elementor elementor-1295\" data-elementor-post-type=\"page\">\n\t\t\t\t\t\t<section class=\"elementor-section elementor-top-section elementor-element elementor-element-5148f5f1 elementor-section-boxed elementor-section-height-default elementor-section-height-default\" data-id=\"5148f5f1\" data-element_type=\"section\" data-e-type=\"section\">\n\t\t\t\t\t\t<div class=\"elementor-container elementor-column-gap-default\">\n\t\t\t\t\t<div class=\"elementor-column elementor-col-100 elementor-top-column elementor-element elementor-element-741033e\" data-id=\"741033e\" data-element_type=\"column\" data-e-type=\"column\">\n\t\t\t<div class=\"elementor-widget-wrap elementor-element-populated\">\n\t\t\t\t\t\t<div class=\"elementor-element elementor-element-4f8e6871 elementor-widget elementor-widget-heading\" data-id=\"4f8e6871\" data-element_type=\"widget\" data-e-type=\"widget\" data-widget_type=\"heading.default\">\n\t\t\t\t\t<h2 class=\"elementor-heading-title elementor-size-xl\">Parandage oma kirjutamist Grammarlyga<\/h2>\t\t\t\t<\/div>\n\t\t\t\t\t<\/div>\n\t\t<\/div>\n\t\t\t\t\t<\/div>\n\t\t<\/section>\n\t\t<div class=\"elementor-element elementor-element-ae4047b e-flex e-con-boxed e-con e-parent\" data-id=\"ae4047b\" data-element_type=\"container\" data-e-type=\"container\">\n\t\t\t\t\t<div class=\"e-con-inner\">\n\t\t\t\t<div class=\"elementor-element elementor-element-4a6d1ba9 elementor-widget elementor-widget-image\" data-id=\"4a6d1ba9\" data-element_type=\"widget\" data-e-type=\"widget\" data-widget_type=\"image.default\">\n\t\t\t\t\t\t\t\t\t\t\t\t\t\t\t<img fetchpriority=\"high\" decoding=\"async\" width=\"768\" height=\"768\" src=\"https:\/\/mosaic.ee\/wp-content\/uploads\/2023\/08\/vectorstock_45726878-768x768.png\" class=\"attachment-medium_large size-medium_large wp-image-1298\" alt=\"\" srcset=\"https:\/\/mosaic.ee\/wp-content\/uploads\/2023\/08\/vectorstock_45726878-768x768.png 768w, https:\/\/mosaic.ee\/wp-content\/uploads\/2023\/08\/vectorstock_45726878-300x300.png 300w, https:\/\/mosaic.ee\/wp-content\/uploads\/2023\/08\/vectorstock_45726878-1024x1024.png 1024w, https:\/\/mosaic.ee\/wp-content\/uploads\/2023\/08\/vectorstock_45726878-150x150.png 150w, https:\/\/mosaic.ee\/wp-content\/uploads\/2023\/08\/vectorstock_45726878-1536x1536.png 1536w, https:\/\/mosaic.ee\/wp-content\/uploads\/2023\/08\/vectorstock_45726878-2048x2048.png 2048w, https:\/\/mosaic.ee\/wp-content\/uploads\/2023\/08\/vectorstock_45726878-12x12.png 12w\" sizes=\"(max-width: 768px) 100vw, 768px\" \/>\t\t\t\t\t\t\t\t\t\t\t\t\t\t\t<\/div>\n\t\t\t\t\t<\/div>\n\t\t\t\t<\/div>\n\t\t<div class=\"elementor-element elementor-element-eefce7b e-flex e-con-boxed e-con e-parent\" data-id=\"eefce7b\" data-element_type=\"container\" data-e-type=\"container\">\n\t\t\t\t\t<div class=\"e-con-inner\">\n\t\t\t\t<div class=\"elementor-element elementor-element-d726689 elementor-widget elementor-widget-heading\" data-id=\"d726689\" data-element_type=\"widget\" data-e-type=\"widget\" data-widget_type=\"heading.default\">\n\t\t\t\t\t<h2 class=\"elementor-heading-title elementor-size-large\">Miks Grammarly tarkvara?<\/h2>\t\t\t\t<\/div>\n\t\t\t\t\t<\/div>\n\t\t\t\t<\/div>\n\t\t<div class=\"elementor-element elementor-element-65c31cff e-flex e-con-boxed e-con e-parent\" data-id=\"65c31cff\" data-element_type=\"container\" data-e-type=\"container\">\n\t\t\t\t\t<div class=\"e-con-inner\">\n\t\t\t\t<div class=\"elementor-element elementor-element-3f6064a elementor-widget elementor-widget-text-editor\" data-id=\"3f6064a\" data-element_type=\"widget\" data-e-type=\"widget\" data-widget_type=\"text-editor.default\">\n\t\t\t\t\t\t\t\t\t<p style=\"font-weight: 400;\">Kas otsite abivahendit, et parandada oma kirjutamisoskust ja parandada oma tekstide kvaliteeti? Kui jah, <span style=\"color: #3366ff;\"><a style=\"color: #3366ff;\" href=\"https:\/\/www.grammarly.com\" target=\"_blank\" rel=\"noopener\">Grammarly<\/a><\/span> v\u00f5ib olla just see, mida te vajate. Grammarly on kirjutamisassistent, mis aitab teil kontrollida grammatika-, \u00f5igekirja- ja kirjavahem\u00e4rgivigu ning parandada oma kirjutiste selgust ja loetavust. Selles artiklis uurime Grammarly funktsioone ja eeliseid.<\/p><p style=\"font-weight: 400;\">Grammarly funktsioonid Grammarly pakub mitmeid funktsioone, mis aitavad teil oma kirjutamist parandada, sealhulgas:<\/p><ol style=\"font-weight: 400;\"><li>Grammatikakontrollija: Grammarly kontrollib teie teksti \u00fcle 250 grammatilise vea t\u00fc\u00fcbi, sealhulgas subjekti ja verbi vahelise kokkuleppe, artikli kasutamise ja modifikaatorite paigutuse suhtes.<\/li><li>\u00d5igekirja ja kirjavahem\u00e4rkide kontrollija: Grammatika kontrollib teie teksti \u00f5igekirja- ja kirjavahem\u00e4rgivigade, sealhulgas valesti paigutatud komade, apostroofide ja suurt\u00e4htede osas.<\/li><li>Selgus: Grammarly aitab teil muuta oma kirjutist selgemaks ja \u00fclevaatlikumaks, pakkudes alternatiivseid s\u00f5nastusi ja tuvastades pikad, keerulised laused.<\/li><li>Loetavus: Grammarly kontrollib teie teksti loetavust, aidates teil tagada, et teie tekst oleks sihtr\u00fchmale kergesti arusaadav.<\/li><li>Plagiaadi kontrollija: Grammarly kontrollib teie teksti ka plagiaadi suhtes, tagades, et teie tekst on originaalne ja mitte teistest allikatest kopeeritud.<\/li><\/ol><p style=\"font-weight: 400;\">Grammarly eelised Grammarly kasutamine v\u00f5ib tuua teie kirjutamisprotsessile mitmeid eeliseid, sealhulgas:<\/p><ol style=\"font-weight: 400;\"><li>Paremad kirjutamisoskused: Grammarly aitab teil tuvastada ja parandada oma kirjavigu, mis v\u00f5ib aja jooksul parandada teie kirjutamisoskust.<\/li><li>Aja kokkuhoid: Grammarly v\u00f5ib s\u00e4\u00e4sta teie aega, sest avastab vead ja pakub parandusi juba kirjutamise ajal.<\/li><li>Suurem professionaalsus: Kasutades Grammarlyt, saate tagada, et teie kirjutised on lihvitud ja professionaalsed, mis parandab teie mainet t\u00f6\u00f6kohal v\u00f5i akadeemilises keskkonnas.<\/li><li>T\u00f5hustatud kommunikatsioon: Grammarly aitab teil t\u00f5husamalt suhelda, muutes teie kirjutised selgemaks, \u00fclevaatlikumaks ja arusaadavamaks.<\/li><\/ol>\t\t\t\t\t\t\t\t<\/div>\n\t\t\t\t\t<\/div>\n\t\t\t\t<\/div>\n\t\t\t\t<section class=\"elementor-section elementor-top-section elementor-element elementor-element-5b2b5331 elementor-section-boxed elementor-section-height-default elementor-section-height-default\" data-id=\"5b2b5331\" data-element_type=\"section\" data-e-type=\"section\">\n\t\t\t\t\t\t<div class=\"elementor-container elementor-column-gap-default\">\n\t\t\t\t\t<div class=\"elementor-column elementor-col-50 elementor-top-column elementor-element elementor-element-4976e25f\" data-id=\"4976e25f\" data-element_type=\"column\" data-e-type=\"column\">\n\t\t\t<div class=\"elementor-widget-wrap\">\n\t\t\t\t\t\t\t<\/div>\n\t\t<\/div>\n\t\t\t\t<div class=\"elementor-column elementor-col-50 elementor-top-column elementor-element elementor-element-10fbc315\" data-id=\"10fbc315\" data-element_type=\"column\" data-e-type=\"column\">\n\t\t\t<div class=\"elementor-widget-wrap elementor-element-populated\">\n\t\t\t\t\t\t<div class=\"elementor-element elementor-element-7fb4bbe2 elementor-widget elementor-widget-image\" data-id=\"7fb4bbe2\" data-element_type=\"widget\" data-e-type=\"widget\" data-widget_type=\"image.default\">\n\t\t\t\t\t\t\t\t\t\t\t\t\t\t\t\t<a href=\"https:\/\/www.grammarly.com\" target=\"_blank\" rel=\"noopener\">\n\t\t\t\t\t\t\t<img decoding=\"async\" width=\"300\" height=\"200\" src=\"https:\/\/mosaic.ee\/wp-content\/uploads\/2023\/07\/Grammarly-logo-300x200.png\" class=\"attachment-medium size-medium wp-image-417\" alt=\"\" srcset=\"https:\/\/mosaic.ee\/wp-content\/uploads\/2023\/07\/Grammarly-logo-300x200.png 300w, https:\/\/mosaic.ee\/wp-content\/uploads\/2023\/07\/Grammarly-logo.png 600w\" sizes=\"(max-width: 300px) 100vw, 300px\" \/>\t\t\t\t\t\t\t\t<\/a>\n\t\t\t\t\t\t\t\t\t\t\t\t\t\t\t<\/div>\n\t\t\t\t\t<\/div>\n\t\t<\/div>\n\t\t\t\t\t<\/div>\n\t\t<\/section>\n\t\t<div class=\"elementor-element elementor-element-7446978b e-flex e-con-boxed e-con e-parent\" data-id=\"7446978b\" data-element_type=\"container\" data-e-type=\"container\">\n\t\t\t\t\t<div class=\"e-con-inner\">\n\t\t\t\t<div class=\"elementor-element elementor-element-709c9919 elementor-widget elementor-widget-heading\" data-id=\"709c9919\" data-element_type=\"widget\" data-e-type=\"widget\" data-widget_type=\"heading.default\">\n\t\t\t\t\t<h2 class=\"elementor-heading-title elementor-size-large\">Miks osta Grammarly't Mosaicilt?<\/h2>\t\t\t\t<\/div>\n\t\t\t\t\t<\/div>\n\t\t\t\t<\/div>\n\t\t<div class=\"elementor-element elementor-element-543f7bb4 e-flex e-con-boxed e-con e-parent\" data-id=\"543f7bb4\" data-element_type=\"container\" data-e-type=\"container\">\n\t\t\t\t\t<div class=\"e-con-inner\">\n\t\t\t\t<div class=\"elementor-element elementor-element-1eed5a6f elementor-widget elementor-widget-text-editor\" data-id=\"1eed5a6f\" data-element_type=\"widget\" data-e-type=\"widget\" data-widget_type=\"text-editor.default\">\n\t\t\t\t\t\t\t\t\t<div><p><span lang=\"EN-GB\">Mosaic on Grammarly usaldusv\u00e4\u00e4rne edasim\u00fc\u00fcgipartner, pakkudes erinevaid pakette ja hinnakujundusv\u00f5imalusi, mis sobivad teie vajadustele. Ostes Grammarly Mosaicilt, saate personaalset tuge ja abi ning juurdep\u00e4\u00e4su eksklusiivsetele pakkumistele ja kampaaniatele. Mosaic pakub ka mitmesuguseid muid tarkvaratooteid, et suurendada teie tootlikkust ja parandada t\u00f6\u00f6vooge.<\/span><\/p><\/div>\t\t\t\t\t\t\t\t<\/div>\n\t\t\t\t\t<\/div>\n\t\t\t\t<\/div>\n\t\t\t\t<section class=\"elementor-section elementor-top-section elementor-element elementor-element-41bc0f6e elementor-section-boxed elementor-section-height-default elementor-section-height-default\" data-id=\"41bc0f6e\" data-element_type=\"section\" data-e-type=\"section\">\n\t\t\t\t\t\t<div class=\"elementor-container elementor-column-gap-default\">\n\t\t\t\t\t<div class=\"elementor-column elementor-col-50 elementor-top-column elementor-element elementor-element-1c5c6365\" data-id=\"1c5c6365\" data-element_type=\"column\" data-e-type=\"column\">\n\t\t\t<div class=\"elementor-widget-wrap\">\n\t\t\t\t\t\t\t<\/div>\n\t\t<\/div>\n\t\t\t\t<div class=\"elementor-column elementor-col-50 elementor-top-column elementor-element elementor-element-28d9be6a\" data-id=\"28d9be6a\" data-element_type=\"column\" data-e-type=\"column\">\n\t\t\t<div class=\"elementor-widget-wrap elementor-element-populated\">\n\t\t\t\t\t\t<div class=\"elementor-element elementor-element-ee72957 elementor-widget elementor-widget-image\" data-id=\"ee72957\" data-element_type=\"widget\" data-e-type=\"widget\" data-widget_type=\"image.default\">\n\t\t\t\t\t\t\t\t\t\t\t\t\t\t\t\t<a href=\"https:\/\/www.grammarly.com\" target=\"_blank\" rel=\"noopener\">\n\t\t\t\t\t\t\t<img decoding=\"async\" width=\"600\" height=\"400\" src=\"https:\/\/mosaic.ee\/wp-content\/uploads\/2023\/07\/Grammarly-logo.png\" class=\"attachment-large size-large wp-image-417\" alt=\"\" srcset=\"https:\/\/mosaic.ee\/wp-content\/uploads\/2023\/07\/Grammarly-logo.png 600w, https:\/\/mosaic.ee\/wp-content\/uploads\/2023\/07\/Grammarly-logo-300x200.png 300w\" sizes=\"(max-width: 600px) 100vw, 600px\" \/>\t\t\t\t\t\t\t\t<\/a>\n\t\t\t\t\t\t\t\t\t\t\t\t\t\t\t<\/div>\n\t\t\t\t\t<\/div>\n\t\t<\/div>\n\t\t\t\t\t<\/div>\n\t\t<\/section>\n\t\t\t\t<\/div>","protected":false},"excerpt":{"rendered":"<p>Improve Your Writing with Grammarly Why Grammarly Software? Are you looking for a tool to improve your writing skills and enhance the quality of your texts? If so, Grammarly might be just what you need. Grammarly is a writing assistant that helps you check for grammar, spelling, and punctuation errors, as well as enhance the [&hellip;]<\/p>\n","protected":false},"author":1,"featured_media":0,"parent":0,"menu_order":0,"comment_status":"closed","ping_status":"closed","template":"","meta":{"content-type":"","footnotes":""},"class_list":["post-1295","page","type-page","status-publish","hentry"],"_links":{"self":[{"href":"https:\/\/mosaic.ee\/et\/wp-json\/wp\/v2\/pages\/1295","targetHints":{"allow":["GET"]}}],"collection":[{"href":"https:\/\/mosaic.ee\/et\/wp-json\/wp\/v2\/pages"}],"about":[{"href":"https:\/\/mosaic.ee\/et\/wp-json\/wp\/v2\/types\/page"}],"author":[{"embeddable":true,"href":"https:\/\/mosaic.ee\/et\/wp-json\/wp\/v2\/users\/1"}],"replies":[{"embeddable":true,"href":"https:\/\/mosaic.ee\/et\/wp-json\/wp\/v2\/comments?post=1295"}],"version-history":[{"count":7,"href":"https:\/\/mosaic.ee\/et\/wp-json\/wp\/v2\/pages\/1295\/revisions"}],"predecessor-version":[{"id":1585,"href":"https:\/\/mosaic.ee\/et\/wp-json\/wp\/v2\/pages\/1295\/revisions\/1585"}],"wp:attachment":[{"href":"https:\/\/mosaic.ee\/et\/wp-json\/wp\/v2\/media?parent=1295"}],"curies":[{"name":"wp","href":"https:\/\/api.w.org\/{rel}","templated":true}]}}