{"id":1281,"date":"2023-08-17T17:22:59","date_gmt":"2023-08-17T14:22:59","guid":{"rendered":"https:\/\/mosaic.ee\/?page_id=1281"},"modified":"2024-06-03T14:43:51","modified_gmt":"2024-06-03T11:43:51","slug":"sool","status":"publish","type":"page","link":"https:\/\/mosaic.ee\/et\/salt\/","title":{"rendered":"Sool"},"content":{"rendered":"<div data-elementor-type=\"wp-page\" data-elementor-id=\"1281\" class=\"elementor elementor-1281\" data-elementor-post-type=\"page\">\n\t\t\t\t\t\t<section class=\"elementor-section elementor-top-section elementor-element elementor-element-667a8762 elementor-section-boxed elementor-section-height-default elementor-section-height-default\" data-id=\"667a8762\" data-element_type=\"section\" data-e-type=\"section\">\n\t\t\t\t\t\t<div class=\"elementor-container elementor-column-gap-default\">\n\t\t\t\t\t<div class=\"elementor-column elementor-col-100 elementor-top-column elementor-element elementor-element-313559a3\" data-id=\"313559a3\" data-element_type=\"column\" data-e-type=\"column\">\n\t\t\t<div class=\"elementor-widget-wrap elementor-element-populated\">\n\t\t\t\t\t\t<div class=\"elementor-element elementor-element-1911781d elementor-widget elementor-widget-heading\" data-id=\"1911781d\" data-element_type=\"widget\" data-e-type=\"widget\" data-widget_type=\"heading.default\">\n\t\t\t\t\t<h2 class=\"elementor-heading-title elementor-size-xl\">API kaitse platvorm Salt Security'lt<\/h2>\t\t\t\t<\/div>\n\t\t\t\t\t<\/div>\n\t\t<\/div>\n\t\t\t\t\t<\/div>\n\t\t<\/section>\n\t\t<div class=\"elementor-element elementor-element-9b429d1 e-flex e-con-boxed e-con e-parent\" data-id=\"9b429d1\" data-element_type=\"container\" data-e-type=\"container\">\n\t\t\t\t\t<div class=\"e-con-inner\">\n\t\t\t\t<div class=\"elementor-element elementor-element-1a1cba0a elementor-widget elementor-widget-image\" data-id=\"1a1cba0a\" data-element_type=\"widget\" data-e-type=\"widget\" data-widget_type=\"image.default\">\n\t\t\t\t\t\t\t\t\t\t\t\t\t\t\t<img fetchpriority=\"high\" decoding=\"async\" width=\"768\" height=\"397\" src=\"https:\/\/mosaic.ee\/wp-content\/uploads\/2023\/08\/vectorstock_45904237_transparent-768x397.png\" class=\"attachment-medium_large size-medium_large wp-image-1285\" alt=\"\" srcset=\"https:\/\/mosaic.ee\/wp-content\/uploads\/2023\/08\/vectorstock_45904237_transparent-768x397.png 768w, https:\/\/mosaic.ee\/wp-content\/uploads\/2023\/08\/vectorstock_45904237_transparent-300x155.png 300w, https:\/\/mosaic.ee\/wp-content\/uploads\/2023\/08\/vectorstock_45904237_transparent-1024x529.png 1024w, https:\/\/mosaic.ee\/wp-content\/uploads\/2023\/08\/vectorstock_45904237_transparent-1536x793.png 1536w, https:\/\/mosaic.ee\/wp-content\/uploads\/2023\/08\/vectorstock_45904237_transparent-2048x1058.png 2048w, https:\/\/mosaic.ee\/wp-content\/uploads\/2023\/08\/vectorstock_45904237_transparent-18x9.png 18w\" sizes=\"(max-width: 768px) 100vw, 768px\" \/>\t\t\t\t\t\t\t\t\t\t\t\t\t\t\t<\/div>\n\t\t\t\t\t<\/div>\n\t\t\t\t<\/div>\n\t\t<div class=\"elementor-element elementor-element-1b875b5b e-flex e-con-boxed e-con e-parent\" data-id=\"1b875b5b\" data-element_type=\"container\" data-e-type=\"container\">\n\t\t\t\t\t<div class=\"e-con-inner\">\n\t\t\t\t<div class=\"elementor-element elementor-element-157b872d elementor-widget elementor-widget-heading\" data-id=\"157b872d\" data-element_type=\"widget\" data-e-type=\"widget\" data-widget_type=\"heading.default\">\n\t\t\t\t\t<h2 class=\"elementor-heading-title elementor-size-large\">Miks Salt Security tarkvara?<\/h2>\t\t\t\t<\/div>\n\t\t\t\t\t<\/div>\n\t\t\t\t<\/div>\n\t\t<div class=\"elementor-element elementor-element-73d98e07 e-flex e-con-boxed e-con e-parent\" data-id=\"73d98e07\" data-element_type=\"container\" data-e-type=\"container\">\n\t\t\t\t\t<div class=\"e-con-inner\">\n\t\t\t\t<div class=\"elementor-element elementor-element-580e267b elementor-widget elementor-widget-text-editor\" data-id=\"580e267b\" data-element_type=\"widget\" data-e-type=\"widget\" data-widget_type=\"text-editor.default\">\n\t\t\t\t\t\t\t\t\t<p style=\"font-weight: 400;\"><span style=\"color: #3366ff;\"><a style=\"color: #3366ff;\" href=\"https:\/\/salt.security\" target=\"_blank\" rel=\"noopener\">Soola turvalisus<\/a><\/span> on k\u00fcberturvalisuse ettev\u00f5te, mis pakub API-kaitseplatvormi, mis aitab organisatsioonidel kaitsta oma APIsid turvariskide eest. Ettev\u00f5tte lahendus aitab tuvastada haavatavusi, j\u00e4lgida API tegevust ja ennetada API r\u00fcnnakuid, pakkudes samal ajal n\u00e4htavust API turvariskidele.<\/p><p style=\"font-weight: 400;\"><strong>Miks valida Salt Security?<\/strong><\/p><p style=\"font-weight: 400;\">Salt Security API-kaitseplatvorm on loodud tervikliku API-turvalisuse tagamiseks ja kaitsmiseks uusimate ohtude eest. Siin on m\u00f5ned peamised p\u00f5hjused, miks organisatsioonid v\u00f5ivad valida Salt Security:<\/p><ol style=\"font-weight: 400;\"><li>P\u00f5hjalik API turvalisus: Salt Security platvorm pakub terviklikku API-turvet, tuvastades ja k\u00f5rvaldades haavatavusi, j\u00e4lgides API-tegevust ja ennetades API-r\u00fcnnakuid.<\/li><li>Reaalajas n\u00e4htavus: Platvorm pakub reaalajas n\u00e4htavust API turvariskide kohta, mis v\u00f5imaldab organisatsioonidel kiiresti tuvastada ja k\u00e4sitleda v\u00f5imalikke ohte.<\/li><li>Lihtne kasutusele v\u00f5tta: Salt Security platvormi on lihtne kasutusele v\u00f5tta ja integreerida olemasolevasse turvainfrastruktuuri, minimeerides \u00e4ritegevuse h\u00e4ireid.<\/li><li>Skaleeritav: Platvorm on kavandatud skaleeritavaks, mist\u00f5ttu see sobib igas suuruses ja igas t\u00f6\u00f6stusharus tegutsevatele organisatsioonidele.<\/li><li>Ekspertide tugi: Salt Security pakub ekspertide tuge ja juhiseid, et aidata organisatsioonidel saada API kaitseplatvormist k\u00f5ige rohkem kasu.<\/li><\/ol>\t\t\t\t\t\t\t\t<\/div>\n\t\t\t\t\t<\/div>\n\t\t\t\t<\/div>\n\t\t\t\t<section class=\"elementor-section elementor-top-section elementor-element elementor-element-e883f31 elementor-section-boxed elementor-section-height-default elementor-section-height-default\" data-id=\"e883f31\" data-element_type=\"section\" data-e-type=\"section\">\n\t\t\t\t\t\t<div class=\"elementor-container elementor-column-gap-default\">\n\t\t\t\t\t<div class=\"elementor-column elementor-col-50 elementor-top-column elementor-element elementor-element-161af3f0\" data-id=\"161af3f0\" data-element_type=\"column\" data-e-type=\"column\">\n\t\t\t<div class=\"elementor-widget-wrap\">\n\t\t\t\t\t\t\t<\/div>\n\t\t<\/div>\n\t\t\t\t<div class=\"elementor-column elementor-col-50 elementor-top-column elementor-element elementor-element-6677a0fc\" data-id=\"6677a0fc\" data-element_type=\"column\" data-e-type=\"column\">\n\t\t\t<div class=\"elementor-widget-wrap elementor-element-populated\">\n\t\t\t\t\t\t<div class=\"elementor-element elementor-element-cf1c7a8 elementor-widget elementor-widget-image\" data-id=\"cf1c7a8\" data-element_type=\"widget\" data-e-type=\"widget\" data-widget_type=\"image.default\">\n\t\t\t\t\t\t\t\t\t\t\t\t\t\t\t\t<a href=\"https:\/\/salt.security\" target=\"_blank\" rel=\"noopener\">\n\t\t\t\t\t\t\t<img decoding=\"async\" src=\"https:\/\/mosaic.ee\/wp-content\/uploads\/2023\/08\/Salt.webp\" title=\"\" alt=\"\" loading=\"lazy\" \/>\t\t\t\t\t\t\t\t<\/a>\n\t\t\t\t\t\t\t\t\t\t\t\t\t\t\t<\/div>\n\t\t\t\t\t<\/div>\n\t\t<\/div>\n\t\t\t\t\t<\/div>\n\t\t<\/section>\n\t\t<div class=\"elementor-element elementor-element-2996b03c e-flex e-con-boxed e-con e-parent\" data-id=\"2996b03c\" data-element_type=\"container\" data-e-type=\"container\">\n\t\t\t\t\t<div class=\"e-con-inner\">\n\t\t\t\t<div class=\"elementor-element elementor-element-1ce42684 elementor-widget elementor-widget-heading\" data-id=\"1ce42684\" data-element_type=\"widget\" data-e-type=\"widget\" data-widget_type=\"heading.default\">\n\t\t\t\t\t<h2 class=\"elementor-heading-title elementor-size-large\">Miks osta Salt Security Mosaicilt?<\/h2>\t\t\t\t<\/div>\n\t\t\t\t\t<\/div>\n\t\t\t\t<\/div>\n\t\t<div class=\"elementor-element elementor-element-2bb502fd e-flex e-con-boxed e-con e-parent\" data-id=\"2bb502fd\" data-element_type=\"container\" data-e-type=\"container\">\n\t\t\t\t\t<div class=\"e-con-inner\">\n\t\t\t\t<div class=\"elementor-element elementor-element-76711248 elementor-widget elementor-widget-text-editor\" data-id=\"76711248\" data-element_type=\"widget\" data-e-type=\"widget\" data-widget_type=\"text-editor.default\">\n\t\t\t\t\t\t\t\t\t<div><p><span lang=\"EN-GB\">Adobe ametliku edasim\u00fc\u00fcja ja Adobe'i haridussektori edasim\u00fc\u00fcjana on Mosaic teie usaldusv\u00e4\u00e4rne partner k\u00f5igi Adobe'i tarkvaravajaduste rahuldamiseks. Meie ekspertide meeskond saab pakkuda teile kohandatud tarkvaralahendusi, mis vastavad teie konkreetsetele n\u00f5uetele. Tagame kiire hinnapakkumiste koostamise ja tarkvara tarnimise, et saate vajalikud lahendused kiiresti kasutusele v\u00f5tta.<\/span><\/p><\/div><div><p><span lang=\"EN-GB\">Mosaic m\u00f5istab hea hinnakujunduse t\u00e4htsust ja pakub oma klientidele parimaid v\u00f5imalikke pakkumisi. Kuna meil on aastatepikkune kogemus tarkvaralitsentside vallas, on meil teadmised, mis aitavad teil valida teie ettev\u00f5tte jaoks \u00f5igeid Adobe'i tarkvaralahendusi. V\u00f5tke meiega juba t\u00e4na \u00fchendust, et saada rohkem teavet meie Adobe'i tarkvaralahenduste kohta ja selle kohta, kuidas me saame aidata teie ettev\u00f5ttel oma loovuse vallandada.<\/span><\/p><\/div>\t\t\t\t\t\t\t\t<\/div>\n\t\t\t\t\t<\/div>\n\t\t\t\t<\/div>\n\t\t\t\t<section class=\"elementor-section elementor-top-section elementor-element elementor-element-3fe3cbd8 elementor-section-boxed elementor-section-height-default elementor-section-height-default\" data-id=\"3fe3cbd8\" data-element_type=\"section\" data-e-type=\"section\">\n\t\t\t\t\t\t<div class=\"elementor-container elementor-column-gap-default\">\n\t\t\t\t\t<div class=\"elementor-column elementor-col-50 elementor-top-column elementor-element elementor-element-54be367\" data-id=\"54be367\" data-element_type=\"column\" data-e-type=\"column\">\n\t\t\t<div class=\"elementor-widget-wrap\">\n\t\t\t\t\t\t\t<\/div>\n\t\t<\/div>\n\t\t\t\t<div class=\"elementor-column elementor-col-50 elementor-top-column elementor-element elementor-element-3a863933\" data-id=\"3a863933\" data-element_type=\"column\" data-e-type=\"column\">\n\t\t\t<div class=\"elementor-widget-wrap elementor-element-populated\">\n\t\t\t\t\t\t<div class=\"elementor-element elementor-element-782a15ac elementor-widget elementor-widget-image\" data-id=\"782a15ac\" data-element_type=\"widget\" data-e-type=\"widget\" data-widget_type=\"image.default\">\n\t\t\t\t\t\t\t\t\t\t\t\t\t\t\t\t<a href=\"https:\/\/salt.security\" target=\"_blank\" rel=\"noopener\">\n\t\t\t\t\t\t\t<img decoding=\"async\" src=\"https:\/\/mosaic.ee\/wp-content\/uploads\/2023\/08\/Salt.webp\" title=\"\" alt=\"\" loading=\"lazy\" \/>\t\t\t\t\t\t\t\t<\/a>\n\t\t\t\t\t\t\t\t\t\t\t\t\t\t\t<\/div>\n\t\t\t\t\t<\/div>\n\t\t<\/div>\n\t\t\t\t\t<\/div>\n\t\t<\/section>\n\t\t\t\t<\/div>","protected":false},"excerpt":{"rendered":"<p>API protection platform from Salt Security Why Salt Security Software? Salt Security is a cybersecurity company that offers an API protection platform to help organizations protect their APIs from security risks. The company&#8217;s solution helps to identify vulnerabilities, monitor API activity, and prevent API attacks, all while providing visibility into API security risks. Why Choose [&hellip;]<\/p>\n","protected":false},"author":1,"featured_media":0,"parent":0,"menu_order":0,"comment_status":"closed","ping_status":"closed","template":"","meta":{"content-type":"","footnotes":""},"class_list":["post-1281","page","type-page","status-publish","hentry"],"_links":{"self":[{"href":"https:\/\/mosaic.ee\/et\/wp-json\/wp\/v2\/pages\/1281","targetHints":{"allow":["GET"]}}],"collection":[{"href":"https:\/\/mosaic.ee\/et\/wp-json\/wp\/v2\/pages"}],"about":[{"href":"https:\/\/mosaic.ee\/et\/wp-json\/wp\/v2\/types\/page"}],"author":[{"embeddable":true,"href":"https:\/\/mosaic.ee\/et\/wp-json\/wp\/v2\/users\/1"}],"replies":[{"embeddable":true,"href":"https:\/\/mosaic.ee\/et\/wp-json\/wp\/v2\/comments?post=1281"}],"version-history":[{"count":7,"href":"https:\/\/mosaic.ee\/et\/wp-json\/wp\/v2\/pages\/1281\/revisions"}],"predecessor-version":[{"id":1639,"href":"https:\/\/mosaic.ee\/et\/wp-json\/wp\/v2\/pages\/1281\/revisions\/1639"}],"wp:attachment":[{"href":"https:\/\/mosaic.ee\/et\/wp-json\/wp\/v2\/media?parent=1281"}],"curies":[{"name":"wp","href":"https:\/\/api.w.org\/{rel}","templated":true}]}}