{"id":1267,"date":"2023-08-17T17:09:24","date_gmt":"2023-08-17T14:09:24","guid":{"rendered":"https:\/\/mosaic.ee\/?page_id=1267"},"modified":"2024-05-30T12:47:02","modified_gmt":"2024-05-30T09:47:02","slug":"bitdefender","status":"publish","type":"page","link":"https:\/\/mosaic.ee\/et\/bitdefender\/","title":{"rendered":"Bitdefender"},"content":{"rendered":"<div data-elementor-type=\"wp-page\" data-elementor-id=\"1267\" class=\"elementor elementor-1267\" data-elementor-post-type=\"page\">\n\t\t\t\t\t\t<section class=\"elementor-section elementor-top-section elementor-element elementor-element-1686832d elementor-section-boxed elementor-section-height-default elementor-section-height-default\" data-id=\"1686832d\" data-element_type=\"section\" data-e-type=\"section\">\n\t\t\t\t\t\t<div class=\"elementor-container elementor-column-gap-default\">\n\t\t\t\t\t<div class=\"elementor-column elementor-col-100 elementor-top-column elementor-element elementor-element-74b2cc12\" data-id=\"74b2cc12\" data-element_type=\"column\" data-e-type=\"column\">\n\t\t\t<div class=\"elementor-widget-wrap elementor-element-populated\">\n\t\t\t\t\t\t<div class=\"elementor-element elementor-element-21695855 elementor-widget elementor-widget-heading\" data-id=\"21695855\" data-element_type=\"widget\" data-e-type=\"widget\" data-widget_type=\"heading.default\">\n\t\t\t\t\t<h2 class=\"elementor-heading-title elementor-size-xl\">Valige Bitdefender oma k\u00fcberturvalisuse vajaduste jaoks<\/h2>\t\t\t\t<\/div>\n\t\t\t\t\t<\/div>\n\t\t<\/div>\n\t\t\t\t\t<\/div>\n\t\t<\/section>\n\t\t<div class=\"elementor-element elementor-element-59194371 e-flex e-con-boxed e-con e-parent\" data-id=\"59194371\" data-element_type=\"container\" data-e-type=\"container\">\n\t\t\t\t\t<div class=\"e-con-inner\">\n\t\t\t\t<div class=\"elementor-element elementor-element-2d4e9043 elementor-widget elementor-widget-image\" data-id=\"2d4e9043\" data-element_type=\"widget\" data-e-type=\"widget\" data-widget_type=\"image.default\">\n\t\t\t\t\t\t\t\t\t\t\t\t\t\t\t<img fetchpriority=\"high\" decoding=\"async\" width=\"768\" height=\"312\" src=\"https:\/\/mosaic.ee\/wp-content\/uploads\/2023\/08\/vectorstock_45904071_transparent-768x312.png\" class=\"attachment-medium_large size-medium_large wp-image-1271\" alt=\"\" srcset=\"https:\/\/mosaic.ee\/wp-content\/uploads\/2023\/08\/vectorstock_45904071_transparent-768x312.png 768w, https:\/\/mosaic.ee\/wp-content\/uploads\/2023\/08\/vectorstock_45904071_transparent-300x122.png 300w, https:\/\/mosaic.ee\/wp-content\/uploads\/2023\/08\/vectorstock_45904071_transparent-1024x416.png 1024w, https:\/\/mosaic.ee\/wp-content\/uploads\/2023\/08\/vectorstock_45904071_transparent-1536x623.png 1536w, https:\/\/mosaic.ee\/wp-content\/uploads\/2023\/08\/vectorstock_45904071_transparent-2048x831.png 2048w, https:\/\/mosaic.ee\/wp-content\/uploads\/2023\/08\/vectorstock_45904071_transparent-18x7.png 18w\" sizes=\"(max-width: 768px) 100vw, 768px\" \/>\t\t\t\t\t\t\t\t\t\t\t\t\t\t\t<\/div>\n\t\t\t\t\t<\/div>\n\t\t\t\t<\/div>\n\t\t<div class=\"elementor-element elementor-element-6ae8922e e-flex e-con-boxed e-con e-parent\" data-id=\"6ae8922e\" data-element_type=\"container\" data-e-type=\"container\">\n\t\t\t\t\t<div class=\"e-con-inner\">\n\t\t\t\t<div class=\"elementor-element elementor-element-21c9b116 elementor-widget elementor-widget-heading\" data-id=\"21c9b116\" data-element_type=\"widget\" data-e-type=\"widget\" data-widget_type=\"heading.default\">\n\t\t\t\t\t<h2 class=\"elementor-heading-title elementor-size-large\">Miks Bitdefender tarkvara?<\/h2>\t\t\t\t<\/div>\n\t\t\t\t\t<\/div>\n\t\t\t\t<\/div>\n\t\t<div class=\"elementor-element elementor-element-50aa1f5b e-flex e-con-boxed e-con e-parent\" data-id=\"50aa1f5b\" data-element_type=\"container\" data-e-type=\"container\">\n\t\t\t\t\t<div class=\"e-con-inner\">\n\t\t\t\t<div class=\"elementor-element elementor-element-2b740dcc elementor-widget elementor-widget-text-editor\" data-id=\"2b740dcc\" data-element_type=\"widget\" data-e-type=\"widget\" data-widget_type=\"text-editor.default\">\n\t\t\t\t\t\t\t\t\t<div><p><span lang=\"EN-GB\"><span style=\"color: #3366ff;\"><a style=\"color: #3366ff;\" href=\"https:\/\/www.bitdefender.com\" target=\"_blank\" rel=\"noopener\">Bitdefender<\/a><\/span> on juhtiv k\u00fcberturvalisuse ettev\u00f5te, mis pakub laia valikut tooteid ja teenuseid, et kaitsta \u00fcksikisikuid ja ettev\u00f5tteid digitaalsete ohtude eest. Bitdefenderil on \u00fcle 500 miljoni kasutaja \u00fcle maailma, ja ta on t\u00f5estanud oma kogemust innovaatiliste lahenduste pakkumisel, et hoida teie seadmeid ja andmeid turvaliselt. Selles artiklis uurime, miks Bitdefender on teie k\u00fcberturvalisuse vajaduste jaoks parim valik.<\/span><\/p><\/div><div><p><strong><span lang=\"EN-GB\">P\u00f5hjalik kaitse<\/span><\/strong><\/p><\/div><div><p><span lang=\"EN-GB\">Bitdefender pakub igak\u00fclgset kaitset mitmesuguste digitaalsete ohtude, sealhulgas viiruste, pahavara, lunavara, andmep\u00fc\u00fcgir\u00fcnnakute ja muu vastu. Nende t\u00e4iustatud ohu tuvastamise tehnoloogia kasutab masin\u00f5ppe algoritme ja k\u00e4itumisanal\u00fc\u00fcsi, et tuvastada ja blokeerida isegi k\u00f5ige keerulisemad r\u00fcnnakud. Lisaks tagab Bitdefenderi mitmekihiline l\u00e4henemine k\u00fcberturvalisusele, et k\u00f5ik teie digitaalse elu aspektid on kaitstud, alates arvutist ja mobiilseadmetest kuni veebikontode ja v\u00f5rguni.<\/span><\/p><\/div><div><p><strong><span lang=\"EN-GB\">Lihtne kasutada<\/span><\/strong><\/p><\/div><div><p><span lang=\"EN-GB\">Bitdefenderi tooted on disainitud kasutajat silmas pidades, mist\u00f5ttu on neid lihtne kasutada ja navigeerida. Kasutajas\u00f5bralik kasutajaliides v\u00f5imaldab teil h\u00f5lpsasti hallata oma turvas\u00e4tteid ja konfigureerida kaitset vastavalt oma vajadustele. Lisaks on Bitdefenderi tooted optimeeritud j\u00f5udlusele, nii et saate nautida sujuvat ja katkematut kaitset ilma seadet aeglustamata.<\/span><\/p><\/div><div><p><strong><span lang=\"EN-GB\">T\u00e4iustatud funktsioonid<\/span><\/strong><\/p><\/div><div><p><span lang=\"EN-GB\">Lisaks igak\u00fclgsele kaitsele ja kasutusmugavusele pakub Bitdefender ka t\u00e4iustatud funktsioone, mis pakuvad t\u00e4iendavaid turvakihte. Nende hulka kuuluvad sellised funktsioonid nagu virtuaalne privaatv\u00f5rk (VPN), mis kaitseb teie privaatsust internetis, paroolihaldur, mis hoiab turvaliselt teie sisselogimise andmeid, ja vanemlik kontroll, mis kaitseb teie laste tegevust internetis. Bitdefender pakub ka t\u00e4iustatud kaitset ettev\u00f5tetele, sealhulgas l\u00f5pp-punktide kaitset, pilveturvet ja t\u00e4iustatud ohuanal\u00fc\u00fcsi.<\/span><\/p><\/div>\t\t\t\t\t\t\t\t<\/div>\n\t\t\t\t\t<\/div>\n\t\t\t\t<\/div>\n\t\t\t\t<section class=\"elementor-section elementor-top-section elementor-element elementor-element-3ad5950d elementor-section-boxed elementor-section-height-default elementor-section-height-default\" data-id=\"3ad5950d\" data-element_type=\"section\" data-e-type=\"section\">\n\t\t\t\t\t\t<div class=\"elementor-container elementor-column-gap-default\">\n\t\t\t\t\t<div class=\"elementor-column elementor-col-50 elementor-top-column elementor-element elementor-element-394dd3ca\" data-id=\"394dd3ca\" data-element_type=\"column\" data-e-type=\"column\">\n\t\t\t<div class=\"elementor-widget-wrap\">\n\t\t\t\t\t\t\t<\/div>\n\t\t<\/div>\n\t\t\t\t<div class=\"elementor-column elementor-col-50 elementor-top-column elementor-element elementor-element-9821d85\" data-id=\"9821d85\" data-element_type=\"column\" data-e-type=\"column\">\n\t\t\t<div class=\"elementor-widget-wrap elementor-element-populated\">\n\t\t\t\t\t\t<div class=\"elementor-element elementor-element-318488f4 elementor-widget elementor-widget-image\" data-id=\"318488f4\" data-element_type=\"widget\" data-e-type=\"widget\" data-widget_type=\"image.default\">\n\t\t\t\t\t\t\t\t\t\t\t\t\t\t\t\t<a href=\"https:\/\/www.bitdefender.com\" target=\"_blank\" rel=\"noopener\">\n\t\t\t\t\t\t\t<img decoding=\"async\" width=\"300\" height=\"135\" src=\"https:\/\/mosaic.ee\/wp-content\/uploads\/2023\/08\/Bitdefender-Masterbrand-Logo-Positive-300x135.png\" class=\"attachment-medium size-medium wp-image-1270\" alt=\"Bitdefender logo\" srcset=\"https:\/\/mosaic.ee\/wp-content\/uploads\/2023\/08\/Bitdefender-Masterbrand-Logo-Positive-300x135.png 300w, https:\/\/mosaic.ee\/wp-content\/uploads\/2023\/08\/Bitdefender-Masterbrand-Logo-Positive-1024x461.png 1024w, https:\/\/mosaic.ee\/wp-content\/uploads\/2023\/08\/Bitdefender-Masterbrand-Logo-Positive-768x346.png 768w, https:\/\/mosaic.ee\/wp-content\/uploads\/2023\/08\/Bitdefender-Masterbrand-Logo-Positive-1536x691.png 1536w, https:\/\/mosaic.ee\/wp-content\/uploads\/2023\/08\/Bitdefender-Masterbrand-Logo-Positive-2048x922.png 2048w, https:\/\/mosaic.ee\/wp-content\/uploads\/2023\/08\/Bitdefender-Masterbrand-Logo-Positive-18x8.png 18w\" sizes=\"(max-width: 300px) 100vw, 300px\" \/>\t\t\t\t\t\t\t\t<\/a>\n\t\t\t\t\t\t\t\t\t\t\t\t\t\t\t<\/div>\n\t\t\t\t\t<\/div>\n\t\t<\/div>\n\t\t\t\t\t<\/div>\n\t\t<\/section>\n\t\t<div class=\"elementor-element elementor-element-72a1995d e-flex e-con-boxed e-con e-parent\" data-id=\"72a1995d\" data-element_type=\"container\" data-e-type=\"container\">\n\t\t\t\t\t<div class=\"e-con-inner\">\n\t\t\t\t<div class=\"elementor-element elementor-element-177939dc elementor-widget elementor-widget-heading\" data-id=\"177939dc\" data-element_type=\"widget\" data-e-type=\"widget\" data-widget_type=\"heading.default\">\n\t\t\t\t\t<h2 class=\"elementor-heading-title elementor-size-large\">Miks osta Bitdefenderit Mosaicist?<\/h2>\t\t\t\t<\/div>\n\t\t\t\t\t<\/div>\n\t\t\t\t<\/div>\n\t\t<div class=\"elementor-element elementor-element-4f2279f0 e-flex e-con-boxed e-con e-parent\" data-id=\"4f2279f0\" data-element_type=\"container\" data-e-type=\"container\">\n\t\t\t\t\t<div class=\"e-con-inner\">\n\t\t\t\t<div class=\"elementor-element elementor-element-5fce3abf elementor-widget elementor-widget-text-editor\" data-id=\"5fce3abf\" data-element_type=\"widget\" data-e-type=\"widget\" data-widget_type=\"text-editor.default\">\n\t\t\t\t\t\t\t\t\t<div><p><span lang=\"EN-GB\">Bitdefenderi toodete ostmisel on oluline valida usaldusv\u00e4\u00e4rne edasim\u00fc\u00fcjapartner, et tagada kvaliteetsete toodete ja teenuste saamine. Mosaic on Bitdefenderi sertifitseeritud edasim\u00fc\u00fcgipartner, kes pakub laia valikut Bitdefenderi tooteid eraisikutele ja ettev\u00f5tetele. Bitdefenderi partnerina saab Mosaic pakkuda asjatundlikku n\u00f5u ja tuge, et aidata teil valida teie vajadustele sobiv Bitdefenderi toode ning tagada selle \u00f5ige paigaldamine ja konfigureerimine.<\/span><\/p><\/div><div><p><span lang=\"EN-GB\">Kokkuv\u00f5tteks v\u00f5ib \u00f6elda, et Bitdefender on parim valik terviklike ja h\u00f5lpsasti kasutatavate k\u00fcberturvalisuse lahenduste jaoks. T\u00e4nu t\u00e4iustatud funktsioonidele ja t\u00f5estatud innovatiivsete lahenduste pakkumisele aitab Bitdefender kaitsta teie digitaalset elu paljude ohtude eest. Ja valides Mosaici Bitdefenderi edasim\u00fc\u00fcgipartneriks, v\u00f5ite olla kindel, et saate kvaliteetseid tooteid ja asjatundlikku tuge.<\/span><\/p><\/div>\t\t\t\t\t\t\t\t<\/div>\n\t\t\t\t\t<\/div>\n\t\t\t\t<\/div>\n\t\t\t\t<section class=\"elementor-section elementor-top-section elementor-element elementor-element-3a28d077 elementor-section-boxed elementor-section-height-default elementor-section-height-default\" data-id=\"3a28d077\" data-element_type=\"section\" data-e-type=\"section\">\n\t\t\t\t\t\t<div class=\"elementor-container elementor-column-gap-default\">\n\t\t\t\t\t<div class=\"elementor-column elementor-col-50 elementor-top-column elementor-element elementor-element-267ca9a1\" data-id=\"267ca9a1\" data-element_type=\"column\" data-e-type=\"column\">\n\t\t\t<div class=\"elementor-widget-wrap\">\n\t\t\t\t\t\t\t<\/div>\n\t\t<\/div>\n\t\t\t\t<div class=\"elementor-column elementor-col-50 elementor-top-column elementor-element elementor-element-5d823eee\" data-id=\"5d823eee\" data-element_type=\"column\" data-e-type=\"column\">\n\t\t\t<div class=\"elementor-widget-wrap elementor-element-populated\">\n\t\t\t\t\t\t<div class=\"elementor-element elementor-element-73de2e48 elementor-widget elementor-widget-image\" data-id=\"73de2e48\" data-element_type=\"widget\" data-e-type=\"widget\" data-widget_type=\"image.default\">\n\t\t\t\t\t\t\t\t\t\t\t\t\t\t\t\t<a href=\"https:\/\/www.bitdefender.com\" target=\"_blank\" rel=\"noopener\">\n\t\t\t\t\t\t\t<img decoding=\"async\" width=\"438\" height=\"154\" src=\"https:\/\/mosaic.ee\/wp-content\/uploads\/2023\/07\/Bitfinder-reseller-silver-copy.png\" class=\"attachment-large size-large wp-image-389\" alt=\"Bitdefender edasim\u00fc\u00fcja logo\" srcset=\"https:\/\/mosaic.ee\/wp-content\/uploads\/2023\/07\/Bitfinder-reseller-silver-copy.png 438w, https:\/\/mosaic.ee\/wp-content\/uploads\/2023\/07\/Bitfinder-reseller-silver-copy-300x105.png 300w\" sizes=\"(max-width: 438px) 100vw, 438px\" \/>\t\t\t\t\t\t\t\t<\/a>\n\t\t\t\t\t\t\t\t\t\t\t\t\t\t\t<\/div>\n\t\t\t\t\t<\/div>\n\t\t<\/div>\n\t\t\t\t\t<\/div>\n\t\t<\/section>\n\t\t\t\t<\/div>","protected":false},"excerpt":{"rendered":"<p>Choose Bitdefender for Your Cybersecurity Needs Why Bitdefender Software? Bitdefender is a leading cybersecurity company that provides a wide range of products and services to protect individuals and businesses from digital threats. With over 500 million users worldwide, Bitdefender has a proven track record of delivering innovative solutions to keep your devices and data safe. [&hellip;]<\/p>\n","protected":false},"author":1,"featured_media":0,"parent":0,"menu_order":0,"comment_status":"closed","ping_status":"closed","template":"","meta":{"content-type":"","footnotes":""},"class_list":["post-1267","page","type-page","status-publish","hentry"],"_links":{"self":[{"href":"https:\/\/mosaic.ee\/et\/wp-json\/wp\/v2\/pages\/1267","targetHints":{"allow":["GET"]}}],"collection":[{"href":"https:\/\/mosaic.ee\/et\/wp-json\/wp\/v2\/pages"}],"about":[{"href":"https:\/\/mosaic.ee\/et\/wp-json\/wp\/v2\/types\/page"}],"author":[{"embeddable":true,"href":"https:\/\/mosaic.ee\/et\/wp-json\/wp\/v2\/users\/1"}],"replies":[{"embeddable":true,"href":"https:\/\/mosaic.ee\/et\/wp-json\/wp\/v2\/comments?post=1267"}],"version-history":[{"count":10,"href":"https:\/\/mosaic.ee\/et\/wp-json\/wp\/v2\/pages\/1267\/revisions"}],"predecessor-version":[{"id":3576,"href":"https:\/\/mosaic.ee\/et\/wp-json\/wp\/v2\/pages\/1267\/revisions\/3576"}],"wp:attachment":[{"href":"https:\/\/mosaic.ee\/et\/wp-json\/wp\/v2\/media?parent=1267"}],"curies":[{"name":"wp","href":"https:\/\/api.w.org\/{rel}","templated":true}]}}