{"id":1241,"date":"2023-08-17T16:53:47","date_gmt":"2023-08-17T13:53:47","guid":{"rendered":"https:\/\/mosaic.ee\/?page_id=1241"},"modified":"2024-06-03T14:52:13","modified_gmt":"2024-06-03T11:52:13","slug":"stata","status":"publish","type":"page","link":"https:\/\/mosaic.ee\/et\/stata\/","title":{"rendered":"STATA"},"content":{"rendered":"<div data-elementor-type=\"wp-page\" data-elementor-id=\"1241\" class=\"elementor elementor-1241\" data-elementor-post-type=\"page\">\n\t\t\t\t\t\t<section class=\"elementor-section elementor-top-section elementor-element elementor-element-3c7c3439 elementor-section-boxed elementor-section-height-default elementor-section-height-default\" data-id=\"3c7c3439\" data-element_type=\"section\" data-e-type=\"section\">\n\t\t\t\t\t\t<div class=\"elementor-container elementor-column-gap-default\">\n\t\t\t\t\t<div class=\"elementor-column elementor-col-100 elementor-top-column elementor-element elementor-element-591d84cb\" data-id=\"591d84cb\" data-element_type=\"column\" data-e-type=\"column\">\n\t\t\t<div class=\"elementor-widget-wrap elementor-element-populated\">\n\t\t\t\t\t\t<div class=\"elementor-element elementor-element-4ed6fc17 elementor-widget elementor-widget-heading\" data-id=\"4ed6fc17\" data-element_type=\"widget\" data-e-type=\"widget\" data-widget_type=\"heading.default\">\n\t\t\t\t\t<h2 class=\"elementor-heading-title elementor-size-xl\">Stata tarkvara - Andmeanal\u00fc\u00fcsi v\u00f5imestamine<\/h2>\t\t\t\t<\/div>\n\t\t\t\t\t<\/div>\n\t\t<\/div>\n\t\t\t\t\t<\/div>\n\t\t<\/section>\n\t\t<div class=\"elementor-element elementor-element-9537a1e e-flex e-con-boxed e-con e-parent\" data-id=\"9537a1e\" data-element_type=\"container\" data-e-type=\"container\">\n\t\t\t\t\t<div class=\"e-con-inner\">\n\t\t\t\t<div class=\"elementor-element elementor-element-6396b880 elementor-widget elementor-widget-image\" data-id=\"6396b880\" data-element_type=\"widget\" data-e-type=\"widget\" data-widget_type=\"image.default\">\n\t\t\t\t\t\t\t\t\t\t\t\t\t\t\t<img fetchpriority=\"high\" decoding=\"async\" width=\"768\" height=\"479\" src=\"https:\/\/mosaic.ee\/wp-content\/uploads\/2023\/08\/vectorstock_45897803_transparent-768x479.png\" class=\"attachment-medium_large size-medium_large wp-image-1244\" alt=\"\" srcset=\"https:\/\/mosaic.ee\/wp-content\/uploads\/2023\/08\/vectorstock_45897803_transparent-768x479.png 768w, https:\/\/mosaic.ee\/wp-content\/uploads\/2023\/08\/vectorstock_45897803_transparent-300x187.png 300w, https:\/\/mosaic.ee\/wp-content\/uploads\/2023\/08\/vectorstock_45897803_transparent-1024x638.png 1024w, https:\/\/mosaic.ee\/wp-content\/uploads\/2023\/08\/vectorstock_45897803_transparent-1536x957.png 1536w, https:\/\/mosaic.ee\/wp-content\/uploads\/2023\/08\/vectorstock_45897803_transparent-2048x1276.png 2048w, https:\/\/mosaic.ee\/wp-content\/uploads\/2023\/08\/vectorstock_45897803_transparent-18x12.png 18w\" sizes=\"(max-width: 768px) 100vw, 768px\" \/>\t\t\t\t\t\t\t\t\t\t\t\t\t\t\t<\/div>\n\t\t\t\t\t<\/div>\n\t\t\t\t<\/div>\n\t\t<div class=\"elementor-element elementor-element-147cd87c e-flex e-con-boxed e-con e-parent\" data-id=\"147cd87c\" data-element_type=\"container\" data-e-type=\"container\">\n\t\t\t\t\t<div class=\"e-con-inner\">\n\t\t\t\t<div class=\"elementor-element elementor-element-232ce43a elementor-widget elementor-widget-heading\" data-id=\"232ce43a\" data-element_type=\"widget\" data-e-type=\"widget\" data-widget_type=\"heading.default\">\n\t\t\t\t\t<h2 class=\"elementor-heading-title elementor-size-large\">Miks STATA tarkvara?<\/h2>\t\t\t\t<\/div>\n\t\t\t\t\t<\/div>\n\t\t\t\t<\/div>\n\t\t<div class=\"elementor-element elementor-element-26e58c57 e-flex e-con-boxed e-con e-parent\" data-id=\"26e58c57\" data-element_type=\"container\" data-e-type=\"container\">\n\t\t\t\t\t<div class=\"e-con-inner\">\n\t\t\t\t<div class=\"elementor-element elementor-element-7be474a2 elementor-widget elementor-widget-text-editor\" data-id=\"7be474a2\" data-element_type=\"widget\" data-e-type=\"widget\" data-widget_type=\"text-editor.default\">\n\t\t\t\t\t\t\t\t\t<p style=\"font-weight: 400;\"><span style=\"color: #3366ff;\"><a style=\"color: #3366ff;\" href=\"https:\/\/www.stata.com\" target=\"_blank\" rel=\"noopener\">Stata<\/a><\/span> on v\u00f5imas andmeanal\u00fc\u00fcsi tarkvara, mida kasutavad spetsialistid erinevates valdkondades, n\u00e4iteks majanduses, sotsiaalteadustes ja tervishoius. See on loodud selleks, et aidata kasutajatel t\u00f5husalt anal\u00fc\u00fcsida ja hallata suuri andmehulki ning anda t\u00e4pseid ja p\u00f5hjalikke tulemusi. Selles artiklis uurime Stata funktsioone ja eeliseid ning seda, miks see on v\u00e4\u00e4rtuslik andmeanal\u00fc\u00fcsi t\u00f6\u00f6riist.<\/p><p style=\"font-weight: 400;\">Miks valida Stata?<\/p><p style=\"font-weight: 400;\">Stata pakub mitmeid funktsioone, mis muudavad selle andmeanal\u00fc\u00fcsi spetsialistide eelistatud valikuks. \u00dcks Stata peamisi eeliseid on selle v\u00f5ime k\u00e4sitleda suuri andmekogumeid, mis muudab selle ideaalseks ulatuslikku andmeanal\u00fc\u00fcsi n\u00f5udvate uuringute jaoks. Lisaks pakub Stata kasutajatele mitmesuguseid statistilisi meetodeid ja vahendeid, mis v\u00f5imaldavad neil anal\u00fc\u00fcsida andmeid t\u00e4iustatud meetodite ja mudelite abil.<\/p><p style=\"font-weight: 400;\">Teine Stata eelis on selle kasutusmugavus. Tarkvaral on kasutajas\u00f5bralik kasutajaliides, mis v\u00f5imaldab kasutajatel h\u00f5lpsasti navigeerida ja kohandada andmeanal\u00fc\u00fcsi. Stata pakub kasutajatele ka \u00fcksikasjalikku dokumentatsiooni ja tuge, sealhulgas p\u00f5hjalikku veebip\u00f5hist abis\u00fcsteemi ja suurt kasutajaskonda, kes on alati valmis abi pakkuma.<\/p><p style=\"font-weight: 400;\">Omadused <span style=\"color: #3366ff;\"><a style=\"color: #3366ff;\" href=\"https:\/\/www.stata.com\" target=\"_blank\" rel=\"noopener\">Stata<\/a><\/span><\/p><p style=\"font-weight: 400;\">Stata pakub laia valikut funktsioone, mis teevad sellest v\u00f5imsa andmeanal\u00fc\u00fcsi t\u00f6\u00f6riista. Nende funktsioonide hulka kuuluvad:<\/p><ol><li>Andmehaldus: Stata v\u00f5imaldab kasutajatel h\u00f5lpsasti hallata suuri andmekogumeid. Programmil on hulk vahendeid andmete puhastamiseks, teisendamiseks ja \u00fchendamiseks, mis lihtsustab kasutajate jaoks andmete ettevalmistamist anal\u00fc\u00fcsiks.<\/li><li>Graafika: Stata omab mitmeid kvaliteetseid graafikavahendeid, mis v\u00f5imaldavad kasutajatel luua \u00fcksikasjalikke ja informatiivseid graafikuid, graafikuid ja diagramme.<\/li><li>Statistiline anal\u00fc\u00fcs: Stata pakub kasutajatele mitmesuguseid statistilisi meetodeid ja mudeleid, sealhulgas regressioonianal\u00fc\u00fcsi, aegridade anal\u00fc\u00fcsi, elluj\u00e4\u00e4misanal\u00fc\u00fcsi ja muud.<\/li><li>Programmeerimine: Stata omab v\u00f5imsat programmeerimiskeelt, mis v\u00f5imaldab kasutajatel automatiseerida korduvaid \u00fclesandeid, kohandada oma anal\u00fc\u00fcsi ja laiendada tarkvara funktsionaalsust.<\/li><li>Reprodutseeritavus: Stata pakub kasutajatele vahendeid, mis tagavad nende anal\u00fc\u00fcside reprodutseeritavuse, v\u00f5imaldades neil jagada oma andmeid ja meetodeid teistega.<\/li><\/ol><p style=\"font-weight: 400;\">Stata eelised<\/p><p style=\"font-weight: 400;\">Stata pakub mitmeid eeliseid, mis teevad sellest v\u00e4\u00e4rtusliku t\u00f6\u00f6riista andmeanal\u00fc\u00fcsi spetsialistidele. Need eelised h\u00f5lmavad j\u00e4rgmist:<\/p><ol style=\"font-weight: 400;\"><li>T\u00f5husus: Stata andmehaldusvahendid ja t\u00f5hus programmeerimiskeel v\u00f5imaldavad kasutajatel t\u00f6\u00f6tada t\u00f5husamalt, s\u00e4\u00e4stes aega ja v\u00e4hendades vigu.<\/li><li>T\u00e4psus: Stata mitmesugused statistilised meetodid ja mudelid annavad kasutajatele t\u00e4psed ja usaldusv\u00e4\u00e4rsed tulemused, mis v\u00f5imaldavad neil teha oma andmete p\u00f5hjal teadlikke otsuseid.<\/li><li>Paindlikkus: Stata kohandatav kasutajaliides ja programmeerimiskeel v\u00f5imaldavad kasutajatel kohandada oma anal\u00fc\u00fcsi oma konkreetsetele vajadustele, mis teeb sellest paindliku ja kohandatava t\u00f6\u00f6riista.<\/li><li>Kogukond: Stata omab suurt kasutajaskonda, kes on alati valmis pakkuma tuge ja abi, mist\u00f5ttu on kasutajatel lihtne saada abi, kui nad seda vajavad.<\/li><li>Taskukohasus: Stata pakub paindlikke hinnakujundusv\u00f5imalusi, mis teeb selle k\u00e4ttesaadavaks erineva eelarve ja vajadustega kasutajatele.<\/li><\/ol>\t\t\t\t\t\t\t\t<\/div>\n\t\t\t\t\t<\/div>\n\t\t\t\t<\/div>\n\t\t\t\t<section class=\"elementor-section elementor-top-section elementor-element elementor-element-6167f0ac elementor-section-boxed elementor-section-height-default elementor-section-height-default\" data-id=\"6167f0ac\" data-element_type=\"section\" data-e-type=\"section\">\n\t\t\t\t\t\t<div class=\"elementor-container elementor-column-gap-default\">\n\t\t\t\t\t<div class=\"elementor-column elementor-col-50 elementor-top-column elementor-element elementor-element-81bd351\" data-id=\"81bd351\" data-element_type=\"column\" data-e-type=\"column\">\n\t\t\t<div class=\"elementor-widget-wrap\">\n\t\t\t\t\t\t\t<\/div>\n\t\t<\/div>\n\t\t\t\t<div class=\"elementor-column elementor-col-50 elementor-top-column elementor-element elementor-element-1942d77f\" data-id=\"1942d77f\" data-element_type=\"column\" data-e-type=\"column\">\n\t\t\t<div class=\"elementor-widget-wrap elementor-element-populated\">\n\t\t\t\t\t\t<div class=\"elementor-element elementor-element-663b00a7 elementor-widget elementor-widget-image\" data-id=\"663b00a7\" data-element_type=\"widget\" data-e-type=\"widget\" data-widget_type=\"image.default\">\n\t\t\t\t\t\t\t\t\t\t\t\t\t\t\t\t<a href=\"https:\/\/www.stata.com\" target=\"_blank\" rel=\"noopener\">\n\t\t\t\t\t\t\t<img decoding=\"async\" width=\"300\" height=\"68\" src=\"https:\/\/mosaic.ee\/wp-content\/uploads\/2023\/07\/Stata-logo-300x68.png\" class=\"attachment-medium size-medium wp-image-396\" alt=\"\" srcset=\"https:\/\/mosaic.ee\/wp-content\/uploads\/2023\/07\/Stata-logo-300x68.png 300w, https:\/\/mosaic.ee\/wp-content\/uploads\/2023\/07\/Stata-logo.png 469w\" sizes=\"(max-width: 300px) 100vw, 300px\" \/>\t\t\t\t\t\t\t\t<\/a>\n\t\t\t\t\t\t\t\t\t\t\t\t\t\t\t<\/div>\n\t\t\t\t\t<\/div>\n\t\t<\/div>\n\t\t\t\t\t<\/div>\n\t\t<\/section>\n\t\t<div class=\"elementor-element elementor-element-6266f09 e-flex e-con-boxed e-con e-parent\" data-id=\"6266f09\" data-element_type=\"container\" data-e-type=\"container\">\n\t\t\t\t\t<div class=\"e-con-inner\">\n\t\t\t\t<div class=\"elementor-element elementor-element-247330c elementor-widget elementor-widget-heading\" data-id=\"247330c\" data-element_type=\"widget\" data-e-type=\"widget\" data-widget_type=\"heading.default\">\n\t\t\t\t\t<h2 class=\"elementor-heading-title elementor-size-large\">Miks osta STATA-d Mosaicilt?<\/h2>\t\t\t\t<\/div>\n\t\t\t\t\t<\/div>\n\t\t\t\t<\/div>\n\t\t<div class=\"elementor-element elementor-element-59e55bd0 e-flex e-con-boxed e-con e-parent\" data-id=\"59e55bd0\" data-element_type=\"container\" data-e-type=\"container\">\n\t\t\t\t\t<div class=\"e-con-inner\">\n\t\t\t\t<div class=\"elementor-element elementor-element-25a4fdc7 elementor-widget elementor-widget-text-editor\" data-id=\"25a4fdc7\" data-element_type=\"widget\" data-e-type=\"widget\" data-widget_type=\"text-editor.default\">\n\t\t\t\t\t\t\t\t\t<div><p><span lang=\"EN-GB\">Stata ostmine Mosaicilt tagab, et saate ehtsa tarkvara ja parima klienditeeninduse. Mosaic pakub erinevaid litsentsimisv\u00f5imalusi, mis vastavad teie vajadustele, sealhulgas individuaalsed, akadeemilised ja \u00e4rilitsentsid.<\/span><\/p><\/div><div><p><span lang=\"EN-GB\">Lisaks Stata tarkvara pakkumisele pakub Mosaic ka koolitusi ja tugiteenuseid, et aidata kasutajatel oma tarkvarast k\u00f5ige rohkem kasu saada. Mosaici ekspertide meeskond v\u00f5ib pakkuda kohandatud koolitust, et aidata kasutajatel \u00f5ppida Stata t\u00f5husat ja tulemuslikku kasutamist. Nad pakuvad ka pidevat tuge, et aidata kasutajatel lahendada v\u00f5imalikke probleeme.<\/span><\/p><\/div>\t\t\t\t\t\t\t\t<\/div>\n\t\t\t\t\t<\/div>\n\t\t\t\t<\/div>\n\t\t\t\t<section class=\"elementor-section elementor-top-section elementor-element elementor-element-5a7b43f2 elementor-section-boxed elementor-section-height-default elementor-section-height-default\" data-id=\"5a7b43f2\" data-element_type=\"section\" data-e-type=\"section\">\n\t\t\t\t\t\t<div class=\"elementor-container elementor-column-gap-default\">\n\t\t\t\t\t<div class=\"elementor-column elementor-col-50 elementor-top-column elementor-element elementor-element-22ce9d12\" data-id=\"22ce9d12\" data-element_type=\"column\" data-e-type=\"column\">\n\t\t\t<div class=\"elementor-widget-wrap\">\n\t\t\t\t\t\t\t<\/div>\n\t\t<\/div>\n\t\t\t\t<div class=\"elementor-column elementor-col-50 elementor-top-column elementor-element elementor-element-7bd513a4\" data-id=\"7bd513a4\" data-element_type=\"column\" data-e-type=\"column\">\n\t\t\t<div class=\"elementor-widget-wrap elementor-element-populated\">\n\t\t\t\t\t\t<div class=\"elementor-element elementor-element-6028449d elementor-widget elementor-widget-image\" data-id=\"6028449d\" data-element_type=\"widget\" data-e-type=\"widget\" data-widget_type=\"image.default\">\n\t\t\t\t\t\t\t\t\t\t\t\t\t\t\t\t<a href=\"https:\/\/www.stata.com\" target=\"_blank\" rel=\"noopener\">\n\t\t\t\t\t\t\t<img decoding=\"async\" width=\"469\" height=\"107\" src=\"https:\/\/mosaic.ee\/wp-content\/uploads\/2023\/07\/Stata-logo.png\" class=\"attachment-large size-large wp-image-396\" alt=\"\" srcset=\"https:\/\/mosaic.ee\/wp-content\/uploads\/2023\/07\/Stata-logo.png 469w, https:\/\/mosaic.ee\/wp-content\/uploads\/2023\/07\/Stata-logo-300x68.png 300w\" sizes=\"(max-width: 469px) 100vw, 469px\" \/>\t\t\t\t\t\t\t\t<\/a>\n\t\t\t\t\t\t\t\t\t\t\t\t\t\t\t<\/div>\n\t\t\t\t\t<\/div>\n\t\t<\/div>\n\t\t\t\t\t<\/div>\n\t\t<\/section>\n\t\t\t\t<\/div>","protected":false},"excerpt":{"rendered":"<p>Stata Software &#8211; Empower Your Data Analysis Why STATA Software? Stata is a powerful data analysis software used by professionals in various fields, such as economics, social sciences, and healthcare. It is designed to help users efficiently analyze and manage large amounts of data, and provide accurate and comprehensive results. In this article, we will [&hellip;]<\/p>\n","protected":false},"author":1,"featured_media":0,"parent":0,"menu_order":0,"comment_status":"closed","ping_status":"closed","template":"","meta":{"content-type":"","footnotes":""},"class_list":["post-1241","page","type-page","status-publish","hentry"],"_links":{"self":[{"href":"https:\/\/mosaic.ee\/et\/wp-json\/wp\/v2\/pages\/1241","targetHints":{"allow":["GET"]}}],"collection":[{"href":"https:\/\/mosaic.ee\/et\/wp-json\/wp\/v2\/pages"}],"about":[{"href":"https:\/\/mosaic.ee\/et\/wp-json\/wp\/v2\/types\/page"}],"author":[{"embeddable":true,"href":"https:\/\/mosaic.ee\/et\/wp-json\/wp\/v2\/users\/1"}],"replies":[{"embeddable":true,"href":"https:\/\/mosaic.ee\/et\/wp-json\/wp\/v2\/comments?post=1241"}],"version-history":[{"count":7,"href":"https:\/\/mosaic.ee\/et\/wp-json\/wp\/v2\/pages\/1241\/revisions"}],"predecessor-version":[{"id":1657,"href":"https:\/\/mosaic.ee\/et\/wp-json\/wp\/v2\/pages\/1241\/revisions\/1657"}],"wp:attachment":[{"href":"https:\/\/mosaic.ee\/et\/wp-json\/wp\/v2\/media?parent=1241"}],"curies":[{"name":"wp","href":"https:\/\/api.w.org\/{rel}","templated":true}]}}