{"id":1209,"date":"2023-08-17T16:10:56","date_gmt":"2023-08-17T13:10:56","guid":{"rendered":"https:\/\/mosaic.ee\/?page_id=1209"},"modified":"2024-06-03T14:55:58","modified_gmt":"2024-06-03T11:55:58","slug":"teamviewer","status":"publish","type":"page","link":"https:\/\/mosaic.ee\/et\/teamviewer\/","title":{"rendered":"TeamViewer"},"content":{"rendered":"<div data-elementor-type=\"wp-page\" data-elementor-id=\"1209\" class=\"elementor elementor-1209\" data-elementor-post-type=\"page\">\n\t\t\t\t\t\t<section class=\"elementor-section elementor-top-section elementor-element elementor-element-3b11bf8c elementor-section-boxed elementor-section-height-default elementor-section-height-default\" data-id=\"3b11bf8c\" data-element_type=\"section\" data-e-type=\"section\">\n\t\t\t\t\t\t<div class=\"elementor-container elementor-column-gap-default\">\n\t\t\t\t\t<div class=\"elementor-column elementor-col-100 elementor-top-column elementor-element elementor-element-1ca603f0\" data-id=\"1ca603f0\" data-element_type=\"column\" data-e-type=\"column\">\n\t\t\t<div class=\"elementor-widget-wrap elementor-element-populated\">\n\t\t\t\t\t\t<div class=\"elementor-element elementor-element-4ffa8481 elementor-widget elementor-widget-heading\" data-id=\"4ffa8481\" data-element_type=\"widget\" data-e-type=\"widget\" data-widget_type=\"heading.default\">\n\t\t\t\t\t<h2 class=\"elementor-heading-title elementor-size-xl\">TeamViewer v\u00f5imaldab kasutajatele juurdep\u00e4\u00e4su arvutitele ja nende kaugjuhtimist k\u00f5ikjalt maailmas<\/h2>\t\t\t\t<\/div>\n\t\t\t\t\t<\/div>\n\t\t<\/div>\n\t\t\t\t\t<\/div>\n\t\t<\/section>\n\t\t<div class=\"elementor-element elementor-element-57e063d7 e-flex e-con-boxed e-con e-parent\" data-id=\"57e063d7\" data-element_type=\"container\" data-e-type=\"container\">\n\t\t\t\t\t<div class=\"e-con-inner\">\n\t\t\t\t<div class=\"elementor-element elementor-element-5044757d elementor-widget elementor-widget-image\" data-id=\"5044757d\" data-element_type=\"widget\" data-e-type=\"widget\" data-widget_type=\"image.default\">\n\t\t\t\t\t\t\t\t\t\t\t\t\t\t\t<img fetchpriority=\"high\" decoding=\"async\" width=\"768\" height=\"577\" src=\"https:\/\/mosaic.ee\/wp-content\/uploads\/2023\/08\/vectorstock_45936189_transparent-768x577.png\" class=\"attachment-medium_large size-medium_large wp-image-1212\" alt=\"\" srcset=\"https:\/\/mosaic.ee\/wp-content\/uploads\/2023\/08\/vectorstock_45936189_transparent-768x577.png 768w, https:\/\/mosaic.ee\/wp-content\/uploads\/2023\/08\/vectorstock_45936189_transparent-300x225.png 300w, https:\/\/mosaic.ee\/wp-content\/uploads\/2023\/08\/vectorstock_45936189_transparent-1024x770.png 1024w, https:\/\/mosaic.ee\/wp-content\/uploads\/2023\/08\/vectorstock_45936189_transparent-1536x1154.png 1536w, https:\/\/mosaic.ee\/wp-content\/uploads\/2023\/08\/vectorstock_45936189_transparent-2048x1539.png 2048w, https:\/\/mosaic.ee\/wp-content\/uploads\/2023\/08\/vectorstock_45936189_transparent-16x12.png 16w\" sizes=\"(max-width: 768px) 100vw, 768px\" \/>\t\t\t\t\t\t\t\t\t\t\t\t\t\t\t<\/div>\n\t\t\t\t\t<\/div>\n\t\t\t\t<\/div>\n\t\t<div class=\"elementor-element elementor-element-1e82f8bc e-flex e-con-boxed e-con e-parent\" data-id=\"1e82f8bc\" data-element_type=\"container\" data-e-type=\"container\">\n\t\t\t\t\t<div class=\"e-con-inner\">\n\t\t\t\t<div class=\"elementor-element elementor-element-7f37e653 elementor-widget elementor-widget-heading\" data-id=\"7f37e653\" data-element_type=\"widget\" data-e-type=\"widget\" data-widget_type=\"heading.default\">\n\t\t\t\t\t<h2 class=\"elementor-heading-title elementor-size-large\">Miks TeamViewer tarkvara?<\/h2>\t\t\t\t<\/div>\n\t\t\t\t\t<\/div>\n\t\t\t\t<\/div>\n\t\t<div class=\"elementor-element elementor-element-11e0c941 e-flex e-con-boxed e-con e-parent\" data-id=\"11e0c941\" data-element_type=\"container\" data-e-type=\"container\">\n\t\t\t\t\t<div class=\"e-con-inner\">\n\t\t\t\t<div class=\"elementor-element elementor-element-1f479549 elementor-widget elementor-widget-text-editor\" data-id=\"1f479549\" data-element_type=\"widget\" data-e-type=\"widget\" data-widget_type=\"text-editor.default\">\n\t\t\t\t\t\t\t\t\t<p style=\"font-weight: 400;\"><span style=\"color: #3366ff;\"><a style=\"color: #3366ff;\" href=\"https:\/\/www.teamviewer.com\/en\/\" target=\"_blank\" rel=\"noopener\">TeamViewer<\/a><\/span> on tarkvaralahendus, mis v\u00f5imaldab kasutajatele juurdep\u00e4\u00e4su arvutitele ja nende kaugjuhtimist k\u00f5ikjalt maailmas. 2005. aastal asutatud ettev\u00f5te on kasvanud juhtivaks kaugjuurdep\u00e4\u00e4su- ja tugitarkvara pakkujaks ning TeamViewerit kasutab \u00fcle 500 miljoni seadme kogu maailmas.<\/p><p style=\"font-weight: 400;\">\u00dcks TeamVieweri peamisi eeliseid on selle kasutusmugavus. Kasutajad saavad kiiresti ja lihtsalt luua kaug\u00fchenduse teise seadmega, olenemata selle asukohast v\u00f5i operatsioonis\u00fcsteemist. TeamVieweriga saavad kasutajad juurdep\u00e4\u00e4su failidele, programmidele ja muudele ressurssidele oma kaugseadmes, mist\u00f5ttu on see oluline vahend ettev\u00f5tetele ja \u00fcksikisikutele, kes peavad t\u00f6\u00f6tama eemalt v\u00f5i haldama seadmeid mitmes kohas.<\/p><p style=\"font-weight: 400;\">TeamViewer pakub mitmeid funktsioone, mis aitavad kasutajatel \u00fchtlustada oma kaugjuurdep\u00e4\u00e4su ja tugitegevust. Nende hulka kuuluvad failiedastuse v\u00f5imalused, mis v\u00f5imaldavad kasutajatel h\u00f5lpsasti faile seadmete vahel \u00fcle kanda, ja sisseehitatud vestlusfunktsioon, mis v\u00f5imaldab kasutajatel \u00fcksteisega reaalajas suhelda.<\/p><p style=\"font-weight: 400;\">TeamVieweri teine oluline omadus on selle turvalisus. Tarkvara kasutab seadmete vahel edastatavate andmete kaitsmiseks l\u00e4bivat kr\u00fcpteerimist, mis tagab, et tundlik teave on turvaline. Lisaks saavad kasutajad seadistada kahefaktorilise autentimise, et veelgi suurendada \u00fchenduste turvalisust.<\/p><p style=\"font-weight: 400;\">TeamViewer on ka v\u00e4ga h\u00e4sti kohandatav, kuna selle seaded ja valikud on v\u00f5imalik kohandada vastavalt kasutaja vajadustele. See h\u00f5lmab v\u00f5imalust luua kohandatud juurdep\u00e4\u00e4sureegleid, konfigureerida sessiooni aegumist\u00e4htaegu ja luua tarkvarale kohandatud br\u00e4nding.<\/p><p style=\"font-weight: 400;\">Miks valida <span style=\"color: #3366ff;\"><a style=\"color: #3366ff;\" href=\"https:\/\/www.teamviewer.com\/en\/\" target=\"_blank\" rel=\"noopener\">TeamViewer<\/a><\/span>?<\/p><p style=\"font-weight: 400;\">On palju p\u00f5hjusi, miks kasutajad valivad TeamVieweri teiste kaugjuurdep\u00e4\u00e4su ja tugitarkvara lahenduste asemel. M\u00f5ned tarkvara peamised eelised on j\u00e4rgmised:<\/p><ol style=\"font-weight: 400;\"><li>Platvormi\u00fclene \u00fchilduvus: TeamViewer on kasutatav paljudes seadmetes ja operatsioonis\u00fcsteemides, sealhulgas Windows, Mac, Linux, iOS ja Android. See muudab selle ideaalseks lahenduseks ettev\u00f5tetele ja \u00fcksikisikutele, kes peavad t\u00f6\u00f6tama erinevate seadmete ja platvormide vahel.<\/li><li>Kiire ja lihtne seadistamine: TeamVieweriga saavad kasutajad kiiresti ja lihtsalt luua kaug\u00fchenduse teise seadmega. Tarkvara ei n\u00f5ua keerulisi konfiguratsiooni- ega paigaldusprotsesse, mist\u00f5ttu on see lihtne lahendus ka k\u00f5ige kogenematutele kasutajatele.<\/li><li>K\u00f5rge turvalisus: TeamViewer kasutab seadmete vahel edastatavate andmete kaitsmiseks l\u00e4bivat kr\u00fcpteerimist. See tagab, et tundlik teave on turvaline, isegi kui sellele on kaugjuurdep\u00e4\u00e4s.<\/li><li>Kohandatavad valikud: TeamViewer pakub mitmeid kohandatavaid seadeid ja v\u00f5imalusi, mis v\u00f5imaldavad kasutajatel kohandada tarkvara oma individuaalsetele vajadustele vastavaks. See h\u00f5lmab v\u00f5imalust luua kohandatud juurdep\u00e4\u00e4sureegleid, konfigureerida sessiooni aegumist\u00e4htaegu ja luua tarkvara jaoks kohandatud br\u00e4nding.<\/li><li>24\/7 tugi: TeamViewer pakub kasutajatele 24\/7 tuge, mis tagab, et k\u00f5ik k\u00fcsimused v\u00f5i probleemid saab kiiresti ja lihtsalt lahendada.<\/li><\/ol>\t\t\t\t\t\t\t\t<\/div>\n\t\t\t\t\t<\/div>\n\t\t\t\t<\/div>\n\t\t\t\t<section class=\"elementor-section elementor-top-section elementor-element elementor-element-493b2d27 elementor-section-boxed elementor-section-height-default elementor-section-height-default\" data-id=\"493b2d27\" data-element_type=\"section\" data-e-type=\"section\">\n\t\t\t\t\t\t<div class=\"elementor-container elementor-column-gap-default\">\n\t\t\t\t\t<div class=\"elementor-column elementor-col-50 elementor-top-column elementor-element elementor-element-2778bdd7\" data-id=\"2778bdd7\" data-element_type=\"column\" data-e-type=\"column\">\n\t\t\t<div class=\"elementor-widget-wrap\">\n\t\t\t\t\t\t\t<\/div>\n\t\t<\/div>\n\t\t\t\t<div class=\"elementor-column elementor-col-50 elementor-top-column elementor-element elementor-element-792d2568\" data-id=\"792d2568\" data-element_type=\"column\" data-e-type=\"column\">\n\t\t\t<div class=\"elementor-widget-wrap elementor-element-populated\">\n\t\t\t\t\t\t<div class=\"elementor-element elementor-element-2fabd335 elementor-widget elementor-widget-image\" data-id=\"2fabd335\" data-element_type=\"widget\" data-e-type=\"widget\" data-widget_type=\"image.default\">\n\t\t\t\t\t\t\t\t\t\t\t\t\t\t\t\t<a href=\"https:\/\/www.teamviewer.com\/en\/\" target=\"_blank\" rel=\"noopener\">\n\t\t\t\t\t\t\t<img decoding=\"async\" width=\"300\" height=\"76\" src=\"https:\/\/mosaic.ee\/wp-content\/uploads\/2023\/08\/teamviewer-300x76.png\" class=\"attachment-medium size-medium wp-image-1320\" alt=\"\" srcset=\"https:\/\/mosaic.ee\/wp-content\/uploads\/2023\/08\/teamviewer-300x76.png 300w, https:\/\/mosaic.ee\/wp-content\/uploads\/2023\/08\/teamviewer-1024x259.png 1024w, https:\/\/mosaic.ee\/wp-content\/uploads\/2023\/08\/teamviewer-768x194.png 768w, https:\/\/mosaic.ee\/wp-content\/uploads\/2023\/08\/teamviewer-18x5.png 18w, https:\/\/mosaic.ee\/wp-content\/uploads\/2023\/08\/teamviewer.png 1422w\" sizes=\"(max-width: 300px) 100vw, 300px\" \/>\t\t\t\t\t\t\t\t<\/a>\n\t\t\t\t\t\t\t\t\t\t\t\t\t\t\t<\/div>\n\t\t\t\t\t<\/div>\n\t\t<\/div>\n\t\t\t\t\t<\/div>\n\t\t<\/section>\n\t\t<div class=\"elementor-element elementor-element-6ff4d1e9 e-flex e-con-boxed e-con e-parent\" data-id=\"6ff4d1e9\" data-element_type=\"container\" data-e-type=\"container\">\n\t\t\t\t\t<div class=\"e-con-inner\">\n\t\t\t\t<div class=\"elementor-element elementor-element-43adbcdc elementor-widget elementor-widget-heading\" data-id=\"43adbcdc\" data-element_type=\"widget\" data-e-type=\"widget\" data-widget_type=\"heading.default\">\n\t\t\t\t\t<h2 class=\"elementor-heading-title elementor-size-large\">Miks osta TeamViewer Mosaicilt?<\/h2>\t\t\t\t<\/div>\n\t\t\t\t\t<\/div>\n\t\t\t\t<\/div>\n\t\t<div class=\"elementor-element elementor-element-51a9cfb9 e-flex e-con-boxed e-con e-parent\" data-id=\"51a9cfb9\" data-element_type=\"container\" data-e-type=\"container\">\n\t\t\t\t\t<div class=\"e-con-inner\">\n\t\t\t\t<div class=\"elementor-element elementor-element-2f7832d9 elementor-widget elementor-widget-text-editor\" data-id=\"2f7832d9\" data-element_type=\"widget\" data-e-type=\"widget\" data-widget_type=\"text-editor.default\">\n\t\t\t\t\t\t\t\t\t<div><p><span lang=\"EN-GB\">Mosaic, TeamVieweri edasim\u00fc\u00fcgipartner, pakub Balti regiooni ettev\u00f5tetele kohalikku tuge, n\u00f5ustamist ja rakendusteenuseid. Koost\u00f6\u00f6s Mosaiciga saavad ettev\u00f5tted kasutada TeamVieweri eeliseid, saades samal ajal ka kohalikku tuge ja ekspertiisi.<\/span><\/p><\/div><div><p><span lang=\"EN-GB\">Kokkuv\u00f5tteks v\u00f5ib \u00f6elda, et TeamViewer on v\u00f5imas ja mitmek\u00fclgne kaugjuurdep\u00e4\u00e4su- ja tugitarkvara lahendus, mis pakub ettev\u00f5tetele ja \u00fcksikisikutele mitmeid eeliseid. T\u00e4nu oma kasutusmugavusele, platvormide\u00fclesele \u00fchilduvusele ja k\u00f5rgele turvalisuse tasemele on see oluline vahend k\u00f5igile, kes peavad t\u00f6\u00f6tama eemalt v\u00f5i haldama seadmeid mitmes kohas.<\/span><\/p><\/div>\t\t\t\t\t\t\t\t<\/div>\n\t\t\t\t\t<\/div>\n\t\t\t\t<\/div>\n\t\t\t\t<section class=\"elementor-section elementor-top-section elementor-element elementor-element-6f49a8a6 elementor-section-boxed elementor-section-height-default elementor-section-height-default\" data-id=\"6f49a8a6\" data-element_type=\"section\" data-e-type=\"section\">\n\t\t\t\t\t\t<div class=\"elementor-container elementor-column-gap-default\">\n\t\t\t\t\t<div class=\"elementor-column elementor-col-50 elementor-top-column elementor-element elementor-element-204e5928\" data-id=\"204e5928\" data-element_type=\"column\" data-e-type=\"column\">\n\t\t\t<div class=\"elementor-widget-wrap\">\n\t\t\t\t\t\t\t<\/div>\n\t\t<\/div>\n\t\t\t\t<div class=\"elementor-column elementor-col-50 elementor-top-column elementor-element elementor-element-5c1ee7de\" data-id=\"5c1ee7de\" data-element_type=\"column\" data-e-type=\"column\">\n\t\t\t<div class=\"elementor-widget-wrap elementor-element-populated\">\n\t\t\t\t\t\t<div class=\"elementor-element elementor-element-1c1f226f elementor-widget elementor-widget-image\" data-id=\"1c1f226f\" data-element_type=\"widget\" data-e-type=\"widget\" data-widget_type=\"image.default\">\n\t\t\t\t\t\t\t\t\t\t\t\t\t\t\t\t<a href=\"https:\/\/www.teamviewer.com\/en\/\" target=\"_blank\" rel=\"noopener\">\n\t\t\t\t\t\t\t<img decoding=\"async\" width=\"800\" height=\"202\" src=\"https:\/\/mosaic.ee\/wp-content\/uploads\/2023\/08\/teamviewer-1024x259.png\" class=\"attachment-large size-large wp-image-1320\" alt=\"\" srcset=\"https:\/\/mosaic.ee\/wp-content\/uploads\/2023\/08\/teamviewer-1024x259.png 1024w, https:\/\/mosaic.ee\/wp-content\/uploads\/2023\/08\/teamviewer-300x76.png 300w, https:\/\/mosaic.ee\/wp-content\/uploads\/2023\/08\/teamviewer-768x194.png 768w, https:\/\/mosaic.ee\/wp-content\/uploads\/2023\/08\/teamviewer-18x5.png 18w, https:\/\/mosaic.ee\/wp-content\/uploads\/2023\/08\/teamviewer.png 1422w\" sizes=\"(max-width: 800px) 100vw, 800px\" \/>\t\t\t\t\t\t\t\t<\/a>\n\t\t\t\t\t\t\t\t\t\t\t\t\t\t\t<\/div>\n\t\t\t\t\t<\/div>\n\t\t<\/div>\n\t\t\t\t\t<\/div>\n\t\t<\/section>\n\t\t\t\t<\/div>","protected":false},"excerpt":{"rendered":"<p>TeamViewer allows users to access and control computers remotely from anywhere in the world Why TeamViewer Software? TeamViewer is a software solution that allows users to access and control computers remotely from anywhere in the world. Founded in 2005, the company has grown to become a leading provider of remote access and support software, with [&hellip;]<\/p>\n","protected":false},"author":1,"featured_media":0,"parent":0,"menu_order":0,"comment_status":"closed","ping_status":"closed","template":"","meta":{"content-type":"","footnotes":""},"class_list":["post-1209","page","type-page","status-publish","hentry"],"_links":{"self":[{"href":"https:\/\/mosaic.ee\/et\/wp-json\/wp\/v2\/pages\/1209","targetHints":{"allow":["GET"]}}],"collection":[{"href":"https:\/\/mosaic.ee\/et\/wp-json\/wp\/v2\/pages"}],"about":[{"href":"https:\/\/mosaic.ee\/et\/wp-json\/wp\/v2\/types\/page"}],"author":[{"embeddable":true,"href":"https:\/\/mosaic.ee\/et\/wp-json\/wp\/v2\/users\/1"}],"replies":[{"embeddable":true,"href":"https:\/\/mosaic.ee\/et\/wp-json\/wp\/v2\/comments?post=1209"}],"version-history":[{"count":10,"href":"https:\/\/mosaic.ee\/et\/wp-json\/wp\/v2\/pages\/1209\/revisions"}],"predecessor-version":[{"id":1663,"href":"https:\/\/mosaic.ee\/et\/wp-json\/wp\/v2\/pages\/1209\/revisions\/1663"}],"wp:attachment":[{"href":"https:\/\/mosaic.ee\/et\/wp-json\/wp\/v2\/media?parent=1209"}],"curies":[{"name":"wp","href":"https:\/\/api.w.org\/{rel}","templated":true}]}}