{"id":1194,"date":"2023-08-17T16:02:12","date_gmt":"2023-08-17T13:02:12","guid":{"rendered":"https:\/\/mosaic.ee\/?page_id=1194"},"modified":"2024-06-03T14:39:27","modified_gmt":"2024-06-03T11:39:27","slug":"wrike","status":"publish","type":"page","link":"https:\/\/mosaic.ee\/et\/wrike\/","title":{"rendered":"Wrike"},"content":{"rendered":"<div data-elementor-type=\"wp-page\" data-elementor-id=\"1194\" class=\"elementor elementor-1194\" data-elementor-post-type=\"page\">\n\t\t\t\t\t\t<section class=\"elementor-section elementor-top-section elementor-element elementor-element-469f7369 elementor-section-boxed elementor-section-height-default elementor-section-height-default\" data-id=\"469f7369\" data-element_type=\"section\" data-e-type=\"section\">\n\t\t\t\t\t\t<div class=\"elementor-container elementor-column-gap-default\">\n\t\t\t\t\t<div class=\"elementor-column elementor-col-100 elementor-top-column elementor-element elementor-element-13707e11\" data-id=\"13707e11\" data-element_type=\"column\" data-e-type=\"column\">\n\t\t\t<div class=\"elementor-widget-wrap elementor-element-populated\">\n\t\t\t\t\t\t<div class=\"elementor-element elementor-element-27e4d4a7 elementor-widget elementor-widget-heading\" data-id=\"27e4d4a7\" data-element_type=\"widget\" data-e-type=\"widget\" data-widget_type=\"heading.default\">\n\t\t\t\t\t<h2 class=\"elementor-heading-title elementor-size-xl\">\u00dchtlustage oma projektijuhtimist Wrike'iga<\/h2>\t\t\t\t<\/div>\n\t\t\t\t\t<\/div>\n\t\t<\/div>\n\t\t\t\t\t<\/div>\n\t\t<\/section>\n\t\t<div class=\"elementor-element elementor-element-616d8e6 e-flex e-con-boxed e-con e-parent\" data-id=\"616d8e6\" data-element_type=\"container\" data-e-type=\"container\">\n\t\t\t\t\t<div class=\"e-con-inner\">\n\t\t\t\t<div class=\"elementor-element elementor-element-6faff273 elementor-widget elementor-widget-image\" data-id=\"6faff273\" data-element_type=\"widget\" data-e-type=\"widget\" data-widget_type=\"image.default\">\n\t\t\t\t\t\t\t\t\t\t\t\t\t\t\t<img fetchpriority=\"high\" decoding=\"async\" width=\"768\" height=\"352\" src=\"https:\/\/mosaic.ee\/wp-content\/uploads\/2023\/08\/vectorstock_19115639_transparent-768x352.png\" class=\"attachment-medium_large size-medium_large wp-image-1198\" alt=\"\" srcset=\"https:\/\/mosaic.ee\/wp-content\/uploads\/2023\/08\/vectorstock_19115639_transparent-768x352.png 768w, https:\/\/mosaic.ee\/wp-content\/uploads\/2023\/08\/vectorstock_19115639_transparent-300x137.png 300w, https:\/\/mosaic.ee\/wp-content\/uploads\/2023\/08\/vectorstock_19115639_transparent-1024x469.png 1024w, https:\/\/mosaic.ee\/wp-content\/uploads\/2023\/08\/vectorstock_19115639_transparent-1536x703.png 1536w, https:\/\/mosaic.ee\/wp-content\/uploads\/2023\/08\/vectorstock_19115639_transparent-2048x937.png 2048w, https:\/\/mosaic.ee\/wp-content\/uploads\/2023\/08\/vectorstock_19115639_transparent-18x8.png 18w\" sizes=\"(max-width: 768px) 100vw, 768px\" \/>\t\t\t\t\t\t\t\t\t\t\t\t\t\t\t<\/div>\n\t\t\t\t\t<\/div>\n\t\t\t\t<\/div>\n\t\t<div class=\"elementor-element elementor-element-61a0b864 e-flex e-con-boxed e-con e-parent\" data-id=\"61a0b864\" data-element_type=\"container\" data-e-type=\"container\">\n\t\t\t\t\t<div class=\"e-con-inner\">\n\t\t\t\t<div class=\"elementor-element elementor-element-10720cb elementor-widget elementor-widget-heading\" data-id=\"10720cb\" data-element_type=\"widget\" data-e-type=\"widget\" data-widget_type=\"heading.default\">\n\t\t\t\t\t<h2 class=\"elementor-heading-title elementor-size-large\">Miks Wrike tarkvara?<\/h2>\t\t\t\t<\/div>\n\t\t\t\t\t<\/div>\n\t\t\t\t<\/div>\n\t\t<div class=\"elementor-element elementor-element-f378219 e-flex e-con-boxed e-con e-parent\" data-id=\"f378219\" data-element_type=\"container\" data-e-type=\"container\">\n\t\t\t\t\t<div class=\"e-con-inner\">\n\t\t\t\t<div class=\"elementor-element elementor-element-44ae1416 elementor-widget elementor-widget-text-editor\" data-id=\"44ae1416\" data-element_type=\"widget\" data-e-type=\"widget\" data-widget_type=\"text-editor.default\">\n\t\t\t\t\t\t\t\t\t<p style=\"font-weight: 400;\"><span style=\"color: #3366ff;\"><a style=\"color: #3366ff;\" href=\"https:\/\/www.wrike.com\" target=\"_blank\" rel=\"noopener\">Wrike<\/a><\/span> on pilvep\u00f5hine projektijuhtimistarkvara, mis aitab meeskondadel teha koost\u00f6\u00f6d, \u00fchtlustada t\u00f6\u00f6vooge ja suurendada tootlikkust. Wrike'i abil saate korraldada \u00fclesandeid, suhelda meeskonnaliikmetega ja j\u00e4lgida edusamme reaalajas, tagades, et teie projektid p\u00fcsivad graafikus ja eelarves.<\/p><p style=\"font-weight: 400;\">Siin on m\u00f5ned peamised eelised <span style=\"color: #3366ff;\"><a style=\"color: #3366ff;\" href=\"https:\/\/www.wrike.com\" target=\"_blank\" rel=\"noopener\">Wrike<\/a><\/span>:<\/p><ol style=\"font-weight: 400;\"><li>Tsentraliseeritud projektijuhtimine: Wrike pakub projektijuhtimiseks \u00fchtset platvormi, mis v\u00f5imaldab teil hallata \u00fclesandeid, ressursse ja t\u00e4htaegu \u00fches kohas. Wrike'i interaktiivsete Gantt-diagrammide ja kohandatavate armatuurlaudade abil saate h\u00f5lpsasti j\u00e4lgida projekti edenemist, tuvastada kitsaskohti ja kohandada ajakava vastavalt vajadusele.<\/li><li>Koost\u00f6\u00f6 lihtsaks tehtud: Wrike'i koost\u00f6\u00f6funktsioonide abil saavad meeskonnad suhelda, jagada faile ja t\u00f6\u00f6tada koos reaalajas, olenemata sellest, kus nad parasjagu viibivad. Saate m\u00e4\u00e4rata \u00fclesannete s\u00f5ltuvusi, m\u00e4\u00e4rata rolle ja \u00f5igusi ning \u00fchtlustada heakskiitmist, et k\u00f5ik oleksid \u00fchel ja samal lehel.<\/li><li>Paindlikkus ja integratsioon: Wrike pakub paindlikkust oma integratsioonide ja API-de abil, mis v\u00f5imaldab teil \u00fchendada teisi t\u00f6\u00f6riistu ja rakendusi, mida teie meeskond juba kasutab. Wrike on integreeritud selliste populaarsete t\u00f6\u00f6riistadega nagu Salesforce, Adobe Creative Cloud ja Slack, v\u00f5imaldades sujuvat t\u00f6\u00f6voogu ja v\u00e4hendades kontekstivahetust.<\/li><\/ol>\t\t\t\t\t\t\t\t<\/div>\n\t\t\t\t\t<\/div>\n\t\t\t\t<\/div>\n\t\t\t\t<section class=\"elementor-section elementor-top-section elementor-element elementor-element-3b7aa4ea elementor-section-boxed elementor-section-height-default elementor-section-height-default\" data-id=\"3b7aa4ea\" data-element_type=\"section\" data-e-type=\"section\">\n\t\t\t\t\t\t<div class=\"elementor-container elementor-column-gap-default\">\n\t\t\t\t\t<div class=\"elementor-column elementor-col-50 elementor-top-column elementor-element elementor-element-6cdc4cb\" data-id=\"6cdc4cb\" data-element_type=\"column\" data-e-type=\"column\">\n\t\t\t<div class=\"elementor-widget-wrap\">\n\t\t\t\t\t\t\t<\/div>\n\t\t<\/div>\n\t\t\t\t<div class=\"elementor-column elementor-col-50 elementor-top-column elementor-element elementor-element-6c19a00c\" data-id=\"6c19a00c\" data-element_type=\"column\" data-e-type=\"column\">\n\t\t\t<div class=\"elementor-widget-wrap elementor-element-populated\">\n\t\t\t\t\t\t<div class=\"elementor-element elementor-element-90e9bca elementor-widget elementor-widget-image\" data-id=\"90e9bca\" data-element_type=\"widget\" data-e-type=\"widget\" data-widget_type=\"image.default\">\n\t\t\t\t\t\t\t\t\t\t\t\t\t\t\t\t<a href=\"https:\/\/www.wrike.com\" target=\"_blank\" rel=\"noopener\">\n\t\t\t\t\t\t\t<img decoding=\"async\" width=\"300\" height=\"60\" src=\"https:\/\/mosaic.ee\/wp-content\/uploads\/2023\/08\/Wrike-300x60.png\" class=\"attachment-medium size-medium wp-image-1197\" alt=\"\" srcset=\"https:\/\/mosaic.ee\/wp-content\/uploads\/2023\/08\/Wrike-300x60.png 300w, https:\/\/mosaic.ee\/wp-content\/uploads\/2023\/08\/Wrike-1024x204.png 1024w, https:\/\/mosaic.ee\/wp-content\/uploads\/2023\/08\/Wrike-768x153.png 768w, https:\/\/mosaic.ee\/wp-content\/uploads\/2023\/08\/Wrike-1536x306.png 1536w, https:\/\/mosaic.ee\/wp-content\/uploads\/2023\/08\/Wrike-2048x408.png 2048w, https:\/\/mosaic.ee\/wp-content\/uploads\/2023\/08\/Wrike-18x4.png 18w\" sizes=\"(max-width: 300px) 100vw, 300px\" \/>\t\t\t\t\t\t\t\t<\/a>\n\t\t\t\t\t\t\t\t\t\t\t\t\t\t\t<\/div>\n\t\t\t\t\t<\/div>\n\t\t<\/div>\n\t\t\t\t\t<\/div>\n\t\t<\/section>\n\t\t<div class=\"elementor-element elementor-element-3c1c9a8c e-flex e-con-boxed e-con e-parent\" data-id=\"3c1c9a8c\" data-element_type=\"container\" data-e-type=\"container\">\n\t\t\t\t\t<div class=\"e-con-inner\">\n\t\t\t\t<div class=\"elementor-element elementor-element-4d0705b elementor-widget elementor-widget-heading\" data-id=\"4d0705b\" data-element_type=\"widget\" data-e-type=\"widget\" data-widget_type=\"heading.default\">\n\t\t\t\t\t<h2 class=\"elementor-heading-title elementor-size-large\">Miks osta Wrike'i Mosaicilt?<\/h2>\t\t\t\t<\/div>\n\t\t\t\t\t<\/div>\n\t\t\t\t<\/div>\n\t\t<div class=\"elementor-element elementor-element-65baf1c8 e-flex e-con-boxed e-con e-parent\" data-id=\"65baf1c8\" data-element_type=\"container\" data-e-type=\"container\">\n\t\t\t\t\t<div class=\"e-con-inner\">\n\t\t\t\t<div class=\"elementor-element elementor-element-cf739de elementor-widget elementor-widget-text-editor\" data-id=\"cf739de\" data-element_type=\"widget\" data-e-type=\"widget\" data-widget_type=\"text-editor.default\">\n\t\t\t\t\t\t\t\t\t<div><p><span lang=\"EN-GB\">Mosaic on Wrike'i partner ja Wrike'i tarkvaralahenduste volitatud edasim\u00fc\u00fcja. Wrike'i partnerina saame aidata teil valida teie ettev\u00f5ttele sobivad Wrike'i t\u00f6\u00f6riistad, olgu teil siis vaja projektijuhtimise, meeskonnat\u00f6\u00f6 v\u00f5i turunduse automatiseerimise lahendusi.<\/span><\/p><\/div><div><p><span lang=\"EN-GB\">Wrike'i volitatud edasim\u00fc\u00fcjana on meil juurdep\u00e4\u00e4s uusimatele toodetele ja teenustele, mis tagab teile k\u00f5ige ajakohasemad lahendused. Lisaks sellele v\u00f5imaldab meie tarkvaralitsentside alane asjatundlikkus pakkuda kohandatud lahendusi teie unikaalsetele \u00e4rivajadustele. Oleme uhked kiire hinnapakkumiste koostamise ja tarnimise teenuse \u00fcle, mis tagab, et saate kiiresti rakendada vajalikud lahendused.<\/span><\/p><\/div><div><p><span lang=\"EN-GB\">V\u00f5tke meiega juba t\u00e4na \u00fchendust, et saada rohkem teavet meie Wrike'i tarkvaralahenduste kohta ja selle kohta, kuidas me saame aidata teie projektijuhtimise protsesse t\u00e4iustada.<\/span><\/p><\/div>\t\t\t\t\t\t\t\t<\/div>\n\t\t\t\t\t<\/div>\n\t\t\t\t<\/div>\n\t\t\t\t<section class=\"elementor-section elementor-top-section elementor-element elementor-element-27948ac elementor-section-boxed elementor-section-height-default elementor-section-height-default\" data-id=\"27948ac\" data-element_type=\"section\" data-e-type=\"section\">\n\t\t\t\t\t\t<div class=\"elementor-container elementor-column-gap-default\">\n\t\t\t\t\t<div class=\"elementor-column elementor-col-50 elementor-top-column elementor-element elementor-element-1434b696\" data-id=\"1434b696\" data-element_type=\"column\" data-e-type=\"column\">\n\t\t\t<div class=\"elementor-widget-wrap\">\n\t\t\t\t\t\t\t<\/div>\n\t\t<\/div>\n\t\t\t\t<div class=\"elementor-column elementor-col-50 elementor-top-column elementor-element elementor-element-32082b26\" data-id=\"32082b26\" data-element_type=\"column\" data-e-type=\"column\">\n\t\t\t<div class=\"elementor-widget-wrap elementor-element-populated\">\n\t\t\t\t\t\t<div class=\"elementor-element elementor-element-7df060e7 elementor-widget elementor-widget-image\" data-id=\"7df060e7\" data-element_type=\"widget\" data-e-type=\"widget\" data-widget_type=\"image.default\">\n\t\t\t\t\t\t\t\t\t\t\t\t\t\t\t\t<a href=\"https:\/\/www.wrike.com\" target=\"_blank\" rel=\"noopener\">\n\t\t\t\t\t\t\t<img decoding=\"async\" width=\"800\" height=\"159\" src=\"https:\/\/mosaic.ee\/wp-content\/uploads\/2023\/08\/Wrike-1024x204.png\" class=\"attachment-large size-large wp-image-1197\" alt=\"\" srcset=\"https:\/\/mosaic.ee\/wp-content\/uploads\/2023\/08\/Wrike-1024x204.png 1024w, https:\/\/mosaic.ee\/wp-content\/uploads\/2023\/08\/Wrike-300x60.png 300w, https:\/\/mosaic.ee\/wp-content\/uploads\/2023\/08\/Wrike-768x153.png 768w, https:\/\/mosaic.ee\/wp-content\/uploads\/2023\/08\/Wrike-1536x306.png 1536w, https:\/\/mosaic.ee\/wp-content\/uploads\/2023\/08\/Wrike-2048x408.png 2048w, https:\/\/mosaic.ee\/wp-content\/uploads\/2023\/08\/Wrike-18x4.png 18w\" sizes=\"(max-width: 800px) 100vw, 800px\" \/>\t\t\t\t\t\t\t\t<\/a>\n\t\t\t\t\t\t\t\t\t\t\t\t\t\t\t<\/div>\n\t\t\t\t\t<\/div>\n\t\t<\/div>\n\t\t\t\t\t<\/div>\n\t\t<\/section>\n\t\t\t\t<\/div>","protected":false},"excerpt":{"rendered":"<p>Streamline Your Project Management with Wrike Why Wrike Software? Wrike is a cloud-based project management software that helps teams collaborate, streamline workflows, and increase productivity. With Wrike, you can organize tasks, communicate with team members, and track progress in real-time, ensuring that your projects stay on track and on budget. Here are some key benefits [&hellip;]<\/p>\n","protected":false},"author":1,"featured_media":0,"parent":0,"menu_order":0,"comment_status":"closed","ping_status":"closed","template":"","meta":{"content-type":"","footnotes":""},"class_list":["post-1194","page","type-page","status-publish","hentry"],"_links":{"self":[{"href":"https:\/\/mosaic.ee\/et\/wp-json\/wp\/v2\/pages\/1194","targetHints":{"allow":["GET"]}}],"collection":[{"href":"https:\/\/mosaic.ee\/et\/wp-json\/wp\/v2\/pages"}],"about":[{"href":"https:\/\/mosaic.ee\/et\/wp-json\/wp\/v2\/types\/page"}],"author":[{"embeddable":true,"href":"https:\/\/mosaic.ee\/et\/wp-json\/wp\/v2\/users\/1"}],"replies":[{"embeddable":true,"href":"https:\/\/mosaic.ee\/et\/wp-json\/wp\/v2\/comments?post=1194"}],"version-history":[{"count":7,"href":"https:\/\/mosaic.ee\/et\/wp-json\/wp\/v2\/pages\/1194\/revisions"}],"predecessor-version":[{"id":1690,"href":"https:\/\/mosaic.ee\/et\/wp-json\/wp\/v2\/pages\/1194\/revisions\/1690"}],"wp:attachment":[{"href":"https:\/\/mosaic.ee\/et\/wp-json\/wp\/v2\/media?parent=1194"}],"curies":[{"name":"wp","href":"https:\/\/api.w.org\/{rel}","templated":true}]}}