{"id":1180,"date":"2023-08-17T15:45:42","date_gmt":"2023-08-17T12:45:42","guid":{"rendered":"https:\/\/mosaic.ee\/?page_id=1180"},"modified":"2024-06-03T12:46:29","modified_gmt":"2024-06-03T09:46:29","slug":"mine","status":"publish","type":"page","link":"https:\/\/mosaic.ee\/et\/goto\/","title":{"rendered":"GoTo"},"content":{"rendered":"<div data-elementor-type=\"wp-page\" data-elementor-id=\"1180\" class=\"elementor elementor-1180\" data-elementor-post-type=\"page\">\n\t\t\t\t\t\t<section class=\"elementor-section elementor-top-section elementor-element elementor-element-48bd9b87 elementor-section-boxed elementor-section-height-default elementor-section-height-default\" data-id=\"48bd9b87\" data-element_type=\"section\" data-e-type=\"section\">\n\t\t\t\t\t\t<div class=\"elementor-container elementor-column-gap-default\">\n\t\t\t\t\t<div class=\"elementor-column elementor-col-100 elementor-top-column elementor-element elementor-element-7bd7d476\" data-id=\"7bd7d476\" data-element_type=\"column\" data-e-type=\"column\">\n\t\t\t<div class=\"elementor-widget-wrap elementor-element-populated\">\n\t\t\t\t\t\t<div class=\"elementor-element elementor-element-bad5f7d elementor-widget elementor-widget-heading\" data-id=\"bad5f7d\" data-element_type=\"widget\" data-e-type=\"widget\" data-widget_type=\"heading.default\">\n\t\t\t\t\t<h2 class=\"elementor-heading-title elementor-size-xl\">Tootlikkuse ja koost\u00f6\u00f6 suurendamine Mosaici GoTo tarkvaralahenduste abil <\/h2>\t\t\t\t<\/div>\n\t\t\t\t\t<\/div>\n\t\t<\/div>\n\t\t\t\t\t<\/div>\n\t\t<\/section>\n\t\t<div class=\"elementor-element elementor-element-48ae3ff2 e-flex e-con-boxed e-con e-parent\" data-id=\"48ae3ff2\" data-element_type=\"container\" data-e-type=\"container\">\n\t\t\t\t\t<div class=\"e-con-inner\">\n\t\t\t\t<div class=\"elementor-element elementor-element-72c24d9b elementor-widget elementor-widget-image\" data-id=\"72c24d9b\" data-element_type=\"widget\" data-e-type=\"widget\" data-widget_type=\"image.default\">\n\t\t\t\t\t\t\t\t\t\t\t\t\t\t\t<img fetchpriority=\"high\" decoding=\"async\" width=\"768\" height=\"358\" src=\"https:\/\/mosaic.ee\/wp-content\/uploads\/2023\/08\/vectorstock_45987129_transparent-768x358.png\" class=\"attachment-medium_large size-medium_large wp-image-1184\" alt=\"\" srcset=\"https:\/\/mosaic.ee\/wp-content\/uploads\/2023\/08\/vectorstock_45987129_transparent-768x358.png 768w, https:\/\/mosaic.ee\/wp-content\/uploads\/2023\/08\/vectorstock_45987129_transparent-300x140.png 300w, https:\/\/mosaic.ee\/wp-content\/uploads\/2023\/08\/vectorstock_45987129_transparent-1024x477.png 1024w, https:\/\/mosaic.ee\/wp-content\/uploads\/2023\/08\/vectorstock_45987129_transparent-1536x716.png 1536w, https:\/\/mosaic.ee\/wp-content\/uploads\/2023\/08\/vectorstock_45987129_transparent-2048x954.png 2048w, https:\/\/mosaic.ee\/wp-content\/uploads\/2023\/08\/vectorstock_45987129_transparent-18x8.png 18w\" sizes=\"(max-width: 768px) 100vw, 768px\" \/>\t\t\t\t\t\t\t\t\t\t\t\t\t\t\t<\/div>\n\t\t\t\t\t<\/div>\n\t\t\t\t<\/div>\n\t\t<div class=\"elementor-element elementor-element-4768712e e-flex e-con-boxed e-con e-parent\" data-id=\"4768712e\" data-element_type=\"container\" data-e-type=\"container\">\n\t\t\t\t\t<div class=\"e-con-inner\">\n\t\t\t\t<div class=\"elementor-element elementor-element-786f26b9 elementor-widget elementor-widget-heading\" data-id=\"786f26b9\" data-element_type=\"widget\" data-e-type=\"widget\" data-widget_type=\"heading.default\">\n\t\t\t\t\t<h2 class=\"elementor-heading-title elementor-size-large\">Miks GoTo tarkvara?<\/h2>\t\t\t\t<\/div>\n\t\t\t\t\t<\/div>\n\t\t\t\t<\/div>\n\t\t<div class=\"elementor-element elementor-element-6e5339d e-flex e-con-boxed e-con e-parent\" data-id=\"6e5339d\" data-element_type=\"container\" data-e-type=\"container\">\n\t\t\t\t\t<div class=\"e-con-inner\">\n\t\t\t\t<div class=\"elementor-element elementor-element-4a201cff elementor-widget elementor-widget-text-editor\" data-id=\"4a201cff\" data-element_type=\"widget\" data-e-type=\"widget\" data-widget_type=\"text-editor.default\">\n\t\t\t\t\t\t\t\t\t<div><p><span lang=\"EN-GB\"><span style=\"color: #3366ff;\"><a style=\"color: #3366ff;\" href=\"https:\/\/www.goto.com\" target=\"_blank\" rel=\"noopener\">GoTo<\/a><\/span> on juhtiv pilvep\u00f5hise koost\u00f6\u00f6- ja tootlikkustarkvara pakkuja, mis aitab ettev\u00f5tetel oma meeskondade ja klientidega suhelda. GoTo tarkvara abil saate korraldada virtuaalseid koosolekuid, veebiseminare ja koolitusi ning pakkuda kaugtuge ja juurdep\u00e4\u00e4su oma s\u00fcsteemidele, ja seda k\u00f5ike \u00fchel platvormil.<\/span><\/p><\/div><div><p><span lang=\"EN-GB\">GoTo tarkvarapakkumiste hulka kuuluvad GoToMeeting, GoToWebinar, GoToTraining, GoToAssist ja palju muud, mis teeb sellest olulise vahendi ettev\u00f5tetele, kes soovivad suurendada oma tootlikkust ja t\u00f5hustada oma tegevust. GoTo abil saate suurendada oma meeskonna koost\u00f6\u00f6d ja kaasatust, parandada klienditeenindust ning v\u00e4hendada reisi- ja IT-kulusid.<\/span><\/p><\/div><div><p><span lang=\"EN-GB\">Siin on kolm peamist kasu <span style=\"color: #3366ff;\"><a style=\"color: #3366ff;\" href=\"https:\/\/www.goto.com\" target=\"_blank\" rel=\"noopener\">GoTo<\/a><\/span> tarkvaralahendused:<\/span><\/p><\/div><div><ol><li><span lang=\"EN-GB\">\u00d5mblusteta koost\u00f6\u00f6: GoTo pakub h\u00f5lpsasti kasutatavaid koost\u00f6\u00f6vahendeid, mis v\u00f5imaldavad teie meeskonnal luua \u00fchendust ja t\u00f6\u00f6tada koos, olenemata sellest, kus nad asuvad. Selliste funktsioonidega nagu ekraani jagamine, salvestamine ja failide jagamine saate suurendada oma meeskonna tootlikkust ja \u00fchtlustada t\u00f6\u00f6vooge. <\/span><\/li><li><span lang=\"EN-GB\">Usaldusv\u00e4\u00e4rne j\u00f5udlus: GoTo pakub ettev\u00f5tte tasemel t\u00f6\u00f6kindlust, tagades, et teie koosolekud, veebiseminarid ja muud sessioonid kulgevad sujuvalt ja katkestusteta. T\u00e4nu 24\/7 klienditoele v\u00f5ite usaldada GoTo'd, et teie \u00e4ri toimiks t\u00f5rgeteta.<\/span><\/li><li><span lang=\"EN-GB\">Paindlik kasutuselev\u00f5tt: GoTo tarkvaralahendused on paindlikud, v\u00f5imaldades teil valida teie ettev\u00f5ttele sobivaima kasutuselev\u00f5tu v\u00f5imaluse, olgu see siis pilves, kohapeal v\u00f5i h\u00fcbriidselt.<\/span><\/li><\/ol><\/div>\t\t\t\t\t\t\t\t<\/div>\n\t\t\t\t\t<\/div>\n\t\t\t\t<\/div>\n\t\t\t\t<section class=\"elementor-section elementor-top-section elementor-element elementor-element-14764603 elementor-section-boxed elementor-section-height-default elementor-section-height-default\" data-id=\"14764603\" data-element_type=\"section\" data-e-type=\"section\">\n\t\t\t\t\t\t<div class=\"elementor-container elementor-column-gap-default\">\n\t\t\t\t\t<div class=\"elementor-column elementor-col-50 elementor-top-column elementor-element elementor-element-569d40eb\" data-id=\"569d40eb\" data-element_type=\"column\" data-e-type=\"column\">\n\t\t\t<div class=\"elementor-widget-wrap\">\n\t\t\t\t\t\t\t<\/div>\n\t\t<\/div>\n\t\t\t\t<div class=\"elementor-column elementor-col-50 elementor-top-column elementor-element elementor-element-62de91fe\" data-id=\"62de91fe\" data-element_type=\"column\" data-e-type=\"column\">\n\t\t\t<div class=\"elementor-widget-wrap elementor-element-populated\">\n\t\t\t\t\t\t<div class=\"elementor-element elementor-element-62c38fe elementor-widget elementor-widget-image\" data-id=\"62c38fe\" data-element_type=\"widget\" data-e-type=\"widget\" data-widget_type=\"image.default\">\n\t\t\t\t\t\t\t\t\t\t\t\t\t\t\t\t<a href=\"https:\/\/www.goto.com\" target=\"_blank\" rel=\"noopener\">\n\t\t\t\t\t\t\t<img decoding=\"async\" width=\"300\" height=\"148\" src=\"https:\/\/mosaic.ee\/wp-content\/uploads\/2023\/08\/GoTo_RGB_Black_Yellow-300x148.png\" class=\"attachment-medium size-medium wp-image-1183\" alt=\"\" srcset=\"https:\/\/mosaic.ee\/wp-content\/uploads\/2023\/08\/GoTo_RGB_Black_Yellow-300x148.png 300w, https:\/\/mosaic.ee\/wp-content\/uploads\/2023\/08\/GoTo_RGB_Black_Yellow-768x379.png 768w, https:\/\/mosaic.ee\/wp-content\/uploads\/2023\/08\/GoTo_RGB_Black_Yellow-18x9.png 18w, https:\/\/mosaic.ee\/wp-content\/uploads\/2023\/08\/GoTo_RGB_Black_Yellow.png 1000w\" sizes=\"(max-width: 300px) 100vw, 300px\" \/>\t\t\t\t\t\t\t\t<\/a>\n\t\t\t\t\t\t\t\t\t\t\t\t\t\t\t<\/div>\n\t\t\t\t\t<\/div>\n\t\t<\/div>\n\t\t\t\t\t<\/div>\n\t\t<\/section>\n\t\t<div class=\"elementor-element elementor-element-176c9808 e-flex e-con-boxed e-con e-parent\" data-id=\"176c9808\" data-element_type=\"container\" data-e-type=\"container\">\n\t\t\t\t\t<div class=\"e-con-inner\">\n\t\t\t\t<div class=\"elementor-element elementor-element-7456574c elementor-widget elementor-widget-heading\" data-id=\"7456574c\" data-element_type=\"widget\" data-e-type=\"widget\" data-widget_type=\"heading.default\">\n\t\t\t\t\t<h2 class=\"elementor-heading-title elementor-size-large\">Miks osta GoTo't Mosaicilt?<\/h2>\t\t\t\t<\/div>\n\t\t\t\t\t<\/div>\n\t\t\t\t<\/div>\n\t\t<div class=\"elementor-element elementor-element-12fcfd0a e-flex e-con-boxed e-con e-parent\" data-id=\"12fcfd0a\" data-element_type=\"container\" data-e-type=\"container\">\n\t\t\t\t\t<div class=\"e-con-inner\">\n\t\t\t\t<div class=\"elementor-element elementor-element-7bd3ce4d elementor-widget elementor-widget-text-editor\" data-id=\"7bd3ce4d\" data-element_type=\"widget\" data-e-type=\"widget\" data-widget_type=\"text-editor.default\">\n\t\t\t\t\t\t\t\t\t<div><p><span lang=\"EN-GB\">Mosaic on GoTo tarkvaralahenduste edasim\u00fc\u00fcja partner. Meie ekspertide meeskond aitab teil valida teie ettev\u00f5ttele sobivad GoTo t\u00f6\u00f6riistad, olgu teil siis vaja GoToMeeting, GoToWebinar, GoToTraining, GoToAssist v\u00f5i muid lahendusi.<\/span><\/p><\/div><div><p><span lang=\"EN-GB\">GoTo edasim\u00fc\u00fcgipartnerina on meil juurdep\u00e4\u00e4s uusimatele toodetele ja teenustele, mis tagab, et saate k\u00f5ige uuemad lahendused. Lisaks sellele v\u00f5imaldab meie tarkvaralitsentside alane asjatundlikkus pakkuda kohandatud lahendusi teie unikaalsetele \u00e4rivajadustele. Oleme uhked kiire hinnapakkumiste koostamise ja tarnimise teenuse \u00fcle, tagades, et saate kiiresti rakendada vajalikud lahendused.<\/span><\/p><\/div><div><p><span lang=\"EN-GB\">Mosaic on p\u00fchendunud sellele, et pakkuda oma klientidele parimaid v\u00f5imalikke pakkumisi. V\u00f5tke meiega juba t\u00e4na \u00fchendust, et saada rohkem teavet meie GoTo tarkvaralahenduste kohta ja selle kohta, kuidas me saame aidata teil suurendada tootlikkust ja koost\u00f6\u00f6d teie ettev\u00f5ttes.<\/span><\/p><\/div>\t\t\t\t\t\t\t\t<\/div>\n\t\t\t\t\t<\/div>\n\t\t\t\t<\/div>\n\t\t\t\t<section class=\"elementor-section elementor-top-section elementor-element elementor-element-1b84da5a elementor-section-boxed elementor-section-height-default elementor-section-height-default\" data-id=\"1b84da5a\" data-element_type=\"section\" data-e-type=\"section\">\n\t\t\t\t\t\t<div class=\"elementor-container elementor-column-gap-default\">\n\t\t\t\t\t<div class=\"elementor-column elementor-col-50 elementor-top-column elementor-element elementor-element-17264d62\" data-id=\"17264d62\" data-element_type=\"column\" data-e-type=\"column\">\n\t\t\t<div class=\"elementor-widget-wrap\">\n\t\t\t\t\t\t\t<\/div>\n\t\t<\/div>\n\t\t\t\t<div class=\"elementor-column elementor-col-50 elementor-top-column elementor-element elementor-element-66d3d025\" data-id=\"66d3d025\" data-element_type=\"column\" data-e-type=\"column\">\n\t\t\t<div class=\"elementor-widget-wrap elementor-element-populated\">\n\t\t\t\t\t\t<div class=\"elementor-element elementor-element-6d633315 elementor-widget elementor-widget-image\" data-id=\"6d633315\" data-element_type=\"widget\" data-e-type=\"widget\" data-widget_type=\"image.default\">\n\t\t\t\t\t\t\t\t\t\t\t\t\t\t\t\t<a href=\"https:\/\/www.goto.com\" target=\"_blank\" rel=\"noopener\">\n\t\t\t\t\t\t\t<img decoding=\"async\" width=\"617\" height=\"520\" src=\"https:\/\/mosaic.ee\/wp-content\/uploads\/2023\/07\/GoTo-Partner-Logo-Vert_HEX.png\" class=\"attachment-large size-large wp-image-403\" alt=\"\" srcset=\"https:\/\/mosaic.ee\/wp-content\/uploads\/2023\/07\/GoTo-Partner-Logo-Vert_HEX.png 617w, https:\/\/mosaic.ee\/wp-content\/uploads\/2023\/07\/GoTo-Partner-Logo-Vert_HEX-300x253.png 300w\" sizes=\"(max-width: 617px) 100vw, 617px\" \/>\t\t\t\t\t\t\t\t<\/a>\n\t\t\t\t\t\t\t\t\t\t\t\t\t\t\t<\/div>\n\t\t\t\t\t<\/div>\n\t\t<\/div>\n\t\t\t\t\t<\/div>\n\t\t<\/section>\n\t\t\t\t<\/div>","protected":false},"excerpt":{"rendered":"<p>Drive Productivity and Collaboration with GoTo Software Solutions from Mosaic Why GoTo Software? GoTo is a leading provider of cloud-based collaboration and productivity software that helps businesses connect and communicate with their teams and customers. With GoTo software, you can host virtual meetings, webinars, and training sessions, and provide remote support and access to your [&hellip;]<\/p>\n","protected":false},"author":1,"featured_media":0,"parent":0,"menu_order":0,"comment_status":"closed","ping_status":"closed","template":"","meta":{"content-type":"","footnotes":""},"class_list":["post-1180","page","type-page","status-publish","hentry"],"_links":{"self":[{"href":"https:\/\/mosaic.ee\/et\/wp-json\/wp\/v2\/pages\/1180","targetHints":{"allow":["GET"]}}],"collection":[{"href":"https:\/\/mosaic.ee\/et\/wp-json\/wp\/v2\/pages"}],"about":[{"href":"https:\/\/mosaic.ee\/et\/wp-json\/wp\/v2\/types\/page"}],"author":[{"embeddable":true,"href":"https:\/\/mosaic.ee\/et\/wp-json\/wp\/v2\/users\/1"}],"replies":[{"embeddable":true,"href":"https:\/\/mosaic.ee\/et\/wp-json\/wp\/v2\/comments?post=1180"}],"version-history":[{"count":7,"href":"https:\/\/mosaic.ee\/et\/wp-json\/wp\/v2\/pages\/1180\/revisions"}],"predecessor-version":[{"id":1582,"href":"https:\/\/mosaic.ee\/et\/wp-json\/wp\/v2\/pages\/1180\/revisions\/1582"}],"wp:attachment":[{"href":"https:\/\/mosaic.ee\/et\/wp-json\/wp\/v2\/media?parent=1180"}],"curies":[{"name":"wp","href":"https:\/\/api.w.org\/{rel}","templated":true}]}}