{"id":1153,"date":"2023-08-17T15:22:37","date_gmt":"2023-08-17T12:22:37","guid":{"rendered":"https:\/\/mosaic.ee\/?page_id=1153"},"modified":"2024-06-03T14:55:16","modified_gmt":"2024-06-03T11:55:16","slug":"tanium","status":"publish","type":"page","link":"https:\/\/mosaic.ee\/et\/tanium\/","title":{"rendered":"Tanium"},"content":{"rendered":"<div data-elementor-type=\"wp-page\" data-elementor-id=\"1153\" class=\"elementor elementor-1153\" data-elementor-post-type=\"page\">\n\t\t\t\t\t\t<section class=\"elementor-section elementor-top-section elementor-element elementor-element-22c68eb elementor-section-boxed elementor-section-height-default elementor-section-height-default\" data-id=\"22c68eb\" data-element_type=\"section\" data-e-type=\"section\">\n\t\t\t\t\t\t<div class=\"elementor-container elementor-column-gap-default\">\n\t\t\t\t\t<div class=\"elementor-column elementor-col-100 elementor-top-column elementor-element elementor-element-712956ec\" data-id=\"712956ec\" data-element_type=\"column\" data-e-type=\"column\">\n\t\t\t<div class=\"elementor-widget-wrap elementor-element-populated\">\n\t\t\t\t\t\t<div class=\"elementor-element elementor-element-78ffbd8e elementor-widget elementor-widget-heading\" data-id=\"78ffbd8e\" data-element_type=\"widget\" data-e-type=\"widget\" data-widget_type=\"heading.default\">\n\t\t\t\t\t<h2 class=\"elementor-heading-title elementor-size-xl\">Revolutsiooniline IT-turvalisus ja -juhtimine koos Taniumiga Mosaic'ilt <\/h2>\t\t\t\t<\/div>\n\t\t\t\t\t<\/div>\n\t\t<\/div>\n\t\t\t\t\t<\/div>\n\t\t<\/section>\n\t\t<div class=\"elementor-element elementor-element-3c98631 e-flex e-con-boxed e-con e-parent\" data-id=\"3c98631\" data-element_type=\"container\" data-e-type=\"container\">\n\t\t\t\t\t<div class=\"e-con-inner\">\n\t\t\t\t<div class=\"elementor-element elementor-element-4e08d1d5 elementor-widget elementor-widget-image\" data-id=\"4e08d1d5\" data-element_type=\"widget\" data-e-type=\"widget\" data-widget_type=\"image.default\">\n\t\t\t\t\t\t\t\t\t\t\t\t\t\t\t<img fetchpriority=\"high\" decoding=\"async\" width=\"768\" height=\"289\" src=\"https:\/\/mosaic.ee\/wp-content\/uploads\/2023\/08\/vectorstock_32262770_transparent-768x289.png\" class=\"attachment-medium_large size-medium_large wp-image-1157\" alt=\"\" srcset=\"https:\/\/mosaic.ee\/wp-content\/uploads\/2023\/08\/vectorstock_32262770_transparent-768x289.png 768w, https:\/\/mosaic.ee\/wp-content\/uploads\/2023\/08\/vectorstock_32262770_transparent-300x113.png 300w, https:\/\/mosaic.ee\/wp-content\/uploads\/2023\/08\/vectorstock_32262770_transparent-1024x385.png 1024w, https:\/\/mosaic.ee\/wp-content\/uploads\/2023\/08\/vectorstock_32262770_transparent-1536x577.png 1536w, https:\/\/mosaic.ee\/wp-content\/uploads\/2023\/08\/vectorstock_32262770_transparent-2048x770.png 2048w, https:\/\/mosaic.ee\/wp-content\/uploads\/2023\/08\/vectorstock_32262770_transparent-18x7.png 18w\" sizes=\"(max-width: 768px) 100vw, 768px\" \/>\t\t\t\t\t\t\t\t\t\t\t\t\t\t\t<\/div>\n\t\t\t\t\t<\/div>\n\t\t\t\t<\/div>\n\t\t<div class=\"elementor-element elementor-element-7b3e91de e-flex e-con-boxed e-con e-parent\" data-id=\"7b3e91de\" data-element_type=\"container\" data-e-type=\"container\">\n\t\t\t\t\t<div class=\"e-con-inner\">\n\t\t\t\t<div class=\"elementor-element elementor-element-1ab3634a elementor-widget elementor-widget-heading\" data-id=\"1ab3634a\" data-element_type=\"widget\" data-e-type=\"widget\" data-widget_type=\"heading.default\">\n\t\t\t\t\t<h2 class=\"elementor-heading-title elementor-size-large\">Miks Tanium tarkvara?<\/h2>\t\t\t\t<\/div>\n\t\t\t\t\t<\/div>\n\t\t\t\t<\/div>\n\t\t<div class=\"elementor-element elementor-element-5642a8a0 e-flex e-con-boxed e-con e-parent\" data-id=\"5642a8a0\" data-element_type=\"container\" data-e-type=\"container\">\n\t\t\t\t\t<div class=\"e-con-inner\">\n\t\t\t\t<div class=\"elementor-element elementor-element-24f09b38 elementor-widget elementor-widget-text-editor\" data-id=\"24f09b38\" data-element_type=\"widget\" data-e-type=\"widget\" data-widget_type=\"text-editor.default\">\n\t\t\t\t\t\t\t\t\t<div><p><span lang=\"EN-GB\"><span style=\"color: #3366ff;\"><a style=\"color: #3366ff;\" href=\"https:\/\/www.tanium.com\" target=\"_blank\" rel=\"noopener\">Tanium<\/a><\/span> on juhtiv \u00fchtlustatud l\u00f5pp-punktide haldus- ja turvalahenduste pakkuja, mis aitab ettev\u00f5tetel hallata ja turvata oma IT-infrastruktuuri. Taniumi tarkvara abil saate oma l\u00f5pp-punktide \u00fcle n\u00e4htavust ja kontrolli, v\u00e4hendada r\u00fcndepinda ning automatiseerida turva- ja haldust\u00f6\u00f6de voogusid.<\/span><\/p><\/div><div><p><span lang=\"EN-GB\">Taniumi tarkvarapakkumised h\u00f5lmavad \u00fchtlustatud l\u00f5pp-punktide haldamist, ohtude tuvastamist ja reageerimist, paranduste haldamist, vastavust ja varade inventeerimist, mis teeb sellest olulise vahendi ettev\u00f5tetele, kes soovivad olla ajast ja arust ees. Taniumiga saate moderniseerida oma IT-infrastruktuuri, parandada turvapositsiooni ja v\u00e4hendada tegevuskulusid.<\/span><\/p><\/div><div><p><span lang=\"EN-GB\">Siin on kolm peamist kasu <span style=\"color: #3366ff;\"><a style=\"color: #3366ff;\" href=\"https:\/\/www.tanium.com\" target=\"_blank\" rel=\"noopener\">Tanium<\/a><\/span> tarkvaralahendused:<\/span><\/p><\/div><div><ol><li><span lang=\"EN-GB\">Reaalajas n\u00e4htavus ja kontroll: Tanium pakub reaalajas n\u00e4htavust ja kontrolli teie l\u00f5pp-punktide \u00fcle, v\u00f5imaldades teil kiiresti tuvastada turvaintsidente ja haavatavusi ning neile reageerida. T\u00e4nu v\u00f5imalusele otsida ja otsida andmeid miljonitest l\u00f5pp-punktidest sekundite jooksul, saate tagada, et teie turva- ja haldustoimingud on alati ajakohased ja t\u00f5husad. <\/span><\/li><li><span lang=\"EN-GB\">Automatiseerimine ja skaleeritavus: Taniumi tarkvaralahendused on k\u00f5rgelt automatiseeritud ja skaleeritavad, mis v\u00f5imaldab teil oma t\u00f6\u00f6vooge sujuvamaks muuta ja oma tegevust laiendada, kui teie ettev\u00f5te kasvab. T\u00e4nu automatiseerimis- ja skriptimisv\u00f5imalustele saate v\u00e4hendada k\u00e4sitsi tehtavaid \u00fclesandeid ja vabastada oma IT-personali, et keskenduda strateegilisematele algatustele.<\/span><\/li><li><span lang=\"EN-GB\">P\u00f5hjalik turvalisus ja n\u00f5uetele vastavus: Tanium pakub terviklikke turva- ja vastavuslahendusi, mis tagavad, et teie IT-infrastruktuur ja l\u00f5pp-punktid vastavad t\u00f6\u00f6stusstandarditele ja eeskirjadele. T\u00e4nu sellistele funktsioonidele nagu haavatavuse juhtimine, paranduste haldamine ja konfiguratsioonihaldus saate s\u00e4ilitada tugeva turvalisuse ja vastavuse kogu oma IT-infrastruktuuris.<\/span><\/li><\/ol><\/div>\t\t\t\t\t\t\t\t<\/div>\n\t\t\t\t\t<\/div>\n\t\t\t\t<\/div>\n\t\t\t\t<section class=\"elementor-section elementor-top-section elementor-element elementor-element-198652e8 elementor-section-boxed elementor-section-height-default elementor-section-height-default\" data-id=\"198652e8\" data-element_type=\"section\" data-e-type=\"section\">\n\t\t\t\t\t\t<div class=\"elementor-container elementor-column-gap-default\">\n\t\t\t\t\t<div class=\"elementor-column elementor-col-50 elementor-top-column elementor-element elementor-element-3a3b4378\" data-id=\"3a3b4378\" data-element_type=\"column\" data-e-type=\"column\">\n\t\t\t<div class=\"elementor-widget-wrap\">\n\t\t\t\t\t\t\t<\/div>\n\t\t<\/div>\n\t\t\t\t<div class=\"elementor-column elementor-col-50 elementor-top-column elementor-element elementor-element-294889c0\" data-id=\"294889c0\" data-element_type=\"column\" data-e-type=\"column\">\n\t\t\t<div class=\"elementor-widget-wrap elementor-element-populated\">\n\t\t\t\t\t\t<div class=\"elementor-element elementor-element-7f6a45e8 elementor-widget elementor-widget-image\" data-id=\"7f6a45e8\" data-element_type=\"widget\" data-e-type=\"widget\" data-widget_type=\"image.default\">\n\t\t\t\t\t\t\t\t\t\t\t\t\t\t\t\t<a href=\"https:\/\/www.tanium.com\" target=\"_blank\" rel=\"noopener\">\n\t\t\t\t\t\t\t<img decoding=\"async\" width=\"300\" height=\"54\" src=\"https:\/\/mosaic.ee\/wp-content\/uploads\/2023\/08\/Tanium-logo-300x54.png\" class=\"attachment-medium size-medium wp-image-1156\" alt=\"\" srcset=\"https:\/\/mosaic.ee\/wp-content\/uploads\/2023\/08\/Tanium-logo-300x54.png 300w, https:\/\/mosaic.ee\/wp-content\/uploads\/2023\/08\/Tanium-logo-18x3.png 18w, https:\/\/mosaic.ee\/wp-content\/uploads\/2023\/08\/Tanium-logo.png 524w\" sizes=\"(max-width: 300px) 100vw, 300px\" \/>\t\t\t\t\t\t\t\t<\/a>\n\t\t\t\t\t\t\t\t\t\t\t\t\t\t\t<\/div>\n\t\t\t\t\t<\/div>\n\t\t<\/div>\n\t\t\t\t\t<\/div>\n\t\t<\/section>\n\t\t<div class=\"elementor-element elementor-element-7fa8e027 e-flex e-con-boxed e-con e-parent\" data-id=\"7fa8e027\" data-element_type=\"container\" data-e-type=\"container\">\n\t\t\t\t\t<div class=\"e-con-inner\">\n\t\t\t\t<div class=\"elementor-element elementor-element-2012d75d elementor-widget elementor-widget-heading\" data-id=\"2012d75d\" data-element_type=\"widget\" data-e-type=\"widget\" data-widget_type=\"heading.default\">\n\t\t\t\t\t<h2 class=\"elementor-heading-title elementor-size-large\">Miks osta Taniumit Mosaicilt?<\/h2>\t\t\t\t<\/div>\n\t\t\t\t\t<\/div>\n\t\t\t\t<\/div>\n\t\t<div class=\"elementor-element elementor-element-43609ddb e-flex e-con-boxed e-con e-parent\" data-id=\"43609ddb\" data-element_type=\"container\" data-e-type=\"container\">\n\t\t\t\t\t<div class=\"e-con-inner\">\n\t\t\t\t<div class=\"elementor-element elementor-element-7088b289 elementor-widget elementor-widget-text-editor\" data-id=\"7088b289\" data-element_type=\"widget\" data-e-type=\"widget\" data-widget_type=\"text-editor.default\">\n\t\t\t\t\t\t\t\t\t<div><p><span lang=\"EN-GB\">Mosaic on Taniumi partner ja Taniumi tarkvaralahenduste volitatud edasim\u00fc\u00fcja. Meie ekspertide meeskond aitab teil valida teie ettev\u00f5ttele sobivad Taniumi t\u00f6\u00f6riistad, olenemata sellest, kas vajate \u00fchtset l\u00f5pp-punktide haldamist, ohu tuvastamist ja reageerimist, paranduste haldamist, vastavust v\u00f5i varade inventeerimise lahendusi.<\/span><\/p><\/div><div><p><span lang=\"EN-GB\">Taniumi partnerina on meil juurdep\u00e4\u00e4s uusimatele toodetele ja teenustele, mis tagab teile k\u00f5ige ajakohasemad lahendused. Lisaks sellele v\u00f5imaldab meie tarkvaralitsentside alane asjatundlikkus pakkuda kohandatud lahendusi teie unikaalsetele \u00e4rivajadustele. Oleme uhked kiire hinnapakkumiste koostamise ja tarnimise teenuse \u00fcle, mis tagab, et saate kiiresti rakendada vajalikud lahendused.<\/span><\/p><\/div><div><p><span lang=\"EN-GB\">Mosaic on p\u00fchendunud sellele, et pakkuda oma klientidele parimaid v\u00f5imalikke pakkumisi. Taniumi volitatud edasim\u00fc\u00fcjana pakume konkurentsiv\u00f5imelisi hindu k\u00f5ikidele Taniumi toodetele ja teenustele. V\u00f5tke meiega juba t\u00e4na \u00fchendust, et saada rohkem teavet meie Taniumi tarkvaralahenduste kohta ja selle kohta, kuidas me saame aidata teil muuta teie IT-turvalisust ja -haldust.<\/span><\/p><\/div>\t\t\t\t\t\t\t\t<\/div>\n\t\t\t\t\t<\/div>\n\t\t\t\t<\/div>\n\t\t\t\t<section class=\"elementor-section elementor-top-section elementor-element elementor-element-7002b47a elementor-section-boxed elementor-section-height-default elementor-section-height-default\" data-id=\"7002b47a\" data-element_type=\"section\" data-e-type=\"section\">\n\t\t\t\t\t\t<div class=\"elementor-container elementor-column-gap-default\">\n\t\t\t\t\t<div class=\"elementor-column elementor-col-50 elementor-top-column elementor-element elementor-element-57d88250\" data-id=\"57d88250\" data-element_type=\"column\" data-e-type=\"column\">\n\t\t\t<div class=\"elementor-widget-wrap\">\n\t\t\t\t\t\t\t<\/div>\n\t\t<\/div>\n\t\t\t\t<div class=\"elementor-column elementor-col-50 elementor-top-column elementor-element elementor-element-7b14458a\" data-id=\"7b14458a\" data-element_type=\"column\" data-e-type=\"column\">\n\t\t\t<div class=\"elementor-widget-wrap elementor-element-populated\">\n\t\t\t\t\t\t<div class=\"elementor-element elementor-element-10df8cb7 elementor-widget elementor-widget-image\" data-id=\"10df8cb7\" data-element_type=\"widget\" data-e-type=\"widget\" data-widget_type=\"image.default\">\n\t\t\t\t\t\t\t\t\t\t\t\t\t\t\t\t<a href=\"https:\/\/www.tanium.com\" target=\"_blank\" rel=\"noopener\">\n\t\t\t\t\t\t\t<img decoding=\"async\" width=\"800\" height=\"348\" src=\"https:\/\/mosaic.ee\/wp-content\/uploads\/2023\/07\/Tanium-Partner_Advantage-Full_color-Stacked-1024x445.png\" class=\"attachment-large size-large wp-image-401\" alt=\"\" srcset=\"https:\/\/mosaic.ee\/wp-content\/uploads\/2023\/07\/Tanium-Partner_Advantage-Full_color-Stacked-1024x445.png 1024w, https:\/\/mosaic.ee\/wp-content\/uploads\/2023\/07\/Tanium-Partner_Advantage-Full_color-Stacked-300x130.png 300w, https:\/\/mosaic.ee\/wp-content\/uploads\/2023\/07\/Tanium-Partner_Advantage-Full_color-Stacked-768x334.png 768w, https:\/\/mosaic.ee\/wp-content\/uploads\/2023\/07\/Tanium-Partner_Advantage-Full_color-Stacked-1536x667.png 1536w, https:\/\/mosaic.ee\/wp-content\/uploads\/2023\/07\/Tanium-Partner_Advantage-Full_color-Stacked-2048x890.png 2048w\" sizes=\"(max-width: 800px) 100vw, 800px\" \/>\t\t\t\t\t\t\t\t<\/a>\n\t\t\t\t\t\t\t\t\t\t\t\t\t\t\t<\/div>\n\t\t\t\t\t<\/div>\n\t\t<\/div>\n\t\t\t\t\t<\/div>\n\t\t<\/section>\n\t\t\t\t<\/div>","protected":false},"excerpt":{"rendered":"<p>Revolutionize Your IT Security and Management with Tanium from Mosaic Why Tanium Software? Tanium is a leading provider of unified endpoint management and security solutions that help businesses manage and secure their IT infrastructure. With Tanium software, you can gain visibility and control over your endpoints, reduce your attack surface, and automate your security and [&hellip;]<\/p>\n","protected":false},"author":1,"featured_media":0,"parent":0,"menu_order":0,"comment_status":"closed","ping_status":"closed","template":"","meta":{"content-type":"","footnotes":""},"class_list":["post-1153","page","type-page","status-publish","hentry"],"_links":{"self":[{"href":"https:\/\/mosaic.ee\/et\/wp-json\/wp\/v2\/pages\/1153","targetHints":{"allow":["GET"]}}],"collection":[{"href":"https:\/\/mosaic.ee\/et\/wp-json\/wp\/v2\/pages"}],"about":[{"href":"https:\/\/mosaic.ee\/et\/wp-json\/wp\/v2\/types\/page"}],"author":[{"embeddable":true,"href":"https:\/\/mosaic.ee\/et\/wp-json\/wp\/v2\/users\/1"}],"replies":[{"embeddable":true,"href":"https:\/\/mosaic.ee\/et\/wp-json\/wp\/v2\/comments?post=1153"}],"version-history":[{"count":7,"href":"https:\/\/mosaic.ee\/et\/wp-json\/wp\/v2\/pages\/1153\/revisions"}],"predecessor-version":[{"id":1660,"href":"https:\/\/mosaic.ee\/et\/wp-json\/wp\/v2\/pages\/1153\/revisions\/1660"}],"wp:attachment":[{"href":"https:\/\/mosaic.ee\/et\/wp-json\/wp\/v2\/media?parent=1153"}],"curies":[{"name":"wp","href":"https:\/\/api.w.org\/{rel}","templated":true}]}}