{"id":1140,"date":"2023-08-17T15:13:45","date_gmt":"2023-08-17T12:13:45","guid":{"rendered":"https:\/\/mosaic.ee\/?page_id=1140"},"modified":"2024-06-03T14:49:56","modified_gmt":"2024-06-03T11:49:56","slug":"snyk","status":"publish","type":"page","link":"https:\/\/mosaic.ee\/et\/snyk\/","title":{"rendered":"SNYK"},"content":{"rendered":"<div data-elementor-type=\"wp-page\" data-elementor-id=\"1140\" class=\"elementor elementor-1140\" data-elementor-post-type=\"page\">\n\t\t\t\t\t\t<section class=\"elementor-section elementor-top-section elementor-element elementor-element-48a7912e elementor-section-boxed elementor-section-height-default elementor-section-height-default\" data-id=\"48a7912e\" data-element_type=\"section\" data-e-type=\"section\">\n\t\t\t\t\t\t<div class=\"elementor-container elementor-column-gap-default\">\n\t\t\t\t\t<div class=\"elementor-column elementor-col-100 elementor-top-column elementor-element elementor-element-13e381b3\" data-id=\"13e381b3\" data-element_type=\"column\" data-e-type=\"column\">\n\t\t\t<div class=\"elementor-widget-wrap elementor-element-populated\">\n\t\t\t\t\t\t<div class=\"elementor-element elementor-element-6390a75f elementor-widget elementor-widget-heading\" data-id=\"6390a75f\" data-element_type=\"widget\" data-e-type=\"widget\" data-widget_type=\"heading.default\">\n\t\t\t\t\t<h2 class=\"elementor-heading-title elementor-size-xl\">Lihtsustage oma turvalisust Mosaic Snyk tarkvara abil <\/h2>\t\t\t\t<\/div>\n\t\t\t\t\t<\/div>\n\t\t<\/div>\n\t\t\t\t\t<\/div>\n\t\t<\/section>\n\t\t<div class=\"elementor-element elementor-element-3b9c3fce e-flex e-con-boxed e-con e-parent\" data-id=\"3b9c3fce\" data-element_type=\"container\" data-e-type=\"container\">\n\t\t\t\t\t<div class=\"e-con-inner\">\n\t\t\t\t<div class=\"elementor-element elementor-element-2b2b6acd elementor-widget elementor-widget-image\" data-id=\"2b2b6acd\" data-element_type=\"widget\" data-e-type=\"widget\" data-widget_type=\"image.default\">\n\t\t\t\t\t\t\t\t\t\t\t\t\t\t\t<img fetchpriority=\"high\" decoding=\"async\" width=\"768\" height=\"382\" src=\"https:\/\/mosaic.ee\/wp-content\/uploads\/2023\/08\/vectorstock_31348544_transparent-768x382.png\" class=\"attachment-medium_large size-medium_large wp-image-1143\" alt=\"\" srcset=\"https:\/\/mosaic.ee\/wp-content\/uploads\/2023\/08\/vectorstock_31348544_transparent-768x382.png 768w, https:\/\/mosaic.ee\/wp-content\/uploads\/2023\/08\/vectorstock_31348544_transparent-300x149.png 300w, https:\/\/mosaic.ee\/wp-content\/uploads\/2023\/08\/vectorstock_31348544_transparent-1024x509.png 1024w, https:\/\/mosaic.ee\/wp-content\/uploads\/2023\/08\/vectorstock_31348544_transparent-1536x764.png 1536w, https:\/\/mosaic.ee\/wp-content\/uploads\/2023\/08\/vectorstock_31348544_transparent-2048x1019.png 2048w, https:\/\/mosaic.ee\/wp-content\/uploads\/2023\/08\/vectorstock_31348544_transparent-18x9.png 18w\" sizes=\"(max-width: 768px) 100vw, 768px\" \/>\t\t\t\t\t\t\t\t\t\t\t\t\t\t\t<\/div>\n\t\t\t\t\t<\/div>\n\t\t\t\t<\/div>\n\t\t<div class=\"elementor-element elementor-element-49b5f07 e-flex e-con-boxed e-con e-parent\" data-id=\"49b5f07\" data-element_type=\"container\" data-e-type=\"container\">\n\t\t\t\t\t<div class=\"e-con-inner\">\n\t\t\t\t<div class=\"elementor-element elementor-element-5031d55c elementor-widget elementor-widget-heading\" data-id=\"5031d55c\" data-element_type=\"widget\" data-e-type=\"widget\" data-widget_type=\"heading.default\">\n\t\t\t\t\t<h2 class=\"elementor-heading-title elementor-size-large\">Miks just SNYK tarkvara?<\/h2>\t\t\t\t<\/div>\n\t\t\t\t\t<\/div>\n\t\t\t\t<\/div>\n\t\t<div class=\"elementor-element elementor-element-1b344742 e-flex e-con-boxed e-con e-parent\" data-id=\"1b344742\" data-element_type=\"container\" data-e-type=\"container\">\n\t\t\t\t\t<div class=\"e-con-inner\">\n\t\t\t\t<div class=\"elementor-element elementor-element-65ea754c elementor-widget elementor-widget-text-editor\" data-id=\"65ea754c\" data-element_type=\"widget\" data-e-type=\"widget\" data-widget_type=\"text-editor.default\">\n\t\t\t\t\t\t\t\t\t<div><p><span lang=\"EN-GB\"><span style=\"color: #3366ff;\"><a style=\"color: #3366ff;\" href=\"https:\/\/snyk.io\" target=\"_blank\" rel=\"noopener\">Snyk<\/a><\/span> on juhtiv pilvep\u00f5histe rakenduste turvalahenduste pakkuja, mis aitab ettev\u00f5tetel tuvastada ja k\u00f5rvaldada oma tarkvara haavatavusi. Snyki tarkvara abil saate lihtsustada turvalisust ja tagada, et teie rakendused on algusest peale turvalised.<\/span><\/p><\/div><div><p><span lang=\"EN-GB\">Snyki tarkvarapakkumised h\u00f5lmavad avatud l\u00e4htekoodiga turvalisust, konteinerite turvalisust ja infrastruktuuri kui koodi turvalisust, mis teeb sellest olulise vahendi ettev\u00f5tetele, kes soovivad oma rakendusi ohtude eest kaitsta. Snykiga saate tuvastada haavatavused juba arendusringi alguses, v\u00e4hendades sellega rikkumisriski.<\/span><\/p><\/div><div><p><span lang=\"EN-GB\">Siin on kolm peamist kasu <span style=\"color: #3366ff;\"><a style=\"color: #3366ff;\" href=\"https:\/\/snyk.io\" target=\"_blank\" rel=\"noopener\">Snyk<\/a><\/span> tarkvaralahendused:<\/span><\/p><\/div><div><ol><li><span lang=\"EN-GB\">Integreeritud turvalisus: Snyk'i tarkvara integreerub teie olemasolevatesse arendusprotsessidesse, v\u00f5imaldades teil tuvastada ja k\u00f5rvaldada haavatavusi juba arendusprotsessi alguses. Snykiga saate tagada, et teie rakendused on algusest peale turvalised, ilma arendusprotsessi katkestamata. <\/span><\/li><li><span lang=\"EN-GB\">Automatiseeritud testimine: Snyk'i tarkvara automatiseerib turvatestimise, s\u00e4\u00e4stes teile aega ja ressursse. Automaatse testimise abil saate tuvastada haavatavused kiiresti ja t\u00f5husalt, v\u00e4hendades rikkumisriski.<\/span><\/li><li><span lang=\"EN-GB\">Kohandatavad lahendused: Snyk'i tarkvaralahendused on kohandatavad, mis v\u00f5imaldab teil kohandada oma turvameetmeid vastavalt teie unikaalsetele \u00e4rivajadustele. T\u00e4nu paindlikele kasutuselev\u00f5tuv\u00f5imalustele saate valida oma vajadustele k\u00f5ige paremini vastava lahenduse, olgu see siis kohapealne, pilvep\u00f5hine v\u00f5i h\u00fcbriidne.<\/span><\/li><\/ol><\/div>\t\t\t\t\t\t\t\t<\/div>\n\t\t\t\t\t<\/div>\n\t\t\t\t<\/div>\n\t\t\t\t<section class=\"elementor-section elementor-top-section elementor-element elementor-element-5c9a5040 elementor-section-boxed elementor-section-height-default elementor-section-height-default\" data-id=\"5c9a5040\" data-element_type=\"section\" data-e-type=\"section\">\n\t\t\t\t\t\t<div class=\"elementor-container elementor-column-gap-default\">\n\t\t\t\t\t<div class=\"elementor-column elementor-col-50 elementor-top-column elementor-element elementor-element-5fb7895d\" data-id=\"5fb7895d\" data-element_type=\"column\" data-e-type=\"column\">\n\t\t\t<div class=\"elementor-widget-wrap\">\n\t\t\t\t\t\t\t<\/div>\n\t\t<\/div>\n\t\t\t\t<div class=\"elementor-column elementor-col-50 elementor-top-column elementor-element elementor-element-17bbe592\" data-id=\"17bbe592\" data-element_type=\"column\" data-e-type=\"column\">\n\t\t\t<div class=\"elementor-widget-wrap elementor-element-populated\">\n\t\t\t\t\t\t<div class=\"elementor-element elementor-element-1d6e027d elementor-widget elementor-widget-image\" data-id=\"1d6e027d\" data-element_type=\"widget\" data-e-type=\"widget\" data-widget_type=\"image.default\">\n\t\t\t\t\t\t\t\t\t\t\t\t\t\t\t\t<a href=\"https:\/\/snyk.io\" target=\"_blank\" rel=\"noopener\">\n\t\t\t\t\t\t\t<img decoding=\"async\" width=\"300\" height=\"170\" src=\"https:\/\/mosaic.ee\/wp-content\/uploads\/2023\/07\/logo-vertical-black-300x170.png\" class=\"attachment-medium size-medium wp-image-362\" alt=\"\" srcset=\"https:\/\/mosaic.ee\/wp-content\/uploads\/2023\/07\/logo-vertical-black-300x170.png 300w, https:\/\/mosaic.ee\/wp-content\/uploads\/2023\/07\/logo-vertical-black.png 602w\" sizes=\"(max-width: 300px) 100vw, 300px\" \/>\t\t\t\t\t\t\t\t<\/a>\n\t\t\t\t\t\t\t\t\t\t\t\t\t\t\t<\/div>\n\t\t\t\t\t<\/div>\n\t\t<\/div>\n\t\t\t\t\t<\/div>\n\t\t<\/section>\n\t\t<div class=\"elementor-element elementor-element-53fce791 e-flex e-con-boxed e-con e-parent\" data-id=\"53fce791\" data-element_type=\"container\" data-e-type=\"container\">\n\t\t\t\t\t<div class=\"e-con-inner\">\n\t\t\t\t<div class=\"elementor-element elementor-element-763a2f70 elementor-widget elementor-widget-heading\" data-id=\"763a2f70\" data-element_type=\"widget\" data-e-type=\"widget\" data-widget_type=\"heading.default\">\n\t\t\t\t\t<h2 class=\"elementor-heading-title elementor-size-large\">Miks osta SNYKi Mosaicilt?<\/h2>\t\t\t\t<\/div>\n\t\t\t\t\t<\/div>\n\t\t\t\t<\/div>\n\t\t<div class=\"elementor-element elementor-element-50a845d7 e-flex e-con-boxed e-con e-parent\" data-id=\"50a845d7\" data-element_type=\"container\" data-e-type=\"container\">\n\t\t\t\t\t<div class=\"e-con-inner\">\n\t\t\t\t<div class=\"elementor-element elementor-element-2fdb4737 elementor-widget elementor-widget-text-editor\" data-id=\"2fdb4737\" data-element_type=\"widget\" data-e-type=\"widget\" data-widget_type=\"text-editor.default\">\n\t\t\t\t\t\t\t\t\t<div><p><span lang=\"EN-GB\">Mosaic on Snyk'i partner ja Snyk'i tarkvaralahenduste volitatud edasim\u00fc\u00fcja. Meie ekspertide meeskond aitab teil valida teie ettev\u00f5ttele sobivad Snyki t\u00f6\u00f6riistad, olenemata sellest, kas vajate avatud l\u00e4htekoodiga turvalisust, konteinerite turvalisust v\u00f5i infrastruktuuri kui koodi turvalahendusi.<\/span><\/p><\/div><div><p><span lang=\"EN-GB\">Snyk'i partnerina on meil juurdep\u00e4\u00e4s uusimatele toodetele ja teenustele, mis tagab teile k\u00f5ige ajakohasemad lahendused. Lisaks sellele v\u00f5imaldab meie tarkvaralitsentside alane p\u00e4devus pakkuda kohandatud lahendusi teie unikaalsetele \u00e4rivajadustele. Oleme uhked kiire hinnapakkumiste koostamise ja tarnimise teenuse \u00fcle, mis tagab, et saate vajalikud lahendused kiiresti kasutusele v\u00f5tta.<\/span><\/p><\/div><div><p><span lang=\"EN-GB\">Mosaic on p\u00fchendunud sellele, et pakkuda oma klientidele parimaid v\u00f5imalikke pakkumisi. Snyk'i volitatud edasim\u00fc\u00fcjana pakume konkurentsiv\u00f5imelist hinda k\u00f5ikidele Snyk'i toodetele ja teenustele. V\u00f5tke meiega juba t\u00e4na \u00fchendust, et saada rohkem teavet meie Snyki tarkvaralahenduste kohta ja selle kohta, kuidas me saame aidata teil lihtsustada turvalisust ja kaitsta teie rakendusi.<\/span><\/p><\/div>\t\t\t\t\t\t\t\t<\/div>\n\t\t\t\t\t<\/div>\n\t\t\t\t<\/div>\n\t\t\t\t<section class=\"elementor-section elementor-top-section elementor-element elementor-element-2add669a elementor-section-boxed elementor-section-height-default elementor-section-height-default\" data-id=\"2add669a\" data-element_type=\"section\" data-e-type=\"section\">\n\t\t\t\t\t\t<div class=\"elementor-container elementor-column-gap-default\">\n\t\t\t\t\t<div class=\"elementor-column elementor-col-50 elementor-top-column elementor-element elementor-element-1832141a\" data-id=\"1832141a\" data-element_type=\"column\" data-e-type=\"column\">\n\t\t\t<div class=\"elementor-widget-wrap\">\n\t\t\t\t\t\t\t<\/div>\n\t\t<\/div>\n\t\t\t\t<div class=\"elementor-column elementor-col-50 elementor-top-column elementor-element elementor-element-7605d72c\" data-id=\"7605d72c\" data-element_type=\"column\" data-e-type=\"column\">\n\t\t\t<div class=\"elementor-widget-wrap elementor-element-populated\">\n\t\t\t\t\t\t<div class=\"elementor-element elementor-element-7d1fe3d9 elementor-widget elementor-widget-image\" data-id=\"7d1fe3d9\" data-element_type=\"widget\" data-e-type=\"widget\" data-widget_type=\"image.default\">\n\t\t\t\t\t\t\t\t\t\t\t\t\t\t\t\t<a href=\"https:\/\/snyk.io\" target=\"_blank\" rel=\"noopener\">\n\t\t\t\t\t\t\t<img decoding=\"async\" width=\"602\" height=\"342\" src=\"https:\/\/mosaic.ee\/wp-content\/uploads\/2023\/07\/logo-vertical-black.png\" class=\"attachment-large size-large wp-image-362\" alt=\"\" srcset=\"https:\/\/mosaic.ee\/wp-content\/uploads\/2023\/07\/logo-vertical-black.png 602w, https:\/\/mosaic.ee\/wp-content\/uploads\/2023\/07\/logo-vertical-black-300x170.png 300w\" sizes=\"(max-width: 602px) 100vw, 602px\" \/>\t\t\t\t\t\t\t\t<\/a>\n\t\t\t\t\t\t\t\t\t\t\t\t\t\t\t<\/div>\n\t\t\t\t\t<\/div>\n\t\t<\/div>\n\t\t\t\t\t<\/div>\n\t\t<\/section>\n\t\t\t\t<\/div>","protected":false},"excerpt":{"rendered":"<p>Simplify Your Security with Snyk Software from Mosaic Why SNYK Software? Snyk is a leading provider of cloud-native application security solutions that help businesses identify and remediate vulnerabilities in their software. With Snyk software, you can simplify your security and ensure that your applications are secure from the start. Snyk&#8217;s software offerings include open source [&hellip;]<\/p>\n","protected":false},"author":1,"featured_media":0,"parent":0,"menu_order":0,"comment_status":"closed","ping_status":"closed","template":"","meta":{"content-type":"","footnotes":""},"class_list":["post-1140","page","type-page","status-publish","hentry"],"_links":{"self":[{"href":"https:\/\/mosaic.ee\/et\/wp-json\/wp\/v2\/pages\/1140","targetHints":{"allow":["GET"]}}],"collection":[{"href":"https:\/\/mosaic.ee\/et\/wp-json\/wp\/v2\/pages"}],"about":[{"href":"https:\/\/mosaic.ee\/et\/wp-json\/wp\/v2\/types\/page"}],"author":[{"embeddable":true,"href":"https:\/\/mosaic.ee\/et\/wp-json\/wp\/v2\/users\/1"}],"replies":[{"embeddable":true,"href":"https:\/\/mosaic.ee\/et\/wp-json\/wp\/v2\/comments?post=1140"}],"version-history":[{"count":7,"href":"https:\/\/mosaic.ee\/et\/wp-json\/wp\/v2\/pages\/1140\/revisions"}],"predecessor-version":[{"id":1651,"href":"https:\/\/mosaic.ee\/et\/wp-json\/wp\/v2\/pages\/1140\/revisions\/1651"}],"wp:attachment":[{"href":"https:\/\/mosaic.ee\/et\/wp-json\/wp\/v2\/media?parent=1140"}],"curies":[{"name":"wp","href":"https:\/\/api.w.org\/{rel}","templated":true}]}}